{"id":5801,"date":"2022-05-25T20:36:58","date_gmt":"2022-05-25T18:36:58","guid":{"rendered":"https:\/\/koningdrone.nl\/kon\/product\/dji-ronin-4d-handgrip-combo\/"},"modified":"2026-04-29T04:00:33","modified_gmt":"2026-04-29T02:00:33","slug":"dji-ronin-4d-handgrip-combo","status":"publish","type":"product","link":"https:\/\/koningdrone.be\/de\/produkt\/dji-ronin-4d-handgrip-combo\/","title":{"rendered":"DJI Ronin 4D Handgriffe Combo - Refurbished"},"content":{"rendered":"<h4>Vereinfachte Produkt\u00fcbersicht<\/h4>\n<p>Dieses unverzichtbare Zubeh\u00f6rteil l\u00e4sst sich nahtlos an einer der beiden Seiten der Ronin 4D-Kamera oder des High-Bright-Monitors anbringen und bietet dem Benutzer Fernsteuerungsfunktionen. Es bietet die M\u00f6glichkeit, den Fokus anzupassen, die Stabilisierung des Gimbals pr\u00e4zise zu steuern und Aufnahmefunktionen und andere Kameraeinstellungen fernzusteuern. Diese Funktion ist besonders wertvoll f\u00fcr Film- und Videoproduktionsteams, die die Flexibilit\u00e4t der Fernsteuerung ben\u00f6tigen.<\/p>\n<h4>Produktbeschreibung in Expertenqualit\u00e4t<\/h4>\n<p>Dieses Zubeh\u00f6rteil wurde sorgf\u00e4ltig entwickelt und ist so konzipiert, dass es sich problemlos mit dem Ronin 4D-Kernger\u00e4t oder dem High-Bright Remote Monitor kombinieren l\u00e4sst und den Benutzern wichtige Fernsteuerungsfunktionen bietet. Es wurde entwickelt, um professionelle Produktionsumgebungen zu erleichtern, und bietet Fotoregisseuren und Kameraleuten eine unvergleichliche Kontrolle \u00fcber Fokusanpassungen, Gimbal-Stabilisierung, Aufnahmevorg\u00e4nge und eine breite Palette von Kameraeinstellungen. Dieses Ger\u00e4t spielt eine wichtige Rolle bei der Verbesserung der Workflow-Effizienz und der kreativen Kontrolle f\u00fcr professionelle Film- und Fernsehteams.<\/p>\n<h4>\u00dcber \u00fcberholte Produkte<\/h4>\n<p><em><strong>Dieses Produkt wurde benutzt, ist aber in sehr gutem\/neuwertigem Zustand. Es wurde innerhalb von 14 Tagen zur\u00fcckgeschickt und oft nur kurz benutzt. Der Gesamtzustand ist fast wie neu.<\/strong><\/em><\/p>","protected":false},"excerpt":{"rendered":"<ul>\n<li>Wird an der linken und rechten Seite des Ronin 4D befestigt<\/li>\n<li>Kompatibel mit sehr hellen externen Monitoren<\/li>\n<li>Erm\u00f6glicht die Fernsteuerung des Fokus<\/li>\n<li>Erm\u00f6glicht hochpr\u00e4zise kardanische Steuerung<\/li>\n<li>Unterst\u00fctzt Fernstart und -stopp der Aufzeichnung<\/li>\n<li>Erm\u00f6glicht die Einstellung der Kameraparameter<\/li>\n<li>Entwickelt f\u00fcr die Bed\u00fcrfnisse professioneller Crews<\/li>\n<\/ul>","protected":false},"featured_media":5798,"template":"","meta":{"_acf_changed":false},"product_brand":[],"product_cat":[315,410,97,532,139],"product_tag":[],"class_list":{"0":"post-5801","1":"product","2":"type-product","3":"status-publish","4":"has-post-thumbnail","6":"product_cat-alle-gimbals-en-cameras","7":"product_cat-alle-handheld-gimbals","8":"product_cat-alle-producten","9":"product_cat-dji-ronin-4d","10":"product_cat-refurbished","11":"product_shipping_class-acsystemsall","12":"pa_brand-dji","13":"pa_productfamily-gimbal-accessoires","14":"pa_producttype-gimbal-accessoires","15":"pa_series-ronin-4d","17":"first","18":"instock","19":"taxable","20":"shipping-taxable","21":"purchasable","22":"product-type-simple"},"acf":[],"yoast_head":"<!-- This site is optimized with the Yoast SEO Premium plugin v27.2 (Yoast SEO v27.2) - https:\/\/yoast.com\/product\/yoast-seo-premium-wordpress\/ -->\n<title>DJI Ronin 4D Hand Grips Combo - Refurbished - koningdrone.be<\/title>\n<meta name=\"robots\" content=\"index, follow, max-snippet:-1, max-image-preview:large, max-video-preview:-1\" \/>\n<link rel=\"canonical\" href=\"https:\/\/koningdrone.be\/de\/produkt\/dji-ronin-4d-handgrip-combo\/\" \/>\n<meta property=\"og:locale\" content=\"de_DE\" \/>\n<meta property=\"og:type\" content=\"article\" \/>\n<meta property=\"og:title\" content=\"DJI Ronin 4D Hand Grips Combo - Refurbished\" \/>\n<meta property=\"og:description\" content=\"Wordt gemonteerd op de linker- en rechterkant van de Ronin 4D  Compatibel met zeer heldere externe monitor  Maakt afstandsbediening van de scherpstelling mogelijk  Vergemakkelijkt uiterst nauwkeurige gimbalbediening  Ondersteunt het op afstand starten en stoppen van de opname  Maakt aanpassing van cameraparameters mogelijk  Ontworpen om te voldoen aan de behoeften van professionele bemanningen\" \/>\n<meta property=\"og:url\" content=\"https:\/\/koningdrone.be\/de\/produkt\/dji-ronin-4d-handgrip-combo\/\" \/>\n<meta property=\"og:site_name\" content=\"koningdrone.be\" \/>\n<meta property=\"article:modified_time\" content=\"2026-04-29T02:00:33+00:00\" \/>\n<meta property=\"og:image\" content=\"https:\/\/koningdrone.be\/wp-content\/uploads\/sites\/13\/2025\/04\/dbedd01bebbb5c1c24f9c034e068697a@large.jpg\" \/>\n\t<meta property=\"og:image:width\" content=\"1200\" \/>\n\t<meta property=\"og:image:height\" content=\"800\" \/>\n\t<meta property=\"og:image:type\" content=\"image\/jpeg\" \/>\n<meta name=\"twitter:card\" content=\"summary_large_image\" \/>\n<meta name=\"twitter:label1\" content=\"Gesch\u00e4tzte Lesezeit\" \/>\n\t<meta name=\"twitter:data1\" content=\"1\u00a0Minute\" \/>\n<script type=\"application\/ld+json\" class=\"yoast-schema-graph\">{\"@context\":\"https:\/\/schema.org\",\"@graph\":[{\"@type\":\"WebPage\",\"@id\":\"https:\/\/koningdrone.be\/product\/dji-ronin-4d-handgrip-combo\/\",\"url\":\"https:\/\/koningdrone.be\/product\/dji-ronin-4d-handgrip-combo\/\",\"name\":\"DJI Ronin 4D Hand Grips Combo - Refurbished - koningdrone.be\",\"isPartOf\":{\"@id\":\"https:\/\/koningdrone.be\/#website\"},\"primaryImageOfPage\":{\"@id\":\"https:\/\/koningdrone.be\/product\/dji-ronin-4d-handgrip-combo\/#primaryimage\"},\"image\":{\"@id\":\"https:\/\/koningdrone.be\/product\/dji-ronin-4d-handgrip-combo\/#primaryimage\"},\"thumbnailUrl\":\"https:\/\/koningdrone.be\/wp-content\/uploads\/sites\/13\/2025\/04\/dbedd01bebbb5c1c24f9c034e068697a@large.jpg\",\"datePublished\":\"2022-05-25T18:36:58+00:00\",\"dateModified\":\"2026-04-29T02:00:33+00:00\",\"breadcrumb\":{\"@id\":\"https:\/\/koningdrone.be\/product\/dji-ronin-4d-handgrip-combo\/#breadcrumb\"},\"inLanguage\":\"de\",\"potentialAction\":[{\"@type\":\"ReadAction\",\"target\":[\"https:\/\/koningdrone.be\/product\/dji-ronin-4d-handgrip-combo\/\"]}]},{\"@type\":\"ImageObject\",\"inLanguage\":\"de\",\"@id\":\"https:\/\/koningdrone.be\/product\/dji-ronin-4d-handgrip-combo\/#primaryimage\",\"url\":\"https:\/\/koningdrone.be\/wp-content\/uploads\/sites\/13\/2025\/04\/dbedd01bebbb5c1c24f9c034e068697a@large.jpg\",\"contentUrl\":\"https:\/\/koningdrone.be\/wp-content\/uploads\/sites\/13\/2025\/04\/dbedd01bebbb5c1c24f9c034e068697a@large.jpg\",\"width\":1200,\"height\":800},{\"@type\":\"BreadcrumbList\",\"@id\":\"https:\/\/koningdrone.be\/product\/dji-ronin-4d-handgrip-combo\/#breadcrumb\",\"itemListElement\":[{\"@type\":\"ListItem\",\"position\":1,\"name\":\"Home\",\"item\":\"https:\/\/koningdrone.be\/\"},{\"@type\":\"ListItem\",\"position\":2,\"name\":\"AVSS Parachute Recovery System for DJI Matrice 300\/350\",\"item\":\"https:\/\/koningdrone.be\/product\/avss-parachute-recovery-system-for-dji-matrice-300-350\/\"},{\"@type\":\"ListItem\",\"position\":3,\"name\":\"Alle gimbals en cameras\",\"item\":\"https:\/\/koningdrone.be\/categorie\/alle-gimbals-en-cameras\/\"},{\"@type\":\"ListItem\",\"position\":4,\"name\":\"DJI Ronin 4D Hand Grips Combo &#8211; Refurbished\"}]},{\"@type\":\"WebSite\",\"@id\":\"https:\/\/koningdrone.be\/#website\",\"url\":\"https:\/\/koningdrone.be\/\",\"name\":\"Koningdrone.be - Uw online specialist in drones, gimbals, camera's en power stations.\",\"description\":\"De webshop in drones en gimbals\",\"publisher\":{\"@id\":\"https:\/\/koningdrone.be\/#organization\"},\"potentialAction\":[{\"@type\":\"SearchAction\",\"target\":{\"@type\":\"EntryPoint\",\"urlTemplate\":\"https:\/\/koningdrone.be\/?s={search_term_string}\"},\"query-input\":{\"@type\":\"PropertyValueSpecification\",\"valueRequired\":true,\"valueName\":\"search_term_string\"}}],\"inLanguage\":\"de\"},{\"@type\":\"Organization\",\"@id\":\"https:\/\/koningdrone.be\/#organization\",\"name\":\"Koningdrone.be\",\"url\":\"https:\/\/koningdrone.be\/\",\"logo\":{\"@type\":\"ImageObject\",\"inLanguage\":\"de\",\"@id\":\"https:\/\/koningdrone.be\/#\/schema\/logo\/image\/\",\"url\":\"https:\/\/koningdrone.be\/wp-content\/uploads\/sites\/13\/2025\/04\/koningdrone-copyright-logo.svg\",\"contentUrl\":\"https:\/\/koningdrone.be\/wp-content\/uploads\/sites\/13\/2025\/04\/koningdrone-copyright-logo.svg\",\"width\":227,\"height\":38,\"caption\":\"Koningdrone.be\"},\"image\":{\"@id\":\"https:\/\/koningdrone.be\/#\/schema\/logo\/image\/\"}}]}<\/script>\n<!-- \/ Yoast SEO Premium plugin. -->","yoast_head_json":{"title":"DJI Ronin 4D Hand Grips Combo - Refurbished - koningdrone.be","robots":{"index":"index","follow":"follow","max-snippet":"max-snippet:-1","max-image-preview":"max-image-preview:large","max-video-preview":"max-video-preview:-1"},"canonical":"https:\/\/koningdrone.be\/de\/produkt\/dji-ronin-4d-handgrip-combo\/","og_locale":"de_DE","og_type":"article","og_title":"DJI Ronin 4D Hand Grips Combo - Refurbished","og_description":"Wordt gemonteerd op de linker- en rechterkant van de Ronin 4D  Compatibel met zeer heldere externe monitor  Maakt afstandsbediening van de scherpstelling mogelijk  Vergemakkelijkt uiterst nauwkeurige gimbalbediening  Ondersteunt het op afstand starten en stoppen van de opname  Maakt aanpassing van cameraparameters mogelijk  Ontworpen om te voldoen aan de behoeften van professionele bemanningen","og_url":"https:\/\/koningdrone.be\/de\/produkt\/dji-ronin-4d-handgrip-combo\/","og_site_name":"koningdrone.be","article_modified_time":"2026-04-29T02:00:33+00:00","og_image":[{"width":1200,"height":800,"url":"https:\/\/koningdrone.be\/wp-content\/uploads\/sites\/13\/2025\/04\/dbedd01bebbb5c1c24f9c034e068697a@large.jpg","type":"image\/jpeg"}],"twitter_card":"summary_large_image","twitter_misc":{"Gesch\u00e4tzte Lesezeit":"1\u00a0Minute"},"schema":{"@context":"https:\/\/schema.org","@graph":[{"@type":"WebPage","@id":"https:\/\/koningdrone.be\/product\/dji-ronin-4d-handgrip-combo\/","url":"https:\/\/koningdrone.be\/product\/dji-ronin-4d-handgrip-combo\/","name":"DJI Ronin 4D Hand Grips Combo - Refurbished - koningdrone.be","isPartOf":{"@id":"https:\/\/koningdrone.be\/#website"},"primaryImageOfPage":{"@id":"https:\/\/koningdrone.be\/product\/dji-ronin-4d-handgrip-combo\/#primaryimage"},"image":{"@id":"https:\/\/koningdrone.be\/product\/dji-ronin-4d-handgrip-combo\/#primaryimage"},"thumbnailUrl":"https:\/\/koningdrone.be\/wp-content\/uploads\/sites\/13\/2025\/04\/dbedd01bebbb5c1c24f9c034e068697a@large.jpg","datePublished":"2022-05-25T18:36:58+00:00","dateModified":"2026-04-29T02:00:33+00:00","breadcrumb":{"@id":"https:\/\/koningdrone.be\/product\/dji-ronin-4d-handgrip-combo\/#breadcrumb"},"inLanguage":"de","potentialAction":[{"@type":"ReadAction","target":["https:\/\/koningdrone.be\/product\/dji-ronin-4d-handgrip-combo\/"]}]},{"@type":"ImageObject","inLanguage":"de","@id":"https:\/\/koningdrone.be\/product\/dji-ronin-4d-handgrip-combo\/#primaryimage","url":"https:\/\/koningdrone.be\/wp-content\/uploads\/sites\/13\/2025\/04\/dbedd01bebbb5c1c24f9c034e068697a@large.jpg","contentUrl":"https:\/\/koningdrone.be\/wp-content\/uploads\/sites\/13\/2025\/04\/dbedd01bebbb5c1c24f9c034e068697a@large.jpg","width":1200,"height":800},{"@type":"BreadcrumbList","@id":"https:\/\/koningdrone.be\/product\/dji-ronin-4d-handgrip-combo\/#breadcrumb","itemListElement":[{"@type":"ListItem","position":1,"name":"Home","item":"https:\/\/koningdrone.be\/"},{"@type":"ListItem","position":2,"name":"AVSS Parachute Recovery System for DJI Matrice 300\/350","item":"https:\/\/koningdrone.be\/product\/avss-parachute-recovery-system-for-dji-matrice-300-350\/"},{"@type":"ListItem","position":3,"name":"Alle gimbals en cameras","item":"https:\/\/koningdrone.be\/categorie\/alle-gimbals-en-cameras\/"},{"@type":"ListItem","position":4,"name":"DJI Ronin 4D Hand Grips Combo &#8211; Refurbished"}]},{"@type":"WebSite","@id":"https:\/\/koningdrone.be\/#website","url":"https:\/\/koningdrone.be\/","name":"Koningdrone.be - Ihr Online-Spezialist f\u00fcr Drohnen, Gimbals, Kameras und Kraftwerke.","description":"Der Webshop f\u00fcr Drohnen und Gimbals","publisher":{"@id":"https:\/\/koningdrone.be\/#organization"},"potentialAction":[{"@type":"SearchAction","target":{"@type":"EntryPoint","urlTemplate":"https:\/\/koningdrone.be\/?s={search_term_string}"},"query-input":{"@type":"PropertyValueSpecification","valueRequired":true,"valueName":"search_term_string"}}],"inLanguage":"de"},{"@type":"Organization","@id":"https:\/\/koningdrone.be\/#organization","name":"Kingdrone.de","url":"https:\/\/koningdrone.be\/","logo":{"@type":"ImageObject","inLanguage":"de","@id":"https:\/\/koningdrone.be\/#\/schema\/logo\/image\/","url":"https:\/\/koningdrone.be\/wp-content\/uploads\/sites\/13\/2025\/04\/koningdrone-copyright-logo.svg","contentUrl":"https:\/\/koningdrone.be\/wp-content\/uploads\/sites\/13\/2025\/04\/koningdrone-copyright-logo.svg","width":227,"height":38,"caption":"Koningdrone.be"},"image":{"@id":"https:\/\/koningdrone.be\/#\/schema\/logo\/image\/"}}]}},"df_price":560,"df_sale_price":"","df_regular_price":560,"df_image_link":"https:\/\/koningdrone.be\/wp-content\/uploads\/sites\/13\/2025\/04\/dbedd01bebbb5c1c24f9c034e068697a@large-300x200.jpg","_links":{"self":[{"href":"https:\/\/koningdrone.be\/de\/wp-json\/wp\/v2\/product\/5801","targetHints":{"allow":["GET"]}}],"collection":[{"href":"https:\/\/koningdrone.be\/de\/wp-json\/wp\/v2\/product"}],"about":[{"href":"https:\/\/koningdrone.be\/de\/wp-json\/wp\/v2\/types\/product"}],"wp:featuredmedia":[{"embeddable":true,"href":"https:\/\/koningdrone.be\/de\/wp-json\/wp\/v2\/media\/5798"}],"wp:attachment":[{"href":"https:\/\/koningdrone.be\/de\/wp-json\/wp\/v2\/media?parent=5801"}],"wp:term":[{"taxonomy":"product_brand","embeddable":true,"href":"https:\/\/koningdrone.be\/de\/wp-json\/wp\/v2\/product_brand?post=5801"},{"taxonomy":"product_cat","embeddable":true,"href":"https:\/\/koningdrone.be\/de\/wp-json\/wp\/v2\/product_cat?post=5801"},{"taxonomy":"product_tag","embeddable":true,"href":"https:\/\/koningdrone.be\/de\/wp-json\/wp\/v2\/product_tag?post=5801"}],"curies":[{"name":"wp","href":"https:\/\/api.w.org\/{rel}","templated":true}]}}