{"id":5735,"date":"2022-05-25T20:37:28","date_gmt":"2022-05-25T18:37:28","guid":{"rendered":"https:\/\/koningdrone.nl\/kon\/product\/dji-care-refresh-2-years-for-mavic-3\/"},"modified":"2026-04-29T07:41:09","modified_gmt":"2026-04-29T05:41:09","slug":"dji-care-refresh-2-years-for-mavic-3","status":"publish","type":"product","link":"https:\/\/koningdrone.be\/de\/produkt\/dji-care-refresh-2-years-for-mavic-3\/","title":{"rendered":"DJI Care Refresh 2 Jahre f\u00fcr Mavic 3"},"content":{"rendered":"<h1>   DJI Care Refresh 2 Jahre f\u00fcr Mavic 3 <\/h1>\n<p>Gegen einen geringen Aufpreis bietet DJI Care Refresh (2-Jahres-Vertrag) drei Ersatzger\u00e4te innerhalb von 24 Monaten und Schutz gegen Unf\u00e4lle, Wassersch\u00e4den, Flugunf\u00e4lle, nat\u00fcrliche Abnutzung und andere zuf\u00e4llige Sch\u00e4den. Zu den weiteren exklusiven Leistungen geh\u00f6ren kostenloser Hin- und R\u00fcckversand, exklusiver technischer Service und mehr.<br \/>DJI Care Refresh ist ein umfassendes Schutzpaket, das einen erschwinglichen Ersatzservice und Schutz bei Unfallsch\u00e4den bietet. Genie\u00dfen Sie Ihr DJI-Produkt mit Seelenfrieden, wohin Sie auch gehen.<br \/>Drei Schnellwechselvorrichtungen<br \/>DJI Care Refresh (2-Jahres-Plan) umfasst bis zu 3 Ersatzger\u00e4te innerhalb von 24 Monaten, darunter zwei fl\u00fcchtige Vorf\u00e4lle. Die Ersatzger\u00e4te sind fabrikneu oder brandneue Produkte in Bezug auf Leistung und Zuverl\u00e4ssigkeit. Die erste Ersatzeinheit f\u00fcr DJI Care Refresh f\u00fcr DJI Mavic 3 kostet 159 \u20ac, die zweite 199 \u20ac und die dritte 219 \u20ac. Wenn der Flugschutz in Anspruch genommen wird, betragen die Kosten 699 \u20ac.<br \/>Fliegender Schutz<br \/>Der DJI Care Refresh Flyaway-Schutz deckt Situationen ab, in denen Ger\u00e4te im Flug verloren gehen.<br \/>*Um den Wegfliegen-Schutz in Anspruch nehmen zu k\u00f6nnen, m\u00fcssen Sie Ihr DJI-Konto und Ihre Fernsteuerung \u00fcber die DJI Fly-App mit der Drohne gekoppelt haben. Der Flyaway-Schutz kann nur in Anspruch genommen werden, wenn das Pairing vor dem Flyaway-Vorfall abgeschlossen wurde.<br \/>Umfassende Abdeckung<br \/>Unfallsch\u00e4den, einschlie\u00dflich Kollisionen, Wassersch\u00e4den usw., sind durch den Austauschservice abgedeckt. Das Ersatzger\u00e4t ist ein komplett neues oder neuwertiges Ger\u00e4t.<br \/>Wertvolle Zeit sparen<br \/>Die neue Express-Option erm\u00f6glicht es Kunden, den Prozess der Schadensbeurteilung komplett zu \u00fcberspringen. Ein DJI-Servicezentrum schickt sofort nach Erhalt der besch\u00e4digten Drohne ein Ersatzger\u00e4t.<br \/>Professionelles Wartungsprogramm<br \/>DJI Service Centres bieten ein professionelles Wartungsprogramm an, das Inspektionen, Updates, Reinigung und den Austausch von leicht abgenutzten Teilen beinhaltet. Der DJI Care Refresh 2-Jahres-Plan bietet bis zu 2 Werkswartungen innerhalb von 2 Jahren.<br \/>Exklusive Reparaturrabatte<br \/>Reparaturkosten sind kein Thema, auch wenn ein Unfall durch das Schutzpaket abgedeckt ist. DJI Care Refresh bietet exklusive Rabatte f\u00fcr hochwertigen Reparaturservice. DJI Care Refresh 2-Jahres-Vertrag bietet 3 Rabatte f\u00fcr Reparaturservice innerhalb von 24 Monaten.<br \/>Bonus f\u00fcr sicheres Fliegen<br \/>Wenn Sie w\u00e4hrend des Servicezeitraums keine Ersatz- oder Reparaturleistungen in Anspruch genommen haben, erhalten Sie von DJI eine einj\u00e4hrige Garantieverl\u00e4ngerung als Bonus.<br \/>Kostenloser Versand<br \/>DJI \u00fcbernimmt die Versandkosten, wenn das Produkt zum Austausch eingeschickt wird.<br \/>Exklusive Dienstleistung<br \/>DJI Care bietet exklusive Servicekan\u00e4le f\u00fcr den technischen Support, einschlie\u00dflich Online-Chat und Telefon-Hotline. Anfragen werden f\u00fcr einen schnellen Austausch an die Servicekan\u00e4le von DJI Care weitergeleitet.<br \/>*Weitere Informationen zum DJI Care Refresh Service finden Sie auf der offiziellen DJI-Website unter Support.<br \/>Tipps:<br \/>1. DJI Care Refresh kann unter den folgenden Kriterien mit einem DJI-Produkt verkn\u00fcpft werden:<br \/>- Neue und inaktive Produkte<br \/>- Flugzeug- oder Kardanaussetzungen, die vor weniger als 48 Stunden aktiviert wurden.<br \/>2. DJI Care Refresh ist nur in der Region erlaubt, in der das Produkt gekauft wurde. Um sicherzustellen, dass Sie den Service normal nutzen k\u00f6nnen, m\u00fcssen DJI Care Refresh und das zugeh\u00f6rige Produkt im gleichen Land oder in der gleichen Region gekauft worden sein.<\/p>","protected":false},"excerpt":{"rendered":"<ul>\n<li>cheur-Versicherung. G\u00fcltigkeit von 2 Jahren.<\/li>\n<li>Kompatibel mit DJI Mavic 3 Standard.<\/li>\n<\/ul>","protected":false},"featured_media":5734,"template":"","meta":{"_acf_changed":false},"product_brand":[],"product_cat":[175,97,871,137],"product_tag":[],"class_list":{"0":"post-5735","1":"product","2":"type-product","3":"status-publish","4":"has-post-thumbnail","6":"product_cat-alle-care-refresh","7":"product_cat-alle-producten","8":"product_cat-dji-mavic","9":"product_cat-dji-mavic-3","10":"product_shipping_class-outofstock","11":"pa_brand-dji","12":"pa_productfamily-care-refresh","13":"pa_producttype-care-refresh","14":"pa_series-mavic-3","16":"first","17":"outofstock","18":"taxable","19":"shipping-taxable","20":"product-type-simple"},"acf":[],"yoast_head":"<!-- This site is optimized with the Yoast SEO Premium plugin v27.2 (Yoast SEO v27.2) - https:\/\/yoast.com\/product\/yoast-seo-premium-wordpress\/ -->\n<title>DJI Care Refresh 2 Years for Mavic 3 - koningdrone.be<\/title>\n<meta name=\"robots\" content=\"index, follow, max-snippet:-1, max-image-preview:large, max-video-preview:-1\" \/>\n<link rel=\"canonical\" href=\"https:\/\/koningdrone.be\/de\/produkt\/dji-care-refresh-2-years-for-mavic-3\/\" \/>\n<meta property=\"og:locale\" content=\"de_DE\" \/>\n<meta property=\"og:type\" content=\"article\" \/>\n<meta property=\"og:title\" content=\"DJI Care Refresh 2 Years for Mavic 3\" \/>\n<meta property=\"og:description\" content=\"cheurverzekering. Geldigheid van 2 jaar.ompatibel met DJI Mavic 3 Standard.\" \/>\n<meta property=\"og:url\" content=\"https:\/\/koningdrone.be\/de\/produkt\/dji-care-refresh-2-years-for-mavic-3\/\" \/>\n<meta property=\"og:site_name\" content=\"koningdrone.be\" \/>\n<meta property=\"article:modified_time\" content=\"2026-04-29T05:41:09+00:00\" \/>\n<meta property=\"og:image\" content=\"https:\/\/koningdrone.be\/wp-content\/uploads\/sites\/13\/2025\/04\/6941565921215-1.jpg\" \/>\n\t<meta property=\"og:image:width\" content=\"600\" \/>\n\t<meta property=\"og:image:height\" content=\"600\" \/>\n\t<meta property=\"og:image:type\" content=\"image\/jpeg\" \/>\n<meta name=\"twitter:card\" content=\"summary_large_image\" \/>\n<meta name=\"twitter:label1\" content=\"Gesch\u00e4tzte Lesezeit\" \/>\n\t<meta name=\"twitter:data1\" content=\"2\u00a0Minuten\" \/>\n<script type=\"application\/ld+json\" class=\"yoast-schema-graph\">{\"@context\":\"https:\/\/schema.org\",\"@graph\":[{\"@type\":\"WebPage\",\"@id\":\"https:\/\/koningdrone.be\/product\/dji-care-refresh-2-years-for-mavic-3\/\",\"url\":\"https:\/\/koningdrone.be\/product\/dji-care-refresh-2-years-for-mavic-3\/\",\"name\":\"DJI Care Refresh 2 Years for Mavic 3 - koningdrone.be\",\"isPartOf\":{\"@id\":\"https:\/\/koningdrone.be\/#website\"},\"primaryImageOfPage\":{\"@id\":\"https:\/\/koningdrone.be\/product\/dji-care-refresh-2-years-for-mavic-3\/#primaryimage\"},\"image\":{\"@id\":\"https:\/\/koningdrone.be\/product\/dji-care-refresh-2-years-for-mavic-3\/#primaryimage\"},\"thumbnailUrl\":\"https:\/\/koningdrone.be\/wp-content\/uploads\/sites\/13\/2025\/04\/6941565921215-1.jpg\",\"datePublished\":\"2022-05-25T18:37:28+00:00\",\"dateModified\":\"2026-04-29T05:41:09+00:00\",\"breadcrumb\":{\"@id\":\"https:\/\/koningdrone.be\/product\/dji-care-refresh-2-years-for-mavic-3\/#breadcrumb\"},\"inLanguage\":\"de\",\"potentialAction\":[{\"@type\":\"ReadAction\",\"target\":[\"https:\/\/koningdrone.be\/product\/dji-care-refresh-2-years-for-mavic-3\/\"]}]},{\"@type\":\"ImageObject\",\"inLanguage\":\"de\",\"@id\":\"https:\/\/koningdrone.be\/product\/dji-care-refresh-2-years-for-mavic-3\/#primaryimage\",\"url\":\"https:\/\/koningdrone.be\/wp-content\/uploads\/sites\/13\/2025\/04\/6941565921215-1.jpg\",\"contentUrl\":\"https:\/\/koningdrone.be\/wp-content\/uploads\/sites\/13\/2025\/04\/6941565921215-1.jpg\",\"width\":600,\"height\":600},{\"@type\":\"BreadcrumbList\",\"@id\":\"https:\/\/koningdrone.be\/product\/dji-care-refresh-2-years-for-mavic-3\/#breadcrumb\",\"itemListElement\":[{\"@type\":\"ListItem\",\"position\":1,\"name\":\"Home\",\"item\":\"https:\/\/koningdrone.be\/\"},{\"@type\":\"ListItem\",\"position\":2,\"name\":\"AVSS Parachute Recovery System for DJI Matrice 300\/350\",\"item\":\"https:\/\/koningdrone.be\/product\/avss-parachute-recovery-system-for-dji-matrice-300-350\/\"},{\"@type\":\"ListItem\",\"position\":3,\"name\":\"Alle care refresh\",\"item\":\"https:\/\/koningdrone.be\/categorie\/alle-care-refresh\/\"},{\"@type\":\"ListItem\",\"position\":4,\"name\":\"DJI Care Refresh 2 Years for Mavic 3\"}]},{\"@type\":\"WebSite\",\"@id\":\"https:\/\/koningdrone.be\/#website\",\"url\":\"https:\/\/koningdrone.be\/\",\"name\":\"Koningdrone.be - Uw online specialist in drones, gimbals, camera's en power stations.\",\"description\":\"De webshop in drones en gimbals\",\"publisher\":{\"@id\":\"https:\/\/koningdrone.be\/#organization\"},\"potentialAction\":[{\"@type\":\"SearchAction\",\"target\":{\"@type\":\"EntryPoint\",\"urlTemplate\":\"https:\/\/koningdrone.be\/?s={search_term_string}\"},\"query-input\":{\"@type\":\"PropertyValueSpecification\",\"valueRequired\":true,\"valueName\":\"search_term_string\"}}],\"inLanguage\":\"de\"},{\"@type\":\"Organization\",\"@id\":\"https:\/\/koningdrone.be\/#organization\",\"name\":\"Koningdrone.be\",\"url\":\"https:\/\/koningdrone.be\/\",\"logo\":{\"@type\":\"ImageObject\",\"inLanguage\":\"de\",\"@id\":\"https:\/\/koningdrone.be\/#\/schema\/logo\/image\/\",\"url\":\"https:\/\/koningdrone.be\/wp-content\/uploads\/sites\/13\/2025\/04\/koningdrone-copyright-logo.svg\",\"contentUrl\":\"https:\/\/koningdrone.be\/wp-content\/uploads\/sites\/13\/2025\/04\/koningdrone-copyright-logo.svg\",\"width\":227,\"height\":38,\"caption\":\"Koningdrone.be\"},\"image\":{\"@id\":\"https:\/\/koningdrone.be\/#\/schema\/logo\/image\/\"}}]}<\/script>\n<!-- \/ Yoast SEO Premium plugin. -->","yoast_head_json":{"title":"DJI Care Refresh 2 Years for Mavic 3 - koningdrone.be","robots":{"index":"index","follow":"follow","max-snippet":"max-snippet:-1","max-image-preview":"max-image-preview:large","max-video-preview":"max-video-preview:-1"},"canonical":"https:\/\/koningdrone.be\/de\/produkt\/dji-care-refresh-2-years-for-mavic-3\/","og_locale":"de_DE","og_type":"article","og_title":"DJI Care Refresh 2 Years for Mavic 3","og_description":"cheurverzekering. Geldigheid van 2 jaar.ompatibel met DJI Mavic 3 Standard.","og_url":"https:\/\/koningdrone.be\/de\/produkt\/dji-care-refresh-2-years-for-mavic-3\/","og_site_name":"koningdrone.be","article_modified_time":"2026-04-29T05:41:09+00:00","og_image":[{"width":600,"height":600,"url":"https:\/\/koningdrone.be\/wp-content\/uploads\/sites\/13\/2025\/04\/6941565921215-1.jpg","type":"image\/jpeg"}],"twitter_card":"summary_large_image","twitter_misc":{"Gesch\u00e4tzte Lesezeit":"2\u00a0Minuten"},"schema":{"@context":"https:\/\/schema.org","@graph":[{"@type":"WebPage","@id":"https:\/\/koningdrone.be\/product\/dji-care-refresh-2-years-for-mavic-3\/","url":"https:\/\/koningdrone.be\/product\/dji-care-refresh-2-years-for-mavic-3\/","name":"DJI Care Refresh 2 Years for Mavic 3 - koningdrone.be","isPartOf":{"@id":"https:\/\/koningdrone.be\/#website"},"primaryImageOfPage":{"@id":"https:\/\/koningdrone.be\/product\/dji-care-refresh-2-years-for-mavic-3\/#primaryimage"},"image":{"@id":"https:\/\/koningdrone.be\/product\/dji-care-refresh-2-years-for-mavic-3\/#primaryimage"},"thumbnailUrl":"https:\/\/koningdrone.be\/wp-content\/uploads\/sites\/13\/2025\/04\/6941565921215-1.jpg","datePublished":"2022-05-25T18:37:28+00:00","dateModified":"2026-04-29T05:41:09+00:00","breadcrumb":{"@id":"https:\/\/koningdrone.be\/product\/dji-care-refresh-2-years-for-mavic-3\/#breadcrumb"},"inLanguage":"de","potentialAction":[{"@type":"ReadAction","target":["https:\/\/koningdrone.be\/product\/dji-care-refresh-2-years-for-mavic-3\/"]}]},{"@type":"ImageObject","inLanguage":"de","@id":"https:\/\/koningdrone.be\/product\/dji-care-refresh-2-years-for-mavic-3\/#primaryimage","url":"https:\/\/koningdrone.be\/wp-content\/uploads\/sites\/13\/2025\/04\/6941565921215-1.jpg","contentUrl":"https:\/\/koningdrone.be\/wp-content\/uploads\/sites\/13\/2025\/04\/6941565921215-1.jpg","width":600,"height":600},{"@type":"BreadcrumbList","@id":"https:\/\/koningdrone.be\/product\/dji-care-refresh-2-years-for-mavic-3\/#breadcrumb","itemListElement":[{"@type":"ListItem","position":1,"name":"Home","item":"https:\/\/koningdrone.be\/"},{"@type":"ListItem","position":2,"name":"AVSS Parachute Recovery System for DJI Matrice 300\/350","item":"https:\/\/koningdrone.be\/product\/avss-parachute-recovery-system-for-dji-matrice-300-350\/"},{"@type":"ListItem","position":3,"name":"Alle care refresh","item":"https:\/\/koningdrone.be\/categorie\/alle-care-refresh\/"},{"@type":"ListItem","position":4,"name":"DJI Care Refresh 2 Years for Mavic 3"}]},{"@type":"WebSite","@id":"https:\/\/koningdrone.be\/#website","url":"https:\/\/koningdrone.be\/","name":"Koningdrone.be - Ihr Online-Spezialist f\u00fcr Drohnen, Gimbals, Kameras und Kraftwerke.","description":"Der Webshop f\u00fcr Drohnen und Gimbals","publisher":{"@id":"https:\/\/koningdrone.be\/#organization"},"potentialAction":[{"@type":"SearchAction","target":{"@type":"EntryPoint","urlTemplate":"https:\/\/koningdrone.be\/?s={search_term_string}"},"query-input":{"@type":"PropertyValueSpecification","valueRequired":true,"valueName":"search_term_string"}}],"inLanguage":"de"},{"@type":"Organization","@id":"https:\/\/koningdrone.be\/#organization","name":"Kingdrone.de","url":"https:\/\/koningdrone.be\/","logo":{"@type":"ImageObject","inLanguage":"de","@id":"https:\/\/koningdrone.be\/#\/schema\/logo\/image\/","url":"https:\/\/koningdrone.be\/wp-content\/uploads\/sites\/13\/2025\/04\/koningdrone-copyright-logo.svg","contentUrl":"https:\/\/koningdrone.be\/wp-content\/uploads\/sites\/13\/2025\/04\/koningdrone-copyright-logo.svg","width":227,"height":38,"caption":"Koningdrone.be"},"image":{"@id":"https:\/\/koningdrone.be\/#\/schema\/logo\/image\/"}}]}},"df_price":"","df_sale_price":"","df_regular_price":"","df_image_link":"https:\/\/koningdrone.be\/wp-content\/uploads\/sites\/13\/2025\/04\/6941565921215-1-300x300.jpg","_links":{"self":[{"href":"https:\/\/koningdrone.be\/de\/wp-json\/wp\/v2\/product\/5735","targetHints":{"allow":["GET"]}}],"collection":[{"href":"https:\/\/koningdrone.be\/de\/wp-json\/wp\/v2\/product"}],"about":[{"href":"https:\/\/koningdrone.be\/de\/wp-json\/wp\/v2\/types\/product"}],"wp:featuredmedia":[{"embeddable":true,"href":"https:\/\/koningdrone.be\/de\/wp-json\/wp\/v2\/media\/5734"}],"wp:attachment":[{"href":"https:\/\/koningdrone.be\/de\/wp-json\/wp\/v2\/media?parent=5735"}],"wp:term":[{"taxonomy":"product_brand","embeddable":true,"href":"https:\/\/koningdrone.be\/de\/wp-json\/wp\/v2\/product_brand?post=5735"},{"taxonomy":"product_cat","embeddable":true,"href":"https:\/\/koningdrone.be\/de\/wp-json\/wp\/v2\/product_cat?post=5735"},{"taxonomy":"product_tag","embeddable":true,"href":"https:\/\/koningdrone.be\/de\/wp-json\/wp\/v2\/product_tag?post=5735"}],"curies":[{"name":"wp","href":"https:\/\/api.w.org\/{rel}","templated":true}]}}