{"id":5660,"date":"2022-06-14T10:22:47","date_gmt":"2022-06-14T08:22:47","guid":{"rendered":"https:\/\/koningdrone.nl\/kon\/product\/dji-mini-3-pro-including-dji-rc-smart-remote-controller\/"},"modified":"2026-04-29T13:30:27","modified_gmt":"2026-04-29T11:30:27","slug":"dji-mini-3-pro-including-dji-rc-smart-remote-controller","status":"publish","type":"product","link":"https:\/\/koningdrone.be\/de\/produkt\/dji-mini-3-pro-including-dji-rc-smart-remote-controller\/","title":{"rendered":"DJI Mini 3 Pro - inklusive DJI RC Smart Remote Controller"},"content":{"rendered":"<p><strong>\u00dcberblick und Leistung<\/strong><br \/> Die DJI Mini 3 Pro ist eine leichte Drohne mit einem Gewicht von weniger als 249 Gramm und fortschrittlichen Funktionen wie einem 1\/1,3-Zoll-CMOS-Sensor f\u00fcr 48-MP-Fotos und 4K-Videoaufnahmen mit 60 fps oder Full-HD-Zeitlupe mit 120 fps. Das verbesserte Design sorgt f\u00fcr eine verbesserte Flugleistung und Sicherheit, mit bis zu 34 Minuten Flugzeit und einer HD-Video\u00fcbertragungsreichweite von 12 km. Diese Drohne ist mit einer Drei-Wege-Hinderniserkennung ausgestattet, um eine sichere Navigation zu gew\u00e4hrleisten.<\/p>\n<p> <strong>Erweiterte Funktionen<\/strong><\/p>\n<ul>\n<li> <strong>Stabile Bilder:<\/strong> Scharfe Bilder und ruckelfreie Videos mit kardanischer Stabilisierung und 4-fach-Zoomfunktion.<\/li>\n<li> <strong>Schwerpunktthema:<\/strong> Nutzen Sie Funktionen wie Active Track 4.0, Spotlight 2.0 und Point of Interest 3.0, um Motive scharf zu stellen und Hindernissen auszuweichen.<\/li>\n<li> <strong>Echte vertikale Aufnahmen:<\/strong> Dieser Modus ist ideal f\u00fcr soziale Medien und erm\u00f6glicht vertikale Video- und Fotoaufnahmen mit einem einfachen Klick.<\/li>\n<li> <strong>MasterShots und intelligente Modi:<\/strong> Erstellen Sie mit MasterShots automatisch filmische Videos und erkunden Sie kreative Blickwinkel mit den Funktionen Zeitraffer, Hyperlapse und Panorama.<\/li>\n<li> <strong>OcuSync 3.0:<\/strong> Genie\u00dfen Sie klare, st\u00f6rungsfreie HD-Video\u00fcbertragung bis zu einer Entfernung von 12 km.<\/li>\n<\/ul>\n<p><\/p>","protected":false},"excerpt":{"rendered":"<ul>\n<li>Mit Smart Controller<\/li>\n<li>Wiegt weniger als 249 Gramm<\/li>\n<li>Dreidirektionale Hinderniserkennung<\/li>\n<li>4K HDR-Video<\/li>\n<li>Verl\u00e4ngerte Batterielebensdauer<\/li>\n<li>Echtes vertikales Schie\u00dfen<\/li>\n<li>FocusTrack<\/li>\n<\/ul>","protected":false},"featured_media":5658,"template":"","meta":{"_acf_changed":false},"product_brand":[],"product_cat":[135,97,136,445,446,177],"product_tag":[],"class_list":{"0":"post-5660","1":"product","2":"type-product","3":"status-publish","4":"has-post-thumbnail","6":"product_cat-alle-drones","7":"product_cat-alle-producten","8":"product_cat-consumer-drones","9":"product_cat-dji-mini","10":"product_cat-dji-mini-3","11":"product_cat-drones-zonder-certificaat","12":"product_shipping_class-outofstock","13":"pa_brand-dji","14":"pa_dronegrade-consumer","15":"pa_productfamily-drone","16":"pa_producttype-drone","17":"pa_series-mini-3","19":"first","20":"outofstock","21":"taxable","22":"shipping-taxable","23":"product-type-simple"},"acf":[],"yoast_head":"<!-- This site is optimized with the Yoast SEO Premium plugin v27.2 (Yoast SEO v27.2) - https:\/\/yoast.com\/product\/yoast-seo-premium-wordpress\/ -->\n<title>DJI Mini 3 Pro - Including DJI RC Smart Remote Controller - koningdrone.be<\/title>\n<meta name=\"robots\" content=\"index, follow, max-snippet:-1, max-image-preview:large, max-video-preview:-1\" \/>\n<link rel=\"canonical\" href=\"https:\/\/koningdrone.be\/de\/produkt\/dji-mini-3-pro-including-dji-rc-smart-remote-controller\/\" \/>\n<meta property=\"og:locale\" content=\"de_DE\" \/>\n<meta property=\"og:type\" content=\"article\" \/>\n<meta property=\"og:title\" content=\"DJI Mini 3 Pro - Including DJI RC Smart Remote Controller\" \/>\n<meta property=\"og:description\" content=\"Met Smart ControllerWeegt onder de 249 gramTri-Directional Obstacle Sensing4K HDR VideoExtended Battery LifeTrue Vertical ShootingFocusTrack\" \/>\n<meta property=\"og:url\" content=\"https:\/\/koningdrone.be\/de\/produkt\/dji-mini-3-pro-including-dji-rc-smart-remote-controller\/\" \/>\n<meta property=\"og:site_name\" content=\"koningdrone.be\" \/>\n<meta property=\"article:modified_time\" content=\"2026-04-29T11:30:27+00:00\" \/>\n<meta property=\"og:image\" content=\"https:\/\/koningdrone.be\/wp-content\/uploads\/sites\/13\/2025\/04\/6941565929419-1-1024x576.png\" \/>\n\t<meta property=\"og:image:width\" content=\"1024\" \/>\n\t<meta property=\"og:image:height\" content=\"576\" \/>\n\t<meta property=\"og:image:type\" content=\"image\/png\" \/>\n<meta name=\"twitter:card\" content=\"summary_large_image\" \/>\n<meta name=\"twitter:label1\" content=\"Gesch\u00e4tzte Lesezeit\" \/>\n\t<meta name=\"twitter:data1\" content=\"1\u00a0Minute\" \/>\n<script type=\"application\/ld+json\" class=\"yoast-schema-graph\">{\"@context\":\"https:\/\/schema.org\",\"@graph\":[{\"@type\":\"WebPage\",\"@id\":\"https:\/\/koningdrone.be\/product\/dji-mini-3-pro-including-dji-rc-smart-remote-controller\/\",\"url\":\"https:\/\/koningdrone.be\/product\/dji-mini-3-pro-including-dji-rc-smart-remote-controller\/\",\"name\":\"DJI Mini 3 Pro - Including DJI RC Smart Remote Controller - koningdrone.be\",\"isPartOf\":{\"@id\":\"https:\/\/koningdrone.be\/#website\"},\"primaryImageOfPage\":{\"@id\":\"https:\/\/koningdrone.be\/product\/dji-mini-3-pro-including-dji-rc-smart-remote-controller\/#primaryimage\"},\"image\":{\"@id\":\"https:\/\/koningdrone.be\/product\/dji-mini-3-pro-including-dji-rc-smart-remote-controller\/#primaryimage\"},\"thumbnailUrl\":\"https:\/\/koningdrone.be\/wp-content\/uploads\/sites\/13\/2025\/04\/6941565929419-1.png\",\"datePublished\":\"2022-06-14T08:22:47+00:00\",\"dateModified\":\"2026-04-29T11:30:27+00:00\",\"breadcrumb\":{\"@id\":\"https:\/\/koningdrone.be\/product\/dji-mini-3-pro-including-dji-rc-smart-remote-controller\/#breadcrumb\"},\"inLanguage\":\"de\",\"potentialAction\":[{\"@type\":\"ReadAction\",\"target\":[\"https:\/\/koningdrone.be\/product\/dji-mini-3-pro-including-dji-rc-smart-remote-controller\/\"]}]},{\"@type\":\"ImageObject\",\"inLanguage\":\"de\",\"@id\":\"https:\/\/koningdrone.be\/product\/dji-mini-3-pro-including-dji-rc-smart-remote-controller\/#primaryimage\",\"url\":\"https:\/\/koningdrone.be\/wp-content\/uploads\/sites\/13\/2025\/04\/6941565929419-1.png\",\"contentUrl\":\"https:\/\/koningdrone.be\/wp-content\/uploads\/sites\/13\/2025\/04\/6941565929419-1.png\",\"width\":2048,\"height\":1152},{\"@type\":\"BreadcrumbList\",\"@id\":\"https:\/\/koningdrone.be\/product\/dji-mini-3-pro-including-dji-rc-smart-remote-controller\/#breadcrumb\",\"itemListElement\":[{\"@type\":\"ListItem\",\"position\":1,\"name\":\"Home\",\"item\":\"https:\/\/koningdrone.be\/\"},{\"@type\":\"ListItem\",\"position\":2,\"name\":\"AVSS Parachute Recovery System for DJI Matrice 300\/350\",\"item\":\"https:\/\/koningdrone.be\/product\/avss-parachute-recovery-system-for-dji-matrice-300-350\/\"},{\"@type\":\"ListItem\",\"position\":3,\"name\":\"Alle drones\",\"item\":\"https:\/\/koningdrone.be\/categorie\/alle-drones\/\"},{\"@type\":\"ListItem\",\"position\":4,\"name\":\"DJI Mini 3 Pro &#8211; Including DJI RC Smart Remote Controller\"}]},{\"@type\":\"WebSite\",\"@id\":\"https:\/\/koningdrone.be\/#website\",\"url\":\"https:\/\/koningdrone.be\/\",\"name\":\"Koningdrone.be - Uw online specialist in drones, gimbals, camera's en power stations.\",\"description\":\"De webshop in drones en gimbals\",\"publisher\":{\"@id\":\"https:\/\/koningdrone.be\/#organization\"},\"potentialAction\":[{\"@type\":\"SearchAction\",\"target\":{\"@type\":\"EntryPoint\",\"urlTemplate\":\"https:\/\/koningdrone.be\/?s={search_term_string}\"},\"query-input\":{\"@type\":\"PropertyValueSpecification\",\"valueRequired\":true,\"valueName\":\"search_term_string\"}}],\"inLanguage\":\"de\"},{\"@type\":\"Organization\",\"@id\":\"https:\/\/koningdrone.be\/#organization\",\"name\":\"Koningdrone.be\",\"url\":\"https:\/\/koningdrone.be\/\",\"logo\":{\"@type\":\"ImageObject\",\"inLanguage\":\"de\",\"@id\":\"https:\/\/koningdrone.be\/#\/schema\/logo\/image\/\",\"url\":\"https:\/\/koningdrone.be\/wp-content\/uploads\/sites\/13\/2025\/04\/koningdrone-copyright-logo.svg\",\"contentUrl\":\"https:\/\/koningdrone.be\/wp-content\/uploads\/sites\/13\/2025\/04\/koningdrone-copyright-logo.svg\",\"width\":227,\"height\":38,\"caption\":\"Koningdrone.be\"},\"image\":{\"@id\":\"https:\/\/koningdrone.be\/#\/schema\/logo\/image\/\"}}]}<\/script>\n<!-- \/ Yoast SEO Premium plugin. -->","yoast_head_json":{"title":"DJI Mini 3 Pro - Including DJI RC Smart Remote Controller - koningdrone.be","robots":{"index":"index","follow":"follow","max-snippet":"max-snippet:-1","max-image-preview":"max-image-preview:large","max-video-preview":"max-video-preview:-1"},"canonical":"https:\/\/koningdrone.be\/de\/produkt\/dji-mini-3-pro-including-dji-rc-smart-remote-controller\/","og_locale":"de_DE","og_type":"article","og_title":"DJI Mini 3 Pro - Including DJI RC Smart Remote Controller","og_description":"Met Smart ControllerWeegt onder de 249 gramTri-Directional Obstacle Sensing4K HDR VideoExtended Battery LifeTrue Vertical ShootingFocusTrack","og_url":"https:\/\/koningdrone.be\/de\/produkt\/dji-mini-3-pro-including-dji-rc-smart-remote-controller\/","og_site_name":"koningdrone.be","article_modified_time":"2026-04-29T11:30:27+00:00","og_image":[{"width":1024,"height":576,"url":"https:\/\/koningdrone.be\/wp-content\/uploads\/sites\/13\/2025\/04\/6941565929419-1-1024x576.png","type":"image\/png"}],"twitter_card":"summary_large_image","twitter_misc":{"Gesch\u00e4tzte Lesezeit":"1\u00a0Minute"},"schema":{"@context":"https:\/\/schema.org","@graph":[{"@type":"WebPage","@id":"https:\/\/koningdrone.be\/product\/dji-mini-3-pro-including-dji-rc-smart-remote-controller\/","url":"https:\/\/koningdrone.be\/product\/dji-mini-3-pro-including-dji-rc-smart-remote-controller\/","name":"DJI Mini 3 Pro - Including DJI RC Smart Remote Controller - koningdrone.be","isPartOf":{"@id":"https:\/\/koningdrone.be\/#website"},"primaryImageOfPage":{"@id":"https:\/\/koningdrone.be\/product\/dji-mini-3-pro-including-dji-rc-smart-remote-controller\/#primaryimage"},"image":{"@id":"https:\/\/koningdrone.be\/product\/dji-mini-3-pro-including-dji-rc-smart-remote-controller\/#primaryimage"},"thumbnailUrl":"https:\/\/koningdrone.be\/wp-content\/uploads\/sites\/13\/2025\/04\/6941565929419-1.png","datePublished":"2022-06-14T08:22:47+00:00","dateModified":"2026-04-29T11:30:27+00:00","breadcrumb":{"@id":"https:\/\/koningdrone.be\/product\/dji-mini-3-pro-including-dji-rc-smart-remote-controller\/#breadcrumb"},"inLanguage":"de","potentialAction":[{"@type":"ReadAction","target":["https:\/\/koningdrone.be\/product\/dji-mini-3-pro-including-dji-rc-smart-remote-controller\/"]}]},{"@type":"ImageObject","inLanguage":"de","@id":"https:\/\/koningdrone.be\/product\/dji-mini-3-pro-including-dji-rc-smart-remote-controller\/#primaryimage","url":"https:\/\/koningdrone.be\/wp-content\/uploads\/sites\/13\/2025\/04\/6941565929419-1.png","contentUrl":"https:\/\/koningdrone.be\/wp-content\/uploads\/sites\/13\/2025\/04\/6941565929419-1.png","width":2048,"height":1152},{"@type":"BreadcrumbList","@id":"https:\/\/koningdrone.be\/product\/dji-mini-3-pro-including-dji-rc-smart-remote-controller\/#breadcrumb","itemListElement":[{"@type":"ListItem","position":1,"name":"Home","item":"https:\/\/koningdrone.be\/"},{"@type":"ListItem","position":2,"name":"AVSS Parachute Recovery System for DJI Matrice 300\/350","item":"https:\/\/koningdrone.be\/product\/avss-parachute-recovery-system-for-dji-matrice-300-350\/"},{"@type":"ListItem","position":3,"name":"Alle drones","item":"https:\/\/koningdrone.be\/categorie\/alle-drones\/"},{"@type":"ListItem","position":4,"name":"DJI Mini 3 Pro &#8211; Including DJI RC Smart Remote Controller"}]},{"@type":"WebSite","@id":"https:\/\/koningdrone.be\/#website","url":"https:\/\/koningdrone.be\/","name":"Koningdrone.be - Ihr Online-Spezialist f\u00fcr Drohnen, Gimbals, Kameras und Kraftwerke.","description":"Der Webshop f\u00fcr Drohnen und Gimbals","publisher":{"@id":"https:\/\/koningdrone.be\/#organization"},"potentialAction":[{"@type":"SearchAction","target":{"@type":"EntryPoint","urlTemplate":"https:\/\/koningdrone.be\/?s={search_term_string}"},"query-input":{"@type":"PropertyValueSpecification","valueRequired":true,"valueName":"search_term_string"}}],"inLanguage":"de"},{"@type":"Organization","@id":"https:\/\/koningdrone.be\/#organization","name":"Kingdrone.de","url":"https:\/\/koningdrone.be\/","logo":{"@type":"ImageObject","inLanguage":"de","@id":"https:\/\/koningdrone.be\/#\/schema\/logo\/image\/","url":"https:\/\/koningdrone.be\/wp-content\/uploads\/sites\/13\/2025\/04\/koningdrone-copyright-logo.svg","contentUrl":"https:\/\/koningdrone.be\/wp-content\/uploads\/sites\/13\/2025\/04\/koningdrone-copyright-logo.svg","width":227,"height":38,"caption":"Koningdrone.be"},"image":{"@id":"https:\/\/koningdrone.be\/#\/schema\/logo\/image\/"}}]}},"df_price":"","df_sale_price":"","df_regular_price":"","df_image_link":"https:\/\/koningdrone.be\/wp-content\/uploads\/sites\/13\/2025\/04\/6941565929419-1-300x169.png","_links":{"self":[{"href":"https:\/\/koningdrone.be\/de\/wp-json\/wp\/v2\/product\/5660","targetHints":{"allow":["GET"]}}],"collection":[{"href":"https:\/\/koningdrone.be\/de\/wp-json\/wp\/v2\/product"}],"about":[{"href":"https:\/\/koningdrone.be\/de\/wp-json\/wp\/v2\/types\/product"}],"wp:featuredmedia":[{"embeddable":true,"href":"https:\/\/koningdrone.be\/de\/wp-json\/wp\/v2\/media\/5658"}],"wp:attachment":[{"href":"https:\/\/koningdrone.be\/de\/wp-json\/wp\/v2\/media?parent=5660"}],"wp:term":[{"taxonomy":"product_brand","embeddable":true,"href":"https:\/\/koningdrone.be\/de\/wp-json\/wp\/v2\/product_brand?post=5660"},{"taxonomy":"product_cat","embeddable":true,"href":"https:\/\/koningdrone.be\/de\/wp-json\/wp\/v2\/product_cat?post=5660"},{"taxonomy":"product_tag","embeddable":true,"href":"https:\/\/koningdrone.be\/de\/wp-json\/wp\/v2\/product_tag?post=5660"}],"curies":[{"name":"wp","href":"https:\/\/api.w.org\/{rel}","templated":true}]}}