{"id":5631,"date":"2022-11-02T09:13:42","date_gmt":"2022-11-02T08:13:42","guid":{"rendered":"https:\/\/koningdrone.nl\/kon\/product\/dji-lidar-range-finder-rs\/"},"modified":"2026-04-29T15:10:49","modified_gmt":"2026-04-29T13:10:49","slug":"dji-lidar-range-finder-rs","status":"publish","type":"product","link":"https:\/\/koningdrone.be\/de\/produkt\/dji-lidar-range-finder-rs\/","title":{"rendered":"DJI LiDAR Entfernungsmesser (RS)"},"content":{"rendered":"<p><strong>Einf\u00fchrung des LiDAR-Fokussierungssystems<\/strong><\/p>\n<p> Das LiDAR-Fokussiersystem revolutioniert die Fokussierung in der Handheld-Fotografie und bietet Spitzenleistungen in Situationen mit wenig Licht oder bei der Aufnahme von Motiven ohne klare Strukturen. Dieses innovative System wurde entwickelt, um die Fokussiergenauigkeit deutlich zu verbessern, und ist damit unverzichtbar f\u00fcr Fotografen, die unter verschiedenen Bedingungen zuverl\u00e4ssig arbeiten m\u00f6chten.<\/p>\n<p><strong>Fortschrittliche LiDAR-Entfernungsmesser-Technologie<\/strong><\/p>\n<p> Das Herzst\u00fcck des LiDAR-Fokussierungssystems ist der hochmoderne LiDAR Range Finder (RS). Diese hochmoderne Komponente projiziert bis zu 43.200 Punkte, was unter idealen Bedingungen eine genaue Reichweite von bis zu 14 Metern erm\u00f6glicht. Seine Pr\u00e4zision und Reichweite machen ihn zu einem Meilenstein f\u00fcr die Sicherstellung der Sch\u00e4rfe bei Ihren Fotoprojekten.<\/p>\n<p><strong>Speziell f\u00fcr Vielseitigkeit entwickelt<\/strong><\/p>\n<p> Die integrierte Kamera des Systems hat eine Brennweite, die 30 mm entspricht, und ein breites Sichtfeld von 70\u00b0. Dies erm\u00f6glicht eine umfassende Abdeckung der h\u00e4ufigsten Aufnahmeszenarien und macht das LiDAR-Fokussierungssystem vielseitig und anpassungsf\u00e4hig. Die Kamera ist so konzipiert, dass sie den Anforderungen einer breiten Palette von Aufnahmestilen und -situationen gerecht wird.<\/p>\n<p><strong>Verbesserte Autofokus-Funktionen<\/strong><\/p>\n<p> In Kombination mit dem neuesten Fokusmotor (2022) erweitert das LiDAR-Fokussiersystem seine Funktionalit\u00e4t, indem es die M\u00f6glichkeit bietet, manuelle Objektive automatisch zu fokussieren. Dies stellt einen Durchbruch in der Fotografie dar und bietet dem Benutzer mehr Flexibilit\u00e4t und Effizienz bei der Aufnahme nach der Ersteinrichtung.<\/p>\n<p><strong>Verbesserte ActiveTrack Pro-Funktionalit\u00e4t<\/strong><\/p>\n<p> Die Kombination des LiDAR-Entfernungsmessers (RS) mit dem Modell RS 3 Pro steigert die Leistung von ActiveTrack Pro. Diese Integration erm\u00f6glicht eine genauere Identifizierung und Verfolgung von Motiven. Fotografen werden die verbesserte F\u00e4higkeit zu sch\u00e4tzen wissen, dynamische Szenen mit gr\u00f6\u00dferer Pr\u00e4zision zu erfassen.<\/p>\n<p><strong>Optimale Leistung und Grenzen<\/strong><\/p>\n<p> Es ist wichtig zu beachten, dass die optimalen Leistungsindikatoren, wie die Erfassungsreichweite von 14 Metern, unter kontrollierten Bedingungen ohne starkes St\u00f6rlicht ermittelt wurden. In typischen Anwendungssituationen liegt die effektive Erfassungsreichweite f\u00fcr menschliche Personen eher bei 7 Metern. Dieses grundlegende Verst\u00e4ndnis hilft den Benutzern, realistische Erwartungen an die F\u00e4higkeiten des Systems in verschiedenen Umgebungen zu stellen.<\/p>\n<p><\/p>","protected":false},"excerpt":{"rendered":"<ul>\n<li>Verbesserte Fokussierung mit LiDAR-Fokussierungssystem f\u00fcr Aufnahmen aus der Hand.<\/li>\n<li> Effektiv in schwach beleuchteten Umgebungen f\u00fcr hervorragende Fokussierungsm\u00f6glichkeiten.<\/li>\n<li> Projiziert 43.200 Messpunkte mit einem Erfassungsbereich von 14 Metern.<\/li>\n<li> Eingebaute Kamera mit 30 mm Brennweite und 70\u00b0 Sichtfeld.<\/li>\n<li> Erm\u00f6glicht den Autofokus bei manuellen Objektiven mit dem neuen Fokusmotor (2022).<\/li>\n<li> Unterst\u00fctzt ActiveTrack Pro f\u00fcr eine verbesserte Identifizierung und Verfolgung von Personen.<\/li>\n<li> Erfassungsreichweite von 7 Metern f\u00fcr menschliche Objekte in normaler Aufnahmeumgebung.<\/li>\n<\/ul>","protected":false},"featured_media":5628,"template":"","meta":{"_acf_changed":false},"product_brand":[],"product_cat":[410,187,97,265,809,1142],"product_tag":[],"class_list":{"0":"post-5631","1":"product","2":"type-product","3":"status-publish","4":"has-post-thumbnail","6":"product_cat-alle-handheld-gimbals","7":"product_cat-alle-lidar","8":"product_cat-alle-producten","9":"product_cat-dji-ronin","10":"product_cat-dji-ronin-rs-2","11":"product_cat-rfidautolink","12":"product_shipping_class-outofstock","13":"pa_brand-dji","14":"pa_productfamily-lidar-range-finder","15":"pa_producttype-lidar-range-finder","16":"pa_series-ronin","18":"first","19":"outofstock","20":"taxable","21":"shipping-taxable","22":"purchasable","23":"product-type-simple"},"acf":[],"yoast_head":"<!-- This site is optimized with the Yoast SEO Premium plugin v27.2 (Yoast SEO v27.2) - https:\/\/yoast.com\/product\/yoast-seo-premium-wordpress\/ -->\n<title>DJI LiDAR Range Finder (RS) - koningdrone.be<\/title>\n<meta name=\"robots\" content=\"index, follow, max-snippet:-1, max-image-preview:large, max-video-preview:-1\" \/>\n<link rel=\"canonical\" href=\"https:\/\/koningdrone.be\/de\/produkt\/dji-lidar-range-finder-rs\/\" \/>\n<meta property=\"og:locale\" content=\"de_DE\" \/>\n<meta property=\"og:type\" content=\"article\" \/>\n<meta property=\"og:title\" content=\"DJI LiDAR Range Finder (RS)\" \/>\n<meta property=\"og:description\" content=\"Verbeterde scherpstelling met LiDAR-scherpstelsysteem voor opnamen uit de hand. Effectief in omgevingen met weinig licht voor superieure scherpstelmogelijkheden. Projecteert 43.200 meetpunten met een detectiebereik van 14 meter. Ingebouwde camera met een brandpuntsafstand van 30 mm en een gezichtsveld van 70\u00b0. Maakt autofocus mogelijk op handmatige lenzen met de nieuwe Focus Motor (2022). Ondersteunt ActiveTrack Pro voor verbeterde onderwerpidentificatie en tracking. Detectieafstand van 7 meter voor menselijke onderwerpen in normale opnameomgevingen.\" \/>\n<meta property=\"og:url\" content=\"https:\/\/koningdrone.be\/de\/produkt\/dji-lidar-range-finder-rs\/\" \/>\n<meta property=\"og:site_name\" content=\"koningdrone.be\" \/>\n<meta property=\"article:modified_time\" content=\"2026-04-29T13:10:49+00:00\" \/>\n<meta property=\"og:image\" content=\"https:\/\/koningdrone.be\/wp-content\/uploads\/sites\/13\/2025\/04\/f570afa39637997e3d1054459028953c@large.jpg\" \/>\n\t<meta property=\"og:image:width\" content=\"1200\" \/>\n\t<meta property=\"og:image:height\" content=\"800\" \/>\n\t<meta property=\"og:image:type\" content=\"image\/jpeg\" \/>\n<meta name=\"twitter:card\" content=\"summary_large_image\" \/>\n<meta name=\"twitter:label1\" content=\"Gesch\u00e4tzte Lesezeit\" \/>\n\t<meta name=\"twitter:data1\" content=\"2\u00a0Minuten\" \/>\n<script type=\"application\/ld+json\" class=\"yoast-schema-graph\">{\"@context\":\"https:\/\/schema.org\",\"@graph\":[{\"@type\":\"WebPage\",\"@id\":\"https:\/\/koningdrone.be\/product\/dji-lidar-range-finder-rs\/\",\"url\":\"https:\/\/koningdrone.be\/product\/dji-lidar-range-finder-rs\/\",\"name\":\"DJI LiDAR Range Finder (RS) - koningdrone.be\",\"isPartOf\":{\"@id\":\"https:\/\/koningdrone.be\/#website\"},\"primaryImageOfPage\":{\"@id\":\"https:\/\/koningdrone.be\/product\/dji-lidar-range-finder-rs\/#primaryimage\"},\"image\":{\"@id\":\"https:\/\/koningdrone.be\/product\/dji-lidar-range-finder-rs\/#primaryimage\"},\"thumbnailUrl\":\"https:\/\/koningdrone.be\/wp-content\/uploads\/sites\/13\/2025\/04\/f570afa39637997e3d1054459028953c@large.jpg\",\"datePublished\":\"2022-11-02T08:13:42+00:00\",\"dateModified\":\"2026-04-29T13:10:49+00:00\",\"breadcrumb\":{\"@id\":\"https:\/\/koningdrone.be\/product\/dji-lidar-range-finder-rs\/#breadcrumb\"},\"inLanguage\":\"de\",\"potentialAction\":[{\"@type\":\"ReadAction\",\"target\":[\"https:\/\/koningdrone.be\/product\/dji-lidar-range-finder-rs\/\"]}]},{\"@type\":\"ImageObject\",\"inLanguage\":\"de\",\"@id\":\"https:\/\/koningdrone.be\/product\/dji-lidar-range-finder-rs\/#primaryimage\",\"url\":\"https:\/\/koningdrone.be\/wp-content\/uploads\/sites\/13\/2025\/04\/f570afa39637997e3d1054459028953c@large.jpg\",\"contentUrl\":\"https:\/\/koningdrone.be\/wp-content\/uploads\/sites\/13\/2025\/04\/f570afa39637997e3d1054459028953c@large.jpg\",\"width\":1200,\"height\":800},{\"@type\":\"BreadcrumbList\",\"@id\":\"https:\/\/koningdrone.be\/product\/dji-lidar-range-finder-rs\/#breadcrumb\",\"itemListElement\":[{\"@type\":\"ListItem\",\"position\":1,\"name\":\"Home\",\"item\":\"https:\/\/koningdrone.be\/\"},{\"@type\":\"ListItem\",\"position\":2,\"name\":\"AVSS Parachute Recovery System for DJI Matrice 300\/350\",\"item\":\"https:\/\/koningdrone.be\/product\/avss-parachute-recovery-system-for-dji-matrice-300-350\/\"},{\"@type\":\"ListItem\",\"position\":3,\"name\":\"Alle handheld gimbals\",\"item\":\"https:\/\/koningdrone.be\/categorie\/alle-handheld-gimbals\/\"},{\"@type\":\"ListItem\",\"position\":4,\"name\":\"DJI LiDAR Range Finder (RS)\"}]},{\"@type\":\"WebSite\",\"@id\":\"https:\/\/koningdrone.be\/#website\",\"url\":\"https:\/\/koningdrone.be\/\",\"name\":\"Koningdrone.be - Uw online specialist in drones, gimbals, camera's en power stations.\",\"description\":\"De webshop in drones en gimbals\",\"publisher\":{\"@id\":\"https:\/\/koningdrone.be\/#organization\"},\"potentialAction\":[{\"@type\":\"SearchAction\",\"target\":{\"@type\":\"EntryPoint\",\"urlTemplate\":\"https:\/\/koningdrone.be\/?s={search_term_string}\"},\"query-input\":{\"@type\":\"PropertyValueSpecification\",\"valueRequired\":true,\"valueName\":\"search_term_string\"}}],\"inLanguage\":\"de\"},{\"@type\":\"Organization\",\"@id\":\"https:\/\/koningdrone.be\/#organization\",\"name\":\"Koningdrone.be\",\"url\":\"https:\/\/koningdrone.be\/\",\"logo\":{\"@type\":\"ImageObject\",\"inLanguage\":\"de\",\"@id\":\"https:\/\/koningdrone.be\/#\/schema\/logo\/image\/\",\"url\":\"https:\/\/koningdrone.be\/wp-content\/uploads\/sites\/13\/2025\/04\/koningdrone-copyright-logo.svg\",\"contentUrl\":\"https:\/\/koningdrone.be\/wp-content\/uploads\/sites\/13\/2025\/04\/koningdrone-copyright-logo.svg\",\"width\":227,\"height\":38,\"caption\":\"Koningdrone.be\"},\"image\":{\"@id\":\"https:\/\/koningdrone.be\/#\/schema\/logo\/image\/\"}}]}<\/script>\n<!-- \/ Yoast SEO Premium plugin. -->","yoast_head_json":{"title":"DJI LiDAR Range Finder (RS) - koningdrone.be","robots":{"index":"index","follow":"follow","max-snippet":"max-snippet:-1","max-image-preview":"max-image-preview:large","max-video-preview":"max-video-preview:-1"},"canonical":"https:\/\/koningdrone.be\/de\/produkt\/dji-lidar-range-finder-rs\/","og_locale":"de_DE","og_type":"article","og_title":"DJI LiDAR Range Finder (RS)","og_description":"Verbeterde scherpstelling met LiDAR-scherpstelsysteem voor opnamen uit de hand. Effectief in omgevingen met weinig licht voor superieure scherpstelmogelijkheden. Projecteert 43.200 meetpunten met een detectiebereik van 14 meter. Ingebouwde camera met een brandpuntsafstand van 30 mm en een gezichtsveld van 70\u00b0. Maakt autofocus mogelijk op handmatige lenzen met de nieuwe Focus Motor (2022). Ondersteunt ActiveTrack Pro voor verbeterde onderwerpidentificatie en tracking. Detectieafstand van 7 meter voor menselijke onderwerpen in normale opnameomgevingen.","og_url":"https:\/\/koningdrone.be\/de\/produkt\/dji-lidar-range-finder-rs\/","og_site_name":"koningdrone.be","article_modified_time":"2026-04-29T13:10:49+00:00","og_image":[{"width":1200,"height":800,"url":"https:\/\/koningdrone.be\/wp-content\/uploads\/sites\/13\/2025\/04\/f570afa39637997e3d1054459028953c@large.jpg","type":"image\/jpeg"}],"twitter_card":"summary_large_image","twitter_misc":{"Gesch\u00e4tzte Lesezeit":"2\u00a0Minuten"},"schema":{"@context":"https:\/\/schema.org","@graph":[{"@type":"WebPage","@id":"https:\/\/koningdrone.be\/product\/dji-lidar-range-finder-rs\/","url":"https:\/\/koningdrone.be\/product\/dji-lidar-range-finder-rs\/","name":"DJI LiDAR Range Finder (RS) - koningdrone.be","isPartOf":{"@id":"https:\/\/koningdrone.be\/#website"},"primaryImageOfPage":{"@id":"https:\/\/koningdrone.be\/product\/dji-lidar-range-finder-rs\/#primaryimage"},"image":{"@id":"https:\/\/koningdrone.be\/product\/dji-lidar-range-finder-rs\/#primaryimage"},"thumbnailUrl":"https:\/\/koningdrone.be\/wp-content\/uploads\/sites\/13\/2025\/04\/f570afa39637997e3d1054459028953c@large.jpg","datePublished":"2022-11-02T08:13:42+00:00","dateModified":"2026-04-29T13:10:49+00:00","breadcrumb":{"@id":"https:\/\/koningdrone.be\/product\/dji-lidar-range-finder-rs\/#breadcrumb"},"inLanguage":"de","potentialAction":[{"@type":"ReadAction","target":["https:\/\/koningdrone.be\/product\/dji-lidar-range-finder-rs\/"]}]},{"@type":"ImageObject","inLanguage":"de","@id":"https:\/\/koningdrone.be\/product\/dji-lidar-range-finder-rs\/#primaryimage","url":"https:\/\/koningdrone.be\/wp-content\/uploads\/sites\/13\/2025\/04\/f570afa39637997e3d1054459028953c@large.jpg","contentUrl":"https:\/\/koningdrone.be\/wp-content\/uploads\/sites\/13\/2025\/04\/f570afa39637997e3d1054459028953c@large.jpg","width":1200,"height":800},{"@type":"BreadcrumbList","@id":"https:\/\/koningdrone.be\/product\/dji-lidar-range-finder-rs\/#breadcrumb","itemListElement":[{"@type":"ListItem","position":1,"name":"Home","item":"https:\/\/koningdrone.be\/"},{"@type":"ListItem","position":2,"name":"AVSS Parachute Recovery System for DJI Matrice 300\/350","item":"https:\/\/koningdrone.be\/product\/avss-parachute-recovery-system-for-dji-matrice-300-350\/"},{"@type":"ListItem","position":3,"name":"Alle handheld gimbals","item":"https:\/\/koningdrone.be\/categorie\/alle-handheld-gimbals\/"},{"@type":"ListItem","position":4,"name":"DJI LiDAR Range Finder (RS)"}]},{"@type":"WebSite","@id":"https:\/\/koningdrone.be\/#website","url":"https:\/\/koningdrone.be\/","name":"Koningdrone.be - Ihr Online-Spezialist f\u00fcr Drohnen, Gimbals, Kameras und Kraftwerke.","description":"Der Webshop f\u00fcr Drohnen und Gimbals","publisher":{"@id":"https:\/\/koningdrone.be\/#organization"},"potentialAction":[{"@type":"SearchAction","target":{"@type":"EntryPoint","urlTemplate":"https:\/\/koningdrone.be\/?s={search_term_string}"},"query-input":{"@type":"PropertyValueSpecification","valueRequired":true,"valueName":"search_term_string"}}],"inLanguage":"de"},{"@type":"Organization","@id":"https:\/\/koningdrone.be\/#organization","name":"Kingdrone.de","url":"https:\/\/koningdrone.be\/","logo":{"@type":"ImageObject","inLanguage":"de","@id":"https:\/\/koningdrone.be\/#\/schema\/logo\/image\/","url":"https:\/\/koningdrone.be\/wp-content\/uploads\/sites\/13\/2025\/04\/koningdrone-copyright-logo.svg","contentUrl":"https:\/\/koningdrone.be\/wp-content\/uploads\/sites\/13\/2025\/04\/koningdrone-copyright-logo.svg","width":227,"height":38,"caption":"Koningdrone.be"},"image":{"@id":"https:\/\/koningdrone.be\/#\/schema\/logo\/image\/"}}]}},"df_price":579,"df_sale_price":"","df_regular_price":579,"df_image_link":"https:\/\/koningdrone.be\/wp-content\/uploads\/sites\/13\/2025\/04\/f570afa39637997e3d1054459028953c@large-300x200.jpg","_links":{"self":[{"href":"https:\/\/koningdrone.be\/de\/wp-json\/wp\/v2\/product\/5631","targetHints":{"allow":["GET"]}}],"collection":[{"href":"https:\/\/koningdrone.be\/de\/wp-json\/wp\/v2\/product"}],"about":[{"href":"https:\/\/koningdrone.be\/de\/wp-json\/wp\/v2\/types\/product"}],"wp:featuredmedia":[{"embeddable":true,"href":"https:\/\/koningdrone.be\/de\/wp-json\/wp\/v2\/media\/5628"}],"wp:attachment":[{"href":"https:\/\/koningdrone.be\/de\/wp-json\/wp\/v2\/media?parent=5631"}],"wp:term":[{"taxonomy":"product_brand","embeddable":true,"href":"https:\/\/koningdrone.be\/de\/wp-json\/wp\/v2\/product_brand?post=5631"},{"taxonomy":"product_cat","embeddable":true,"href":"https:\/\/koningdrone.be\/de\/wp-json\/wp\/v2\/product_cat?post=5631"},{"taxonomy":"product_tag","embeddable":true,"href":"https:\/\/koningdrone.be\/de\/wp-json\/wp\/v2\/product_tag?post=5631"}],"curies":[{"name":"wp","href":"https:\/\/api.w.org\/{rel}","templated":true}]}}