{"id":5612,"date":"2022-11-02T09:13:42","date_gmt":"2022-11-02T08:13:42","guid":{"rendered":"https:\/\/koningdrone.nl\/kon\/product\/dji-rc-rm330-remote-controller-for-mini-3-pro\/"},"modified":"2026-04-29T04:10:50","modified_gmt":"2026-04-29T02:10:50","slug":"dji-rc-rm330-remote-controller-for-mini-3-pro","status":"publish","type":"product","link":"https:\/\/koningdrone.be\/de\/produkt\/dji-rc-rm330-remote-controller-for-mini-3-pro\/","title":{"rendered":"DJI RC RM330 - Fernsteuerung"},"content":{"rendered":"<h1>DJI RC RM330 - Fernsteuerung<\/h1>\n<p>Die DJI RC ist eine Fernsteuerung, die ein au\u00dfergew\u00f6hnliches Steuerungserlebnis f\u00fcr DJI-Drohnen bietet. Neben einem leichten Geh\u00e4use, einem Full-HD-Display und einer ultralangen Akkulaufzeit verf\u00fcgt sie auch \u00fcber neue Dual-Feder-Joysticks, die eine komfortable Flugsteuerung erm\u00f6glichen. Die fortschrittliche DJI O3+ Video\u00fcbertragung wird ebenfalls unterst\u00fctzt. Mit seinen leistungsstarken Funktionen ist das Aufnehmen von Luftaufnahmen bequemer als je zuvor.<br \/>Video:<br \/>\u00dcbertragungstechnologie Bei Verwendung mit Drohnen, die die O3+-\u00dcbertragung unterst\u00fctzen, wie z.B. die DJI Mavic 3, kann die DJI RC-Fernbedienung Live-\u00dcbertragungen in HD 1080p\/60fps mit geringer Latenz und einer \u00dcbertragungsdistanz von bis zu 15 km f\u00fcr eine reibungslosere Steuerung und einen sichereren Flug liefern.<br \/>Leicht, kompakt, leistungsstark:<br \/>Dank ihres innovativen Designs bringen die integrierten Antennen der DJI RC-Fernsteuerung hervorragende Leistung in ein kleineres Geh\u00e4use. Das neue Design reduziert die Gr\u00f6\u00dfe der DJI RC-Fernsteuerung weiter, was zu einem Gewicht von nur 390 g f\u00fchrt. Der integrierte 5,5\u2033 Full HD-Touchscreen unterst\u00fctzt eine Helligkeit von bis zu 700 nits.<br \/>4 Stunden ultra-lange Akkulaufzeit:<br \/>Die DJI RC-Fernbedienung erm\u00f6glicht bis zu vier Stunden Dauerbetrieb mit einer vollen Ladung.<br \/>So k\u00f6nnen Sie mit nur einer Akkuladung problemlos an mehreren Orten aufnehmen.<br \/>Highlights im Detail:<br \/>Die DJI-RC-Fernsteuerung bietet zwei gefederte Joysticks f\u00fcr eine reibungslose und pr\u00e4zise Steuerung.<br \/>Es verf\u00fcgt \u00fcber h\u00e4ufig genutzte Anschl\u00fcsse zum Aufladen und einen microSD-Kartensteckplatz.<br \/>Fangen Sie bald an und genie\u00dfen Sie jeden Augenblick:<br \/>Dank des integrierten Bildschirms kann die DJI RC-Fernbedienung nach dem Einschalten direkt mit der Drohne verbunden werden, ohne dass eine Verbindung zu einem Smartphone erforderlich ist, sodass Sie sofort mit der Aufnahme beginnen k\u00f6nnen.<br \/>Kompatibilit\u00e4t: Mini 3 Pro, Mavic 3, Mavic 3 Cine<\/p>","protected":false},"excerpt":{"rendered":"<ul>\n<li>Aufl\u00f6sung: 1920\u00d71080<\/li>\n<li>Abmessungen: 5,5 Zoll<\/li>\n<li>Bildrate: 60 fps<\/li>\n<li>Helligkeit: 700 nits<\/li>\n<li>Touchscreen-Bedienung: 10-Punkt-Multitouch<\/li>\n<li>Akku: Li-Ion (5200 mAh bei 3,6 V)<\/li>\n<li>Ladetyp: Es wird empfohlen, ein Ladeger\u00e4t mit mindestens 5V\/2A zu verwenden.<\/li>\n<li>Nennleistung: 4,5 W<\/li>\n<li>Speicherkapazit\u00e4t: Erweiterbar (mit microSD-Karte)<\/li>\n<li>Ladedauer: 1,5 Stunden (mit Ladeger\u00e4t 5 V \/ 3 A)<\/li>\n<li>Lebensdauer der Batterie: 4 Stunden<\/li>\n<li>Gewicht: Ungef\u00e4hr 390 Gramm<\/li>\n<\/ul>","protected":false},"featured_media":5607,"template":"","meta":{"_acf_changed":false},"product_brand":[],"product_cat":[122,97,137,446],"product_tag":[],"class_list":{"0":"post-5612","1":"product","2":"type-product","3":"status-publish","4":"has-post-thumbnail","6":"product_cat-alle-afstandsbedieningen","7":"product_cat-alle-producten","8":"product_cat-dji-mavic-3","9":"product_cat-dji-mini-3","10":"product_shipping_class-acsystemsall","11":"pa_brand-dji","12":"pa_productfamily-afstandsbediening","13":"pa_producttype-afstandsbediening","14":"pa_series-mini-3","16":"first","17":"instock","18":"taxable","19":"shipping-taxable","20":"purchasable","21":"product-type-simple"},"acf":[],"yoast_head":"<!-- This site is optimized with the Yoast SEO Premium plugin v27.2 (Yoast SEO v27.2) - https:\/\/yoast.com\/product\/yoast-seo-premium-wordpress\/ -->\n<title>DJI RC RM330 - Remote Controller - koningdrone.be<\/title>\n<meta name=\"robots\" content=\"index, follow, max-snippet:-1, max-image-preview:large, max-video-preview:-1\" \/>\n<link rel=\"canonical\" href=\"https:\/\/koningdrone.be\/de\/produkt\/dji-rc-rm330-remote-controller-for-mini-3-pro\/\" \/>\n<meta property=\"og:locale\" content=\"de_DE\" \/>\n<meta property=\"og:type\" content=\"article\" \/>\n<meta property=\"og:title\" content=\"DJI RC RM330 - Remote Controller\" \/>\n<meta property=\"og:description\" content=\"Resolutie: 1920\u00d71080Afmetingen: 5,5 inchFramesnelheid: 60 fpsHelderheid: 700 nitsTouchscreen-bediening: 10 punten multi-touchBatterij: Li-Ion (5200 mAh bij 3,6 V)Oplaadtype: het wordt aanbevolen om een oplader van minimaal 5V\/2A te gebruiken.Nominaal vermogen: 4,5 WOpslagcapaciteit: Uitbreidbaar (met microSD-kaart)Oplaadtijd: 1,5 uur (met oplader 5 V \/ 3 A)Levensduur batterij: 4 uurGewicht: Ca. 390 gram\" \/>\n<meta property=\"og:url\" content=\"https:\/\/koningdrone.be\/de\/produkt\/dji-rc-rm330-remote-controller-for-mini-3-pro\/\" \/>\n<meta property=\"og:site_name\" content=\"koningdrone.be\" \/>\n<meta property=\"article:modified_time\" content=\"2026-04-29T02:10:50+00:00\" \/>\n<meta property=\"og:image\" content=\"https:\/\/koningdrone.be\/wp-content\/uploads\/sites\/13\/2025\/04\/6941565933911-1.jpg\" \/>\n\t<meta property=\"og:image:width\" content=\"1200\" \/>\n\t<meta property=\"og:image:height\" content=\"1200\" \/>\n\t<meta property=\"og:image:type\" content=\"image\/jpeg\" \/>\n<meta name=\"twitter:card\" content=\"summary_large_image\" \/>\n<meta name=\"twitter:label1\" content=\"Gesch\u00e4tzte Lesezeit\" \/>\n\t<meta name=\"twitter:data1\" content=\"1\u00a0Minute\" \/>\n<script type=\"application\/ld+json\" class=\"yoast-schema-graph\">{\"@context\":\"https:\/\/schema.org\",\"@graph\":[{\"@type\":\"WebPage\",\"@id\":\"https:\/\/koningdrone.be\/product\/dji-rc-rm330-remote-controller-for-mini-3-pro\/\",\"url\":\"https:\/\/koningdrone.be\/product\/dji-rc-rm330-remote-controller-for-mini-3-pro\/\",\"name\":\"DJI RC RM330 - Remote Controller - koningdrone.be\",\"isPartOf\":{\"@id\":\"https:\/\/koningdrone.be\/#website\"},\"primaryImageOfPage\":{\"@id\":\"https:\/\/koningdrone.be\/product\/dji-rc-rm330-remote-controller-for-mini-3-pro\/#primaryimage\"},\"image\":{\"@id\":\"https:\/\/koningdrone.be\/product\/dji-rc-rm330-remote-controller-for-mini-3-pro\/#primaryimage\"},\"thumbnailUrl\":\"https:\/\/koningdrone.be\/wp-content\/uploads\/sites\/13\/2025\/04\/6941565933911-1.jpg\",\"datePublished\":\"2022-11-02T08:13:42+00:00\",\"dateModified\":\"2026-04-29T02:10:50+00:00\",\"breadcrumb\":{\"@id\":\"https:\/\/koningdrone.be\/product\/dji-rc-rm330-remote-controller-for-mini-3-pro\/#breadcrumb\"},\"inLanguage\":\"de\",\"potentialAction\":[{\"@type\":\"ReadAction\",\"target\":[\"https:\/\/koningdrone.be\/product\/dji-rc-rm330-remote-controller-for-mini-3-pro\/\"]}]},{\"@type\":\"ImageObject\",\"inLanguage\":\"de\",\"@id\":\"https:\/\/koningdrone.be\/product\/dji-rc-rm330-remote-controller-for-mini-3-pro\/#primaryimage\",\"url\":\"https:\/\/koningdrone.be\/wp-content\/uploads\/sites\/13\/2025\/04\/6941565933911-1.jpg\",\"contentUrl\":\"https:\/\/koningdrone.be\/wp-content\/uploads\/sites\/13\/2025\/04\/6941565933911-1.jpg\",\"width\":1200,\"height\":1200},{\"@type\":\"BreadcrumbList\",\"@id\":\"https:\/\/koningdrone.be\/product\/dji-rc-rm330-remote-controller-for-mini-3-pro\/#breadcrumb\",\"itemListElement\":[{\"@type\":\"ListItem\",\"position\":1,\"name\":\"Home\",\"item\":\"https:\/\/koningdrone.be\/\"},{\"@type\":\"ListItem\",\"position\":2,\"name\":\"AVSS Parachute Recovery System for DJI Matrice 300\/350\",\"item\":\"https:\/\/koningdrone.be\/product\/avss-parachute-recovery-system-for-dji-matrice-300-350\/\"},{\"@type\":\"ListItem\",\"position\":3,\"name\":\"Alle afstandsbedieningen\",\"item\":\"https:\/\/koningdrone.be\/categorie\/alle-afstandsbedieningen\/\"},{\"@type\":\"ListItem\",\"position\":4,\"name\":\"DJI RC RM330 &#8211; Remote Controller\"}]},{\"@type\":\"WebSite\",\"@id\":\"https:\/\/koningdrone.be\/#website\",\"url\":\"https:\/\/koningdrone.be\/\",\"name\":\"Koningdrone.be - Uw online specialist in drones, gimbals, camera's en power stations.\",\"description\":\"De webshop in drones en gimbals\",\"publisher\":{\"@id\":\"https:\/\/koningdrone.be\/#organization\"},\"potentialAction\":[{\"@type\":\"SearchAction\",\"target\":{\"@type\":\"EntryPoint\",\"urlTemplate\":\"https:\/\/koningdrone.be\/?s={search_term_string}\"},\"query-input\":{\"@type\":\"PropertyValueSpecification\",\"valueRequired\":true,\"valueName\":\"search_term_string\"}}],\"inLanguage\":\"de\"},{\"@type\":\"Organization\",\"@id\":\"https:\/\/koningdrone.be\/#organization\",\"name\":\"Koningdrone.be\",\"url\":\"https:\/\/koningdrone.be\/\",\"logo\":{\"@type\":\"ImageObject\",\"inLanguage\":\"de\",\"@id\":\"https:\/\/koningdrone.be\/#\/schema\/logo\/image\/\",\"url\":\"https:\/\/koningdrone.be\/wp-content\/uploads\/sites\/13\/2025\/04\/koningdrone-copyright-logo.svg\",\"contentUrl\":\"https:\/\/koningdrone.be\/wp-content\/uploads\/sites\/13\/2025\/04\/koningdrone-copyright-logo.svg\",\"width\":227,\"height\":38,\"caption\":\"Koningdrone.be\"},\"image\":{\"@id\":\"https:\/\/koningdrone.be\/#\/schema\/logo\/image\/\"}}]}<\/script>\n<!-- \/ Yoast SEO Premium plugin. -->","yoast_head_json":{"title":"DJI RC RM330 - Remote Controller - koningdrone.be","robots":{"index":"index","follow":"follow","max-snippet":"max-snippet:-1","max-image-preview":"max-image-preview:large","max-video-preview":"max-video-preview:-1"},"canonical":"https:\/\/koningdrone.be\/de\/produkt\/dji-rc-rm330-remote-controller-for-mini-3-pro\/","og_locale":"de_DE","og_type":"article","og_title":"DJI RC RM330 - Remote Controller","og_description":"Resolutie: 1920\u00d71080Afmetingen: 5,5 inchFramesnelheid: 60 fpsHelderheid: 700 nitsTouchscreen-bediening: 10 punten multi-touchBatterij: Li-Ion (5200 mAh bij 3,6 V)Oplaadtype: het wordt aanbevolen om een oplader van minimaal 5V\/2A te gebruiken.Nominaal vermogen: 4,5 WOpslagcapaciteit: Uitbreidbaar (met microSD-kaart)Oplaadtijd: 1,5 uur (met oplader 5 V \/ 3 A)Levensduur batterij: 4 uurGewicht: Ca. 390 gram","og_url":"https:\/\/koningdrone.be\/de\/produkt\/dji-rc-rm330-remote-controller-for-mini-3-pro\/","og_site_name":"koningdrone.be","article_modified_time":"2026-04-29T02:10:50+00:00","og_image":[{"width":1200,"height":1200,"url":"https:\/\/koningdrone.be\/wp-content\/uploads\/sites\/13\/2025\/04\/6941565933911-1.jpg","type":"image\/jpeg"}],"twitter_card":"summary_large_image","twitter_misc":{"Gesch\u00e4tzte Lesezeit":"1\u00a0Minute"},"schema":{"@context":"https:\/\/schema.org","@graph":[{"@type":"WebPage","@id":"https:\/\/koningdrone.be\/product\/dji-rc-rm330-remote-controller-for-mini-3-pro\/","url":"https:\/\/koningdrone.be\/product\/dji-rc-rm330-remote-controller-for-mini-3-pro\/","name":"DJI RC RM330 - Remote Controller - koningdrone.be","isPartOf":{"@id":"https:\/\/koningdrone.be\/#website"},"primaryImageOfPage":{"@id":"https:\/\/koningdrone.be\/product\/dji-rc-rm330-remote-controller-for-mini-3-pro\/#primaryimage"},"image":{"@id":"https:\/\/koningdrone.be\/product\/dji-rc-rm330-remote-controller-for-mini-3-pro\/#primaryimage"},"thumbnailUrl":"https:\/\/koningdrone.be\/wp-content\/uploads\/sites\/13\/2025\/04\/6941565933911-1.jpg","datePublished":"2022-11-02T08:13:42+00:00","dateModified":"2026-04-29T02:10:50+00:00","breadcrumb":{"@id":"https:\/\/koningdrone.be\/product\/dji-rc-rm330-remote-controller-for-mini-3-pro\/#breadcrumb"},"inLanguage":"de","potentialAction":[{"@type":"ReadAction","target":["https:\/\/koningdrone.be\/product\/dji-rc-rm330-remote-controller-for-mini-3-pro\/"]}]},{"@type":"ImageObject","inLanguage":"de","@id":"https:\/\/koningdrone.be\/product\/dji-rc-rm330-remote-controller-for-mini-3-pro\/#primaryimage","url":"https:\/\/koningdrone.be\/wp-content\/uploads\/sites\/13\/2025\/04\/6941565933911-1.jpg","contentUrl":"https:\/\/koningdrone.be\/wp-content\/uploads\/sites\/13\/2025\/04\/6941565933911-1.jpg","width":1200,"height":1200},{"@type":"BreadcrumbList","@id":"https:\/\/koningdrone.be\/product\/dji-rc-rm330-remote-controller-for-mini-3-pro\/#breadcrumb","itemListElement":[{"@type":"ListItem","position":1,"name":"Home","item":"https:\/\/koningdrone.be\/"},{"@type":"ListItem","position":2,"name":"AVSS Parachute Recovery System for DJI Matrice 300\/350","item":"https:\/\/koningdrone.be\/product\/avss-parachute-recovery-system-for-dji-matrice-300-350\/"},{"@type":"ListItem","position":3,"name":"Alle afstandsbedieningen","item":"https:\/\/koningdrone.be\/categorie\/alle-afstandsbedieningen\/"},{"@type":"ListItem","position":4,"name":"DJI RC RM330 &#8211; Remote Controller"}]},{"@type":"WebSite","@id":"https:\/\/koningdrone.be\/#website","url":"https:\/\/koningdrone.be\/","name":"Koningdrone.be - Ihr Online-Spezialist f\u00fcr Drohnen, Gimbals, Kameras und Kraftwerke.","description":"Der Webshop f\u00fcr Drohnen und Gimbals","publisher":{"@id":"https:\/\/koningdrone.be\/#organization"},"potentialAction":[{"@type":"SearchAction","target":{"@type":"EntryPoint","urlTemplate":"https:\/\/koningdrone.be\/?s={search_term_string}"},"query-input":{"@type":"PropertyValueSpecification","valueRequired":true,"valueName":"search_term_string"}}],"inLanguage":"de"},{"@type":"Organization","@id":"https:\/\/koningdrone.be\/#organization","name":"Kingdrone.de","url":"https:\/\/koningdrone.be\/","logo":{"@type":"ImageObject","inLanguage":"de","@id":"https:\/\/koningdrone.be\/#\/schema\/logo\/image\/","url":"https:\/\/koningdrone.be\/wp-content\/uploads\/sites\/13\/2025\/04\/koningdrone-copyright-logo.svg","contentUrl":"https:\/\/koningdrone.be\/wp-content\/uploads\/sites\/13\/2025\/04\/koningdrone-copyright-logo.svg","width":227,"height":38,"caption":"Koningdrone.be"},"image":{"@id":"https:\/\/koningdrone.be\/#\/schema\/logo\/image\/"}}]}},"df_price":296,"df_sale_price":"","df_regular_price":296,"df_image_link":"https:\/\/koningdrone.be\/wp-content\/uploads\/sites\/13\/2025\/04\/6941565933911-1-300x300.jpg","_links":{"self":[{"href":"https:\/\/koningdrone.be\/de\/wp-json\/wp\/v2\/product\/5612","targetHints":{"allow":["GET"]}}],"collection":[{"href":"https:\/\/koningdrone.be\/de\/wp-json\/wp\/v2\/product"}],"about":[{"href":"https:\/\/koningdrone.be\/de\/wp-json\/wp\/v2\/types\/product"}],"wp:featuredmedia":[{"embeddable":true,"href":"https:\/\/koningdrone.be\/de\/wp-json\/wp\/v2\/media\/5607"}],"wp:attachment":[{"href":"https:\/\/koningdrone.be\/de\/wp-json\/wp\/v2\/media?parent=5612"}],"wp:term":[{"taxonomy":"product_brand","embeddable":true,"href":"https:\/\/koningdrone.be\/de\/wp-json\/wp\/v2\/product_brand?post=5612"},{"taxonomy":"product_cat","embeddable":true,"href":"https:\/\/koningdrone.be\/de\/wp-json\/wp\/v2\/product_cat?post=5612"},{"taxonomy":"product_tag","embeddable":true,"href":"https:\/\/koningdrone.be\/de\/wp-json\/wp\/v2\/product_tag?post=5612"}],"curies":[{"name":"wp","href":"https:\/\/api.w.org\/{rel}","templated":true}]}}