{"id":5565,"date":"2022-11-02T09:13:47","date_gmt":"2022-11-02T08:13:47","guid":{"rendered":"https:\/\/koningdrone.nl\/kon\/product\/dji-action-3-waterproof-case\/"},"modified":"2026-04-29T03:51:06","modified_gmt":"2026-04-29T01:51:06","slug":"dji-action-3-waterproof-case","status":"publish","type":"product","link":"https:\/\/koningdrone.be\/de\/produkt\/dji-action-3-waterproof-case\/","title":{"rendered":"Osmo Action 60m Wasserdichtes Geh\u00e4use"},"content":{"rendered":"<p><strong>Au\u00dfergew\u00f6hnlicher wasserdichter Schutz<\/strong><\/p>\n<p> Dieses Produkt bietet einen au\u00dfergew\u00f6hnlichen wasserdichten Schutz, der es Tauchern erm\u00f6glicht, bis zu einer Tiefe von 60 Metern zu tauchen. Diese F\u00e4higkeit erweitert die M\u00f6glichkeiten zur Erkundung und Aufnahme von Unterwasserszenen erheblich.<\/p>\n<p><strong>Hochfestes Glas f\u00fcr klare Sicht<\/strong><\/p>\n<p> Sie enth\u00e4lt hochwertiges Glas, um sicherzustellen, dass der Benutzer bei der Erkundung von Unterwasserwelten ein klares und sicheres Bild erh\u00e4lt.<\/p>\n<p><strong>Gew\u00e4hrleistung einer optimalen Wasserdichtigkeit<\/strong><\/p>\n<p> Um eine optimale Wasserdichtigkeit zu gew\u00e4hrleisten, ist es wichtig, die Abdeckung des Batteriefachs und den USB-C-Anschluss vor der Verwendung ordnungsgem\u00e4\u00df zu schlie\u00dfen und die Objektivabdeckung sicher zu befestigen.<\/p>\n<p><strong>Umfangreiche Unterwasseraktivit\u00e4ten<\/strong><\/p>\n<p> F\u00fcr langfristige Unterwasseraktivit\u00e4ten oder in Situationen, in denen der Wasserdruck sehr hoch ist, wird die Verwendung des wasserdichten Geh\u00e4uses empfohlen. Das wasserdichte Geh\u00e4use des Osmo Action 3 erf\u00fcllt die IP68-Norm f\u00fcr Wasserdichtigkeit und bietet somit ein hohes Ma\u00df an Schutz gegen das Eindringen von Wasser.<\/p>\n<p><strong>Wichtiger Hinweis f\u00fcr den Benutzer<\/strong><\/p>\n<p> Bitte beachten Sie, dass diese Kamera nicht in hei\u00dfen Wasserquellen verwendet oder \u00e4tzenden Fl\u00fcssigkeiten ausgesetzt werden sollte, um Sch\u00e4den zu vermeiden.<\/p>\n<p><\/p>","protected":false},"excerpt":{"rendered":"<ul>\n<li>Wasserdichter Schutz bis zu einer Tiefe von 60 Metern<\/li>\n<li> Sehr starkes Glas f\u00fcr klare Sicht<\/li>\n<li> Enth\u00e4lt Vorsichtsma\u00dfnahmen f\u00fcr den sicheren Gebrauch<\/li>\n<li> Empfohlen f\u00fcr Langzeitaufnahmen unter Wasser<\/li>\n<li> Wasserdichtes Geh\u00e4use des Osmo Action 3 mit Schutzklasse IP68<\/li>\n<li> Nicht geeignet f\u00fcr hei\u00dfe Quellen oder korrosive Fl\u00fcssigkeiten<\/li>\n<\/ul>","protected":false},"featured_media":5561,"template":"","meta":{"_acf_changed":false},"product_brand":[],"product_cat":[756,410,97,297,757],"product_tag":[],"class_list":{"0":"post-5565","1":"product","2":"type-product","3":"status-publish","4":"has-post-thumbnail","6":"product_cat-accessoires","7":"product_cat-alle-handheld-gimbals","8":"product_cat-alle-producten","9":"product_cat-dji-osmo","10":"product_cat-dji-osmo-action","11":"product_shipping_class-acsystemsall","12":"pa_brand-dji","13":"pa_productfamily-waterproof-case","14":"pa_producttype-waterproof-case","15":"pa_series-osmo-mobile","17":"first","18":"instock","19":"taxable","20":"shipping-taxable","21":"purchasable","22":"product-type-simple"},"acf":[],"yoast_head":"<!-- This site is optimized with the Yoast SEO Premium plugin v27.2 (Yoast SEO v27.2) - https:\/\/yoast.com\/product\/yoast-seo-premium-wordpress\/ -->\n<title>Osmo Action 60m Waterproof Case - koningdrone.be<\/title>\n<meta name=\"robots\" content=\"index, follow, max-snippet:-1, max-image-preview:large, max-video-preview:-1\" \/>\n<link rel=\"canonical\" href=\"https:\/\/koningdrone.be\/de\/produkt\/dji-action-3-waterproof-case\/\" \/>\n<meta property=\"og:locale\" content=\"de_DE\" \/>\n<meta property=\"og:type\" content=\"article\" \/>\n<meta property=\"og:title\" content=\"Osmo Action 60m Waterproof Case\" \/>\n<meta property=\"og:description\" content=\"Waterdichte bescherming tot 60 meter diepte Zeer sterk glas voor helder zicht Bevat voorzorgsmaatregelen voor veilig gebruik Aanbevolen voor langdurige onderwateropnamen Osmo Action 3 waterdichte behuizing met IP68-classificatie Niet geschikt voor warmwaterbronnen of bijtende vloeistoffen\" \/>\n<meta property=\"og:url\" content=\"https:\/\/koningdrone.be\/de\/produkt\/dji-action-3-waterproof-case\/\" \/>\n<meta property=\"og:site_name\" content=\"koningdrone.be\" \/>\n<meta property=\"article:modified_time\" content=\"2026-04-29T01:51:06+00:00\" \/>\n<meta property=\"og:image\" content=\"https:\/\/koningdrone.be\/wp-content\/uploads\/sites\/13\/2025\/04\/fe824daf1a27270466f3d670dcbe6b3a@large.jpg\" \/>\n\t<meta property=\"og:image:width\" content=\"1200\" \/>\n\t<meta property=\"og:image:height\" content=\"800\" \/>\n\t<meta property=\"og:image:type\" content=\"image\/jpeg\" \/>\n<meta name=\"twitter:card\" content=\"summary_large_image\" \/>\n<meta name=\"twitter:label1\" content=\"Gesch\u00e4tzte Lesezeit\" \/>\n\t<meta name=\"twitter:data1\" content=\"1\u00a0Minute\" \/>\n<script type=\"application\/ld+json\" class=\"yoast-schema-graph\">{\"@context\":\"https:\/\/schema.org\",\"@graph\":[{\"@type\":\"WebPage\",\"@id\":\"https:\/\/koningdrone.be\/product\/dji-action-3-waterproof-case\/\",\"url\":\"https:\/\/koningdrone.be\/product\/dji-action-3-waterproof-case\/\",\"name\":\"Osmo Action 60m Waterproof Case - koningdrone.be\",\"isPartOf\":{\"@id\":\"https:\/\/koningdrone.be\/#website\"},\"primaryImageOfPage\":{\"@id\":\"https:\/\/koningdrone.be\/product\/dji-action-3-waterproof-case\/#primaryimage\"},\"image\":{\"@id\":\"https:\/\/koningdrone.be\/product\/dji-action-3-waterproof-case\/#primaryimage\"},\"thumbnailUrl\":\"https:\/\/koningdrone.be\/wp-content\/uploads\/sites\/13\/2025\/04\/fe824daf1a27270466f3d670dcbe6b3a@large.jpg\",\"datePublished\":\"2022-11-02T08:13:47+00:00\",\"dateModified\":\"2026-04-29T01:51:06+00:00\",\"breadcrumb\":{\"@id\":\"https:\/\/koningdrone.be\/product\/dji-action-3-waterproof-case\/#breadcrumb\"},\"inLanguage\":\"de\",\"potentialAction\":[{\"@type\":\"ReadAction\",\"target\":[\"https:\/\/koningdrone.be\/product\/dji-action-3-waterproof-case\/\"]}]},{\"@type\":\"ImageObject\",\"inLanguage\":\"de\",\"@id\":\"https:\/\/koningdrone.be\/product\/dji-action-3-waterproof-case\/#primaryimage\",\"url\":\"https:\/\/koningdrone.be\/wp-content\/uploads\/sites\/13\/2025\/04\/fe824daf1a27270466f3d670dcbe6b3a@large.jpg\",\"contentUrl\":\"https:\/\/koningdrone.be\/wp-content\/uploads\/sites\/13\/2025\/04\/fe824daf1a27270466f3d670dcbe6b3a@large.jpg\",\"width\":1200,\"height\":800},{\"@type\":\"BreadcrumbList\",\"@id\":\"https:\/\/koningdrone.be\/product\/dji-action-3-waterproof-case\/#breadcrumb\",\"itemListElement\":[{\"@type\":\"ListItem\",\"position\":1,\"name\":\"Home\",\"item\":\"https:\/\/koningdrone.be\/\"},{\"@type\":\"ListItem\",\"position\":2,\"name\":\"AVSS Parachute Recovery System for DJI Matrice 300\/350\",\"item\":\"https:\/\/koningdrone.be\/product\/avss-parachute-recovery-system-for-dji-matrice-300-350\/\"},{\"@type\":\"ListItem\",\"position\":3,\"name\":\"Accessoires\",\"item\":\"https:\/\/koningdrone.be\/categorie\/accessoires\/\"},{\"@type\":\"ListItem\",\"position\":4,\"name\":\"Osmo Action 60m Waterproof Case\"}]},{\"@type\":\"WebSite\",\"@id\":\"https:\/\/koningdrone.be\/#website\",\"url\":\"https:\/\/koningdrone.be\/\",\"name\":\"Koningdrone.be - Uw online specialist in drones, gimbals, camera's en power stations.\",\"description\":\"De webshop in drones en gimbals\",\"publisher\":{\"@id\":\"https:\/\/koningdrone.be\/#organization\"},\"potentialAction\":[{\"@type\":\"SearchAction\",\"target\":{\"@type\":\"EntryPoint\",\"urlTemplate\":\"https:\/\/koningdrone.be\/?s={search_term_string}\"},\"query-input\":{\"@type\":\"PropertyValueSpecification\",\"valueRequired\":true,\"valueName\":\"search_term_string\"}}],\"inLanguage\":\"de\"},{\"@type\":\"Organization\",\"@id\":\"https:\/\/koningdrone.be\/#organization\",\"name\":\"Koningdrone.be\",\"url\":\"https:\/\/koningdrone.be\/\",\"logo\":{\"@type\":\"ImageObject\",\"inLanguage\":\"de\",\"@id\":\"https:\/\/koningdrone.be\/#\/schema\/logo\/image\/\",\"url\":\"https:\/\/koningdrone.be\/wp-content\/uploads\/sites\/13\/2025\/04\/koningdrone-copyright-logo.svg\",\"contentUrl\":\"https:\/\/koningdrone.be\/wp-content\/uploads\/sites\/13\/2025\/04\/koningdrone-copyright-logo.svg\",\"width\":227,\"height\":38,\"caption\":\"Koningdrone.be\"},\"image\":{\"@id\":\"https:\/\/koningdrone.be\/#\/schema\/logo\/image\/\"}}]}<\/script>\n<!-- \/ Yoast SEO Premium plugin. -->","yoast_head_json":{"title":"Osmo Action 60m Waterproof Case - koningdrone.be","robots":{"index":"index","follow":"follow","max-snippet":"max-snippet:-1","max-image-preview":"max-image-preview:large","max-video-preview":"max-video-preview:-1"},"canonical":"https:\/\/koningdrone.be\/de\/produkt\/dji-action-3-waterproof-case\/","og_locale":"de_DE","og_type":"article","og_title":"Osmo Action 60m Waterproof Case","og_description":"Waterdichte bescherming tot 60 meter diepte Zeer sterk glas voor helder zicht Bevat voorzorgsmaatregelen voor veilig gebruik Aanbevolen voor langdurige onderwateropnamen Osmo Action 3 waterdichte behuizing met IP68-classificatie Niet geschikt voor warmwaterbronnen of bijtende vloeistoffen","og_url":"https:\/\/koningdrone.be\/de\/produkt\/dji-action-3-waterproof-case\/","og_site_name":"koningdrone.be","article_modified_time":"2026-04-29T01:51:06+00:00","og_image":[{"width":1200,"height":800,"url":"https:\/\/koningdrone.be\/wp-content\/uploads\/sites\/13\/2025\/04\/fe824daf1a27270466f3d670dcbe6b3a@large.jpg","type":"image\/jpeg"}],"twitter_card":"summary_large_image","twitter_misc":{"Gesch\u00e4tzte Lesezeit":"1\u00a0Minute"},"schema":{"@context":"https:\/\/schema.org","@graph":[{"@type":"WebPage","@id":"https:\/\/koningdrone.be\/product\/dji-action-3-waterproof-case\/","url":"https:\/\/koningdrone.be\/product\/dji-action-3-waterproof-case\/","name":"Osmo Action 60m Waterproof Case - koningdrone.be","isPartOf":{"@id":"https:\/\/koningdrone.be\/#website"},"primaryImageOfPage":{"@id":"https:\/\/koningdrone.be\/product\/dji-action-3-waterproof-case\/#primaryimage"},"image":{"@id":"https:\/\/koningdrone.be\/product\/dji-action-3-waterproof-case\/#primaryimage"},"thumbnailUrl":"https:\/\/koningdrone.be\/wp-content\/uploads\/sites\/13\/2025\/04\/fe824daf1a27270466f3d670dcbe6b3a@large.jpg","datePublished":"2022-11-02T08:13:47+00:00","dateModified":"2026-04-29T01:51:06+00:00","breadcrumb":{"@id":"https:\/\/koningdrone.be\/product\/dji-action-3-waterproof-case\/#breadcrumb"},"inLanguage":"de","potentialAction":[{"@type":"ReadAction","target":["https:\/\/koningdrone.be\/product\/dji-action-3-waterproof-case\/"]}]},{"@type":"ImageObject","inLanguage":"de","@id":"https:\/\/koningdrone.be\/product\/dji-action-3-waterproof-case\/#primaryimage","url":"https:\/\/koningdrone.be\/wp-content\/uploads\/sites\/13\/2025\/04\/fe824daf1a27270466f3d670dcbe6b3a@large.jpg","contentUrl":"https:\/\/koningdrone.be\/wp-content\/uploads\/sites\/13\/2025\/04\/fe824daf1a27270466f3d670dcbe6b3a@large.jpg","width":1200,"height":800},{"@type":"BreadcrumbList","@id":"https:\/\/koningdrone.be\/product\/dji-action-3-waterproof-case\/#breadcrumb","itemListElement":[{"@type":"ListItem","position":1,"name":"Home","item":"https:\/\/koningdrone.be\/"},{"@type":"ListItem","position":2,"name":"AVSS Parachute Recovery System for DJI Matrice 300\/350","item":"https:\/\/koningdrone.be\/product\/avss-parachute-recovery-system-for-dji-matrice-300-350\/"},{"@type":"ListItem","position":3,"name":"Accessoires","item":"https:\/\/koningdrone.be\/categorie\/accessoires\/"},{"@type":"ListItem","position":4,"name":"Osmo Action 60m Waterproof Case"}]},{"@type":"WebSite","@id":"https:\/\/koningdrone.be\/#website","url":"https:\/\/koningdrone.be\/","name":"Koningdrone.be - Ihr Online-Spezialist f\u00fcr Drohnen, Gimbals, Kameras und Kraftwerke.","description":"Der Webshop f\u00fcr Drohnen und Gimbals","publisher":{"@id":"https:\/\/koningdrone.be\/#organization"},"potentialAction":[{"@type":"SearchAction","target":{"@type":"EntryPoint","urlTemplate":"https:\/\/koningdrone.be\/?s={search_term_string}"},"query-input":{"@type":"PropertyValueSpecification","valueRequired":true,"valueName":"search_term_string"}}],"inLanguage":"de"},{"@type":"Organization","@id":"https:\/\/koningdrone.be\/#organization","name":"Kingdrone.de","url":"https:\/\/koningdrone.be\/","logo":{"@type":"ImageObject","inLanguage":"de","@id":"https:\/\/koningdrone.be\/#\/schema\/logo\/image\/","url":"https:\/\/koningdrone.be\/wp-content\/uploads\/sites\/13\/2025\/04\/koningdrone-copyright-logo.svg","contentUrl":"https:\/\/koningdrone.be\/wp-content\/uploads\/sites\/13\/2025\/04\/koningdrone-copyright-logo.svg","width":227,"height":38,"caption":"Koningdrone.be"},"image":{"@id":"https:\/\/koningdrone.be\/#\/schema\/logo\/image\/"}}]}},"df_price":59,"df_sale_price":"","df_regular_price":59,"df_image_link":"https:\/\/koningdrone.be\/wp-content\/uploads\/sites\/13\/2025\/04\/fe824daf1a27270466f3d670dcbe6b3a@large-300x200.jpg","_links":{"self":[{"href":"https:\/\/koningdrone.be\/de\/wp-json\/wp\/v2\/product\/5565","targetHints":{"allow":["GET"]}}],"collection":[{"href":"https:\/\/koningdrone.be\/de\/wp-json\/wp\/v2\/product"}],"about":[{"href":"https:\/\/koningdrone.be\/de\/wp-json\/wp\/v2\/types\/product"}],"wp:featuredmedia":[{"embeddable":true,"href":"https:\/\/koningdrone.be\/de\/wp-json\/wp\/v2\/media\/5561"}],"wp:attachment":[{"href":"https:\/\/koningdrone.be\/de\/wp-json\/wp\/v2\/media?parent=5565"}],"wp:term":[{"taxonomy":"product_brand","embeddable":true,"href":"https:\/\/koningdrone.be\/de\/wp-json\/wp\/v2\/product_brand?post=5565"},{"taxonomy":"product_cat","embeddable":true,"href":"https:\/\/koningdrone.be\/de\/wp-json\/wp\/v2\/product_cat?post=5565"},{"taxonomy":"product_tag","embeddable":true,"href":"https:\/\/koningdrone.be\/de\/wp-json\/wp\/v2\/product_tag?post=5565"}],"curies":[{"name":"wp","href":"https:\/\/api.w.org\/{rel}","templated":true}]}}