{"id":5548,"date":"2022-11-02T09:13:47","date_gmt":"2022-11-02T08:13:47","guid":{"rendered":"https:\/\/koningdrone.nl\/kon\/product\/dji-avata-fly-more-kit\/"},"modified":"2026-04-29T03:50:41","modified_gmt":"2026-04-29T01:50:41","slug":"dji-avata-fly-more-kit","status":"publish","type":"product","link":"https:\/\/koningdrone.be\/de\/produkt\/dji-avata-fly-more-kit\/","title":{"rendered":"DJI Avata Fly More Kit"},"content":{"rendered":"<p><strong>Umfassendes Flugkit<\/strong><\/p>\n<p> Das DJI Avata Fly More Kit ist eine kosteneffektive Paketl\u00f6sung, die Enthusiasten zwei Intelligent Flight Batteries in Kombination mit einem Akku-Ladeger\u00e4t bietet. Diese Kombination sorgt f\u00fcr l\u00e4ngere Flugzeiten und macht es zu einer unverzichtbaren Anschaffung f\u00fcr alle, die ihr Flugerlebnis maximieren m\u00f6chten, ohne sich st\u00e4ndig Gedanken \u00fcber die Stromversorgung zu machen.<\/p>\n<p><strong>Verl\u00e4ngerte Flugdauer<\/strong><\/p>\n<p> Jede Intelligent Flight Battery des Bausatzes hat eine Kapazit\u00e4t von 35,71 Wh, was unter idealen Bedingungen zu einer beeindruckenden Flugzeit von bis zu 18 Minuten f\u00fchrt. Diese Bedingungen beziehen sich in der Regel auf Fl\u00fcge, die in ruhigen, windstillen Umgebungen durchgef\u00fchrt werden. Diese l\u00e4ngere Flugzeit ist ein bedeutender Vorteil f\u00fcr die Piloten, denn sie erm\u00f6glicht l\u00e4ngere Aufkl\u00e4rungs- und Aufzeichnungsphasen.<\/p>\n<p><strong>Intelligentes Batteriemanagement<\/strong><\/p>\n<p> Die Integration des DJI Intelligent Battery Management Systems in diese Akkus bedeutet einen gro\u00dfen Sprung in Sachen Komfort und Sicherheit. Durch die aktive \u00dcberwachung des Akkustatus in Echtzeit befreit dieses System die Piloten von der Sorge um den Energiestand. Stattdessen k\u00f6nnen sie sich auf das Fliegen konzentrieren, da sie wissen, dass das System die Effizienz und Sicherheit des Akkus gew\u00e4hrleistet.<\/p>\n<p><strong>Effiziente Ladestation<\/strong><\/p>\n<p> Der DJI Avata Battery Charging Hub erg\u00e4nzt die Intelligent Flight Akkus, indem er den Ladevorgang rationalisiert. Der Hub kann bis zu vier Akkus nacheinander aufladen und verbessert die Ladeeffizienz. Dies bedeutet, dass die Ausfallzeiten zwischen den Fl\u00fcgen erheblich reduziert werden, so dass die Piloten mehr Zeit in der Luft verbringen k\u00f6nnen und weniger Zeit mit dem Warten auf das Aufladen der Akkus verbringen m\u00fcssen.<\/p>\n<p><\/p>","protected":false},"excerpt":{"rendered":"<ul>\n<li>Kosteng\u00fcnstiger als Einzelk\u00e4ufe<\/li>\n<li> Inklusive zwei Intelligent Flight Batterien<\/li>\n<li> Wird mit einer Batterieladestation geliefert<\/li>\n<li> Nennkapazit\u00e4t von 35,71 Wh pro Akku<\/li>\n<li> Ungef\u00e4hr 18 Minuten Flugzeit pro Ladung<\/li>\n<li> Eingebautes intelligentes DJI-Akku-Management-System<\/li>\n<li> \u00dcberwachung des Batteriestatus in Echtzeit<\/li>\n<li> Charging Hub l\u00e4dt vier Batterien nacheinander auf<\/li>\n<li> Verbesserte Ladeeffizienz<\/li>\n<\/ul>","protected":false},"featured_media":5546,"template":"","meta":{"_acf_changed":false},"product_brand":[],"product_cat":[113,135,111,1132,261],"product_tag":[],"class_list":{"0":"post-5548","1":"product","2":"type-product","3":"status-publish","4":"has-post-thumbnail","6":"product_cat-alle-batterijen","7":"product_cat-alle-drones","8":"product_cat-alle-opladers","9":"product_cat-alle-productens","10":"product_cat-dji-avata","11":"product_shipping_class-acsystemsall","12":"pa_brand-dji","13":"pa_productfamily-flymore-pakket","14":"pa_producttype-flymore-pakket","15":"pa_series-avata","17":"first","18":"instock","19":"taxable","20":"shipping-taxable","21":"purchasable","22":"product-type-simple"},"acf":[],"yoast_head":"<!-- This site is optimized with the Yoast SEO Premium plugin v27.2 (Yoast SEO v27.2) - https:\/\/yoast.com\/product\/yoast-seo-premium-wordpress\/ -->\n<title>DJI Avata Fly More Kit - koningdrone.be<\/title>\n<meta name=\"robots\" content=\"index, follow, max-snippet:-1, max-image-preview:large, max-video-preview:-1\" \/>\n<link rel=\"canonical\" href=\"https:\/\/koningdrone.be\/de\/produkt\/dji-avata-fly-more-kit\/\" \/>\n<meta property=\"og:locale\" content=\"de_DE\" \/>\n<meta property=\"og:type\" content=\"article\" \/>\n<meta property=\"og:title\" content=\"DJI Avata Fly More Kit\" \/>\n<meta property=\"og:description\" content=\"Kosteneffectiever dan individuele aankopen Inclusief twee Intelligent Flight-batterijen Wordt geleverd met een batterijoplaadhub Nominale capaciteit van 35,71 Wh per batterij Ongeveer 18 minuten vliegtijd per oplaadbeurt Ingebouwd DJI intelligent batterijbeheersysteem Realtime monitoring van de batterijstatus Charging Hub laadt vier batterijen achter elkaar op Verbeterde laadeffici\u00ebntie\" \/>\n<meta property=\"og:url\" content=\"https:\/\/koningdrone.be\/de\/produkt\/dji-avata-fly-more-kit\/\" \/>\n<meta property=\"og:site_name\" content=\"koningdrone.be\" \/>\n<meta property=\"article:modified_time\" content=\"2026-04-29T01:50:41+00:00\" \/>\n<meta property=\"og:image\" content=\"https:\/\/koningdrone.be\/wp-content\/uploads\/sites\/13\/2025\/04\/1ba43f2239a2319d913b52325b690c76@large.jpg\" \/>\n\t<meta property=\"og:image:width\" content=\"1200\" \/>\n\t<meta property=\"og:image:height\" content=\"800\" \/>\n\t<meta property=\"og:image:type\" content=\"image\/jpeg\" \/>\n<meta name=\"twitter:card\" content=\"summary_large_image\" \/>\n<meta name=\"twitter:label1\" content=\"Gesch\u00e4tzte Lesezeit\" \/>\n\t<meta name=\"twitter:data1\" content=\"1\u00a0Minute\" \/>\n<script type=\"application\/ld+json\" class=\"yoast-schema-graph\">{\"@context\":\"https:\/\/schema.org\",\"@graph\":[{\"@type\":\"WebPage\",\"@id\":\"https:\/\/koningdrone.be\/product\/dji-avata-fly-more-kit\/\",\"url\":\"https:\/\/koningdrone.be\/product\/dji-avata-fly-more-kit\/\",\"name\":\"DJI Avata Fly More Kit - koningdrone.be\",\"isPartOf\":{\"@id\":\"https:\/\/koningdrone.be\/#website\"},\"primaryImageOfPage\":{\"@id\":\"https:\/\/koningdrone.be\/product\/dji-avata-fly-more-kit\/#primaryimage\"},\"image\":{\"@id\":\"https:\/\/koningdrone.be\/product\/dji-avata-fly-more-kit\/#primaryimage\"},\"thumbnailUrl\":\"https:\/\/koningdrone.be\/wp-content\/uploads\/sites\/13\/2025\/04\/1ba43f2239a2319d913b52325b690c76@large.jpg\",\"datePublished\":\"2022-11-02T08:13:47+00:00\",\"dateModified\":\"2026-04-29T01:50:41+00:00\",\"breadcrumb\":{\"@id\":\"https:\/\/koningdrone.be\/product\/dji-avata-fly-more-kit\/#breadcrumb\"},\"inLanguage\":\"de\",\"potentialAction\":[{\"@type\":\"ReadAction\",\"target\":[\"https:\/\/koningdrone.be\/product\/dji-avata-fly-more-kit\/\"]}]},{\"@type\":\"ImageObject\",\"inLanguage\":\"de\",\"@id\":\"https:\/\/koningdrone.be\/product\/dji-avata-fly-more-kit\/#primaryimage\",\"url\":\"https:\/\/koningdrone.be\/wp-content\/uploads\/sites\/13\/2025\/04\/1ba43f2239a2319d913b52325b690c76@large.jpg\",\"contentUrl\":\"https:\/\/koningdrone.be\/wp-content\/uploads\/sites\/13\/2025\/04\/1ba43f2239a2319d913b52325b690c76@large.jpg\",\"width\":1200,\"height\":800},{\"@type\":\"BreadcrumbList\",\"@id\":\"https:\/\/koningdrone.be\/product\/dji-avata-fly-more-kit\/#breadcrumb\",\"itemListElement\":[{\"@type\":\"ListItem\",\"position\":1,\"name\":\"Home\",\"item\":\"https:\/\/koningdrone.be\/\"},{\"@type\":\"ListItem\",\"position\":2,\"name\":\"AVSS Parachute Recovery System for DJI Matrice 300\/350\",\"item\":\"https:\/\/koningdrone.be\/product\/avss-parachute-recovery-system-for-dji-matrice-300-350\/\"},{\"@type\":\"ListItem\",\"position\":3,\"name\":\"Alle batterijen\",\"item\":\"https:\/\/koningdrone.be\/categorie\/alle-batterijen\/\"},{\"@type\":\"ListItem\",\"position\":4,\"name\":\"DJI Avata Fly More Kit\"}]},{\"@type\":\"WebSite\",\"@id\":\"https:\/\/koningdrone.be\/#website\",\"url\":\"https:\/\/koningdrone.be\/\",\"name\":\"Koningdrone.be - Uw online specialist in drones, gimbals, camera's en power stations.\",\"description\":\"De webshop in drones en gimbals\",\"publisher\":{\"@id\":\"https:\/\/koningdrone.be\/#organization\"},\"potentialAction\":[{\"@type\":\"SearchAction\",\"target\":{\"@type\":\"EntryPoint\",\"urlTemplate\":\"https:\/\/koningdrone.be\/?s={search_term_string}\"},\"query-input\":{\"@type\":\"PropertyValueSpecification\",\"valueRequired\":true,\"valueName\":\"search_term_string\"}}],\"inLanguage\":\"de\"},{\"@type\":\"Organization\",\"@id\":\"https:\/\/koningdrone.be\/#organization\",\"name\":\"Koningdrone.be\",\"url\":\"https:\/\/koningdrone.be\/\",\"logo\":{\"@type\":\"ImageObject\",\"inLanguage\":\"de\",\"@id\":\"https:\/\/koningdrone.be\/#\/schema\/logo\/image\/\",\"url\":\"https:\/\/koningdrone.be\/wp-content\/uploads\/sites\/13\/2025\/04\/koningdrone-copyright-logo.svg\",\"contentUrl\":\"https:\/\/koningdrone.be\/wp-content\/uploads\/sites\/13\/2025\/04\/koningdrone-copyright-logo.svg\",\"width\":227,\"height\":38,\"caption\":\"Koningdrone.be\"},\"image\":{\"@id\":\"https:\/\/koningdrone.be\/#\/schema\/logo\/image\/\"}}]}<\/script>\n<!-- \/ Yoast SEO Premium plugin. -->","yoast_head_json":{"title":"DJI Avata Fly More Kit - koningdrone.be","robots":{"index":"index","follow":"follow","max-snippet":"max-snippet:-1","max-image-preview":"max-image-preview:large","max-video-preview":"max-video-preview:-1"},"canonical":"https:\/\/koningdrone.be\/de\/produkt\/dji-avata-fly-more-kit\/","og_locale":"de_DE","og_type":"article","og_title":"DJI Avata Fly More Kit","og_description":"Kosteneffectiever dan individuele aankopen Inclusief twee Intelligent Flight-batterijen Wordt geleverd met een batterijoplaadhub Nominale capaciteit van 35,71 Wh per batterij Ongeveer 18 minuten vliegtijd per oplaadbeurt Ingebouwd DJI intelligent batterijbeheersysteem Realtime monitoring van de batterijstatus Charging Hub laadt vier batterijen achter elkaar op Verbeterde laadeffici\u00ebntie","og_url":"https:\/\/koningdrone.be\/de\/produkt\/dji-avata-fly-more-kit\/","og_site_name":"koningdrone.be","article_modified_time":"2026-04-29T01:50:41+00:00","og_image":[{"width":1200,"height":800,"url":"https:\/\/koningdrone.be\/wp-content\/uploads\/sites\/13\/2025\/04\/1ba43f2239a2319d913b52325b690c76@large.jpg","type":"image\/jpeg"}],"twitter_card":"summary_large_image","twitter_misc":{"Gesch\u00e4tzte Lesezeit":"1\u00a0Minute"},"schema":{"@context":"https:\/\/schema.org","@graph":[{"@type":"WebPage","@id":"https:\/\/koningdrone.be\/product\/dji-avata-fly-more-kit\/","url":"https:\/\/koningdrone.be\/product\/dji-avata-fly-more-kit\/","name":"DJI Avata Fly More Kit - koningdrone.be","isPartOf":{"@id":"https:\/\/koningdrone.be\/#website"},"primaryImageOfPage":{"@id":"https:\/\/koningdrone.be\/product\/dji-avata-fly-more-kit\/#primaryimage"},"image":{"@id":"https:\/\/koningdrone.be\/product\/dji-avata-fly-more-kit\/#primaryimage"},"thumbnailUrl":"https:\/\/koningdrone.be\/wp-content\/uploads\/sites\/13\/2025\/04\/1ba43f2239a2319d913b52325b690c76@large.jpg","datePublished":"2022-11-02T08:13:47+00:00","dateModified":"2026-04-29T01:50:41+00:00","breadcrumb":{"@id":"https:\/\/koningdrone.be\/product\/dji-avata-fly-more-kit\/#breadcrumb"},"inLanguage":"de","potentialAction":[{"@type":"ReadAction","target":["https:\/\/koningdrone.be\/product\/dji-avata-fly-more-kit\/"]}]},{"@type":"ImageObject","inLanguage":"de","@id":"https:\/\/koningdrone.be\/product\/dji-avata-fly-more-kit\/#primaryimage","url":"https:\/\/koningdrone.be\/wp-content\/uploads\/sites\/13\/2025\/04\/1ba43f2239a2319d913b52325b690c76@large.jpg","contentUrl":"https:\/\/koningdrone.be\/wp-content\/uploads\/sites\/13\/2025\/04\/1ba43f2239a2319d913b52325b690c76@large.jpg","width":1200,"height":800},{"@type":"BreadcrumbList","@id":"https:\/\/koningdrone.be\/product\/dji-avata-fly-more-kit\/#breadcrumb","itemListElement":[{"@type":"ListItem","position":1,"name":"Home","item":"https:\/\/koningdrone.be\/"},{"@type":"ListItem","position":2,"name":"AVSS Parachute Recovery System for DJI Matrice 300\/350","item":"https:\/\/koningdrone.be\/product\/avss-parachute-recovery-system-for-dji-matrice-300-350\/"},{"@type":"ListItem","position":3,"name":"Alle batterijen","item":"https:\/\/koningdrone.be\/categorie\/alle-batterijen\/"},{"@type":"ListItem","position":4,"name":"DJI Avata Fly More Kit"}]},{"@type":"WebSite","@id":"https:\/\/koningdrone.be\/#website","url":"https:\/\/koningdrone.be\/","name":"Koningdrone.be - Ihr Online-Spezialist f\u00fcr Drohnen, Gimbals, Kameras und Kraftwerke.","description":"Der Webshop f\u00fcr Drohnen und Gimbals","publisher":{"@id":"https:\/\/koningdrone.be\/#organization"},"potentialAction":[{"@type":"SearchAction","target":{"@type":"EntryPoint","urlTemplate":"https:\/\/koningdrone.be\/?s={search_term_string}"},"query-input":{"@type":"PropertyValueSpecification","valueRequired":true,"valueName":"search_term_string"}}],"inLanguage":"de"},{"@type":"Organization","@id":"https:\/\/koningdrone.be\/#organization","name":"Kingdrone.de","url":"https:\/\/koningdrone.be\/","logo":{"@type":"ImageObject","inLanguage":"de","@id":"https:\/\/koningdrone.be\/#\/schema\/logo\/image\/","url":"https:\/\/koningdrone.be\/wp-content\/uploads\/sites\/13\/2025\/04\/koningdrone-copyright-logo.svg","contentUrl":"https:\/\/koningdrone.be\/wp-content\/uploads\/sites\/13\/2025\/04\/koningdrone-copyright-logo.svg","width":227,"height":38,"caption":"Koningdrone.be"},"image":{"@id":"https:\/\/koningdrone.be\/#\/schema\/logo\/image\/"}}]}},"df_price":248,"df_sale_price":"","df_regular_price":248,"df_image_link":"https:\/\/koningdrone.be\/wp-content\/uploads\/sites\/13\/2025\/04\/1ba43f2239a2319d913b52325b690c76@large-300x200.jpg","_links":{"self":[{"href":"https:\/\/koningdrone.be\/de\/wp-json\/wp\/v2\/product\/5548","targetHints":{"allow":["GET"]}}],"collection":[{"href":"https:\/\/koningdrone.be\/de\/wp-json\/wp\/v2\/product"}],"about":[{"href":"https:\/\/koningdrone.be\/de\/wp-json\/wp\/v2\/types\/product"}],"wp:featuredmedia":[{"embeddable":true,"href":"https:\/\/koningdrone.be\/de\/wp-json\/wp\/v2\/media\/5546"}],"wp:attachment":[{"href":"https:\/\/koningdrone.be\/de\/wp-json\/wp\/v2\/media?parent=5548"}],"wp:term":[{"taxonomy":"product_brand","embeddable":true,"href":"https:\/\/koningdrone.be\/de\/wp-json\/wp\/v2\/product_brand?post=5548"},{"taxonomy":"product_cat","embeddable":true,"href":"https:\/\/koningdrone.be\/de\/wp-json\/wp\/v2\/product_cat?post=5548"},{"taxonomy":"product_tag","embeddable":true,"href":"https:\/\/koningdrone.be\/de\/wp-json\/wp\/v2\/product_tag?post=5548"}],"curies":[{"name":"wp","href":"https:\/\/api.w.org\/{rel}","templated":true}]}}