{"id":5539,"date":"2022-11-02T09:13:47","date_gmt":"2022-11-02T08:13:47","guid":{"rendered":"https:\/\/koningdrone.nl\/kon\/product\/dji-avata-fpv-drone-single-unit\/"},"modified":"2026-04-29T13:30:47","modified_gmt":"2026-04-29T11:30:47","slug":"dji-avata-fpv-drone-single-unit","status":"publish","type":"product","link":"https:\/\/koningdrone.be\/de\/produkt\/dji-avata-fpv-drone-single-unit\/","title":{"rendered":"DJI Avata - FPV-Drohne - Einzelger\u00e4t"},"content":{"rendered":"<p><strong>DJI Avata - FPV-Drohne - Einzelger\u00e4t<\/strong><\/p>\n<p>Die DJI Avata bietet ein immersives Flugerlebnis, insbesondere in Kombination mit der DJI Goggles 2 und dem DJI Motion Controller. Die Drohne wurde sowohl f\u00fcr Sicherheit als auch f\u00fcr Spa\u00df entwickelt und ist dank des eingebauten Propellerschutzes, der Kollisionen minimiert, auch auf engem Raum sehr wendig. Die Drohne ist mit der DJI FPV Goggles V2 kompatibel und unterst\u00fctzt eine 4K-Ultraweitwinkelkamera mit einem 155\u00b0 FOV, ideal f\u00fcr die Aufnahme von Widescreen-Aufnahmen.<\/p>\n<p><strong>Wesentliche Merkmale:<\/strong><\/p>\n<ul>\n<li>Kompaktes und leichtes Design, einfach zu tragen.<\/li>\n<li>Fortschrittliche Bildtechnologie mit 1\/1,7-Zoll-CMOS-Sensor und Unterst\u00fctzung f\u00fcr 4K\/60fps-Video.<\/li>\n<li>Mikro-OLED-Bildschirme in DJI Goggles 2 f\u00fcr klare und scharfe Bilder.<\/li>\n<li>Intuitive Steuerung mit dem DJI Motion Controller f\u00fcr ein einzigartiges Flugerlebnis.<\/li>\n<li>RockSteady 2.0 und HorizonSteady f\u00fcr stabile und fl\u00fcssige Aufnahmen.<\/li>\n<li>Robuste Konstruktion mit langlebigem Rahmen und integrierten Sicherheitsmerkmalen wie einem System zur Erkennung von Hindernissen nach unten.<\/li>\n<\/ul>","protected":false},"excerpt":{"rendered":"<ul>\n<li>Fesselndes Flugerlebnis<\/li>\n<li>ntuitive Bewegungssteuerung<\/li>\n<li>K-stabilisiertes Video<\/li>\n<li>mandelgro\u00df und wendig<\/li>\n<li>ngebauter Propellerschutz<\/li>\n<li>D \u00dcbertragung mit geringer Latenz<\/li>\n<\/ul>","protected":false},"featured_media":5534,"template":"","meta":{"_acf_changed":false},"product_brand":[],"product_cat":[135,97,136,261,99],"product_tag":[],"class_list":{"0":"post-5539","1":"product","2":"type-product","3":"status-publish","4":"has-post-thumbnail","6":"product_cat-alle-drones","7":"product_cat-alle-producten","8":"product_cat-consumer-drones","9":"product_cat-dji-avata","10":"product_cat-drones-met-certificaat","11":"product_shipping_class-outofstock","12":"pa_brand-dji","13":"pa_dronegrade-consumer","14":"pa_productfamily-drone","15":"pa_producttype-drone","16":"pa_series-avata","18":"first","19":"outofstock","20":"taxable","21":"shipping-taxable","22":"product-type-simple"},"acf":[],"yoast_head":"<!-- This site is optimized with the Yoast SEO Premium plugin v27.2 (Yoast SEO v27.2) - https:\/\/yoast.com\/product\/yoast-seo-premium-wordpress\/ -->\n<title>DJI Avata - FPV Drone - Single unit - koningdrone.be<\/title>\n<meta name=\"robots\" content=\"index, follow, max-snippet:-1, max-image-preview:large, max-video-preview:-1\" \/>\n<link rel=\"canonical\" href=\"https:\/\/koningdrone.be\/de\/produkt\/dji-avata-fpv-drone-single-unit\/\" \/>\n<meta property=\"og:locale\" content=\"de_DE\" \/>\n<meta property=\"og:type\" content=\"article\" \/>\n<meta property=\"og:title\" content=\"DJI Avata - FPV Drone - Single unit\" \/>\n<meta property=\"og:description\" content=\"Meeslepende vliegervaringntu\u00eftieve bewegingscontrollerK gestabiliseerde videoalmformaat en wendbaarngebouwde propellerbeschermingD transmissie met lage latentie\" \/>\n<meta property=\"og:url\" content=\"https:\/\/koningdrone.be\/de\/produkt\/dji-avata-fpv-drone-single-unit\/\" \/>\n<meta property=\"og:site_name\" content=\"koningdrone.be\" \/>\n<meta property=\"article:modified_time\" content=\"2026-04-29T11:30:47+00:00\" \/>\n<meta property=\"og:image\" content=\"https:\/\/koningdrone.be\/wp-content\/uploads\/sites\/13\/2025\/04\/6941565936332-1.jpg\" \/>\n\t<meta property=\"og:image:width\" content=\"1200\" \/>\n\t<meta property=\"og:image:height\" content=\"1200\" \/>\n\t<meta property=\"og:image:type\" content=\"image\/jpeg\" \/>\n<meta name=\"twitter:card\" content=\"summary_large_image\" \/>\n<meta name=\"twitter:label1\" content=\"Gesch\u00e4tzte Lesezeit\" \/>\n\t<meta name=\"twitter:data1\" content=\"1\u00a0Minute\" \/>\n<script type=\"application\/ld+json\" class=\"yoast-schema-graph\">{\"@context\":\"https:\/\/schema.org\",\"@graph\":[{\"@type\":\"WebPage\",\"@id\":\"https:\/\/koningdrone.be\/product\/dji-avata-fpv-drone-single-unit\/\",\"url\":\"https:\/\/koningdrone.be\/product\/dji-avata-fpv-drone-single-unit\/\",\"name\":\"DJI Avata - FPV Drone - Single unit - koningdrone.be\",\"isPartOf\":{\"@id\":\"https:\/\/koningdrone.be\/#website\"},\"primaryImageOfPage\":{\"@id\":\"https:\/\/koningdrone.be\/product\/dji-avata-fpv-drone-single-unit\/#primaryimage\"},\"image\":{\"@id\":\"https:\/\/koningdrone.be\/product\/dji-avata-fpv-drone-single-unit\/#primaryimage\"},\"thumbnailUrl\":\"https:\/\/koningdrone.be\/wp-content\/uploads\/sites\/13\/2025\/04\/6941565936332-1.jpg\",\"datePublished\":\"2022-11-02T08:13:47+00:00\",\"dateModified\":\"2026-04-29T11:30:47+00:00\",\"breadcrumb\":{\"@id\":\"https:\/\/koningdrone.be\/product\/dji-avata-fpv-drone-single-unit\/#breadcrumb\"},\"inLanguage\":\"de\",\"potentialAction\":[{\"@type\":\"ReadAction\",\"target\":[\"https:\/\/koningdrone.be\/product\/dji-avata-fpv-drone-single-unit\/\"]}]},{\"@type\":\"ImageObject\",\"inLanguage\":\"de\",\"@id\":\"https:\/\/koningdrone.be\/product\/dji-avata-fpv-drone-single-unit\/#primaryimage\",\"url\":\"https:\/\/koningdrone.be\/wp-content\/uploads\/sites\/13\/2025\/04\/6941565936332-1.jpg\",\"contentUrl\":\"https:\/\/koningdrone.be\/wp-content\/uploads\/sites\/13\/2025\/04\/6941565936332-1.jpg\",\"width\":1200,\"height\":1200},{\"@type\":\"BreadcrumbList\",\"@id\":\"https:\/\/koningdrone.be\/product\/dji-avata-fpv-drone-single-unit\/#breadcrumb\",\"itemListElement\":[{\"@type\":\"ListItem\",\"position\":1,\"name\":\"Home\",\"item\":\"https:\/\/koningdrone.be\/\"},{\"@type\":\"ListItem\",\"position\":2,\"name\":\"AVSS Parachute Recovery System for DJI Matrice 300\/350\",\"item\":\"https:\/\/koningdrone.be\/product\/avss-parachute-recovery-system-for-dji-matrice-300-350\/\"},{\"@type\":\"ListItem\",\"position\":3,\"name\":\"Alle drones\",\"item\":\"https:\/\/koningdrone.be\/categorie\/alle-drones\/\"},{\"@type\":\"ListItem\",\"position\":4,\"name\":\"DJI Avata &#8211; FPV Drone &#8211; Single unit\"}]},{\"@type\":\"WebSite\",\"@id\":\"https:\/\/koningdrone.be\/#website\",\"url\":\"https:\/\/koningdrone.be\/\",\"name\":\"Koningdrone.be - Uw online specialist in drones, gimbals, camera's en power stations.\",\"description\":\"De webshop in drones en gimbals\",\"publisher\":{\"@id\":\"https:\/\/koningdrone.be\/#organization\"},\"potentialAction\":[{\"@type\":\"SearchAction\",\"target\":{\"@type\":\"EntryPoint\",\"urlTemplate\":\"https:\/\/koningdrone.be\/?s={search_term_string}\"},\"query-input\":{\"@type\":\"PropertyValueSpecification\",\"valueRequired\":true,\"valueName\":\"search_term_string\"}}],\"inLanguage\":\"de\"},{\"@type\":\"Organization\",\"@id\":\"https:\/\/koningdrone.be\/#organization\",\"name\":\"Koningdrone.be\",\"url\":\"https:\/\/koningdrone.be\/\",\"logo\":{\"@type\":\"ImageObject\",\"inLanguage\":\"de\",\"@id\":\"https:\/\/koningdrone.be\/#\/schema\/logo\/image\/\",\"url\":\"https:\/\/koningdrone.be\/wp-content\/uploads\/sites\/13\/2025\/04\/koningdrone-copyright-logo.svg\",\"contentUrl\":\"https:\/\/koningdrone.be\/wp-content\/uploads\/sites\/13\/2025\/04\/koningdrone-copyright-logo.svg\",\"width\":227,\"height\":38,\"caption\":\"Koningdrone.be\"},\"image\":{\"@id\":\"https:\/\/koningdrone.be\/#\/schema\/logo\/image\/\"}}]}<\/script>\n<!-- \/ Yoast SEO Premium plugin. -->","yoast_head_json":{"title":"DJI Avata - FPV Drone - Single unit - koningdrone.be","robots":{"index":"index","follow":"follow","max-snippet":"max-snippet:-1","max-image-preview":"max-image-preview:large","max-video-preview":"max-video-preview:-1"},"canonical":"https:\/\/koningdrone.be\/de\/produkt\/dji-avata-fpv-drone-single-unit\/","og_locale":"de_DE","og_type":"article","og_title":"DJI Avata - FPV Drone - Single unit","og_description":"Meeslepende vliegervaringntu\u00eftieve bewegingscontrollerK gestabiliseerde videoalmformaat en wendbaarngebouwde propellerbeschermingD transmissie met lage latentie","og_url":"https:\/\/koningdrone.be\/de\/produkt\/dji-avata-fpv-drone-single-unit\/","og_site_name":"koningdrone.be","article_modified_time":"2026-04-29T11:30:47+00:00","og_image":[{"width":1200,"height":1200,"url":"https:\/\/koningdrone.be\/wp-content\/uploads\/sites\/13\/2025\/04\/6941565936332-1.jpg","type":"image\/jpeg"}],"twitter_card":"summary_large_image","twitter_misc":{"Gesch\u00e4tzte Lesezeit":"1\u00a0Minute"},"schema":{"@context":"https:\/\/schema.org","@graph":[{"@type":"WebPage","@id":"https:\/\/koningdrone.be\/product\/dji-avata-fpv-drone-single-unit\/","url":"https:\/\/koningdrone.be\/product\/dji-avata-fpv-drone-single-unit\/","name":"DJI Avata - FPV Drone - Single unit - koningdrone.be","isPartOf":{"@id":"https:\/\/koningdrone.be\/#website"},"primaryImageOfPage":{"@id":"https:\/\/koningdrone.be\/product\/dji-avata-fpv-drone-single-unit\/#primaryimage"},"image":{"@id":"https:\/\/koningdrone.be\/product\/dji-avata-fpv-drone-single-unit\/#primaryimage"},"thumbnailUrl":"https:\/\/koningdrone.be\/wp-content\/uploads\/sites\/13\/2025\/04\/6941565936332-1.jpg","datePublished":"2022-11-02T08:13:47+00:00","dateModified":"2026-04-29T11:30:47+00:00","breadcrumb":{"@id":"https:\/\/koningdrone.be\/product\/dji-avata-fpv-drone-single-unit\/#breadcrumb"},"inLanguage":"de","potentialAction":[{"@type":"ReadAction","target":["https:\/\/koningdrone.be\/product\/dji-avata-fpv-drone-single-unit\/"]}]},{"@type":"ImageObject","inLanguage":"de","@id":"https:\/\/koningdrone.be\/product\/dji-avata-fpv-drone-single-unit\/#primaryimage","url":"https:\/\/koningdrone.be\/wp-content\/uploads\/sites\/13\/2025\/04\/6941565936332-1.jpg","contentUrl":"https:\/\/koningdrone.be\/wp-content\/uploads\/sites\/13\/2025\/04\/6941565936332-1.jpg","width":1200,"height":1200},{"@type":"BreadcrumbList","@id":"https:\/\/koningdrone.be\/product\/dji-avata-fpv-drone-single-unit\/#breadcrumb","itemListElement":[{"@type":"ListItem","position":1,"name":"Home","item":"https:\/\/koningdrone.be\/"},{"@type":"ListItem","position":2,"name":"AVSS Parachute Recovery System for DJI Matrice 300\/350","item":"https:\/\/koningdrone.be\/product\/avss-parachute-recovery-system-for-dji-matrice-300-350\/"},{"@type":"ListItem","position":3,"name":"Alle drones","item":"https:\/\/koningdrone.be\/categorie\/alle-drones\/"},{"@type":"ListItem","position":4,"name":"DJI Avata &#8211; FPV Drone &#8211; Single unit"}]},{"@type":"WebSite","@id":"https:\/\/koningdrone.be\/#website","url":"https:\/\/koningdrone.be\/","name":"Koningdrone.be - Ihr Online-Spezialist f\u00fcr Drohnen, Gimbals, Kameras und Kraftwerke.","description":"Der Webshop f\u00fcr Drohnen und Gimbals","publisher":{"@id":"https:\/\/koningdrone.be\/#organization"},"potentialAction":[{"@type":"SearchAction","target":{"@type":"EntryPoint","urlTemplate":"https:\/\/koningdrone.be\/?s={search_term_string}"},"query-input":{"@type":"PropertyValueSpecification","valueRequired":true,"valueName":"search_term_string"}}],"inLanguage":"de"},{"@type":"Organization","@id":"https:\/\/koningdrone.be\/#organization","name":"Kingdrone.de","url":"https:\/\/koningdrone.be\/","logo":{"@type":"ImageObject","inLanguage":"de","@id":"https:\/\/koningdrone.be\/#\/schema\/logo\/image\/","url":"https:\/\/koningdrone.be\/wp-content\/uploads\/sites\/13\/2025\/04\/koningdrone-copyright-logo.svg","contentUrl":"https:\/\/koningdrone.be\/wp-content\/uploads\/sites\/13\/2025\/04\/koningdrone-copyright-logo.svg","width":227,"height":38,"caption":"Koningdrone.be"},"image":{"@id":"https:\/\/koningdrone.be\/#\/schema\/logo\/image\/"}}]}},"df_price":"","df_sale_price":"","df_regular_price":"","df_image_link":"https:\/\/koningdrone.be\/wp-content\/uploads\/sites\/13\/2025\/04\/6941565936332-1-300x300.jpg","_links":{"self":[{"href":"https:\/\/koningdrone.be\/de\/wp-json\/wp\/v2\/product\/5539","targetHints":{"allow":["GET"]}}],"collection":[{"href":"https:\/\/koningdrone.be\/de\/wp-json\/wp\/v2\/product"}],"about":[{"href":"https:\/\/koningdrone.be\/de\/wp-json\/wp\/v2\/types\/product"}],"wp:featuredmedia":[{"embeddable":true,"href":"https:\/\/koningdrone.be\/de\/wp-json\/wp\/v2\/media\/5534"}],"wp:attachment":[{"href":"https:\/\/koningdrone.be\/de\/wp-json\/wp\/v2\/media?parent=5539"}],"wp:term":[{"taxonomy":"product_brand","embeddable":true,"href":"https:\/\/koningdrone.be\/de\/wp-json\/wp\/v2\/product_brand?post=5539"},{"taxonomy":"product_cat","embeddable":true,"href":"https:\/\/koningdrone.be\/de\/wp-json\/wp\/v2\/product_cat?post=5539"},{"taxonomy":"product_tag","embeddable":true,"href":"https:\/\/koningdrone.be\/de\/wp-json\/wp\/v2\/product_tag?post=5539"}],"curies":[{"name":"wp","href":"https:\/\/api.w.org\/{rel}","templated":true}]}}