{"id":5517,"date":"2022-11-02T09:13:47","date_gmt":"2022-11-02T08:13:47","guid":{"rendered":"https:\/\/koningdrone.nl\/kon\/product\/dji-magnetic-ball-joint-adapter-mount\/"},"modified":"2026-04-29T03:40:31","modified_gmt":"2026-04-29T01:40:31","slug":"dji-magnetic-ball-joint-adapter-mount","status":"publish","type":"product","link":"https:\/\/koningdrone.be\/de\/produkt\/dji-magnetic-ball-joint-adapter-mount\/","title":{"rendered":"Osmo Magnetische Kugelgelenk-Adapterhalterung"},"content":{"rendered":"<p><strong>Innovatives Design und Kompatibilit\u00e4t<\/strong><\/p>\n<p> Dieses Produkt verf\u00fcgt \u00fcber ein innovatives Design mit einer 3M-Klebebasis und einem Kugelgelenkmechanismus. Diese Kombination erm\u00f6glicht es Ihnen, Ihre Kamera an praktisch jedem Ort zu positionieren. Das Kugelgelenk erm\u00f6glicht eine vielseitige Positionierung des Objektivs, so dass Sie aus einzigartigen und unterschiedlichen Winkeln fotografieren k\u00f6nnen. Au\u00dferdem verf\u00fcgt es \u00fcber eine 1\/4-Gewindebohrung an der Unterseite, wodurch es mit einer Vielzahl von Zubeh\u00f6r kompatibel ist.<\/p>\n<p><strong>Optimaler Einsatz und Temperaturbereich<\/strong><\/p>\n<p> Um eine optimale Leistung zu gew\u00e4hrleisten, wird dieses Produkt am besten in einer station\u00e4ren Umgebung verwendet. Die selbstklebende Basis ist so konzipiert, dass sie bei Temperaturen von -10\u00b0 bis 40\u00b0 C (14\u00b0 bis 104\u00b0 F) gut haftet. Um eine sichere Installation zu gew\u00e4hrleisten, sollten Sie es nicht auf gekr\u00fcmmten Oberfl\u00e4chen anbringen und darauf achten, dass die Oberfl\u00e4che, auf der Sie es anbringen, sauber ist.<\/p>\n<p><strong>Leitlinien f\u00fcr den Einbau<\/strong><\/p>\n<p> Die besten Ergebnisse erzielen Sie, wenn Sie den Sockel w\u00e4hrend der Installation 10 Sekunden lang fest auf die Oberfl\u00e4che dr\u00fccken und 30 Minuten warten, bevor Sie das Produkt verwenden.<\/p>\n<p><\/p>","protected":false},"excerpt":{"rendered":"<ul>\n<li>Mit selbstklebender 3M-Basis f\u00fcr eine vielseitige Installation.<\/li>\n<li> Die Kugelgelenkkonstruktion erm\u00f6glicht eine flexible Anpassung der Linsenausrichtung.<\/li>\n<li> Erm\u00f6glicht das Hinzuf\u00fcgen von weiterem Zubeh\u00f6r \u00fcber eine 1\/4-Gewindebohrung.<\/li>\n<li> Am besten f\u00fcr statische Szenarien geeignet.<\/li>\n<li> Die ideale Temperatur f\u00fcr die Befestigung liegt zwischen -10\u00b0 und 40\u00b0 C.<\/li>\n<li> Nicht geeignet f\u00fcr gekr\u00fcmmte Oberfl\u00e4chen.<\/li>\n<li> Achten Sie auf eine saubere Oberfl\u00e4che f\u00fcr eine optimale Haftung.<\/li>\n<li> 10 Sekunden lang halten und 30 Minuten vor der Anwendung warten.<\/li>\n<\/ul>","protected":false},"featured_media":5515,"template":"","meta":{"_acf_changed":false},"product_brand":[],"product_cat":[410,97,297,757],"product_tag":[],"class_list":{"0":"post-5517","1":"product","2":"type-product","3":"status-publish","4":"has-post-thumbnail","6":"product_cat-alle-handheld-gimbals","7":"product_cat-alle-producten","8":"product_cat-dji-osmo","9":"product_cat-dji-osmo-action","10":"product_shipping_class-uavspacesall","11":"pa_brand-dji","12":"pa_productfamily-mount","13":"pa_producttype-mount","14":"pa_series-osmo-mobile","16":"first","17":"instock","18":"taxable","19":"shipping-taxable","20":"purchasable","21":"product-type-simple"},"acf":[],"yoast_head":"<!-- This site is optimized with the Yoast SEO Premium plugin v27.2 (Yoast SEO v27.2) - https:\/\/yoast.com\/product\/yoast-seo-premium-wordpress\/ -->\n<title>Osmo Magnetic Ball-Joint Adapter Mount - koningdrone.be<\/title>\n<meta name=\"robots\" content=\"index, follow, max-snippet:-1, max-image-preview:large, max-video-preview:-1\" \/>\n<link rel=\"canonical\" href=\"https:\/\/koningdrone.be\/de\/produkt\/dji-magnetic-ball-joint-adapter-mount\/\" \/>\n<meta property=\"og:locale\" content=\"de_DE\" \/>\n<meta property=\"og:type\" content=\"article\" \/>\n<meta property=\"og:title\" content=\"Osmo Magnetic Ball-Joint Adapter Mount\" \/>\n<meta property=\"og:description\" content=\"Voorzien van 3M zelfklevende basis voor veelzijdige installatie. Het kogelgewrichtontwerp maakt flexibele aanpassingen van de lensori\u00ebntatie mogelijk. Ondersteunt het toevoegen van meer accessoires via een 1\/4 schroefdraadgat. Het beste gebruikt in statische scenario&#039;s. De ideale temperatuur voor bevestiging varieert van -10\u00b0 tot 40\u00b0 C. Niet geschikt voor gebogen oppervlakken. Zorg voor een schoon oppervlak voor een optimale hechting. Houd 10 seconden ingedrukt en wacht 30 minuten voor gebruik.\" \/>\n<meta property=\"og:url\" content=\"https:\/\/koningdrone.be\/de\/produkt\/dji-magnetic-ball-joint-adapter-mount\/\" \/>\n<meta property=\"og:site_name\" content=\"koningdrone.be\" \/>\n<meta property=\"article:modified_time\" content=\"2026-04-29T01:40:31+00:00\" \/>\n<meta property=\"og:image\" content=\"https:\/\/koningdrone.be\/wp-content\/uploads\/sites\/13\/2025\/04\/928580b6f52df4ff8ab2139b06a3ab63@large.jpg\" \/>\n\t<meta property=\"og:image:width\" content=\"1200\" \/>\n\t<meta property=\"og:image:height\" content=\"800\" \/>\n\t<meta property=\"og:image:type\" content=\"image\/jpeg\" \/>\n<meta name=\"twitter:card\" content=\"summary_large_image\" \/>\n<meta name=\"twitter:label1\" content=\"Gesch\u00e4tzte Lesezeit\" \/>\n\t<meta name=\"twitter:data1\" content=\"1\u00a0Minute\" \/>\n<script type=\"application\/ld+json\" class=\"yoast-schema-graph\">{\"@context\":\"https:\/\/schema.org\",\"@graph\":[{\"@type\":\"WebPage\",\"@id\":\"https:\/\/koningdrone.be\/product\/dji-magnetic-ball-joint-adapter-mount\/\",\"url\":\"https:\/\/koningdrone.be\/product\/dji-magnetic-ball-joint-adapter-mount\/\",\"name\":\"Osmo Magnetic Ball-Joint Adapter Mount - koningdrone.be\",\"isPartOf\":{\"@id\":\"https:\/\/koningdrone.be\/#website\"},\"primaryImageOfPage\":{\"@id\":\"https:\/\/koningdrone.be\/product\/dji-magnetic-ball-joint-adapter-mount\/#primaryimage\"},\"image\":{\"@id\":\"https:\/\/koningdrone.be\/product\/dji-magnetic-ball-joint-adapter-mount\/#primaryimage\"},\"thumbnailUrl\":\"https:\/\/koningdrone.be\/wp-content\/uploads\/sites\/13\/2025\/04\/928580b6f52df4ff8ab2139b06a3ab63@large.jpg\",\"datePublished\":\"2022-11-02T08:13:47+00:00\",\"dateModified\":\"2026-04-29T01:40:31+00:00\",\"breadcrumb\":{\"@id\":\"https:\/\/koningdrone.be\/product\/dji-magnetic-ball-joint-adapter-mount\/#breadcrumb\"},\"inLanguage\":\"de\",\"potentialAction\":[{\"@type\":\"ReadAction\",\"target\":[\"https:\/\/koningdrone.be\/product\/dji-magnetic-ball-joint-adapter-mount\/\"]}]},{\"@type\":\"ImageObject\",\"inLanguage\":\"de\",\"@id\":\"https:\/\/koningdrone.be\/product\/dji-magnetic-ball-joint-adapter-mount\/#primaryimage\",\"url\":\"https:\/\/koningdrone.be\/wp-content\/uploads\/sites\/13\/2025\/04\/928580b6f52df4ff8ab2139b06a3ab63@large.jpg\",\"contentUrl\":\"https:\/\/koningdrone.be\/wp-content\/uploads\/sites\/13\/2025\/04\/928580b6f52df4ff8ab2139b06a3ab63@large.jpg\",\"width\":1200,\"height\":800},{\"@type\":\"BreadcrumbList\",\"@id\":\"https:\/\/koningdrone.be\/product\/dji-magnetic-ball-joint-adapter-mount\/#breadcrumb\",\"itemListElement\":[{\"@type\":\"ListItem\",\"position\":1,\"name\":\"Home\",\"item\":\"https:\/\/koningdrone.be\/\"},{\"@type\":\"ListItem\",\"position\":2,\"name\":\"AVSS Parachute Recovery System for DJI Matrice 300\/350\",\"item\":\"https:\/\/koningdrone.be\/product\/avss-parachute-recovery-system-for-dji-matrice-300-350\/\"},{\"@type\":\"ListItem\",\"position\":3,\"name\":\"Alle handheld gimbals\",\"item\":\"https:\/\/koningdrone.be\/categorie\/alle-handheld-gimbals\/\"},{\"@type\":\"ListItem\",\"position\":4,\"name\":\"Osmo Magnetic Ball-Joint Adapter Mount\"}]},{\"@type\":\"WebSite\",\"@id\":\"https:\/\/koningdrone.be\/#website\",\"url\":\"https:\/\/koningdrone.be\/\",\"name\":\"Koningdrone.be - Uw online specialist in drones, gimbals, camera's en power stations.\",\"description\":\"De webshop in drones en gimbals\",\"publisher\":{\"@id\":\"https:\/\/koningdrone.be\/#organization\"},\"potentialAction\":[{\"@type\":\"SearchAction\",\"target\":{\"@type\":\"EntryPoint\",\"urlTemplate\":\"https:\/\/koningdrone.be\/?s={search_term_string}\"},\"query-input\":{\"@type\":\"PropertyValueSpecification\",\"valueRequired\":true,\"valueName\":\"search_term_string\"}}],\"inLanguage\":\"de\"},{\"@type\":\"Organization\",\"@id\":\"https:\/\/koningdrone.be\/#organization\",\"name\":\"Koningdrone.be\",\"url\":\"https:\/\/koningdrone.be\/\",\"logo\":{\"@type\":\"ImageObject\",\"inLanguage\":\"de\",\"@id\":\"https:\/\/koningdrone.be\/#\/schema\/logo\/image\/\",\"url\":\"https:\/\/koningdrone.be\/wp-content\/uploads\/sites\/13\/2025\/04\/koningdrone-copyright-logo.svg\",\"contentUrl\":\"https:\/\/koningdrone.be\/wp-content\/uploads\/sites\/13\/2025\/04\/koningdrone-copyright-logo.svg\",\"width\":227,\"height\":38,\"caption\":\"Koningdrone.be\"},\"image\":{\"@id\":\"https:\/\/koningdrone.be\/#\/schema\/logo\/image\/\"}}]}<\/script>\n<!-- \/ Yoast SEO Premium plugin. -->","yoast_head_json":{"title":"Osmo Magnetic Ball-Joint Adapter Mount - koningdrone.be","robots":{"index":"index","follow":"follow","max-snippet":"max-snippet:-1","max-image-preview":"max-image-preview:large","max-video-preview":"max-video-preview:-1"},"canonical":"https:\/\/koningdrone.be\/de\/produkt\/dji-magnetic-ball-joint-adapter-mount\/","og_locale":"de_DE","og_type":"article","og_title":"Osmo Magnetic Ball-Joint Adapter Mount","og_description":"Voorzien van 3M zelfklevende basis voor veelzijdige installatie. Het kogelgewrichtontwerp maakt flexibele aanpassingen van de lensori\u00ebntatie mogelijk. Ondersteunt het toevoegen van meer accessoires via een 1\/4 schroefdraadgat. Het beste gebruikt in statische scenario&#039;s. De ideale temperatuur voor bevestiging varieert van -10\u00b0 tot 40\u00b0 C. Niet geschikt voor gebogen oppervlakken. Zorg voor een schoon oppervlak voor een optimale hechting. Houd 10 seconden ingedrukt en wacht 30 minuten voor gebruik.","og_url":"https:\/\/koningdrone.be\/de\/produkt\/dji-magnetic-ball-joint-adapter-mount\/","og_site_name":"koningdrone.be","article_modified_time":"2026-04-29T01:40:31+00:00","og_image":[{"width":1200,"height":800,"url":"https:\/\/koningdrone.be\/wp-content\/uploads\/sites\/13\/2025\/04\/928580b6f52df4ff8ab2139b06a3ab63@large.jpg","type":"image\/jpeg"}],"twitter_card":"summary_large_image","twitter_misc":{"Gesch\u00e4tzte Lesezeit":"1\u00a0Minute"},"schema":{"@context":"https:\/\/schema.org","@graph":[{"@type":"WebPage","@id":"https:\/\/koningdrone.be\/product\/dji-magnetic-ball-joint-adapter-mount\/","url":"https:\/\/koningdrone.be\/product\/dji-magnetic-ball-joint-adapter-mount\/","name":"Osmo Magnetic Ball-Joint Adapter Mount - koningdrone.be","isPartOf":{"@id":"https:\/\/koningdrone.be\/#website"},"primaryImageOfPage":{"@id":"https:\/\/koningdrone.be\/product\/dji-magnetic-ball-joint-adapter-mount\/#primaryimage"},"image":{"@id":"https:\/\/koningdrone.be\/product\/dji-magnetic-ball-joint-adapter-mount\/#primaryimage"},"thumbnailUrl":"https:\/\/koningdrone.be\/wp-content\/uploads\/sites\/13\/2025\/04\/928580b6f52df4ff8ab2139b06a3ab63@large.jpg","datePublished":"2022-11-02T08:13:47+00:00","dateModified":"2026-04-29T01:40:31+00:00","breadcrumb":{"@id":"https:\/\/koningdrone.be\/product\/dji-magnetic-ball-joint-adapter-mount\/#breadcrumb"},"inLanguage":"de","potentialAction":[{"@type":"ReadAction","target":["https:\/\/koningdrone.be\/product\/dji-magnetic-ball-joint-adapter-mount\/"]}]},{"@type":"ImageObject","inLanguage":"de","@id":"https:\/\/koningdrone.be\/product\/dji-magnetic-ball-joint-adapter-mount\/#primaryimage","url":"https:\/\/koningdrone.be\/wp-content\/uploads\/sites\/13\/2025\/04\/928580b6f52df4ff8ab2139b06a3ab63@large.jpg","contentUrl":"https:\/\/koningdrone.be\/wp-content\/uploads\/sites\/13\/2025\/04\/928580b6f52df4ff8ab2139b06a3ab63@large.jpg","width":1200,"height":800},{"@type":"BreadcrumbList","@id":"https:\/\/koningdrone.be\/product\/dji-magnetic-ball-joint-adapter-mount\/#breadcrumb","itemListElement":[{"@type":"ListItem","position":1,"name":"Home","item":"https:\/\/koningdrone.be\/"},{"@type":"ListItem","position":2,"name":"AVSS Parachute Recovery System for DJI Matrice 300\/350","item":"https:\/\/koningdrone.be\/product\/avss-parachute-recovery-system-for-dji-matrice-300-350\/"},{"@type":"ListItem","position":3,"name":"Alle handheld gimbals","item":"https:\/\/koningdrone.be\/categorie\/alle-handheld-gimbals\/"},{"@type":"ListItem","position":4,"name":"Osmo Magnetic Ball-Joint Adapter Mount"}]},{"@type":"WebSite","@id":"https:\/\/koningdrone.be\/#website","url":"https:\/\/koningdrone.be\/","name":"Koningdrone.be - Ihr Online-Spezialist f\u00fcr Drohnen, Gimbals, Kameras und Kraftwerke.","description":"Der Webshop f\u00fcr Drohnen und Gimbals","publisher":{"@id":"https:\/\/koningdrone.be\/#organization"},"potentialAction":[{"@type":"SearchAction","target":{"@type":"EntryPoint","urlTemplate":"https:\/\/koningdrone.be\/?s={search_term_string}"},"query-input":{"@type":"PropertyValueSpecification","valueRequired":true,"valueName":"search_term_string"}}],"inLanguage":"de"},{"@type":"Organization","@id":"https:\/\/koningdrone.be\/#organization","name":"Kingdrone.de","url":"https:\/\/koningdrone.be\/","logo":{"@type":"ImageObject","inLanguage":"de","@id":"https:\/\/koningdrone.be\/#\/schema\/logo\/image\/","url":"https:\/\/koningdrone.be\/wp-content\/uploads\/sites\/13\/2025\/04\/koningdrone-copyright-logo.svg","contentUrl":"https:\/\/koningdrone.be\/wp-content\/uploads\/sites\/13\/2025\/04\/koningdrone-copyright-logo.svg","width":227,"height":38,"caption":"Koningdrone.be"},"image":{"@id":"https:\/\/koningdrone.be\/#\/schema\/logo\/image\/"}}]}},"df_price":24,"df_sale_price":"","df_regular_price":24,"df_image_link":"https:\/\/koningdrone.be\/wp-content\/uploads\/sites\/13\/2025\/04\/928580b6f52df4ff8ab2139b06a3ab63@large-300x200.jpg","_links":{"self":[{"href":"https:\/\/koningdrone.be\/de\/wp-json\/wp\/v2\/product\/5517","targetHints":{"allow":["GET"]}}],"collection":[{"href":"https:\/\/koningdrone.be\/de\/wp-json\/wp\/v2\/product"}],"about":[{"href":"https:\/\/koningdrone.be\/de\/wp-json\/wp\/v2\/types\/product"}],"wp:featuredmedia":[{"embeddable":true,"href":"https:\/\/koningdrone.be\/de\/wp-json\/wp\/v2\/media\/5515"}],"wp:attachment":[{"href":"https:\/\/koningdrone.be\/de\/wp-json\/wp\/v2\/media?parent=5517"}],"wp:term":[{"taxonomy":"product_brand","embeddable":true,"href":"https:\/\/koningdrone.be\/de\/wp-json\/wp\/v2\/product_brand?post=5517"},{"taxonomy":"product_cat","embeddable":true,"href":"https:\/\/koningdrone.be\/de\/wp-json\/wp\/v2\/product_cat?post=5517"},{"taxonomy":"product_tag","embeddable":true,"href":"https:\/\/koningdrone.be\/de\/wp-json\/wp\/v2\/product_tag?post=5517"}],"curies":[{"name":"wp","href":"https:\/\/api.w.org\/{rel}","templated":true}]}}