{"id":5488,"date":"2022-11-02T09:13:53","date_gmt":"2022-11-02T08:13:53","guid":{"rendered":"https:\/\/koningdrone.nl\/kon\/product\/ecoflow-smart-home-panel-combo\/"},"modified":"2026-04-29T13:50:30","modified_gmt":"2026-04-29T11:50:30","slug":"ecoflow-smart-home-panel-combo","status":"publish","type":"product","link":"https:\/\/koningdrone.be\/de\/produkt\/ecoflow-smart-home-panel-combo\/","title":{"rendered":"Ecoflow Smart Home Panel-Kombination"},"content":{"rendered":"<h1>EcoFlow Smart Home Panel-Kombination<\/h1>\n<p><strong>SMART-HOME-PANEL <\/strong><br \/>\nIntelligente Steuerung und Integration von Hausenergieanlagen.<br \/>\nMit dem EcoFlow Smart Home Panel k\u00f6nnen Sie die tragbaren Kraftwerke EcoFlow DELTA Pro in Ihr Heimnetzwerk integrieren und eine flexible, erweiterbare Heimbatteriel\u00f6sung schaffen. Dies hilft bei der Speicherung und Verwaltung von Energie f\u00fcr die zuk\u00fcnftige Nutzung. Das Panel erm\u00f6glicht Ihnen den Anschluss von bis zu 10 Hausstromkreisen f\u00fcr eine unterbrechungsfreie Stromversorgung bei Stromausf\u00e4llen, intelligentes Energiemanagement und mehr. So k\u00f6nnen Sie Ihr Budget schonen und haben immer gen\u00fcgend Energie zur Verf\u00fcgung.<br \/>\n<strong> Bereiten Sie Ihr Zuhause auf einen Stromausfall vor <\/strong><br \/>\nIm Falle eines Stromausfalls schaltet die Smart-Home-Zentrale sofort auf 10 integrierte Stromkreise um und erh\u00e4lt Strom von dem in einem Netzwerk integrierten DELTA Pro. Sie werden kaum einen Stromausfall bemerken, da die von Ihnen gew\u00e4hlten Stromkreise mit einer Zeitschaltverz\u00f6gerung von nur 20 ms unter Spannung bleiben.<br \/>\n<strong> Erweitern Sie Kapazit\u00e4t und Leistung <\/strong><br \/>\nDas Smart Home Panel kann bis zu 2 DELTA Pro Stationen unterst\u00fctzen und gleichzeitig schnell aufladen, sowie deren optionale externe Batterien und intelligente Generatoren aufladen. Dies gibt Ihnen die Kontrolle \u00fcber potenziell 240 V, 7200 W Leistung und 25 kWh Kapazit\u00e4t, genug, um so ziemlich alles in Ihrem Haus mit Strom zu versorgen. So k\u00f6nnen Sie elektrische Ger\u00e4te in Ihrem Haus mehrere Tage lang mit Energie versorgen, wenn Ihr Haus nicht mit Strom aus dem \u00f6ffentlichen Netz versorgt wird.<br \/>\n<strong>\u00dcberwachen und Verwalten Ihres Energieverbrauchs<\/strong><br \/>\nVerwalten Sie mit der EcoFlow-App jeden Ihrer eingebauten Stromkreise im Haus und verschaffen Sie sich einen \u00dcberblick \u00fcber Ihren Stromverbrauch. Nutzen Sie die Einstellungen, um den Stromverbrauch anzupassen. Sie k\u00f6nnen Ihre Stromversorgung zu Hause optimieren, Geld sparen oder Ihre Energieplanungsoptionen nach Ihren Bed\u00fcrfnissen verwalten. Einmal eingestellt, k\u00f6nnen Sie sogar steuern, welche Stromquelle Ihr Haus nutzt - alles \u00fcber Ihr Telefon.<\/p>","protected":false},"excerpt":{"rendered":"<ul>\n<li>Notentlassung<\/li>\n<li>Antrag auf Verwaltung<\/li>\n<li>Einsparungen im Haushalt<\/li>\n<li>Ihre eigene Energiequelle<\/li>\n<\/ul>","protected":false},"featured_media":5485,"template":"","meta":{"_acf_changed":false},"product_brand":[],"product_cat":[97,245,276],"product_tag":[],"class_list":{"0":"post-5488","1":"product","2":"type-product","3":"status-publish","4":"has-post-thumbnail","6":"product_cat-alle-producten","7":"product_cat-ecoflow","8":"product_cat-ecoflow-powerstations","9":"product_shipping_class-outofstock","10":"pa_brand-ecoflow","11":"pa_productfamily-ecoflow","12":"pa_producttype-home-panel","14":"first","15":"outofstock","16":"taxable","17":"shipping-taxable","18":"product-type-simple"},"acf":[],"yoast_head":"<!-- This site is optimized with the Yoast SEO Premium plugin v27.2 (Yoast SEO v27.2) - https:\/\/yoast.com\/product\/yoast-seo-premium-wordpress\/ -->\n<title>Ecoflow Smart Home Panel Combo - koningdrone.be<\/title>\n<meta name=\"robots\" content=\"index, follow, max-snippet:-1, max-image-preview:large, max-video-preview:-1\" \/>\n<link rel=\"canonical\" href=\"https:\/\/koningdrone.be\/de\/produkt\/ecoflow-smart-home-panel-combo\/\" \/>\n<meta property=\"og:locale\" content=\"de_DE\" \/>\n<meta property=\"og:type\" content=\"article\" \/>\n<meta property=\"og:title\" content=\"Ecoflow Smart Home Panel Combo\" \/>\n<meta property=\"og:description\" content=\"Noodontslag  Aanvraag voor beheer  Budgetbesparingen  Uw eigen energiebron\" \/>\n<meta property=\"og:url\" content=\"https:\/\/koningdrone.be\/de\/produkt\/ecoflow-smart-home-panel-combo\/\" \/>\n<meta property=\"og:site_name\" content=\"koningdrone.be\" \/>\n<meta property=\"article:modified_time\" content=\"2026-04-29T11:50:30+00:00\" \/>\n<meta property=\"og:image\" content=\"https:\/\/koningdrone.be\/wp-content\/uploads\/sites\/13\/2025\/04\/EFSHPCB-1.jpg\" \/>\n\t<meta property=\"og:image:width\" content=\"300\" \/>\n\t<meta property=\"og:image:height\" content=\"251\" \/>\n\t<meta property=\"og:image:type\" content=\"image\/jpeg\" \/>\n<meta name=\"twitter:card\" content=\"summary_large_image\" \/>\n<meta name=\"twitter:label1\" content=\"Gesch\u00e4tzte Lesezeit\" \/>\n\t<meta name=\"twitter:data1\" content=\"1\u00a0Minute\" \/>\n<script type=\"application\/ld+json\" class=\"yoast-schema-graph\">{\"@context\":\"https:\/\/schema.org\",\"@graph\":[{\"@type\":\"WebPage\",\"@id\":\"https:\/\/koningdrone.be\/product\/ecoflow-smart-home-panel-combo\/\",\"url\":\"https:\/\/koningdrone.be\/product\/ecoflow-smart-home-panel-combo\/\",\"name\":\"Ecoflow Smart Home Panel Combo - koningdrone.be\",\"isPartOf\":{\"@id\":\"https:\/\/koningdrone.be\/#website\"},\"primaryImageOfPage\":{\"@id\":\"https:\/\/koningdrone.be\/product\/ecoflow-smart-home-panel-combo\/#primaryimage\"},\"image\":{\"@id\":\"https:\/\/koningdrone.be\/product\/ecoflow-smart-home-panel-combo\/#primaryimage\"},\"thumbnailUrl\":\"https:\/\/koningdrone.be\/wp-content\/uploads\/sites\/13\/2025\/04\/EFSHPCB-1.jpg\",\"datePublished\":\"2022-11-02T08:13:53+00:00\",\"dateModified\":\"2026-04-29T11:50:30+00:00\",\"breadcrumb\":{\"@id\":\"https:\/\/koningdrone.be\/product\/ecoflow-smart-home-panel-combo\/#breadcrumb\"},\"inLanguage\":\"de\",\"potentialAction\":[{\"@type\":\"ReadAction\",\"target\":[\"https:\/\/koningdrone.be\/product\/ecoflow-smart-home-panel-combo\/\"]}]},{\"@type\":\"ImageObject\",\"inLanguage\":\"de\",\"@id\":\"https:\/\/koningdrone.be\/product\/ecoflow-smart-home-panel-combo\/#primaryimage\",\"url\":\"https:\/\/koningdrone.be\/wp-content\/uploads\/sites\/13\/2025\/04\/EFSHPCB-1.jpg\",\"contentUrl\":\"https:\/\/koningdrone.be\/wp-content\/uploads\/sites\/13\/2025\/04\/EFSHPCB-1.jpg\",\"width\":300,\"height\":251},{\"@type\":\"BreadcrumbList\",\"@id\":\"https:\/\/koningdrone.be\/product\/ecoflow-smart-home-panel-combo\/#breadcrumb\",\"itemListElement\":[{\"@type\":\"ListItem\",\"position\":1,\"name\":\"Home\",\"item\":\"https:\/\/koningdrone.be\/\"},{\"@type\":\"ListItem\",\"position\":2,\"name\":\"AVSS Parachute Recovery System for DJI Matrice 300\/350\",\"item\":\"https:\/\/koningdrone.be\/product\/avss-parachute-recovery-system-for-dji-matrice-300-350\/\"},{\"@type\":\"ListItem\",\"position\":3,\"name\":\"Alle producten\",\"item\":\"https:\/\/koningdrone.be\/categorie\/alle-producten\/\"},{\"@type\":\"ListItem\",\"position\":4,\"name\":\"Ecoflow Smart Home Panel Combo\"}]},{\"@type\":\"WebSite\",\"@id\":\"https:\/\/koningdrone.be\/#website\",\"url\":\"https:\/\/koningdrone.be\/\",\"name\":\"Koningdrone.be - Uw online specialist in drones, gimbals, camera's en power stations.\",\"description\":\"De webshop in drones en gimbals\",\"publisher\":{\"@id\":\"https:\/\/koningdrone.be\/#organization\"},\"potentialAction\":[{\"@type\":\"SearchAction\",\"target\":{\"@type\":\"EntryPoint\",\"urlTemplate\":\"https:\/\/koningdrone.be\/?s={search_term_string}\"},\"query-input\":{\"@type\":\"PropertyValueSpecification\",\"valueRequired\":true,\"valueName\":\"search_term_string\"}}],\"inLanguage\":\"de\"},{\"@type\":\"Organization\",\"@id\":\"https:\/\/koningdrone.be\/#organization\",\"name\":\"Koningdrone.be\",\"url\":\"https:\/\/koningdrone.be\/\",\"logo\":{\"@type\":\"ImageObject\",\"inLanguage\":\"de\",\"@id\":\"https:\/\/koningdrone.be\/#\/schema\/logo\/image\/\",\"url\":\"https:\/\/koningdrone.be\/wp-content\/uploads\/sites\/13\/2025\/04\/koningdrone-copyright-logo.svg\",\"contentUrl\":\"https:\/\/koningdrone.be\/wp-content\/uploads\/sites\/13\/2025\/04\/koningdrone-copyright-logo.svg\",\"width\":227,\"height\":38,\"caption\":\"Koningdrone.be\"},\"image\":{\"@id\":\"https:\/\/koningdrone.be\/#\/schema\/logo\/image\/\"}}]}<\/script>\n<!-- \/ Yoast SEO Premium plugin. -->","yoast_head_json":{"title":"Ecoflow Smart Home Panel Combo - koningdrone.be","robots":{"index":"index","follow":"follow","max-snippet":"max-snippet:-1","max-image-preview":"max-image-preview:large","max-video-preview":"max-video-preview:-1"},"canonical":"https:\/\/koningdrone.be\/de\/produkt\/ecoflow-smart-home-panel-combo\/","og_locale":"de_DE","og_type":"article","og_title":"Ecoflow Smart Home Panel Combo","og_description":"Noodontslag  Aanvraag voor beheer  Budgetbesparingen  Uw eigen energiebron","og_url":"https:\/\/koningdrone.be\/de\/produkt\/ecoflow-smart-home-panel-combo\/","og_site_name":"koningdrone.be","article_modified_time":"2026-04-29T11:50:30+00:00","og_image":[{"width":300,"height":251,"url":"https:\/\/koningdrone.be\/wp-content\/uploads\/sites\/13\/2025\/04\/EFSHPCB-1.jpg","type":"image\/jpeg"}],"twitter_card":"summary_large_image","twitter_misc":{"Gesch\u00e4tzte Lesezeit":"1\u00a0Minute"},"schema":{"@context":"https:\/\/schema.org","@graph":[{"@type":"WebPage","@id":"https:\/\/koningdrone.be\/product\/ecoflow-smart-home-panel-combo\/","url":"https:\/\/koningdrone.be\/product\/ecoflow-smart-home-panel-combo\/","name":"Ecoflow Smart Home Panel Combo - koningdrone.be","isPartOf":{"@id":"https:\/\/koningdrone.be\/#website"},"primaryImageOfPage":{"@id":"https:\/\/koningdrone.be\/product\/ecoflow-smart-home-panel-combo\/#primaryimage"},"image":{"@id":"https:\/\/koningdrone.be\/product\/ecoflow-smart-home-panel-combo\/#primaryimage"},"thumbnailUrl":"https:\/\/koningdrone.be\/wp-content\/uploads\/sites\/13\/2025\/04\/EFSHPCB-1.jpg","datePublished":"2022-11-02T08:13:53+00:00","dateModified":"2026-04-29T11:50:30+00:00","breadcrumb":{"@id":"https:\/\/koningdrone.be\/product\/ecoflow-smart-home-panel-combo\/#breadcrumb"},"inLanguage":"de","potentialAction":[{"@type":"ReadAction","target":["https:\/\/koningdrone.be\/product\/ecoflow-smart-home-panel-combo\/"]}]},{"@type":"ImageObject","inLanguage":"de","@id":"https:\/\/koningdrone.be\/product\/ecoflow-smart-home-panel-combo\/#primaryimage","url":"https:\/\/koningdrone.be\/wp-content\/uploads\/sites\/13\/2025\/04\/EFSHPCB-1.jpg","contentUrl":"https:\/\/koningdrone.be\/wp-content\/uploads\/sites\/13\/2025\/04\/EFSHPCB-1.jpg","width":300,"height":251},{"@type":"BreadcrumbList","@id":"https:\/\/koningdrone.be\/product\/ecoflow-smart-home-panel-combo\/#breadcrumb","itemListElement":[{"@type":"ListItem","position":1,"name":"Home","item":"https:\/\/koningdrone.be\/"},{"@type":"ListItem","position":2,"name":"AVSS Parachute Recovery System for DJI Matrice 300\/350","item":"https:\/\/koningdrone.be\/product\/avss-parachute-recovery-system-for-dji-matrice-300-350\/"},{"@type":"ListItem","position":3,"name":"Alle producten","item":"https:\/\/koningdrone.be\/categorie\/alle-producten\/"},{"@type":"ListItem","position":4,"name":"Ecoflow Smart Home Panel Combo"}]},{"@type":"WebSite","@id":"https:\/\/koningdrone.be\/#website","url":"https:\/\/koningdrone.be\/","name":"Koningdrone.be - Ihr Online-Spezialist f\u00fcr Drohnen, Gimbals, Kameras und Kraftwerke.","description":"Der Webshop f\u00fcr Drohnen und Gimbals","publisher":{"@id":"https:\/\/koningdrone.be\/#organization"},"potentialAction":[{"@type":"SearchAction","target":{"@type":"EntryPoint","urlTemplate":"https:\/\/koningdrone.be\/?s={search_term_string}"},"query-input":{"@type":"PropertyValueSpecification","valueRequired":true,"valueName":"search_term_string"}}],"inLanguage":"de"},{"@type":"Organization","@id":"https:\/\/koningdrone.be\/#organization","name":"Kingdrone.de","url":"https:\/\/koningdrone.be\/","logo":{"@type":"ImageObject","inLanguage":"de","@id":"https:\/\/koningdrone.be\/#\/schema\/logo\/image\/","url":"https:\/\/koningdrone.be\/wp-content\/uploads\/sites\/13\/2025\/04\/koningdrone-copyright-logo.svg","contentUrl":"https:\/\/koningdrone.be\/wp-content\/uploads\/sites\/13\/2025\/04\/koningdrone-copyright-logo.svg","width":227,"height":38,"caption":"Koningdrone.be"},"image":{"@id":"https:\/\/koningdrone.be\/#\/schema\/logo\/image\/"}}]}},"df_price":"","df_sale_price":"","df_regular_price":"","df_image_link":"https:\/\/koningdrone.be\/wp-content\/uploads\/sites\/13\/2025\/04\/EFSHPCB-1.jpg","_links":{"self":[{"href":"https:\/\/koningdrone.be\/de\/wp-json\/wp\/v2\/product\/5488","targetHints":{"allow":["GET"]}}],"collection":[{"href":"https:\/\/koningdrone.be\/de\/wp-json\/wp\/v2\/product"}],"about":[{"href":"https:\/\/koningdrone.be\/de\/wp-json\/wp\/v2\/types\/product"}],"wp:featuredmedia":[{"embeddable":true,"href":"https:\/\/koningdrone.be\/de\/wp-json\/wp\/v2\/media\/5485"}],"wp:attachment":[{"href":"https:\/\/koningdrone.be\/de\/wp-json\/wp\/v2\/media?parent=5488"}],"wp:term":[{"taxonomy":"product_brand","embeddable":true,"href":"https:\/\/koningdrone.be\/de\/wp-json\/wp\/v2\/product_brand?post=5488"},{"taxonomy":"product_cat","embeddable":true,"href":"https:\/\/koningdrone.be\/de\/wp-json\/wp\/v2\/product_cat?post=5488"},{"taxonomy":"product_tag","embeddable":true,"href":"https:\/\/koningdrone.be\/de\/wp-json\/wp\/v2\/product_tag?post=5488"}],"curies":[{"name":"wp","href":"https:\/\/api.w.org\/{rel}","templated":true}]}}