{"id":5478,"date":"2022-11-02T09:13:53","date_gmt":"2022-11-02T08:13:53","guid":{"rendered":"https:\/\/koningdrone.nl\/kon\/product\/ecoflow-220w-solar-panel\/"},"modified":"2026-04-29T03:30:30","modified_gmt":"2026-04-29T01:30:30","slug":"ecoflow-220w-solar-panel","status":"publish","type":"product","link":"https:\/\/koningdrone.be\/de\/produkt\/ecoflow-220w-solar-panel\/","title":{"rendered":"Ecoflow 220W Solarmodul"},"content":{"rendered":"<p>Das EcoFlow 220W Solarmodul ist eine praktische Erg\u00e4nzung f\u00fcr EcoFlow Fluss- und Delta-Kraftwerke. Mit einem zweiseitigen Design mit einer 220W Prim\u00e4rseite und einer 155W R\u00fcckseite f\u00fcr das Umgebungslicht kann dieses Solarmodul bis zu 25% mehr Solarenergie einfangen und Ihre tragbare Stromstation noch schneller aufladen. Mit einem Gewicht von nur 9,5 kg ist das praktische Design der ideale Begleiter f\u00fcr Outdoor-Abenteurer.<\/p>\n<p><strong>Handliches und kompaktes Design<\/strong><\/p>\n<p>Dank seines kompakten und faltbaren Designs l\u00e4sst sich dieses Solarmodul leicht zum Camping mitnehmen oder im Wohnmobil verstauen. Das Geh\u00e4use kann in einen praktischen St\u00e4nder verwandelt werden, um genau den richtigen Winkel zum Einfangen der Sonnenstrahlen zu finden. Schlie\u00dfen Sie das Modul an ein EcoFlow River (eu\/Max\/Pro) oder Delta eu Kraftwerk an, um effizient zu laden. Die universellen Solaranschl\u00fcsse erm\u00f6glichen auch den Anschluss an Fremdgeneratoren.<\/p>\n<p><strong>Verbesserte Effizienz<\/strong><\/p>\n<p>Das zweiseitige Design sorgt daf\u00fcr, dass die Sonnenstrahlen von beiden Seiten des Solarmoduls absorbiert werden, wodurch bis zu 25% mehr Sonnenenergie gewonnen werden kann. Mit einer verspiegelten Oberfl\u00e4che k\u00f6nnen sogar bis zu 80% mehr Energie gesammelt werden. Dar\u00fcber hinaus ist das 10% kleiner als vergleichbare 220-Watt-Module, spart Platz durch d\u00fcnneres geh\u00e4rtetes Glas und ben\u00f6tigt weniger Platz f\u00fcr die gleiche Absorption.<\/p>\n<p>&nbsp;<\/p>","protected":false},"excerpt":{"rendered":"<ul>\n<li>Zellwirkungsgrad von 22-23%<\/li>\n<li>Monokristalline Solarzellen<\/li>\n<li>Bifacial - beidseitig mit Solarzellen ausgestattet<\/li>\n<li>Wasserdicht nach IP67 sch\u00fctzt vor Schmutz, Staub und Wasser<\/li>\n<li>Vielseitig kompatible Solaranschlussklemmen<\/li>\n<li>Geeignet f\u00fcr EcoFlow River \/ Delta Powerstations und kompatible Generatoren anderer Hersteller<\/li>\n<li>Nennleistung: 220w (vorne) \/ 144w (hinten)<\/li>\n<li>Modulspannung (Vmp): 18,4 V<\/li>\n<li>Max. Stromst\u00e4rke (Imp): 12a (vorne) \/ 8,4a (hinten)<\/li>\n<li>Leerlaufspannung (Voc): 21,08 V<\/li>\n<li>Kurzschlussstrom (Isc): 13a (vorne); 8,8a (hinten)<\/li>\n<li>Wirkungsgrad der Zellen: 22-23<\/li>\n<li>Betriebstemperaturbereich: -20 - +85\u00b0C<\/li>\n<li>Abmessungen geschlossen: 820 x 500 x 32 mm<\/li>\n<li>Abmessungen ge\u00f6ffnet: 820 x 1830 x 25 mm<\/li>\n<li>Gewicht des Moduls: 9,5 kg<\/li>\n<\/ul>","protected":false},"featured_media":5473,"template":"","meta":{"_acf_changed":false},"product_brand":[],"product_cat":[97,245,415,198],"product_tag":[],"class_list":{"0":"post-5478","1":"product","2":"type-product","3":"status-publish","4":"has-post-thumbnail","6":"product_cat-alle-producten","7":"product_cat-ecoflow","8":"product_cat-energy","9":"product_cat-zonnepanelen","10":"product_shipping_class-uavspacesall","11":"pa_afmetingen-opengevouwen-82-x-183-x-2-5-cm_x000d_-dichtgevouwen-82-x-50-x-3-2-cm","12":"pa_brand-ecoflow","13":"pa_gewicht-9-5-kg","14":"pa_materiaal-monocrystalline-silicon","15":"pa_productfamily-zonnepaneel","16":"pa_producttype-zonnepaneel","17":"pa_series-ecoflow","19":"first","20":"instock","21":"taxable","22":"shipping-taxable","23":"purchasable","24":"product-type-simple"},"acf":[],"yoast_head":"<!-- This site is optimized with the Yoast SEO Premium plugin v27.2 (Yoast SEO v27.2) - https:\/\/yoast.com\/product\/yoast-seo-premium-wordpress\/ -->\n<title>Ecoflow 220W Solar Panel - koningdrone.be<\/title>\n<meta name=\"robots\" content=\"index, follow, max-snippet:-1, max-image-preview:large, max-video-preview:-1\" \/>\n<link rel=\"canonical\" href=\"https:\/\/koningdrone.be\/de\/produkt\/ecoflow-220w-solar-panel\/\" \/>\n<meta property=\"og:locale\" content=\"de_DE\" \/>\n<meta property=\"og:type\" content=\"article\" \/>\n<meta property=\"og:title\" content=\"Ecoflow 220W Solar Panel\" \/>\n<meta property=\"og:description\" content=\"Celeffici\u00ebntie van 22-23%  Monokristallijne zonnecellen  Bifacial - voorzien van zonnecellen aan beide zijden  Waterdicht tot IP67 beschermt tegen vuil, stof en water  Veelzijdige compatibele aansluitklemmen voor zonne-energie  Geschikt voor EcoFlow River \/ Delta Powerstations en compatibele generatoren van derden  Nominaal vermogen: 220w (voor) \/ 144w (achter)  Modulespanning (Vmp): 18.4V  Max. Stroom (Imp): 12a (voor) \/ 8.4a (achter)  Nullastspanning (Voc): 21,08V  Kortsluitstroom (Isc): 13a (voor); 8.8a (achter)  Celeffici\u00ebntie: 22-23  Bedrijfstemperatuurbereik: -20 - +85\u00b0C  Afmetingen gesloten: 820 x 500 x 32 mm  Afmetingen geopend: 820 x 1830 x 25 mm  Modulegewicht: 9,5kg\" \/>\n<meta property=\"og:url\" content=\"https:\/\/koningdrone.be\/de\/produkt\/ecoflow-220w-solar-panel\/\" \/>\n<meta property=\"og:site_name\" content=\"koningdrone.be\" \/>\n<meta property=\"article:modified_time\" content=\"2026-04-29T01:30:30+00:00\" \/>\n<meta property=\"og:image\" content=\"https:\/\/koningdrone.be\/wp-content\/uploads\/sites\/13\/2025\/04\/4897082666332-1.jpg\" \/>\n\t<meta property=\"og:image:width\" content=\"1000\" \/>\n\t<meta property=\"og:image:height\" content=\"1000\" \/>\n\t<meta property=\"og:image:type\" content=\"image\/jpeg\" \/>\n<meta name=\"twitter:card\" content=\"summary_large_image\" \/>\n<meta name=\"twitter:label1\" content=\"Gesch\u00e4tzte Lesezeit\" \/>\n\t<meta name=\"twitter:data1\" content=\"1\u00a0Minute\" \/>\n<script type=\"application\/ld+json\" class=\"yoast-schema-graph\">{\"@context\":\"https:\/\/schema.org\",\"@graph\":[{\"@type\":\"WebPage\",\"@id\":\"https:\/\/koningdrone.be\/product\/ecoflow-220w-solar-panel\/\",\"url\":\"https:\/\/koningdrone.be\/product\/ecoflow-220w-solar-panel\/\",\"name\":\"Ecoflow 220W Solar Panel - koningdrone.be\",\"isPartOf\":{\"@id\":\"https:\/\/koningdrone.be\/#website\"},\"primaryImageOfPage\":{\"@id\":\"https:\/\/koningdrone.be\/product\/ecoflow-220w-solar-panel\/#primaryimage\"},\"image\":{\"@id\":\"https:\/\/koningdrone.be\/product\/ecoflow-220w-solar-panel\/#primaryimage\"},\"thumbnailUrl\":\"https:\/\/koningdrone.be\/wp-content\/uploads\/sites\/13\/2025\/04\/4897082666332-1.jpg\",\"datePublished\":\"2022-11-02T08:13:53+00:00\",\"dateModified\":\"2026-04-29T01:30:30+00:00\",\"breadcrumb\":{\"@id\":\"https:\/\/koningdrone.be\/product\/ecoflow-220w-solar-panel\/#breadcrumb\"},\"inLanguage\":\"de\",\"potentialAction\":[{\"@type\":\"ReadAction\",\"target\":[\"https:\/\/koningdrone.be\/product\/ecoflow-220w-solar-panel\/\"]}]},{\"@type\":\"ImageObject\",\"inLanguage\":\"de\",\"@id\":\"https:\/\/koningdrone.be\/product\/ecoflow-220w-solar-panel\/#primaryimage\",\"url\":\"https:\/\/koningdrone.be\/wp-content\/uploads\/sites\/13\/2025\/04\/4897082666332-1.jpg\",\"contentUrl\":\"https:\/\/koningdrone.be\/wp-content\/uploads\/sites\/13\/2025\/04\/4897082666332-1.jpg\",\"width\":1000,\"height\":1000},{\"@type\":\"BreadcrumbList\",\"@id\":\"https:\/\/koningdrone.be\/product\/ecoflow-220w-solar-panel\/#breadcrumb\",\"itemListElement\":[{\"@type\":\"ListItem\",\"position\":1,\"name\":\"Home\",\"item\":\"https:\/\/koningdrone.be\/\"},{\"@type\":\"ListItem\",\"position\":2,\"name\":\"AVSS Parachute Recovery System for DJI Matrice 300\/350\",\"item\":\"https:\/\/koningdrone.be\/product\/avss-parachute-recovery-system-for-dji-matrice-300-350\/\"},{\"@type\":\"ListItem\",\"position\":3,\"name\":\"Alle producten\",\"item\":\"https:\/\/koningdrone.be\/categorie\/alle-producten\/\"},{\"@type\":\"ListItem\",\"position\":4,\"name\":\"Ecoflow 220W Solar Panel\"}]},{\"@type\":\"WebSite\",\"@id\":\"https:\/\/koningdrone.be\/#website\",\"url\":\"https:\/\/koningdrone.be\/\",\"name\":\"Koningdrone.be - Uw online specialist in drones, gimbals, camera's en power stations.\",\"description\":\"De webshop in drones en gimbals\",\"publisher\":{\"@id\":\"https:\/\/koningdrone.be\/#organization\"},\"potentialAction\":[{\"@type\":\"SearchAction\",\"target\":{\"@type\":\"EntryPoint\",\"urlTemplate\":\"https:\/\/koningdrone.be\/?s={search_term_string}\"},\"query-input\":{\"@type\":\"PropertyValueSpecification\",\"valueRequired\":true,\"valueName\":\"search_term_string\"}}],\"inLanguage\":\"de\"},{\"@type\":\"Organization\",\"@id\":\"https:\/\/koningdrone.be\/#organization\",\"name\":\"Koningdrone.be\",\"url\":\"https:\/\/koningdrone.be\/\",\"logo\":{\"@type\":\"ImageObject\",\"inLanguage\":\"de\",\"@id\":\"https:\/\/koningdrone.be\/#\/schema\/logo\/image\/\",\"url\":\"https:\/\/koningdrone.be\/wp-content\/uploads\/sites\/13\/2025\/04\/koningdrone-copyright-logo.svg\",\"contentUrl\":\"https:\/\/koningdrone.be\/wp-content\/uploads\/sites\/13\/2025\/04\/koningdrone-copyright-logo.svg\",\"width\":227,\"height\":38,\"caption\":\"Koningdrone.be\"},\"image\":{\"@id\":\"https:\/\/koningdrone.be\/#\/schema\/logo\/image\/\"}}]}<\/script>\n<!-- \/ Yoast SEO Premium plugin. -->","yoast_head_json":{"title":"Ecoflow 220W Solar Panel - koningdrone.be","robots":{"index":"index","follow":"follow","max-snippet":"max-snippet:-1","max-image-preview":"max-image-preview:large","max-video-preview":"max-video-preview:-1"},"canonical":"https:\/\/koningdrone.be\/de\/produkt\/ecoflow-220w-solar-panel\/","og_locale":"de_DE","og_type":"article","og_title":"Ecoflow 220W Solar Panel","og_description":"Celeffici\u00ebntie van 22-23%  Monokristallijne zonnecellen  Bifacial - voorzien van zonnecellen aan beide zijden  Waterdicht tot IP67 beschermt tegen vuil, stof en water  Veelzijdige compatibele aansluitklemmen voor zonne-energie  Geschikt voor EcoFlow River \/ Delta Powerstations en compatibele generatoren van derden  Nominaal vermogen: 220w (voor) \/ 144w (achter)  Modulespanning (Vmp): 18.4V  Max. Stroom (Imp): 12a (voor) \/ 8.4a (achter)  Nullastspanning (Voc): 21,08V  Kortsluitstroom (Isc): 13a (voor); 8.8a (achter)  Celeffici\u00ebntie: 22-23  Bedrijfstemperatuurbereik: -20 - +85\u00b0C  Afmetingen gesloten: 820 x 500 x 32 mm  Afmetingen geopend: 820 x 1830 x 25 mm  Modulegewicht: 9,5kg","og_url":"https:\/\/koningdrone.be\/de\/produkt\/ecoflow-220w-solar-panel\/","og_site_name":"koningdrone.be","article_modified_time":"2026-04-29T01:30:30+00:00","og_image":[{"width":1000,"height":1000,"url":"https:\/\/koningdrone.be\/wp-content\/uploads\/sites\/13\/2025\/04\/4897082666332-1.jpg","type":"image\/jpeg"}],"twitter_card":"summary_large_image","twitter_misc":{"Gesch\u00e4tzte Lesezeit":"1\u00a0Minute"},"schema":{"@context":"https:\/\/schema.org","@graph":[{"@type":"WebPage","@id":"https:\/\/koningdrone.be\/product\/ecoflow-220w-solar-panel\/","url":"https:\/\/koningdrone.be\/product\/ecoflow-220w-solar-panel\/","name":"Ecoflow 220W Solar Panel - koningdrone.be","isPartOf":{"@id":"https:\/\/koningdrone.be\/#website"},"primaryImageOfPage":{"@id":"https:\/\/koningdrone.be\/product\/ecoflow-220w-solar-panel\/#primaryimage"},"image":{"@id":"https:\/\/koningdrone.be\/product\/ecoflow-220w-solar-panel\/#primaryimage"},"thumbnailUrl":"https:\/\/koningdrone.be\/wp-content\/uploads\/sites\/13\/2025\/04\/4897082666332-1.jpg","datePublished":"2022-11-02T08:13:53+00:00","dateModified":"2026-04-29T01:30:30+00:00","breadcrumb":{"@id":"https:\/\/koningdrone.be\/product\/ecoflow-220w-solar-panel\/#breadcrumb"},"inLanguage":"de","potentialAction":[{"@type":"ReadAction","target":["https:\/\/koningdrone.be\/product\/ecoflow-220w-solar-panel\/"]}]},{"@type":"ImageObject","inLanguage":"de","@id":"https:\/\/koningdrone.be\/product\/ecoflow-220w-solar-panel\/#primaryimage","url":"https:\/\/koningdrone.be\/wp-content\/uploads\/sites\/13\/2025\/04\/4897082666332-1.jpg","contentUrl":"https:\/\/koningdrone.be\/wp-content\/uploads\/sites\/13\/2025\/04\/4897082666332-1.jpg","width":1000,"height":1000},{"@type":"BreadcrumbList","@id":"https:\/\/koningdrone.be\/product\/ecoflow-220w-solar-panel\/#breadcrumb","itemListElement":[{"@type":"ListItem","position":1,"name":"Home","item":"https:\/\/koningdrone.be\/"},{"@type":"ListItem","position":2,"name":"AVSS Parachute Recovery System for DJI Matrice 300\/350","item":"https:\/\/koningdrone.be\/product\/avss-parachute-recovery-system-for-dji-matrice-300-350\/"},{"@type":"ListItem","position":3,"name":"Alle producten","item":"https:\/\/koningdrone.be\/categorie\/alle-producten\/"},{"@type":"ListItem","position":4,"name":"Ecoflow 220W Solar Panel"}]},{"@type":"WebSite","@id":"https:\/\/koningdrone.be\/#website","url":"https:\/\/koningdrone.be\/","name":"Koningdrone.be - Ihr Online-Spezialist f\u00fcr Drohnen, Gimbals, Kameras und Kraftwerke.","description":"Der Webshop f\u00fcr Drohnen und Gimbals","publisher":{"@id":"https:\/\/koningdrone.be\/#organization"},"potentialAction":[{"@type":"SearchAction","target":{"@type":"EntryPoint","urlTemplate":"https:\/\/koningdrone.be\/?s={search_term_string}"},"query-input":{"@type":"PropertyValueSpecification","valueRequired":true,"valueName":"search_term_string"}}],"inLanguage":"de"},{"@type":"Organization","@id":"https:\/\/koningdrone.be\/#organization","name":"Kingdrone.de","url":"https:\/\/koningdrone.be\/","logo":{"@type":"ImageObject","inLanguage":"de","@id":"https:\/\/koningdrone.be\/#\/schema\/logo\/image\/","url":"https:\/\/koningdrone.be\/wp-content\/uploads\/sites\/13\/2025\/04\/koningdrone-copyright-logo.svg","contentUrl":"https:\/\/koningdrone.be\/wp-content\/uploads\/sites\/13\/2025\/04\/koningdrone-copyright-logo.svg","width":227,"height":38,"caption":"Koningdrone.be"},"image":{"@id":"https:\/\/koningdrone.be\/#\/schema\/logo\/image\/"}}]}},"df_price":398,"df_sale_price":"","df_regular_price":398,"df_image_link":"https:\/\/koningdrone.be\/wp-content\/uploads\/sites\/13\/2025\/04\/4897082666332-1-300x300.jpg","_links":{"self":[{"href":"https:\/\/koningdrone.be\/de\/wp-json\/wp\/v2\/product\/5478","targetHints":{"allow":["GET"]}}],"collection":[{"href":"https:\/\/koningdrone.be\/de\/wp-json\/wp\/v2\/product"}],"about":[{"href":"https:\/\/koningdrone.be\/de\/wp-json\/wp\/v2\/types\/product"}],"wp:featuredmedia":[{"embeddable":true,"href":"https:\/\/koningdrone.be\/de\/wp-json\/wp\/v2\/media\/5473"}],"wp:attachment":[{"href":"https:\/\/koningdrone.be\/de\/wp-json\/wp\/v2\/media?parent=5478"}],"wp:term":[{"taxonomy":"product_brand","embeddable":true,"href":"https:\/\/koningdrone.be\/de\/wp-json\/wp\/v2\/product_brand?post=5478"},{"taxonomy":"product_cat","embeddable":true,"href":"https:\/\/koningdrone.be\/de\/wp-json\/wp\/v2\/product_cat?post=5478"},{"taxonomy":"product_tag","embeddable":true,"href":"https:\/\/koningdrone.be\/de\/wp-json\/wp\/v2\/product_tag?post=5478"}],"curies":[{"name":"wp","href":"https:\/\/api.w.org\/{rel}","templated":true}]}}