{"id":5444,"date":"2022-11-02T09:13:53","date_gmt":"2022-11-02T08:13:53","guid":{"rendered":"https:\/\/koningdrone.nl\/kon\/product\/ecoflow-river-pro-river-pro-smart-extra-battery-bundle\/"},"modified":"2026-04-29T13:50:42","modified_gmt":"2026-04-29T11:50:42","slug":"ecoflow-river-pro-river-pro-smart-extra-battery-bundle","status":"publish","type":"product","link":"https:\/\/koningdrone.be\/de\/produkt\/ecoflow-river-pro-river-pro-smart-extra-battery-bundle\/","title":{"rendered":"Ecoflow River Pro + River Pro Smart Extra-Batterie-Paket"},"content":{"rendered":"<p>Das EcoFlow RIVER Pro ist ein tragbares Kraftwerk, das speziell f\u00fcr Outdoor-Abenteuer entwickelt wurde. Egal, ob Sie campen, \u00fcber Land fahren, Boot fahren oder einfach nur zu Abend essen, die RIVER Pro bietet zuverl\u00e4ssige und tragbare Energie, wo immer Sie sind.<\/p>\n<p><strong>X-Boost Slim Algorithmus und X-Stream Schnellladetechnologie<\/strong><\/p>\n<p>Mit dem intelligenten X-Boost-Algorithmus kann der 600-W-Wechselrichter des RIVER Pro wichtige Ger\u00e4te mit einer Leistung von bis zu 1800 W versorgen - perfekt f\u00fcr unterwegs. Mit der X-Stream-Schnellladetechnologie kann der RIVER Pro bis zu 80% innerhalb einer Stunde aufladen und in 1,6 Stunden vollst\u00e4ndig geladen sein.<\/p>\n<p><strong>Erweiterbare Leistung mit RIVER Pro Extra Battery<\/strong><\/p>\n<p>Die Leistung des RIVER Pro ist erweiterbar: Mit der RIVER Pro Extra Battery l\u00e4sst sich die Kapazit\u00e4t von 720Wh auf 1440Wh verdoppeln, sodass Sie auf Ihren Abenteuern l\u00e4nger Strom genie\u00dfen k\u00f6nnen. Mit drei Steckdosen und einer intelligenten Solarladefunktion ist das RIVER Pro vielseitig einsetzbar und eignet sich f\u00fcr eine Vielzahl von Anwendungen, vom Solo-Roadtrip bis zum Gruppencamping.<\/p>\n<p><strong>Kompakt und tragbar<\/strong><\/p>\n<p>Dar\u00fcber hinaus ist der RIVER Pro kompakt und tragbar, wiegt nur 15,9 Pfund und hat einen Griff f\u00fcr den einfachen Transport. Er kann eine breite Palette von Ger\u00e4ten mit Strom versorgen, von Elektronik bis hin zu K\u00fcchenger\u00e4ten. Mit der Zusatzbatterie verdoppeln Sie die Kapazit\u00e4t und haben noch mehr Freiheit, Ihren Energiebedarf zu decken, wo immer Ihr Abenteuer Sie hinf\u00fchrt.<\/p>\n<p><\/p>","protected":false},"excerpt":{"rendered":"<ul>\n<li>3 AC-Ausg\u00e4nge mit 600 W und einer Kapazit\u00e4t von 720 Wh<\/li>\n<li>Aufladen von 0-80% innerhalb von 1 Stunde<\/li>\n<li>Verdoppelung der Kapazit\u00e4t von 720wh auf 1440wh<\/li>\n<\/ul>","protected":false},"featured_media":5443,"template":"","meta":{"_acf_changed":false},"product_brand":[],"product_cat":[454,97,245,276,415],"product_tag":[],"class_list":{"0":"post-5444","1":"product","2":"type-product","3":"status-publish","4":"has-post-thumbnail","6":"product_cat-alle-powerstations","7":"product_cat-alle-producten","8":"product_cat-ecoflow","9":"product_cat-ecoflow-powerstations","10":"product_cat-energy","11":"product_shipping_class-outofstock","12":"pa_brand-ecoflow","13":"pa_productfamily-ecoflow-bundle","14":"pa_producttype-ecoflow-bundle","15":"pa_series-river-pro","17":"first","18":"outofstock","19":"taxable","20":"shipping-taxable","21":"product-type-simple"},"acf":[],"yoast_head":"<!-- This site is optimized with the Yoast SEO Premium plugin v27.2 (Yoast SEO v27.2) - https:\/\/yoast.com\/product\/yoast-seo-premium-wordpress\/ -->\n<title>Ecoflow River Pro + River Pro Smart Extra Battery Bundle - koningdrone.be<\/title>\n<meta name=\"robots\" content=\"index, follow, max-snippet:-1, max-image-preview:large, max-video-preview:-1\" \/>\n<link rel=\"canonical\" href=\"https:\/\/koningdrone.be\/de\/produkt\/ecoflow-river-pro-river-pro-smart-extra-battery-bundle\/\" \/>\n<meta property=\"og:locale\" content=\"de_DE\" \/>\n<meta property=\"og:type\" content=\"article\" \/>\n<meta property=\"og:title\" content=\"Ecoflow River Pro + River Pro Smart Extra Battery Bundle\" \/>\n<meta property=\"og:description\" content=\"3 AC-uitgangen van 600 w en capaciteit van 720 whLaadt van 0-80% binnen 1 uurDubbele capaciteit van 720wh tot 1440wh\" \/>\n<meta property=\"og:url\" content=\"https:\/\/koningdrone.be\/de\/produkt\/ecoflow-river-pro-river-pro-smart-extra-battery-bundle\/\" \/>\n<meta property=\"og:site_name\" content=\"koningdrone.be\" \/>\n<meta property=\"article:modified_time\" content=\"2026-04-29T11:50:42+00:00\" \/>\n<meta property=\"og:image\" content=\"https:\/\/koningdrone.be\/wp-content\/uploads\/sites\/13\/2025\/04\/Pro_EB.webp\" \/>\n\t<meta property=\"og:image:width\" content=\"1200\" \/>\n\t<meta property=\"og:image:height\" content=\"1200\" \/>\n\t<meta property=\"og:image:type\" content=\"image\/webp\" \/>\n<meta name=\"twitter:card\" content=\"summary_large_image\" \/>\n<meta name=\"twitter:label1\" content=\"Gesch\u00e4tzte Lesezeit\" \/>\n\t<meta name=\"twitter:data1\" content=\"1\u00a0Minute\" \/>\n<script type=\"application\/ld+json\" class=\"yoast-schema-graph\">{\"@context\":\"https:\/\/schema.org\",\"@graph\":[{\"@type\":\"WebPage\",\"@id\":\"https:\/\/koningdrone.be\/product\/ecoflow-river-pro-river-pro-smart-extra-battery-bundle\/\",\"url\":\"https:\/\/koningdrone.be\/product\/ecoflow-river-pro-river-pro-smart-extra-battery-bundle\/\",\"name\":\"Ecoflow River Pro + River Pro Smart Extra Battery Bundle - koningdrone.be\",\"isPartOf\":{\"@id\":\"https:\/\/koningdrone.be\/#website\"},\"primaryImageOfPage\":{\"@id\":\"https:\/\/koningdrone.be\/product\/ecoflow-river-pro-river-pro-smart-extra-battery-bundle\/#primaryimage\"},\"image\":{\"@id\":\"https:\/\/koningdrone.be\/product\/ecoflow-river-pro-river-pro-smart-extra-battery-bundle\/#primaryimage\"},\"thumbnailUrl\":\"https:\/\/koningdrone.be\/wp-content\/uploads\/sites\/13\/2025\/04\/Pro_EB.webp\",\"datePublished\":\"2022-11-02T08:13:53+00:00\",\"dateModified\":\"2026-04-29T11:50:42+00:00\",\"breadcrumb\":{\"@id\":\"https:\/\/koningdrone.be\/product\/ecoflow-river-pro-river-pro-smart-extra-battery-bundle\/#breadcrumb\"},\"inLanguage\":\"de\",\"potentialAction\":[{\"@type\":\"ReadAction\",\"target\":[\"https:\/\/koningdrone.be\/product\/ecoflow-river-pro-river-pro-smart-extra-battery-bundle\/\"]}]},{\"@type\":\"ImageObject\",\"inLanguage\":\"de\",\"@id\":\"https:\/\/koningdrone.be\/product\/ecoflow-river-pro-river-pro-smart-extra-battery-bundle\/#primaryimage\",\"url\":\"https:\/\/koningdrone.be\/wp-content\/uploads\/sites\/13\/2025\/04\/Pro_EB.webp\",\"contentUrl\":\"https:\/\/koningdrone.be\/wp-content\/uploads\/sites\/13\/2025\/04\/Pro_EB.webp\",\"width\":1200,\"height\":1200},{\"@type\":\"BreadcrumbList\",\"@id\":\"https:\/\/koningdrone.be\/product\/ecoflow-river-pro-river-pro-smart-extra-battery-bundle\/#breadcrumb\",\"itemListElement\":[{\"@type\":\"ListItem\",\"position\":1,\"name\":\"Home\",\"item\":\"https:\/\/koningdrone.be\/\"},{\"@type\":\"ListItem\",\"position\":2,\"name\":\"AVSS Parachute Recovery System for DJI Matrice 300\/350\",\"item\":\"https:\/\/koningdrone.be\/product\/avss-parachute-recovery-system-for-dji-matrice-300-350\/\"},{\"@type\":\"ListItem\",\"position\":3,\"name\":\"Alle powerstations\",\"item\":\"https:\/\/koningdrone.be\/categorie\/alle-powerstations\/\"},{\"@type\":\"ListItem\",\"position\":4,\"name\":\"Ecoflow River Pro + River Pro Smart Extra Battery Bundle\"}]},{\"@type\":\"WebSite\",\"@id\":\"https:\/\/koningdrone.be\/#website\",\"url\":\"https:\/\/koningdrone.be\/\",\"name\":\"Koningdrone.be - Uw online specialist in drones, gimbals, camera's en power stations.\",\"description\":\"De webshop in drones en gimbals\",\"publisher\":{\"@id\":\"https:\/\/koningdrone.be\/#organization\"},\"potentialAction\":[{\"@type\":\"SearchAction\",\"target\":{\"@type\":\"EntryPoint\",\"urlTemplate\":\"https:\/\/koningdrone.be\/?s={search_term_string}\"},\"query-input\":{\"@type\":\"PropertyValueSpecification\",\"valueRequired\":true,\"valueName\":\"search_term_string\"}}],\"inLanguage\":\"de\"},{\"@type\":\"Organization\",\"@id\":\"https:\/\/koningdrone.be\/#organization\",\"name\":\"Koningdrone.be\",\"url\":\"https:\/\/koningdrone.be\/\",\"logo\":{\"@type\":\"ImageObject\",\"inLanguage\":\"de\",\"@id\":\"https:\/\/koningdrone.be\/#\/schema\/logo\/image\/\",\"url\":\"https:\/\/koningdrone.be\/wp-content\/uploads\/sites\/13\/2025\/04\/koningdrone-copyright-logo.svg\",\"contentUrl\":\"https:\/\/koningdrone.be\/wp-content\/uploads\/sites\/13\/2025\/04\/koningdrone-copyright-logo.svg\",\"width\":227,\"height\":38,\"caption\":\"Koningdrone.be\"},\"image\":{\"@id\":\"https:\/\/koningdrone.be\/#\/schema\/logo\/image\/\"}}]}<\/script>\n<!-- \/ Yoast SEO Premium plugin. -->","yoast_head_json":{"title":"Ecoflow River Pro + River Pro Smart Extra Battery Bundle - koningdrone.be","robots":{"index":"index","follow":"follow","max-snippet":"max-snippet:-1","max-image-preview":"max-image-preview:large","max-video-preview":"max-video-preview:-1"},"canonical":"https:\/\/koningdrone.be\/de\/produkt\/ecoflow-river-pro-river-pro-smart-extra-battery-bundle\/","og_locale":"de_DE","og_type":"article","og_title":"Ecoflow River Pro + River Pro Smart Extra Battery Bundle","og_description":"3 AC-uitgangen van 600 w en capaciteit van 720 whLaadt van 0-80% binnen 1 uurDubbele capaciteit van 720wh tot 1440wh","og_url":"https:\/\/koningdrone.be\/de\/produkt\/ecoflow-river-pro-river-pro-smart-extra-battery-bundle\/","og_site_name":"koningdrone.be","article_modified_time":"2026-04-29T11:50:42+00:00","og_image":[{"width":1200,"height":1200,"url":"https:\/\/koningdrone.be\/wp-content\/uploads\/sites\/13\/2025\/04\/Pro_EB.webp","type":"image\/webp"}],"twitter_card":"summary_large_image","twitter_misc":{"Gesch\u00e4tzte Lesezeit":"1\u00a0Minute"},"schema":{"@context":"https:\/\/schema.org","@graph":[{"@type":"WebPage","@id":"https:\/\/koningdrone.be\/product\/ecoflow-river-pro-river-pro-smart-extra-battery-bundle\/","url":"https:\/\/koningdrone.be\/product\/ecoflow-river-pro-river-pro-smart-extra-battery-bundle\/","name":"Ecoflow River Pro + River Pro Smart Extra Battery Bundle - koningdrone.be","isPartOf":{"@id":"https:\/\/koningdrone.be\/#website"},"primaryImageOfPage":{"@id":"https:\/\/koningdrone.be\/product\/ecoflow-river-pro-river-pro-smart-extra-battery-bundle\/#primaryimage"},"image":{"@id":"https:\/\/koningdrone.be\/product\/ecoflow-river-pro-river-pro-smart-extra-battery-bundle\/#primaryimage"},"thumbnailUrl":"https:\/\/koningdrone.be\/wp-content\/uploads\/sites\/13\/2025\/04\/Pro_EB.webp","datePublished":"2022-11-02T08:13:53+00:00","dateModified":"2026-04-29T11:50:42+00:00","breadcrumb":{"@id":"https:\/\/koningdrone.be\/product\/ecoflow-river-pro-river-pro-smart-extra-battery-bundle\/#breadcrumb"},"inLanguage":"de","potentialAction":[{"@type":"ReadAction","target":["https:\/\/koningdrone.be\/product\/ecoflow-river-pro-river-pro-smart-extra-battery-bundle\/"]}]},{"@type":"ImageObject","inLanguage":"de","@id":"https:\/\/koningdrone.be\/product\/ecoflow-river-pro-river-pro-smart-extra-battery-bundle\/#primaryimage","url":"https:\/\/koningdrone.be\/wp-content\/uploads\/sites\/13\/2025\/04\/Pro_EB.webp","contentUrl":"https:\/\/koningdrone.be\/wp-content\/uploads\/sites\/13\/2025\/04\/Pro_EB.webp","width":1200,"height":1200},{"@type":"BreadcrumbList","@id":"https:\/\/koningdrone.be\/product\/ecoflow-river-pro-river-pro-smart-extra-battery-bundle\/#breadcrumb","itemListElement":[{"@type":"ListItem","position":1,"name":"Home","item":"https:\/\/koningdrone.be\/"},{"@type":"ListItem","position":2,"name":"AVSS Parachute Recovery System for DJI Matrice 300\/350","item":"https:\/\/koningdrone.be\/product\/avss-parachute-recovery-system-for-dji-matrice-300-350\/"},{"@type":"ListItem","position":3,"name":"Alle powerstations","item":"https:\/\/koningdrone.be\/categorie\/alle-powerstations\/"},{"@type":"ListItem","position":4,"name":"Ecoflow River Pro + River Pro Smart Extra Battery Bundle"}]},{"@type":"WebSite","@id":"https:\/\/koningdrone.be\/#website","url":"https:\/\/koningdrone.be\/","name":"Koningdrone.be - Ihr Online-Spezialist f\u00fcr Drohnen, Gimbals, Kameras und Kraftwerke.","description":"Der Webshop f\u00fcr Drohnen und Gimbals","publisher":{"@id":"https:\/\/koningdrone.be\/#organization"},"potentialAction":[{"@type":"SearchAction","target":{"@type":"EntryPoint","urlTemplate":"https:\/\/koningdrone.be\/?s={search_term_string}"},"query-input":{"@type":"PropertyValueSpecification","valueRequired":true,"valueName":"search_term_string"}}],"inLanguage":"de"},{"@type":"Organization","@id":"https:\/\/koningdrone.be\/#organization","name":"Kingdrone.de","url":"https:\/\/koningdrone.be\/","logo":{"@type":"ImageObject","inLanguage":"de","@id":"https:\/\/koningdrone.be\/#\/schema\/logo\/image\/","url":"https:\/\/koningdrone.be\/wp-content\/uploads\/sites\/13\/2025\/04\/koningdrone-copyright-logo.svg","contentUrl":"https:\/\/koningdrone.be\/wp-content\/uploads\/sites\/13\/2025\/04\/koningdrone-copyright-logo.svg","width":227,"height":38,"caption":"Koningdrone.be"},"image":{"@id":"https:\/\/koningdrone.be\/#\/schema\/logo\/image\/"}}]}},"df_price":"","df_sale_price":"","df_regular_price":"","df_image_link":"https:\/\/koningdrone.be\/wp-content\/uploads\/sites\/13\/2025\/04\/Pro_EB-300x300.webp","_links":{"self":[{"href":"https:\/\/koningdrone.be\/de\/wp-json\/wp\/v2\/product\/5444","targetHints":{"allow":["GET"]}}],"collection":[{"href":"https:\/\/koningdrone.be\/de\/wp-json\/wp\/v2\/product"}],"about":[{"href":"https:\/\/koningdrone.be\/de\/wp-json\/wp\/v2\/types\/product"}],"wp:featuredmedia":[{"embeddable":true,"href":"https:\/\/koningdrone.be\/de\/wp-json\/wp\/v2\/media\/5443"}],"wp:attachment":[{"href":"https:\/\/koningdrone.be\/de\/wp-json\/wp\/v2\/media?parent=5444"}],"wp:term":[{"taxonomy":"product_brand","embeddable":true,"href":"https:\/\/koningdrone.be\/de\/wp-json\/wp\/v2\/product_brand?post=5444"},{"taxonomy":"product_cat","embeddable":true,"href":"https:\/\/koningdrone.be\/de\/wp-json\/wp\/v2\/product_cat?post=5444"},{"taxonomy":"product_tag","embeddable":true,"href":"https:\/\/koningdrone.be\/de\/wp-json\/wp\/v2\/product_tag?post=5444"}],"curies":[{"name":"wp","href":"https:\/\/api.w.org\/{rel}","templated":true}]}}