{"id":5431,"date":"2022-11-02T09:13:58","date_gmt":"2022-11-02T08:13:58","guid":{"rendered":"https:\/\/koningdrone.nl\/kon\/product\/insta360-unicorn-helmet-carbon-fiber-mount\/"},"modified":"2026-05-17T10:41:01","modified_gmt":"2026-05-17T08:41:01","slug":"insta360-unicorn-helmet-carbon-fiber-mount","status":"publish","type":"product","link":"https:\/\/koningdrone.be\/de\/produkt\/insta360-unicorn-helmet-carbon-fiber-mount\/","title":{"rendered":"INSTA360 Einhorn-Helm (Kohlefaser-Halterung)"},"content":{"rendered":"<h1>Insta360 Einhorn-Helm (Kohlefaser-Halterung)<\/h1>\n<p>Machen Sie atemberaubende Videos beim Skifahren oder Motorradfahren. Mit der Insta360-Markenhalterung k\u00f6nnen Sie Ihre Insta360-Kamera sicher an Ihrem Helm befestigen, so dass Sie ganz einfach spektakul\u00e4re Aufnahmen aus einer originellen Perspektive machen k\u00f6nnen. Dieses einzigartige Zubeh\u00f6r kann Sie bei fast allen Bedingungen begleiten - keine Angst vor Sonnenlicht, Regen oder Schnee. Die Stange aus Karbonfaser ist extrem haltbar und die gebogene Basis passt sich perfekt an Ihren Helm an, um einen festen Halt zu gew\u00e4hrleisten. Die mitgelieferte Kette kann f\u00fcr zus\u00e4tzliche Sicherheit sorgen. Sie m\u00fcssen sich keine Sorgen machen, dass die Kamera herunterf\u00e4llt und besch\u00e4digt wird! Au\u00dferdem ist das Produkt erstaunlich leicht.<\/p>","protected":false},"excerpt":{"rendered":"<ul>\n<li>Marke: Insta360<\/li>\n<li>Stangenl\u00e4nge: 300 mm \u00b1 10 mm;<\/li>\n<li>Material (Stange): Kohlefaser, Edelstahl, Aluminiumlegierung<\/li>\n<li>Anwendung: Skifahren, Radfahren, Motorradfahren, Skateboarden und andere helmpflichtige Sportarten<\/li>\n<li>Kompatibilit\u00e4t: ONE X2, ONE R, GO 2 (GO 2 erfordert eine separat erh\u00e4ltliche Carbonfaser-Verl\u00e4ngerung)<\/li>\n<\/ul>","protected":false},"featured_media":5429,"template":"","meta":{"_acf_changed":false},"product_brand":[],"product_cat":[97,343],"product_tag":[],"class_list":{"0":"post-5431","1":"product","2":"type-product","3":"status-publish","4":"has-post-thumbnail","6":"product_cat-alle-producten","7":"product_cat-insta360","8":"product_shipping_class-outofstock","9":"pa_brand-insta360","10":"pa_productfamily-action-cam-accessoires","11":"pa_producttype-action-cam-accessoires","12":"pa_series-insta360-go","14":"first","15":"outofstock","16":"taxable","17":"shipping-taxable","18":"product-type-simple"},"acf":[],"yoast_head":"<!-- This site is optimized with the Yoast SEO Premium plugin v27.2 (Yoast SEO v27.2) - https:\/\/yoast.com\/product\/yoast-seo-premium-wordpress\/ -->\n<title>INSTA360 Unicorn Helmet (Carbon Fiber Mount) - koningdrone.be<\/title>\n<meta name=\"robots\" content=\"index, follow, max-snippet:-1, max-image-preview:large, max-video-preview:-1\" \/>\n<link rel=\"canonical\" href=\"https:\/\/koningdrone.be\/de\/produkt\/insta360-unicorn-helmet-carbon-fiber-mount\/\" \/>\n<meta property=\"og:locale\" content=\"de_DE\" \/>\n<meta property=\"og:type\" content=\"article\" \/>\n<meta property=\"og:title\" content=\"INSTA360 Unicorn Helmet (Carbon Fiber Mount)\" \/>\n<meta property=\"og:description\" content=\"Merk: Insta360Staaflengte: 300 mm \u00b1 10 mm;Materiaal (staaf): koolstofvezel, roestvrij staal, aluminiumlegeringToepassing: ski\u00ebn, fietsen, motorrijden, skateboarden en andere sporten waarvoor een helm nodig isCompatibiliteit: ONE X2, ONE R, GO 2 (GO 2 vereist Carbon Fiber Extension, apart verkrijgbaar)\" \/>\n<meta property=\"og:url\" content=\"https:\/\/koningdrone.be\/de\/produkt\/insta360-unicorn-helmet-carbon-fiber-mount\/\" \/>\n<meta property=\"og:site_name\" content=\"koningdrone.be\" \/>\n<meta property=\"article:modified_time\" content=\"2026-05-17T08:41:01+00:00\" \/>\n<meta property=\"og:image\" content=\"https:\/\/koningdrone.be\/wp-content\/uploads\/sites\/13\/2025\/04\/6970357853120-1.webp\" \/>\n\t<meta property=\"og:image:width\" content=\"124\" \/>\n\t<meta property=\"og:image:height\" content=\"637\" \/>\n\t<meta property=\"og:image:type\" content=\"image\/webp\" \/>\n<meta name=\"twitter:card\" content=\"summary_large_image\" \/>\n<meta name=\"twitter:label1\" content=\"Gesch\u00e4tzte Lesezeit\" \/>\n\t<meta name=\"twitter:data1\" content=\"1\u00a0Minute\" \/>\n<script type=\"application\/ld+json\" class=\"yoast-schema-graph\">{\"@context\":\"https:\/\/schema.org\",\"@graph\":[{\"@type\":\"WebPage\",\"@id\":\"https:\/\/koningdrone.be\/product\/insta360-unicorn-helmet-carbon-fiber-mount\/\",\"url\":\"https:\/\/koningdrone.be\/product\/insta360-unicorn-helmet-carbon-fiber-mount\/\",\"name\":\"INSTA360 Unicorn Helmet (Carbon Fiber Mount) - koningdrone.be\",\"isPartOf\":{\"@id\":\"https:\/\/koningdrone.be\/#website\"},\"primaryImageOfPage\":{\"@id\":\"https:\/\/koningdrone.be\/product\/insta360-unicorn-helmet-carbon-fiber-mount\/#primaryimage\"},\"image\":{\"@id\":\"https:\/\/koningdrone.be\/product\/insta360-unicorn-helmet-carbon-fiber-mount\/#primaryimage\"},\"thumbnailUrl\":\"https:\/\/koningdrone.be\/wp-content\/uploads\/sites\/13\/2025\/04\/6970357853120-1.webp\",\"datePublished\":\"2022-11-02T08:13:58+00:00\",\"dateModified\":\"2026-05-17T08:41:01+00:00\",\"breadcrumb\":{\"@id\":\"https:\/\/koningdrone.be\/product\/insta360-unicorn-helmet-carbon-fiber-mount\/#breadcrumb\"},\"inLanguage\":\"de\",\"potentialAction\":[{\"@type\":\"ReadAction\",\"target\":[\"https:\/\/koningdrone.be\/product\/insta360-unicorn-helmet-carbon-fiber-mount\/\"]}]},{\"@type\":\"ImageObject\",\"inLanguage\":\"de\",\"@id\":\"https:\/\/koningdrone.be\/product\/insta360-unicorn-helmet-carbon-fiber-mount\/#primaryimage\",\"url\":\"https:\/\/koningdrone.be\/wp-content\/uploads\/sites\/13\/2025\/04\/6970357853120-1.webp\",\"contentUrl\":\"https:\/\/koningdrone.be\/wp-content\/uploads\/sites\/13\/2025\/04\/6970357853120-1.webp\",\"width\":124,\"height\":637},{\"@type\":\"BreadcrumbList\",\"@id\":\"https:\/\/koningdrone.be\/product\/insta360-unicorn-helmet-carbon-fiber-mount\/#breadcrumb\",\"itemListElement\":[{\"@type\":\"ListItem\",\"position\":1,\"name\":\"Home\",\"item\":\"https:\/\/koningdrone.be\/\"},{\"@type\":\"ListItem\",\"position\":2,\"name\":\"AVSS Parachute Recovery System for DJI Matrice 300\/350\",\"item\":\"https:\/\/koningdrone.be\/product\/avss-parachute-recovery-system-for-dji-matrice-300-350\/\"},{\"@type\":\"ListItem\",\"position\":3,\"name\":\"Alle producten\",\"item\":\"https:\/\/koningdrone.be\/categorie\/alle-producten\/\"},{\"@type\":\"ListItem\",\"position\":4,\"name\":\"INSTA360 Unicorn Helmet (Carbon Fiber Mount)\"}]},{\"@type\":\"WebSite\",\"@id\":\"https:\/\/koningdrone.be\/#website\",\"url\":\"https:\/\/koningdrone.be\/\",\"name\":\"Koningdrone.be - Uw online specialist in drones, gimbals, camera's en power stations.\",\"description\":\"De webshop in drones en gimbals\",\"publisher\":{\"@id\":\"https:\/\/koningdrone.be\/#organization\"},\"potentialAction\":[{\"@type\":\"SearchAction\",\"target\":{\"@type\":\"EntryPoint\",\"urlTemplate\":\"https:\/\/koningdrone.be\/?s={search_term_string}\"},\"query-input\":{\"@type\":\"PropertyValueSpecification\",\"valueRequired\":true,\"valueName\":\"search_term_string\"}}],\"inLanguage\":\"de\"},{\"@type\":\"Organization\",\"@id\":\"https:\/\/koningdrone.be\/#organization\",\"name\":\"Koningdrone.be\",\"url\":\"https:\/\/koningdrone.be\/\",\"logo\":{\"@type\":\"ImageObject\",\"inLanguage\":\"de\",\"@id\":\"https:\/\/koningdrone.be\/#\/schema\/logo\/image\/\",\"url\":\"https:\/\/koningdrone.be\/wp-content\/uploads\/sites\/13\/2025\/04\/koningdrone-copyright-logo.svg\",\"contentUrl\":\"https:\/\/koningdrone.be\/wp-content\/uploads\/sites\/13\/2025\/04\/koningdrone-copyright-logo.svg\",\"width\":227,\"height\":38,\"caption\":\"Koningdrone.be\"},\"image\":{\"@id\":\"https:\/\/koningdrone.be\/#\/schema\/logo\/image\/\"}}]}<\/script>\n<!-- \/ Yoast SEO Premium plugin. -->","yoast_head_json":{"title":"INSTA360 Unicorn Helmet (Carbon Fiber Mount) - koningdrone.be","robots":{"index":"index","follow":"follow","max-snippet":"max-snippet:-1","max-image-preview":"max-image-preview:large","max-video-preview":"max-video-preview:-1"},"canonical":"https:\/\/koningdrone.be\/de\/produkt\/insta360-unicorn-helmet-carbon-fiber-mount\/","og_locale":"de_DE","og_type":"article","og_title":"INSTA360 Unicorn Helmet (Carbon Fiber Mount)","og_description":"Merk: Insta360Staaflengte: 300 mm \u00b1 10 mm;Materiaal (staaf): koolstofvezel, roestvrij staal, aluminiumlegeringToepassing: ski\u00ebn, fietsen, motorrijden, skateboarden en andere sporten waarvoor een helm nodig isCompatibiliteit: ONE X2, ONE R, GO 2 (GO 2 vereist Carbon Fiber Extension, apart verkrijgbaar)","og_url":"https:\/\/koningdrone.be\/de\/produkt\/insta360-unicorn-helmet-carbon-fiber-mount\/","og_site_name":"koningdrone.be","article_modified_time":"2026-05-17T08:41:01+00:00","og_image":[{"width":124,"height":637,"url":"https:\/\/koningdrone.be\/wp-content\/uploads\/sites\/13\/2025\/04\/6970357853120-1.webp","type":"image\/webp"}],"twitter_card":"summary_large_image","twitter_misc":{"Gesch\u00e4tzte Lesezeit":"1\u00a0Minute"},"schema":{"@context":"https:\/\/schema.org","@graph":[{"@type":"WebPage","@id":"https:\/\/koningdrone.be\/product\/insta360-unicorn-helmet-carbon-fiber-mount\/","url":"https:\/\/koningdrone.be\/product\/insta360-unicorn-helmet-carbon-fiber-mount\/","name":"INSTA360 Unicorn Helmet (Carbon Fiber Mount) - koningdrone.be","isPartOf":{"@id":"https:\/\/koningdrone.be\/#website"},"primaryImageOfPage":{"@id":"https:\/\/koningdrone.be\/product\/insta360-unicorn-helmet-carbon-fiber-mount\/#primaryimage"},"image":{"@id":"https:\/\/koningdrone.be\/product\/insta360-unicorn-helmet-carbon-fiber-mount\/#primaryimage"},"thumbnailUrl":"https:\/\/koningdrone.be\/wp-content\/uploads\/sites\/13\/2025\/04\/6970357853120-1.webp","datePublished":"2022-11-02T08:13:58+00:00","dateModified":"2026-05-17T08:41:01+00:00","breadcrumb":{"@id":"https:\/\/koningdrone.be\/product\/insta360-unicorn-helmet-carbon-fiber-mount\/#breadcrumb"},"inLanguage":"de","potentialAction":[{"@type":"ReadAction","target":["https:\/\/koningdrone.be\/product\/insta360-unicorn-helmet-carbon-fiber-mount\/"]}]},{"@type":"ImageObject","inLanguage":"de","@id":"https:\/\/koningdrone.be\/product\/insta360-unicorn-helmet-carbon-fiber-mount\/#primaryimage","url":"https:\/\/koningdrone.be\/wp-content\/uploads\/sites\/13\/2025\/04\/6970357853120-1.webp","contentUrl":"https:\/\/koningdrone.be\/wp-content\/uploads\/sites\/13\/2025\/04\/6970357853120-1.webp","width":124,"height":637},{"@type":"BreadcrumbList","@id":"https:\/\/koningdrone.be\/product\/insta360-unicorn-helmet-carbon-fiber-mount\/#breadcrumb","itemListElement":[{"@type":"ListItem","position":1,"name":"Home","item":"https:\/\/koningdrone.be\/"},{"@type":"ListItem","position":2,"name":"AVSS Parachute Recovery System for DJI Matrice 300\/350","item":"https:\/\/koningdrone.be\/product\/avss-parachute-recovery-system-for-dji-matrice-300-350\/"},{"@type":"ListItem","position":3,"name":"Alle producten","item":"https:\/\/koningdrone.be\/categorie\/alle-producten\/"},{"@type":"ListItem","position":4,"name":"INSTA360 Unicorn Helmet (Carbon Fiber Mount)"}]},{"@type":"WebSite","@id":"https:\/\/koningdrone.be\/#website","url":"https:\/\/koningdrone.be\/","name":"Koningdrone.be - Ihr Online-Spezialist f\u00fcr Drohnen, Gimbals, Kameras und Kraftwerke.","description":"Der Webshop f\u00fcr Drohnen und Gimbals","publisher":{"@id":"https:\/\/koningdrone.be\/#organization"},"potentialAction":[{"@type":"SearchAction","target":{"@type":"EntryPoint","urlTemplate":"https:\/\/koningdrone.be\/?s={search_term_string}"},"query-input":{"@type":"PropertyValueSpecification","valueRequired":true,"valueName":"search_term_string"}}],"inLanguage":"de"},{"@type":"Organization","@id":"https:\/\/koningdrone.be\/#organization","name":"Kingdrone.de","url":"https:\/\/koningdrone.be\/","logo":{"@type":"ImageObject","inLanguage":"de","@id":"https:\/\/koningdrone.be\/#\/schema\/logo\/image\/","url":"https:\/\/koningdrone.be\/wp-content\/uploads\/sites\/13\/2025\/04\/koningdrone-copyright-logo.svg","contentUrl":"https:\/\/koningdrone.be\/wp-content\/uploads\/sites\/13\/2025\/04\/koningdrone-copyright-logo.svg","width":227,"height":38,"caption":"Koningdrone.be"},"image":{"@id":"https:\/\/koningdrone.be\/#\/schema\/logo\/image\/"}}]}},"df_price":"","df_sale_price":"","df_regular_price":"","df_image_link":"https:\/\/koningdrone.be\/wp-content\/uploads\/sites\/13\/2025\/04\/6970357853120-1-58x300.webp","_links":{"self":[{"href":"https:\/\/koningdrone.be\/de\/wp-json\/wp\/v2\/product\/5431","targetHints":{"allow":["GET"]}}],"collection":[{"href":"https:\/\/koningdrone.be\/de\/wp-json\/wp\/v2\/product"}],"about":[{"href":"https:\/\/koningdrone.be\/de\/wp-json\/wp\/v2\/types\/product"}],"wp:featuredmedia":[{"embeddable":true,"href":"https:\/\/koningdrone.be\/de\/wp-json\/wp\/v2\/media\/5429"}],"wp:attachment":[{"href":"https:\/\/koningdrone.be\/de\/wp-json\/wp\/v2\/media?parent=5431"}],"wp:term":[{"taxonomy":"product_brand","embeddable":true,"href":"https:\/\/koningdrone.be\/de\/wp-json\/wp\/v2\/product_brand?post=5431"},{"taxonomy":"product_cat","embeddable":true,"href":"https:\/\/koningdrone.be\/de\/wp-json\/wp\/v2\/product_cat?post=5431"},{"taxonomy":"product_tag","embeddable":true,"href":"https:\/\/koningdrone.be\/de\/wp-json\/wp\/v2\/product_tag?post=5431"}],"curies":[{"name":"wp","href":"https:\/\/api.w.org\/{rel}","templated":true}]}}