{"id":5428,"date":"2022-11-02T09:13:58","date_gmt":"2022-11-02T08:13:58","guid":{"rendered":"https:\/\/koningdrone.nl\/kon\/product\/insta360-one-rs-1-inch-360-lens-upgrade-bundle\/"},"modified":"2026-05-17T08:00:56","modified_gmt":"2026-05-17T06:00:56","slug":"insta360-one-rs-1-inch-360-lens-upgrade-bundle","status":"publish","type":"product","link":"https:\/\/koningdrone.be\/de\/produkt\/insta360-one-rs-1-inch-360-lens-upgrade-bundle\/","title":{"rendered":"INSTA360 One RS 1-Zoll-360-Objektiv-Upgrade-Paket"},"content":{"rendered":"<h1>Insta360 One RS 1-Zoll-360-Objektiv-Upgrade-Paket<\/h1>\n<p>Insta360 bringt mit der neuen Insta360 ONE RS 1-inch 360 Edition Action-Kamera den n\u00e4chsten Teil ihrer ONE RS-Serie. Sie wurde in Zusammenarbeit mit Leica entwickelt und verf\u00fcgt \u00fcber zwei 1-Zoll-CMOS-Sensoren, die 6K 360-Videos und 21 MP 360-Fotos aufnehmen k\u00f6nnen. Das Know-how von Leica ist in die Entwicklung der ONE RS Action-Kamera eingeflossen, um Ihnen eine unvergleichliche Bildqualit\u00e4t zu bieten. R\u00fcsten Sie Ihre aktuelle ONE R Core mit diesem Upgrade-Bundle auf, das das 1-Zoll-360-Objektiv, die vertikale Batteriebasis und die Befestigungsdichtung enth\u00e4lt. Ideal f\u00fcr die Aufr\u00fcstung Ihres ONE R Core mit dem neuen 1-Zoll 260 Dual Leica Objektiv.<br \/>Auswechselbares Objektiv:<br \/>Die One RS ist als Wechselobjektivsystem konzipiert, das Ihnen die M\u00f6glichkeit bietet, Ihre Objektive aufzur\u00fcsten oder auszutauschen. Wenn neue Objektive entwickelt und neue Funktionen hinzugef\u00fcgt werden, m\u00fcssen Sie sich nicht zur\u00fcckgesetzt f\u00fchlen, sondern k\u00f6nnen das neue Objektiv mit Ihrem vorhandenen, extrem vielseitigen Kern aufr\u00fcsten. Die doppelt verschlie\u00dfbaren Schnallen an der neu gestalteten Halterung sorgen f\u00fcr einen sicheren Halt der Kamera.<br \/>Sehr tragbar:<br \/>Die Insta360 ONE RS bietet Ihnen Bilder und Videos in Expertenqualit\u00e4t in einem fantastischen tragbaren Ger\u00e4t. Die Vielseitigkeit dieser Action-Kamera macht es einfach, kreative und unm\u00f6gliche Aufnahmen zu machen. Sie m\u00fcssen keine Abstriche bei der Bildqualit\u00e4t machen, um Ihre ideale Aufnahme zu machen.<br \/>Gemeinsam mit Leica entwickelt:<br \/>Die ONE RS wurde in Zusammenarbeit mit Leica entwickelt und gestaltet und basiert auf Leicas legend\u00e4rem Know-how in der Welt des optischen Designs und der Kamerasysteme. Das Ergebnis ist die unschlagbare, hochmoderne Bildqualit\u00e4t von Leica in einem kleinen, tragbaren Ger\u00e4t.<br \/>Zwei 1-Zoll-Sensoren:<br \/>Die ONE RS 1-inch edition ist die erste 360-Kamera von Insta360 mit zwei 1-inch CMOS-Sensoren. Die beiden 1-Zoll-Sensoren bieten einen gr\u00f6\u00dferen Dynamikbereich und erm\u00f6glichen die Aufnahme von Bildern in exzellenter Qualit\u00e4t mit einem unglaublichen Farbspektrum, das man bei einer Action-Kamera dieser Gr\u00f6\u00dfe noch nicht gesehen hat.<br \/>Klare, scharfe 6K30fps Videos:<br \/>Die ONE RS kann zwischen der Aufnahme von immersiven 360-Videos und herk\u00f6mmlichen flachen Videos in gestochen scharfen 6K30fps wechseln. Machen Sie keine Kompromisse bei der atemberaubenden Qualit\u00e4t, wenn Sie zwischen den beiden Aufnahmestilen wechseln. Die Insta 360 ONE RS \u00fcbertrifft andere kompakte 360-Kameras jedes Mal, sowohl in Bezug auf die Qualit\u00e4t als auch auf die kreativen M\u00f6glichkeiten.<br \/>21 MP 360 Fotos:<br \/>Das Know-how von Leica zeigt sich in der F\u00e4higkeit der ONE RS, nahtlos zusammengesetzte 21-MP-360-Fotos aufzunehmen, die die Welt um Sie herum perfekt in atemberaubende 21-MP-360-Bilder verwandeln.<br \/>Bereit f\u00fcr schwaches Licht:<br \/>Genie\u00dfen Sie kompromisslose Qualit\u00e4t auch bei schlechten Lichtverh\u00e4ltnissen - dank der beiden 1-Zoll-Sensoren. Der gr\u00f6\u00dfere Dynamikbereich enth\u00fcllt mehr unsichtbare Details in den Schatten als andere 360-Kameras.<br \/>Aktueller Stand Stabilisierung:<br \/>Erstellen Sie unglaublich glatte Videos mit der Insta360 ONE RS 360 Kamera. Die Kombination aus einem 6-Achsen-Stabilisierungssystem und einem propriet\u00e4ren Bildstabilisierungsalgorithmus sorgt f\u00fcr perfekt ruckelfreies Filmmaterial. Lehnen Sie sich zur\u00fcck und nehmen Sie die Welt um sich herum auf, denn mit der ONE RS 360 k\u00f6nnen Sie ganz einfach Bilder in professioneller Qualit\u00e4t aufnehmen.<br \/>360-Horizont-Sperre:<br \/>Der ONE RS ist mit einer 360-Horizont-Verriegelungsfunktion ausgestattet, die es Ihnen erm\u00f6glicht, perfekt waagerechte Aufnahmen ohne Beschneidung zu machen. Diese Funktion kann unglaublich n\u00fctzlich sein, wenn Sie sich in einer Situation befinden, in der Sie keinen Gimbal haben oder wenn es praktischer w\u00e4re, die ONE RS-Kamera zu halten.<br \/>HDR-Foto:<br \/>Dank des doppelten 1-Zoll-Sensors kann die ONE RS bis zu 9 PurShot-Fotos gleichzeitig verarbeiten, was einen noch gr\u00f6\u00dferen Dynamikbereich und eine bessere Kontrolle \u00fcber die Spitzlichter erm\u00f6glicht und mehr Details erzeugt.<br \/>Wasserabweisend:<br \/>Die 1-Zoll-360-Edition hat eine IPX3-Einstufung, wodurch der ONE RS bei vollst\u00e4ndiger Montage, Verriegelung und Sicherung in der Halterung gegen leichten Regen und Schnee gesch\u00fctzt ist. *Der ONE RS 1-Inch 360 edition sollte nicht in Wasser getaucht werden.<br \/>Langlebige Batterie:<br \/>Mit dem neuen vertikalen Batteriesockel mit einer 1350-mAh-Stromversorgung verf\u00fcgen Sie \u00fcber die n\u00f6tige Leistung, um hochwertige Produktionen zu erstellen. Diese Basis ist speziell f\u00fcr die neue vertikale Halterung konzipiert. *Der originale vertikale ONE R Akkusockel ist nicht kompatibel.<br \/>Live-Streaming:<br \/>Nehmen Sie atemberaubende 360\u00b0-Bilder auf und streamen Sie sie live in die Welt. Ideal f\u00fcr die Produktion von Videos in professioneller Qualit\u00e4t f\u00fcr Live-Events. Mit Optionen zum Umrahmen des Bildes, mit denen Sie die Perspektive Ihres Publikums bestimmen k\u00f6nnen.<br \/>Webcam:<br \/>Die ONE RS kann als Webcam f\u00fcr Ihr Zuhause oder Ihr B\u00fcro verwendet werden. Mit der 360-Kamera k\u00f6nnen Sie in Ihrer allt\u00e4glichen B\u00fcroumgebung Videos in atemberaubender Qualit\u00e4t aufnehmen. Die ONE RS kann alles im 360-Split-Screen aufnehmen.<br \/>Einfache Zugangskontrolle:<br \/>Die ONE RS 1-Zoll-Edition ist mit einem Schnellzugriffsmen\u00fc ausgestattet, das Ihnen Zugriff auf alle Ihre bevorzugten Aufnahmevoreinstellungen, Vorschaufunktionen und Aufnahmemodi bietet. Alle diese Einstellungen lassen sich mit wenigen Fingertipps aufrufen und \u00e4ndern.<br \/>FOV-Beispiel:<br \/>Die ONE RS 1-Zoll l\u00e4sst sich schnell \u00f6ffnen und in der Vorschau anzeigen, wobei zwischen Kleinplaneten-, Weitwinkel- und Fisheye-Sichtfeld umgeschaltet werden kann.<br \/>Kompatible Ger\u00e4te:<br \/>Die ONE RS 1-Zoll-Edition ist kompatibel mit IOS-Mobilger\u00e4ten mit Chips A11 oder h\u00f6her und IOS-Version 11.0 oder h\u00f6her. Es ist kompatibel mit Android-Ger\u00e4ten mit Kirin 980-Chips und h\u00f6her, Snapdragon 845-Chips und h\u00f6her, Exynos 9810-Chips und h\u00f6her und Android-Ger\u00e4ten mit Tensor-Chips, einschlie\u00dflich des Google Pixel 6.<\/p>","protected":false},"excerpt":{"rendered":"<ul>\n<li>Gemeinsam mit Leica entwickelt<\/li>\n<li>Zwei 1-Zoll-Sensoren<\/li>\n<li>Scharfe 6k30fps 360-Aufnahme<\/li>\n<li>21 MP 360 Foto<\/li>\n<li>Bereit f\u00fcr schwaches Licht<\/li>\n<li>Stabilisierung des aktuellen Zustands<\/li>\n<li>360 Horizon Verriegelung<\/li>\n<\/ul>","protected":false},"featured_media":5427,"template":"","meta":{"_acf_changed":false},"product_brand":[],"product_cat":[97,343],"product_tag":[],"class_list":{"0":"post-5428","1":"product","2":"type-product","3":"status-publish","4":"has-post-thumbnail","6":"product_cat-alle-producten","7":"product_cat-insta360","8":"product_shipping_class-outofstock","9":"pa_brand-insta360","10":"pa_productfamily-action-cam-accessoires","11":"pa_producttype-action-cam-accessoires","12":"pa_series-insta360-go","14":"first","15":"outofstock","16":"taxable","17":"shipping-taxable","18":"product-type-simple"},"acf":[],"yoast_head":"<!-- This site is optimized with the Yoast SEO Premium plugin v27.2 (Yoast SEO v27.2) - https:\/\/yoast.com\/product\/yoast-seo-premium-wordpress\/ -->\n<title>INSTA360 One RS 1-inch 360 Lens Upgrade Bundle - koningdrone.be<\/title>\n<meta name=\"robots\" content=\"index, follow, max-snippet:-1, max-image-preview:large, max-video-preview:-1\" \/>\n<link rel=\"canonical\" href=\"https:\/\/koningdrone.be\/de\/produkt\/insta360-one-rs-1-inch-360-lens-upgrade-bundle\/\" \/>\n<meta property=\"og:locale\" content=\"de_DE\" \/>\n<meta property=\"og:type\" content=\"article\" \/>\n<meta property=\"og:title\" content=\"INSTA360 One RS 1-inch 360 Lens Upgrade Bundle\" \/>\n<meta property=\"og:description\" content=\"Mede ontwikkeld met LeicaDubbele 1-inch sensorenScherpe 6k30fps 360 Capture21 MP 360 fotoGereed voor weinig lichtStabilisatie van de stroomtoestand360 Horizon-vergrendeling\" \/>\n<meta property=\"og:url\" content=\"https:\/\/koningdrone.be\/de\/produkt\/insta360-one-rs-1-inch-360-lens-upgrade-bundle\/\" \/>\n<meta property=\"og:site_name\" content=\"koningdrone.be\" \/>\n<meta property=\"article:modified_time\" content=\"2026-05-17T06:00:56+00:00\" \/>\n<meta property=\"og:image\" content=\"https:\/\/koningdrone.be\/wp-content\/uploads\/sites\/13\/2025\/04\/6970357854134-1.jpg\" \/>\n\t<meta property=\"og:image:width\" content=\"500\" \/>\n\t<meta property=\"og:image:height\" content=\"500\" \/>\n\t<meta property=\"og:image:type\" content=\"image\/jpeg\" \/>\n<meta name=\"twitter:card\" content=\"summary_large_image\" \/>\n<meta name=\"twitter:label1\" content=\"Gesch\u00e4tzte Lesezeit\" \/>\n\t<meta name=\"twitter:data1\" content=\"4\u00a0Minuten\" \/>\n<script type=\"application\/ld+json\" class=\"yoast-schema-graph\">{\"@context\":\"https:\/\/schema.org\",\"@graph\":[{\"@type\":\"WebPage\",\"@id\":\"https:\/\/koningdrone.be\/product\/insta360-one-rs-1-inch-360-lens-upgrade-bundle\/\",\"url\":\"https:\/\/koningdrone.be\/product\/insta360-one-rs-1-inch-360-lens-upgrade-bundle\/\",\"name\":\"INSTA360 One RS 1-inch 360 Lens Upgrade Bundle - koningdrone.be\",\"isPartOf\":{\"@id\":\"https:\/\/koningdrone.be\/#website\"},\"primaryImageOfPage\":{\"@id\":\"https:\/\/koningdrone.be\/product\/insta360-one-rs-1-inch-360-lens-upgrade-bundle\/#primaryimage\"},\"image\":{\"@id\":\"https:\/\/koningdrone.be\/product\/insta360-one-rs-1-inch-360-lens-upgrade-bundle\/#primaryimage\"},\"thumbnailUrl\":\"https:\/\/koningdrone.be\/wp-content\/uploads\/sites\/13\/2025\/04\/6970357854134-1.jpg\",\"datePublished\":\"2022-11-02T08:13:58+00:00\",\"dateModified\":\"2026-05-17T06:00:56+00:00\",\"breadcrumb\":{\"@id\":\"https:\/\/koningdrone.be\/product\/insta360-one-rs-1-inch-360-lens-upgrade-bundle\/#breadcrumb\"},\"inLanguage\":\"de\",\"potentialAction\":[{\"@type\":\"ReadAction\",\"target\":[\"https:\/\/koningdrone.be\/product\/insta360-one-rs-1-inch-360-lens-upgrade-bundle\/\"]}]},{\"@type\":\"ImageObject\",\"inLanguage\":\"de\",\"@id\":\"https:\/\/koningdrone.be\/product\/insta360-one-rs-1-inch-360-lens-upgrade-bundle\/#primaryimage\",\"url\":\"https:\/\/koningdrone.be\/wp-content\/uploads\/sites\/13\/2025\/04\/6970357854134-1.jpg\",\"contentUrl\":\"https:\/\/koningdrone.be\/wp-content\/uploads\/sites\/13\/2025\/04\/6970357854134-1.jpg\",\"width\":500,\"height\":500},{\"@type\":\"BreadcrumbList\",\"@id\":\"https:\/\/koningdrone.be\/product\/insta360-one-rs-1-inch-360-lens-upgrade-bundle\/#breadcrumb\",\"itemListElement\":[{\"@type\":\"ListItem\",\"position\":1,\"name\":\"Home\",\"item\":\"https:\/\/koningdrone.be\/\"},{\"@type\":\"ListItem\",\"position\":2,\"name\":\"AVSS Parachute Recovery System for DJI Matrice 300\/350\",\"item\":\"https:\/\/koningdrone.be\/product\/avss-parachute-recovery-system-for-dji-matrice-300-350\/\"},{\"@type\":\"ListItem\",\"position\":3,\"name\":\"Alle producten\",\"item\":\"https:\/\/koningdrone.be\/categorie\/alle-producten\/\"},{\"@type\":\"ListItem\",\"position\":4,\"name\":\"INSTA360 One RS 1-inch 360 Lens Upgrade Bundle\"}]},{\"@type\":\"WebSite\",\"@id\":\"https:\/\/koningdrone.be\/#website\",\"url\":\"https:\/\/koningdrone.be\/\",\"name\":\"Koningdrone.be - Uw online specialist in drones, gimbals, camera's en power stations.\",\"description\":\"De webshop in drones en gimbals\",\"publisher\":{\"@id\":\"https:\/\/koningdrone.be\/#organization\"},\"potentialAction\":[{\"@type\":\"SearchAction\",\"target\":{\"@type\":\"EntryPoint\",\"urlTemplate\":\"https:\/\/koningdrone.be\/?s={search_term_string}\"},\"query-input\":{\"@type\":\"PropertyValueSpecification\",\"valueRequired\":true,\"valueName\":\"search_term_string\"}}],\"inLanguage\":\"de\"},{\"@type\":\"Organization\",\"@id\":\"https:\/\/koningdrone.be\/#organization\",\"name\":\"Koningdrone.be\",\"url\":\"https:\/\/koningdrone.be\/\",\"logo\":{\"@type\":\"ImageObject\",\"inLanguage\":\"de\",\"@id\":\"https:\/\/koningdrone.be\/#\/schema\/logo\/image\/\",\"url\":\"https:\/\/koningdrone.be\/wp-content\/uploads\/sites\/13\/2025\/04\/koningdrone-copyright-logo.svg\",\"contentUrl\":\"https:\/\/koningdrone.be\/wp-content\/uploads\/sites\/13\/2025\/04\/koningdrone-copyright-logo.svg\",\"width\":227,\"height\":38,\"caption\":\"Koningdrone.be\"},\"image\":{\"@id\":\"https:\/\/koningdrone.be\/#\/schema\/logo\/image\/\"}}]}<\/script>\n<!-- \/ Yoast SEO Premium plugin. -->","yoast_head_json":{"title":"INSTA360 One RS 1-inch 360 Lens Upgrade Bundle - koningdrone.be","robots":{"index":"index","follow":"follow","max-snippet":"max-snippet:-1","max-image-preview":"max-image-preview:large","max-video-preview":"max-video-preview:-1"},"canonical":"https:\/\/koningdrone.be\/de\/produkt\/insta360-one-rs-1-inch-360-lens-upgrade-bundle\/","og_locale":"de_DE","og_type":"article","og_title":"INSTA360 One RS 1-inch 360 Lens Upgrade Bundle","og_description":"Mede ontwikkeld met LeicaDubbele 1-inch sensorenScherpe 6k30fps 360 Capture21 MP 360 fotoGereed voor weinig lichtStabilisatie van de stroomtoestand360 Horizon-vergrendeling","og_url":"https:\/\/koningdrone.be\/de\/produkt\/insta360-one-rs-1-inch-360-lens-upgrade-bundle\/","og_site_name":"koningdrone.be","article_modified_time":"2026-05-17T06:00:56+00:00","og_image":[{"width":500,"height":500,"url":"https:\/\/koningdrone.be\/wp-content\/uploads\/sites\/13\/2025\/04\/6970357854134-1.jpg","type":"image\/jpeg"}],"twitter_card":"summary_large_image","twitter_misc":{"Gesch\u00e4tzte Lesezeit":"4\u00a0Minuten"},"schema":{"@context":"https:\/\/schema.org","@graph":[{"@type":"WebPage","@id":"https:\/\/koningdrone.be\/product\/insta360-one-rs-1-inch-360-lens-upgrade-bundle\/","url":"https:\/\/koningdrone.be\/product\/insta360-one-rs-1-inch-360-lens-upgrade-bundle\/","name":"INSTA360 One RS 1-inch 360 Lens Upgrade Bundle - koningdrone.be","isPartOf":{"@id":"https:\/\/koningdrone.be\/#website"},"primaryImageOfPage":{"@id":"https:\/\/koningdrone.be\/product\/insta360-one-rs-1-inch-360-lens-upgrade-bundle\/#primaryimage"},"image":{"@id":"https:\/\/koningdrone.be\/product\/insta360-one-rs-1-inch-360-lens-upgrade-bundle\/#primaryimage"},"thumbnailUrl":"https:\/\/koningdrone.be\/wp-content\/uploads\/sites\/13\/2025\/04\/6970357854134-1.jpg","datePublished":"2022-11-02T08:13:58+00:00","dateModified":"2026-05-17T06:00:56+00:00","breadcrumb":{"@id":"https:\/\/koningdrone.be\/product\/insta360-one-rs-1-inch-360-lens-upgrade-bundle\/#breadcrumb"},"inLanguage":"de","potentialAction":[{"@type":"ReadAction","target":["https:\/\/koningdrone.be\/product\/insta360-one-rs-1-inch-360-lens-upgrade-bundle\/"]}]},{"@type":"ImageObject","inLanguage":"de","@id":"https:\/\/koningdrone.be\/product\/insta360-one-rs-1-inch-360-lens-upgrade-bundle\/#primaryimage","url":"https:\/\/koningdrone.be\/wp-content\/uploads\/sites\/13\/2025\/04\/6970357854134-1.jpg","contentUrl":"https:\/\/koningdrone.be\/wp-content\/uploads\/sites\/13\/2025\/04\/6970357854134-1.jpg","width":500,"height":500},{"@type":"BreadcrumbList","@id":"https:\/\/koningdrone.be\/product\/insta360-one-rs-1-inch-360-lens-upgrade-bundle\/#breadcrumb","itemListElement":[{"@type":"ListItem","position":1,"name":"Home","item":"https:\/\/koningdrone.be\/"},{"@type":"ListItem","position":2,"name":"AVSS Parachute Recovery System for DJI Matrice 300\/350","item":"https:\/\/koningdrone.be\/product\/avss-parachute-recovery-system-for-dji-matrice-300-350\/"},{"@type":"ListItem","position":3,"name":"Alle producten","item":"https:\/\/koningdrone.be\/categorie\/alle-producten\/"},{"@type":"ListItem","position":4,"name":"INSTA360 One RS 1-inch 360 Lens Upgrade Bundle"}]},{"@type":"WebSite","@id":"https:\/\/koningdrone.be\/#website","url":"https:\/\/koningdrone.be\/","name":"Koningdrone.be - Ihr Online-Spezialist f\u00fcr Drohnen, Gimbals, Kameras und Kraftwerke.","description":"Der Webshop f\u00fcr Drohnen und Gimbals","publisher":{"@id":"https:\/\/koningdrone.be\/#organization"},"potentialAction":[{"@type":"SearchAction","target":{"@type":"EntryPoint","urlTemplate":"https:\/\/koningdrone.be\/?s={search_term_string}"},"query-input":{"@type":"PropertyValueSpecification","valueRequired":true,"valueName":"search_term_string"}}],"inLanguage":"de"},{"@type":"Organization","@id":"https:\/\/koningdrone.be\/#organization","name":"Kingdrone.de","url":"https:\/\/koningdrone.be\/","logo":{"@type":"ImageObject","inLanguage":"de","@id":"https:\/\/koningdrone.be\/#\/schema\/logo\/image\/","url":"https:\/\/koningdrone.be\/wp-content\/uploads\/sites\/13\/2025\/04\/koningdrone-copyright-logo.svg","contentUrl":"https:\/\/koningdrone.be\/wp-content\/uploads\/sites\/13\/2025\/04\/koningdrone-copyright-logo.svg","width":227,"height":38,"caption":"Koningdrone.be"},"image":{"@id":"https:\/\/koningdrone.be\/#\/schema\/logo\/image\/"}}]}},"df_price":"","df_sale_price":"","df_regular_price":"","df_image_link":"https:\/\/koningdrone.be\/wp-content\/uploads\/sites\/13\/2025\/04\/6970357854134-1-300x300.jpg","_links":{"self":[{"href":"https:\/\/koningdrone.be\/de\/wp-json\/wp\/v2\/product\/5428","targetHints":{"allow":["GET"]}}],"collection":[{"href":"https:\/\/koningdrone.be\/de\/wp-json\/wp\/v2\/product"}],"about":[{"href":"https:\/\/koningdrone.be\/de\/wp-json\/wp\/v2\/types\/product"}],"wp:featuredmedia":[{"embeddable":true,"href":"https:\/\/koningdrone.be\/de\/wp-json\/wp\/v2\/media\/5427"}],"wp:attachment":[{"href":"https:\/\/koningdrone.be\/de\/wp-json\/wp\/v2\/media?parent=5428"}],"wp:term":[{"taxonomy":"product_brand","embeddable":true,"href":"https:\/\/koningdrone.be\/de\/wp-json\/wp\/v2\/product_brand?post=5428"},{"taxonomy":"product_cat","embeddable":true,"href":"https:\/\/koningdrone.be\/de\/wp-json\/wp\/v2\/product_cat?post=5428"},{"taxonomy":"product_tag","embeddable":true,"href":"https:\/\/koningdrone.be\/de\/wp-json\/wp\/v2\/product_tag?post=5428"}],"curies":[{"name":"wp","href":"https:\/\/api.w.org\/{rel}","templated":true}]}}