{"id":5412,"date":"2022-11-02T09:13:58","date_gmt":"2022-11-02T08:13:58","guid":{"rendered":"https:\/\/koningdrone.nl\/kon\/product\/insta360-2-in-1-invisible-selfie-stick-tripod\/"},"modified":"2026-05-16T10:40:39","modified_gmt":"2026-05-16T08:40:39","slug":"insta360-2-in-1-invisible-selfie-stick-tripod","status":"publish","type":"product","link":"https:\/\/koningdrone.be\/de\/produkt\/insta360-2-in-1-invisible-selfie-stick-tripod\/","title":{"rendered":"INSTA360 2-in-1 unsichtbarer Selfie-Stick + Stativ"},"content":{"rendered":"<h1>Insta360 2-in-1 Unsichtbarer Selfie-Stick + Stativ<\/h1>\n<p>F\u00fcgen Sie Ihrem Insta360 GO 2, ONE X2, ONE R oder ONE X einen Teleskop-Selfie-Stick hinzu, ohne die Verl\u00e4ngerung in Ihre Aufnahme zu bekommen - mit diesem leichten, unsichtbaren 2-in-1 Selfie-Stick + Stativ aus Aluminium von Insta360. Der Teleskopstick l\u00e4sst sich von einem Griff mit einer Gr\u00f6\u00dfe von 9,6 bis 42,9 Zoll ausziehen und hat ein integriertes Stativ am Griff, so dass Sie Ihre Kamera auch auf einer flachen Oberfl\u00e4che positionieren k\u00f6nnen. Die Beine des Stativs k\u00f6nnen heruntergeklappt werden, um einen Griff mit einem bequemen Griff zu schaffen.<br \/>Die Kamera wird mit der integrierten 1\/4\u2033-20-Schraube am Ende des Sticks befestigt, und jedes Bild von ihr wird automatisch aus dem Videobild entfernt, selbst wenn sie vollst\u00e4ndig ausgefahren ist, wodurch sie \"unsichtbar\" wird.<\/p>","protected":false},"excerpt":{"rendered":"<ul>\n<li>ombo Selfie-Stick und Mini-Stativ<\/li>\n<li>reicht von 9,6 bis 42,9\u2033 in der L\u00e4nge<\/li>\n<li>Automatisch aus 360 Bildern entfernt<\/li>\n<li>1\/4\u2033-20 Kamera-Befestigungsschraube<\/li>\n<li>Leichte Aluminiumkonstruktion<\/li>\n<li>ompatibilit\u00e4t: Insta360 GO 2, ONE X2, ONE R und ONE X Kameras<\/li>\n<\/ul>","protected":false},"featured_media":5409,"template":"","meta":{"_acf_changed":false},"product_brand":[],"product_cat":[97,343],"product_tag":[],"class_list":{"0":"post-5412","1":"product","2":"type-product","3":"status-publish","4":"has-post-thumbnail","6":"product_cat-alle-producten","7":"product_cat-insta360","8":"product_shipping_class-outofstock","9":"pa_brand-insta360","10":"pa_productfamily-action-cam-accessoires","11":"pa_producttype-action-cam-accessoires","12":"pa_series-insta360-go","14":"first","15":"outofstock","16":"taxable","17":"shipping-taxable","18":"product-type-simple"},"acf":[],"yoast_head":"<!-- This site is optimized with the Yoast SEO Premium plugin v27.2 (Yoast SEO v27.2) - https:\/\/yoast.com\/product\/yoast-seo-premium-wordpress\/ -->\n<title>INSTA360 2-in-1 Invisible Selfie Stick + Tripod - koningdrone.be<\/title>\n<meta name=\"robots\" content=\"index, follow, max-snippet:-1, max-image-preview:large, max-video-preview:-1\" \/>\n<link rel=\"canonical\" href=\"https:\/\/koningdrone.be\/de\/produkt\/insta360-2-in-1-invisible-selfie-stick-tripod\/\" \/>\n<meta property=\"og:locale\" content=\"de_DE\" \/>\n<meta property=\"og:type\" content=\"article\" \/>\n<meta property=\"og:title\" content=\"INSTA360 2-in-1 Invisible Selfie Stick + Tripod\" \/>\n<meta property=\"og:description\" content=\"ombo selfiestick en ministatieferlengt van 9,6 tot 42,9&quot; in lengteAutomatisch verwijderd uit 360 afbeeldingen1\/4&quot;-20 camera-montageschroefLichtgewicht aluminium constructieompatibiliteit: Insta360 GO 2, ONE X2, ONE R en ONE X camera&#039;s\" \/>\n<meta property=\"og:url\" content=\"https:\/\/koningdrone.be\/de\/produkt\/insta360-2-in-1-invisible-selfie-stick-tripod\/\" \/>\n<meta property=\"og:site_name\" content=\"koningdrone.be\" \/>\n<meta property=\"article:modified_time\" content=\"2026-05-16T08:40:39+00:00\" \/>\n<meta property=\"og:image\" content=\"https:\/\/koningdrone.be\/wp-content\/uploads\/sites\/13\/2025\/04\/6970357852338_0-1.jpg\" \/>\n\t<meta property=\"og:image:width\" content=\"500\" \/>\n\t<meta property=\"og:image:height\" content=\"500\" \/>\n\t<meta property=\"og:image:type\" content=\"image\/jpeg\" \/>\n<meta name=\"twitter:card\" content=\"summary_large_image\" \/>\n<meta name=\"twitter:label1\" content=\"Gesch\u00e4tzte Lesezeit\" \/>\n\t<meta name=\"twitter:data1\" content=\"1\u00a0Minute\" \/>\n<script type=\"application\/ld+json\" class=\"yoast-schema-graph\">{\"@context\":\"https:\/\/schema.org\",\"@graph\":[{\"@type\":\"WebPage\",\"@id\":\"https:\/\/koningdrone.be\/product\/insta360-2-in-1-invisible-selfie-stick-tripod\/\",\"url\":\"https:\/\/koningdrone.be\/product\/insta360-2-in-1-invisible-selfie-stick-tripod\/\",\"name\":\"INSTA360 2-in-1 Invisible Selfie Stick + Tripod - koningdrone.be\",\"isPartOf\":{\"@id\":\"https:\/\/koningdrone.be\/#website\"},\"primaryImageOfPage\":{\"@id\":\"https:\/\/koningdrone.be\/product\/insta360-2-in-1-invisible-selfie-stick-tripod\/#primaryimage\"},\"image\":{\"@id\":\"https:\/\/koningdrone.be\/product\/insta360-2-in-1-invisible-selfie-stick-tripod\/#primaryimage\"},\"thumbnailUrl\":\"https:\/\/koningdrone.be\/wp-content\/uploads\/sites\/13\/2025\/04\/6970357852338_0-1.jpg\",\"datePublished\":\"2022-11-02T08:13:58+00:00\",\"dateModified\":\"2026-05-16T08:40:39+00:00\",\"breadcrumb\":{\"@id\":\"https:\/\/koningdrone.be\/product\/insta360-2-in-1-invisible-selfie-stick-tripod\/#breadcrumb\"},\"inLanguage\":\"de\",\"potentialAction\":[{\"@type\":\"ReadAction\",\"target\":[\"https:\/\/koningdrone.be\/product\/insta360-2-in-1-invisible-selfie-stick-tripod\/\"]}]},{\"@type\":\"ImageObject\",\"inLanguage\":\"de\",\"@id\":\"https:\/\/koningdrone.be\/product\/insta360-2-in-1-invisible-selfie-stick-tripod\/#primaryimage\",\"url\":\"https:\/\/koningdrone.be\/wp-content\/uploads\/sites\/13\/2025\/04\/6970357852338_0-1.jpg\",\"contentUrl\":\"https:\/\/koningdrone.be\/wp-content\/uploads\/sites\/13\/2025\/04\/6970357852338_0-1.jpg\",\"width\":500,\"height\":500},{\"@type\":\"BreadcrumbList\",\"@id\":\"https:\/\/koningdrone.be\/product\/insta360-2-in-1-invisible-selfie-stick-tripod\/#breadcrumb\",\"itemListElement\":[{\"@type\":\"ListItem\",\"position\":1,\"name\":\"Home\",\"item\":\"https:\/\/koningdrone.be\/\"},{\"@type\":\"ListItem\",\"position\":2,\"name\":\"AVSS Parachute Recovery System for DJI Matrice 300\/350\",\"item\":\"https:\/\/koningdrone.be\/product\/avss-parachute-recovery-system-for-dji-matrice-300-350\/\"},{\"@type\":\"ListItem\",\"position\":3,\"name\":\"Alle producten\",\"item\":\"https:\/\/koningdrone.be\/categorie\/alle-producten\/\"},{\"@type\":\"ListItem\",\"position\":4,\"name\":\"INSTA360 2-in-1 Invisible Selfie Stick + Tripod\"}]},{\"@type\":\"WebSite\",\"@id\":\"https:\/\/koningdrone.be\/#website\",\"url\":\"https:\/\/koningdrone.be\/\",\"name\":\"Koningdrone.be - Uw online specialist in drones, gimbals, camera's en power stations.\",\"description\":\"De webshop in drones en gimbals\",\"publisher\":{\"@id\":\"https:\/\/koningdrone.be\/#organization\"},\"potentialAction\":[{\"@type\":\"SearchAction\",\"target\":{\"@type\":\"EntryPoint\",\"urlTemplate\":\"https:\/\/koningdrone.be\/?s={search_term_string}\"},\"query-input\":{\"@type\":\"PropertyValueSpecification\",\"valueRequired\":true,\"valueName\":\"search_term_string\"}}],\"inLanguage\":\"de\"},{\"@type\":\"Organization\",\"@id\":\"https:\/\/koningdrone.be\/#organization\",\"name\":\"Koningdrone.be\",\"url\":\"https:\/\/koningdrone.be\/\",\"logo\":{\"@type\":\"ImageObject\",\"inLanguage\":\"de\",\"@id\":\"https:\/\/koningdrone.be\/#\/schema\/logo\/image\/\",\"url\":\"https:\/\/koningdrone.be\/wp-content\/uploads\/sites\/13\/2025\/04\/koningdrone-copyright-logo.svg\",\"contentUrl\":\"https:\/\/koningdrone.be\/wp-content\/uploads\/sites\/13\/2025\/04\/koningdrone-copyright-logo.svg\",\"width\":227,\"height\":38,\"caption\":\"Koningdrone.be\"},\"image\":{\"@id\":\"https:\/\/koningdrone.be\/#\/schema\/logo\/image\/\"}}]}<\/script>\n<!-- \/ Yoast SEO Premium plugin. -->","yoast_head_json":{"title":"INSTA360 2-in-1 Invisible Selfie Stick + Tripod - koningdrone.be","robots":{"index":"index","follow":"follow","max-snippet":"max-snippet:-1","max-image-preview":"max-image-preview:large","max-video-preview":"max-video-preview:-1"},"canonical":"https:\/\/koningdrone.be\/de\/produkt\/insta360-2-in-1-invisible-selfie-stick-tripod\/","og_locale":"de_DE","og_type":"article","og_title":"INSTA360 2-in-1 Invisible Selfie Stick + Tripod","og_description":"ombo selfiestick en ministatieferlengt van 9,6 tot 42,9\" in lengteAutomatisch verwijderd uit 360 afbeeldingen1\/4\"-20 camera-montageschroefLichtgewicht aluminium constructieompatibiliteit: Insta360 GO 2, ONE X2, ONE R en ONE X camera's","og_url":"https:\/\/koningdrone.be\/de\/produkt\/insta360-2-in-1-invisible-selfie-stick-tripod\/","og_site_name":"koningdrone.be","article_modified_time":"2026-05-16T08:40:39+00:00","og_image":[{"width":500,"height":500,"url":"https:\/\/koningdrone.be\/wp-content\/uploads\/sites\/13\/2025\/04\/6970357852338_0-1.jpg","type":"image\/jpeg"}],"twitter_card":"summary_large_image","twitter_misc":{"Gesch\u00e4tzte Lesezeit":"1\u00a0Minute"},"schema":{"@context":"https:\/\/schema.org","@graph":[{"@type":"WebPage","@id":"https:\/\/koningdrone.be\/product\/insta360-2-in-1-invisible-selfie-stick-tripod\/","url":"https:\/\/koningdrone.be\/product\/insta360-2-in-1-invisible-selfie-stick-tripod\/","name":"INSTA360 2-in-1 Invisible Selfie Stick + Tripod - koningdrone.be","isPartOf":{"@id":"https:\/\/koningdrone.be\/#website"},"primaryImageOfPage":{"@id":"https:\/\/koningdrone.be\/product\/insta360-2-in-1-invisible-selfie-stick-tripod\/#primaryimage"},"image":{"@id":"https:\/\/koningdrone.be\/product\/insta360-2-in-1-invisible-selfie-stick-tripod\/#primaryimage"},"thumbnailUrl":"https:\/\/koningdrone.be\/wp-content\/uploads\/sites\/13\/2025\/04\/6970357852338_0-1.jpg","datePublished":"2022-11-02T08:13:58+00:00","dateModified":"2026-05-16T08:40:39+00:00","breadcrumb":{"@id":"https:\/\/koningdrone.be\/product\/insta360-2-in-1-invisible-selfie-stick-tripod\/#breadcrumb"},"inLanguage":"de","potentialAction":[{"@type":"ReadAction","target":["https:\/\/koningdrone.be\/product\/insta360-2-in-1-invisible-selfie-stick-tripod\/"]}]},{"@type":"ImageObject","inLanguage":"de","@id":"https:\/\/koningdrone.be\/product\/insta360-2-in-1-invisible-selfie-stick-tripod\/#primaryimage","url":"https:\/\/koningdrone.be\/wp-content\/uploads\/sites\/13\/2025\/04\/6970357852338_0-1.jpg","contentUrl":"https:\/\/koningdrone.be\/wp-content\/uploads\/sites\/13\/2025\/04\/6970357852338_0-1.jpg","width":500,"height":500},{"@type":"BreadcrumbList","@id":"https:\/\/koningdrone.be\/product\/insta360-2-in-1-invisible-selfie-stick-tripod\/#breadcrumb","itemListElement":[{"@type":"ListItem","position":1,"name":"Home","item":"https:\/\/koningdrone.be\/"},{"@type":"ListItem","position":2,"name":"AVSS Parachute Recovery System for DJI Matrice 300\/350","item":"https:\/\/koningdrone.be\/product\/avss-parachute-recovery-system-for-dji-matrice-300-350\/"},{"@type":"ListItem","position":3,"name":"Alle producten","item":"https:\/\/koningdrone.be\/categorie\/alle-producten\/"},{"@type":"ListItem","position":4,"name":"INSTA360 2-in-1 Invisible Selfie Stick + Tripod"}]},{"@type":"WebSite","@id":"https:\/\/koningdrone.be\/#website","url":"https:\/\/koningdrone.be\/","name":"Koningdrone.be - Ihr Online-Spezialist f\u00fcr Drohnen, Gimbals, Kameras und Kraftwerke.","description":"Der Webshop f\u00fcr Drohnen und Gimbals","publisher":{"@id":"https:\/\/koningdrone.be\/#organization"},"potentialAction":[{"@type":"SearchAction","target":{"@type":"EntryPoint","urlTemplate":"https:\/\/koningdrone.be\/?s={search_term_string}"},"query-input":{"@type":"PropertyValueSpecification","valueRequired":true,"valueName":"search_term_string"}}],"inLanguage":"de"},{"@type":"Organization","@id":"https:\/\/koningdrone.be\/#organization","name":"Kingdrone.de","url":"https:\/\/koningdrone.be\/","logo":{"@type":"ImageObject","inLanguage":"de","@id":"https:\/\/koningdrone.be\/#\/schema\/logo\/image\/","url":"https:\/\/koningdrone.be\/wp-content\/uploads\/sites\/13\/2025\/04\/koningdrone-copyright-logo.svg","contentUrl":"https:\/\/koningdrone.be\/wp-content\/uploads\/sites\/13\/2025\/04\/koningdrone-copyright-logo.svg","width":227,"height":38,"caption":"Koningdrone.be"},"image":{"@id":"https:\/\/koningdrone.be\/#\/schema\/logo\/image\/"}}]}},"df_price":"","df_sale_price":"","df_regular_price":"","df_image_link":"https:\/\/koningdrone.be\/wp-content\/uploads\/sites\/13\/2025\/04\/6970357852338_0-1-300x300.jpg","_links":{"self":[{"href":"https:\/\/koningdrone.be\/de\/wp-json\/wp\/v2\/product\/5412","targetHints":{"allow":["GET"]}}],"collection":[{"href":"https:\/\/koningdrone.be\/de\/wp-json\/wp\/v2\/product"}],"about":[{"href":"https:\/\/koningdrone.be\/de\/wp-json\/wp\/v2\/types\/product"}],"wp:featuredmedia":[{"embeddable":true,"href":"https:\/\/koningdrone.be\/de\/wp-json\/wp\/v2\/media\/5409"}],"wp:attachment":[{"href":"https:\/\/koningdrone.be\/de\/wp-json\/wp\/v2\/media?parent=5412"}],"wp:term":[{"taxonomy":"product_brand","embeddable":true,"href":"https:\/\/koningdrone.be\/de\/wp-json\/wp\/v2\/product_brand?post=5412"},{"taxonomy":"product_cat","embeddable":true,"href":"https:\/\/koningdrone.be\/de\/wp-json\/wp\/v2\/product_cat?post=5412"},{"taxonomy":"product_tag","embeddable":true,"href":"https:\/\/koningdrone.be\/de\/wp-json\/wp\/v2\/product_tag?post=5412"}],"curies":[{"name":"wp","href":"https:\/\/api.w.org\/{rel}","templated":true}]}}