{"id":5386,"date":"2022-11-02T09:13:58","date_gmt":"2022-11-02T08:13:58","guid":{"rendered":"https:\/\/koningdrone.nl\/kon\/product\/flir-vue-tz20-r-uas-payload-with-20x-zoom\/"},"modified":"2026-04-29T09:30:23","modified_gmt":"2026-04-29T07:30:23","slug":"flir-vue-tz20-r-uas-payload-with-20x-zoom","status":"publish","type":"product","link":"https:\/\/koningdrone.be\/de\/produkt\/flir-vue-tz20-r-uas-payload-with-20x-zoom\/","title":{"rendered":"FLIR VUE TZ20-R UAS-Nutzlast mit 20fachem Zoom"},"content":{"rendered":"<h1> FLIR VUE TZ20-R UAS-Nutzlast mit 20fachem Zoom<\/h1>\n<p>Hochaufl\u00f6sende, radiometrische, thermische Zoom-Drohnen-Nutzlast<br \/>Die in den USA hergestellte radiometrische W\u00e4rmezoom-Drohnennutzlast VUE TZ20-R erm\u00f6glicht es Piloten der DJI V2 Matrice 200- und 300-Serie, W\u00e4rmedetails zu sehen und zu messen, die mit anderen f\u00fchrenden sUAS-Flugzeugen und -Nutzlasten nicht m\u00f6glich sind. Die TZ20-R ist mit zwei FLIR Boson\u00ae-W\u00e4rmebildkameras ausgestattet, die in jeder Zoomstufe viermal mehr Pixel auf das Ziel bringen als die Konkurrenz und eine konkurrenzlose 20fache Zoomfunktion bieten. Inspektoren von Versorgungsunternehmen, Dachdeckerbetrieben, Solarfarmen und anderen Industrieunternehmen k\u00f6nnen Objekte heranzoomen, sie mit un\u00fcbertroffener Klarheit identifizieren und radiometrische Temperaturmessungen vornehmen und aufzeichnen - alles aus sicherer Entfernung. Die Kombination aus leistungsstarkem W\u00e4rmezoom und Radiometrie erm\u00f6glicht effizientere Eins\u00e4tze mit schnellerer Suche, ger\u00e4uschloser \u00dcberwachung und sichereren Ferninspektionen.<br \/>Durchsuchen und \u00fcberpr\u00fcfen Sie einen gr\u00f6\u00dferen Bereich in k\u00fcrzerer Zeit.<br \/>Un\u00fcbertroffene thermische Zoomleistung und Klarheit bei 5x, 10x und 20x.<br \/>Scannen und \u00dcberwachen gro\u00dfer Bereiche mit einem weiten Sichtfeld (FOV) von 95 Grad<br \/>Schnelles Zoomen mit engerem 18-Grad-Sichtfeld und zus\u00e4tzlichen digitalen Zoomstufen<br \/>Effizientere Nutzung der Batterieleistung<br \/>Sichere und genaue Temperaturmessung bei gr\u00f6\u00dferen Entfernungen.<br \/>Die beiden Boson-Sensoren bieten bei jeder Zoomstufe 4x mehr radiometrische Pixel auf dem Ziel als alle anderen Mitbewerber.<br \/>Messen Sie genaue thermische Details mit der 640 x 512 Aufl\u00f6sung der Boson-W\u00e4rmebildsensoren.<br \/>Stellen Sie Isothermen ein, um Objekte automatisch zu erkennen.<br \/>Benutzen Sie den Zoom, um den Auftrag aus sicherer Entfernung zu erf\u00fcllen.<br \/>Bereit zum Fliegen und Messen.<br \/>Plug-and-Play mit DJI Matrice 300, DJI V2 Matrice 200 Serie und Post-Processing Reporting Software.<br \/>Anschluss an Skyport V2.0 Gimbal<br \/>Nutzung der In-App-Thermofunktionen und Aufzeichnung auf zwei microSD-Karten<br \/>Analyse von W\u00e4rmedaten in FLIR Thermal Studio und Anwendungen von Drittanbietern<\/p>","protected":false},"excerpt":{"rendered":"<p>FLIR VUE TZ20-R UAS Payload with 20X Zoom High definition, radiometrische, thermische zoom drone payloadMet de in de VS gemaakte VUE TZ20-R radiometrische thermische zoom-drone-payload kunnen DJI V2 Matrice 200- en 300-serie piloten thermische details zien en meten die niet mogelijk zijn met andere toonaangevende sUAS-vliegtuigen en payloads. De TZ20-R is uitgerust met twee FLIR [&hellip;]<\/p>\n","protected":false},"featured_media":5385,"template":"","meta":{"_acf_changed":false},"product_brand":[],"product_cat":[126,97],"product_tag":[],"class_list":{"0":"post-5386","1":"product","2":"type-product","3":"status-publish","4":"has-post-thumbnail","6":"product_cat-alle-payloads","7":"product_cat-alle-producten","8":"product_shipping_class-outofstock","9":"pa_brand-flir","10":"pa_series-flir","12":"first","13":"outofstock","14":"taxable","15":"shipping-taxable","16":"product-type-simple"},"acf":[],"yoast_head":"<!-- This site is optimized with the Yoast SEO Premium plugin v27.2 (Yoast SEO v27.2) - https:\/\/yoast.com\/product\/yoast-seo-premium-wordpress\/ -->\n<title>FLIR VUE TZ20-R UAS Payload with 20X Zoom - koningdrone.be<\/title>\n<meta name=\"robots\" content=\"index, follow, max-snippet:-1, max-image-preview:large, max-video-preview:-1\" \/>\n<link rel=\"canonical\" href=\"https:\/\/koningdrone.be\/de\/produkt\/flir-vue-tz20-r-uas-payload-with-20x-zoom\/\" \/>\n<meta property=\"og:locale\" content=\"de_DE\" \/>\n<meta property=\"og:type\" content=\"article\" \/>\n<meta property=\"og:title\" content=\"FLIR VUE TZ20-R UAS Payload with 20X Zoom\" \/>\n<meta property=\"og:description\" content=\"FLIR VUE TZ20-R UAS Payload with 20X Zoom High definition, radiometrische, thermische zoom drone payloadMet de in de VS gemaakte VUE TZ20-R radiometrische thermische zoom-drone-payload kunnen DJI V2 Matrice 200- en 300-serie piloten thermische details zien en meten die niet mogelijk zijn met andere toonaangevende sUAS-vliegtuigen en payloads. De TZ20-R is uitgerust met twee FLIR [&hellip;]\" \/>\n<meta property=\"og:url\" content=\"https:\/\/koningdrone.be\/de\/produkt\/flir-vue-tz20-r-uas-payload-with-20x-zoom\/\" \/>\n<meta property=\"og:site_name\" content=\"koningdrone.be\" \/>\n<meta property=\"article:modified_time\" content=\"2026-04-29T07:30:23+00:00\" \/>\n<meta property=\"og:image\" content=\"https:\/\/koningdrone.be\/wp-content\/uploads\/sites\/13\/2025\/04\/4251088413336-1.jpg\" \/>\n\t<meta property=\"og:image:width\" content=\"1280\" \/>\n\t<meta property=\"og:image:height\" content=\"800\" \/>\n\t<meta property=\"og:image:type\" content=\"image\/jpeg\" \/>\n<meta name=\"twitter:card\" content=\"summary_large_image\" \/>\n<meta name=\"twitter:label1\" content=\"Gesch\u00e4tzte Lesezeit\" \/>\n\t<meta name=\"twitter:data1\" content=\"2\u00a0Minuten\" \/>\n<script type=\"application\/ld+json\" class=\"yoast-schema-graph\">{\"@context\":\"https:\/\/schema.org\",\"@graph\":[{\"@type\":\"WebPage\",\"@id\":\"https:\/\/koningdrone.be\/product\/flir-vue-tz20-r-uas-payload-with-20x-zoom\/\",\"url\":\"https:\/\/koningdrone.be\/product\/flir-vue-tz20-r-uas-payload-with-20x-zoom\/\",\"name\":\"FLIR VUE TZ20-R UAS Payload with 20X Zoom - koningdrone.be\",\"isPartOf\":{\"@id\":\"https:\/\/koningdrone.be\/#website\"},\"primaryImageOfPage\":{\"@id\":\"https:\/\/koningdrone.be\/product\/flir-vue-tz20-r-uas-payload-with-20x-zoom\/#primaryimage\"},\"image\":{\"@id\":\"https:\/\/koningdrone.be\/product\/flir-vue-tz20-r-uas-payload-with-20x-zoom\/#primaryimage\"},\"thumbnailUrl\":\"https:\/\/koningdrone.be\/wp-content\/uploads\/sites\/13\/2025\/04\/4251088413336-1.jpg\",\"datePublished\":\"2022-11-02T08:13:58+00:00\",\"dateModified\":\"2026-04-29T07:30:23+00:00\",\"breadcrumb\":{\"@id\":\"https:\/\/koningdrone.be\/product\/flir-vue-tz20-r-uas-payload-with-20x-zoom\/#breadcrumb\"},\"inLanguage\":\"de\",\"potentialAction\":[{\"@type\":\"ReadAction\",\"target\":[\"https:\/\/koningdrone.be\/product\/flir-vue-tz20-r-uas-payload-with-20x-zoom\/\"]}]},{\"@type\":\"ImageObject\",\"inLanguage\":\"de\",\"@id\":\"https:\/\/koningdrone.be\/product\/flir-vue-tz20-r-uas-payload-with-20x-zoom\/#primaryimage\",\"url\":\"https:\/\/koningdrone.be\/wp-content\/uploads\/sites\/13\/2025\/04\/4251088413336-1.jpg\",\"contentUrl\":\"https:\/\/koningdrone.be\/wp-content\/uploads\/sites\/13\/2025\/04\/4251088413336-1.jpg\",\"width\":1280,\"height\":800},{\"@type\":\"BreadcrumbList\",\"@id\":\"https:\/\/koningdrone.be\/product\/flir-vue-tz20-r-uas-payload-with-20x-zoom\/#breadcrumb\",\"itemListElement\":[{\"@type\":\"ListItem\",\"position\":1,\"name\":\"Home\",\"item\":\"https:\/\/koningdrone.be\/\"},{\"@type\":\"ListItem\",\"position\":2,\"name\":\"AVSS Parachute Recovery System for DJI Matrice 300\/350\",\"item\":\"https:\/\/koningdrone.be\/product\/avss-parachute-recovery-system-for-dji-matrice-300-350\/\"},{\"@type\":\"ListItem\",\"position\":3,\"name\":\"Alle payloads\",\"item\":\"https:\/\/koningdrone.be\/categorie\/alle-payloads\/\"},{\"@type\":\"ListItem\",\"position\":4,\"name\":\"FLIR VUE TZ20-R UAS Payload with 20X Zoom\"}]},{\"@type\":\"WebSite\",\"@id\":\"https:\/\/koningdrone.be\/#website\",\"url\":\"https:\/\/koningdrone.be\/\",\"name\":\"Koningdrone.be - Uw online specialist in drones, gimbals, camera's en power stations.\",\"description\":\"De webshop in drones en gimbals\",\"publisher\":{\"@id\":\"https:\/\/koningdrone.be\/#organization\"},\"potentialAction\":[{\"@type\":\"SearchAction\",\"target\":{\"@type\":\"EntryPoint\",\"urlTemplate\":\"https:\/\/koningdrone.be\/?s={search_term_string}\"},\"query-input\":{\"@type\":\"PropertyValueSpecification\",\"valueRequired\":true,\"valueName\":\"search_term_string\"}}],\"inLanguage\":\"de\"},{\"@type\":\"Organization\",\"@id\":\"https:\/\/koningdrone.be\/#organization\",\"name\":\"Koningdrone.be\",\"url\":\"https:\/\/koningdrone.be\/\",\"logo\":{\"@type\":\"ImageObject\",\"inLanguage\":\"de\",\"@id\":\"https:\/\/koningdrone.be\/#\/schema\/logo\/image\/\",\"url\":\"https:\/\/koningdrone.be\/wp-content\/uploads\/sites\/13\/2025\/04\/koningdrone-copyright-logo.svg\",\"contentUrl\":\"https:\/\/koningdrone.be\/wp-content\/uploads\/sites\/13\/2025\/04\/koningdrone-copyright-logo.svg\",\"width\":227,\"height\":38,\"caption\":\"Koningdrone.be\"},\"image\":{\"@id\":\"https:\/\/koningdrone.be\/#\/schema\/logo\/image\/\"}}]}<\/script>\n<!-- \/ Yoast SEO Premium plugin. -->","yoast_head_json":{"title":"FLIR VUE TZ20-R UAS Payload with 20X Zoom - koningdrone.be","robots":{"index":"index","follow":"follow","max-snippet":"max-snippet:-1","max-image-preview":"max-image-preview:large","max-video-preview":"max-video-preview:-1"},"canonical":"https:\/\/koningdrone.be\/de\/produkt\/flir-vue-tz20-r-uas-payload-with-20x-zoom\/","og_locale":"de_DE","og_type":"article","og_title":"FLIR VUE TZ20-R UAS Payload with 20X Zoom","og_description":"FLIR VUE TZ20-R UAS Payload with 20X Zoom High definition, radiometrische, thermische zoom drone payloadMet de in de VS gemaakte VUE TZ20-R radiometrische thermische zoom-drone-payload kunnen DJI V2 Matrice 200- en 300-serie piloten thermische details zien en meten die niet mogelijk zijn met andere toonaangevende sUAS-vliegtuigen en payloads. De TZ20-R is uitgerust met twee FLIR [&hellip;]","og_url":"https:\/\/koningdrone.be\/de\/produkt\/flir-vue-tz20-r-uas-payload-with-20x-zoom\/","og_site_name":"koningdrone.be","article_modified_time":"2026-04-29T07:30:23+00:00","og_image":[{"width":1280,"height":800,"url":"https:\/\/koningdrone.be\/wp-content\/uploads\/sites\/13\/2025\/04\/4251088413336-1.jpg","type":"image\/jpeg"}],"twitter_card":"summary_large_image","twitter_misc":{"Gesch\u00e4tzte Lesezeit":"2\u00a0Minuten"},"schema":{"@context":"https:\/\/schema.org","@graph":[{"@type":"WebPage","@id":"https:\/\/koningdrone.be\/product\/flir-vue-tz20-r-uas-payload-with-20x-zoom\/","url":"https:\/\/koningdrone.be\/product\/flir-vue-tz20-r-uas-payload-with-20x-zoom\/","name":"FLIR VUE TZ20-R UAS Payload with 20X Zoom - koningdrone.be","isPartOf":{"@id":"https:\/\/koningdrone.be\/#website"},"primaryImageOfPage":{"@id":"https:\/\/koningdrone.be\/product\/flir-vue-tz20-r-uas-payload-with-20x-zoom\/#primaryimage"},"image":{"@id":"https:\/\/koningdrone.be\/product\/flir-vue-tz20-r-uas-payload-with-20x-zoom\/#primaryimage"},"thumbnailUrl":"https:\/\/koningdrone.be\/wp-content\/uploads\/sites\/13\/2025\/04\/4251088413336-1.jpg","datePublished":"2022-11-02T08:13:58+00:00","dateModified":"2026-04-29T07:30:23+00:00","breadcrumb":{"@id":"https:\/\/koningdrone.be\/product\/flir-vue-tz20-r-uas-payload-with-20x-zoom\/#breadcrumb"},"inLanguage":"de","potentialAction":[{"@type":"ReadAction","target":["https:\/\/koningdrone.be\/product\/flir-vue-tz20-r-uas-payload-with-20x-zoom\/"]}]},{"@type":"ImageObject","inLanguage":"de","@id":"https:\/\/koningdrone.be\/product\/flir-vue-tz20-r-uas-payload-with-20x-zoom\/#primaryimage","url":"https:\/\/koningdrone.be\/wp-content\/uploads\/sites\/13\/2025\/04\/4251088413336-1.jpg","contentUrl":"https:\/\/koningdrone.be\/wp-content\/uploads\/sites\/13\/2025\/04\/4251088413336-1.jpg","width":1280,"height":800},{"@type":"BreadcrumbList","@id":"https:\/\/koningdrone.be\/product\/flir-vue-tz20-r-uas-payload-with-20x-zoom\/#breadcrumb","itemListElement":[{"@type":"ListItem","position":1,"name":"Home","item":"https:\/\/koningdrone.be\/"},{"@type":"ListItem","position":2,"name":"AVSS Parachute Recovery System for DJI Matrice 300\/350","item":"https:\/\/koningdrone.be\/product\/avss-parachute-recovery-system-for-dji-matrice-300-350\/"},{"@type":"ListItem","position":3,"name":"Alle payloads","item":"https:\/\/koningdrone.be\/categorie\/alle-payloads\/"},{"@type":"ListItem","position":4,"name":"FLIR VUE TZ20-R UAS Payload with 20X Zoom"}]},{"@type":"WebSite","@id":"https:\/\/koningdrone.be\/#website","url":"https:\/\/koningdrone.be\/","name":"Koningdrone.be - Ihr Online-Spezialist f\u00fcr Drohnen, Gimbals, Kameras und Kraftwerke.","description":"Der Webshop f\u00fcr Drohnen und Gimbals","publisher":{"@id":"https:\/\/koningdrone.be\/#organization"},"potentialAction":[{"@type":"SearchAction","target":{"@type":"EntryPoint","urlTemplate":"https:\/\/koningdrone.be\/?s={search_term_string}"},"query-input":{"@type":"PropertyValueSpecification","valueRequired":true,"valueName":"search_term_string"}}],"inLanguage":"de"},{"@type":"Organization","@id":"https:\/\/koningdrone.be\/#organization","name":"Kingdrone.de","url":"https:\/\/koningdrone.be\/","logo":{"@type":"ImageObject","inLanguage":"de","@id":"https:\/\/koningdrone.be\/#\/schema\/logo\/image\/","url":"https:\/\/koningdrone.be\/wp-content\/uploads\/sites\/13\/2025\/04\/koningdrone-copyright-logo.svg","contentUrl":"https:\/\/koningdrone.be\/wp-content\/uploads\/sites\/13\/2025\/04\/koningdrone-copyright-logo.svg","width":227,"height":38,"caption":"Koningdrone.be"},"image":{"@id":"https:\/\/koningdrone.be\/#\/schema\/logo\/image\/"}}]}},"df_price":"","df_sale_price":"","df_regular_price":"","df_image_link":"https:\/\/koningdrone.be\/wp-content\/uploads\/sites\/13\/2025\/04\/4251088413336-1-300x188.jpg","_links":{"self":[{"href":"https:\/\/koningdrone.be\/de\/wp-json\/wp\/v2\/product\/5386","targetHints":{"allow":["GET"]}}],"collection":[{"href":"https:\/\/koningdrone.be\/de\/wp-json\/wp\/v2\/product"}],"about":[{"href":"https:\/\/koningdrone.be\/de\/wp-json\/wp\/v2\/types\/product"}],"wp:featuredmedia":[{"embeddable":true,"href":"https:\/\/koningdrone.be\/de\/wp-json\/wp\/v2\/media\/5385"}],"wp:attachment":[{"href":"https:\/\/koningdrone.be\/de\/wp-json\/wp\/v2\/media?parent=5386"}],"wp:term":[{"taxonomy":"product_brand","embeddable":true,"href":"https:\/\/koningdrone.be\/de\/wp-json\/wp\/v2\/product_brand?post=5386"},{"taxonomy":"product_cat","embeddable":true,"href":"https:\/\/koningdrone.be\/de\/wp-json\/wp\/v2\/product_cat?post=5386"},{"taxonomy":"product_tag","embeddable":true,"href":"https:\/\/koningdrone.be\/de\/wp-json\/wp\/v2\/product_tag?post=5386"}],"curies":[{"name":"wp","href":"https:\/\/api.w.org\/{rel}","templated":true}]}}