{"id":5381,"date":"2022-11-02T09:13:58","date_gmt":"2022-11-02T08:13:58","guid":{"rendered":"https:\/\/koningdrone.nl\/kon\/product\/insta360-unicorn-helmet-carbon-fiber-extension\/"},"modified":"2026-05-17T10:41:02","modified_gmt":"2026-05-17T08:41:02","slug":"insta360-unicorn-helmet-carbon-fiber-extension","status":"publish","type":"product","link":"https:\/\/koningdrone.be\/de\/produkt\/insta360-unicorn-helmet-carbon-fiber-extension\/","title":{"rendered":"INSTA360 Einhorn-Helm (Kohlefaser-Erweiterung)"},"content":{"rendered":"<h1>Insta360 Einhorn-Helm (Kohlefaser-Erweiterung)<\/h1>\n<p>Mit dem Zubeh\u00f6r k\u00f6nnen Sie Ihre Insta360 GO 2 Kamera an der Insta360 Unicorn Helmhalterung befestigen und den Ausleger verl\u00e4ngern. Jetzt k\u00f6nnen Sie ganz einfach eine spektakul\u00e4re Aufnahme aus einer originellen Perspektive machen, wenn Sie auf Skiern laufen oder Kilometer auf einem Motorrad zur\u00fccklegen! Das Produkt ist aus hochwertigen Materialien wie Karbonfaser und Edelstahl gefertigt, wodurch es extrem langlebig ist und Ihrer Kamera die n\u00f6tige Stabilit\u00e4t verleiht.<\/p>","protected":false},"excerpt":{"rendered":"<ul>\n<li>Stangenl\u00e4nge: 270 mm \u00b1 10 mm (jeder Ausleger), 540 mm \u00b1 20 mm (zusammengesetzt)<\/li>\n<li>Material (Stange): Kohlefaser, rostfreier Stahl<\/li>\n<li>Anwendung: Skifahren, Radfahren, Motorradfahren, Skateboarden und andere helmpflichtige Sportarten<\/li>\n<li>Kompatibilit\u00e4t: GO 2 (Einhorn-Helmhalterung erforderlich, separat erh\u00e4ltlich)<\/li>\n<\/ul>","protected":false},"featured_media":5379,"template":"","meta":{"_acf_changed":false},"product_brand":[],"product_cat":[97,343],"product_tag":[],"class_list":{"0":"post-5381","1":"product","2":"type-product","3":"status-publish","4":"has-post-thumbnail","6":"product_cat-alle-producten","7":"product_cat-insta360","8":"product_shipping_class-outofstock","9":"pa_brand-insta360","10":"pa_productfamily-action-cam-accessoires","11":"pa_producttype-action-cam-accessoires","12":"pa_series-insta360-go","14":"first","15":"outofstock","16":"taxable","17":"shipping-taxable","18":"product-type-simple"},"acf":[],"yoast_head":"<!-- This site is optimized with the Yoast SEO Premium plugin v27.2 (Yoast SEO v27.2) - https:\/\/yoast.com\/product\/yoast-seo-premium-wordpress\/ -->\n<title>INSTA360 Unicorn Helmet (Carbon Fiber Extension) - koningdrone.be<\/title>\n<meta name=\"robots\" content=\"index, follow, max-snippet:-1, max-image-preview:large, max-video-preview:-1\" \/>\n<link rel=\"canonical\" href=\"https:\/\/koningdrone.be\/de\/produkt\/insta360-unicorn-helmet-carbon-fiber-extension\/\" \/>\n<meta property=\"og:locale\" content=\"de_DE\" \/>\n<meta property=\"og:type\" content=\"article\" \/>\n<meta property=\"og:title\" content=\"INSTA360 Unicorn Helmet (Carbon Fiber Extension)\" \/>\n<meta property=\"og:description\" content=\"Stanglengte: 270 mm \u00b1 10 mm (elke giek), 540 mm \u00b1 20 mm (samen gemonteerd)Materiaal (staaf): koolstofvezel, roestvrij staalToepassing: ski\u00ebn, fietsen, motorrijden, skateboarden en andere sporten waarvoor een helm nodig isCompatibiliteit: GO 2 (eenhoorn-helmbevestiging vereist, apart verkrijgbaar)\" \/>\n<meta property=\"og:url\" content=\"https:\/\/koningdrone.be\/de\/produkt\/insta360-unicorn-helmet-carbon-fiber-extension\/\" \/>\n<meta property=\"og:site_name\" content=\"koningdrone.be\" \/>\n<meta property=\"article:modified_time\" content=\"2026-05-17T08:41:02+00:00\" \/>\n<meta property=\"og:image\" content=\"https:\/\/koningdrone.be\/wp-content\/uploads\/sites\/13\/2025\/04\/6970357853137-1.webp\" \/>\n\t<meta property=\"og:image:width\" content=\"118\" \/>\n\t<meta property=\"og:image:height\" content=\"652\" \/>\n\t<meta property=\"og:image:type\" content=\"image\/webp\" \/>\n<meta name=\"twitter:card\" content=\"summary_large_image\" \/>\n<script type=\"application\/ld+json\" class=\"yoast-schema-graph\">{\"@context\":\"https:\/\/schema.org\",\"@graph\":[{\"@type\":\"WebPage\",\"@id\":\"https:\/\/koningdrone.be\/product\/insta360-unicorn-helmet-carbon-fiber-extension\/\",\"url\":\"https:\/\/koningdrone.be\/product\/insta360-unicorn-helmet-carbon-fiber-extension\/\",\"name\":\"INSTA360 Unicorn Helmet (Carbon Fiber Extension) - koningdrone.be\",\"isPartOf\":{\"@id\":\"https:\/\/koningdrone.be\/#website\"},\"primaryImageOfPage\":{\"@id\":\"https:\/\/koningdrone.be\/product\/insta360-unicorn-helmet-carbon-fiber-extension\/#primaryimage\"},\"image\":{\"@id\":\"https:\/\/koningdrone.be\/product\/insta360-unicorn-helmet-carbon-fiber-extension\/#primaryimage\"},\"thumbnailUrl\":\"https:\/\/koningdrone.be\/wp-content\/uploads\/sites\/13\/2025\/04\/6970357853137-1.webp\",\"datePublished\":\"2022-11-02T08:13:58+00:00\",\"dateModified\":\"2026-05-17T08:41:02+00:00\",\"breadcrumb\":{\"@id\":\"https:\/\/koningdrone.be\/product\/insta360-unicorn-helmet-carbon-fiber-extension\/#breadcrumb\"},\"inLanguage\":\"de\",\"potentialAction\":[{\"@type\":\"ReadAction\",\"target\":[\"https:\/\/koningdrone.be\/product\/insta360-unicorn-helmet-carbon-fiber-extension\/\"]}]},{\"@type\":\"ImageObject\",\"inLanguage\":\"de\",\"@id\":\"https:\/\/koningdrone.be\/product\/insta360-unicorn-helmet-carbon-fiber-extension\/#primaryimage\",\"url\":\"https:\/\/koningdrone.be\/wp-content\/uploads\/sites\/13\/2025\/04\/6970357853137-1.webp\",\"contentUrl\":\"https:\/\/koningdrone.be\/wp-content\/uploads\/sites\/13\/2025\/04\/6970357853137-1.webp\",\"width\":118,\"height\":652},{\"@type\":\"BreadcrumbList\",\"@id\":\"https:\/\/koningdrone.be\/product\/insta360-unicorn-helmet-carbon-fiber-extension\/#breadcrumb\",\"itemListElement\":[{\"@type\":\"ListItem\",\"position\":1,\"name\":\"Home\",\"item\":\"https:\/\/koningdrone.be\/\"},{\"@type\":\"ListItem\",\"position\":2,\"name\":\"AVSS Parachute Recovery System for DJI Matrice 300\/350\",\"item\":\"https:\/\/koningdrone.be\/product\/avss-parachute-recovery-system-for-dji-matrice-300-350\/\"},{\"@type\":\"ListItem\",\"position\":3,\"name\":\"Alle producten\",\"item\":\"https:\/\/koningdrone.be\/categorie\/alle-producten\/\"},{\"@type\":\"ListItem\",\"position\":4,\"name\":\"INSTA360 Unicorn Helmet (Carbon Fiber Extension)\"}]},{\"@type\":\"WebSite\",\"@id\":\"https:\/\/koningdrone.be\/#website\",\"url\":\"https:\/\/koningdrone.be\/\",\"name\":\"Koningdrone.be - Uw online specialist in drones, gimbals, camera's en power stations.\",\"description\":\"De webshop in drones en gimbals\",\"publisher\":{\"@id\":\"https:\/\/koningdrone.be\/#organization\"},\"potentialAction\":[{\"@type\":\"SearchAction\",\"target\":{\"@type\":\"EntryPoint\",\"urlTemplate\":\"https:\/\/koningdrone.be\/?s={search_term_string}\"},\"query-input\":{\"@type\":\"PropertyValueSpecification\",\"valueRequired\":true,\"valueName\":\"search_term_string\"}}],\"inLanguage\":\"de\"},{\"@type\":\"Organization\",\"@id\":\"https:\/\/koningdrone.be\/#organization\",\"name\":\"Koningdrone.be\",\"url\":\"https:\/\/koningdrone.be\/\",\"logo\":{\"@type\":\"ImageObject\",\"inLanguage\":\"de\",\"@id\":\"https:\/\/koningdrone.be\/#\/schema\/logo\/image\/\",\"url\":\"https:\/\/koningdrone.be\/wp-content\/uploads\/sites\/13\/2025\/04\/koningdrone-copyright-logo.svg\",\"contentUrl\":\"https:\/\/koningdrone.be\/wp-content\/uploads\/sites\/13\/2025\/04\/koningdrone-copyright-logo.svg\",\"width\":227,\"height\":38,\"caption\":\"Koningdrone.be\"},\"image\":{\"@id\":\"https:\/\/koningdrone.be\/#\/schema\/logo\/image\/\"}}]}<\/script>\n<!-- \/ Yoast SEO Premium plugin. -->","yoast_head_json":{"title":"INSTA360 Unicorn Helmet (Carbon Fiber Extension) - koningdrone.be","robots":{"index":"index","follow":"follow","max-snippet":"max-snippet:-1","max-image-preview":"max-image-preview:large","max-video-preview":"max-video-preview:-1"},"canonical":"https:\/\/koningdrone.be\/de\/produkt\/insta360-unicorn-helmet-carbon-fiber-extension\/","og_locale":"de_DE","og_type":"article","og_title":"INSTA360 Unicorn Helmet (Carbon Fiber Extension)","og_description":"Stanglengte: 270 mm \u00b1 10 mm (elke giek), 540 mm \u00b1 20 mm (samen gemonteerd)Materiaal (staaf): koolstofvezel, roestvrij staalToepassing: ski\u00ebn, fietsen, motorrijden, skateboarden en andere sporten waarvoor een helm nodig isCompatibiliteit: GO 2 (eenhoorn-helmbevestiging vereist, apart verkrijgbaar)","og_url":"https:\/\/koningdrone.be\/de\/produkt\/insta360-unicorn-helmet-carbon-fiber-extension\/","og_site_name":"koningdrone.be","article_modified_time":"2026-05-17T08:41:02+00:00","og_image":[{"width":118,"height":652,"url":"https:\/\/koningdrone.be\/wp-content\/uploads\/sites\/13\/2025\/04\/6970357853137-1.webp","type":"image\/webp"}],"twitter_card":"summary_large_image","schema":{"@context":"https:\/\/schema.org","@graph":[{"@type":"WebPage","@id":"https:\/\/koningdrone.be\/product\/insta360-unicorn-helmet-carbon-fiber-extension\/","url":"https:\/\/koningdrone.be\/product\/insta360-unicorn-helmet-carbon-fiber-extension\/","name":"INSTA360 Unicorn Helmet (Carbon Fiber Extension) - koningdrone.be","isPartOf":{"@id":"https:\/\/koningdrone.be\/#website"},"primaryImageOfPage":{"@id":"https:\/\/koningdrone.be\/product\/insta360-unicorn-helmet-carbon-fiber-extension\/#primaryimage"},"image":{"@id":"https:\/\/koningdrone.be\/product\/insta360-unicorn-helmet-carbon-fiber-extension\/#primaryimage"},"thumbnailUrl":"https:\/\/koningdrone.be\/wp-content\/uploads\/sites\/13\/2025\/04\/6970357853137-1.webp","datePublished":"2022-11-02T08:13:58+00:00","dateModified":"2026-05-17T08:41:02+00:00","breadcrumb":{"@id":"https:\/\/koningdrone.be\/product\/insta360-unicorn-helmet-carbon-fiber-extension\/#breadcrumb"},"inLanguage":"de","potentialAction":[{"@type":"ReadAction","target":["https:\/\/koningdrone.be\/product\/insta360-unicorn-helmet-carbon-fiber-extension\/"]}]},{"@type":"ImageObject","inLanguage":"de","@id":"https:\/\/koningdrone.be\/product\/insta360-unicorn-helmet-carbon-fiber-extension\/#primaryimage","url":"https:\/\/koningdrone.be\/wp-content\/uploads\/sites\/13\/2025\/04\/6970357853137-1.webp","contentUrl":"https:\/\/koningdrone.be\/wp-content\/uploads\/sites\/13\/2025\/04\/6970357853137-1.webp","width":118,"height":652},{"@type":"BreadcrumbList","@id":"https:\/\/koningdrone.be\/product\/insta360-unicorn-helmet-carbon-fiber-extension\/#breadcrumb","itemListElement":[{"@type":"ListItem","position":1,"name":"Home","item":"https:\/\/koningdrone.be\/"},{"@type":"ListItem","position":2,"name":"AVSS Parachute Recovery System for DJI Matrice 300\/350","item":"https:\/\/koningdrone.be\/product\/avss-parachute-recovery-system-for-dji-matrice-300-350\/"},{"@type":"ListItem","position":3,"name":"Alle producten","item":"https:\/\/koningdrone.be\/categorie\/alle-producten\/"},{"@type":"ListItem","position":4,"name":"INSTA360 Unicorn Helmet (Carbon Fiber Extension)"}]},{"@type":"WebSite","@id":"https:\/\/koningdrone.be\/#website","url":"https:\/\/koningdrone.be\/","name":"Koningdrone.be - Ihr Online-Spezialist f\u00fcr Drohnen, Gimbals, Kameras und Kraftwerke.","description":"Der Webshop f\u00fcr Drohnen und Gimbals","publisher":{"@id":"https:\/\/koningdrone.be\/#organization"},"potentialAction":[{"@type":"SearchAction","target":{"@type":"EntryPoint","urlTemplate":"https:\/\/koningdrone.be\/?s={search_term_string}"},"query-input":{"@type":"PropertyValueSpecification","valueRequired":true,"valueName":"search_term_string"}}],"inLanguage":"de"},{"@type":"Organization","@id":"https:\/\/koningdrone.be\/#organization","name":"Kingdrone.de","url":"https:\/\/koningdrone.be\/","logo":{"@type":"ImageObject","inLanguage":"de","@id":"https:\/\/koningdrone.be\/#\/schema\/logo\/image\/","url":"https:\/\/koningdrone.be\/wp-content\/uploads\/sites\/13\/2025\/04\/koningdrone-copyright-logo.svg","contentUrl":"https:\/\/koningdrone.be\/wp-content\/uploads\/sites\/13\/2025\/04\/koningdrone-copyright-logo.svg","width":227,"height":38,"caption":"Koningdrone.be"},"image":{"@id":"https:\/\/koningdrone.be\/#\/schema\/logo\/image\/"}}]}},"df_price":"","df_sale_price":"","df_regular_price":"","df_image_link":"https:\/\/koningdrone.be\/wp-content\/uploads\/sites\/13\/2025\/04\/6970357853137-1-54x300.webp","_links":{"self":[{"href":"https:\/\/koningdrone.be\/de\/wp-json\/wp\/v2\/product\/5381","targetHints":{"allow":["GET"]}}],"collection":[{"href":"https:\/\/koningdrone.be\/de\/wp-json\/wp\/v2\/product"}],"about":[{"href":"https:\/\/koningdrone.be\/de\/wp-json\/wp\/v2\/types\/product"}],"wp:featuredmedia":[{"embeddable":true,"href":"https:\/\/koningdrone.be\/de\/wp-json\/wp\/v2\/media\/5379"}],"wp:attachment":[{"href":"https:\/\/koningdrone.be\/de\/wp-json\/wp\/v2\/media?parent=5381"}],"wp:term":[{"taxonomy":"product_brand","embeddable":true,"href":"https:\/\/koningdrone.be\/de\/wp-json\/wp\/v2\/product_brand?post=5381"},{"taxonomy":"product_cat","embeddable":true,"href":"https:\/\/koningdrone.be\/de\/wp-json\/wp\/v2\/product_cat?post=5381"},{"taxonomy":"product_tag","embeddable":true,"href":"https:\/\/koningdrone.be\/de\/wp-json\/wp\/v2\/product_tag?post=5381"}],"curies":[{"name":"wp","href":"https:\/\/api.w.org\/{rel}","templated":true}]}}