{"id":5346,"date":"2022-11-02T09:14:06","date_gmt":"2022-11-02T08:14:06","guid":{"rendered":"https:\/\/koningdrone.nl\/kon\/product\/insta360-sphere\/"},"modified":"2026-05-17T10:50:04","modified_gmt":"2026-05-17T08:50:04","slug":"insta360-sphere","status":"publish","type":"product","link":"https:\/\/koningdrone.be\/de\/produkt\/insta360-sphere\/","title":{"rendered":"INSTA360 Kugel"},"content":{"rendered":"<h1>Insta360-Kugel<\/h1>\n<p>Insta360 Sphere, die unsichtbare 360\u00b0-Drohnenkamera, ist die ultimative L\u00f6sung, um eine DJI Mavic Air 2\/2S Drohne in ein m\u00e4chtiges Werkzeug f\u00fcr die Content-Produktion zu verwandeln.<br \/>Wenn die Kamera angebracht ist, wird die Drohne in 360-Grad-Bildern v\u00f6llig unsichtbar, w\u00e4hrend ihre leichte Struktur und intuitive Steuerung 360-Grad-Luftaufnahmen einfacher als je zuvor machen.<br \/>Insta360 Sphere bietet immersive Aufnahmen, ohne dass man eine neue Drohne kaufen oder professionelle Flug- oder Bearbeitungskenntnisse haben muss.<br \/>Sphere basiert auf der branchenf\u00fchrenden Software von Insta360 und er\u00f6ffnet unendlich viele M\u00f6glichkeiten, aus Drohnenaufnahmen beeindruckende Inhalte zu erstellen.<br \/>Beeindruckende Visuals ohne Lernkurve:<br \/>Von atemberaubenden Landschaften bis hin zu Stadtansichten machen Drohnenpiloten seit Jahren beeindruckende Luftaufnahmen.<br \/>Die gr\u00f6\u00dfte Einschr\u00e4nkung von Weitwinkelkameras ist jedoch, dass sie nur in eine Richtung fotografieren k\u00f6nnen.<br \/>Die F\u00e4higkeit des Nutzers, die besten Bilder zu erhalten, h\u00e4ngt von seinen Flugk\u00fcnsten und den Man\u00f6vern ab, die er in Echtzeit ausf\u00fchren kann.<br \/>Das ist mit Insta360 Sphere nicht mehr der Fall. Beim Filmen in 5,7K 360 k\u00f6nnen Nutzer den Winkel und die Kamerarichtung in ihrem Video nachtr\u00e4glich anpassen.<br \/>Mit den einfachen Werkzeugen zur Neuausrichtung in der Insta360 App und im Studio Desktop kann jeder seine Luftaufnahmen in der Nachbearbeitung mit aufregenden Drehungen und Wendungen versehen und so FPV-\u00e4hnliche Aufnahmen mit einer leicht zu bedienenden Drohne erstellen.<br \/>Aufnahmen mit einer 360\u00b0-Kamera bieten au\u00dferdem die M\u00f6glichkeit, zus\u00e4tzlich zu den Weitwinkelaufnahmen der Drohne selbst mehrere Schnitte desselben Fluges zu machen.<br \/>Eine wirklich unsichtbare Drohne:<br \/>Viele Drohnenbenutzer sind es gewohnt, eine 360-Grad-Kamera \u00fcber oder unter ihrer Drohne zu montieren, um 360-Grad-Aufnahmen zu erhalten.<br \/>Da 360\u00b0-Kameras jedoch in alle Richtungen filmen, bedeutet dies, dass die H\u00e4lfte des Videos oft von der Drohne selbst verdeckt wird, was eine m\u00fchsame Nachbearbeitung oder eine kostenpflichtige Videobearbeitungssoftware erfordert, um sie zu entfernen.<br \/>Bei Insta360 Sphere sind die Objektive der Kamera genau auf beiden Seiten der Drohne angebracht, um sicherzustellen, dass die Drohne auf den Bildern nicht zu sehen ist.<br \/>Der patentierte dynamische Stitching-Algorithmus von Insta360 sorgt daf\u00fcr, dass die gesamte Drohne (einschlie\u00dflich der Propeller) automatisch verschwindet, so dass der Benutzer herrliche, ununterbrochene Aufnahmen erh\u00e4lt.<br \/>Sanfterer Flug, sanftere Sch\u00fcsse:<br \/>Eine hervorragende Bildstabilisierung ist entscheidend f\u00fcr beeindruckende Luftaufnahmen. Die von Insta360 entwickelte FlowState-Stabilisierungstechnologie wurde f\u00fcr die Insta360 Sphere weiterentwickelt, um bei allen Bedingungen superstabile Luftaufnahmen zu gew\u00e4hrleisten.<br \/>Perfekt kompatibel:<br \/>Die Kamera ist mit der Mavic Air 2\/2S kompatibel und wird mit einem ultra-sicheren Verriegelungsmechanismus an der Drohne befestigt. Sie hat keinen Einfluss auf die strukturelle Integrit\u00e4t der Drohne und st\u00f6rt weder das GPS-Signal noch das Fernsteuerungssystem.<br \/>Leistungsstarke AI-Bearbeitungssuite:<br \/>Sphere ist eine Fortsetzung der Mission von Insta360, Menschen dabei zu helfen, ihr Leben besser festzuhalten und zu teilen, und macht die branchenf\u00fchrende 360\u00b0-Rahmen- und Bearbeitungssoftware von Insta360 f\u00fcr eine gr\u00f6\u00dfere Anzahl von Kreativen zug\u00e4nglich.<br \/>Sphere-Benutzer k\u00f6nnen ihre Videos mit denselben KI-gesteuerten Funktionen wie bei der Insta360 ONE-Serie in der Insta360-App bearbeiten. Kreative Effekte wie Barrel Rolls und Dolly-Zooms sind so einfach wie ein Fingertipp.<\/p>","protected":false},"excerpt":{"rendered":"<ul>\n<li>Kompatibel mit DJI Mavic Air 2\/2S<\/li>\n<\/ul>","protected":false},"featured_media":5341,"template":"","meta":{"_acf_changed":false},"product_brand":[],"product_cat":[97,343],"product_tag":[],"class_list":{"0":"post-5346","1":"product","2":"type-product","3":"status-publish","4":"has-post-thumbnail","6":"product_cat-alle-producten","7":"product_cat-insta360","8":"product_shipping_class-outofstock","9":"pa_brand-insta360","10":"pa_productfamily-action-cam-accessoires","11":"pa_producttype-action-cam-accessoires","12":"pa_series-insta360-go","14":"first","15":"outofstock","16":"taxable","17":"shipping-taxable","18":"product-type-simple"},"acf":[],"yoast_head":"<!-- This site is optimized with the Yoast SEO Premium plugin v27.2 (Yoast SEO v27.2) - https:\/\/yoast.com\/product\/yoast-seo-premium-wordpress\/ -->\n<title>INSTA360 Sphere - koningdrone.be<\/title>\n<meta name=\"robots\" content=\"index, follow, max-snippet:-1, max-image-preview:large, max-video-preview:-1\" \/>\n<link rel=\"canonical\" href=\"https:\/\/koningdrone.be\/de\/produkt\/insta360-sphere\/\" \/>\n<meta property=\"og:locale\" content=\"de_DE\" \/>\n<meta property=\"og:type\" content=\"article\" \/>\n<meta property=\"og:title\" content=\"INSTA360 Sphere\" \/>\n<meta property=\"og:description\" content=\"ompatibel met DJI Mavic Air 2\/2S\" \/>\n<meta property=\"og:url\" content=\"https:\/\/koningdrone.be\/de\/produkt\/insta360-sphere\/\" \/>\n<meta property=\"og:site_name\" content=\"koningdrone.be\" \/>\n<meta property=\"article:modified_time\" content=\"2026-05-17T08:50:04+00:00\" \/>\n<meta property=\"og:image\" content=\"https:\/\/koningdrone.be\/wp-content\/uploads\/sites\/13\/2025\/04\/6970357853526-1.jpg\" \/>\n\t<meta property=\"og:image:width\" content=\"800\" \/>\n\t<meta property=\"og:image:height\" content=\"800\" \/>\n\t<meta property=\"og:image:type\" content=\"image\/jpeg\" \/>\n<meta name=\"twitter:card\" content=\"summary_large_image\" \/>\n<meta name=\"twitter:label1\" content=\"Gesch\u00e4tzte Lesezeit\" \/>\n\t<meta name=\"twitter:data1\" content=\"2\u00a0Minuten\" \/>\n<script type=\"application\/ld+json\" class=\"yoast-schema-graph\">{\"@context\":\"https:\/\/schema.org\",\"@graph\":[{\"@type\":\"WebPage\",\"@id\":\"https:\/\/koningdrone.be\/product\/insta360-sphere\/\",\"url\":\"https:\/\/koningdrone.be\/product\/insta360-sphere\/\",\"name\":\"INSTA360 Sphere - koningdrone.be\",\"isPartOf\":{\"@id\":\"https:\/\/koningdrone.be\/#website\"},\"primaryImageOfPage\":{\"@id\":\"https:\/\/koningdrone.be\/product\/insta360-sphere\/#primaryimage\"},\"image\":{\"@id\":\"https:\/\/koningdrone.be\/product\/insta360-sphere\/#primaryimage\"},\"thumbnailUrl\":\"https:\/\/koningdrone.be\/wp-content\/uploads\/sites\/13\/2025\/04\/6970357853526-1.jpg\",\"datePublished\":\"2022-11-02T08:14:06+00:00\",\"dateModified\":\"2026-05-17T08:50:04+00:00\",\"breadcrumb\":{\"@id\":\"https:\/\/koningdrone.be\/product\/insta360-sphere\/#breadcrumb\"},\"inLanguage\":\"de\",\"potentialAction\":[{\"@type\":\"ReadAction\",\"target\":[\"https:\/\/koningdrone.be\/product\/insta360-sphere\/\"]}]},{\"@type\":\"ImageObject\",\"inLanguage\":\"de\",\"@id\":\"https:\/\/koningdrone.be\/product\/insta360-sphere\/#primaryimage\",\"url\":\"https:\/\/koningdrone.be\/wp-content\/uploads\/sites\/13\/2025\/04\/6970357853526-1.jpg\",\"contentUrl\":\"https:\/\/koningdrone.be\/wp-content\/uploads\/sites\/13\/2025\/04\/6970357853526-1.jpg\",\"width\":800,\"height\":800},{\"@type\":\"BreadcrumbList\",\"@id\":\"https:\/\/koningdrone.be\/product\/insta360-sphere\/#breadcrumb\",\"itemListElement\":[{\"@type\":\"ListItem\",\"position\":1,\"name\":\"Home\",\"item\":\"https:\/\/koningdrone.be\/\"},{\"@type\":\"ListItem\",\"position\":2,\"name\":\"AVSS Parachute Recovery System for DJI Matrice 300\/350\",\"item\":\"https:\/\/koningdrone.be\/product\/avss-parachute-recovery-system-for-dji-matrice-300-350\/\"},{\"@type\":\"ListItem\",\"position\":3,\"name\":\"Alle producten\",\"item\":\"https:\/\/koningdrone.be\/categorie\/alle-producten\/\"},{\"@type\":\"ListItem\",\"position\":4,\"name\":\"INSTA360 Sphere\"}]},{\"@type\":\"WebSite\",\"@id\":\"https:\/\/koningdrone.be\/#website\",\"url\":\"https:\/\/koningdrone.be\/\",\"name\":\"Koningdrone.be - Uw online specialist in drones, gimbals, camera's en power stations.\",\"description\":\"De webshop in drones en gimbals\",\"publisher\":{\"@id\":\"https:\/\/koningdrone.be\/#organization\"},\"potentialAction\":[{\"@type\":\"SearchAction\",\"target\":{\"@type\":\"EntryPoint\",\"urlTemplate\":\"https:\/\/koningdrone.be\/?s={search_term_string}\"},\"query-input\":{\"@type\":\"PropertyValueSpecification\",\"valueRequired\":true,\"valueName\":\"search_term_string\"}}],\"inLanguage\":\"de\"},{\"@type\":\"Organization\",\"@id\":\"https:\/\/koningdrone.be\/#organization\",\"name\":\"Koningdrone.be\",\"url\":\"https:\/\/koningdrone.be\/\",\"logo\":{\"@type\":\"ImageObject\",\"inLanguage\":\"de\",\"@id\":\"https:\/\/koningdrone.be\/#\/schema\/logo\/image\/\",\"url\":\"https:\/\/koningdrone.be\/wp-content\/uploads\/sites\/13\/2025\/04\/koningdrone-copyright-logo.svg\",\"contentUrl\":\"https:\/\/koningdrone.be\/wp-content\/uploads\/sites\/13\/2025\/04\/koningdrone-copyright-logo.svg\",\"width\":227,\"height\":38,\"caption\":\"Koningdrone.be\"},\"image\":{\"@id\":\"https:\/\/koningdrone.be\/#\/schema\/logo\/image\/\"}}]}<\/script>\n<!-- \/ Yoast SEO Premium plugin. -->","yoast_head_json":{"title":"INSTA360 Sphere - koningdrone.be","robots":{"index":"index","follow":"follow","max-snippet":"max-snippet:-1","max-image-preview":"max-image-preview:large","max-video-preview":"max-video-preview:-1"},"canonical":"https:\/\/koningdrone.be\/de\/produkt\/insta360-sphere\/","og_locale":"de_DE","og_type":"article","og_title":"INSTA360 Sphere","og_description":"ompatibel met DJI Mavic Air 2\/2S","og_url":"https:\/\/koningdrone.be\/de\/produkt\/insta360-sphere\/","og_site_name":"koningdrone.be","article_modified_time":"2026-05-17T08:50:04+00:00","og_image":[{"width":800,"height":800,"url":"https:\/\/koningdrone.be\/wp-content\/uploads\/sites\/13\/2025\/04\/6970357853526-1.jpg","type":"image\/jpeg"}],"twitter_card":"summary_large_image","twitter_misc":{"Gesch\u00e4tzte Lesezeit":"2\u00a0Minuten"},"schema":{"@context":"https:\/\/schema.org","@graph":[{"@type":"WebPage","@id":"https:\/\/koningdrone.be\/product\/insta360-sphere\/","url":"https:\/\/koningdrone.be\/product\/insta360-sphere\/","name":"INSTA360 Sphere - koningdrone.be","isPartOf":{"@id":"https:\/\/koningdrone.be\/#website"},"primaryImageOfPage":{"@id":"https:\/\/koningdrone.be\/product\/insta360-sphere\/#primaryimage"},"image":{"@id":"https:\/\/koningdrone.be\/product\/insta360-sphere\/#primaryimage"},"thumbnailUrl":"https:\/\/koningdrone.be\/wp-content\/uploads\/sites\/13\/2025\/04\/6970357853526-1.jpg","datePublished":"2022-11-02T08:14:06+00:00","dateModified":"2026-05-17T08:50:04+00:00","breadcrumb":{"@id":"https:\/\/koningdrone.be\/product\/insta360-sphere\/#breadcrumb"},"inLanguage":"de","potentialAction":[{"@type":"ReadAction","target":["https:\/\/koningdrone.be\/product\/insta360-sphere\/"]}]},{"@type":"ImageObject","inLanguage":"de","@id":"https:\/\/koningdrone.be\/product\/insta360-sphere\/#primaryimage","url":"https:\/\/koningdrone.be\/wp-content\/uploads\/sites\/13\/2025\/04\/6970357853526-1.jpg","contentUrl":"https:\/\/koningdrone.be\/wp-content\/uploads\/sites\/13\/2025\/04\/6970357853526-1.jpg","width":800,"height":800},{"@type":"BreadcrumbList","@id":"https:\/\/koningdrone.be\/product\/insta360-sphere\/#breadcrumb","itemListElement":[{"@type":"ListItem","position":1,"name":"Home","item":"https:\/\/koningdrone.be\/"},{"@type":"ListItem","position":2,"name":"AVSS Parachute Recovery System for DJI Matrice 300\/350","item":"https:\/\/koningdrone.be\/product\/avss-parachute-recovery-system-for-dji-matrice-300-350\/"},{"@type":"ListItem","position":3,"name":"Alle producten","item":"https:\/\/koningdrone.be\/categorie\/alle-producten\/"},{"@type":"ListItem","position":4,"name":"INSTA360 Sphere"}]},{"@type":"WebSite","@id":"https:\/\/koningdrone.be\/#website","url":"https:\/\/koningdrone.be\/","name":"Koningdrone.be - Ihr Online-Spezialist f\u00fcr Drohnen, Gimbals, Kameras und Kraftwerke.","description":"Der Webshop f\u00fcr Drohnen und Gimbals","publisher":{"@id":"https:\/\/koningdrone.be\/#organization"},"potentialAction":[{"@type":"SearchAction","target":{"@type":"EntryPoint","urlTemplate":"https:\/\/koningdrone.be\/?s={search_term_string}"},"query-input":{"@type":"PropertyValueSpecification","valueRequired":true,"valueName":"search_term_string"}}],"inLanguage":"de"},{"@type":"Organization","@id":"https:\/\/koningdrone.be\/#organization","name":"Kingdrone.de","url":"https:\/\/koningdrone.be\/","logo":{"@type":"ImageObject","inLanguage":"de","@id":"https:\/\/koningdrone.be\/#\/schema\/logo\/image\/","url":"https:\/\/koningdrone.be\/wp-content\/uploads\/sites\/13\/2025\/04\/koningdrone-copyright-logo.svg","contentUrl":"https:\/\/koningdrone.be\/wp-content\/uploads\/sites\/13\/2025\/04\/koningdrone-copyright-logo.svg","width":227,"height":38,"caption":"Koningdrone.be"},"image":{"@id":"https:\/\/koningdrone.be\/#\/schema\/logo\/image\/"}}]}},"df_price":"","df_sale_price":"","df_regular_price":"","df_image_link":"https:\/\/koningdrone.be\/wp-content\/uploads\/sites\/13\/2025\/04\/6970357853526-1-300x300.jpg","_links":{"self":[{"href":"https:\/\/koningdrone.be\/de\/wp-json\/wp\/v2\/product\/5346","targetHints":{"allow":["GET"]}}],"collection":[{"href":"https:\/\/koningdrone.be\/de\/wp-json\/wp\/v2\/product"}],"about":[{"href":"https:\/\/koningdrone.be\/de\/wp-json\/wp\/v2\/types\/product"}],"wp:featuredmedia":[{"embeddable":true,"href":"https:\/\/koningdrone.be\/de\/wp-json\/wp\/v2\/media\/5341"}],"wp:attachment":[{"href":"https:\/\/koningdrone.be\/de\/wp-json\/wp\/v2\/media?parent=5346"}],"wp:term":[{"taxonomy":"product_brand","embeddable":true,"href":"https:\/\/koningdrone.be\/de\/wp-json\/wp\/v2\/product_brand?post=5346"},{"taxonomy":"product_cat","embeddable":true,"href":"https:\/\/koningdrone.be\/de\/wp-json\/wp\/v2\/product_cat?post=5346"},{"taxonomy":"product_tag","embeddable":true,"href":"https:\/\/koningdrone.be\/de\/wp-json\/wp\/v2\/product_tag?post=5346"}],"curies":[{"name":"wp","href":"https:\/\/api.w.org\/{rel}","templated":true}]}}