{"id":5310,"date":"2022-11-02T09:14:25","date_gmt":"2022-11-02T08:14:25","guid":{"rendered":"https:\/\/koningdrone.nl\/kon\/product\/parachute-zephyr-for-matrice-300-rtk-with-crash-detection\/"},"modified":"2026-04-29T09:30:29","modified_gmt":"2026-04-29T07:30:29","slug":"parachute-zephyr-for-matrice-300-rtk-with-crash-detection","status":"publish","type":"product","link":"https:\/\/koningdrone.be\/de\/produkt\/parachute-zephyr-for-matrice-300-rtk-with-crash-detection\/","title":{"rendered":"Parachute Zephyr f\u00fcr Matrice 300 RTK mit Crash-Erkennung"},"content":{"rendered":"<h1>Parachute Zephyr f\u00fcr Matrice 300 RTK mit Crash-Erkennung<\/h1>\n<p>Mit dem einfachen Fallschirm und dem Z\u00e9phyr M300 Circuit Breaker Kit f\u00fcr die DJI Matrice 300 RTK Drohne k\u00f6nnen Sie Ihre Fl\u00fcge absichern und die Fallgeschwindigkeit Ihrer Matrice 300 RTK im Falle einer St\u00f6rung verlangsamen, indem Sie einfach verlangen, dass die Motoren ausgeschaltet und der Fallschirm entfaltet wird. mit der speziellen Stand-Alone-Fernsteuerung.<br \/>\nSie haben die Wahl zwischen internen und externen Schutzschaltern. Die M\u00f6glichkeit, den Fallschirm einfach und schnell von der Drohne zu entfernen, insbesondere bei einem S2-Szenario.<br \/>\nDas leichteste Fallschirmsystem auf dem Markt: nur 450 g!<br \/>\nDie Grundausstattung des Fallschirms umfasst ein ultraschnelles CO2-Leinwand-Auswurfsystem und eine spezielle autonome Fernsteuerung mit 30 Stunden Autonomie (kann an den Smart Controller angeschlossen werden).<br \/>\nDer Fallschirm ist auch als DGAC S2 S3 zugelassener Bausatz mit einem internen (in der Werkstatt zu installierenden) oder externen (zwischen den Batterien und der Drohne zu platzierenden) Schutzschalter erh\u00e4ltlich. Jede Version des Schutzschalters verf\u00fcgt \u00fcber einen akustischen Alarm und unterst\u00fctzt die Stromversorgung und das Aufladen des Fallschirms, wenn die Drohne eingeschaltet ist.<br \/>\nDas leichteste Triebwerksabschaltsystem der Welt!<br \/>\nDas Fallschirmset + interner Schutzschalter ist die leichteste L\u00f6sung auf dem Markt, mit einem Gesamtgewicht von nur 455 g. Es erh\u00e4lt die Hauptnutzlastkapazit\u00e4t f\u00fcr den DJI M300 im Szenario S3: 1,25 kg verf\u00fcgbare Nutzlast! Im Szenario S2 erh\u00f6ht sich das maximal m\u00f6gliche Gewicht auf 2,25 kg.<br \/>\nBeachten Sie, dass die Flugzeit mit dem Z\u00e9phyr-Fallschirm bei gleicher Nutzlast l\u00e4nger ist als mit jedem anderen Fallschirmsystem.<br \/>\nDer interne Stromkreisunterbrecher wird von uns in der Werkstatt in die Drohne eingebaut. Der Vorgang ist reversibel, ver\u00e4ndert die Drohne nicht und stellt sicher, dass die DJI-Werksgarantie erhalten bleibt. Das Audio-Alarm-Modul wird an den USB-C-Anschluss unter der Drohne angeschlossen.<br \/>\nDer Leistungsschalter kann allein, ohne Fallschirm, verwendet werden, um die verf\u00fcgbare Nutzlast und Flugzeit f\u00fcr Szenario S2 zu erh\u00f6hen. Die Nutzlast des Matrice 300 im Szenario S2 erh\u00f6ht sich in dieser Konfiguration auf 2,7 kg!<br \/>\nUltraschnelle Systemkonfiguration<br \/>\nDer Fallschirm ist an den 4 oberen Gondeln der Drohne befestigt und kann in weniger als einer Minute demontiert werden. Eine optionale Halterung ist in unserem Shop erh\u00e4ltlich, um ihn unter der Drohne zu befestigen, wenn Sie den oberen Pod verwenden.<br \/>\nDer Bausatz mit den externen Schutzschaltern kann ebenfalls in Sekundenschnelle demontiert werden. Die Schutzschaltermodule werden einfach zwischen den Batterien und der Drohne eingesetzt. Sie enthalten sofort den akustischen Alarm. Ihr Gewicht betr\u00e4gt 200 g.<br \/>\nAlle Elemente des Kits k\u00f6nnen in dem von DJI mit der Drohne gelieferten Original Flight Case aufbewahrt werden.<br \/>\nDas schnellste, zuverl\u00e4ssigste und effizienteste CO2-System<br \/>\nDas CO2-Injektionssystem des Z\u00e9phyr-Fallschirms hat sich bew\u00e4hrt und wird seit mehr als 5 Jahren von den meisten franz\u00f6sischen Drohnenpiloten verwendet. Unz\u00e4hlige aufeinanderfolgende Tests und Verbesserungen haben dieses System auf ein Niveau der Zuverl\u00e4ssigkeit gebracht, das noch nie zuvor bei einem Drohnenfallschirm erreicht wurde.<br \/>\nUnter Druck stehendes Gas (60 bar!) wird im Bruchteil einer Sekunde freigesetzt, um das Fallschirmtuch aus seinem Beh\u00e4lter zu bef\u00f6rdern. Das \u00fcbersch\u00fcssige Gas (jede Kartusche enth\u00e4lt mehrere Dutzend Liter) wird verwendet, um die Entfaltung der T\u00fccher zu beschleunigen und den H\u00f6henverlust bei der Aktivierung des Fallschirms zu minimieren.<br \/>\nDas System kann innerhalb von Sekunden zur\u00fcckgesetzt werden. Die CO2-Patrone ist das einzige Verbrauchsmaterial, das nach der Implementierung des Systems ersetzt werden muss, und eine Patrone kostet nur ein paar Dollar.<br \/>\nBeim Fallschirmsystem Z\u00e9phyr M300 mit einer einzigen Kappe erm\u00f6glicht das CO2-Auswurfsystem das Auswerfen und \u00d6ffnen der Kappe in nur 1,2 s, was einem H\u00f6henverlust von 15 m bei einer anf\u00e4nglichen Fallgeschwindigkeit von etwa 6 m\/s entspricht.<br \/>\nDie leichteste, stabilste und effizienteste Fallschirmh\u00fclle f\u00fcr Drohnen<br \/>\nDie neuen PARA\u00b2-Gewebe, die in den Fallschirmsystemen von Z\u00e9phyr verwendet werden, sind das Ergebnis von 3 Jahren Entwicklung. Ihr innovatives, ultraleichtes Design und ihre einzigartige Konstruktion verleihen den PARA\u00b2-Geweben eine \u00fcberlegene Effizienz und Stabilit\u00e4t. Bei Einzelsegelsystemen wird das Sinken im Verh\u00e4ltnis zur Segeloberfl\u00e4che minimiert. Bei paarweiser Verwendung kommen sich die PARA\u00b2-Gewebe nicht gegenseitig in die Quere und optimieren das Gesamtsinken. Jeder Zephyr-Fallschirm ist so konstruiert, dass das Tuch bzw. die T\u00fccher die Drohne w\u00e4hrend des Falls so flach wie m\u00f6glich halten, um Sch\u00e4den beim Aufprall zu minimieren.<br \/>\nAuf dem Z\u00e9phyr M300-Einsegelfallschirmsystem betr\u00e4gt die Fallgeschwindigkeit f\u00fcr eine 8 kg schwere Masse nur 3,2 m\/s, d. h. eine Aufprallenergie von nur 41 J, was weit unter den in Frankreich zul\u00e4ssigen 69 J liegt.<br \/>\nEin verschl\u00fcsseltes Kommunikationssystem f\u00fcr gro\u00dfe Entfernungen<br \/>\nDas Langstrecken-Kommunikationssystem zwischen dem Funkger\u00e4t und dem Fallschirm basiert auf fortschrittlichen Technologien und LoRa-Modulation. Die Reichweite kann unter optimalen Bedingungen mehrere Kilometer betragen, mit einer Langstreckenoption sogar mehr als 10 km.<br \/>\nDas Kommunikationsprotokoll basiert auf 869-MHz-Frequenzen und ist genehmigungsfrei (433- und 915-MHz-Optionen m\u00f6glich). Die 128-Bit-Verschl\u00fcsselung stellt sicher, dass die Daten nicht abgefangen werden und dass der Nutzer im Falle eines Kommunikationsausfalls benachrichtigt wird.<br \/>\nN\u00fctzliche Funktionen f\u00fcr den Benutzer<br \/>\nDie Fallschirm-, Leistungsschalter- und Funksteuerungsmodule sind mit LEDs zur Statusanzeige und f\u00fcr erweiterte Funktionen ausgestattet.<br \/>\nDie LEDs zeigen die verbleibende Batterieladung beim Ein- und Ausschalten sowie den Batteriestand beim Laden an. Im Betrieb zeigen sie den momentanen Zustand des Systems an: korrekter Betrieb, Verlust der Funkverbindung, niedriger Akkustand usw.<br \/>\nKombiniert mit einem Stromkreisunterbrecher wird der Fallschirm automatisch eingeschaltet, wenn die Drohne eingeschaltet wird. Ohne Signal und wenn Sie vergessen, den Fallschirm oder die Funksteuerung auszuschalten, schalten sich die Module nach 10 Minuten automatisch ab.<br \/>\nEin in den Fallschirm und das Funkger\u00e4t integriertes Protokollierungssystem mit Zeitstempel. Es zeichnet die vom Benutzer durchgef\u00fchrten Ausl\u00f6sevorg\u00e4nge zu Diagnosezwecken auf.<br \/>\nViele Optionen. vor den Vorschriften!<br \/>\nDie mit den Z\u00e9phyr-Fallschirmen verf\u00fcgbaren Optionen erm\u00f6glichen es Ihnen, den franz\u00f6sischen und europ\u00e4ischen Vorschriften voraus zu sein.<br \/>\nAuf der Seite der Fernbedienung ist es m\u00f6glich, eine zweite redundante Ausl\u00f6setaste hinzuzuf\u00fcgen. Diese zweite Taste verhindert, dass eine einzelne Taste zur falschen Zeit gedr\u00fcckt wird und verdoppelt die Autonomie der Fernbedienung. Sicherheitskappen sch\u00fctzen die Tasten vor versehentlichem Dr\u00fccken. Ein Buzzer-Modul ist auf Anfrage erh\u00e4ltlich. Es erzeugt eine akustische Warnung, wenn die Verbindung zum Fallschirm unterbrochen wird. Mit einer Long-Range-Option kann die Funkreichweite bei Bedarf auf mehr als 10 km erweitert werden. Es ist auch m\u00f6glich, mehrere Funksteuerungen an einen Fallschirm oder mehrere Fallschirme an eine Funksteuerung anzuschlie\u00dfen.<br \/>\nDieses Modul wird mit den ASTM3322-Normen und k\u00fcnftigen europ\u00e4ischen Normen (Klassen C5 und C6 f\u00fcr die Szenarien STS-01 und STS-02) kompatibel sein.<\/p>","protected":false},"excerpt":{"rendered":"<p>Parachute Zephyr for Matrice 300 RTK with crash detection Met de eenvoudige parachute en Z\u00e9phyr M300 stroomonderbrekerset voor DJI Matrice 300 RTK drone kunt u uw vluchten beveiligen en de valsnelheid van uw Matrice 300 RTK vertragen in geval van problemen, simpelweg door te vragen dat de motoren worden uitgeschakeld en de parachute wordt ingezet. [&hellip;]<\/p>\n","protected":false},"featured_media":5307,"template":"","meta":{"_acf_changed":false},"product_brand":[],"product_cat":[292,97,152],"product_tag":[],"class_list":{"0":"post-5310","1":"product","2":"type-product","3":"status-publish","4":"has-post-thumbnail","6":"product_cat-alle-parachutes","7":"product_cat-alle-producten","8":"product_cat-dji-matrice-300","9":"product_shipping_class-outofstock","10":"pa_brand-zephyr","11":"pa_productfamily-parachute","12":"pa_producttype-parachute","13":"pa_series-matrice-300","15":"first","16":"outofstock","17":"taxable","18":"shipping-taxable","19":"product-type-simple"},"acf":[],"yoast_head":"<!-- This site is optimized with the Yoast SEO Premium plugin v27.2 (Yoast SEO v27.2) - https:\/\/yoast.com\/product\/yoast-seo-premium-wordpress\/ -->\n<title>Parachute Zephyr for Matrice 300 RTK with crash detection - koningdrone.be<\/title>\n<meta name=\"robots\" content=\"index, follow, max-snippet:-1, max-image-preview:large, max-video-preview:-1\" \/>\n<link rel=\"canonical\" href=\"https:\/\/koningdrone.be\/de\/produkt\/parachute-zephyr-for-matrice-300-rtk-with-crash-detection\/\" \/>\n<meta property=\"og:locale\" content=\"de_DE\" \/>\n<meta property=\"og:type\" content=\"article\" \/>\n<meta property=\"og:title\" content=\"Parachute Zephyr for Matrice 300 RTK with crash detection\" \/>\n<meta property=\"og:description\" content=\"Parachute Zephyr for Matrice 300 RTK with crash detection Met de eenvoudige parachute en Z\u00e9phyr M300 stroomonderbrekerset voor DJI Matrice 300 RTK drone kunt u uw vluchten beveiligen en de valsnelheid van uw Matrice 300 RTK vertragen in geval van problemen, simpelweg door te vragen dat de motoren worden uitgeschakeld en de parachute wordt ingezet. [&hellip;]\" \/>\n<meta property=\"og:url\" content=\"https:\/\/koningdrone.be\/de\/produkt\/parachute-zephyr-for-matrice-300-rtk-with-crash-detection\/\" \/>\n<meta property=\"og:site_name\" content=\"koningdrone.be\" \/>\n<meta property=\"article:modified_time\" content=\"2026-04-29T07:30:29+00:00\" \/>\n<meta property=\"og:image\" content=\"https:\/\/koningdrone.be\/wp-content\/uploads\/sites\/13\/2025\/04\/3770013280542-1.webp\" \/>\n\t<meta property=\"og:image:width\" content=\"800\" \/>\n\t<meta property=\"og:image:height\" content=\"800\" \/>\n\t<meta property=\"og:image:type\" content=\"image\/webp\" \/>\n<meta name=\"twitter:card\" content=\"summary_large_image\" \/>\n<meta name=\"twitter:label1\" content=\"Gesch\u00e4tzte Lesezeit\" \/>\n\t<meta name=\"twitter:data1\" content=\"5\u00a0Minuten\" \/>\n<script type=\"application\/ld+json\" class=\"yoast-schema-graph\">{\"@context\":\"https:\/\/schema.org\",\"@graph\":[{\"@type\":\"WebPage\",\"@id\":\"https:\/\/koningdrone.be\/product\/parachute-zephyr-for-matrice-300-rtk-with-crash-detection\/\",\"url\":\"https:\/\/koningdrone.be\/product\/parachute-zephyr-for-matrice-300-rtk-with-crash-detection\/\",\"name\":\"Parachute Zephyr for Matrice 300 RTK with crash detection - koningdrone.be\",\"isPartOf\":{\"@id\":\"https:\/\/koningdrone.be\/#website\"},\"primaryImageOfPage\":{\"@id\":\"https:\/\/koningdrone.be\/product\/parachute-zephyr-for-matrice-300-rtk-with-crash-detection\/#primaryimage\"},\"image\":{\"@id\":\"https:\/\/koningdrone.be\/product\/parachute-zephyr-for-matrice-300-rtk-with-crash-detection\/#primaryimage\"},\"thumbnailUrl\":\"https:\/\/koningdrone.be\/wp-content\/uploads\/sites\/13\/2025\/04\/3770013280542-1.webp\",\"datePublished\":\"2022-11-02T08:14:25+00:00\",\"dateModified\":\"2026-04-29T07:30:29+00:00\",\"breadcrumb\":{\"@id\":\"https:\/\/koningdrone.be\/product\/parachute-zephyr-for-matrice-300-rtk-with-crash-detection\/#breadcrumb\"},\"inLanguage\":\"de\",\"potentialAction\":[{\"@type\":\"ReadAction\",\"target\":[\"https:\/\/koningdrone.be\/product\/parachute-zephyr-for-matrice-300-rtk-with-crash-detection\/\"]}]},{\"@type\":\"ImageObject\",\"inLanguage\":\"de\",\"@id\":\"https:\/\/koningdrone.be\/product\/parachute-zephyr-for-matrice-300-rtk-with-crash-detection\/#primaryimage\",\"url\":\"https:\/\/koningdrone.be\/wp-content\/uploads\/sites\/13\/2025\/04\/3770013280542-1.webp\",\"contentUrl\":\"https:\/\/koningdrone.be\/wp-content\/uploads\/sites\/13\/2025\/04\/3770013280542-1.webp\",\"width\":800,\"height\":800},{\"@type\":\"BreadcrumbList\",\"@id\":\"https:\/\/koningdrone.be\/product\/parachute-zephyr-for-matrice-300-rtk-with-crash-detection\/#breadcrumb\",\"itemListElement\":[{\"@type\":\"ListItem\",\"position\":1,\"name\":\"Home\",\"item\":\"https:\/\/koningdrone.be\/\"},{\"@type\":\"ListItem\",\"position\":2,\"name\":\"AVSS Parachute Recovery System for DJI Matrice 300\/350\",\"item\":\"https:\/\/koningdrone.be\/product\/avss-parachute-recovery-system-for-dji-matrice-300-350\/\"},{\"@type\":\"ListItem\",\"position\":3,\"name\":\"Alle parachutes\",\"item\":\"https:\/\/koningdrone.be\/categorie\/alle-parachutes\/\"},{\"@type\":\"ListItem\",\"position\":4,\"name\":\"Parachute Zephyr for Matrice 300 RTK with crash detection\"}]},{\"@type\":\"WebSite\",\"@id\":\"https:\/\/koningdrone.be\/#website\",\"url\":\"https:\/\/koningdrone.be\/\",\"name\":\"Koningdrone.be - Uw online specialist in drones, gimbals, camera's en power stations.\",\"description\":\"De webshop in drones en gimbals\",\"publisher\":{\"@id\":\"https:\/\/koningdrone.be\/#organization\"},\"potentialAction\":[{\"@type\":\"SearchAction\",\"target\":{\"@type\":\"EntryPoint\",\"urlTemplate\":\"https:\/\/koningdrone.be\/?s={search_term_string}\"},\"query-input\":{\"@type\":\"PropertyValueSpecification\",\"valueRequired\":true,\"valueName\":\"search_term_string\"}}],\"inLanguage\":\"de\"},{\"@type\":\"Organization\",\"@id\":\"https:\/\/koningdrone.be\/#organization\",\"name\":\"Koningdrone.be\",\"url\":\"https:\/\/koningdrone.be\/\",\"logo\":{\"@type\":\"ImageObject\",\"inLanguage\":\"de\",\"@id\":\"https:\/\/koningdrone.be\/#\/schema\/logo\/image\/\",\"url\":\"https:\/\/koningdrone.be\/wp-content\/uploads\/sites\/13\/2025\/04\/koningdrone-copyright-logo.svg\",\"contentUrl\":\"https:\/\/koningdrone.be\/wp-content\/uploads\/sites\/13\/2025\/04\/koningdrone-copyright-logo.svg\",\"width\":227,\"height\":38,\"caption\":\"Koningdrone.be\"},\"image\":{\"@id\":\"https:\/\/koningdrone.be\/#\/schema\/logo\/image\/\"}}]}<\/script>\n<!-- \/ Yoast SEO Premium plugin. -->","yoast_head_json":{"title":"Parachute Zephyr for Matrice 300 RTK with crash detection - koningdrone.be","robots":{"index":"index","follow":"follow","max-snippet":"max-snippet:-1","max-image-preview":"max-image-preview:large","max-video-preview":"max-video-preview:-1"},"canonical":"https:\/\/koningdrone.be\/de\/produkt\/parachute-zephyr-for-matrice-300-rtk-with-crash-detection\/","og_locale":"de_DE","og_type":"article","og_title":"Parachute Zephyr for Matrice 300 RTK with crash detection","og_description":"Parachute Zephyr for Matrice 300 RTK with crash detection Met de eenvoudige parachute en Z\u00e9phyr M300 stroomonderbrekerset voor DJI Matrice 300 RTK drone kunt u uw vluchten beveiligen en de valsnelheid van uw Matrice 300 RTK vertragen in geval van problemen, simpelweg door te vragen dat de motoren worden uitgeschakeld en de parachute wordt ingezet. [&hellip;]","og_url":"https:\/\/koningdrone.be\/de\/produkt\/parachute-zephyr-for-matrice-300-rtk-with-crash-detection\/","og_site_name":"koningdrone.be","article_modified_time":"2026-04-29T07:30:29+00:00","og_image":[{"width":800,"height":800,"url":"https:\/\/koningdrone.be\/wp-content\/uploads\/sites\/13\/2025\/04\/3770013280542-1.webp","type":"image\/webp"}],"twitter_card":"summary_large_image","twitter_misc":{"Gesch\u00e4tzte Lesezeit":"5\u00a0Minuten"},"schema":{"@context":"https:\/\/schema.org","@graph":[{"@type":"WebPage","@id":"https:\/\/koningdrone.be\/product\/parachute-zephyr-for-matrice-300-rtk-with-crash-detection\/","url":"https:\/\/koningdrone.be\/product\/parachute-zephyr-for-matrice-300-rtk-with-crash-detection\/","name":"Parachute Zephyr for Matrice 300 RTK with crash detection - koningdrone.be","isPartOf":{"@id":"https:\/\/koningdrone.be\/#website"},"primaryImageOfPage":{"@id":"https:\/\/koningdrone.be\/product\/parachute-zephyr-for-matrice-300-rtk-with-crash-detection\/#primaryimage"},"image":{"@id":"https:\/\/koningdrone.be\/product\/parachute-zephyr-for-matrice-300-rtk-with-crash-detection\/#primaryimage"},"thumbnailUrl":"https:\/\/koningdrone.be\/wp-content\/uploads\/sites\/13\/2025\/04\/3770013280542-1.webp","datePublished":"2022-11-02T08:14:25+00:00","dateModified":"2026-04-29T07:30:29+00:00","breadcrumb":{"@id":"https:\/\/koningdrone.be\/product\/parachute-zephyr-for-matrice-300-rtk-with-crash-detection\/#breadcrumb"},"inLanguage":"de","potentialAction":[{"@type":"ReadAction","target":["https:\/\/koningdrone.be\/product\/parachute-zephyr-for-matrice-300-rtk-with-crash-detection\/"]}]},{"@type":"ImageObject","inLanguage":"de","@id":"https:\/\/koningdrone.be\/product\/parachute-zephyr-for-matrice-300-rtk-with-crash-detection\/#primaryimage","url":"https:\/\/koningdrone.be\/wp-content\/uploads\/sites\/13\/2025\/04\/3770013280542-1.webp","contentUrl":"https:\/\/koningdrone.be\/wp-content\/uploads\/sites\/13\/2025\/04\/3770013280542-1.webp","width":800,"height":800},{"@type":"BreadcrumbList","@id":"https:\/\/koningdrone.be\/product\/parachute-zephyr-for-matrice-300-rtk-with-crash-detection\/#breadcrumb","itemListElement":[{"@type":"ListItem","position":1,"name":"Home","item":"https:\/\/koningdrone.be\/"},{"@type":"ListItem","position":2,"name":"AVSS Parachute Recovery System for DJI Matrice 300\/350","item":"https:\/\/koningdrone.be\/product\/avss-parachute-recovery-system-for-dji-matrice-300-350\/"},{"@type":"ListItem","position":3,"name":"Alle parachutes","item":"https:\/\/koningdrone.be\/categorie\/alle-parachutes\/"},{"@type":"ListItem","position":4,"name":"Parachute Zephyr for Matrice 300 RTK with crash detection"}]},{"@type":"WebSite","@id":"https:\/\/koningdrone.be\/#website","url":"https:\/\/koningdrone.be\/","name":"Koningdrone.be - Ihr Online-Spezialist f\u00fcr Drohnen, Gimbals, Kameras und Kraftwerke.","description":"Der Webshop f\u00fcr Drohnen und Gimbals","publisher":{"@id":"https:\/\/koningdrone.be\/#organization"},"potentialAction":[{"@type":"SearchAction","target":{"@type":"EntryPoint","urlTemplate":"https:\/\/koningdrone.be\/?s={search_term_string}"},"query-input":{"@type":"PropertyValueSpecification","valueRequired":true,"valueName":"search_term_string"}}],"inLanguage":"de"},{"@type":"Organization","@id":"https:\/\/koningdrone.be\/#organization","name":"Kingdrone.de","url":"https:\/\/koningdrone.be\/","logo":{"@type":"ImageObject","inLanguage":"de","@id":"https:\/\/koningdrone.be\/#\/schema\/logo\/image\/","url":"https:\/\/koningdrone.be\/wp-content\/uploads\/sites\/13\/2025\/04\/koningdrone-copyright-logo.svg","contentUrl":"https:\/\/koningdrone.be\/wp-content\/uploads\/sites\/13\/2025\/04\/koningdrone-copyright-logo.svg","width":227,"height":38,"caption":"Koningdrone.be"},"image":{"@id":"https:\/\/koningdrone.be\/#\/schema\/logo\/image\/"}}]}},"df_price":"","df_sale_price":"","df_regular_price":"","df_image_link":"https:\/\/koningdrone.be\/wp-content\/uploads\/sites\/13\/2025\/04\/3770013280542-1-300x300.webp","_links":{"self":[{"href":"https:\/\/koningdrone.be\/de\/wp-json\/wp\/v2\/product\/5310","targetHints":{"allow":["GET"]}}],"collection":[{"href":"https:\/\/koningdrone.be\/de\/wp-json\/wp\/v2\/product"}],"about":[{"href":"https:\/\/koningdrone.be\/de\/wp-json\/wp\/v2\/types\/product"}],"wp:featuredmedia":[{"embeddable":true,"href":"https:\/\/koningdrone.be\/de\/wp-json\/wp\/v2\/media\/5307"}],"wp:attachment":[{"href":"https:\/\/koningdrone.be\/de\/wp-json\/wp\/v2\/media?parent=5310"}],"wp:term":[{"taxonomy":"product_brand","embeddable":true,"href":"https:\/\/koningdrone.be\/de\/wp-json\/wp\/v2\/product_brand?post=5310"},{"taxonomy":"product_cat","embeddable":true,"href":"https:\/\/koningdrone.be\/de\/wp-json\/wp\/v2\/product_cat?post=5310"},{"taxonomy":"product_tag","embeddable":true,"href":"https:\/\/koningdrone.be\/de\/wp-json\/wp\/v2\/product_tag?post=5310"}],"curies":[{"name":"wp","href":"https:\/\/api.w.org\/{rel}","templated":true}]}}