{"id":5306,"date":"2022-11-02T09:14:25","date_gmt":"2022-11-02T08:14:25","guid":{"rendered":"https:\/\/koningdrone.nl\/kon\/product\/double-canvas-parachute-zephyr-for-matrice-300-rtk\/"},"modified":"2026-04-29T09:30:31","modified_gmt":"2026-04-29T07:30:31","slug":"double-canvas-parachute-zephyr-for-matrice-300-rtk","status":"publish","type":"product","link":"https:\/\/koningdrone.be\/de\/produkt\/double-canvas-parachute-zephyr-for-matrice-300-rtk\/","title":{"rendered":"Doppelter Leinenfallschirm Zephyr f\u00fcr Matrice 300 RTK"},"content":{"rendered":"<h1>Doppelter Leinenfallschirm Zephyr f\u00fcr Matrice 300 RTK<\/h1>\n<p>Mit dem Z\u00e9phyr M300 Doppel-Fallschirm- und Sicherungsset f\u00fcr die DJI Matrice 300 RTK-Drohne k\u00f6nnen Sie Ihre Fl\u00fcge sichern und die Fallgeschwindigkeit Ihrer Matrice 300 RTK im Falle eines Problems verlangsamen, indem Sie einfach die Motoren abschalten und den Fallschirm mit der dedizierten Standalone-Fernsteuerung entfalten.<br \/>\nDas zuverl\u00e4ssigste Fallschirmsystem auf dem Markt: 100% redundant!<br \/>\nDie Grundausstattung des Fallschirms umfasst ein ultraschnelles duales CO2-Leinwand-Auswurfsystem und eine spezielle autonome Fernsteuerung mit 30 Stunden Autonomie, die an den Smart Controller angeschlossen werden kann.<br \/>\nDer Fallschirm ist auch als DGAC S2 S3 zugelassener Bausatz mit einem internen (in der Werkstatt zu installierenden) oder externen (zwischen den Batterien und der Drohne zu platzierenden) Schutzschalter erh\u00e4ltlich. Jede Version des Schutzschalters verf\u00fcgt \u00fcber einen akustischen Alarm und unterst\u00fctzt die Stromversorgung und das Aufladen des Fallschirms, wenn die Drohne eingeschaltet ist.<br \/>\nDas zuverl\u00e4ssigste Fallschirmsystem der Welt mit Motorabschaltung<br \/>\nDer doppelte Fallschirm aus Segeltuch + Bausatz f\u00fcr einen externen Schutzschalter ist die zuverl\u00e4ssigste verf\u00fcgbare L\u00f6sung mit einem Gewicht von 760 g. Ausgestattet mit PARA\u00b2 Segeltuch, ist das System vollst\u00e4ndig redundant! Im Falle eines Ausfalls erm\u00f6glicht die Entfaltung nur einer der Planen die Aufrechterhaltung der Fallgeschwindigkeit unter dem Balken von 4,15 m\/s bei einem Gewicht von 8 kg und begrenzt die Energie beim Aufprall auf nur 46 J.<br \/>\nExterne Stromkreisunterbrecher sind ebenfalls redundant. Im Falle eines Batterieausfalls kann ein Modul die gesamte Energie sammeln, die ben\u00f6tigt wird, um die Drohne in der Luft zu halten, w\u00e4hrend sie in einem Notfall landen muss. Der Stromkreisunterbrecher kann allein, ohne Fallschirm, verwendet werden, um die verf\u00fcgbare Last und die Flugzeit f\u00fcr Szenario S2 zu erh\u00f6hen.<br \/>\nUltraschnelle Systemkonfiguration<br \/>\nDer Fallschirm ist an den Fu\u00dfrasten der Drohne befestigt und kann in weniger als einer Minute demontiert werden. Der Bausatz mit den externen Schutzschaltern kann ebenfalls in Sekundenschnelle demontiert werden. Die Stromunterbrechermodule werden einfach zwischen den Batterien und der Drohne eingesetzt. Sie enthalten sofort den akustischen Alarm. Ihr Gewicht betr\u00e4gt 200 g.<br \/>\nAlle Elemente des Kits k\u00f6nnen in dem von DJI mit der Drohne gelieferten Original Flight Case aufbewahrt werden.<br \/>\nDas schnellste, zuverl\u00e4ssigste und effizienteste CO2-System<br \/>\nDas CO2-Injektionssystem des Z\u00e9phyr-Fallschirms hat sich bew\u00e4hrt und wird seit mehr als 5 Jahren von den meisten franz\u00f6sischen Drohnenpiloten verwendet. Unz\u00e4hlige aufeinanderfolgende Tests und Verbesserungen haben dieses System auf ein Niveau der Zuverl\u00e4ssigkeit gebracht, das noch nie zuvor bei einem Drohnenfallschirm erreicht wurde.<br \/>\nUnter Druck stehendes Gas (60 bar!) wird im Bruchteil einer Sekunde freigesetzt, um das Fallschirmtuch aus seinem Beh\u00e4lter zu bef\u00f6rdern. Das \u00fcbersch\u00fcssige Gas (jede Kartusche enth\u00e4lt mehrere Dutzend Liter) wird verwendet, um die Entfaltung der T\u00fccher zu beschleunigen und den H\u00f6henverlust bei der Aktivierung des Fallschirms zu minimieren.<br \/>\nDas System kann innerhalb von Sekunden zur\u00fcckgesetzt werden. Die CO2-Patrone ist das einzige Verbrauchsmaterial, das nach der Implementierung des Systems ersetzt werden muss, und eine Patrone kostet nur ein paar Dollar.<br \/>\nBeim Fallschirmsystem Z\u00e9phyr M300 mit doppelter Plane erm\u00f6glicht das CO2-Ausl\u00f6sesystem das Auswerfen und \u00d6ffnen der Kappen in nur 0,83 s, was einem H\u00f6henverlust von 10 m bei einer anf\u00e4nglichen Fallgeschwindigkeit von etwa 6 m\/s entspricht.<br \/>\nDie leichteste, stabilste und effizienteste Fallschirmh\u00fclle f\u00fcr Drohnen<br \/>\nDer neue PARA\u00b2-Stoff, der in den Fallschirmsystemen von Z\u00e9phyr verwendet wird, ist das Ergebnis einer 3-j\u00e4hrigen Entwicklungsarbeit. Seine innovative, ultraleichte Konstruktion und sein einzigartiges Design verleihen dem PARA\u00b2-Stoff eine \u00fcberlegene Effizienz und Stabilit\u00e4t. Bei Einzelsegelsystemen wird die Sinkgeschwindigkeit im Verh\u00e4ltnis zur Segeloberfl\u00e4che minimiert. Bei paarweiser Verwendung beeintr\u00e4chtigen sich die PARA\u00b2-Leinw\u00e4nde nicht gegenseitig und optimieren die Gesamtfallrate. Jeder Zephyr-Fallschirm ist so konstruiert, dass das bzw. die Segeltuch(e) die Drohne w\u00e4hrend des Abwurfs so flach wie m\u00f6glich halten, um Sch\u00e4den beim Aufprall zu minimieren.<br \/>\nBeim Z\u00e9phyr M300 Doppelsegelfallschirmsystem betr\u00e4gt die Fallgeschwindigkeit f\u00fcr eine 8 kg schwere Masse nur 3,35 m\/s, d. h. eine Aufprallenergie von nur 46 J, was weit unter den in Frankreich zul\u00e4ssigen 69 J liegt.<br \/>\nEin verschl\u00fcsseltes Kommunikationssystem f\u00fcr gro\u00dfe Entfernungen<br \/>\nDas Langstrecken-Kommunikationssystem zwischen dem Funkger\u00e4t und dem Fallschirm basiert auf fortschrittlichen Technologien und der Lora-Modulation. Die Reichweite kann unter optimalen Bedingungen mehrere Kilometer betragen, mit der Langstreckenoption sogar \u00fcber 10 km.<br \/>\nDas Kommunikationsprotokoll basiert auf 869-MHz-Frequenzen und ist genehmigungsfrei (433- und 915-MHz-Optionen m\u00f6glich). Die 128-Bit-Verschl\u00fcsselung stellt sicher, dass die Daten nicht abgefangen werden und dass der Nutzer im Falle eines Kommunikationsausfalls benachrichtigt wird.<br \/>\nN\u00fctzliche Funktionen f\u00fcr den Benutzer<br \/>\nDie Fallschirm-, Leistungsschalter- und Funksteuerungsmodule sind mit LEDs zur Statusanzeige und f\u00fcr erweiterte Funktionen ausgestattet.<br \/>\nDie LEDs zeigen die verbleibende Batterieladung beim Ein- und Ausschalten und den Batteriestand beim Laden an. Im Betrieb zeigen sie den momentanen Zustand des Systems an: korrekter Betrieb, Verlust der Funkverbindung, niedriger Akkustand usw.<br \/>\nKombiniert mit einem Stromkreisunterbrecher wird der Fallschirm automatisch eingeschaltet, wenn die Drohne eingeschaltet wird. Ohne Signal und wenn Sie vergessen, den Fallschirm oder die Funksteuerung auszuschalten, schalten sich die Module nach 10 Minuten automatisch ab.<br \/>\nEin in den Fallschirm und das Funkger\u00e4t integriertes Protokollierungssystem mit Zeitstempel. Es zeichnet die vom Benutzer durchgef\u00fchrten Ausl\u00f6sevorg\u00e4nge zu Diagnosezwecken auf.<\/p>","protected":false},"excerpt":{"rendered":"<p>Double canvas parachute Zephyr for Matrice 300 RTK Met de Z\u00e9phyr M300 dubbele parachute en stroomonderbrekerset voor DJI Matrice 300 RTK drone kunt u uw vluchten beveiligen en de valsnelheid van uw Matrice 300 RTK vertragen in geval van problemen, simpelweg door te vragen om de motoren uit te schakelen en de parachute in te [&hellip;]<\/p>\n","protected":false},"featured_media":5303,"template":"","meta":{"_acf_changed":false},"product_brand":[],"product_cat":[292,97,152],"product_tag":[],"class_list":{"0":"post-5306","1":"product","2":"type-product","3":"status-publish","4":"has-post-thumbnail","6":"product_cat-alle-parachutes","7":"product_cat-alle-producten","8":"product_cat-dji-matrice-300","9":"product_shipping_class-outofstock","10":"pa_brand-zephyr","11":"pa_productfamily-parachute","12":"pa_producttype-parachute","13":"pa_series-matrice-300","15":"first","16":"outofstock","17":"taxable","18":"shipping-taxable","19":"product-type-simple"},"acf":[],"yoast_head":"<!-- This site is optimized with the Yoast SEO Premium plugin v27.2 (Yoast SEO v27.2) - https:\/\/yoast.com\/product\/yoast-seo-premium-wordpress\/ -->\n<title>Double canvas parachute Zephyr for Matrice 300 RTK - koningdrone.be<\/title>\n<meta name=\"robots\" content=\"index, follow, max-snippet:-1, max-image-preview:large, max-video-preview:-1\" \/>\n<link rel=\"canonical\" href=\"https:\/\/koningdrone.be\/de\/produkt\/double-canvas-parachute-zephyr-for-matrice-300-rtk\/\" \/>\n<meta property=\"og:locale\" content=\"de_DE\" \/>\n<meta property=\"og:type\" content=\"article\" \/>\n<meta property=\"og:title\" content=\"Double canvas parachute Zephyr for Matrice 300 RTK\" \/>\n<meta property=\"og:description\" content=\"Double canvas parachute Zephyr for Matrice 300 RTK Met de Z\u00e9phyr M300 dubbele parachute en stroomonderbrekerset voor DJI Matrice 300 RTK drone kunt u uw vluchten beveiligen en de valsnelheid van uw Matrice 300 RTK vertragen in geval van problemen, simpelweg door te vragen om de motoren uit te schakelen en de parachute in te [&hellip;]\" \/>\n<meta property=\"og:url\" content=\"https:\/\/koningdrone.be\/de\/produkt\/double-canvas-parachute-zephyr-for-matrice-300-rtk\/\" \/>\n<meta property=\"og:site_name\" content=\"koningdrone.be\" \/>\n<meta property=\"article:modified_time\" content=\"2026-04-29T07:30:31+00:00\" \/>\n<meta property=\"og:image\" content=\"https:\/\/koningdrone.be\/wp-content\/uploads\/sites\/13\/2025\/04\/3770013280504-1.jpg\" \/>\n\t<meta property=\"og:image:width\" content=\"800\" \/>\n\t<meta property=\"og:image:height\" content=\"800\" \/>\n\t<meta property=\"og:image:type\" content=\"image\/jpeg\" \/>\n<meta name=\"twitter:card\" content=\"summary_large_image\" \/>\n<meta name=\"twitter:label1\" content=\"Gesch\u00e4tzte Lesezeit\" \/>\n\t<meta name=\"twitter:data1\" content=\"4\u00a0Minuten\" \/>\n<script type=\"application\/ld+json\" class=\"yoast-schema-graph\">{\"@context\":\"https:\/\/schema.org\",\"@graph\":[{\"@type\":\"WebPage\",\"@id\":\"https:\/\/koningdrone.be\/product\/double-canvas-parachute-zephyr-for-matrice-300-rtk\/\",\"url\":\"https:\/\/koningdrone.be\/product\/double-canvas-parachute-zephyr-for-matrice-300-rtk\/\",\"name\":\"Double canvas parachute Zephyr for Matrice 300 RTK - koningdrone.be\",\"isPartOf\":{\"@id\":\"https:\/\/koningdrone.be\/#website\"},\"primaryImageOfPage\":{\"@id\":\"https:\/\/koningdrone.be\/product\/double-canvas-parachute-zephyr-for-matrice-300-rtk\/#primaryimage\"},\"image\":{\"@id\":\"https:\/\/koningdrone.be\/product\/double-canvas-parachute-zephyr-for-matrice-300-rtk\/#primaryimage\"},\"thumbnailUrl\":\"https:\/\/koningdrone.be\/wp-content\/uploads\/sites\/13\/2025\/04\/3770013280504-1.jpg\",\"datePublished\":\"2022-11-02T08:14:25+00:00\",\"dateModified\":\"2026-04-29T07:30:31+00:00\",\"breadcrumb\":{\"@id\":\"https:\/\/koningdrone.be\/product\/double-canvas-parachute-zephyr-for-matrice-300-rtk\/#breadcrumb\"},\"inLanguage\":\"de\",\"potentialAction\":[{\"@type\":\"ReadAction\",\"target\":[\"https:\/\/koningdrone.be\/product\/double-canvas-parachute-zephyr-for-matrice-300-rtk\/\"]}]},{\"@type\":\"ImageObject\",\"inLanguage\":\"de\",\"@id\":\"https:\/\/koningdrone.be\/product\/double-canvas-parachute-zephyr-for-matrice-300-rtk\/#primaryimage\",\"url\":\"https:\/\/koningdrone.be\/wp-content\/uploads\/sites\/13\/2025\/04\/3770013280504-1.jpg\",\"contentUrl\":\"https:\/\/koningdrone.be\/wp-content\/uploads\/sites\/13\/2025\/04\/3770013280504-1.jpg\",\"width\":800,\"height\":800},{\"@type\":\"BreadcrumbList\",\"@id\":\"https:\/\/koningdrone.be\/product\/double-canvas-parachute-zephyr-for-matrice-300-rtk\/#breadcrumb\",\"itemListElement\":[{\"@type\":\"ListItem\",\"position\":1,\"name\":\"Home\",\"item\":\"https:\/\/koningdrone.be\/\"},{\"@type\":\"ListItem\",\"position\":2,\"name\":\"AVSS Parachute Recovery System for DJI Matrice 300\/350\",\"item\":\"https:\/\/koningdrone.be\/product\/avss-parachute-recovery-system-for-dji-matrice-300-350\/\"},{\"@type\":\"ListItem\",\"position\":3,\"name\":\"Alle parachutes\",\"item\":\"https:\/\/koningdrone.be\/categorie\/alle-parachutes\/\"},{\"@type\":\"ListItem\",\"position\":4,\"name\":\"Double canvas parachute Zephyr for Matrice 300 RTK\"}]},{\"@type\":\"WebSite\",\"@id\":\"https:\/\/koningdrone.be\/#website\",\"url\":\"https:\/\/koningdrone.be\/\",\"name\":\"Koningdrone.be - Uw online specialist in drones, gimbals, camera's en power stations.\",\"description\":\"De webshop in drones en gimbals\",\"publisher\":{\"@id\":\"https:\/\/koningdrone.be\/#organization\"},\"potentialAction\":[{\"@type\":\"SearchAction\",\"target\":{\"@type\":\"EntryPoint\",\"urlTemplate\":\"https:\/\/koningdrone.be\/?s={search_term_string}\"},\"query-input\":{\"@type\":\"PropertyValueSpecification\",\"valueRequired\":true,\"valueName\":\"search_term_string\"}}],\"inLanguage\":\"de\"},{\"@type\":\"Organization\",\"@id\":\"https:\/\/koningdrone.be\/#organization\",\"name\":\"Koningdrone.be\",\"url\":\"https:\/\/koningdrone.be\/\",\"logo\":{\"@type\":\"ImageObject\",\"inLanguage\":\"de\",\"@id\":\"https:\/\/koningdrone.be\/#\/schema\/logo\/image\/\",\"url\":\"https:\/\/koningdrone.be\/wp-content\/uploads\/sites\/13\/2025\/04\/koningdrone-copyright-logo.svg\",\"contentUrl\":\"https:\/\/koningdrone.be\/wp-content\/uploads\/sites\/13\/2025\/04\/koningdrone-copyright-logo.svg\",\"width\":227,\"height\":38,\"caption\":\"Koningdrone.be\"},\"image\":{\"@id\":\"https:\/\/koningdrone.be\/#\/schema\/logo\/image\/\"}}]}<\/script>\n<!-- \/ Yoast SEO Premium plugin. -->","yoast_head_json":{"title":"Double canvas parachute Zephyr for Matrice 300 RTK - koningdrone.be","robots":{"index":"index","follow":"follow","max-snippet":"max-snippet:-1","max-image-preview":"max-image-preview:large","max-video-preview":"max-video-preview:-1"},"canonical":"https:\/\/koningdrone.be\/de\/produkt\/double-canvas-parachute-zephyr-for-matrice-300-rtk\/","og_locale":"de_DE","og_type":"article","og_title":"Double canvas parachute Zephyr for Matrice 300 RTK","og_description":"Double canvas parachute Zephyr for Matrice 300 RTK Met de Z\u00e9phyr M300 dubbele parachute en stroomonderbrekerset voor DJI Matrice 300 RTK drone kunt u uw vluchten beveiligen en de valsnelheid van uw Matrice 300 RTK vertragen in geval van problemen, simpelweg door te vragen om de motoren uit te schakelen en de parachute in te [&hellip;]","og_url":"https:\/\/koningdrone.be\/de\/produkt\/double-canvas-parachute-zephyr-for-matrice-300-rtk\/","og_site_name":"koningdrone.be","article_modified_time":"2026-04-29T07:30:31+00:00","og_image":[{"width":800,"height":800,"url":"https:\/\/koningdrone.be\/wp-content\/uploads\/sites\/13\/2025\/04\/3770013280504-1.jpg","type":"image\/jpeg"}],"twitter_card":"summary_large_image","twitter_misc":{"Gesch\u00e4tzte Lesezeit":"4\u00a0Minuten"},"schema":{"@context":"https:\/\/schema.org","@graph":[{"@type":"WebPage","@id":"https:\/\/koningdrone.be\/product\/double-canvas-parachute-zephyr-for-matrice-300-rtk\/","url":"https:\/\/koningdrone.be\/product\/double-canvas-parachute-zephyr-for-matrice-300-rtk\/","name":"Double canvas parachute Zephyr for Matrice 300 RTK - koningdrone.be","isPartOf":{"@id":"https:\/\/koningdrone.be\/#website"},"primaryImageOfPage":{"@id":"https:\/\/koningdrone.be\/product\/double-canvas-parachute-zephyr-for-matrice-300-rtk\/#primaryimage"},"image":{"@id":"https:\/\/koningdrone.be\/product\/double-canvas-parachute-zephyr-for-matrice-300-rtk\/#primaryimage"},"thumbnailUrl":"https:\/\/koningdrone.be\/wp-content\/uploads\/sites\/13\/2025\/04\/3770013280504-1.jpg","datePublished":"2022-11-02T08:14:25+00:00","dateModified":"2026-04-29T07:30:31+00:00","breadcrumb":{"@id":"https:\/\/koningdrone.be\/product\/double-canvas-parachute-zephyr-for-matrice-300-rtk\/#breadcrumb"},"inLanguage":"de","potentialAction":[{"@type":"ReadAction","target":["https:\/\/koningdrone.be\/product\/double-canvas-parachute-zephyr-for-matrice-300-rtk\/"]}]},{"@type":"ImageObject","inLanguage":"de","@id":"https:\/\/koningdrone.be\/product\/double-canvas-parachute-zephyr-for-matrice-300-rtk\/#primaryimage","url":"https:\/\/koningdrone.be\/wp-content\/uploads\/sites\/13\/2025\/04\/3770013280504-1.jpg","contentUrl":"https:\/\/koningdrone.be\/wp-content\/uploads\/sites\/13\/2025\/04\/3770013280504-1.jpg","width":800,"height":800},{"@type":"BreadcrumbList","@id":"https:\/\/koningdrone.be\/product\/double-canvas-parachute-zephyr-for-matrice-300-rtk\/#breadcrumb","itemListElement":[{"@type":"ListItem","position":1,"name":"Home","item":"https:\/\/koningdrone.be\/"},{"@type":"ListItem","position":2,"name":"AVSS Parachute Recovery System for DJI Matrice 300\/350","item":"https:\/\/koningdrone.be\/product\/avss-parachute-recovery-system-for-dji-matrice-300-350\/"},{"@type":"ListItem","position":3,"name":"Alle parachutes","item":"https:\/\/koningdrone.be\/categorie\/alle-parachutes\/"},{"@type":"ListItem","position":4,"name":"Double canvas parachute Zephyr for Matrice 300 RTK"}]},{"@type":"WebSite","@id":"https:\/\/koningdrone.be\/#website","url":"https:\/\/koningdrone.be\/","name":"Koningdrone.be - Ihr Online-Spezialist f\u00fcr Drohnen, Gimbals, Kameras und Kraftwerke.","description":"Der Webshop f\u00fcr Drohnen und Gimbals","publisher":{"@id":"https:\/\/koningdrone.be\/#organization"},"potentialAction":[{"@type":"SearchAction","target":{"@type":"EntryPoint","urlTemplate":"https:\/\/koningdrone.be\/?s={search_term_string}"},"query-input":{"@type":"PropertyValueSpecification","valueRequired":true,"valueName":"search_term_string"}}],"inLanguage":"de"},{"@type":"Organization","@id":"https:\/\/koningdrone.be\/#organization","name":"Kingdrone.de","url":"https:\/\/koningdrone.be\/","logo":{"@type":"ImageObject","inLanguage":"de","@id":"https:\/\/koningdrone.be\/#\/schema\/logo\/image\/","url":"https:\/\/koningdrone.be\/wp-content\/uploads\/sites\/13\/2025\/04\/koningdrone-copyright-logo.svg","contentUrl":"https:\/\/koningdrone.be\/wp-content\/uploads\/sites\/13\/2025\/04\/koningdrone-copyright-logo.svg","width":227,"height":38,"caption":"Koningdrone.be"},"image":{"@id":"https:\/\/koningdrone.be\/#\/schema\/logo\/image\/"}}]}},"df_price":"","df_sale_price":"","df_regular_price":"","df_image_link":"https:\/\/koningdrone.be\/wp-content\/uploads\/sites\/13\/2025\/04\/3770013280504-1-300x300.jpg","_links":{"self":[{"href":"https:\/\/koningdrone.be\/de\/wp-json\/wp\/v2\/product\/5306","targetHints":{"allow":["GET"]}}],"collection":[{"href":"https:\/\/koningdrone.be\/de\/wp-json\/wp\/v2\/product"}],"about":[{"href":"https:\/\/koningdrone.be\/de\/wp-json\/wp\/v2\/types\/product"}],"wp:featuredmedia":[{"embeddable":true,"href":"https:\/\/koningdrone.be\/de\/wp-json\/wp\/v2\/media\/5303"}],"wp:attachment":[{"href":"https:\/\/koningdrone.be\/de\/wp-json\/wp\/v2\/media?parent=5306"}],"wp:term":[{"taxonomy":"product_brand","embeddable":true,"href":"https:\/\/koningdrone.be\/de\/wp-json\/wp\/v2\/product_brand?post=5306"},{"taxonomy":"product_cat","embeddable":true,"href":"https:\/\/koningdrone.be\/de\/wp-json\/wp\/v2\/product_cat?post=5306"},{"taxonomy":"product_tag","embeddable":true,"href":"https:\/\/koningdrone.be\/de\/wp-json\/wp\/v2\/product_tag?post=5306"}],"curies":[{"name":"wp","href":"https:\/\/api.w.org\/{rel}","templated":true}]}}