{"id":5302,"date":"2022-11-02T09:14:25","date_gmt":"2022-11-02T08:14:25","guid":{"rendered":"https:\/\/koningdrone.nl\/kon\/product\/parachute-zephyr-for-matrice-300-rtk\/"},"modified":"2026-04-29T09:30:30","modified_gmt":"2026-04-29T07:30:30","slug":"parachute-zephyr-for-matrice-300-rtk","status":"publish","type":"product","link":"https:\/\/koningdrone.be\/de\/produkt\/parachute-zephyr-for-matrice-300-rtk\/","title":{"rendered":"Parachute Zephyr f\u00fcr Matrice 300 RTK"},"content":{"rendered":"<h1>Parachute Zephyr f\u00fcr Matrice 300 RTK<\/h1>\n<p>Die Z\u00e9phyr M300 einfache Fallschirm- und Stromkreisunterbrecher-Baugruppe f\u00fcr die DJI Matrice 300 RTK-Drohne erm\u00f6glicht es Ihnen, Ihre Fl\u00fcge zu sichern und die Fallgeschwindigkeit Ihrer Matrice 300 RTK im Falle eines Problems zu verlangsamen, indem Sie einfach verlangen, dass die Motoren abgeschaltet werden und der Fallschirm mit der speziellen autonomen Fernsteuerung entfaltet wird.<br \/>\nSie haben die Wahl zwischen einem internen oder externen Schutzschalter.<br \/>\nDie M\u00f6glichkeit, den Fallschirm einfach und schnell von der Drohne zu entfernen, insbesondere bei einem S2-Szenario.<br \/>\nDas leichteste Fallschirmsystem auf dem Markt: nur 450 g!<br \/>\nDie Grundausstattung des Fallschirms umfasst ein ultraschnelles CO2-Emissionssystem und eine spezielle autonome Fernsteuerung mit einer Betriebsdauer von 30 Stunden (an den Smart Controller anschlie\u00dfbar).<br \/>\nDer Fallschirm ist auch als DGAC S2 S3 zugelassener Bausatz mit einem internen (in der Werkstatt zu installierenden) oder externen (zwischen den Batterien und der Drohne zu platzierenden) Schutzschalter erh\u00e4ltlich. Jede Version des Stromkreisunterbrechers umfasst einen akustischen Alarm und eine Unterst\u00fctzung f\u00fcr die Stromversorgung und das Aufladen des Fallschirms, wenn die Drohne eingeschaltet ist.<br \/>\nDas leichteste Fallschirmsystem mit Motorabschaltung der Welt!<br \/>\nDas Fallschirmset + interner Schutzschalter ist die leichteste L\u00f6sung auf dem Markt, mit einem Gesamtgewicht von nur 455 g. Es erh\u00e4lt die gr\u00f6\u00dfte Nutzlast f\u00fcr den DJI M300 im Szenario S3: 1,25 kg verf\u00fcgbare Nutzlast! Im Szenario S2 steigt die maximal m\u00f6gliche Nutzlast auf 2,25 kg.<br \/>\nBeachten Sie, dass die Flugzeit mit dem Z\u00e9phyr-Fallschirm bei gleicher Nutzlast l\u00e4nger ist als mit jedem anderen Fallschirmsystem.<br \/>\nDer interne Stromkreisunterbrecher wird von uns in der Werkstatt in die Drohne eingebaut. Der Vorgang ist reversibel, ver\u00e4ndert die Drohne nicht und stellt sicher, dass die DJI-Werksgarantie erhalten bleibt. Das Audio-Alarm-Modul wird an den USB-C-Anschluss unter der Drohne angeschlossen.<br \/>\nDer Leistungsschalter kann allein, ohne Fallschirm, verwendet werden, um die verf\u00fcgbare Nutzlast und Flugzeit f\u00fcr das Szenario S2 zu erh\u00f6hen. Die Nutzlastkapazit\u00e4t des Matrice 300 im Szenario S2 steigt in dieser Konfiguration auf 2,7 kg!<br \/>\nUltraschnelle Systemkonfiguration<br \/>\nDer Fallschirm ist an den 4 oberen Gewinden der Drohne befestigt und kann in weniger als einer Minute demontiert werden. Eine optionale Halterung ist in unserem Shop erh\u00e4ltlich, um ihn unter der Drohne zu befestigen, wenn Sie den oberen Gimbal verwenden.<br \/>\nDer Bausatz mit den externen Schutzschaltern kann ebenfalls in Sekundenschnelle demontiert werden. Die Unterbrechermodule werden einfach zwischen den Batterien und der Drohne eingesetzt. Sie enthalten sofort den akustischen Alarm. Ihr Gewicht betr\u00e4gt 200 g.<br \/>\nAlle Elemente des Kits k\u00f6nnen in dem von DJI mit der Drohne gelieferten Original Flight Case aufbewahrt werden.<br \/>\nDas schnellste, zuverl\u00e4ssigste und effizienteste CO2-System<br \/>\nDas CO2-Abgabesystem der Z\u00e9phyr-Fallschirme hat sich bew\u00e4hrt und wird seit mehr als 5 Jahren von den meisten franz\u00f6sischen Drohnenpiloten verwendet. Unz\u00e4hlige Tests und sukzessive Verbesserungen haben dieses System auf ein Zuverl\u00e4ssigkeitsniveau gebracht, das nie zuvor bei einem Drohnenfallschirm erreicht wurde.<br \/>\nDas unter Druck stehende Gas (60 bar!) wird im Bruchteil einer Sekunde freigesetzt und treibt das Fallschirmgewebe aus seinem Beh\u00e4lter. Das \u00fcbersch\u00fcssige Gas (jede Kartusche enth\u00e4lt mehrere Dutzend Liter) wird verwendet, um die Entfaltung der Flugbahnen zu beschleunigen und den H\u00f6henverlust beim Ausl\u00f6sen des Fallschirms zu minimieren.<br \/>\nDas System kann innerhalb von Sekunden zur\u00fcckgesetzt werden. Die CO2-Patrone ist das einzige Verbrauchsmaterial, das nach einer Implementierung auf dem System ersetzt wird, und eine Patrone kostet nur ein paar Euro.<br \/>\nBeim Fallschirmsystem Z\u00e9phyr M300 mit einer einzigen Plane erm\u00f6glicht das CO2-Emissionssystem das Auswerfen und \u00d6ffnen der Plane in nur 1,2 s, was einem H\u00f6henverlust von 15 m bei einer anf\u00e4nglichen Fallgeschwindigkeit von etwa 6 m\/s entspricht.<br \/>\nDie leichtesten, stabilsten und effizientesten Drohnen-Fallschirmstoffe<br \/>\nDie neuen PARA\u00b2-Gewebe, die in den Fallschirmsystemen von Z\u00e9phyr verwendet werden, sind das Ergebnis einer dreij\u00e4hrigen Entwicklung. Ihr innovatives, ultraleichtes Design und ihre einzigartige Konstruktion verleihen den PARA\u00b2-Geweben eine \u00fcberragende Effizienz und Stabilit\u00e4t. Bei Einzeltuchsystemen wird die Sinkrate im Verh\u00e4ltnis zur Tuchfl\u00e4che minimiert. Bei paarweiser Verwendung beeintr\u00e4chtigen sich die PARA\u00b2-Gewebe nicht gegenseitig und optimieren die Gesamtsinkgeschwindigkeit. Jeder Z\u00e9phyr-Fallschirm ist so konzipiert, dass das Gewebe die Drohne w\u00e4hrend des Falls so flach wie m\u00f6glich h\u00e4lt, um Sch\u00e4den beim Aufprall zu minimieren.<br \/>\nBei dem Fallschirmsystem Z\u00e9phyr M300 mit einer Umlaufbahn betr\u00e4gt die Fallgeschwindigkeit f\u00fcr eine 8 kg schwere Masse nur 3,2 m\/s, d. h. die Aufprallenergie liegt bei nur 41 J und damit weit unter dem in Frankreich zul\u00e4ssigen H\u00f6chstwert von 69 J.<br \/>\nEin verschl\u00fcsseltes Kommunikationssystem f\u00fcr gro\u00dfe Entfernungen<br \/>\nDas Langstrecken-Kommunikationssystem zwischen dem Funkger\u00e4t und dem Fallschirm basiert auf fortschrittlichen Technologien und LoRa-Modulation. Die Reichweite kann unter optimalen Bedingungen mehrere Kilometer betragen, mit einer Langstreckenoption sogar mehr als 10 km.<br \/>\nDas Kommunikationsprotokoll basiert auf 869-MHz-Frequenzen, die genehmigungsfrei sind (Optionen 433 und 915 MHz m\u00f6glich). Die 128-Bit-Verschl\u00fcsselung stellt sicher, dass die Daten nicht abgefangen werden und dass der Benutzer bei Kommunikationsst\u00f6rungen benachrichtigt wird.<br \/>\nPraktische Funktionen f\u00fcr den Benutzer<br \/>\nDie Fallschirm-, Leistungsschalter- und Funksteuerungsmodule sind mit LEDs ausgestattet, die den Status und erweiterte Funktionen anzeigen.<br \/>\nIm ein- und ausgeschalteten Zustand zeigen die LEDs die verbleibende Batterieladung sowie den Batteriestand w\u00e4hrend des Ladevorgangs an. Im Betrieb zeigen sie den momentanen Zustand des Systems an: korrekter Betrieb, Verlust der Funkverbindung, niedriger Batteriestand...<br \/>\nKombiniert mit einem Stromkreisunterbrecher leuchtet der Fallschirm automatisch auf, wenn die Drohne eingeschaltet ist. Ohne Signal und wenn Sie vergessen, den Fallschirm oder die Funksteuerung auszuschalten, schalten sich die Module nach 10 Minuten automatisch ab.<br \/>\nEin System von Zeitstempeln und integrierten Protokollen auf dem Fallschirm und dem Funkger\u00e4t. Es zeichnet die vom Benutzer durchgef\u00fchrten Ausl\u00f6sevorg\u00e4nge zu Diagnosezwecken auf.<br \/>\nViele M\u00f6glichkeiten... vor den Vorschriften!<br \/>\nDank der M\u00f6glichkeiten, die Ihnen die Z\u00e9phyr-Fallschirme bieten, sind Sie den franz\u00f6sischen und europ\u00e4ischen Vorschriften einen Schritt voraus.<br \/>\nAuf der Seite der Fernbedienung ist es m\u00f6glich, eine zweite redundante Ausl\u00f6setaste hinzuzuf\u00fcgen. Diese zweite Taste verhindert das ungewollte Dr\u00fccken einer einzelnen Taste und verdoppelt die Autonomie der Fernbedienung. Sicherheitskappen sch\u00fctzen die Tasten vor unbeabsichtigtem Dr\u00fccken. Ein Buzzer-Modul ist auf Anfrage erh\u00e4ltlich. Es erzeugt eine akustische Warnung, wenn die Verbindung zum Fallschirm unterbrochen wird. Mit einer Long-Range-Option kann die Funkreichweite bei Bedarf auf mehr als 10 km erweitert werden. Es ist auch m\u00f6glich, mehrere Funksteuerungen an einen Fallschirm oder mehrere Fallschirme an eine Funksteuerung anzuschlie\u00dfen.<br \/>\nDieses Modul wird mit den ASTM3322-Normen und zuk\u00fcnftigen europ\u00e4ischen Normen (Klassen C5 und C6 f\u00fcr die Szenarien STS-01 und STS-02) kompatibel sein.<\/p>","protected":false},"excerpt":{"rendered":"<p>Parachute Zephyr for Matrice 300 RTK De Z\u00e9phyr M300 eenvoudige parachute- en stroomonderbrekermontage voor de DJI Matrice 300 RTK-drone maakt het mogelijk om uw vluchten te beveiligen en de valsnelheid van uw Matrice 300 RTK te vertragen in geval van een probleem, simpelweg door te vragen om de motoren uit te schakelen en de parachute [&hellip;]<\/p>\n","protected":false},"featured_media":5299,"template":"","meta":{"_acf_changed":false},"product_brand":[],"product_cat":[292,97,152],"product_tag":[],"class_list":{"0":"post-5302","1":"product","2":"type-product","3":"status-publish","4":"has-post-thumbnail","6":"product_cat-alle-parachutes","7":"product_cat-alle-producten","8":"product_cat-dji-matrice-300","9":"product_shipping_class-outofstock","10":"pa_brand-zephyr","11":"pa_productfamily-parachute","12":"pa_producttype-parachute","13":"pa_series-matrice-300","15":"first","16":"outofstock","17":"taxable","18":"shipping-taxable","19":"product-type-simple"},"acf":[],"yoast_head":"<!-- This site is optimized with the Yoast SEO Premium plugin v27.2 (Yoast SEO v27.2) - https:\/\/yoast.com\/product\/yoast-seo-premium-wordpress\/ -->\n<title>Parachute Zephyr for Matrice 300 RTK - koningdrone.be<\/title>\n<meta name=\"robots\" content=\"index, follow, max-snippet:-1, max-image-preview:large, max-video-preview:-1\" \/>\n<link rel=\"canonical\" href=\"https:\/\/koningdrone.be\/de\/produkt\/parachute-zephyr-for-matrice-300-rtk\/\" \/>\n<meta property=\"og:locale\" content=\"de_DE\" \/>\n<meta property=\"og:type\" content=\"article\" \/>\n<meta property=\"og:title\" content=\"Parachute Zephyr for Matrice 300 RTK\" \/>\n<meta property=\"og:description\" content=\"Parachute Zephyr for Matrice 300 RTK De Z\u00e9phyr M300 eenvoudige parachute- en stroomonderbrekermontage voor de DJI Matrice 300 RTK-drone maakt het mogelijk om uw vluchten te beveiligen en de valsnelheid van uw Matrice 300 RTK te vertragen in geval van een probleem, simpelweg door te vragen om de motoren uit te schakelen en de parachute [&hellip;]\" \/>\n<meta property=\"og:url\" content=\"https:\/\/koningdrone.be\/de\/produkt\/parachute-zephyr-for-matrice-300-rtk\/\" \/>\n<meta property=\"og:site_name\" content=\"koningdrone.be\" \/>\n<meta property=\"article:modified_time\" content=\"2026-04-29T07:30:30+00:00\" \/>\n<meta property=\"og:image\" content=\"https:\/\/koningdrone.be\/wp-content\/uploads\/sites\/13\/2025\/04\/3770013280368-1.jpg\" \/>\n\t<meta property=\"og:image:width\" content=\"800\" \/>\n\t<meta property=\"og:image:height\" content=\"800\" \/>\n\t<meta property=\"og:image:type\" content=\"image\/jpeg\" \/>\n<meta name=\"twitter:card\" content=\"summary_large_image\" \/>\n<meta name=\"twitter:label1\" content=\"Gesch\u00e4tzte Lesezeit\" \/>\n\t<meta name=\"twitter:data1\" content=\"5\u00a0Minuten\" \/>\n<script type=\"application\/ld+json\" class=\"yoast-schema-graph\">{\"@context\":\"https:\/\/schema.org\",\"@graph\":[{\"@type\":\"WebPage\",\"@id\":\"https:\/\/koningdrone.be\/product\/parachute-zephyr-for-matrice-300-rtk\/\",\"url\":\"https:\/\/koningdrone.be\/product\/parachute-zephyr-for-matrice-300-rtk\/\",\"name\":\"Parachute Zephyr for Matrice 300 RTK - koningdrone.be\",\"isPartOf\":{\"@id\":\"https:\/\/koningdrone.be\/#website\"},\"primaryImageOfPage\":{\"@id\":\"https:\/\/koningdrone.be\/product\/parachute-zephyr-for-matrice-300-rtk\/#primaryimage\"},\"image\":{\"@id\":\"https:\/\/koningdrone.be\/product\/parachute-zephyr-for-matrice-300-rtk\/#primaryimage\"},\"thumbnailUrl\":\"https:\/\/koningdrone.be\/wp-content\/uploads\/sites\/13\/2025\/04\/3770013280368-1.jpg\",\"datePublished\":\"2022-11-02T08:14:25+00:00\",\"dateModified\":\"2026-04-29T07:30:30+00:00\",\"breadcrumb\":{\"@id\":\"https:\/\/koningdrone.be\/product\/parachute-zephyr-for-matrice-300-rtk\/#breadcrumb\"},\"inLanguage\":\"de\",\"potentialAction\":[{\"@type\":\"ReadAction\",\"target\":[\"https:\/\/koningdrone.be\/product\/parachute-zephyr-for-matrice-300-rtk\/\"]}]},{\"@type\":\"ImageObject\",\"inLanguage\":\"de\",\"@id\":\"https:\/\/koningdrone.be\/product\/parachute-zephyr-for-matrice-300-rtk\/#primaryimage\",\"url\":\"https:\/\/koningdrone.be\/wp-content\/uploads\/sites\/13\/2025\/04\/3770013280368-1.jpg\",\"contentUrl\":\"https:\/\/koningdrone.be\/wp-content\/uploads\/sites\/13\/2025\/04\/3770013280368-1.jpg\",\"width\":800,\"height\":800},{\"@type\":\"BreadcrumbList\",\"@id\":\"https:\/\/koningdrone.be\/product\/parachute-zephyr-for-matrice-300-rtk\/#breadcrumb\",\"itemListElement\":[{\"@type\":\"ListItem\",\"position\":1,\"name\":\"Home\",\"item\":\"https:\/\/koningdrone.be\/\"},{\"@type\":\"ListItem\",\"position\":2,\"name\":\"AVSS Parachute Recovery System for DJI Matrice 300\/350\",\"item\":\"https:\/\/koningdrone.be\/product\/avss-parachute-recovery-system-for-dji-matrice-300-350\/\"},{\"@type\":\"ListItem\",\"position\":3,\"name\":\"Alle parachutes\",\"item\":\"https:\/\/koningdrone.be\/categorie\/alle-parachutes\/\"},{\"@type\":\"ListItem\",\"position\":4,\"name\":\"Parachute Zephyr for Matrice 300 RTK\"}]},{\"@type\":\"WebSite\",\"@id\":\"https:\/\/koningdrone.be\/#website\",\"url\":\"https:\/\/koningdrone.be\/\",\"name\":\"Koningdrone.be - Uw online specialist in drones, gimbals, camera's en power stations.\",\"description\":\"De webshop in drones en gimbals\",\"publisher\":{\"@id\":\"https:\/\/koningdrone.be\/#organization\"},\"potentialAction\":[{\"@type\":\"SearchAction\",\"target\":{\"@type\":\"EntryPoint\",\"urlTemplate\":\"https:\/\/koningdrone.be\/?s={search_term_string}\"},\"query-input\":{\"@type\":\"PropertyValueSpecification\",\"valueRequired\":true,\"valueName\":\"search_term_string\"}}],\"inLanguage\":\"de\"},{\"@type\":\"Organization\",\"@id\":\"https:\/\/koningdrone.be\/#organization\",\"name\":\"Koningdrone.be\",\"url\":\"https:\/\/koningdrone.be\/\",\"logo\":{\"@type\":\"ImageObject\",\"inLanguage\":\"de\",\"@id\":\"https:\/\/koningdrone.be\/#\/schema\/logo\/image\/\",\"url\":\"https:\/\/koningdrone.be\/wp-content\/uploads\/sites\/13\/2025\/04\/koningdrone-copyright-logo.svg\",\"contentUrl\":\"https:\/\/koningdrone.be\/wp-content\/uploads\/sites\/13\/2025\/04\/koningdrone-copyright-logo.svg\",\"width\":227,\"height\":38,\"caption\":\"Koningdrone.be\"},\"image\":{\"@id\":\"https:\/\/koningdrone.be\/#\/schema\/logo\/image\/\"}}]}<\/script>\n<!-- \/ Yoast SEO Premium plugin. -->","yoast_head_json":{"title":"Parachute Zephyr for Matrice 300 RTK - koningdrone.be","robots":{"index":"index","follow":"follow","max-snippet":"max-snippet:-1","max-image-preview":"max-image-preview:large","max-video-preview":"max-video-preview:-1"},"canonical":"https:\/\/koningdrone.be\/de\/produkt\/parachute-zephyr-for-matrice-300-rtk\/","og_locale":"de_DE","og_type":"article","og_title":"Parachute Zephyr for Matrice 300 RTK","og_description":"Parachute Zephyr for Matrice 300 RTK De Z\u00e9phyr M300 eenvoudige parachute- en stroomonderbrekermontage voor de DJI Matrice 300 RTK-drone maakt het mogelijk om uw vluchten te beveiligen en de valsnelheid van uw Matrice 300 RTK te vertragen in geval van een probleem, simpelweg door te vragen om de motoren uit te schakelen en de parachute [&hellip;]","og_url":"https:\/\/koningdrone.be\/de\/produkt\/parachute-zephyr-for-matrice-300-rtk\/","og_site_name":"koningdrone.be","article_modified_time":"2026-04-29T07:30:30+00:00","og_image":[{"width":800,"height":800,"url":"https:\/\/koningdrone.be\/wp-content\/uploads\/sites\/13\/2025\/04\/3770013280368-1.jpg","type":"image\/jpeg"}],"twitter_card":"summary_large_image","twitter_misc":{"Gesch\u00e4tzte Lesezeit":"5\u00a0Minuten"},"schema":{"@context":"https:\/\/schema.org","@graph":[{"@type":"WebPage","@id":"https:\/\/koningdrone.be\/product\/parachute-zephyr-for-matrice-300-rtk\/","url":"https:\/\/koningdrone.be\/product\/parachute-zephyr-for-matrice-300-rtk\/","name":"Parachute Zephyr for Matrice 300 RTK - koningdrone.be","isPartOf":{"@id":"https:\/\/koningdrone.be\/#website"},"primaryImageOfPage":{"@id":"https:\/\/koningdrone.be\/product\/parachute-zephyr-for-matrice-300-rtk\/#primaryimage"},"image":{"@id":"https:\/\/koningdrone.be\/product\/parachute-zephyr-for-matrice-300-rtk\/#primaryimage"},"thumbnailUrl":"https:\/\/koningdrone.be\/wp-content\/uploads\/sites\/13\/2025\/04\/3770013280368-1.jpg","datePublished":"2022-11-02T08:14:25+00:00","dateModified":"2026-04-29T07:30:30+00:00","breadcrumb":{"@id":"https:\/\/koningdrone.be\/product\/parachute-zephyr-for-matrice-300-rtk\/#breadcrumb"},"inLanguage":"de","potentialAction":[{"@type":"ReadAction","target":["https:\/\/koningdrone.be\/product\/parachute-zephyr-for-matrice-300-rtk\/"]}]},{"@type":"ImageObject","inLanguage":"de","@id":"https:\/\/koningdrone.be\/product\/parachute-zephyr-for-matrice-300-rtk\/#primaryimage","url":"https:\/\/koningdrone.be\/wp-content\/uploads\/sites\/13\/2025\/04\/3770013280368-1.jpg","contentUrl":"https:\/\/koningdrone.be\/wp-content\/uploads\/sites\/13\/2025\/04\/3770013280368-1.jpg","width":800,"height":800},{"@type":"BreadcrumbList","@id":"https:\/\/koningdrone.be\/product\/parachute-zephyr-for-matrice-300-rtk\/#breadcrumb","itemListElement":[{"@type":"ListItem","position":1,"name":"Home","item":"https:\/\/koningdrone.be\/"},{"@type":"ListItem","position":2,"name":"AVSS Parachute Recovery System for DJI Matrice 300\/350","item":"https:\/\/koningdrone.be\/product\/avss-parachute-recovery-system-for-dji-matrice-300-350\/"},{"@type":"ListItem","position":3,"name":"Alle parachutes","item":"https:\/\/koningdrone.be\/categorie\/alle-parachutes\/"},{"@type":"ListItem","position":4,"name":"Parachute Zephyr for Matrice 300 RTK"}]},{"@type":"WebSite","@id":"https:\/\/koningdrone.be\/#website","url":"https:\/\/koningdrone.be\/","name":"Koningdrone.be - Ihr Online-Spezialist f\u00fcr Drohnen, Gimbals, Kameras und Kraftwerke.","description":"Der Webshop f\u00fcr Drohnen und Gimbals","publisher":{"@id":"https:\/\/koningdrone.be\/#organization"},"potentialAction":[{"@type":"SearchAction","target":{"@type":"EntryPoint","urlTemplate":"https:\/\/koningdrone.be\/?s={search_term_string}"},"query-input":{"@type":"PropertyValueSpecification","valueRequired":true,"valueName":"search_term_string"}}],"inLanguage":"de"},{"@type":"Organization","@id":"https:\/\/koningdrone.be\/#organization","name":"Kingdrone.de","url":"https:\/\/koningdrone.be\/","logo":{"@type":"ImageObject","inLanguage":"de","@id":"https:\/\/koningdrone.be\/#\/schema\/logo\/image\/","url":"https:\/\/koningdrone.be\/wp-content\/uploads\/sites\/13\/2025\/04\/koningdrone-copyright-logo.svg","contentUrl":"https:\/\/koningdrone.be\/wp-content\/uploads\/sites\/13\/2025\/04\/koningdrone-copyright-logo.svg","width":227,"height":38,"caption":"Koningdrone.be"},"image":{"@id":"https:\/\/koningdrone.be\/#\/schema\/logo\/image\/"}}]}},"df_price":"","df_sale_price":"","df_regular_price":"","df_image_link":"https:\/\/koningdrone.be\/wp-content\/uploads\/sites\/13\/2025\/04\/3770013280368-1-300x300.jpg","_links":{"self":[{"href":"https:\/\/koningdrone.be\/de\/wp-json\/wp\/v2\/product\/5302","targetHints":{"allow":["GET"]}}],"collection":[{"href":"https:\/\/koningdrone.be\/de\/wp-json\/wp\/v2\/product"}],"about":[{"href":"https:\/\/koningdrone.be\/de\/wp-json\/wp\/v2\/types\/product"}],"wp:featuredmedia":[{"embeddable":true,"href":"https:\/\/koningdrone.be\/de\/wp-json\/wp\/v2\/media\/5299"}],"wp:attachment":[{"href":"https:\/\/koningdrone.be\/de\/wp-json\/wp\/v2\/media?parent=5302"}],"wp:term":[{"taxonomy":"product_brand","embeddable":true,"href":"https:\/\/koningdrone.be\/de\/wp-json\/wp\/v2\/product_brand?post=5302"},{"taxonomy":"product_cat","embeddable":true,"href":"https:\/\/koningdrone.be\/de\/wp-json\/wp\/v2\/product_cat?post=5302"},{"taxonomy":"product_tag","embeddable":true,"href":"https:\/\/koningdrone.be\/de\/wp-json\/wp\/v2\/product_tag?post=5302"}],"curies":[{"name":"wp","href":"https:\/\/api.w.org\/{rel}","templated":true}]}}