{"id":5290,"date":"2022-11-02T09:14:34","date_gmt":"2022-11-02T08:14:34","guid":{"rendered":"https:\/\/koningdrone.nl\/kon\/product\/zephyr-parachute-dji-matrice-30-without-fts\/"},"modified":"2026-04-08T07:18:06","modified_gmt":"2026-04-08T05:18:06","slug":"zephyr-parachute-dji-matrice-30-without-fts","status":"publish","type":"product","link":"https:\/\/koningdrone.be\/de\/produkt\/zephyr-parachute-dji-matrice-30-without-fts\/","title":{"rendered":"Zephyr Fallschirm DJI Matrice 30 - Ohne FTS"},"content":{"rendered":"<h1>PRE-ORDER MATRICE 30 Z\u00c9PHYR PARACHUTE Ohne FTS<\/h1>\n<p>Das leichteste Fallschirmsystem auf dem Markt: nur 330 g!<br \/>\nDer Basisfallschirmsatz umfasst ein ultraschnelles CO2-Leinwand-Auswurfsystem und eine spezielle autonome Fernsteuerung mit 30 Stunden Autonomie (kann am Smart Controller angebracht werden). Der Fallschirm ist auch als DGAC S1 S2 S3 zugelassener Bausatz mit einem externen FTS (selbst installierbar) erh\u00e4ltlich. Jede Version des FTS verf\u00fcgt \u00fcber einen akustischen Alarm und eine Ladebuchse, um den Fallschirm bei eingeschalteter Drohne mit Strom zu versorgen und aufzuladen, was eine unbegrenzte Autonomie erm\u00f6glicht.<br \/>\nDas leichteste Fallschirmsystem mit Motorabschaltung der Welt!<br \/>\nDer Fallschirm + externes FTS-Kit ist mit einem Gesamtgewicht von nur 385 g die leichteste L\u00f6sung auf dem Markt. Die Piloten haben die M\u00f6glichkeit, zus\u00e4tzlich zu unseren Sicherheitssystemen mehr als 500 g Nutzlast mitzuf\u00fchren und trotzdem die DGAC-Zulassung S2-S3 zu erf\u00fcllen (Gesamtgewicht im Flug von 4,7 kg). Die von Dronavia vorgeschlagene S1\/S2\/S3-Zulassung ist die einzige auf dem Markt, die den Transport von Nutzlast erlaubt. Beachten Sie, dass die Flugzeit mit dem Z\u00e9phyr-Fallschirm bei gleicher Nutzlast l\u00e4nger ist als mit jedem anderen Fallschirmsystem. Das externe FTS wird selbst zwischen den Batterien und der Drohne installiert. Sein Betrieb ist reversibel, ver\u00e4ndert die Drohne nicht und erm\u00f6glicht die Aufrechterhaltung der DJI-Herstellergarantie. Das FTS kann allein, ohne Fallschirm, verwendet werden, um die verf\u00fcgbare Nutzlast und Flugzeit f\u00fcr das S2-Szenario zu erh\u00f6hen. Die Nutzlastkapazit\u00e4t der Matrice 30 im S2-Szenario steigt in dieser Konfiguration auf 960 Gramm! Das akustische Alarmmodul wird mit dem USB-C-Anschluss an der Unterseite der Drohne verbunden.<br \/>\nSehr schnelle Installation des Systems<br \/>\nDer Fallschirm ist an den 4 oberen Gewinden der Drohne befestigt und kann in weniger als einer Minute demontiert werden, ohne dass Sie die Werkstatt aufsuchen m\u00fcssen. Eine optionale Halterung ist in unserem Shop erh\u00e4ltlich, um ihn an der Unterseite der Drohne zu befestigen, wenn Sie den oberen Pod verwenden. Der Bausatz mit dem FTS kann ebenfalls in Sekunden zerlegt werden. Das Sicherungsmodul wird einfach zwischen den Batterien und der Drohne eingesetzt. Es enth\u00e4lt sofort den akustischen Alarm. Es wiegt 55 Gramm.<br \/>\nDas schnellste, zuverl\u00e4ssigste und effizienteste CO2-System<br \/>\nDas CO2-Emissionssystem der Z\u00e9phyr-Fallschirme wird seit mehr als 5 Jahren von den meisten franz\u00f6sischen Drohnenpiloten getestet und verwendet. Unz\u00e4hlige Tests und sukzessive Verbesserungen haben dieses System auf ein Zuverl\u00e4ssigkeitsniveau gebracht, das noch nie zuvor bei einem Drohnenfallschirm erreicht wurde. Unter Druck stehendes Gas (60 bar!) wird in einem Bruchteil einer Sekunde freigesetzt, um das Fallschirmgewebe aus seinem Beh\u00e4lter zu treiben. Das \u00fcbersch\u00fcssige Gas (jede Kartusche enth\u00e4lt mehrere Dutzend Liter) wird zur Beschleunigung der Fallschirmkappe und zur Minimierung des H\u00f6henverlusts bei der Aktivierung des Fallschirms verwendet. Das System kann innerhalb von Sekunden zur\u00fcckgesetzt werden. Die CO2-Patrone ist das einzige Verbrauchsmaterial, das nach einem Einsatz des Systems ersetzt wird, und eine Patrone kostet nur wenige Euro. F\u00fcr Berufspiloten, die mit dem Flugzeug reisen, gibt es keine Einschr\u00e4nkungen. Die meisten Fluggesellschaften bieten die M\u00f6glichkeit, Ihr Z\u00e9phyr M30-System mit der 4G-Gaskartusche im Frachtraum oder in der Kabine zu platzieren.<br \/>\nBeim Z\u00e9phyr-M30-Doppelkappenfallschirmsystem erm\u00f6glicht das CO2-Emissionssystem das Auswerfen und \u00d6ffnen der Kappen in nur 0,83 Sekunden, was einem H\u00f6henverlust von 10 Metern bei einer anf\u00e4nglichen Fallgeschwindigkeit von etwa 6 m\/s entspricht.<br \/>\nDie leichtesten, stabilsten und effizientesten Drohnenschirme<br \/>\nDie neuen PARA\u00b2-Schirme, die in den Fallschirmsystemen von Z\u00e9phyr verwendet werden, sind das Ergebnis von 3 Jahren Entwicklung. Ihr innovatives, ultraleichtes Design und ihre einzigartige Konstruktion verleihen den PARA\u00b2-Schirmen eine \u00fcberragende Effizienz und Stabilit\u00e4t. Bei Einzelkappensystemen wird die Fallgeschwindigkeit im Verh\u00e4ltnis zur Kappenfl\u00e4che minimiert. Bei paarweiser Verwendung kommen sich die PARA\u00b2-Kappen nicht in die Quere und optimieren die Gesamtsinkgeschwindigkeit. Jeder Zephyr-Fallschirm ist so konstruiert, dass die Kappe(n) die Drohne w\u00e4hrend des Falls so flach wie m\u00f6glich halten, um den Schaden beim Aufprall zu minimieren.<br \/>\nBeim Fallschirmsystem Z\u00e9phyr M30 mit zwei Kappen betr\u00e4gt die Fallgeschwindigkeit f\u00fcr eine Masse von 4,2 kg nur 5 m\/s, d. h. die Aufprallenergie liegt bei nur 55 Joule und damit weit unter den in Frankreich zul\u00e4ssigen 69 Joule.<br \/>\nEin verschl\u00fcsseltes Kommunikationssystem f\u00fcr gro\u00dfe Entfernungen<br \/>\nDas Langstrecken-Kommunikationssystem zwischen dem Funkger\u00e4t und dem Fallschirm basiert auf fortschrittlicher Technologie und LoRa-Modulation. Die Reichweite betr\u00e4gt unter optimalen Bedingungen 5 km und kann mit einer Langstreckenoption auf \u00fcber 10 km erh\u00f6ht werden. Das Kommunikationsprotokoll basiert auf 869 MHz-Frequenzen, die genehmigungsfrei sind (Optionen 433 und 915 MHz verf\u00fcgbar). Eine 128-Bit-Verschl\u00fcsselung stellt sicher, dass die Daten nicht abgefangen werden, und der Benutzer wird bei einer Unterbrechung der Kommunikation benachrichtigt. Praktische Benutzereigenschaften Die Fallschirm-, FTS- und Funksteuerungsmodule sind mit LEDs zur Statusanzeige und f\u00fcr erweiterte Funktionen ausgestattet.<br \/>\nDie LEDs zeigen die verbleibende Akkuladung beim Ein- und Ausschalten und den Akkustand beim Laden an. Im Betrieb zeigen sie den unmittelbaren Status des Systems an: korrekter Betrieb, Verlust der Funkverbindung, niedriger Akkustand... In Kombination mit einem FTS wird der Fallschirm automatisch eingeschaltet, wenn die Drohne eingeschaltet wird. Wenn es kein Signal gibt und Sie vergessen, den Fallschirm oder die Funksteuerung auszuschalten, schalten sich die Module nach 10 Minuten automatisch ab. Am Fallschirm und am Funkger\u00e4t ist ein Log-System mit Zeitstempel integriert. Es zeichnet die vom Benutzer durchgef\u00fchrten Aktivierungsaktionen zu Diagnosezwecken auf.<br \/>\nViele M\u00f6glichkeiten... vor den Vorschriften!<br \/>\nDank der Optionen, die bei den Z\u00e9phyr-Fallschirmen verf\u00fcgbar sind, sind Sie den franz\u00f6sischen und europ\u00e4ischen Vorschriften einen Schritt voraus. Auf der Seite der Fernsteuerung ist es m\u00f6glich, eine zweite redundante Ausl\u00f6setaste hinzuzuf\u00fcgen. Diese zweite Taste verhindert das ungewollte Dr\u00fccken einer einzelnen Taste und verdoppelt die Autonomie der Fernsteuerung. Sicherheitskappen sch\u00fctzen die Tasten vor unbeabsichtigtem Dr\u00fccken. Ein Buzzer-Modul ist auf Anfrage erh\u00e4ltlich. Es erzeugt eine akustische Warnung, wenn die Verbindung zum Fallschirm unterbrochen wird. Mit einer Long-Range-Option kann die Funkreichweite bei Bedarf auf mehr als 10 km erweitert werden. Es ist auch m\u00f6glich, mehrere Funkfernsteuerungen mit einem Fallschirm oder mehrere Fallschirme mit einer Fernsteuerung zu verbinden.<br \/>\nAuf der Fallschirmseite ist auf Anfrage ein Modul zur Erkennung von Abst\u00fcrzen und zur automatischen Ausl\u00f6sung erh\u00e4ltlich. Dieses Modul wird mit der ASTM3322 und zuk\u00fcnftigen europ\u00e4ischen Normen (Klassen C5 und C6 f\u00fcr STS-01 und STS-02 Szenarien) kompatibel sein. Dronavia greift den neuen europ\u00e4ischen Vorschriften vor, indem es sein autonomes Motorabschaltsystem (Z\u00e9phyr CC M30) mit der MOC 25-11 in Einklang bringt. Diese Zulassung wird es Berufspiloten erm\u00f6glichen, das Verfahren zur Erlangung einer SORA zu vereinfachen.<\/p>","protected":false},"excerpt":{"rendered":"<ul>\n<li>Mit dem Fallschirm Z\u00e9phyr M30 und dem FTS-System f\u00fcr die DJI Matrice 30 Drohne k\u00f6nnen Sie Ihre Fl\u00fcge sichern und die Fallgeschwindigkeit Ihrer Matrice 30 im Falle eines Problems verlangsamen, indem Sie einfach die Abschaltung der Motoren und die Entfaltung des Fallschirms mit der speziellen autonomen Fernsteuerung anfordern. Der Fallschirm Z\u00e9phyr M30 ist mit einem externen FTS ausgestattet, das 55 Gramm wiegt und eine Reichweite von 5 Kilometern hat.<\/li>\n<li>Die M\u00f6glichkeit, den Fallschirm einfach und schnell von der Drohne zu entfernen, insbesondere bei einem S2-Szenario.<\/li>\n<\/ul>","protected":false},"featured_media":5287,"template":"","meta":{"_acf_changed":false},"product_brand":[],"product_cat":[292,97,149],"product_tag":[],"class_list":{"0":"post-5290","1":"product","2":"type-product","3":"status-publish","4":"has-post-thumbnail","6":"product_cat-alle-parachutes","7":"product_cat-alle-producten","8":"product_cat-dji-matrice-30","9":"pa_brand-zephyr","10":"pa_productfamily-parachute","11":"pa_producttype-parachute","12":"pa_series-matrice-30","14":"first","15":"outofstock","16":"taxable","17":"shipping-taxable","18":"product-type-simple"},"acf":[],"yoast_head":"<!-- This site is optimized with the Yoast SEO Premium plugin v27.2 (Yoast SEO v27.2) - https:\/\/yoast.com\/product\/yoast-seo-premium-wordpress\/ -->\n<title>Zephyr Parachute DJI Matrice 30 - Without FTS - koningdrone.be<\/title>\n<meta name=\"robots\" content=\"index, follow, max-snippet:-1, max-image-preview:large, max-video-preview:-1\" \/>\n<link rel=\"canonical\" href=\"https:\/\/koningdrone.be\/de\/produkt\/zephyr-parachute-dji-matrice-30-without-fts\/\" \/>\n<meta property=\"og:locale\" content=\"de_DE\" \/>\n<meta property=\"og:type\" content=\"article\" \/>\n<meta property=\"og:title\" content=\"Zephyr Parachute DJI Matrice 30 - Without FTS\" \/>\n<meta property=\"og:description\" content=\"Met het Z\u00e9phyr M30 enkele parachute- en FTS-systeem voor de DJI Matrice 30-drone kunt u uw vluchten beveiligen en de valsnelheid van uw Matrice 30 vertragen in geval van problemen, simpelweg door de uitschakeling van de motoren en de inzet van de parachute aan te vragen met de speciale autonome afstandsbediening. De Z\u00e9phyr M30 parachute is uitgerust met een externe FTS met een gewicht van 55 gram en een bereik van 5 kilometer.  ogelijkheid om de parachute gemakkelijk en snel van uw drone te verwijderen, vooral tijdens een S2-scenario.\" \/>\n<meta property=\"og:url\" content=\"https:\/\/koningdrone.be\/de\/produkt\/zephyr-parachute-dji-matrice-30-without-fts\/\" \/>\n<meta property=\"og:site_name\" content=\"koningdrone.be\" \/>\n<meta property=\"article:modified_time\" content=\"2026-04-08T05:18:06+00:00\" \/>\n<meta property=\"og:image\" content=\"https:\/\/koningdrone.be\/wp-content\/uploads\/sites\/13\/2025\/04\/Zephyr-M30-Without-FTS-3.png\" \/>\n\t<meta property=\"og:image:width\" content=\"800\" \/>\n\t<meta property=\"og:image:height\" content=\"800\" \/>\n\t<meta property=\"og:image:type\" content=\"image\/png\" \/>\n<meta name=\"twitter:card\" content=\"summary_large_image\" \/>\n<meta name=\"twitter:label1\" content=\"Gesch\u00e4tzte Lesezeit\" \/>\n\t<meta name=\"twitter:data1\" content=\"6\u00a0Minuten\" \/>\n<script type=\"application\/ld+json\" class=\"yoast-schema-graph\">{\"@context\":\"https:\/\/schema.org\",\"@graph\":[{\"@type\":\"WebPage\",\"@id\":\"https:\/\/koningdrone.be\/product\/zephyr-parachute-dji-matrice-30-without-fts\/\",\"url\":\"https:\/\/koningdrone.be\/product\/zephyr-parachute-dji-matrice-30-without-fts\/\",\"name\":\"Zephyr Parachute DJI Matrice 30 - Without FTS - koningdrone.be\",\"isPartOf\":{\"@id\":\"https:\/\/koningdrone.be\/#website\"},\"primaryImageOfPage\":{\"@id\":\"https:\/\/koningdrone.be\/product\/zephyr-parachute-dji-matrice-30-without-fts\/#primaryimage\"},\"image\":{\"@id\":\"https:\/\/koningdrone.be\/product\/zephyr-parachute-dji-matrice-30-without-fts\/#primaryimage\"},\"thumbnailUrl\":\"https:\/\/koningdrone.be\/wp-content\/uploads\/sites\/13\/2025\/04\/Zephyr-M30-Without-FTS-3.png\",\"datePublished\":\"2022-11-02T08:14:34+00:00\",\"dateModified\":\"2026-04-08T05:18:06+00:00\",\"breadcrumb\":{\"@id\":\"https:\/\/koningdrone.be\/product\/zephyr-parachute-dji-matrice-30-without-fts\/#breadcrumb\"},\"inLanguage\":\"de\",\"potentialAction\":[{\"@type\":\"ReadAction\",\"target\":[\"https:\/\/koningdrone.be\/product\/zephyr-parachute-dji-matrice-30-without-fts\/\"]}]},{\"@type\":\"ImageObject\",\"inLanguage\":\"de\",\"@id\":\"https:\/\/koningdrone.be\/product\/zephyr-parachute-dji-matrice-30-without-fts\/#primaryimage\",\"url\":\"https:\/\/koningdrone.be\/wp-content\/uploads\/sites\/13\/2025\/04\/Zephyr-M30-Without-FTS-3.png\",\"contentUrl\":\"https:\/\/koningdrone.be\/wp-content\/uploads\/sites\/13\/2025\/04\/Zephyr-M30-Without-FTS-3.png\",\"width\":800,\"height\":800},{\"@type\":\"BreadcrumbList\",\"@id\":\"https:\/\/koningdrone.be\/product\/zephyr-parachute-dji-matrice-30-without-fts\/#breadcrumb\",\"itemListElement\":[{\"@type\":\"ListItem\",\"position\":1,\"name\":\"Home\",\"item\":\"https:\/\/koningdrone.be\/\"},{\"@type\":\"ListItem\",\"position\":2,\"name\":\"AVSS Parachute Recovery System for DJI Matrice 300\/350\",\"item\":\"https:\/\/koningdrone.be\/product\/avss-parachute-recovery-system-for-dji-matrice-300-350\/\"},{\"@type\":\"ListItem\",\"position\":3,\"name\":\"Alle parachutes\",\"item\":\"https:\/\/koningdrone.be\/categorie\/alle-parachutes\/\"},{\"@type\":\"ListItem\",\"position\":4,\"name\":\"Zephyr Parachute DJI Matrice 30 &#8211; Without FTS\"}]},{\"@type\":\"WebSite\",\"@id\":\"https:\/\/koningdrone.be\/#website\",\"url\":\"https:\/\/koningdrone.be\/\",\"name\":\"Koningdrone.be - Uw online specialist in drones, gimbals, camera's en power stations.\",\"description\":\"De webshop in drones en gimbals\",\"publisher\":{\"@id\":\"https:\/\/koningdrone.be\/#organization\"},\"potentialAction\":[{\"@type\":\"SearchAction\",\"target\":{\"@type\":\"EntryPoint\",\"urlTemplate\":\"https:\/\/koningdrone.be\/?s={search_term_string}\"},\"query-input\":{\"@type\":\"PropertyValueSpecification\",\"valueRequired\":true,\"valueName\":\"search_term_string\"}}],\"inLanguage\":\"de\"},{\"@type\":\"Organization\",\"@id\":\"https:\/\/koningdrone.be\/#organization\",\"name\":\"Koningdrone.be\",\"url\":\"https:\/\/koningdrone.be\/\",\"logo\":{\"@type\":\"ImageObject\",\"inLanguage\":\"de\",\"@id\":\"https:\/\/koningdrone.be\/#\/schema\/logo\/image\/\",\"url\":\"https:\/\/koningdrone.be\/wp-content\/uploads\/sites\/13\/2025\/04\/koningdrone-copyright-logo.svg\",\"contentUrl\":\"https:\/\/koningdrone.be\/wp-content\/uploads\/sites\/13\/2025\/04\/koningdrone-copyright-logo.svg\",\"width\":227,\"height\":38,\"caption\":\"Koningdrone.be\"},\"image\":{\"@id\":\"https:\/\/koningdrone.be\/#\/schema\/logo\/image\/\"}}]}<\/script>\n<!-- \/ Yoast SEO Premium plugin. -->","yoast_head_json":{"title":"Zephyr Parachute DJI Matrice 30 - Without FTS - koningdrone.be","robots":{"index":"index","follow":"follow","max-snippet":"max-snippet:-1","max-image-preview":"max-image-preview:large","max-video-preview":"max-video-preview:-1"},"canonical":"https:\/\/koningdrone.be\/de\/produkt\/zephyr-parachute-dji-matrice-30-without-fts\/","og_locale":"de_DE","og_type":"article","og_title":"Zephyr Parachute DJI Matrice 30 - Without FTS","og_description":"Met het Z\u00e9phyr M30 enkele parachute- en FTS-systeem voor de DJI Matrice 30-drone kunt u uw vluchten beveiligen en de valsnelheid van uw Matrice 30 vertragen in geval van problemen, simpelweg door de uitschakeling van de motoren en de inzet van de parachute aan te vragen met de speciale autonome afstandsbediening. De Z\u00e9phyr M30 parachute is uitgerust met een externe FTS met een gewicht van 55 gram en een bereik van 5 kilometer.  ogelijkheid om de parachute gemakkelijk en snel van uw drone te verwijderen, vooral tijdens een S2-scenario.","og_url":"https:\/\/koningdrone.be\/de\/produkt\/zephyr-parachute-dji-matrice-30-without-fts\/","og_site_name":"koningdrone.be","article_modified_time":"2026-04-08T05:18:06+00:00","og_image":[{"width":800,"height":800,"url":"https:\/\/koningdrone.be\/wp-content\/uploads\/sites\/13\/2025\/04\/Zephyr-M30-Without-FTS-3.png","type":"image\/png"}],"twitter_card":"summary_large_image","twitter_misc":{"Gesch\u00e4tzte Lesezeit":"6\u00a0Minuten"},"schema":{"@context":"https:\/\/schema.org","@graph":[{"@type":"WebPage","@id":"https:\/\/koningdrone.be\/product\/zephyr-parachute-dji-matrice-30-without-fts\/","url":"https:\/\/koningdrone.be\/product\/zephyr-parachute-dji-matrice-30-without-fts\/","name":"Zephyr Parachute DJI Matrice 30 - Without FTS - koningdrone.be","isPartOf":{"@id":"https:\/\/koningdrone.be\/#website"},"primaryImageOfPage":{"@id":"https:\/\/koningdrone.be\/product\/zephyr-parachute-dji-matrice-30-without-fts\/#primaryimage"},"image":{"@id":"https:\/\/koningdrone.be\/product\/zephyr-parachute-dji-matrice-30-without-fts\/#primaryimage"},"thumbnailUrl":"https:\/\/koningdrone.be\/wp-content\/uploads\/sites\/13\/2025\/04\/Zephyr-M30-Without-FTS-3.png","datePublished":"2022-11-02T08:14:34+00:00","dateModified":"2026-04-08T05:18:06+00:00","breadcrumb":{"@id":"https:\/\/koningdrone.be\/product\/zephyr-parachute-dji-matrice-30-without-fts\/#breadcrumb"},"inLanguage":"de","potentialAction":[{"@type":"ReadAction","target":["https:\/\/koningdrone.be\/product\/zephyr-parachute-dji-matrice-30-without-fts\/"]}]},{"@type":"ImageObject","inLanguage":"de","@id":"https:\/\/koningdrone.be\/product\/zephyr-parachute-dji-matrice-30-without-fts\/#primaryimage","url":"https:\/\/koningdrone.be\/wp-content\/uploads\/sites\/13\/2025\/04\/Zephyr-M30-Without-FTS-3.png","contentUrl":"https:\/\/koningdrone.be\/wp-content\/uploads\/sites\/13\/2025\/04\/Zephyr-M30-Without-FTS-3.png","width":800,"height":800},{"@type":"BreadcrumbList","@id":"https:\/\/koningdrone.be\/product\/zephyr-parachute-dji-matrice-30-without-fts\/#breadcrumb","itemListElement":[{"@type":"ListItem","position":1,"name":"Home","item":"https:\/\/koningdrone.be\/"},{"@type":"ListItem","position":2,"name":"AVSS Parachute Recovery System for DJI Matrice 300\/350","item":"https:\/\/koningdrone.be\/product\/avss-parachute-recovery-system-for-dji-matrice-300-350\/"},{"@type":"ListItem","position":3,"name":"Alle parachutes","item":"https:\/\/koningdrone.be\/categorie\/alle-parachutes\/"},{"@type":"ListItem","position":4,"name":"Zephyr Parachute DJI Matrice 30 &#8211; Without FTS"}]},{"@type":"WebSite","@id":"https:\/\/koningdrone.be\/#website","url":"https:\/\/koningdrone.be\/","name":"Koningdrone.be - Ihr Online-Spezialist f\u00fcr Drohnen, Gimbals, Kameras und Kraftwerke.","description":"Der Webshop f\u00fcr Drohnen und Gimbals","publisher":{"@id":"https:\/\/koningdrone.be\/#organization"},"potentialAction":[{"@type":"SearchAction","target":{"@type":"EntryPoint","urlTemplate":"https:\/\/koningdrone.be\/?s={search_term_string}"},"query-input":{"@type":"PropertyValueSpecification","valueRequired":true,"valueName":"search_term_string"}}],"inLanguage":"de"},{"@type":"Organization","@id":"https:\/\/koningdrone.be\/#organization","name":"Kingdrone.de","url":"https:\/\/koningdrone.be\/","logo":{"@type":"ImageObject","inLanguage":"de","@id":"https:\/\/koningdrone.be\/#\/schema\/logo\/image\/","url":"https:\/\/koningdrone.be\/wp-content\/uploads\/sites\/13\/2025\/04\/koningdrone-copyright-logo.svg","contentUrl":"https:\/\/koningdrone.be\/wp-content\/uploads\/sites\/13\/2025\/04\/koningdrone-copyright-logo.svg","width":227,"height":38,"caption":"Koningdrone.be"},"image":{"@id":"https:\/\/koningdrone.be\/#\/schema\/logo\/image\/"}}]}},"df_price":"","df_sale_price":"","df_regular_price":"","df_image_link":"https:\/\/koningdrone.be\/wp-content\/uploads\/sites\/13\/2025\/04\/Zephyr-M30-Without-FTS-3-300x300.png","_links":{"self":[{"href":"https:\/\/koningdrone.be\/de\/wp-json\/wp\/v2\/product\/5290","targetHints":{"allow":["GET"]}}],"collection":[{"href":"https:\/\/koningdrone.be\/de\/wp-json\/wp\/v2\/product"}],"about":[{"href":"https:\/\/koningdrone.be\/de\/wp-json\/wp\/v2\/types\/product"}],"wp:featuredmedia":[{"embeddable":true,"href":"https:\/\/koningdrone.be\/de\/wp-json\/wp\/v2\/media\/5287"}],"wp:attachment":[{"href":"https:\/\/koningdrone.be\/de\/wp-json\/wp\/v2\/media?parent=5290"}],"wp:term":[{"taxonomy":"product_brand","embeddable":true,"href":"https:\/\/koningdrone.be\/de\/wp-json\/wp\/v2\/product_brand?post=5290"},{"taxonomy":"product_cat","embeddable":true,"href":"https:\/\/koningdrone.be\/de\/wp-json\/wp\/v2\/product_cat?post=5290"},{"taxonomy":"product_tag","embeddable":true,"href":"https:\/\/koningdrone.be\/de\/wp-json\/wp\/v2\/product_tag?post=5290"}],"curies":[{"name":"wp","href":"https:\/\/api.w.org\/{rel}","templated":true}]}}