{"id":5260,"date":"2022-11-08T14:28:01","date_gmt":"2022-11-08T13:28:01","guid":{"rendered":"https:\/\/koningdrone.nl\/kon\/product\/dji-mavic-3-classic-incl-dji-rc-smart-controller\/"},"modified":"2026-04-29T13:40:02","modified_gmt":"2026-04-29T11:40:02","slug":"dji-mavic-3-classic-incl-dji-rc-smart-controller","status":"publish","type":"product","link":"https:\/\/koningdrone.be\/de\/produkt\/dji-mavic-3-classic-incl-dji-rc-smart-controller\/","title":{"rendered":"DJI Mavic 3 Classic - inkl. DJI RC Smart Controller"},"content":{"rendered":"<h1>DJI Mavic 3 Classic - inkl. DJI RC Smart Controller<\/h1>\n<p><strong>DJI MAVIC 3 CLASSIC MIT SMART-CONTROLLER<\/strong><br \/>Eine der besseren Entscheidungen innerhalb der DJI Mavic 3-Serie ist die DJI Mavic 3 Classic. Sie ist eine professionelle Drohne, bei der Qualit\u00e4t im Vordergrund steht. Neben der Mavic 3 Classic gibt es noch zwei weitere Produkte, die zur DJI Mavic 3-Serie geh\u00f6ren. Die Mavic 3 und die Mavic 3 Cine-Drohnen. Die Mavic 3-Serie konzentriert sich haupts\u00e4chlich auf reibungslose Fl\u00fcge und Bilder auf hohem Niveau. Daher k\u00f6nnen Sie garantiert gestochen scharfe Bilder aus der Luft erwarten.<\/p>\n<p><strong>DIE UNTERSCHIEDE ZWISCHEN DEN MODELLEN DER DJI MAVIC 3-SERIE<\/strong><br \/>Wenn wir die Produkte nebeneinander stellen, um sie zu vergleichen, stellen wir fest, dass die DJI Mavic 3 classic eine Hasselblad-Kamera hat. Diese verf\u00fcgt \u00fcber einen 4\/3-Zoll-CMOS-Sensor mit 20 Megapixeln und hat ein 24-mm-Objektiv. Die DJI Mavic 3 hat die gleiche Kamera, verf\u00fcgt aber zus\u00e4tzlich \u00fcber ein Teleobjektiv mit 162mm Brennweite. Dar\u00fcber hinaus verf\u00fcgt dieses Modell \u00fcber eine Gimbal-Sperre, die verhindert, dass sowohl die Kamera als auch der Gimbal wackeln. Das sorgt f\u00fcr zus\u00e4tzliche Sicherheit, wenn Sie die Drohne transportieren. Ein gro\u00dfer Vorteil der Mavic 3 Cine ist, dass sie \u00fcber noch mehr Funktionen verf\u00fcgt. So ist zum Beispiel eine 1 TB gro\u00dfe SSD eingebaut, die eine blitzschnelle Datenspeicherung erm\u00f6glicht. Au\u00dferdem unterst\u00fctzt sie verschiedene Codecs, z. B. Apple ProRes 422 HQ, Apple ProRes 422 und Apple ProRes 422 LT.<\/p>\n<p><strong>Verbesserter Autofokus<\/strong><\/p>\n<p>Dank des Vision Detection Autofokus-Systems (VDAF) wird die Geschwindigkeit der Tiefensch\u00e4rfe optimiert.<\/p>\n<p><strong>Perfekt herangezoomt<\/strong><\/p>\n<p>Wir haben bereits kurz erw\u00e4hnt, dass die Mavic 3 classic neben dem Weitwinkelobjektiv auch mit einem Telezoomobjektiv ausgestattet ist. Dabei handelt es sich um einen 1\/2-Zoll-CMOS-Sensor mit 12 Megapixeln und einer festen Brennweite von 162 mm. Es ist m\u00f6glich, Fotos mit einer festen Blende (f4,4) aufzunehmen. Videos k\u00f6nnen mit dieser Kamera in 4k-Qualit\u00e4t mit 30fps aufgenommen werden.<\/p>\n<p><strong>Verbesserte und erweiterte Sicherheitsmerkmale<\/strong><\/p>\n<p>Die Mavic 3 classic ist 360 Grad rundum mit omnidirektionalen Hindernissensoren, Advanced Return to Home Funktion (RTH) (Drohne findet selbst\u00e4ndig die effektivste Route zur\u00fcck), Low Battery RTH ausgestattet. Dar\u00fcber hinaus wurde das Advanced Pilot Assistance System (APAS 5.0) weiter verbessert. Selbst bei hoher Geschwindigkeit kann diese Drohne Hindernissen in den komplexesten Umgebungen ausweichen.<\/p>\n<p><strong>Ausreichende Flugzeiten<\/strong><\/p>\n<p>Die Flugzeit der Mavic 3 classic betr\u00e4gt rund 45 Minuten und es kann eine H\u00f6chstgeschwindigkeit von 75 km\/h erreicht werden. Das sind 15 Minuten mehr als beim Vorg\u00e4ngermodell Mavic 2 und die Drohne fliegt 3 Kilometer pro Stunde schneller als die alte Version. Auch die Reichweite wurde von gut 6 Kilometern auf \u00fcber 15 Kilometer deutlich erh\u00f6ht!<\/p>\n<p><strong>Verbesserte Foto-\/Videofunktionen<\/strong><\/p>\n<p>Mit der Hyperlapse-Aufnahmefunktion k\u00f6nnen Sie Zeit und Bewegung mit einem Fingertipp beschleunigen. Mit der 100-Megapixel-Panorama-Funktion k\u00f6nnen Sie extrem gro\u00dfe und detaillierte Aufnahmen machen.<\/p>\n<p><strong>Hyperlapse und Panorama<\/strong><\/p>\n<p>Mit einem einzigen Tippen beschleunigen Sie Zeit und Bewegung f\u00fcr beeindruckende Hyperlapse-Aufnahmen. Mit der 100-Megapixel-Panoramafunktion k\u00f6nnen Sie auch extrem gro\u00dfe und detaillierte Aufnahmen von Ihrer Umgebung machen. Mastershots ist eine fortschrittliche, intelligente Funktion, mit der Sie mit nur einem Fingertipp die sch\u00f6nsten Videos von Ihrem Lieblingsmotiv erstellen k\u00f6nnen. Sie m\u00fcssen das gew\u00fcnschte Motiv auf Ihrem Monitor ausw\u00e4hlen und k\u00f6nnen dann die Drohne 10 verschiedene Bewegungen ausf\u00fchren lassen. Dabei bleibt das Motiv in der Mitte des Bildes. All dies wird zu einem kurzen Kompilationsfilm zusammengef\u00fcgt.<\/p>\n<p><strong>AUTOMATISCHES, INTELLIGENTES FILMEN MIT MASTER SHOTS<\/strong><br \/>Eine gro\u00dfartige Funktion der DJI-Drohnen der Mavic 3-Serie ist MasterShots. Es handelt sich dabei um ein sogenanntes Smart-Feature, mit dem man per Knopfdruck ein Motiv ausw\u00e4hlen kann. Die Drohne sorgt daf\u00fcr, dass das Objekt in der Mitte bleibt und macht eine Aufnahme, die zehn verschiedene Bewegungen zeigt. So entsteht letztlich ein filmisches Bild.<\/p>","protected":false},"excerpt":{"rendered":"<ul>\n<li>4\/3 CMOS Hasselblad Kamera<\/li>\n<li>5.1K\/50fps professionelle Bilder<\/li>\n<li>Hasselblad L\u00f6sung f\u00fcr nat\u00fcrliche Farben<\/li>\n<li>46 Minuten maximale Flugzeit<\/li>\n<li>Hinderniserkennung in alle Richtungen<\/li>\n<li>15 km HD-Video\u00fcbertragung<\/li>\n<li>Erweiterte RTH<\/li>\n<li>Nachtmodus f\u00fcr Videoaufnahmen<\/li>\n<li>DJI RC (5,5-Zoll-HD-Display)<\/li>\n<\/ul>","protected":false},"featured_media":5253,"template":"","meta":{"_acf_changed":false},"product_brand":[],"product_cat":[135,97,136,137,99],"product_tag":[],"class_list":{"0":"post-5260","1":"product","2":"type-product","3":"status-publish","4":"has-post-thumbnail","6":"product_cat-alle-drones","7":"product_cat-alle-producten","8":"product_cat-consumer-drones","9":"product_cat-dji-mavic-3","10":"product_cat-drones-met-certificaat","11":"product_shipping_class-outofstock","12":"pa_brand-dji","13":"pa_dronegrade-consumer","14":"pa_productfamily-drone","15":"pa_producttype-drone","16":"pa_series-mavic-3","18":"first","19":"outofstock","20":"taxable","21":"shipping-taxable","22":"product-type-simple"},"acf":[],"yoast_head":"<!-- This site is optimized with the Yoast SEO Premium plugin v27.2 (Yoast SEO v27.2) - https:\/\/yoast.com\/product\/yoast-seo-premium-wordpress\/ -->\n<title>DJI Mavic 3 Classic - incl. DJI RC Smart Controller - koningdrone.be<\/title>\n<meta name=\"robots\" content=\"index, follow, max-snippet:-1, max-image-preview:large, max-video-preview:-1\" \/>\n<link rel=\"canonical\" href=\"https:\/\/koningdrone.be\/de\/produkt\/dji-mavic-3-classic-incl-dji-rc-smart-controller\/\" \/>\n<meta property=\"og:locale\" content=\"de_DE\" \/>\n<meta property=\"og:type\" content=\"article\" \/>\n<meta property=\"og:title\" content=\"DJI Mavic 3 Classic - incl. DJI RC Smart Controller\" \/>\n<meta property=\"og:description\" content=\"4\/3 CMOS Hasselblad-camera5.1K\/50fps professionele beeldenHasselblad natuurlijke kleurenoplossing46-minuten maximale vliegtijdObstakeldetectie in alle richtingen15km HD video transmissieGeavanceerde RTHNachtmodus voor video-opnameDJI RC (5,5-inch HD-scherm)\" \/>\n<meta property=\"og:url\" content=\"https:\/\/koningdrone.be\/de\/produkt\/dji-mavic-3-classic-incl-dji-rc-smart-controller\/\" \/>\n<meta property=\"og:site_name\" content=\"koningdrone.be\" \/>\n<meta property=\"article:modified_time\" content=\"2026-04-29T11:40:02+00:00\" \/>\n<meta property=\"og:image\" content=\"https:\/\/koningdrone.be\/wp-content\/uploads\/sites\/13\/2025\/04\/4.png\" \/>\n\t<meta property=\"og:image:width\" content=\"800\" \/>\n\t<meta property=\"og:image:height\" content=\"450\" \/>\n\t<meta property=\"og:image:type\" content=\"image\/png\" \/>\n<meta name=\"twitter:card\" content=\"summary_large_image\" \/>\n<meta name=\"twitter:label1\" content=\"Gesch\u00e4tzte Lesezeit\" \/>\n\t<meta name=\"twitter:data1\" content=\"3\u00a0Minuten\" \/>\n<script type=\"application\/ld+json\" class=\"yoast-schema-graph\">{\"@context\":\"https:\/\/schema.org\",\"@graph\":[{\"@type\":\"WebPage\",\"@id\":\"https:\/\/koningdrone.be\/product\/dji-mavic-3-classic-incl-dji-rc-smart-controller\/\",\"url\":\"https:\/\/koningdrone.be\/product\/dji-mavic-3-classic-incl-dji-rc-smart-controller\/\",\"name\":\"DJI Mavic 3 Classic - incl. DJI RC Smart Controller - koningdrone.be\",\"isPartOf\":{\"@id\":\"https:\/\/koningdrone.be\/#website\"},\"primaryImageOfPage\":{\"@id\":\"https:\/\/koningdrone.be\/product\/dji-mavic-3-classic-incl-dji-rc-smart-controller\/#primaryimage\"},\"image\":{\"@id\":\"https:\/\/koningdrone.be\/product\/dji-mavic-3-classic-incl-dji-rc-smart-controller\/#primaryimage\"},\"thumbnailUrl\":\"https:\/\/koningdrone.be\/wp-content\/uploads\/sites\/13\/2025\/04\/4.png\",\"datePublished\":\"2022-11-08T13:28:01+00:00\",\"dateModified\":\"2026-04-29T11:40:02+00:00\",\"breadcrumb\":{\"@id\":\"https:\/\/koningdrone.be\/product\/dji-mavic-3-classic-incl-dji-rc-smart-controller\/#breadcrumb\"},\"inLanguage\":\"de\",\"potentialAction\":[{\"@type\":\"ReadAction\",\"target\":[\"https:\/\/koningdrone.be\/product\/dji-mavic-3-classic-incl-dji-rc-smart-controller\/\"]}]},{\"@type\":\"ImageObject\",\"inLanguage\":\"de\",\"@id\":\"https:\/\/koningdrone.be\/product\/dji-mavic-3-classic-incl-dji-rc-smart-controller\/#primaryimage\",\"url\":\"https:\/\/koningdrone.be\/wp-content\/uploads\/sites\/13\/2025\/04\/4.png\",\"contentUrl\":\"https:\/\/koningdrone.be\/wp-content\/uploads\/sites\/13\/2025\/04\/4.png\",\"width\":800,\"height\":450},{\"@type\":\"BreadcrumbList\",\"@id\":\"https:\/\/koningdrone.be\/product\/dji-mavic-3-classic-incl-dji-rc-smart-controller\/#breadcrumb\",\"itemListElement\":[{\"@type\":\"ListItem\",\"position\":1,\"name\":\"Home\",\"item\":\"https:\/\/koningdrone.be\/\"},{\"@type\":\"ListItem\",\"position\":2,\"name\":\"AVSS Parachute Recovery System for DJI Matrice 300\/350\",\"item\":\"https:\/\/koningdrone.be\/product\/avss-parachute-recovery-system-for-dji-matrice-300-350\/\"},{\"@type\":\"ListItem\",\"position\":3,\"name\":\"Alle drones\",\"item\":\"https:\/\/koningdrone.be\/categorie\/alle-drones\/\"},{\"@type\":\"ListItem\",\"position\":4,\"name\":\"DJI Mavic 3 Classic &#8211; incl. DJI RC Smart Controller\"}]},{\"@type\":\"WebSite\",\"@id\":\"https:\/\/koningdrone.be\/#website\",\"url\":\"https:\/\/koningdrone.be\/\",\"name\":\"Koningdrone.be - Uw online specialist in drones, gimbals, camera's en power stations.\",\"description\":\"De webshop in drones en gimbals\",\"publisher\":{\"@id\":\"https:\/\/koningdrone.be\/#organization\"},\"potentialAction\":[{\"@type\":\"SearchAction\",\"target\":{\"@type\":\"EntryPoint\",\"urlTemplate\":\"https:\/\/koningdrone.be\/?s={search_term_string}\"},\"query-input\":{\"@type\":\"PropertyValueSpecification\",\"valueRequired\":true,\"valueName\":\"search_term_string\"}}],\"inLanguage\":\"de\"},{\"@type\":\"Organization\",\"@id\":\"https:\/\/koningdrone.be\/#organization\",\"name\":\"Koningdrone.be\",\"url\":\"https:\/\/koningdrone.be\/\",\"logo\":{\"@type\":\"ImageObject\",\"inLanguage\":\"de\",\"@id\":\"https:\/\/koningdrone.be\/#\/schema\/logo\/image\/\",\"url\":\"https:\/\/koningdrone.be\/wp-content\/uploads\/sites\/13\/2025\/04\/koningdrone-copyright-logo.svg\",\"contentUrl\":\"https:\/\/koningdrone.be\/wp-content\/uploads\/sites\/13\/2025\/04\/koningdrone-copyright-logo.svg\",\"width\":227,\"height\":38,\"caption\":\"Koningdrone.be\"},\"image\":{\"@id\":\"https:\/\/koningdrone.be\/#\/schema\/logo\/image\/\"}}]}<\/script>\n<!-- \/ Yoast SEO Premium plugin. -->","yoast_head_json":{"title":"DJI Mavic 3 Classic - incl. DJI RC Smart Controller - koningdrone.be","robots":{"index":"index","follow":"follow","max-snippet":"max-snippet:-1","max-image-preview":"max-image-preview:large","max-video-preview":"max-video-preview:-1"},"canonical":"https:\/\/koningdrone.be\/de\/produkt\/dji-mavic-3-classic-incl-dji-rc-smart-controller\/","og_locale":"de_DE","og_type":"article","og_title":"DJI Mavic 3 Classic - incl. DJI RC Smart Controller","og_description":"4\/3 CMOS Hasselblad-camera5.1K\/50fps professionele beeldenHasselblad natuurlijke kleurenoplossing46-minuten maximale vliegtijdObstakeldetectie in alle richtingen15km HD video transmissieGeavanceerde RTHNachtmodus voor video-opnameDJI RC (5,5-inch HD-scherm)","og_url":"https:\/\/koningdrone.be\/de\/produkt\/dji-mavic-3-classic-incl-dji-rc-smart-controller\/","og_site_name":"koningdrone.be","article_modified_time":"2026-04-29T11:40:02+00:00","og_image":[{"width":800,"height":450,"url":"https:\/\/koningdrone.be\/wp-content\/uploads\/sites\/13\/2025\/04\/4.png","type":"image\/png"}],"twitter_card":"summary_large_image","twitter_misc":{"Gesch\u00e4tzte Lesezeit":"3\u00a0Minuten"},"schema":{"@context":"https:\/\/schema.org","@graph":[{"@type":"WebPage","@id":"https:\/\/koningdrone.be\/product\/dji-mavic-3-classic-incl-dji-rc-smart-controller\/","url":"https:\/\/koningdrone.be\/product\/dji-mavic-3-classic-incl-dji-rc-smart-controller\/","name":"DJI Mavic 3 Classic - incl. DJI RC Smart Controller - koningdrone.be","isPartOf":{"@id":"https:\/\/koningdrone.be\/#website"},"primaryImageOfPage":{"@id":"https:\/\/koningdrone.be\/product\/dji-mavic-3-classic-incl-dji-rc-smart-controller\/#primaryimage"},"image":{"@id":"https:\/\/koningdrone.be\/product\/dji-mavic-3-classic-incl-dji-rc-smart-controller\/#primaryimage"},"thumbnailUrl":"https:\/\/koningdrone.be\/wp-content\/uploads\/sites\/13\/2025\/04\/4.png","datePublished":"2022-11-08T13:28:01+00:00","dateModified":"2026-04-29T11:40:02+00:00","breadcrumb":{"@id":"https:\/\/koningdrone.be\/product\/dji-mavic-3-classic-incl-dji-rc-smart-controller\/#breadcrumb"},"inLanguage":"de","potentialAction":[{"@type":"ReadAction","target":["https:\/\/koningdrone.be\/product\/dji-mavic-3-classic-incl-dji-rc-smart-controller\/"]}]},{"@type":"ImageObject","inLanguage":"de","@id":"https:\/\/koningdrone.be\/product\/dji-mavic-3-classic-incl-dji-rc-smart-controller\/#primaryimage","url":"https:\/\/koningdrone.be\/wp-content\/uploads\/sites\/13\/2025\/04\/4.png","contentUrl":"https:\/\/koningdrone.be\/wp-content\/uploads\/sites\/13\/2025\/04\/4.png","width":800,"height":450},{"@type":"BreadcrumbList","@id":"https:\/\/koningdrone.be\/product\/dji-mavic-3-classic-incl-dji-rc-smart-controller\/#breadcrumb","itemListElement":[{"@type":"ListItem","position":1,"name":"Home","item":"https:\/\/koningdrone.be\/"},{"@type":"ListItem","position":2,"name":"AVSS Parachute Recovery System for DJI Matrice 300\/350","item":"https:\/\/koningdrone.be\/product\/avss-parachute-recovery-system-for-dji-matrice-300-350\/"},{"@type":"ListItem","position":3,"name":"Alle drones","item":"https:\/\/koningdrone.be\/categorie\/alle-drones\/"},{"@type":"ListItem","position":4,"name":"DJI Mavic 3 Classic &#8211; incl. DJI RC Smart Controller"}]},{"@type":"WebSite","@id":"https:\/\/koningdrone.be\/#website","url":"https:\/\/koningdrone.be\/","name":"Koningdrone.be - Ihr Online-Spezialist f\u00fcr Drohnen, Gimbals, Kameras und Kraftwerke.","description":"Der Webshop f\u00fcr Drohnen und Gimbals","publisher":{"@id":"https:\/\/koningdrone.be\/#organization"},"potentialAction":[{"@type":"SearchAction","target":{"@type":"EntryPoint","urlTemplate":"https:\/\/koningdrone.be\/?s={search_term_string}"},"query-input":{"@type":"PropertyValueSpecification","valueRequired":true,"valueName":"search_term_string"}}],"inLanguage":"de"},{"@type":"Organization","@id":"https:\/\/koningdrone.be\/#organization","name":"Kingdrone.de","url":"https:\/\/koningdrone.be\/","logo":{"@type":"ImageObject","inLanguage":"de","@id":"https:\/\/koningdrone.be\/#\/schema\/logo\/image\/","url":"https:\/\/koningdrone.be\/wp-content\/uploads\/sites\/13\/2025\/04\/koningdrone-copyright-logo.svg","contentUrl":"https:\/\/koningdrone.be\/wp-content\/uploads\/sites\/13\/2025\/04\/koningdrone-copyright-logo.svg","width":227,"height":38,"caption":"Koningdrone.be"},"image":{"@id":"https:\/\/koningdrone.be\/#\/schema\/logo\/image\/"}}]}},"df_price":"","df_sale_price":"","df_regular_price":"","df_image_link":"https:\/\/koningdrone.be\/wp-content\/uploads\/sites\/13\/2025\/04\/4-300x169.png","_links":{"self":[{"href":"https:\/\/koningdrone.be\/de\/wp-json\/wp\/v2\/product\/5260","targetHints":{"allow":["GET"]}}],"collection":[{"href":"https:\/\/koningdrone.be\/de\/wp-json\/wp\/v2\/product"}],"about":[{"href":"https:\/\/koningdrone.be\/de\/wp-json\/wp\/v2\/types\/product"}],"wp:featuredmedia":[{"embeddable":true,"href":"https:\/\/koningdrone.be\/de\/wp-json\/wp\/v2\/media\/5253"}],"wp:attachment":[{"href":"https:\/\/koningdrone.be\/de\/wp-json\/wp\/v2\/media?parent=5260"}],"wp:term":[{"taxonomy":"product_brand","embeddable":true,"href":"https:\/\/koningdrone.be\/de\/wp-json\/wp\/v2\/product_brand?post=5260"},{"taxonomy":"product_cat","embeddable":true,"href":"https:\/\/koningdrone.be\/de\/wp-json\/wp\/v2\/product_cat?post=5260"},{"taxonomy":"product_tag","embeddable":true,"href":"https:\/\/koningdrone.be\/de\/wp-json\/wp\/v2\/product_tag?post=5260"}],"curies":[{"name":"wp","href":"https:\/\/api.w.org\/{rel}","templated":true}]}}