{"id":5239,"date":"2022-11-13T10:35:41","date_gmt":"2022-11-13T09:35:41","guid":{"rendered":"https:\/\/koningdrone.nl\/kon\/product\/jackery-explorer-2000-pro\/"},"modified":"2026-04-29T14:40:55","modified_gmt":"2026-04-29T12:40:55","slug":"jackery-explorer-2000-pro","status":"publish","type":"product","link":"https:\/\/koningdrone.be\/de\/produkt\/jackery-explorer-2000-pro\/","title":{"rendered":"Jackery EXPLORER 2000 Pro"},"content":{"rendered":"<p>Die Explorer 2000 Pro ist eine hochwertige tragbare Powerbank, ideal f\u00fcr Reisen, Camping, im Garten oder als Notstromversorgung zu Hause. Der Lithium-Ionen-Akku liefert reichlich Strom mit 2x 230V\/2200W-Steckdosen (Spitzenleistung 4400W), 2x USB-A-Anschl\u00fcssen, 1x QC 3.0-Anschluss, 2x USB-C PD-Anschl\u00fcssen und einem 12V-Autoanschluss. Er l\u00e4sst sich einfach \u00fcber Solarzellen (separat erh\u00e4ltlich), einen Stromadapter oder im Auto aufladen. Im Vergleich zu herk\u00f6mmlichen Generatoren ist die Jackery Powerstation umweltfreundlicher und ben\u00f6tigt kein Benzin oder anderen Kraftstoff. Ein integrierter Solarladeregler mit MPPT-Technologie sorgt f\u00fcr maximale Ladeeffizienz, und ein BMS-Batteriemanagementsystem bietet Schutz vor \u00dcberhitzung und Kurzschluss.<\/p>\n<p><strong>Technische Daten<\/strong><\/p>\n<p>- Betriebsspannung: 230 V~, 50 Hz<br \/>\n- Leistung: maximal 4400W<br \/>\n- Kapazit\u00e4t: 2160Wh (50Ah, 43,2V)<br \/>\n- Batterietyp: Lithium-Ionen<br \/>\n- Ausg\u00e4nge: 2x Steckdose, 2x USB-A, 1x Autoanschluss, 2x USB-C PD 1x QC 3.0<br \/>\n- Eing\u00e4nge: AC 1800W, Solar 1400W, Autoanschluss 12V\/8A max.<br \/>\n- Ladedauer: ca. 2 Stunden (Wechselstrom)<br \/>\n- Betriebstemperatur: -10...+40 \u00b0C<br \/>\n- Gewicht: 19,5 kg<br \/>\n- Abmessungen: 383x269x307,5 mm<\/p>\n<p>&nbsp;<\/p>","protected":false},"excerpt":{"rendered":"<ul>\n<li>Idealer Reisebegleiter<\/li>\n<li>Plug-and-Play-Installation ohne Elektriker.<\/li>\n<li>Zuverl\u00e4ssige Stromversorgung zu jeder Zeit<\/li>\n<li>2200W Leistung<\/li>\n<li>Lithium-Akku mit 2160 Wh (50 Ah)<\/li>\n<li>Reine Sinus-AC-Ausg\u00e4nge (2x)<\/li>\n<li>12-V-Autostecker, 2x USB-A, 1x QC 3.0, 2x USB-C PD-Anschluss<\/li>\n<li>Intelligentes LCD-Display zur Anzeige von Eingangsleistung, Ausgangsleistung und verbleibender Batterieleistung<\/li>\n<li>Gro\u00dfe Kapazit\u00e4t bei geringer Gr\u00f6\u00dfe<\/li>\n<li>3 Lademodi - Wandsteckdose, Autosteckdose, Solarenergie<\/li>\n<li>LED-Taschenlampe mit SOS-Modus<\/li>\n<li>AC-Adapter in etwa 2 Stunden aufgeladen<\/li>\n<li>Das tragbare Kraftpaket ben\u00f6tigt weder Benzin noch andere Brennstoffe und ist daher besonders leise und unauff\u00e4llig.<\/li>\n<\/ul>","protected":false},"featured_media":5232,"template":"","meta":{"_acf_changed":false},"product_brand":[],"product_cat":[454,97,415,475,476],"product_tag":[],"class_list":{"0":"post-5239","1":"product","2":"type-product","3":"status-publish","4":"has-post-thumbnail","6":"product_cat-alle-powerstations","7":"product_cat-alle-producten","8":"product_cat-energy","9":"product_cat-jackery","10":"product_cat-jackery-powerstations","11":"product_shipping_class-outofstock","12":"pa_brand-jackery","13":"pa_capaciteit-2501-wh-en-meer","14":"pa_productfamily-power-station","15":"pa_producttype-power-station","16":"pa_series-explorer","17":"pa_type-batterij-li-ion-nmc","19":"first","20":"outofstock","21":"taxable","22":"shipping-taxable","23":"product-type-simple"},"acf":[],"yoast_head":"<!-- This site is optimized with the Yoast SEO Premium plugin v27.2 (Yoast SEO v27.2) - https:\/\/yoast.com\/product\/yoast-seo-premium-wordpress\/ -->\n<title>Jackery EXPLORER 2000 Pro - koningdrone.be<\/title>\n<meta name=\"robots\" content=\"index, follow, max-snippet:-1, max-image-preview:large, max-video-preview:-1\" \/>\n<link rel=\"canonical\" href=\"https:\/\/koningdrone.be\/de\/produkt\/jackery-explorer-2000-pro\/\" \/>\n<meta property=\"og:locale\" content=\"de_DE\" \/>\n<meta property=\"og:type\" content=\"article\" \/>\n<meta property=\"og:title\" content=\"Jackery EXPLORER 2000 Pro\" \/>\n<meta property=\"og:description\" content=\"Ideale reisgenoot  Plug and play installatie zonder elektricien.  Altijd betrouwbare stroomvoorziening  2200W vermogen  Lithiumbatterij met 2160 Wh (50 Ah)  Pure sinusgolf AC-uitgangen (2x)  12 V autostekker, 2x USB-A, 1x QC 3.0, 2x USB-C PD-stekker  Slim LCD-scherm om het ingangsvermogen, het uitgangsvermogen en het resterende batterijvermogen weer te geven  Grote capaciteit met klein formaat  3 oplaadmodi - stopcontact, auto-stopcontact, zonne-energie  LED-zaklamp met SOS-modus  AC-adapter opgeladen in ongeveer 2 uur  De draagbare krachtcentrale heeft geen benzine of andere brandstof nodig en is daardoor superstil en onopvallend.\" \/>\n<meta property=\"og:url\" content=\"https:\/\/koningdrone.be\/de\/produkt\/jackery-explorer-2000-pro\/\" \/>\n<meta property=\"og:site_name\" content=\"koningdrone.be\" \/>\n<meta property=\"article:modified_time\" content=\"2026-04-29T12:40:55+00:00\" \/>\n<meta property=\"og:image\" content=\"https:\/\/koningdrone.be\/wp-content\/uploads\/sites\/13\/2025\/04\/190074000096-1.png\" \/>\n\t<meta property=\"og:image:width\" content=\"800\" \/>\n\t<meta property=\"og:image:height\" content=\"800\" \/>\n\t<meta property=\"og:image:type\" content=\"image\/png\" \/>\n<meta name=\"twitter:card\" content=\"summary_large_image\" \/>\n<meta name=\"twitter:label1\" content=\"Gesch\u00e4tzte Lesezeit\" \/>\n\t<meta name=\"twitter:data1\" content=\"1\u00a0Minute\" \/>\n<script type=\"application\/ld+json\" class=\"yoast-schema-graph\">{\"@context\":\"https:\/\/schema.org\",\"@graph\":[{\"@type\":\"WebPage\",\"@id\":\"https:\/\/koningdrone.be\/product\/jackery-explorer-2000-pro\/\",\"url\":\"https:\/\/koningdrone.be\/product\/jackery-explorer-2000-pro\/\",\"name\":\"Jackery EXPLORER 2000 Pro - koningdrone.be\",\"isPartOf\":{\"@id\":\"https:\/\/koningdrone.be\/#website\"},\"primaryImageOfPage\":{\"@id\":\"https:\/\/koningdrone.be\/product\/jackery-explorer-2000-pro\/#primaryimage\"},\"image\":{\"@id\":\"https:\/\/koningdrone.be\/product\/jackery-explorer-2000-pro\/#primaryimage\"},\"thumbnailUrl\":\"https:\/\/koningdrone.be\/wp-content\/uploads\/sites\/13\/2025\/04\/190074000096-1.png\",\"datePublished\":\"2022-11-13T09:35:41+00:00\",\"dateModified\":\"2026-04-29T12:40:55+00:00\",\"breadcrumb\":{\"@id\":\"https:\/\/koningdrone.be\/product\/jackery-explorer-2000-pro\/#breadcrumb\"},\"inLanguage\":\"de\",\"potentialAction\":[{\"@type\":\"ReadAction\",\"target\":[\"https:\/\/koningdrone.be\/product\/jackery-explorer-2000-pro\/\"]}]},{\"@type\":\"ImageObject\",\"inLanguage\":\"de\",\"@id\":\"https:\/\/koningdrone.be\/product\/jackery-explorer-2000-pro\/#primaryimage\",\"url\":\"https:\/\/koningdrone.be\/wp-content\/uploads\/sites\/13\/2025\/04\/190074000096-1.png\",\"contentUrl\":\"https:\/\/koningdrone.be\/wp-content\/uploads\/sites\/13\/2025\/04\/190074000096-1.png\",\"width\":800,\"height\":800},{\"@type\":\"BreadcrumbList\",\"@id\":\"https:\/\/koningdrone.be\/product\/jackery-explorer-2000-pro\/#breadcrumb\",\"itemListElement\":[{\"@type\":\"ListItem\",\"position\":1,\"name\":\"Home\",\"item\":\"https:\/\/koningdrone.be\/\"},{\"@type\":\"ListItem\",\"position\":2,\"name\":\"AVSS Parachute Recovery System for DJI Matrice 300\/350\",\"item\":\"https:\/\/koningdrone.be\/product\/avss-parachute-recovery-system-for-dji-matrice-300-350\/\"},{\"@type\":\"ListItem\",\"position\":3,\"name\":\"Alle powerstations\",\"item\":\"https:\/\/koningdrone.be\/categorie\/alle-powerstations\/\"},{\"@type\":\"ListItem\",\"position\":4,\"name\":\"Jackery EXPLORER 2000 Pro\"}]},{\"@type\":\"WebSite\",\"@id\":\"https:\/\/koningdrone.be\/#website\",\"url\":\"https:\/\/koningdrone.be\/\",\"name\":\"Koningdrone.be - Uw online specialist in drones, gimbals, camera's en power stations.\",\"description\":\"De webshop in drones en gimbals\",\"publisher\":{\"@id\":\"https:\/\/koningdrone.be\/#organization\"},\"potentialAction\":[{\"@type\":\"SearchAction\",\"target\":{\"@type\":\"EntryPoint\",\"urlTemplate\":\"https:\/\/koningdrone.be\/?s={search_term_string}\"},\"query-input\":{\"@type\":\"PropertyValueSpecification\",\"valueRequired\":true,\"valueName\":\"search_term_string\"}}],\"inLanguage\":\"de\"},{\"@type\":\"Organization\",\"@id\":\"https:\/\/koningdrone.be\/#organization\",\"name\":\"Koningdrone.be\",\"url\":\"https:\/\/koningdrone.be\/\",\"logo\":{\"@type\":\"ImageObject\",\"inLanguage\":\"de\",\"@id\":\"https:\/\/koningdrone.be\/#\/schema\/logo\/image\/\",\"url\":\"https:\/\/koningdrone.be\/wp-content\/uploads\/sites\/13\/2025\/04\/koningdrone-copyright-logo.svg\",\"contentUrl\":\"https:\/\/koningdrone.be\/wp-content\/uploads\/sites\/13\/2025\/04\/koningdrone-copyright-logo.svg\",\"width\":227,\"height\":38,\"caption\":\"Koningdrone.be\"},\"image\":{\"@id\":\"https:\/\/koningdrone.be\/#\/schema\/logo\/image\/\"}}]}<\/script>\n<!-- \/ Yoast SEO Premium plugin. -->","yoast_head_json":{"title":"Jackery EXPLORER 2000 Pro - koningdrone.be","robots":{"index":"index","follow":"follow","max-snippet":"max-snippet:-1","max-image-preview":"max-image-preview:large","max-video-preview":"max-video-preview:-1"},"canonical":"https:\/\/koningdrone.be\/de\/produkt\/jackery-explorer-2000-pro\/","og_locale":"de_DE","og_type":"article","og_title":"Jackery EXPLORER 2000 Pro","og_description":"Ideale reisgenoot  Plug and play installatie zonder elektricien.  Altijd betrouwbare stroomvoorziening  2200W vermogen  Lithiumbatterij met 2160 Wh (50 Ah)  Pure sinusgolf AC-uitgangen (2x)  12 V autostekker, 2x USB-A, 1x QC 3.0, 2x USB-C PD-stekker  Slim LCD-scherm om het ingangsvermogen, het uitgangsvermogen en het resterende batterijvermogen weer te geven  Grote capaciteit met klein formaat  3 oplaadmodi - stopcontact, auto-stopcontact, zonne-energie  LED-zaklamp met SOS-modus  AC-adapter opgeladen in ongeveer 2 uur  De draagbare krachtcentrale heeft geen benzine of andere brandstof nodig en is daardoor superstil en onopvallend.","og_url":"https:\/\/koningdrone.be\/de\/produkt\/jackery-explorer-2000-pro\/","og_site_name":"koningdrone.be","article_modified_time":"2026-04-29T12:40:55+00:00","og_image":[{"width":800,"height":800,"url":"https:\/\/koningdrone.be\/wp-content\/uploads\/sites\/13\/2025\/04\/190074000096-1.png","type":"image\/png"}],"twitter_card":"summary_large_image","twitter_misc":{"Gesch\u00e4tzte Lesezeit":"1\u00a0Minute"},"schema":{"@context":"https:\/\/schema.org","@graph":[{"@type":"WebPage","@id":"https:\/\/koningdrone.be\/product\/jackery-explorer-2000-pro\/","url":"https:\/\/koningdrone.be\/product\/jackery-explorer-2000-pro\/","name":"Jackery EXPLORER 2000 Pro - koningdrone.be","isPartOf":{"@id":"https:\/\/koningdrone.be\/#website"},"primaryImageOfPage":{"@id":"https:\/\/koningdrone.be\/product\/jackery-explorer-2000-pro\/#primaryimage"},"image":{"@id":"https:\/\/koningdrone.be\/product\/jackery-explorer-2000-pro\/#primaryimage"},"thumbnailUrl":"https:\/\/koningdrone.be\/wp-content\/uploads\/sites\/13\/2025\/04\/190074000096-1.png","datePublished":"2022-11-13T09:35:41+00:00","dateModified":"2026-04-29T12:40:55+00:00","breadcrumb":{"@id":"https:\/\/koningdrone.be\/product\/jackery-explorer-2000-pro\/#breadcrumb"},"inLanguage":"de","potentialAction":[{"@type":"ReadAction","target":["https:\/\/koningdrone.be\/product\/jackery-explorer-2000-pro\/"]}]},{"@type":"ImageObject","inLanguage":"de","@id":"https:\/\/koningdrone.be\/product\/jackery-explorer-2000-pro\/#primaryimage","url":"https:\/\/koningdrone.be\/wp-content\/uploads\/sites\/13\/2025\/04\/190074000096-1.png","contentUrl":"https:\/\/koningdrone.be\/wp-content\/uploads\/sites\/13\/2025\/04\/190074000096-1.png","width":800,"height":800},{"@type":"BreadcrumbList","@id":"https:\/\/koningdrone.be\/product\/jackery-explorer-2000-pro\/#breadcrumb","itemListElement":[{"@type":"ListItem","position":1,"name":"Home","item":"https:\/\/koningdrone.be\/"},{"@type":"ListItem","position":2,"name":"AVSS Parachute Recovery System for DJI Matrice 300\/350","item":"https:\/\/koningdrone.be\/product\/avss-parachute-recovery-system-for-dji-matrice-300-350\/"},{"@type":"ListItem","position":3,"name":"Alle powerstations","item":"https:\/\/koningdrone.be\/categorie\/alle-powerstations\/"},{"@type":"ListItem","position":4,"name":"Jackery EXPLORER 2000 Pro"}]},{"@type":"WebSite","@id":"https:\/\/koningdrone.be\/#website","url":"https:\/\/koningdrone.be\/","name":"Koningdrone.be - Ihr Online-Spezialist f\u00fcr Drohnen, Gimbals, Kameras und Kraftwerke.","description":"Der Webshop f\u00fcr Drohnen und Gimbals","publisher":{"@id":"https:\/\/koningdrone.be\/#organization"},"potentialAction":[{"@type":"SearchAction","target":{"@type":"EntryPoint","urlTemplate":"https:\/\/koningdrone.be\/?s={search_term_string}"},"query-input":{"@type":"PropertyValueSpecification","valueRequired":true,"valueName":"search_term_string"}}],"inLanguage":"de"},{"@type":"Organization","@id":"https:\/\/koningdrone.be\/#organization","name":"Kingdrone.de","url":"https:\/\/koningdrone.be\/","logo":{"@type":"ImageObject","inLanguage":"de","@id":"https:\/\/koningdrone.be\/#\/schema\/logo\/image\/","url":"https:\/\/koningdrone.be\/wp-content\/uploads\/sites\/13\/2025\/04\/koningdrone-copyright-logo.svg","contentUrl":"https:\/\/koningdrone.be\/wp-content\/uploads\/sites\/13\/2025\/04\/koningdrone-copyright-logo.svg","width":227,"height":38,"caption":"Koningdrone.be"},"image":{"@id":"https:\/\/koningdrone.be\/#\/schema\/logo\/image\/"}}]}},"df_price":"","df_sale_price":"","df_regular_price":"","df_image_link":"https:\/\/koningdrone.be\/wp-content\/uploads\/sites\/13\/2025\/04\/190074000096-1-300x300.png","_links":{"self":[{"href":"https:\/\/koningdrone.be\/de\/wp-json\/wp\/v2\/product\/5239","targetHints":{"allow":["GET"]}}],"collection":[{"href":"https:\/\/koningdrone.be\/de\/wp-json\/wp\/v2\/product"}],"about":[{"href":"https:\/\/koningdrone.be\/de\/wp-json\/wp\/v2\/types\/product"}],"wp:featuredmedia":[{"embeddable":true,"href":"https:\/\/koningdrone.be\/de\/wp-json\/wp\/v2\/media\/5232"}],"wp:attachment":[{"href":"https:\/\/koningdrone.be\/de\/wp-json\/wp\/v2\/media?parent=5239"}],"wp:term":[{"taxonomy":"product_brand","embeddable":true,"href":"https:\/\/koningdrone.be\/de\/wp-json\/wp\/v2\/product_brand?post=5239"},{"taxonomy":"product_cat","embeddable":true,"href":"https:\/\/koningdrone.be\/de\/wp-json\/wp\/v2\/product_cat?post=5239"},{"taxonomy":"product_tag","embeddable":true,"href":"https:\/\/koningdrone.be\/de\/wp-json\/wp\/v2\/product_tag?post=5239"}],"curies":[{"name":"wp","href":"https:\/\/api.w.org\/{rel}","templated":true}]}}