{"id":5226,"date":"2022-11-13T10:35:41","date_gmt":"2022-11-13T09:35:41","guid":{"rendered":"https:\/\/koningdrone.nl\/kon\/product\/jackery-explorer-500-combo\/"},"modified":"2025-05-20T14:36:33","modified_gmt":"2025-05-20T12:36:33","slug":"jackery-explorer-500-combo","status":"publish","type":"product","link":"https:\/\/koningdrone.be\/de\/produkt\/jackery-explorer-500-combo\/","title":{"rendered":"Jackery Explorer 500 Kombi"},"content":{"rendered":"<p><strong>Produktbeschreibung Jackery Explorer 500 Combo<\/strong><\/p>\n<p>Die Jackery Explorer 500 Combo ist ein Bundle aus 3 Produkten: der Jackery Explorer 500, einer passenden Tasche und einem Solarpanel zum Aufladen. Mit einer Kapazit\u00e4t von 518Wh ist der Explorer 500 gr\u00f6\u00dfer als der Jackery Explorer 240 und bietet die doppelte Nutzungszeit. Mit einer Leistung von 500 W k\u00f6nnen die meisten Ger\u00e4te wie Handys, Tablets und Laptops \u00fcber Solarstrom, 12-Volt-Autostrom, Netzstrom und sogar \u00fcber einen Stromgenerator aufgeladen werden. Achten Sie jedoch auf die Leistung der zu verwendenden Ger\u00e4te, z. B. eines Wasserkochers, der mehr als 1000 Watt ben\u00f6tigt.<\/p>\n<p><strong>Jackery SolarSaga 100W Solarmodul<\/strong><\/p>\n<p>Das Jackery SolarSaga 100W Solarmodul bietet einen hohen Umwandlungswirkungsgrad von bis zu 23%, was es ideal f\u00fcr Outdoor-Aktivit\u00e4ten und Notf\u00e4lle macht. Das Solarpanel ist faltbar, leicht und tragbar, wodurch es einfach zu transportieren ist. Auch ohne Kraftwerk k\u00f6nnen die Jackery-Solarpaneele separat verwendet werden, so dass es einfach ist, Ger\u00e4te auf Reisen aufzuladen.<\/p>\n<p><strong>Aufladeoptionen Explorer 500<\/strong><\/p>\n<p>Der Jackery Explorer 500 kann auf vier Arten aufgeladen werden: \u00fcber Solar, Netz, Autoladeger\u00e4t und einen Generator. Die Ladezeiten variieren, wobei das Aufladen \u00fcber AC und 12V\/24V etwa 7,5 Stunden und mit einem 100W-Panel etwa 9,5 Stunden dauert.<\/p>\n<p><strong>Qualit\u00e4t und Sicherheit<\/strong><\/p>\n<p>Jackery garantiert Qualit\u00e4t und Kurzschlussschutz durch fortschrittliche Sicherheitsfunktionen und ein Batteriemanagementsystem. Die Batterien bestehen aus Lithium-Nickel-Mangan-Kobaltoxid (NMC), dem gleichen Batterietyp, der auch in Tesla-Autos verwendet wird. Mit mehreren Anschl\u00fcssen zum Aufladen normaler Ger\u00e4te und mehr ist der Explorer 500 ideal f\u00fcr Outdoor-Aktivit\u00e4ten und als Notstromversorgung bei Stromausf\u00e4llen.<\/p>\n<p><\/p>","protected":false},"excerpt":{"rendered":"<ul>\n<li>Kapazit\u00e4t: 518Wh (24000mAh)<\/li>\n<li>Batterietyp: Lithium-Ionen-NMC<\/li>\n<li>Ladezyklen: 500 Zyklen f\u00fcr die Kapazit\u00e4t 80%<\/li>\n<li>Zeit zu spielen:<\/li>\n<li>C: 7,5 Stunden<\/li>\n<li>2V\/24V: 7,5 Stunden<\/li>\n<li>et 100W-Panel: 9,5 Stunden<\/li>\n<li>ystemen: BMS, \u00dcberspannungsschutz, Kurzschlussschutz.<\/li>\n<li>VENS:<\/li>\n<li>AC-Ausgang: 110VAC, 60Hz, 500W (1000W Spitzenleistung)<\/li>\n<li>SB-A-Ausgang: 5V, 2,4A<\/li>\n<li>uto-Ausgang: 12V, 7A<\/li>\n<li>C-Eingang: 12V-30V (100WMax)<\/li>\n<li>sis-Informationen:<\/li>\n<li>Gewicht: 6,04 kg<\/li>\n<li>Abmessungen (LxBxT): (30,1 x 19,3 x 24,2 cm)<\/li>\n<li>Optimale Temperatur: 14-104F (-10 bis 40\u2103)<\/li>\n<li>ertifizierung: CEC, DOE, FCC, UL, CA Prop 65<\/li>\n<li>Garantie : 24 Monate<\/li>\n<li>Optionales Zubeh\u00f6r: SolarSaga 100W Solarmodul<\/li>\n<li>nd Leitfaden \u00fcber Jackery.com<\/li>\n<\/ul>","protected":false},"featured_media":5219,"template":"","meta":{"_acf_changed":false},"product_brand":[],"product_cat":[454,97,415,475,476],"product_tag":[],"class_list":{"0":"post-5226","1":"product","2":"type-product","3":"status-publish","4":"has-post-thumbnail","6":"product_cat-alle-powerstations","7":"product_cat-alle-producten","8":"product_cat-energy","9":"product_cat-jackery","10":"product_cat-jackery-powerstations","11":"pa_afmetingen-242-x-192-x-30-cm","12":"pa_brand-jackery","13":"pa_capaciteit-518wh","14":"pa_gewicht-6-kg","15":"pa_input-dc-ac-ingang-ondersteunt-geen-direct-ac-opladen-gebruik-de-meegeleverde-externe-ac-oplader-dc-ingang-24v375a","16":"pa_materiaal-kunststof","17":"pa_oplaadtijd-via-ac-7-5-uur","18":"pa_output-230-v-1x-ac-uitgang-x1-230v-50hz-500w-1-000w-piek","19":"pa_output-dc-2x-dc-uitgang-x2-12v7a-1x-autopoort-x1-12v10a","20":"pa_output-usb-3x-usb-a-uitgang-x3-5v24a","21":"pa_productfamily-power-station","22":"pa_producttype-power-station","23":"pa_series-explorer","24":"pa_type-batterij-li-ion-nmc","26":"first","27":"outofstock","28":"taxable","29":"shipping-taxable","30":"product-type-simple"},"acf":[],"yoast_head":"<!-- This site is optimized with the Yoast SEO Premium plugin v27.2 (Yoast SEO v27.2) - https:\/\/yoast.com\/product\/yoast-seo-premium-wordpress\/ -->\n<title>Jackery Explorer 500 Combo - koningdrone.be<\/title>\n<meta name=\"robots\" content=\"index, follow, max-snippet:-1, max-image-preview:large, max-video-preview:-1\" \/>\n<link rel=\"canonical\" href=\"https:\/\/koningdrone.be\/de\/produkt\/jackery-explorer-500-combo\/\" \/>\n<meta property=\"og:locale\" content=\"de_DE\" \/>\n<meta property=\"og:type\" content=\"article\" \/>\n<meta property=\"og:title\" content=\"Jackery Explorer 500 Combo\" \/>\n<meta property=\"og:description\" content=\"Capaciteit: 518Wh (24000mAh)Batterijtype: Lithium-ion NMCplaadcycli: 500 cycli voor 80% capaciteitplaadtijd:C: 7,5 uur2V\/24V: 7,5 uuret 100W paneel: 9,5 uurystemen: BMS, overspanningsbeveiliging, kortsluitbeveiliging.VENS:AC-uitgang: 110VAC, 60Hz, 500W (1000W piekpiek)SB-A-uitgang: 5V, 2,4Auto-uitgang: 12V, 7AC-ingang: 12V-30V (100WMax)sis informatie:ewicht: 6,04 kgfmetingen (LxBxD): (30,1 x 19,3 x 24,2 cm)Optimale temperatuur: 14-104F (-10 tot 40\u2103)ertificatie: CEC, DOE, FCC, UL, CA Prop 65arantie : 24 Maandenptioneel accessoire: SolarSaga 100W zonnepaneelndleiding via Jackery.com\" \/>\n<meta property=\"og:url\" content=\"https:\/\/koningdrone.be\/de\/produkt\/jackery-explorer-500-combo\/\" \/>\n<meta property=\"og:site_name\" content=\"koningdrone.be\" \/>\n<meta property=\"article:modified_time\" content=\"2025-05-20T12:36:33+00:00\" \/>\n<meta property=\"og:image\" content=\"https:\/\/koningdrone.be\/wp-content\/uploads\/sites\/13\/2025\/04\/9533806023245-1.jpg\" \/>\n\t<meta property=\"og:image:width\" content=\"800\" \/>\n\t<meta property=\"og:image:height\" content=\"800\" \/>\n\t<meta property=\"og:image:type\" content=\"image\/jpeg\" \/>\n<meta name=\"twitter:card\" content=\"summary_large_image\" \/>\n<meta name=\"twitter:label1\" content=\"Gesch\u00e4tzte Lesezeit\" \/>\n\t<meta name=\"twitter:data1\" content=\"1\u00a0Minute\" \/>\n<script type=\"application\/ld+json\" class=\"yoast-schema-graph\">{\"@context\":\"https:\/\/schema.org\",\"@graph\":[{\"@type\":\"WebPage\",\"@id\":\"https:\/\/koningdrone.be\/product\/jackery-explorer-500-combo\/\",\"url\":\"https:\/\/koningdrone.be\/product\/jackery-explorer-500-combo\/\",\"name\":\"Jackery Explorer 500 Combo - koningdrone.be\",\"isPartOf\":{\"@id\":\"https:\/\/koningdrone.be\/#website\"},\"primaryImageOfPage\":{\"@id\":\"https:\/\/koningdrone.be\/product\/jackery-explorer-500-combo\/#primaryimage\"},\"image\":{\"@id\":\"https:\/\/koningdrone.be\/product\/jackery-explorer-500-combo\/#primaryimage\"},\"thumbnailUrl\":\"https:\/\/koningdrone.be\/wp-content\/uploads\/sites\/13\/2025\/04\/9533806023245-1.jpg\",\"datePublished\":\"2022-11-13T09:35:41+00:00\",\"dateModified\":\"2025-05-20T12:36:33+00:00\",\"breadcrumb\":{\"@id\":\"https:\/\/koningdrone.be\/product\/jackery-explorer-500-combo\/#breadcrumb\"},\"inLanguage\":\"de\",\"potentialAction\":[{\"@type\":\"ReadAction\",\"target\":[\"https:\/\/koningdrone.be\/product\/jackery-explorer-500-combo\/\"]}]},{\"@type\":\"ImageObject\",\"inLanguage\":\"de\",\"@id\":\"https:\/\/koningdrone.be\/product\/jackery-explorer-500-combo\/#primaryimage\",\"url\":\"https:\/\/koningdrone.be\/wp-content\/uploads\/sites\/13\/2025\/04\/9533806023245-1.jpg\",\"contentUrl\":\"https:\/\/koningdrone.be\/wp-content\/uploads\/sites\/13\/2025\/04\/9533806023245-1.jpg\",\"width\":800,\"height\":800},{\"@type\":\"BreadcrumbList\",\"@id\":\"https:\/\/koningdrone.be\/product\/jackery-explorer-500-combo\/#breadcrumb\",\"itemListElement\":[{\"@type\":\"ListItem\",\"position\":1,\"name\":\"Home\",\"item\":\"https:\/\/koningdrone.be\/\"},{\"@type\":\"ListItem\",\"position\":2,\"name\":\"AVSS Parachute Recovery System for DJI Matrice 300\/350\",\"item\":\"https:\/\/koningdrone.be\/product\/avss-parachute-recovery-system-for-dji-matrice-300-350\/\"},{\"@type\":\"ListItem\",\"position\":3,\"name\":\"Alle powerstations\",\"item\":\"https:\/\/koningdrone.be\/categorie\/alle-powerstations\/\"},{\"@type\":\"ListItem\",\"position\":4,\"name\":\"Jackery Explorer 500 Combo\"}]},{\"@type\":\"WebSite\",\"@id\":\"https:\/\/koningdrone.be\/#website\",\"url\":\"https:\/\/koningdrone.be\/\",\"name\":\"Koningdrone.be - Uw online specialist in drones, gimbals, camera's en power stations.\",\"description\":\"De webshop in drones en gimbals\",\"publisher\":{\"@id\":\"https:\/\/koningdrone.be\/#organization\"},\"potentialAction\":[{\"@type\":\"SearchAction\",\"target\":{\"@type\":\"EntryPoint\",\"urlTemplate\":\"https:\/\/koningdrone.be\/?s={search_term_string}\"},\"query-input\":{\"@type\":\"PropertyValueSpecification\",\"valueRequired\":true,\"valueName\":\"search_term_string\"}}],\"inLanguage\":\"de\"},{\"@type\":\"Organization\",\"@id\":\"https:\/\/koningdrone.be\/#organization\",\"name\":\"Koningdrone.be\",\"url\":\"https:\/\/koningdrone.be\/\",\"logo\":{\"@type\":\"ImageObject\",\"inLanguage\":\"de\",\"@id\":\"https:\/\/koningdrone.be\/#\/schema\/logo\/image\/\",\"url\":\"https:\/\/koningdrone.be\/wp-content\/uploads\/sites\/13\/2025\/04\/koningdrone-copyright-logo.svg\",\"contentUrl\":\"https:\/\/koningdrone.be\/wp-content\/uploads\/sites\/13\/2025\/04\/koningdrone-copyright-logo.svg\",\"width\":227,\"height\":38,\"caption\":\"Koningdrone.be\"},\"image\":{\"@id\":\"https:\/\/koningdrone.be\/#\/schema\/logo\/image\/\"}}]}<\/script>\n<!-- \/ Yoast SEO Premium plugin. -->","yoast_head_json":{"title":"Jackery Explorer 500 Combo - koningdrone.be","robots":{"index":"index","follow":"follow","max-snippet":"max-snippet:-1","max-image-preview":"max-image-preview:large","max-video-preview":"max-video-preview:-1"},"canonical":"https:\/\/koningdrone.be\/de\/produkt\/jackery-explorer-500-combo\/","og_locale":"de_DE","og_type":"article","og_title":"Jackery Explorer 500 Combo","og_description":"Capaciteit: 518Wh (24000mAh)Batterijtype: Lithium-ion NMCplaadcycli: 500 cycli voor 80% capaciteitplaadtijd:C: 7,5 uur2V\/24V: 7,5 uuret 100W paneel: 9,5 uurystemen: BMS, overspanningsbeveiliging, kortsluitbeveiliging.VENS:AC-uitgang: 110VAC, 60Hz, 500W (1000W piekpiek)SB-A-uitgang: 5V, 2,4Auto-uitgang: 12V, 7AC-ingang: 12V-30V (100WMax)sis informatie:ewicht: 6,04 kgfmetingen (LxBxD): (30,1 x 19,3 x 24,2 cm)Optimale temperatuur: 14-104F (-10 tot 40\u2103)ertificatie: CEC, DOE, FCC, UL, CA Prop 65arantie : 24 Maandenptioneel accessoire: SolarSaga 100W zonnepaneelndleiding via Jackery.com","og_url":"https:\/\/koningdrone.be\/de\/produkt\/jackery-explorer-500-combo\/","og_site_name":"koningdrone.be","article_modified_time":"2025-05-20T12:36:33+00:00","og_image":[{"width":800,"height":800,"url":"https:\/\/koningdrone.be\/wp-content\/uploads\/sites\/13\/2025\/04\/9533806023245-1.jpg","type":"image\/jpeg"}],"twitter_card":"summary_large_image","twitter_misc":{"Gesch\u00e4tzte Lesezeit":"1\u00a0Minute"},"schema":{"@context":"https:\/\/schema.org","@graph":[{"@type":"WebPage","@id":"https:\/\/koningdrone.be\/product\/jackery-explorer-500-combo\/","url":"https:\/\/koningdrone.be\/product\/jackery-explorer-500-combo\/","name":"Jackery Explorer 500 Combo - koningdrone.be","isPartOf":{"@id":"https:\/\/koningdrone.be\/#website"},"primaryImageOfPage":{"@id":"https:\/\/koningdrone.be\/product\/jackery-explorer-500-combo\/#primaryimage"},"image":{"@id":"https:\/\/koningdrone.be\/product\/jackery-explorer-500-combo\/#primaryimage"},"thumbnailUrl":"https:\/\/koningdrone.be\/wp-content\/uploads\/sites\/13\/2025\/04\/9533806023245-1.jpg","datePublished":"2022-11-13T09:35:41+00:00","dateModified":"2025-05-20T12:36:33+00:00","breadcrumb":{"@id":"https:\/\/koningdrone.be\/product\/jackery-explorer-500-combo\/#breadcrumb"},"inLanguage":"de","potentialAction":[{"@type":"ReadAction","target":["https:\/\/koningdrone.be\/product\/jackery-explorer-500-combo\/"]}]},{"@type":"ImageObject","inLanguage":"de","@id":"https:\/\/koningdrone.be\/product\/jackery-explorer-500-combo\/#primaryimage","url":"https:\/\/koningdrone.be\/wp-content\/uploads\/sites\/13\/2025\/04\/9533806023245-1.jpg","contentUrl":"https:\/\/koningdrone.be\/wp-content\/uploads\/sites\/13\/2025\/04\/9533806023245-1.jpg","width":800,"height":800},{"@type":"BreadcrumbList","@id":"https:\/\/koningdrone.be\/product\/jackery-explorer-500-combo\/#breadcrumb","itemListElement":[{"@type":"ListItem","position":1,"name":"Home","item":"https:\/\/koningdrone.be\/"},{"@type":"ListItem","position":2,"name":"AVSS Parachute Recovery System for DJI Matrice 300\/350","item":"https:\/\/koningdrone.be\/product\/avss-parachute-recovery-system-for-dji-matrice-300-350\/"},{"@type":"ListItem","position":3,"name":"Alle powerstations","item":"https:\/\/koningdrone.be\/categorie\/alle-powerstations\/"},{"@type":"ListItem","position":4,"name":"Jackery Explorer 500 Combo"}]},{"@type":"WebSite","@id":"https:\/\/koningdrone.be\/#website","url":"https:\/\/koningdrone.be\/","name":"Koningdrone.be - Ihr Online-Spezialist f\u00fcr Drohnen, Gimbals, Kameras und Kraftwerke.","description":"Der Webshop f\u00fcr Drohnen und Gimbals","publisher":{"@id":"https:\/\/koningdrone.be\/#organization"},"potentialAction":[{"@type":"SearchAction","target":{"@type":"EntryPoint","urlTemplate":"https:\/\/koningdrone.be\/?s={search_term_string}"},"query-input":{"@type":"PropertyValueSpecification","valueRequired":true,"valueName":"search_term_string"}}],"inLanguage":"de"},{"@type":"Organization","@id":"https:\/\/koningdrone.be\/#organization","name":"Kingdrone.de","url":"https:\/\/koningdrone.be\/","logo":{"@type":"ImageObject","inLanguage":"de","@id":"https:\/\/koningdrone.be\/#\/schema\/logo\/image\/","url":"https:\/\/koningdrone.be\/wp-content\/uploads\/sites\/13\/2025\/04\/koningdrone-copyright-logo.svg","contentUrl":"https:\/\/koningdrone.be\/wp-content\/uploads\/sites\/13\/2025\/04\/koningdrone-copyright-logo.svg","width":227,"height":38,"caption":"Koningdrone.be"},"image":{"@id":"https:\/\/koningdrone.be\/#\/schema\/logo\/image\/"}}]}},"df_price":"","df_sale_price":"","df_regular_price":"","df_image_link":"https:\/\/koningdrone.be\/wp-content\/uploads\/sites\/13\/2025\/04\/9533806023245-1-300x300.jpg","_links":{"self":[{"href":"https:\/\/koningdrone.be\/de\/wp-json\/wp\/v2\/product\/5226","targetHints":{"allow":["GET"]}}],"collection":[{"href":"https:\/\/koningdrone.be\/de\/wp-json\/wp\/v2\/product"}],"about":[{"href":"https:\/\/koningdrone.be\/de\/wp-json\/wp\/v2\/types\/product"}],"wp:featuredmedia":[{"embeddable":true,"href":"https:\/\/koningdrone.be\/de\/wp-json\/wp\/v2\/media\/5219"}],"wp:attachment":[{"href":"https:\/\/koningdrone.be\/de\/wp-json\/wp\/v2\/media?parent=5226"}],"wp:term":[{"taxonomy":"product_brand","embeddable":true,"href":"https:\/\/koningdrone.be\/de\/wp-json\/wp\/v2\/product_brand?post=5226"},{"taxonomy":"product_cat","embeddable":true,"href":"https:\/\/koningdrone.be\/de\/wp-json\/wp\/v2\/product_cat?post=5226"},{"taxonomy":"product_tag","embeddable":true,"href":"https:\/\/koningdrone.be\/de\/wp-json\/wp\/v2\/product_tag?post=5226"}],"curies":[{"name":"wp","href":"https:\/\/api.w.org\/{rel}","templated":true}]}}