{"id":5189,"date":"2022-11-13T10:35:41","date_gmt":"2022-11-13T09:35:41","guid":{"rendered":"https:\/\/koningdrone.nl\/kon\/product\/ecoflow-delta-2\/"},"modified":"2026-04-29T16:30:42","modified_gmt":"2026-04-29T14:30:42","slug":"ecoflow-delta-2","status":"publish","type":"product","link":"https:\/\/koningdrone.be\/de\/produkt\/ecoflow-delta-2\/","title":{"rendered":"Ecoflow Delta 2"},"content":{"rendered":"<p>Das Ecoflow Delta 2 ist ein kompaktes, leichtes und tragbares Kraftwerk, das sich ideal f\u00fcr verschiedene Anwendungen eignet, z. B. auf Reisen, bei Gelegenheitsarbeiten, im Garten oder als Backup-Batterie zu Hause. Mit ihrem Gewicht von zw\u00f6lf Kilogramm und zwei ergonomischen Griffen ist sie leicht zu transportieren.<\/p>\n<p><strong>Stromversorgung und Anschlussm\u00f6glichkeiten<\/strong><\/p>\n<p>Diese Power Station bietet genug Strom, um bis zu 13 Ger\u00e4te gleichzeitig anzuschlie\u00dfen, mit einer Ausgangsleistung von 1800 Watt. Sie verf\u00fcgt \u00fcber 4 Steckdosen, 12-V-Ausg\u00e4nge und mehrere USB-Anschl\u00fcsse. Die Batterie hat eine Kapazit\u00e4t von 1024Wh und liefert genug Energie, um z.B. einen Campingk\u00fchlschrank f\u00fcr mehrere Tage zu betreiben. Dar\u00fcber hinaus kann er m\u00fchelos schwere Werkzeuge, Laptops, Telefone oder andere Haushaltsger\u00e4te mit Strom versorgen.<\/p>\n<p><strong>Erweiterungsf\u00e4higkeit und X-Boost-Technologie<\/strong><\/p>\n<p>Der Ecoflow Delta 2 ist auf eine Kapazit\u00e4t von 3.040 Wh erweiterbar und kann damit fast alle Ger\u00e4te des t\u00e4glichen Lebens mit Strom versorgen. Mit 1.800 W AC-Ausgang und 13 Anschl\u00fcssen ist die Leistung des DELTA 2 ausreichend f\u00fcr 90% aller Verbraucherprodukte. Dank der X-Boost-Technologie m\u00fcssen Sie sich auch bei Ger\u00e4ten mit hoher Leistung (bis zu 2.400 W) keine Sorgen um eine \u00dcberlastung machen.<\/p>\n<p><strong>Schnelle Ladezeit und Haltbarkeit<\/strong><\/p>\n<p>Das Kraftwerk l\u00e4dt mit der X-Stream-Technologie unglaublich schnell: von 0-80% in 50 Minuten und von 0-100% in 80 Minuten. Es ist auch m\u00f6glich, es mit Solarenergie in 3-6 Stunden mit einem 400W Solarpanel aufzuladen. Der Ecoflow Delta 2 wird mit hochwertigen LFP-Batterien betrieben, die eine 3.000-mal l\u00e4ngere Lebensdauer als der Branchendurchschnitt haben. Das macht den Delta 2 langlebig, stabil und robust, mit minimalen Auswirkungen auf die Umwelt. Kurz gesagt, mit dem Ecoflow Delta 2 sind Sie immer f\u00fcr Stromausf\u00e4lle oder spontane Campingausfl\u00fcge ger\u00fcstet.<\/p>\n<p><\/p>","protected":false},"excerpt":{"rendered":"<ul>\n<li>Netto gewicht: ca. 12 kg<\/li>\n<li>Afmetingen: 400 x 211 x 281 mm<\/li>\n<li>Capaciteit: 1024 Wh, 51,2 V<\/li>\n<li>WiFi: ondersteund<\/li>\n<li>Bluetooth: ondersteund<\/li>\n<li>AC (x4): Zuivere sinusgolf, 1800W totaal (piekspanning 2700W), 230V~ 50\/60Hz<\/li>\n<li>Maximaal apparaatvermogen ondersteund door X-Boost: 2400 W<\/li>\n<li>USB-A (x2): 5V 2.4A, max 12W per poort, totaal 24W<\/li>\n<li>USB-A snelladen (x2): 5V 2.4A 9V 2A 12V 1.5A max 18W per poort, totaal 36W<\/li>\n<li>USB-C (x2): 5\/9\/12\/15\/20V 5A, max 100W per poort, totaal 200W<\/li>\n<li>Autolader: 12,6V 10A Max 126W<\/li>\n<li>(De autolader deelt het vermogen met de DC5521-output en levert een maximaal output van 126W)<\/li>\n<li>DC5521-uitgang (x2): 12,6 V 3 A, 38 W per poort<\/li>\n<li>AC-opladen: X-Stream snelladen max. 1200 W<\/li>\n<li>AC ingangsspanning: 220-240V~ 10A, 50\/60Hz<\/li>\n<li>Zonnelader: 11-60V Max 15A Max 500W<\/li>\n<li>Autolader: ondersteunt 12\/24V batterij, standaard 8A<\/li>\n<li>Celchemie: LFP<\/li>\n<li>Levensduur: 3000 cycli tot 80%+ capaciteit<\/li>\n<li>Bescherming: overspanningsbeveiliging, overbelastingsbeveiliging, oververhittingsbeveiliging, kortsluitbeveiliging, lage temperatuurbeveiliging, lage spanningsbeveiliging, overstroombeveiliging, omgevingstemperatuur<\/li>\n<li>Optimale bedrijfstemperatuur: 20\u00b0C tot 30\u00b0C (68\u00b0F tot 86\u00b0F)<\/li>\n<li>Afvoertemperatuur: -10\u00b0C tot 45\u00b0C (14\u00b0F tot 113\u00b0F)<\/li>\n<li>Oplaadtemperatuur: 0\u00b0C tot 45\u00b0C (32\u00b0F tot 113\u00b0F)<\/li>\n<li>Opslagtemperatuur: -10 \u00b0C tot 45 \u00b0C (14 \u00b0F tot 113 \u00b0F, optimaal: 68 \u00b0F tot 86 \u00b0F [20 \u00b0C tot 30 \u00b0C])<\/li>\n<li>(Of het product kan worden opgeladen of ontladen, hangt af van de werkelijke temperatuur van de batterij)<\/li>\n<\/ul>\n","protected":false},"featured_media":5184,"template":"","meta":{"_acf_changed":false},"product_brand":[],"product_cat":[454,97,245,276,415],"product_tag":[],"class_list":{"0":"post-5189","1":"product","2":"type-product","3":"status-publish","4":"has-post-thumbnail","6":"product_cat-alle-powerstations","7":"product_cat-alle-producten","8":"product_cat-ecoflow","9":"product_cat-ecoflow-powerstations","10":"product_cat-energy","11":"product_shipping_class-outofstock","12":"pa_afmetingen-400-x-211-x-281-cm","13":"pa_brand-ecoflow","14":"pa_capaciteit-1024wh","15":"pa_gewicht-12-kg","16":"pa_input-dc-netstroom-poort-1200-w_x000d_-solar-port-mc4-500w-11-60v-dc-15a-max_x000d_-car-charger-12v-24v-dc-8a-max","17":"pa_materiaal-kunststof","18":"pa_oplaadtijd-via-ac-1-5-uur","19":"pa_output-230-v-4-x-ac-230-v-eu-schuko_x000d_-totaal-max-1800-w-continuvermogen_x000d_-totaal-max-2700-w-piek-vermogen","20":"pa_output-dc-12-v-car-port-12-6v-10a_x000d_-2-x-dc5521-output-12-6v-dc-3a-38w-max","21":"pa_output-usb-2-x-usb-a-5v-2-4a-12w-max_x000d_-2-x-fast-charge-usb-port-5v-2-4a-9v-2a-12v-1-5a-18w-max_x000d_-2-x-usb-c-port-5-9-12-15-20v-5a-100w-max","22":"pa_productfamily-power-station","23":"pa_producttype-power-station","24":"pa_series-delta-2","25":"pa_type-batterij-lifepo4","26":"pa_wifi-functie-ja","28":"first","29":"outofstock","30":"taxable","31":"shipping-taxable","32":"purchasable","33":"product-type-simple"},"acf":[],"yoast_head":"<!-- This site is optimized with the Yoast SEO Premium plugin v27.2 (Yoast SEO v27.2) - https:\/\/yoast.com\/product\/yoast-seo-premium-wordpress\/ -->\n<title>Ecoflow Delta 2 - koningdrone.be<\/title>\n<meta name=\"robots\" content=\"index, follow, max-snippet:-1, max-image-preview:large, max-video-preview:-1\" \/>\n<link rel=\"canonical\" href=\"https:\/\/koningdrone.be\/de\/produkt\/ecoflow-delta-2\/\" \/>\n<meta property=\"og:locale\" content=\"de_DE\" \/>\n<meta property=\"og:type\" content=\"article\" \/>\n<meta property=\"og:title\" content=\"Ecoflow Delta 2\" \/>\n<meta property=\"og:description\" content=\"Netto gewicht: ca. 12 kgAfmetingen: 400 x 211 x 281 mmCapaciteit: 1024 Wh, 51,2 VWiFi: ondersteundBluetooth: ondersteundAC (x4): Zuivere sinusgolf, 1800W totaal (piekspanning 2700W), 230V~ 50\/60HzMaximaal apparaatvermogen ondersteund door X-Boost: 2400 WUSB-A (x2): 5V 2.4A, max 12W per poort, totaal 24WUSB-A snelladen (x2): 5V 2.4A 9V 2A 12V 1.5A max 18W per poort, totaal 36WUSB-C (x2): 5\/9\/12\/15\/20V 5A, max 100W per poort, totaal 200WAutolader: 12,6V 10A Max 126W(De autolader deelt het vermogen met de DC5521-output en levert een maximaal output van 126W)DC5521-uitgang (x2): 12,6 V 3 A, 38 W per poortAC-opladen: X-Stream snelladen max. 1200 WAC ingangsspanning: 220-240V~ 10A, 50\/60HzZonnelader: 11-60V Max 15A Max 500WAutolader: ondersteunt 12\/24V batterij, standaard 8ACelchemie: LFPLevensduur: 3000 cycli tot 80%+ capaciteitBescherming: overspanningsbeveiliging, overbelastingsbeveiliging, oververhittingsbeveiliging, kortsluitbeveiliging, lage temperatuurbeveiliging, lage spanningsbeveiliging, overstroombeveiliging, omgevingstemperatuurOptimale bedrijfstemperatuur: 20\u00b0C tot 30\u00b0C (68\u00b0F tot 86\u00b0F)Afvoertemperatuur: -10\u00b0C tot 45\u00b0C (14\u00b0F tot 113\u00b0F)Oplaadtemperatuur: 0\u00b0C tot 45\u00b0C (32\u00b0F tot 113\u00b0F)Opslagtemperatuur: -10 \u00b0C tot 45 \u00b0C (14 \u00b0F tot 113 \u00b0F, optimaal: 68 \u00b0F tot 86 \u00b0F [20 \u00b0C tot 30 \u00b0C])(Of het product kan worden opgeladen of ontladen, hangt af van de werkelijke temperatuur van de batterij)\" \/>\n<meta property=\"og:url\" content=\"https:\/\/koningdrone.be\/de\/produkt\/ecoflow-delta-2\/\" \/>\n<meta property=\"og:site_name\" content=\"koningdrone.be\" \/>\n<meta property=\"article:modified_time\" content=\"2026-04-29T14:30:42+00:00\" \/>\n<meta property=\"og:image\" content=\"https:\/\/koningdrone.be\/wp-content\/uploads\/sites\/13\/2025\/04\/4897082669296-2.png\" \/>\n\t<meta property=\"og:image:width\" content=\"800\" \/>\n\t<meta property=\"og:image:height\" content=\"679\" \/>\n\t<meta property=\"og:image:type\" content=\"image\/png\" \/>\n<meta name=\"twitter:card\" content=\"summary_large_image\" \/>\n<meta name=\"twitter:label1\" content=\"Gesch\u00e4tzte Lesezeit\" \/>\n\t<meta name=\"twitter:data1\" content=\"1\u00a0Minute\" \/>\n<script type=\"application\/ld+json\" class=\"yoast-schema-graph\">{\"@context\":\"https:\/\/schema.org\",\"@graph\":[{\"@type\":\"WebPage\",\"@id\":\"https:\/\/koningdrone.be\/product\/ecoflow-delta-2\/\",\"url\":\"https:\/\/koningdrone.be\/product\/ecoflow-delta-2\/\",\"name\":\"Ecoflow Delta 2 - koningdrone.be\",\"isPartOf\":{\"@id\":\"https:\/\/koningdrone.be\/#website\"},\"primaryImageOfPage\":{\"@id\":\"https:\/\/koningdrone.be\/product\/ecoflow-delta-2\/#primaryimage\"},\"image\":{\"@id\":\"https:\/\/koningdrone.be\/product\/ecoflow-delta-2\/#primaryimage\"},\"thumbnailUrl\":\"https:\/\/koningdrone.be\/wp-content\/uploads\/sites\/13\/2025\/04\/4897082669296-2.png\",\"datePublished\":\"2022-11-13T09:35:41+00:00\",\"dateModified\":\"2026-04-29T14:30:42+00:00\",\"breadcrumb\":{\"@id\":\"https:\/\/koningdrone.be\/product\/ecoflow-delta-2\/#breadcrumb\"},\"inLanguage\":\"de\",\"potentialAction\":[{\"@type\":\"ReadAction\",\"target\":[\"https:\/\/koningdrone.be\/product\/ecoflow-delta-2\/\"]}]},{\"@type\":\"ImageObject\",\"inLanguage\":\"de\",\"@id\":\"https:\/\/koningdrone.be\/product\/ecoflow-delta-2\/#primaryimage\",\"url\":\"https:\/\/koningdrone.be\/wp-content\/uploads\/sites\/13\/2025\/04\/4897082669296-2.png\",\"contentUrl\":\"https:\/\/koningdrone.be\/wp-content\/uploads\/sites\/13\/2025\/04\/4897082669296-2.png\",\"width\":800,\"height\":679},{\"@type\":\"BreadcrumbList\",\"@id\":\"https:\/\/koningdrone.be\/product\/ecoflow-delta-2\/#breadcrumb\",\"itemListElement\":[{\"@type\":\"ListItem\",\"position\":1,\"name\":\"Home\",\"item\":\"https:\/\/koningdrone.be\/\"},{\"@type\":\"ListItem\",\"position\":2,\"name\":\"AVSS Parachute Recovery System for DJI Matrice 300\/350\",\"item\":\"https:\/\/koningdrone.be\/product\/avss-parachute-recovery-system-for-dji-matrice-300-350\/\"},{\"@type\":\"ListItem\",\"position\":3,\"name\":\"Alle powerstations\",\"item\":\"https:\/\/koningdrone.be\/categorie\/alle-powerstations\/\"},{\"@type\":\"ListItem\",\"position\":4,\"name\":\"Ecoflow Delta 2\"}]},{\"@type\":\"WebSite\",\"@id\":\"https:\/\/koningdrone.be\/#website\",\"url\":\"https:\/\/koningdrone.be\/\",\"name\":\"Koningdrone.be - Uw online specialist in drones, gimbals, camera's en power stations.\",\"description\":\"De webshop in drones en gimbals\",\"publisher\":{\"@id\":\"https:\/\/koningdrone.be\/#organization\"},\"potentialAction\":[{\"@type\":\"SearchAction\",\"target\":{\"@type\":\"EntryPoint\",\"urlTemplate\":\"https:\/\/koningdrone.be\/?s={search_term_string}\"},\"query-input\":{\"@type\":\"PropertyValueSpecification\",\"valueRequired\":true,\"valueName\":\"search_term_string\"}}],\"inLanguage\":\"de\"},{\"@type\":\"Organization\",\"@id\":\"https:\/\/koningdrone.be\/#organization\",\"name\":\"Koningdrone.be\",\"url\":\"https:\/\/koningdrone.be\/\",\"logo\":{\"@type\":\"ImageObject\",\"inLanguage\":\"de\",\"@id\":\"https:\/\/koningdrone.be\/#\/schema\/logo\/image\/\",\"url\":\"https:\/\/koningdrone.be\/wp-content\/uploads\/sites\/13\/2025\/04\/koningdrone-copyright-logo.svg\",\"contentUrl\":\"https:\/\/koningdrone.be\/wp-content\/uploads\/sites\/13\/2025\/04\/koningdrone-copyright-logo.svg\",\"width\":227,\"height\":38,\"caption\":\"Koningdrone.be\"},\"image\":{\"@id\":\"https:\/\/koningdrone.be\/#\/schema\/logo\/image\/\"}}]}<\/script>\n<!-- \/ Yoast SEO Premium plugin. -->","yoast_head_json":{"title":"Ecoflow Delta 2 - koningdrone.be","robots":{"index":"index","follow":"follow","max-snippet":"max-snippet:-1","max-image-preview":"max-image-preview:large","max-video-preview":"max-video-preview:-1"},"canonical":"https:\/\/koningdrone.be\/de\/produkt\/ecoflow-delta-2\/","og_locale":"de_DE","og_type":"article","og_title":"Ecoflow Delta 2","og_description":"Netto gewicht: ca. 12 kgAfmetingen: 400 x 211 x 281 mmCapaciteit: 1024 Wh, 51,2 VWiFi: ondersteundBluetooth: ondersteundAC (x4): Zuivere sinusgolf, 1800W totaal (piekspanning 2700W), 230V~ 50\/60HzMaximaal apparaatvermogen ondersteund door X-Boost: 2400 WUSB-A (x2): 5V 2.4A, max 12W per poort, totaal 24WUSB-A snelladen (x2): 5V 2.4A 9V 2A 12V 1.5A max 18W per poort, totaal 36WUSB-C (x2): 5\/9\/12\/15\/20V 5A, max 100W per poort, totaal 200WAutolader: 12,6V 10A Max 126W(De autolader deelt het vermogen met de DC5521-output en levert een maximaal output van 126W)DC5521-uitgang (x2): 12,6 V 3 A, 38 W per poortAC-opladen: X-Stream snelladen max. 1200 WAC ingangsspanning: 220-240V~ 10A, 50\/60HzZonnelader: 11-60V Max 15A Max 500WAutolader: ondersteunt 12\/24V batterij, standaard 8ACelchemie: LFPLevensduur: 3000 cycli tot 80%+ capaciteitBescherming: overspanningsbeveiliging, overbelastingsbeveiliging, oververhittingsbeveiliging, kortsluitbeveiliging, lage temperatuurbeveiliging, lage spanningsbeveiliging, overstroombeveiliging, omgevingstemperatuurOptimale bedrijfstemperatuur: 20\u00b0C tot 30\u00b0C (68\u00b0F tot 86\u00b0F)Afvoertemperatuur: -10\u00b0C tot 45\u00b0C (14\u00b0F tot 113\u00b0F)Oplaadtemperatuur: 0\u00b0C tot 45\u00b0C (32\u00b0F tot 113\u00b0F)Opslagtemperatuur: -10 \u00b0C tot 45 \u00b0C (14 \u00b0F tot 113 \u00b0F, optimaal: 68 \u00b0F tot 86 \u00b0F [20 \u00b0C tot 30 \u00b0C])(Of het product kan worden opgeladen of ontladen, hangt af van de werkelijke temperatuur van de batterij)","og_url":"https:\/\/koningdrone.be\/de\/produkt\/ecoflow-delta-2\/","og_site_name":"koningdrone.be","article_modified_time":"2026-04-29T14:30:42+00:00","og_image":[{"width":800,"height":679,"url":"https:\/\/koningdrone.be\/wp-content\/uploads\/sites\/13\/2025\/04\/4897082669296-2.png","type":"image\/png"}],"twitter_card":"summary_large_image","twitter_misc":{"Gesch\u00e4tzte Lesezeit":"1\u00a0Minute"},"schema":{"@context":"https:\/\/schema.org","@graph":[{"@type":"WebPage","@id":"https:\/\/koningdrone.be\/product\/ecoflow-delta-2\/","url":"https:\/\/koningdrone.be\/product\/ecoflow-delta-2\/","name":"Ecoflow Delta 2 - koningdrone.be","isPartOf":{"@id":"https:\/\/koningdrone.be\/#website"},"primaryImageOfPage":{"@id":"https:\/\/koningdrone.be\/product\/ecoflow-delta-2\/#primaryimage"},"image":{"@id":"https:\/\/koningdrone.be\/product\/ecoflow-delta-2\/#primaryimage"},"thumbnailUrl":"https:\/\/koningdrone.be\/wp-content\/uploads\/sites\/13\/2025\/04\/4897082669296-2.png","datePublished":"2022-11-13T09:35:41+00:00","dateModified":"2026-04-29T14:30:42+00:00","breadcrumb":{"@id":"https:\/\/koningdrone.be\/product\/ecoflow-delta-2\/#breadcrumb"},"inLanguage":"de","potentialAction":[{"@type":"ReadAction","target":["https:\/\/koningdrone.be\/product\/ecoflow-delta-2\/"]}]},{"@type":"ImageObject","inLanguage":"de","@id":"https:\/\/koningdrone.be\/product\/ecoflow-delta-2\/#primaryimage","url":"https:\/\/koningdrone.be\/wp-content\/uploads\/sites\/13\/2025\/04\/4897082669296-2.png","contentUrl":"https:\/\/koningdrone.be\/wp-content\/uploads\/sites\/13\/2025\/04\/4897082669296-2.png","width":800,"height":679},{"@type":"BreadcrumbList","@id":"https:\/\/koningdrone.be\/product\/ecoflow-delta-2\/#breadcrumb","itemListElement":[{"@type":"ListItem","position":1,"name":"Home","item":"https:\/\/koningdrone.be\/"},{"@type":"ListItem","position":2,"name":"AVSS Parachute Recovery System for DJI Matrice 300\/350","item":"https:\/\/koningdrone.be\/product\/avss-parachute-recovery-system-for-dji-matrice-300-350\/"},{"@type":"ListItem","position":3,"name":"Alle powerstations","item":"https:\/\/koningdrone.be\/categorie\/alle-powerstations\/"},{"@type":"ListItem","position":4,"name":"Ecoflow Delta 2"}]},{"@type":"WebSite","@id":"https:\/\/koningdrone.be\/#website","url":"https:\/\/koningdrone.be\/","name":"Koningdrone.be - Ihr Online-Spezialist f\u00fcr Drohnen, Gimbals, Kameras und Kraftwerke.","description":"Der Webshop f\u00fcr Drohnen und Gimbals","publisher":{"@id":"https:\/\/koningdrone.be\/#organization"},"potentialAction":[{"@type":"SearchAction","target":{"@type":"EntryPoint","urlTemplate":"https:\/\/koningdrone.be\/?s={search_term_string}"},"query-input":{"@type":"PropertyValueSpecification","valueRequired":true,"valueName":"search_term_string"}}],"inLanguage":"de"},{"@type":"Organization","@id":"https:\/\/koningdrone.be\/#organization","name":"Kingdrone.de","url":"https:\/\/koningdrone.be\/","logo":{"@type":"ImageObject","inLanguage":"de","@id":"https:\/\/koningdrone.be\/#\/schema\/logo\/image\/","url":"https:\/\/koningdrone.be\/wp-content\/uploads\/sites\/13\/2025\/04\/koningdrone-copyright-logo.svg","contentUrl":"https:\/\/koningdrone.be\/wp-content\/uploads\/sites\/13\/2025\/04\/koningdrone-copyright-logo.svg","width":227,"height":38,"caption":"Koningdrone.be"},"image":{"@id":"https:\/\/koningdrone.be\/#\/schema\/logo\/image\/"}}]}},"df_price":799,"df_sale_price":"","df_regular_price":799,"df_image_link":"https:\/\/koningdrone.be\/wp-content\/uploads\/sites\/13\/2025\/04\/4897082669296-2-300x255.png","_links":{"self":[{"href":"https:\/\/koningdrone.be\/de\/wp-json\/wp\/v2\/product\/5189","targetHints":{"allow":["GET"]}}],"collection":[{"href":"https:\/\/koningdrone.be\/de\/wp-json\/wp\/v2\/product"}],"about":[{"href":"https:\/\/koningdrone.be\/de\/wp-json\/wp\/v2\/types\/product"}],"wp:featuredmedia":[{"embeddable":true,"href":"https:\/\/koningdrone.be\/de\/wp-json\/wp\/v2\/media\/5184"}],"wp:attachment":[{"href":"https:\/\/koningdrone.be\/de\/wp-json\/wp\/v2\/media?parent=5189"}],"wp:term":[{"taxonomy":"product_brand","embeddable":true,"href":"https:\/\/koningdrone.be\/de\/wp-json\/wp\/v2\/product_brand?post=5189"},{"taxonomy":"product_cat","embeddable":true,"href":"https:\/\/koningdrone.be\/de\/wp-json\/wp\/v2\/product_cat?post=5189"},{"taxonomy":"product_tag","embeddable":true,"href":"https:\/\/koningdrone.be\/de\/wp-json\/wp\/v2\/product_tag?post=5189"}],"curies":[{"name":"wp","href":"https:\/\/api.w.org\/{rel}","templated":true}]}}