{"id":5183,"date":"2022-11-13T10:35:41","date_gmt":"2022-11-13T09:35:41","guid":{"rendered":"https:\/\/koningdrone.nl\/kon\/product\/ecoflow-river-2-pro\/"},"modified":"2026-04-29T16:40:14","modified_gmt":"2026-04-29T14:40:14","slug":"ecoflow-river-2-pro","status":"publish","type":"product","link":"https:\/\/koningdrone.be\/de\/produkt\/ecoflow-river-2-pro\/","title":{"rendered":"Ecoflow Fluss 2 Pro"},"content":{"rendered":"<h1>EcoFlow RIVER 2 Pro<\/h1>\n<p><strong> Aufladen von 0 auf 100% in nur 1 Stunde <\/strong><br \/>\nDie tragbaren EcoFlow RIVER 2-Stationen haben die h\u00f6chste Ladegeschwindigkeit, die die Ladegeschwindigkeit \u00e4hnlicher Ger\u00e4te anderer Hersteller \u00fcbertrifft. Ihre EcoFlow-Station kann in nur 60 Minuten vollst\u00e4ndig aufgeladen werden. Das ist 5 Mal schneller als andere tragbare Stromstationen auf dem Markt und 38% schneller als fr\u00fchere Versionen. Sie k\u00f6nnen RIVER 2 vollst\u00e4ndig aufladen, w\u00e4hrend Sie Ihre Koffer packen.<\/p>\n<p><strong> Akku-Typ LiFePO4 <\/strong><br \/>\nDie neuen Stationen sind mit aktualisierten Batterien ausgestattet, die sich durch ein hohes Ma\u00df an Betriebssicherheit und eine Lebensdauer von bis zu 10 Jahren auszeichnen. Eine wichtige Rolle spielte dabei die aktualisierte chemische Zusammensetzung der Stromquelle, die daf\u00fcr sorgt, dass die Batterien der Serie RIVER 2 mehr als 3.000 Mal geladen und entladen werden. Das sind fast 10 Jahre bei t\u00e4glichem Gebrauch und 6 Mal mehr als der Marktdurchschnitt. Dank der LFP-Elemente ist die Serie RIVER 2 sicher, langlebig und hocheffizient, auch bei hohen Temperaturen.<\/p>\n<p><strong> Intelligenter Batterieschutz <\/strong><br \/>\nDas fortschrittliche Batteriemanagementsystem (BMS) des RIVER 2 \u00fcberwacht kontinuierlich die Spannung, den Strom und die Temperatur des Ger\u00e4ts, um mehrere Schutzstufen zu gew\u00e4hrleisten und die Lebensdauer des Produkts zu maximieren.<\/p>\n<p><strong> 4 Lademethoden <\/strong><br \/>\nDas Design der tragbaren RIVER 2-Stationen erm\u00f6glicht es Ihnen, sie auf eine von vier Arten aufzuladen, die f\u00fcr Sie am bequemsten sind. Sie k\u00f6nnen eine Standard-Steckdose, einen Autoadapter, ein Solarpanel oder eine USB-C-Schnittstelle verwenden.<br \/>\n\u00dcber USB-C<br \/>\nAu\u00dferhalb der Steckdose<br \/>\nVom Sonnenkollektor<br \/>\nVom Auto<\/p>\n<p><strong> 4 Lademethoden <\/strong><br \/>\nX-Boost-Modus f\u00fcr leistungsstarke Elektroger\u00e4te<br \/>\nDie tragbaren Ladestationen RIVER 2 sind klein, haben aber eine hohe AC-Leistung von bis zu 800 W. Dank des X-Boost-Modus k\u00f6nnen Sie einen Mixer oder andere leistungsstarke Haushaltsger\u00e4te an die Station anschlie\u00dfen und bis zu 99% an Unterhaltungselektronik nutzen.<\/p>\n<p><strong>Geringes Gewicht: nur 7,8 kg <\/strong><br \/>\nDank des kompakten Geh\u00e4uses war der Anschluss einer autonomen Stromversorgung noch nie so einfach und bequem. Das geringe Gewicht der Station RIVER 2, die 30% leichter ist als die Modelle der vorherigen Generation, sorgt f\u00fcr ein sorgenfreies Leben bei Ihren Outdoor-Abenteuern.<\/p>\n<p><strong> Superschnelles Umschalten <\/strong><br \/>\nMit einer Schaltgeschwindigkeit von weniger als 30 ms merken Sie nicht einmal, wenn der Netzstrom ausf\u00e4llt. Verwenden Sie den RIVER 2 als Notstromquelle f\u00fcr n\u00e4chtliche Stromausf\u00e4lle, damit Ihre wichtigsten Ger\u00e4te reibungslos funktionieren.<\/p>","protected":false},"excerpt":{"rendered":"<ul>\n<li>Von 0 auf 100% in nur einer Stunde<\/li>\n<li>LiFePo4-Akkus<\/li>\n<li>&lt; 30 ms zum Umschalten<\/li>\n<li>Antrag auf Verwaltung<\/li>\n<li>4 Lademethoden<\/li>\n<li>X Boost-Technologie<\/li>\n<li>Leicht und kompakt<\/li>\n<\/ul>","protected":false},"featured_media":5180,"template":"","meta":{"_acf_changed":false},"product_brand":[],"product_cat":[454,97,245,276,415],"product_tag":[],"class_list":{"0":"post-5183","1":"product","2":"type-product","3":"status-publish","4":"has-post-thumbnail","6":"product_cat-alle-powerstations","7":"product_cat-alle-producten","8":"product_cat-ecoflow","9":"product_cat-ecoflow-powerstations","10":"product_cat-energy","11":"product_shipping_class-outofstock","12":"pa_afmetingen-270-x-260-x-226mm","13":"pa_brand-ecoflow","14":"pa_capaciteit-301-1100-wh","15":"pa_gewicht-7-8-kg","16":"pa_input-dc-ac-ingang-220-240v-50hz-60hz-870w-max-zonne-invoer-11-50v-13a-220w-max-auto-ingang-12v-24v-8a-100w-max-usb-c-ingang-uitgang-5-9-12-15-20v","17":"pa_materiaal-kunststof","18":"pa_oplaadtijd-via-ac-0-80-in-56-minuten-0-100-in-70-minuten-940w-max","19":"pa_output-230-v-1x-ac-uitgang-zuivere-sinusgolf-800-w-totaal-piek-1600-w-230-v-50-hz-60-hz","20":"pa_output-dc-12-6v-10a-3a-3a-126w-max","21":"pa_output-usb-usb-c-output-5a-100w-max-usb-a-output-5v-2-4a-12w-max","22":"pa_productfamily-power-station","23":"pa_producttype-power-station","24":"pa_series-river-2-pro","25":"pa_type-batterij-lifepo4","27":"first","28":"outofstock","29":"taxable","30":"shipping-taxable","31":"purchasable","32":"product-type-simple"},"acf":[],"yoast_head":"<!-- This site is optimized with the Yoast SEO Premium plugin v27.2 (Yoast SEO v27.2) - https:\/\/yoast.com\/product\/yoast-seo-premium-wordpress\/ -->\n<title>Ecoflow River 2 Pro - koningdrone.be<\/title>\n<meta name=\"robots\" content=\"index, follow, max-snippet:-1, max-image-preview:large, max-video-preview:-1\" \/>\n<link rel=\"canonical\" href=\"https:\/\/koningdrone.be\/de\/produkt\/ecoflow-river-2-pro\/\" \/>\n<meta property=\"og:locale\" content=\"de_DE\" \/>\n<meta property=\"og:type\" content=\"article\" \/>\n<meta property=\"og:title\" content=\"Ecoflow River 2 Pro\" \/>\n<meta property=\"og:description\" content=\"Van 0 tot 100% in slechts \u00e9\u00e9n uur  LiFePo4-batterijen  &lt; 30 ms om te schakelen  Aanvraag voor beheer  4 oplaadmethoden  X Boost-technologie  Lichtgewicht en compact\" \/>\n<meta property=\"og:url\" content=\"https:\/\/koningdrone.be\/de\/produkt\/ecoflow-river-2-pro\/\" \/>\n<meta property=\"og:site_name\" content=\"koningdrone.be\" \/>\n<meta property=\"article:modified_time\" content=\"2026-04-29T14:40:14+00:00\" \/>\n<meta property=\"og:image\" content=\"https:\/\/koningdrone.be\/wp-content\/uploads\/sites\/13\/2025\/04\/842783117687-1.jpg\" \/>\n\t<meta property=\"og:image:width\" content=\"540\" \/>\n\t<meta property=\"og:image:height\" content=\"540\" \/>\n\t<meta property=\"og:image:type\" content=\"image\/jpeg\" \/>\n<meta name=\"twitter:card\" content=\"summary_large_image\" \/>\n<meta name=\"twitter:label1\" content=\"Gesch\u00e4tzte Lesezeit\" \/>\n\t<meta name=\"twitter:data1\" content=\"2\u00a0Minuten\" \/>\n<script type=\"application\/ld+json\" class=\"yoast-schema-graph\">{\"@context\":\"https:\/\/schema.org\",\"@graph\":[{\"@type\":\"WebPage\",\"@id\":\"https:\/\/koningdrone.be\/product\/ecoflow-river-2-pro\/\",\"url\":\"https:\/\/koningdrone.be\/product\/ecoflow-river-2-pro\/\",\"name\":\"Ecoflow River 2 Pro - koningdrone.be\",\"isPartOf\":{\"@id\":\"https:\/\/koningdrone.be\/#website\"},\"primaryImageOfPage\":{\"@id\":\"https:\/\/koningdrone.be\/product\/ecoflow-river-2-pro\/#primaryimage\"},\"image\":{\"@id\":\"https:\/\/koningdrone.be\/product\/ecoflow-river-2-pro\/#primaryimage\"},\"thumbnailUrl\":\"https:\/\/koningdrone.be\/wp-content\/uploads\/sites\/13\/2025\/04\/842783117687-1.jpg\",\"datePublished\":\"2022-11-13T09:35:41+00:00\",\"dateModified\":\"2026-04-29T14:40:14+00:00\",\"breadcrumb\":{\"@id\":\"https:\/\/koningdrone.be\/product\/ecoflow-river-2-pro\/#breadcrumb\"},\"inLanguage\":\"de\",\"potentialAction\":[{\"@type\":\"ReadAction\",\"target\":[\"https:\/\/koningdrone.be\/product\/ecoflow-river-2-pro\/\"]}]},{\"@type\":\"ImageObject\",\"inLanguage\":\"de\",\"@id\":\"https:\/\/koningdrone.be\/product\/ecoflow-river-2-pro\/#primaryimage\",\"url\":\"https:\/\/koningdrone.be\/wp-content\/uploads\/sites\/13\/2025\/04\/842783117687-1.jpg\",\"contentUrl\":\"https:\/\/koningdrone.be\/wp-content\/uploads\/sites\/13\/2025\/04\/842783117687-1.jpg\",\"width\":540,\"height\":540},{\"@type\":\"BreadcrumbList\",\"@id\":\"https:\/\/koningdrone.be\/product\/ecoflow-river-2-pro\/#breadcrumb\",\"itemListElement\":[{\"@type\":\"ListItem\",\"position\":1,\"name\":\"Home\",\"item\":\"https:\/\/koningdrone.be\/\"},{\"@type\":\"ListItem\",\"position\":2,\"name\":\"AVSS Parachute Recovery System for DJI Matrice 300\/350\",\"item\":\"https:\/\/koningdrone.be\/product\/avss-parachute-recovery-system-for-dji-matrice-300-350\/\"},{\"@type\":\"ListItem\",\"position\":3,\"name\":\"Alle powerstations\",\"item\":\"https:\/\/koningdrone.be\/categorie\/alle-powerstations\/\"},{\"@type\":\"ListItem\",\"position\":4,\"name\":\"Ecoflow River 2 Pro\"}]},{\"@type\":\"WebSite\",\"@id\":\"https:\/\/koningdrone.be\/#website\",\"url\":\"https:\/\/koningdrone.be\/\",\"name\":\"Koningdrone.be - Uw online specialist in drones, gimbals, camera's en power stations.\",\"description\":\"De webshop in drones en gimbals\",\"publisher\":{\"@id\":\"https:\/\/koningdrone.be\/#organization\"},\"potentialAction\":[{\"@type\":\"SearchAction\",\"target\":{\"@type\":\"EntryPoint\",\"urlTemplate\":\"https:\/\/koningdrone.be\/?s={search_term_string}\"},\"query-input\":{\"@type\":\"PropertyValueSpecification\",\"valueRequired\":true,\"valueName\":\"search_term_string\"}}],\"inLanguage\":\"de\"},{\"@type\":\"Organization\",\"@id\":\"https:\/\/koningdrone.be\/#organization\",\"name\":\"Koningdrone.be\",\"url\":\"https:\/\/koningdrone.be\/\",\"logo\":{\"@type\":\"ImageObject\",\"inLanguage\":\"de\",\"@id\":\"https:\/\/koningdrone.be\/#\/schema\/logo\/image\/\",\"url\":\"https:\/\/koningdrone.be\/wp-content\/uploads\/sites\/13\/2025\/04\/koningdrone-copyright-logo.svg\",\"contentUrl\":\"https:\/\/koningdrone.be\/wp-content\/uploads\/sites\/13\/2025\/04\/koningdrone-copyright-logo.svg\",\"width\":227,\"height\":38,\"caption\":\"Koningdrone.be\"},\"image\":{\"@id\":\"https:\/\/koningdrone.be\/#\/schema\/logo\/image\/\"}}]}<\/script>\n<!-- \/ Yoast SEO Premium plugin. -->","yoast_head_json":{"title":"Ecoflow River 2 Pro - koningdrone.be","robots":{"index":"index","follow":"follow","max-snippet":"max-snippet:-1","max-image-preview":"max-image-preview:large","max-video-preview":"max-video-preview:-1"},"canonical":"https:\/\/koningdrone.be\/de\/produkt\/ecoflow-river-2-pro\/","og_locale":"de_DE","og_type":"article","og_title":"Ecoflow River 2 Pro","og_description":"Van 0 tot 100% in slechts \u00e9\u00e9n uur  LiFePo4-batterijen  &lt; 30 ms om te schakelen  Aanvraag voor beheer  4 oplaadmethoden  X Boost-technologie  Lichtgewicht en compact","og_url":"https:\/\/koningdrone.be\/de\/produkt\/ecoflow-river-2-pro\/","og_site_name":"koningdrone.be","article_modified_time":"2026-04-29T14:40:14+00:00","og_image":[{"width":540,"height":540,"url":"https:\/\/koningdrone.be\/wp-content\/uploads\/sites\/13\/2025\/04\/842783117687-1.jpg","type":"image\/jpeg"}],"twitter_card":"summary_large_image","twitter_misc":{"Gesch\u00e4tzte Lesezeit":"2\u00a0Minuten"},"schema":{"@context":"https:\/\/schema.org","@graph":[{"@type":"WebPage","@id":"https:\/\/koningdrone.be\/product\/ecoflow-river-2-pro\/","url":"https:\/\/koningdrone.be\/product\/ecoflow-river-2-pro\/","name":"Ecoflow River 2 Pro - koningdrone.be","isPartOf":{"@id":"https:\/\/koningdrone.be\/#website"},"primaryImageOfPage":{"@id":"https:\/\/koningdrone.be\/product\/ecoflow-river-2-pro\/#primaryimage"},"image":{"@id":"https:\/\/koningdrone.be\/product\/ecoflow-river-2-pro\/#primaryimage"},"thumbnailUrl":"https:\/\/koningdrone.be\/wp-content\/uploads\/sites\/13\/2025\/04\/842783117687-1.jpg","datePublished":"2022-11-13T09:35:41+00:00","dateModified":"2026-04-29T14:40:14+00:00","breadcrumb":{"@id":"https:\/\/koningdrone.be\/product\/ecoflow-river-2-pro\/#breadcrumb"},"inLanguage":"de","potentialAction":[{"@type":"ReadAction","target":["https:\/\/koningdrone.be\/product\/ecoflow-river-2-pro\/"]}]},{"@type":"ImageObject","inLanguage":"de","@id":"https:\/\/koningdrone.be\/product\/ecoflow-river-2-pro\/#primaryimage","url":"https:\/\/koningdrone.be\/wp-content\/uploads\/sites\/13\/2025\/04\/842783117687-1.jpg","contentUrl":"https:\/\/koningdrone.be\/wp-content\/uploads\/sites\/13\/2025\/04\/842783117687-1.jpg","width":540,"height":540},{"@type":"BreadcrumbList","@id":"https:\/\/koningdrone.be\/product\/ecoflow-river-2-pro\/#breadcrumb","itemListElement":[{"@type":"ListItem","position":1,"name":"Home","item":"https:\/\/koningdrone.be\/"},{"@type":"ListItem","position":2,"name":"AVSS Parachute Recovery System for DJI Matrice 300\/350","item":"https:\/\/koningdrone.be\/product\/avss-parachute-recovery-system-for-dji-matrice-300-350\/"},{"@type":"ListItem","position":3,"name":"Alle powerstations","item":"https:\/\/koningdrone.be\/categorie\/alle-powerstations\/"},{"@type":"ListItem","position":4,"name":"Ecoflow River 2 Pro"}]},{"@type":"WebSite","@id":"https:\/\/koningdrone.be\/#website","url":"https:\/\/koningdrone.be\/","name":"Koningdrone.be - Ihr Online-Spezialist f\u00fcr Drohnen, Gimbals, Kameras und Kraftwerke.","description":"Der Webshop f\u00fcr Drohnen und Gimbals","publisher":{"@id":"https:\/\/koningdrone.be\/#organization"},"potentialAction":[{"@type":"SearchAction","target":{"@type":"EntryPoint","urlTemplate":"https:\/\/koningdrone.be\/?s={search_term_string}"},"query-input":{"@type":"PropertyValueSpecification","valueRequired":true,"valueName":"search_term_string"}}],"inLanguage":"de"},{"@type":"Organization","@id":"https:\/\/koningdrone.be\/#organization","name":"Kingdrone.de","url":"https:\/\/koningdrone.be\/","logo":{"@type":"ImageObject","inLanguage":"de","@id":"https:\/\/koningdrone.be\/#\/schema\/logo\/image\/","url":"https:\/\/koningdrone.be\/wp-content\/uploads\/sites\/13\/2025\/04\/koningdrone-copyright-logo.svg","contentUrl":"https:\/\/koningdrone.be\/wp-content\/uploads\/sites\/13\/2025\/04\/koningdrone-copyright-logo.svg","width":227,"height":38,"caption":"Koningdrone.be"},"image":{"@id":"https:\/\/koningdrone.be\/#\/schema\/logo\/image\/"}}]}},"df_price":549,"df_sale_price":"","df_regular_price":549,"df_image_link":"https:\/\/koningdrone.be\/wp-content\/uploads\/sites\/13\/2025\/04\/842783117687-1-300x300.jpg","_links":{"self":[{"href":"https:\/\/koningdrone.be\/de\/wp-json\/wp\/v2\/product\/5183","targetHints":{"allow":["GET"]}}],"collection":[{"href":"https:\/\/koningdrone.be\/de\/wp-json\/wp\/v2\/product"}],"about":[{"href":"https:\/\/koningdrone.be\/de\/wp-json\/wp\/v2\/types\/product"}],"wp:featuredmedia":[{"embeddable":true,"href":"https:\/\/koningdrone.be\/de\/wp-json\/wp\/v2\/media\/5180"}],"wp:attachment":[{"href":"https:\/\/koningdrone.be\/de\/wp-json\/wp\/v2\/media?parent=5183"}],"wp:term":[{"taxonomy":"product_brand","embeddable":true,"href":"https:\/\/koningdrone.be\/de\/wp-json\/wp\/v2\/product_brand?post=5183"},{"taxonomy":"product_cat","embeddable":true,"href":"https:\/\/koningdrone.be\/de\/wp-json\/wp\/v2\/product_cat?post=5183"},{"taxonomy":"product_tag","embeddable":true,"href":"https:\/\/koningdrone.be\/de\/wp-json\/wp\/v2\/product_tag?post=5183"}],"curies":[{"name":"wp","href":"https:\/\/api.w.org\/{rel}","templated":true}]}}