{"id":5179,"date":"2022-11-13T10:35:41","date_gmt":"2022-11-13T09:35:41","guid":{"rendered":"https:\/\/koningdrone.nl\/kon\/product\/ecoflow-river-2-max\/"},"modified":"2026-04-29T16:40:12","modified_gmt":"2026-04-29T14:40:12","slug":"ecoflow-river-2-max","status":"publish","type":"product","link":"https:\/\/koningdrone.be\/de\/produkt\/ecoflow-river-2-max\/","title":{"rendered":"Ecoflow Fluss 2 Max"},"content":{"rendered":"<p>Die Ecoflow River 2 Max (EU) ist eine tragbare Powerstation mit einem leistungsstarken 512Wh LiFePO4-Akku. Mit einem Gewicht von nur 6 Kilogramm und einer Gr\u00f6\u00dfe von 27 x 26 x 19,6 cm bietet diese Powerstation sowohl zu Hause als auch auf Reisen tragbaren Strom.<\/p>\n<p><strong>Ladegeschwindigkeit und Lebensdauer der Batterie<\/strong><\/p>\n<p>Die Ladegeschwindigkeit des RIVER 2 \u00fcbertrifft den Industriestandard: Volles Aufladen in nur 60 Minuten. Das ist f\u00fcnfmal schneller als andere tragbare Ladestationen auf dem Markt und 38% schneller als fr\u00fchere Generationen, sodass Sie immer reisebereit sind. Dank der verbesserten LFP-Batterie kann das RIVER 2 mehr als 3.000 Mal geladen und entladen werden, was bedeutet, dass es selbst bei t\u00e4glichem Gebrauch 10 Jahre h\u00e4lt. Das intelligente Akkumanagementsystem maximiert die Lebensdauer des Akkus durch zahlreiche Sicherheitsvorkehrungen wie konstante Spannungs-, Strom- und Temperatur\u00fcberwachung.<\/p>\n<p><strong>Ladem\u00f6glichkeiten und Leistung<\/strong><\/p>\n<p>Mit vier verschiedenen Ladem\u00f6glichkeiten f\u00fcr den RIVER 2 k\u00f6nnen Sie f\u00fcr jede Situation die richtige Ladeoption w\u00e4hlen. Mit der M\u00f6glichkeit, tragbare Solarmodule anzuschlie\u00dfen, k\u00f6nnen Sie Ihre netzunabh\u00e4ngige Stromversorgung in nur 3 Stunden vollst\u00e4ndig aufladen. Die RIVER 2-Serie liefert eine Leistung von bis zu 800 W und verf\u00fcgt \u00fcber einen AC-Ausgang, der im X-Boost-Modus bis zu 1.600 W Ausgangsleistung liefern kann. Das kompakte und leichte Design macht es einfach, netzunabh\u00e4ngigen Strom mit auf Reisen zu nehmen, und erm\u00f6glicht den Betrieb von bis zu 80% leistungsstarker Haushaltsger\u00e4te.<\/p>\n<p><strong>Notstromversorgung und Fernsteuerung<\/strong><\/p>\n<p>Der RIVER 2 kann auch als Notstromversorgung bei Stromausf\u00e4llen verwendet werden, mit einer schnellen Umschaltung innerhalb von 30 ms. Mit der Ecoflow-App k\u00f6nnen Sie das RIVER 2 aus der Ferne steuern und \u00fcberwachen, den Batteriestand pr\u00fcfen, Einstellungen vornehmen und die Ladezeiten bequem von Ihrem Mobiltelefon aus festlegen.<\/p>\n<p>&nbsp;<\/p>","protected":false},"excerpt":{"rendered":"<ul>\n<li>Gesamtzahl der Steckdosen: 9<\/li>\n<li>Steckdosen: reine Sinuswelle, 500 W insgesamt (\u00dcberspannung 1000 W), 230 V ~ 50\/60 Hz<\/li>\n<li>Boost-Leistung: 1000 W<\/li>\n<li>Einschaltleistung: 220W Max<\/li>\n<li>Elchemie: LFP<\/li>\n<li>Handy-App: Ja<\/li>\n<li>iFi: ja<\/li>\n<li>Bluetooth: ja<\/li>\n<li>Nettogewicht: 6 kg<\/li>\n<li>Abmessungen: 270x260x196mm<\/li>\n<li>C-Last: 660W<\/li>\n<li>Kapazit\u00e4t: 512Wh<\/li>\n<\/ul>","protected":false},"featured_media":5175,"template":"","meta":{"_acf_changed":false},"product_brand":[],"product_cat":[454,97,245,276,415],"product_tag":[],"class_list":{"0":"post-5179","1":"product","2":"type-product","3":"status-publish","4":"has-post-thumbnail","6":"product_cat-alle-powerstations","7":"product_cat-alle-producten","8":"product_cat-ecoflow","9":"product_cat-ecoflow-powerstations","10":"product_cat-energy","11":"product_shipping_class-outofstock","12":"pa_afmetingen-27-x-26-x-196-cm","13":"pa_brand-ecoflow","14":"pa_capaciteit-512-wh","15":"pa_gewicht-6-kg","16":"pa_input-dc-ingangsvermogen-ac-opladen-x-stream-660-w-max-ingang-zonne-energie-xt60-220-w-11-50-v-13-a-max-220-w-auto-oplaadingang-12v-24v-8a-100w-max","17":"pa_materiaal-kunststof","18":"pa_oplaadtijd-via-ac-1-uur","19":"pa_output-230-v-2-x-ac-230-v-eu-schuko_x000d_-totaal-max-500-w-continuvermogen_x000d_-totaal-max-1000-w-piek-vermogen","20":"pa_output-dc-1x-12-6v-10a-126w-max-dc-car-port_x000d_-2x-12-6v-3a-36w-max-dc5521-port","21":"pa_output-usb-usb-a-output-x3-5v-2-4a-12w-max_x000d_-usb-c-output-x1-5-9-12-15-20v-5a-100w-max","22":"pa_productfamily-power-station","23":"pa_producttype-power-station","24":"pa_series-river-2-max","25":"pa_type-batterij-lifepo4","26":"pa_wifi-functie-ja","28":"first","29":"outofstock","30":"taxable","31":"shipping-taxable","32":"purchasable","33":"product-type-simple"},"acf":[],"yoast_head":"<!-- This site is optimized with the Yoast SEO Premium plugin v27.2 (Yoast SEO v27.2) - https:\/\/yoast.com\/product\/yoast-seo-premium-wordpress\/ -->\n<title>Ecoflow River 2 Max - koningdrone.be<\/title>\n<meta name=\"robots\" content=\"index, follow, max-snippet:-1, max-image-preview:large, max-video-preview:-1\" \/>\n<link rel=\"canonical\" href=\"https:\/\/koningdrone.be\/de\/produkt\/ecoflow-river-2-max\/\" \/>\n<meta property=\"og:locale\" content=\"de_DE\" \/>\n<meta property=\"og:type\" content=\"article\" \/>\n<meta property=\"og:title\" content=\"Ecoflow River 2 Max\" \/>\n<meta property=\"og:description\" content=\"otaal aantal stopcontacten: 9  Stopcontacten: zuivere sinusgolf, 500 W totaal (overvolt 1000 W), 230 V ~ 50\/60 Hz  Boost-uitgang: 1000 W  onne-energie: 220W Max  elchemie: LFP  obiele app: Ja  iFi: Ja  luetooth: ja  ettogewicht: 6 kg  fmeting: 270x260x196mm  C-lading: 660W  apaciteit: 512Wh\" \/>\n<meta property=\"og:url\" content=\"https:\/\/koningdrone.be\/de\/produkt\/ecoflow-river-2-max\/\" \/>\n<meta property=\"og:site_name\" content=\"koningdrone.be\" \/>\n<meta property=\"article:modified_time\" content=\"2026-04-29T14:40:12+00:00\" \/>\n<meta property=\"og:image\" content=\"https:\/\/koningdrone.be\/wp-content\/uploads\/sites\/13\/2025\/04\/4895251600781-1-1.png\" \/>\n\t<meta property=\"og:image:width\" content=\"800\" \/>\n\t<meta property=\"og:image:height\" content=\"450\" \/>\n\t<meta property=\"og:image:type\" content=\"image\/png\" \/>\n<meta name=\"twitter:card\" content=\"summary_large_image\" \/>\n<meta name=\"twitter:label1\" content=\"Gesch\u00e4tzte Lesezeit\" \/>\n\t<meta name=\"twitter:data1\" content=\"1\u00a0Minute\" \/>\n<script type=\"application\/ld+json\" class=\"yoast-schema-graph\">{\"@context\":\"https:\/\/schema.org\",\"@graph\":[{\"@type\":\"WebPage\",\"@id\":\"https:\/\/koningdrone.be\/product\/ecoflow-river-2-max\/\",\"url\":\"https:\/\/koningdrone.be\/product\/ecoflow-river-2-max\/\",\"name\":\"Ecoflow River 2 Max - koningdrone.be\",\"isPartOf\":{\"@id\":\"https:\/\/koningdrone.be\/#website\"},\"primaryImageOfPage\":{\"@id\":\"https:\/\/koningdrone.be\/product\/ecoflow-river-2-max\/#primaryimage\"},\"image\":{\"@id\":\"https:\/\/koningdrone.be\/product\/ecoflow-river-2-max\/#primaryimage\"},\"thumbnailUrl\":\"https:\/\/koningdrone.be\/wp-content\/uploads\/sites\/13\/2025\/04\/4895251600781-1-1.png\",\"datePublished\":\"2022-11-13T09:35:41+00:00\",\"dateModified\":\"2026-04-29T14:40:12+00:00\",\"breadcrumb\":{\"@id\":\"https:\/\/koningdrone.be\/product\/ecoflow-river-2-max\/#breadcrumb\"},\"inLanguage\":\"de\",\"potentialAction\":[{\"@type\":\"ReadAction\",\"target\":[\"https:\/\/koningdrone.be\/product\/ecoflow-river-2-max\/\"]}]},{\"@type\":\"ImageObject\",\"inLanguage\":\"de\",\"@id\":\"https:\/\/koningdrone.be\/product\/ecoflow-river-2-max\/#primaryimage\",\"url\":\"https:\/\/koningdrone.be\/wp-content\/uploads\/sites\/13\/2025\/04\/4895251600781-1-1.png\",\"contentUrl\":\"https:\/\/koningdrone.be\/wp-content\/uploads\/sites\/13\/2025\/04\/4895251600781-1-1.png\",\"width\":800,\"height\":450},{\"@type\":\"BreadcrumbList\",\"@id\":\"https:\/\/koningdrone.be\/product\/ecoflow-river-2-max\/#breadcrumb\",\"itemListElement\":[{\"@type\":\"ListItem\",\"position\":1,\"name\":\"Home\",\"item\":\"https:\/\/koningdrone.be\/\"},{\"@type\":\"ListItem\",\"position\":2,\"name\":\"AVSS Parachute Recovery System for DJI Matrice 300\/350\",\"item\":\"https:\/\/koningdrone.be\/product\/avss-parachute-recovery-system-for-dji-matrice-300-350\/\"},{\"@type\":\"ListItem\",\"position\":3,\"name\":\"Alle powerstations\",\"item\":\"https:\/\/koningdrone.be\/categorie\/alle-powerstations\/\"},{\"@type\":\"ListItem\",\"position\":4,\"name\":\"Ecoflow River 2 Max\"}]},{\"@type\":\"WebSite\",\"@id\":\"https:\/\/koningdrone.be\/#website\",\"url\":\"https:\/\/koningdrone.be\/\",\"name\":\"Koningdrone.be - Uw online specialist in drones, gimbals, camera's en power stations.\",\"description\":\"De webshop in drones en gimbals\",\"publisher\":{\"@id\":\"https:\/\/koningdrone.be\/#organization\"},\"potentialAction\":[{\"@type\":\"SearchAction\",\"target\":{\"@type\":\"EntryPoint\",\"urlTemplate\":\"https:\/\/koningdrone.be\/?s={search_term_string}\"},\"query-input\":{\"@type\":\"PropertyValueSpecification\",\"valueRequired\":true,\"valueName\":\"search_term_string\"}}],\"inLanguage\":\"de\"},{\"@type\":\"Organization\",\"@id\":\"https:\/\/koningdrone.be\/#organization\",\"name\":\"Koningdrone.be\",\"url\":\"https:\/\/koningdrone.be\/\",\"logo\":{\"@type\":\"ImageObject\",\"inLanguage\":\"de\",\"@id\":\"https:\/\/koningdrone.be\/#\/schema\/logo\/image\/\",\"url\":\"https:\/\/koningdrone.be\/wp-content\/uploads\/sites\/13\/2025\/04\/koningdrone-copyright-logo.svg\",\"contentUrl\":\"https:\/\/koningdrone.be\/wp-content\/uploads\/sites\/13\/2025\/04\/koningdrone-copyright-logo.svg\",\"width\":227,\"height\":38,\"caption\":\"Koningdrone.be\"},\"image\":{\"@id\":\"https:\/\/koningdrone.be\/#\/schema\/logo\/image\/\"}}]}<\/script>\n<!-- \/ Yoast SEO Premium plugin. -->","yoast_head_json":{"title":"Ecoflow River 2 Max - koningdrone.be","robots":{"index":"index","follow":"follow","max-snippet":"max-snippet:-1","max-image-preview":"max-image-preview:large","max-video-preview":"max-video-preview:-1"},"canonical":"https:\/\/koningdrone.be\/de\/produkt\/ecoflow-river-2-max\/","og_locale":"de_DE","og_type":"article","og_title":"Ecoflow River 2 Max","og_description":"otaal aantal stopcontacten: 9  Stopcontacten: zuivere sinusgolf, 500 W totaal (overvolt 1000 W), 230 V ~ 50\/60 Hz  Boost-uitgang: 1000 W  onne-energie: 220W Max  elchemie: LFP  obiele app: Ja  iFi: Ja  luetooth: ja  ettogewicht: 6 kg  fmeting: 270x260x196mm  C-lading: 660W  apaciteit: 512Wh","og_url":"https:\/\/koningdrone.be\/de\/produkt\/ecoflow-river-2-max\/","og_site_name":"koningdrone.be","article_modified_time":"2026-04-29T14:40:12+00:00","og_image":[{"width":800,"height":450,"url":"https:\/\/koningdrone.be\/wp-content\/uploads\/sites\/13\/2025\/04\/4895251600781-1-1.png","type":"image\/png"}],"twitter_card":"summary_large_image","twitter_misc":{"Gesch\u00e4tzte Lesezeit":"1\u00a0Minute"},"schema":{"@context":"https:\/\/schema.org","@graph":[{"@type":"WebPage","@id":"https:\/\/koningdrone.be\/product\/ecoflow-river-2-max\/","url":"https:\/\/koningdrone.be\/product\/ecoflow-river-2-max\/","name":"Ecoflow River 2 Max - koningdrone.be","isPartOf":{"@id":"https:\/\/koningdrone.be\/#website"},"primaryImageOfPage":{"@id":"https:\/\/koningdrone.be\/product\/ecoflow-river-2-max\/#primaryimage"},"image":{"@id":"https:\/\/koningdrone.be\/product\/ecoflow-river-2-max\/#primaryimage"},"thumbnailUrl":"https:\/\/koningdrone.be\/wp-content\/uploads\/sites\/13\/2025\/04\/4895251600781-1-1.png","datePublished":"2022-11-13T09:35:41+00:00","dateModified":"2026-04-29T14:40:12+00:00","breadcrumb":{"@id":"https:\/\/koningdrone.be\/product\/ecoflow-river-2-max\/#breadcrumb"},"inLanguage":"de","potentialAction":[{"@type":"ReadAction","target":["https:\/\/koningdrone.be\/product\/ecoflow-river-2-max\/"]}]},{"@type":"ImageObject","inLanguage":"de","@id":"https:\/\/koningdrone.be\/product\/ecoflow-river-2-max\/#primaryimage","url":"https:\/\/koningdrone.be\/wp-content\/uploads\/sites\/13\/2025\/04\/4895251600781-1-1.png","contentUrl":"https:\/\/koningdrone.be\/wp-content\/uploads\/sites\/13\/2025\/04\/4895251600781-1-1.png","width":800,"height":450},{"@type":"BreadcrumbList","@id":"https:\/\/koningdrone.be\/product\/ecoflow-river-2-max\/#breadcrumb","itemListElement":[{"@type":"ListItem","position":1,"name":"Home","item":"https:\/\/koningdrone.be\/"},{"@type":"ListItem","position":2,"name":"AVSS Parachute Recovery System for DJI Matrice 300\/350","item":"https:\/\/koningdrone.be\/product\/avss-parachute-recovery-system-for-dji-matrice-300-350\/"},{"@type":"ListItem","position":3,"name":"Alle powerstations","item":"https:\/\/koningdrone.be\/categorie\/alle-powerstations\/"},{"@type":"ListItem","position":4,"name":"Ecoflow River 2 Max"}]},{"@type":"WebSite","@id":"https:\/\/koningdrone.be\/#website","url":"https:\/\/koningdrone.be\/","name":"Koningdrone.be - Ihr Online-Spezialist f\u00fcr Drohnen, Gimbals, Kameras und Kraftwerke.","description":"Der Webshop f\u00fcr Drohnen und Gimbals","publisher":{"@id":"https:\/\/koningdrone.be\/#organization"},"potentialAction":[{"@type":"SearchAction","target":{"@type":"EntryPoint","urlTemplate":"https:\/\/koningdrone.be\/?s={search_term_string}"},"query-input":{"@type":"PropertyValueSpecification","valueRequired":true,"valueName":"search_term_string"}}],"inLanguage":"de"},{"@type":"Organization","@id":"https:\/\/koningdrone.be\/#organization","name":"Kingdrone.de","url":"https:\/\/koningdrone.be\/","logo":{"@type":"ImageObject","inLanguage":"de","@id":"https:\/\/koningdrone.be\/#\/schema\/logo\/image\/","url":"https:\/\/koningdrone.be\/wp-content\/uploads\/sites\/13\/2025\/04\/koningdrone-copyright-logo.svg","contentUrl":"https:\/\/koningdrone.be\/wp-content\/uploads\/sites\/13\/2025\/04\/koningdrone-copyright-logo.svg","width":227,"height":38,"caption":"Koningdrone.be"},"image":{"@id":"https:\/\/koningdrone.be\/#\/schema\/logo\/image\/"}}]}},"df_price":399,"df_sale_price":"","df_regular_price":399,"df_image_link":"https:\/\/koningdrone.be\/wp-content\/uploads\/sites\/13\/2025\/04\/4895251600781-1-1-300x169.png","_links":{"self":[{"href":"https:\/\/koningdrone.be\/de\/wp-json\/wp\/v2\/product\/5179","targetHints":{"allow":["GET"]}}],"collection":[{"href":"https:\/\/koningdrone.be\/de\/wp-json\/wp\/v2\/product"}],"about":[{"href":"https:\/\/koningdrone.be\/de\/wp-json\/wp\/v2\/types\/product"}],"wp:featuredmedia":[{"embeddable":true,"href":"https:\/\/koningdrone.be\/de\/wp-json\/wp\/v2\/media\/5175"}],"wp:attachment":[{"href":"https:\/\/koningdrone.be\/de\/wp-json\/wp\/v2\/media?parent=5179"}],"wp:term":[{"taxonomy":"product_brand","embeddable":true,"href":"https:\/\/koningdrone.be\/de\/wp-json\/wp\/v2\/product_brand?post=5179"},{"taxonomy":"product_cat","embeddable":true,"href":"https:\/\/koningdrone.be\/de\/wp-json\/wp\/v2\/product_cat?post=5179"},{"taxonomy":"product_tag","embeddable":true,"href":"https:\/\/koningdrone.be\/de\/wp-json\/wp\/v2\/product_tag?post=5179"}],"curies":[{"name":"wp","href":"https:\/\/api.w.org\/{rel}","templated":true}]}}