{"id":5166,"date":"2022-11-13T10:35:41","date_gmt":"2022-11-13T09:35:41","guid":{"rendered":"https:\/\/koningdrone.nl\/kon\/product\/jackery-solarsaga-200\/"},"modified":"2026-04-29T14:50:08","modified_gmt":"2026-04-29T12:50:08","slug":"jackery-solarsaga-200","status":"publish","type":"product","link":"https:\/\/koningdrone.be\/de\/produkt\/jackery-solarsaga-200\/","title":{"rendered":"Jackery SolarSaga 200"},"content":{"rendered":"<p><span style=\"vertical-align: inherit\"><span style=\"vertical-align: inherit\"><span style=\"vertical-align: inherit\"><span style=\"vertical-align: inherit\">Mit der SolarSaga 200 k\u00f6nnen Sie die tragbare Stromstation Jackery Explorer 2000 PRO in nur 2,5 Stunden \u00fcber 6 Solarmodule vollst\u00e4ndig aufladen. Das Solarpanel ist auch mit anderen Jackery-Stationen kompatibel.<\/span><\/span><\/span><\/span><\/p>\n<p><strong><span style=\"vertical-align: inherit\"><span style=\"vertical-align: inherit\"><span style=\"vertical-align: inherit\"><span style=\"vertical-align: inherit\">Effiziente Solarzellen<\/span><\/span><\/span><\/span><\/strong><\/p>\n<p><span style=\"vertical-align: inherit\"><span style=\"vertical-align: inherit\"><span style=\"vertical-align: inherit\"><span style=\"vertical-align: inherit\">Die fortschrittlichen Solarzellen des Solarmoduls bieten einen h\u00f6heren Umwandlungswirkungsgrad von bis zu 24,3%, wodurch es vergleichbare Solarmodule \u00fcbertrifft und unter \u00e4hnlichen Bedingungen mehr Strom erzeugt.<\/span><\/span><\/span><\/span><\/p>\n<p><strong><span style=\"vertical-align: inherit\"><span style=\"vertical-align: inherit\"><span style=\"vertical-align: inherit\"><span style=\"vertical-align: inherit\">Einfach einzurichten<\/span><\/span><\/span><\/span><\/strong><\/p>\n<p><span style=\"vertical-align: inherit\"><span style=\"vertical-align: inherit\"><span style=\"vertical-align: inherit\"><span style=\"vertical-align: inherit\">Das Solarpanel l\u00e4sst sich in Sekundenschnelle aufstellen und ist dank der 3 Seitenst\u00fctzen \u00e4u\u00dferst stabil. Der Winkel sorgt f\u00fcr eine optimale Absorption des Sonnenlichts und macht es zu einem perfekten Reisebegleiter f\u00fcr den Au\u00dfenbereich.<\/span><\/span><\/span><\/span><\/p>\n<p><strong><span style=\"vertical-align: inherit\"><span style=\"vertical-align: inherit\"><span style=\"vertical-align: inherit\"><span style=\"vertical-align: inherit\">Praktische Tragetasche<\/span><\/span><\/span><\/span><\/strong><\/p>\n<p><span style=\"vertical-align: inherit\"><span style=\"vertical-align: inherit\"><span style=\"vertical-align: inherit\"><span style=\"vertical-align: inherit\">Das Solarmodul wird mit einer praktischen Tragetasche f\u00fcr den einfachen Transport geliefert. Dank der magnetischen Pads l\u00e4sst sich das Solarmodul leicht falten und auf netzunabh\u00e4ngige Reisen mitnehmen.<\/span><\/span><\/span><\/span><\/p>\n<p><strong><span style=\"vertical-align: inherit\"><span style=\"vertical-align: inherit\"><span style=\"vertical-align: inherit\"><span style=\"vertical-align: inherit\">Robust und witterungsbest\u00e4ndig<\/span><\/span><\/span><\/span><\/strong><\/p>\n<p><span style=\"vertical-align: inherit\"><span style=\"vertical-align: inherit\"><span style=\"vertical-align: inherit\"><span style=\"vertical-align: inherit\">Dank des ETFE-laminierten Geh\u00e4uses ist das Solarmodul robust und hat eine l\u00e4ngere Lebenserwartung. Dar\u00fcber hinaus ist das Panel IP67-zertifiziert, was bedeutet, dass es rauen und nassen Wetterbedingungen standh\u00e4lt.<\/span><\/span><\/span><\/span><\/p>\n<p>&nbsp;<\/p>","protected":false},"excerpt":{"rendered":"<ul>\n<li><span style=\"vertical-align: inherit\"><span style=\"vertical-align: inherit\">Spitzenleistung: 200W<\/span><\/span><\/li>\n<li><span style=\"vertical-align: inherit\"><span style=\"vertical-align: inherit\">Versorgungsspannung: 18V<\/span><\/span><\/li>\n<li><span style=\"vertical-align: inherit\"><span style=\"vertical-align: inherit\">Stromst\u00e4rke: 11.12A<\/span><\/span><\/li>\n<li><span style=\"vertical-align: inherit\"><span style=\"vertical-align: inherit\">Leerlaufspannung: 23,2 V<\/span><\/span><\/li>\n<li><span style=\"vertical-align: inherit\"><span style=\"vertical-align: inherit\">Kurzschlussstrom: 11,76A<\/span><\/span><\/li>\n<li><span style=\"vertical-align: inherit\"><span style=\"vertical-align: inherit\">ALLGEMEINES<\/span><\/span><\/li>\n<li><span style=\"vertical-align: inherit\"><span style=\"vertical-align: inherit\">Gewicht: 8,5 kg<\/span><\/span><\/li>\n<li><span style=\"vertical-align: inherit\"><span style=\"vertical-align: inherit\">Abmessungen (zusammengeklappt): 540 x 615 x 40 mm<\/span><\/span><\/li>\n<li><span style=\"vertical-align: inherit\"><span style=\"vertical-align: inherit\">Abmessungen (aufgeklappt): 540 x 2320 x 25 mm<\/span><\/span><\/li>\n<li><span style=\"vertical-align: inherit\"><span style=\"vertical-align: inherit\">Betriebstemperatur: -10 bis 65\u2103<\/span><\/span><\/li>\n<\/ul>","protected":false},"featured_media":5160,"template":"","meta":{"_acf_changed":false},"product_brand":[],"product_cat":[97,415,475,198],"product_tag":[],"class_list":{"0":"post-5166","1":"product","2":"type-product","3":"status-publish","4":"has-post-thumbnail","6":"product_cat-alle-producten","7":"product_cat-energy","8":"product_cat-jackery","9":"product_cat-zonnepanelen","10":"product_shipping_class-outofstock","11":"pa_brand-jackery","12":"pa_productfamily-zonnepaneel","13":"pa_producttype-zonnepaneel","14":"pa_series-jackery","16":"first","17":"outofstock","18":"taxable","19":"shipping-taxable","20":"product-type-simple"},"acf":[],"yoast_head":"<!-- This site is optimized with the Yoast SEO Premium plugin v27.2 (Yoast SEO v27.2) - https:\/\/yoast.com\/product\/yoast-seo-premium-wordpress\/ -->\n<title>Jackery SolarSaga 200 - koningdrone.be<\/title>\n<meta name=\"robots\" content=\"index, follow, max-snippet:-1, max-image-preview:large, max-video-preview:-1\" \/>\n<link rel=\"canonical\" href=\"https:\/\/koningdrone.be\/de\/produkt\/jackery-solarsaga-200\/\" \/>\n<meta property=\"og:locale\" content=\"de_DE\" \/>\n<meta property=\"og:type\" content=\"article\" \/>\n<meta property=\"og:title\" content=\"Jackery SolarSaga 200\" \/>\n<meta property=\"og:description\" content=\"Peak power: 200W  Supply voltage: 18V  Current: 11.12A  No-load voltage: 23.2V  Short circuit current: 11.76A  GENERAL  Weight: 8.5 kg  Dimensions (folded): 540 x 615 x 40 mm  Dimensions (unfolded): 540 x 2320 x 25 mm  Operating temperature: -10 to 65\u2103\" \/>\n<meta property=\"og:url\" content=\"https:\/\/koningdrone.be\/de\/produkt\/jackery-solarsaga-200\/\" \/>\n<meta property=\"og:site_name\" content=\"koningdrone.be\" \/>\n<meta property=\"article:modified_time\" content=\"2026-04-29T12:50:08+00:00\" \/>\n<meta property=\"og:image\" content=\"https:\/\/koningdrone.be\/wp-content\/uploads\/sites\/13\/2025\/04\/190074000041-1.png\" \/>\n\t<meta property=\"og:image:width\" content=\"800\" \/>\n\t<meta property=\"og:image:height\" content=\"800\" \/>\n\t<meta property=\"og:image:type\" content=\"image\/png\" \/>\n<meta name=\"twitter:card\" content=\"summary_large_image\" \/>\n<meta name=\"twitter:label1\" content=\"Gesch\u00e4tzte Lesezeit\" \/>\n\t<meta name=\"twitter:data1\" content=\"1\u00a0Minute\" \/>\n<script type=\"application\/ld+json\" class=\"yoast-schema-graph\">{\"@context\":\"https:\/\/schema.org\",\"@graph\":[{\"@type\":\"WebPage\",\"@id\":\"https:\/\/koningdrone.be\/product\/jackery-solarsaga-200\/\",\"url\":\"https:\/\/koningdrone.be\/product\/jackery-solarsaga-200\/\",\"name\":\"Jackery SolarSaga 200 - koningdrone.be\",\"isPartOf\":{\"@id\":\"https:\/\/koningdrone.be\/#website\"},\"primaryImageOfPage\":{\"@id\":\"https:\/\/koningdrone.be\/product\/jackery-solarsaga-200\/#primaryimage\"},\"image\":{\"@id\":\"https:\/\/koningdrone.be\/product\/jackery-solarsaga-200\/#primaryimage\"},\"thumbnailUrl\":\"https:\/\/koningdrone.be\/wp-content\/uploads\/sites\/13\/2025\/04\/190074000041-1.png\",\"datePublished\":\"2022-11-13T09:35:41+00:00\",\"dateModified\":\"2026-04-29T12:50:08+00:00\",\"breadcrumb\":{\"@id\":\"https:\/\/koningdrone.be\/product\/jackery-solarsaga-200\/#breadcrumb\"},\"inLanguage\":\"de\",\"potentialAction\":[{\"@type\":\"ReadAction\",\"target\":[\"https:\/\/koningdrone.be\/product\/jackery-solarsaga-200\/\"]}]},{\"@type\":\"ImageObject\",\"inLanguage\":\"de\",\"@id\":\"https:\/\/koningdrone.be\/product\/jackery-solarsaga-200\/#primaryimage\",\"url\":\"https:\/\/koningdrone.be\/wp-content\/uploads\/sites\/13\/2025\/04\/190074000041-1.png\",\"contentUrl\":\"https:\/\/koningdrone.be\/wp-content\/uploads\/sites\/13\/2025\/04\/190074000041-1.png\",\"width\":800,\"height\":800},{\"@type\":\"BreadcrumbList\",\"@id\":\"https:\/\/koningdrone.be\/product\/jackery-solarsaga-200\/#breadcrumb\",\"itemListElement\":[{\"@type\":\"ListItem\",\"position\":1,\"name\":\"Home\",\"item\":\"https:\/\/koningdrone.be\/\"},{\"@type\":\"ListItem\",\"position\":2,\"name\":\"AVSS Parachute Recovery System for DJI Matrice 300\/350\",\"item\":\"https:\/\/koningdrone.be\/product\/avss-parachute-recovery-system-for-dji-matrice-300-350\/\"},{\"@type\":\"ListItem\",\"position\":3,\"name\":\"Alle producten\",\"item\":\"https:\/\/koningdrone.be\/categorie\/alle-producten\/\"},{\"@type\":\"ListItem\",\"position\":4,\"name\":\"Jackery SolarSaga 200\"}]},{\"@type\":\"WebSite\",\"@id\":\"https:\/\/koningdrone.be\/#website\",\"url\":\"https:\/\/koningdrone.be\/\",\"name\":\"Koningdrone.be - Uw online specialist in drones, gimbals, camera's en power stations.\",\"description\":\"De webshop in drones en gimbals\",\"publisher\":{\"@id\":\"https:\/\/koningdrone.be\/#organization\"},\"potentialAction\":[{\"@type\":\"SearchAction\",\"target\":{\"@type\":\"EntryPoint\",\"urlTemplate\":\"https:\/\/koningdrone.be\/?s={search_term_string}\"},\"query-input\":{\"@type\":\"PropertyValueSpecification\",\"valueRequired\":true,\"valueName\":\"search_term_string\"}}],\"inLanguage\":\"de\"},{\"@type\":\"Organization\",\"@id\":\"https:\/\/koningdrone.be\/#organization\",\"name\":\"Koningdrone.be\",\"url\":\"https:\/\/koningdrone.be\/\",\"logo\":{\"@type\":\"ImageObject\",\"inLanguage\":\"de\",\"@id\":\"https:\/\/koningdrone.be\/#\/schema\/logo\/image\/\",\"url\":\"https:\/\/koningdrone.be\/wp-content\/uploads\/sites\/13\/2025\/04\/koningdrone-copyright-logo.svg\",\"contentUrl\":\"https:\/\/koningdrone.be\/wp-content\/uploads\/sites\/13\/2025\/04\/koningdrone-copyright-logo.svg\",\"width\":227,\"height\":38,\"caption\":\"Koningdrone.be\"},\"image\":{\"@id\":\"https:\/\/koningdrone.be\/#\/schema\/logo\/image\/\"}}]}<\/script>\n<!-- \/ Yoast SEO Premium plugin. -->","yoast_head_json":{"title":"Jackery SolarSaga 200 - koningdrone.be","robots":{"index":"index","follow":"follow","max-snippet":"max-snippet:-1","max-image-preview":"max-image-preview:large","max-video-preview":"max-video-preview:-1"},"canonical":"https:\/\/koningdrone.be\/de\/produkt\/jackery-solarsaga-200\/","og_locale":"de_DE","og_type":"article","og_title":"Jackery SolarSaga 200","og_description":"Peak power: 200W  Supply voltage: 18V  Current: 11.12A  No-load voltage: 23.2V  Short circuit current: 11.76A  GENERAL  Weight: 8.5 kg  Dimensions (folded): 540 x 615 x 40 mm  Dimensions (unfolded): 540 x 2320 x 25 mm  Operating temperature: -10 to 65\u2103","og_url":"https:\/\/koningdrone.be\/de\/produkt\/jackery-solarsaga-200\/","og_site_name":"koningdrone.be","article_modified_time":"2026-04-29T12:50:08+00:00","og_image":[{"width":800,"height":800,"url":"https:\/\/koningdrone.be\/wp-content\/uploads\/sites\/13\/2025\/04\/190074000041-1.png","type":"image\/png"}],"twitter_card":"summary_large_image","twitter_misc":{"Gesch\u00e4tzte Lesezeit":"1\u00a0Minute"},"schema":{"@context":"https:\/\/schema.org","@graph":[{"@type":"WebPage","@id":"https:\/\/koningdrone.be\/product\/jackery-solarsaga-200\/","url":"https:\/\/koningdrone.be\/product\/jackery-solarsaga-200\/","name":"Jackery SolarSaga 200 - koningdrone.be","isPartOf":{"@id":"https:\/\/koningdrone.be\/#website"},"primaryImageOfPage":{"@id":"https:\/\/koningdrone.be\/product\/jackery-solarsaga-200\/#primaryimage"},"image":{"@id":"https:\/\/koningdrone.be\/product\/jackery-solarsaga-200\/#primaryimage"},"thumbnailUrl":"https:\/\/koningdrone.be\/wp-content\/uploads\/sites\/13\/2025\/04\/190074000041-1.png","datePublished":"2022-11-13T09:35:41+00:00","dateModified":"2026-04-29T12:50:08+00:00","breadcrumb":{"@id":"https:\/\/koningdrone.be\/product\/jackery-solarsaga-200\/#breadcrumb"},"inLanguage":"de","potentialAction":[{"@type":"ReadAction","target":["https:\/\/koningdrone.be\/product\/jackery-solarsaga-200\/"]}]},{"@type":"ImageObject","inLanguage":"de","@id":"https:\/\/koningdrone.be\/product\/jackery-solarsaga-200\/#primaryimage","url":"https:\/\/koningdrone.be\/wp-content\/uploads\/sites\/13\/2025\/04\/190074000041-1.png","contentUrl":"https:\/\/koningdrone.be\/wp-content\/uploads\/sites\/13\/2025\/04\/190074000041-1.png","width":800,"height":800},{"@type":"BreadcrumbList","@id":"https:\/\/koningdrone.be\/product\/jackery-solarsaga-200\/#breadcrumb","itemListElement":[{"@type":"ListItem","position":1,"name":"Home","item":"https:\/\/koningdrone.be\/"},{"@type":"ListItem","position":2,"name":"AVSS Parachute Recovery System for DJI Matrice 300\/350","item":"https:\/\/koningdrone.be\/product\/avss-parachute-recovery-system-for-dji-matrice-300-350\/"},{"@type":"ListItem","position":3,"name":"Alle producten","item":"https:\/\/koningdrone.be\/categorie\/alle-producten\/"},{"@type":"ListItem","position":4,"name":"Jackery SolarSaga 200"}]},{"@type":"WebSite","@id":"https:\/\/koningdrone.be\/#website","url":"https:\/\/koningdrone.be\/","name":"Koningdrone.be - Ihr Online-Spezialist f\u00fcr Drohnen, Gimbals, Kameras und Kraftwerke.","description":"Der Webshop f\u00fcr Drohnen und Gimbals","publisher":{"@id":"https:\/\/koningdrone.be\/#organization"},"potentialAction":[{"@type":"SearchAction","target":{"@type":"EntryPoint","urlTemplate":"https:\/\/koningdrone.be\/?s={search_term_string}"},"query-input":{"@type":"PropertyValueSpecification","valueRequired":true,"valueName":"search_term_string"}}],"inLanguage":"de"},{"@type":"Organization","@id":"https:\/\/koningdrone.be\/#organization","name":"Kingdrone.de","url":"https:\/\/koningdrone.be\/","logo":{"@type":"ImageObject","inLanguage":"de","@id":"https:\/\/koningdrone.be\/#\/schema\/logo\/image\/","url":"https:\/\/koningdrone.be\/wp-content\/uploads\/sites\/13\/2025\/04\/koningdrone-copyright-logo.svg","contentUrl":"https:\/\/koningdrone.be\/wp-content\/uploads\/sites\/13\/2025\/04\/koningdrone-copyright-logo.svg","width":227,"height":38,"caption":"Koningdrone.be"},"image":{"@id":"https:\/\/koningdrone.be\/#\/schema\/logo\/image\/"}}]}},"df_price":"","df_sale_price":"","df_regular_price":"","df_image_link":"https:\/\/koningdrone.be\/wp-content\/uploads\/sites\/13\/2025\/04\/190074000041-1-300x300.png","_links":{"self":[{"href":"https:\/\/koningdrone.be\/de\/wp-json\/wp\/v2\/product\/5166","targetHints":{"allow":["GET"]}}],"collection":[{"href":"https:\/\/koningdrone.be\/de\/wp-json\/wp\/v2\/product"}],"about":[{"href":"https:\/\/koningdrone.be\/de\/wp-json\/wp\/v2\/types\/product"}],"wp:featuredmedia":[{"embeddable":true,"href":"https:\/\/koningdrone.be\/de\/wp-json\/wp\/v2\/media\/5160"}],"wp:attachment":[{"href":"https:\/\/koningdrone.be\/de\/wp-json\/wp\/v2\/media?parent=5166"}],"wp:term":[{"taxonomy":"product_brand","embeddable":true,"href":"https:\/\/koningdrone.be\/de\/wp-json\/wp\/v2\/product_brand?post=5166"},{"taxonomy":"product_cat","embeddable":true,"href":"https:\/\/koningdrone.be\/de\/wp-json\/wp\/v2\/product_cat?post=5166"},{"taxonomy":"product_tag","embeddable":true,"href":"https:\/\/koningdrone.be\/de\/wp-json\/wp\/v2\/product_tag?post=5166"}],"curies":[{"name":"wp","href":"https:\/\/api.w.org\/{rel}","templated":true}]}}