{"id":5151,"date":"2023-01-24T12:52:12","date_gmt":"2023-01-24T11:52:12","guid":{"rendered":"https:\/\/koningdrone.nl\/kon\/product\/dji-mavic-3-fly-more-kit\/"},"modified":"2026-04-29T03:50:54","modified_gmt":"2026-04-29T01:50:54","slug":"dji-mavic-3-fly-more-kit","status":"publish","type":"product","link":"https:\/\/koningdrone.be\/de\/produkt\/dji-mavic-3-fly-more-kit\/","title":{"rendered":"DJI Mavic 3 Serie Fly More Kit"},"content":{"rendered":"<p> Das DJI Mavic 3 Fly More Kit ist eine umfassende Sammlung, die dazu dient, das Fliegen und Fotografieren mit der Drohne zu verbessern. Dieses Kit enth\u00e4lt wichtiges Zubeh\u00f6r, das separat teurer w\u00e4re, und bietet ein hervorragendes Preis-Leistungs-Verh\u00e4ltnis f\u00fcr Drohnen-Enthusiasten.<\/p>\n<p><strong>Intelligente Fluchtbatterie<\/strong><\/p>\n<p> Dank der intelligenten Flugakkus kann die Drohne l\u00e4nger in der Luft bleiben (bis zu 46 Minuten) und erm\u00f6glicht so l\u00e4ngere Zeitr\u00e4ume f\u00fcr hochwertige Luftaufnahmen, ohne dass sie regelm\u00e4\u00dfig aufgeladen werden muss.<\/p>\n<p><strong>100-W-Batterieladestation<\/strong><\/p>\n<p> Die 100-W-Akkuladestation ist ein wichtiger Bestandteil des Kits und kann bis zu drei Akkus hintereinander aufladen. Sie gibt dem Akku mit der h\u00f6chsten Ladung den Vorrang, um den Ladevorgang zu rationalisieren und Sie schneller wieder in die Luft zu bringen.<\/p>\n<p><strong>65W Autoladeger\u00e4t<\/strong><\/p>\n<p> F\u00fcr Drohnenbetreiber, die st\u00e4ndig unterwegs sind, ist das 65-W-Autoladeger\u00e4t ein Lebensretter. Es verf\u00fcgt \u00fcber zwei Ausg\u00e4nge zum gleichzeitigen Laden des Akkus und der Fernbedienung der Drohne und unterst\u00fctzt PPS- und PD-Protokolle f\u00fcr vielseitige Ladeoptionen, einschlie\u00dflich Smartphones und Laptops.<\/p>\n<p><strong>Ger\u00e4uscharme Propeller<\/strong><\/p>\n<p> Der Bausatz enth\u00e4lt Low-Noise-Propeller, die so konstruiert sind, dass sie leiser und aerodynamisch effizienter sind als Standardpropeller. Das Ergebnis ist eine geringere L\u00e4rmbel\u00e4stigung und ein ruhigeres, angenehmeres Flugerlebnis.<\/p>\n<p><strong>Wandelbare Tragetasche<\/strong><\/p>\n<p> Eine umwandelbare Tragetasche ist Teil des Fly More Kit und bietet ultimativen Komfort und Stil. Sie l\u00e4sst sich von einem Rucksack in eine Umh\u00e4ngetasche umwandeln und bietet so Flexibilit\u00e4t und Komfort f\u00fcr Kurztrips und Feldarbeit.<\/p>\n<p><strong>Schlussfolgerung<\/strong><\/p>\n<p> Zusammenfassend l\u00e4sst sich sagen, dass das DJI Mavic 3 Fly More Kit eine wertvolle Erg\u00e4nzung sowohl f\u00fcr Anf\u00e4nger als auch f\u00fcr erfahrene Luftbildfotografen darstellt. Es vereint wichtiges Zubeh\u00f6r in einem Paket und bietet eine umfassende L\u00f6sung f\u00fcr verbesserte Drohnenfotografie-Sessions.<\/p>\n<p><\/p>","protected":false},"excerpt":{"rendered":"<ul>\n<li>Inklusive zwei Intelligent Flight Akkus f\u00fcr l\u00e4ngere Flugzeiten.<\/li>\n<li> Die 100-W-Batterieladestation l\u00e4dt die Batterien effizient nacheinander auf.<\/li>\n<li> Das 65-W-Autoladeger\u00e4t unterst\u00fctzt zwei Anschl\u00fcsse und mehrere Ger\u00e4te.<\/li>\n<li> Ger\u00e4uscharme Propeller verbessern die aerodynamische Effizienz und reduzieren den L\u00e4rm.<\/li>\n<li> Die umwandelbare Tragetasche bietet vielseitige Trageoptionen f\u00fcr Rucksack oder Schulter.<\/li>\n<li> Die Intelligent Flight Battery bietet bis zu 46 Minuten Flugzeit.<\/li>\n<li> Autoladeger\u00e4t kompatibel mit PPS- und PD-Protokollen f\u00fcr verschiedene Ger\u00e4te.<\/li>\n<\/ul>","protected":false},"featured_media":3521,"template":"","meta":{"_acf_changed":false},"product_brand":[],"product_cat":[97,871,137],"product_tag":[],"class_list":{"0":"post-5151","1":"product","2":"type-product","3":"status-publish","4":"has-post-thumbnail","6":"product_cat-alle-producten","7":"product_cat-dji-mavic","8":"product_cat-dji-mavic-3","9":"product_shipping_class-acsystemsall","10":"pa_brand-dji","11":"pa_productfamily-flymore-pakket","12":"pa_producttype-flymore-pakket","13":"pa_series-mavic-3","15":"first","16":"instock","17":"taxable","18":"shipping-taxable","19":"purchasable","20":"product-type-simple"},"acf":[],"yoast_head":"<!-- This site is optimized with the Yoast SEO Premium plugin v27.2 (Yoast SEO v27.2) - https:\/\/yoast.com\/product\/yoast-seo-premium-wordpress\/ -->\n<title>DJI Mavic 3 Series Fly More Kit - koningdrone.be<\/title>\n<meta name=\"robots\" content=\"index, follow, max-snippet:-1, max-image-preview:large, max-video-preview:-1\" \/>\n<link rel=\"canonical\" href=\"https:\/\/koningdrone.be\/de\/produkt\/dji-mavic-3-fly-more-kit\/\" \/>\n<meta property=\"og:locale\" content=\"de_DE\" \/>\n<meta property=\"og:type\" content=\"article\" \/>\n<meta property=\"og:title\" content=\"DJI Mavic 3 Series Fly More Kit\" \/>\n<meta property=\"og:description\" content=\"Inclusief twee Intelligent Flight Batteries voor een langere vliegtijd. De batterijoplaadhub van 100 W laadt de batterijen effici\u00ebnt achter elkaar op. 65W autolader ondersteunt dubbele poorten en meerdere apparaten. Geluidsarme propellers verbeteren de aerodynamische effici\u00ebntie en verminderen het geluid. Converteerbare draagtas biedt veelzijdige rugzak- of schouderdraagopties. Intelligent Flight Battery biedt tot 46 minuten vliegtijd. Autolader compatibel met PPS- en PD-protocollen voor verschillende apparaten.\" \/>\n<meta property=\"og:url\" content=\"https:\/\/koningdrone.be\/de\/produkt\/dji-mavic-3-fly-more-kit\/\" \/>\n<meta property=\"og:site_name\" content=\"koningdrone.be\" \/>\n<meta property=\"article:modified_time\" content=\"2026-04-29T01:50:54+00:00\" \/>\n<meta property=\"og:image\" content=\"https:\/\/koningdrone.be\/wp-content\/uploads\/sites\/13\/2025\/04\/ae77c9618d3b0e4913882b7253ff4449@large.jpg\" \/>\n\t<meta property=\"og:image:width\" content=\"1200\" \/>\n\t<meta property=\"og:image:height\" content=\"800\" \/>\n\t<meta property=\"og:image:type\" content=\"image\/jpeg\" \/>\n<meta name=\"twitter:card\" content=\"summary_large_image\" \/>\n<meta name=\"twitter:label1\" content=\"Gesch\u00e4tzte Lesezeit\" \/>\n\t<meta name=\"twitter:data1\" content=\"1\u00a0Minute\" \/>\n<script type=\"application\/ld+json\" class=\"yoast-schema-graph\">{\"@context\":\"https:\/\/schema.org\",\"@graph\":[{\"@type\":\"WebPage\",\"@id\":\"https:\/\/koningdrone.be\/product\/dji-mavic-3-fly-more-kit\/\",\"url\":\"https:\/\/koningdrone.be\/product\/dji-mavic-3-fly-more-kit\/\",\"name\":\"DJI Mavic 3 Series Fly More Kit - koningdrone.be\",\"isPartOf\":{\"@id\":\"https:\/\/koningdrone.be\/#website\"},\"primaryImageOfPage\":{\"@id\":\"https:\/\/koningdrone.be\/product\/dji-mavic-3-fly-more-kit\/#primaryimage\"},\"image\":{\"@id\":\"https:\/\/koningdrone.be\/product\/dji-mavic-3-fly-more-kit\/#primaryimage\"},\"thumbnailUrl\":\"https:\/\/koningdrone.be\/wp-content\/uploads\/sites\/13\/2025\/04\/ae77c9618d3b0e4913882b7253ff4449@large.jpg\",\"datePublished\":\"2023-01-24T11:52:12+00:00\",\"dateModified\":\"2026-04-29T01:50:54+00:00\",\"breadcrumb\":{\"@id\":\"https:\/\/koningdrone.be\/product\/dji-mavic-3-fly-more-kit\/#breadcrumb\"},\"inLanguage\":\"de\",\"potentialAction\":[{\"@type\":\"ReadAction\",\"target\":[\"https:\/\/koningdrone.be\/product\/dji-mavic-3-fly-more-kit\/\"]}]},{\"@type\":\"ImageObject\",\"inLanguage\":\"de\",\"@id\":\"https:\/\/koningdrone.be\/product\/dji-mavic-3-fly-more-kit\/#primaryimage\",\"url\":\"https:\/\/koningdrone.be\/wp-content\/uploads\/sites\/13\/2025\/04\/ae77c9618d3b0e4913882b7253ff4449@large.jpg\",\"contentUrl\":\"https:\/\/koningdrone.be\/wp-content\/uploads\/sites\/13\/2025\/04\/ae77c9618d3b0e4913882b7253ff4449@large.jpg\",\"width\":1200,\"height\":800},{\"@type\":\"BreadcrumbList\",\"@id\":\"https:\/\/koningdrone.be\/product\/dji-mavic-3-fly-more-kit\/#breadcrumb\",\"itemListElement\":[{\"@type\":\"ListItem\",\"position\":1,\"name\":\"Home\",\"item\":\"https:\/\/koningdrone.be\/\"},{\"@type\":\"ListItem\",\"position\":2,\"name\":\"AVSS Parachute Recovery System for DJI Matrice 300\/350\",\"item\":\"https:\/\/koningdrone.be\/product\/avss-parachute-recovery-system-for-dji-matrice-300-350\/\"},{\"@type\":\"ListItem\",\"position\":3,\"name\":\"Alle producten\",\"item\":\"https:\/\/koningdrone.be\/categorie\/alle-producten\/\"},{\"@type\":\"ListItem\",\"position\":4,\"name\":\"DJI Mavic 3 Series Fly More Kit\"}]},{\"@type\":\"WebSite\",\"@id\":\"https:\/\/koningdrone.be\/#website\",\"url\":\"https:\/\/koningdrone.be\/\",\"name\":\"Koningdrone.be - Uw online specialist in drones, gimbals, camera's en power stations.\",\"description\":\"De webshop in drones en gimbals\",\"publisher\":{\"@id\":\"https:\/\/koningdrone.be\/#organization\"},\"potentialAction\":[{\"@type\":\"SearchAction\",\"target\":{\"@type\":\"EntryPoint\",\"urlTemplate\":\"https:\/\/koningdrone.be\/?s={search_term_string}\"},\"query-input\":{\"@type\":\"PropertyValueSpecification\",\"valueRequired\":true,\"valueName\":\"search_term_string\"}}],\"inLanguage\":\"de\"},{\"@type\":\"Organization\",\"@id\":\"https:\/\/koningdrone.be\/#organization\",\"name\":\"Koningdrone.be\",\"url\":\"https:\/\/koningdrone.be\/\",\"logo\":{\"@type\":\"ImageObject\",\"inLanguage\":\"de\",\"@id\":\"https:\/\/koningdrone.be\/#\/schema\/logo\/image\/\",\"url\":\"https:\/\/koningdrone.be\/wp-content\/uploads\/sites\/13\/2025\/04\/koningdrone-copyright-logo.svg\",\"contentUrl\":\"https:\/\/koningdrone.be\/wp-content\/uploads\/sites\/13\/2025\/04\/koningdrone-copyright-logo.svg\",\"width\":227,\"height\":38,\"caption\":\"Koningdrone.be\"},\"image\":{\"@id\":\"https:\/\/koningdrone.be\/#\/schema\/logo\/image\/\"}}]}<\/script>\n<!-- \/ Yoast SEO Premium plugin. -->","yoast_head_json":{"title":"DJI Mavic 3 Series Fly More Kit - koningdrone.be","robots":{"index":"index","follow":"follow","max-snippet":"max-snippet:-1","max-image-preview":"max-image-preview:large","max-video-preview":"max-video-preview:-1"},"canonical":"https:\/\/koningdrone.be\/de\/produkt\/dji-mavic-3-fly-more-kit\/","og_locale":"de_DE","og_type":"article","og_title":"DJI Mavic 3 Series Fly More Kit","og_description":"Inclusief twee Intelligent Flight Batteries voor een langere vliegtijd. De batterijoplaadhub van 100 W laadt de batterijen effici\u00ebnt achter elkaar op. 65W autolader ondersteunt dubbele poorten en meerdere apparaten. Geluidsarme propellers verbeteren de aerodynamische effici\u00ebntie en verminderen het geluid. Converteerbare draagtas biedt veelzijdige rugzak- of schouderdraagopties. Intelligent Flight Battery biedt tot 46 minuten vliegtijd. Autolader compatibel met PPS- en PD-protocollen voor verschillende apparaten.","og_url":"https:\/\/koningdrone.be\/de\/produkt\/dji-mavic-3-fly-more-kit\/","og_site_name":"koningdrone.be","article_modified_time":"2026-04-29T01:50:54+00:00","og_image":[{"width":1200,"height":800,"url":"https:\/\/koningdrone.be\/wp-content\/uploads\/sites\/13\/2025\/04\/ae77c9618d3b0e4913882b7253ff4449@large.jpg","type":"image\/jpeg"}],"twitter_card":"summary_large_image","twitter_misc":{"Gesch\u00e4tzte Lesezeit":"1\u00a0Minute"},"schema":{"@context":"https:\/\/schema.org","@graph":[{"@type":"WebPage","@id":"https:\/\/koningdrone.be\/product\/dji-mavic-3-fly-more-kit\/","url":"https:\/\/koningdrone.be\/product\/dji-mavic-3-fly-more-kit\/","name":"DJI Mavic 3 Series Fly More Kit - koningdrone.be","isPartOf":{"@id":"https:\/\/koningdrone.be\/#website"},"primaryImageOfPage":{"@id":"https:\/\/koningdrone.be\/product\/dji-mavic-3-fly-more-kit\/#primaryimage"},"image":{"@id":"https:\/\/koningdrone.be\/product\/dji-mavic-3-fly-more-kit\/#primaryimage"},"thumbnailUrl":"https:\/\/koningdrone.be\/wp-content\/uploads\/sites\/13\/2025\/04\/ae77c9618d3b0e4913882b7253ff4449@large.jpg","datePublished":"2023-01-24T11:52:12+00:00","dateModified":"2026-04-29T01:50:54+00:00","breadcrumb":{"@id":"https:\/\/koningdrone.be\/product\/dji-mavic-3-fly-more-kit\/#breadcrumb"},"inLanguage":"de","potentialAction":[{"@type":"ReadAction","target":["https:\/\/koningdrone.be\/product\/dji-mavic-3-fly-more-kit\/"]}]},{"@type":"ImageObject","inLanguage":"de","@id":"https:\/\/koningdrone.be\/product\/dji-mavic-3-fly-more-kit\/#primaryimage","url":"https:\/\/koningdrone.be\/wp-content\/uploads\/sites\/13\/2025\/04\/ae77c9618d3b0e4913882b7253ff4449@large.jpg","contentUrl":"https:\/\/koningdrone.be\/wp-content\/uploads\/sites\/13\/2025\/04\/ae77c9618d3b0e4913882b7253ff4449@large.jpg","width":1200,"height":800},{"@type":"BreadcrumbList","@id":"https:\/\/koningdrone.be\/product\/dji-mavic-3-fly-more-kit\/#breadcrumb","itemListElement":[{"@type":"ListItem","position":1,"name":"Home","item":"https:\/\/koningdrone.be\/"},{"@type":"ListItem","position":2,"name":"AVSS Parachute Recovery System for DJI Matrice 300\/350","item":"https:\/\/koningdrone.be\/product\/avss-parachute-recovery-system-for-dji-matrice-300-350\/"},{"@type":"ListItem","position":3,"name":"Alle producten","item":"https:\/\/koningdrone.be\/categorie\/alle-producten\/"},{"@type":"ListItem","position":4,"name":"DJI Mavic 3 Series Fly More Kit"}]},{"@type":"WebSite","@id":"https:\/\/koningdrone.be\/#website","url":"https:\/\/koningdrone.be\/","name":"Koningdrone.be - Ihr Online-Spezialist f\u00fcr Drohnen, Gimbals, Kameras und Kraftwerke.","description":"Der Webshop f\u00fcr Drohnen und Gimbals","publisher":{"@id":"https:\/\/koningdrone.be\/#organization"},"potentialAction":[{"@type":"SearchAction","target":{"@type":"EntryPoint","urlTemplate":"https:\/\/koningdrone.be\/?s={search_term_string}"},"query-input":{"@type":"PropertyValueSpecification","valueRequired":true,"valueName":"search_term_string"}}],"inLanguage":"de"},{"@type":"Organization","@id":"https:\/\/koningdrone.be\/#organization","name":"Kingdrone.de","url":"https:\/\/koningdrone.be\/","logo":{"@type":"ImageObject","inLanguage":"de","@id":"https:\/\/koningdrone.be\/#\/schema\/logo\/image\/","url":"https:\/\/koningdrone.be\/wp-content\/uploads\/sites\/13\/2025\/04\/koningdrone-copyright-logo.svg","contentUrl":"https:\/\/koningdrone.be\/wp-content\/uploads\/sites\/13\/2025\/04\/koningdrone-copyright-logo.svg","width":227,"height":38,"caption":"Koningdrone.be"},"image":{"@id":"https:\/\/koningdrone.be\/#\/schema\/logo\/image\/"}}]}},"df_price":583,"df_sale_price":"","df_regular_price":583,"df_image_link":"https:\/\/koningdrone.be\/wp-content\/uploads\/sites\/13\/2025\/04\/ae77c9618d3b0e4913882b7253ff4449@large-300x200.jpg","_links":{"self":[{"href":"https:\/\/koningdrone.be\/de\/wp-json\/wp\/v2\/product\/5151","targetHints":{"allow":["GET"]}}],"collection":[{"href":"https:\/\/koningdrone.be\/de\/wp-json\/wp\/v2\/product"}],"about":[{"href":"https:\/\/koningdrone.be\/de\/wp-json\/wp\/v2\/types\/product"}],"wp:featuredmedia":[{"embeddable":true,"href":"https:\/\/koningdrone.be\/de\/wp-json\/wp\/v2\/media\/3521"}],"wp:attachment":[{"href":"https:\/\/koningdrone.be\/de\/wp-json\/wp\/v2\/media?parent=5151"}],"wp:term":[{"taxonomy":"product_brand","embeddable":true,"href":"https:\/\/koningdrone.be\/de\/wp-json\/wp\/v2\/product_brand?post=5151"},{"taxonomy":"product_cat","embeddable":true,"href":"https:\/\/koningdrone.be\/de\/wp-json\/wp\/v2\/product_cat?post=5151"},{"taxonomy":"product_tag","embeddable":true,"href":"https:\/\/koningdrone.be\/de\/wp-json\/wp\/v2\/product_tag?post=5151"}],"curies":[{"name":"wp","href":"https:\/\/api.w.org\/{rel}","templated":true}]}}