{"id":5150,"date":"2023-01-24T13:06:52","date_gmt":"2023-01-24T12:06:52","guid":{"rendered":"https:\/\/koningdrone.nl\/kon\/product\/dji-o3-air-unit\/"},"modified":"2026-04-29T13:40:04","modified_gmt":"2026-04-29T11:40:04","slug":"dji-o3-air-unit","status":"publish","type":"product","link":"https:\/\/koningdrone.be\/de\/produkt\/dji-o3-air-unit\/","title":{"rendered":"DJI O3 Air Einheit"},"content":{"rendered":"<p>Die DJI O3 Air Unit revolutioniert Ihre Luftvideof\u00e4higkeiten, indem sie die fortschrittliche Video\u00fcbertragungstechnologie von DJI in einem Ger\u00e4t vereint, das nicht nur kompakt, sondern auch unglaublich leicht ist. Dieses Kraftpaket bietet au\u00dfergew\u00f6hnliche Videoklarheit, unglaublich niedrige Verz\u00f6gerungszeiten und unterst\u00fctzt \u00dcbertragungen \u00fcber gro\u00dfe Entfernungen, was es zur idealen Wahl f\u00fcr ma\u00dfgeschneiderte Flugzeuge macht.<br \/><strong>DJI O3+ Flaggschiff-\u00dcbertragung<\/strong><\/p>\n<p> Verbessern Sie Ihr Video\u00fcbertragungsspiel. Das Ger\u00e4t bietet eine hervorragende Videoqualit\u00e4t und unterst\u00fctzt bis zu 1080p\/100fps \u00fcber Entfernungen von bis zu 10 km.<\/p>\n<p><strong>Bildleistung auf h\u00f6herem Niveau<\/strong><\/p>\n<p> Mit einem gro\u00dfen 1\/1,7-Zoll-Sensor und der F\u00e4higkeit, 4K\/60fps Videos aufzunehmen, kombiniert mit einem superweiten Sichtfeld (FOV) von 155\u00b0, werden Ihre Bilder viele Details aufweisen. Au\u00dferdem verf\u00fcgt sie \u00fcber einen gro\u00dfz\u00fcgigen integrierten Speicher von 20 GB und unterst\u00fctzt den D-Cinelike-Farbmodus f\u00fcr diejenigen, die ihre Farbkorrekturen feinabstimmen m\u00f6chten. Die Kameraeinheit ist kompatibel mit dem DJI Avata ND-Filter-Set f\u00fcr noch mehr Kontrolle \u00fcber Ihre Bilder.<\/p>\n<p><strong>Canvas-Modus<\/strong><\/p>\n<p> F\u00fcr diejenigen, die DJI Goggles 2 oder DJI FPV Goggles V2 verwenden, bietet der Canvas-Modus die M\u00f6glichkeit, das On-Screen-Display (OSD) so anzupassen, dass die f\u00fcr Sie n\u00fctzlichsten Informationen angezeigt werden, und die PID-Parameter (Proportional-Integral-Derivative) f\u00fcr ein individuelles Flugerlebnis anzupassen.<\/p>\n<p><strong>Kompakt und weitgehend kompatibel<\/strong><\/p>\n<p> Die DJI O3 Air Unit ist so konzipiert, dass sie in verschiedene Setups passt, ohne diese zu beschweren, was eine breite Kompatibilit\u00e4t ohne Qualit\u00e4tseinbu\u00dfen gew\u00e4hrleistet. Sie erg\u00e4nzt perfekt die kompakteren DJI Goggles 2 und DJI FPV Remote Controller 2 und macht Ihr gesamtes Air-Setup schlanker und tragbarer.<\/p>\n<p><\/p>\n<p> Die DJI O3 Air Unit ist Ihre Eintrittskarte f\u00fcr professionelle Luftaufnahmen. Sie vereint hochwertige Videofunktionen mit benutzerfreundlichen Funktionen in einem Design, das sowohl leicht als auch weitgehend kompatibel ist. Ideal f\u00fcr Enthusiasten, die ihr Handwerk verbessern wollen, oder f\u00fcr Profis, die eine zuverl\u00e4ssige, hochwertige Video\u00fcbertragung f\u00fcr ihre Projekte suchen.<\/p>\n<p><\/p>","protected":false},"excerpt":{"rendered":"<ul>\n<li>Verf\u00fcgt \u00fcber die allerneueste Video\u00fcbertragungstechnologie von DJI.<\/li>\n<li> Leichtes und kompaktes Geh\u00e4usedesign.<\/li>\n<li> Hochaufl\u00f6sende Video\u00fcbertragung mit geringer Latenzzeit \u00fcber gro\u00dfe Entfernungen.<\/li>\n<li> 1\/1,7-Zoll-Sensor f\u00fcr hervorragende Bildqualit\u00e4t.<\/li>\n<li> 155\u00b0 superweites Sichtfeld (FOV).<\/li>\n<li> Unterst\u00fctzt 1080p\/100fps Video\u00fcbertragung bis zu 10 km.<\/li>\n<li> Kann Videos in 4K\/60fps mit reichlich Bilddetails aufnehmen.<\/li>\n<li> Ausgestattet mit 20 GB integriertem Speicher.<\/li>\n<li> D-Cinel-\u00e4hnlicher Farbmodus f\u00fcr detaillierte Farbeinstellungen.<\/li>\n<li> Kompatibel mit DJI Avata ND-Filtern f\u00fcr verbesserte Bildgebung.<\/li>\n<li> Anpassbare OSD-Informationen \u00fcber den Canvas-Modus.<\/li>\n<li> Hohe Kompatibilit\u00e4t mit DJI Goggles 2 und DJI FPV Remote Controller 2.<\/li>\n<\/ul>","protected":false},"featured_media":5148,"template":"","meta":{"_acf_changed":false},"product_brand":[],"product_cat":[315,97,733,948],"product_tag":[],"class_list":{"0":"post-5150","1":"product","2":"type-product","3":"status-publish","4":"has-post-thumbnail","6":"product_cat-alle-gimbals-en-cameras","7":"product_cat-alle-producten","8":"product_cat-dji-goggles","9":"product_cat-dji-o3-air-unit","10":"product_shipping_class-outofstock","11":"pa_brand-dji","12":"pa_productfamily-air-unit","13":"pa_producttype-air-unit","14":"pa_series-o3","16":"first","17":"outofstock","18":"taxable","19":"shipping-taxable","20":"product-type-simple"},"acf":[],"yoast_head":"<!-- This site is optimized with the Yoast SEO Premium plugin v27.2 (Yoast SEO v27.2) - https:\/\/yoast.com\/product\/yoast-seo-premium-wordpress\/ -->\n<title>DJI O3 Air Unit - koningdrone.be<\/title>\n<meta name=\"robots\" content=\"index, follow, max-snippet:-1, max-image-preview:large, max-video-preview:-1\" \/>\n<link rel=\"canonical\" href=\"https:\/\/koningdrone.be\/de\/produkt\/dji-o3-air-unit\/\" \/>\n<meta property=\"og:locale\" content=\"de_DE\" \/>\n<meta property=\"og:type\" content=\"article\" \/>\n<meta property=\"og:title\" content=\"DJI O3 Air Unit\" \/>\n<meta property=\"og:description\" content=\"Beschikt over de allernieuwste videotransmissietechnologie van DJI. Lichtgewicht en compact lichaamsontwerp. High-definition videotransmissie met lage latentie over lange afstanden. 1\/1,7-inch sensor voor superieure beeldkwaliteit. 155\u00b0 superbreed gezichtsveld (FOV). Ondersteunt 1080p\/100fps video-overdracht tot 10 km. Kan 4K\/60fps-video opnemen met rijke beelddetails. Uitgerust met 20 GB ingebouwde opslag. D-Cinelike kleurmodus voor gedetailleerde kleuraanpassingen. Compatibel met DJI Avata ND-filters voor verbeterde beeldvorming. Aanpasbare OSD-informatie via Canvas-modus. Rijke compatibiliteit met DJI Goggles 2 en DJI FPV Remote Controller 2.\" \/>\n<meta property=\"og:url\" content=\"https:\/\/koningdrone.be\/de\/produkt\/dji-o3-air-unit\/\" \/>\n<meta property=\"og:site_name\" content=\"koningdrone.be\" \/>\n<meta property=\"article:modified_time\" content=\"2026-04-29T11:40:04+00:00\" \/>\n<meta property=\"og:image\" content=\"https:\/\/koningdrone.be\/wp-content\/uploads\/sites\/13\/2025\/04\/d92655b4699a0bdc7e77da3fecf1bdeb@large.jpg\" \/>\n\t<meta property=\"og:image:width\" content=\"1200\" \/>\n\t<meta property=\"og:image:height\" content=\"800\" \/>\n\t<meta property=\"og:image:type\" content=\"image\/jpeg\" \/>\n<meta name=\"twitter:card\" content=\"summary_large_image\" \/>\n<meta name=\"twitter:label1\" content=\"Gesch\u00e4tzte Lesezeit\" \/>\n\t<meta name=\"twitter:data1\" content=\"2\u00a0Minuten\" \/>\n<script type=\"application\/ld+json\" class=\"yoast-schema-graph\">{\"@context\":\"https:\/\/schema.org\",\"@graph\":[{\"@type\":\"WebPage\",\"@id\":\"https:\/\/koningdrone.be\/product\/dji-o3-air-unit\/\",\"url\":\"https:\/\/koningdrone.be\/product\/dji-o3-air-unit\/\",\"name\":\"DJI O3 Air Unit - koningdrone.be\",\"isPartOf\":{\"@id\":\"https:\/\/koningdrone.be\/#website\"},\"primaryImageOfPage\":{\"@id\":\"https:\/\/koningdrone.be\/product\/dji-o3-air-unit\/#primaryimage\"},\"image\":{\"@id\":\"https:\/\/koningdrone.be\/product\/dji-o3-air-unit\/#primaryimage\"},\"thumbnailUrl\":\"https:\/\/koningdrone.be\/wp-content\/uploads\/sites\/13\/2025\/04\/d92655b4699a0bdc7e77da3fecf1bdeb@large.jpg\",\"datePublished\":\"2023-01-24T12:06:52+00:00\",\"dateModified\":\"2026-04-29T11:40:04+00:00\",\"breadcrumb\":{\"@id\":\"https:\/\/koningdrone.be\/product\/dji-o3-air-unit\/#breadcrumb\"},\"inLanguage\":\"de\",\"potentialAction\":[{\"@type\":\"ReadAction\",\"target\":[\"https:\/\/koningdrone.be\/product\/dji-o3-air-unit\/\"]}]},{\"@type\":\"ImageObject\",\"inLanguage\":\"de\",\"@id\":\"https:\/\/koningdrone.be\/product\/dji-o3-air-unit\/#primaryimage\",\"url\":\"https:\/\/koningdrone.be\/wp-content\/uploads\/sites\/13\/2025\/04\/d92655b4699a0bdc7e77da3fecf1bdeb@large.jpg\",\"contentUrl\":\"https:\/\/koningdrone.be\/wp-content\/uploads\/sites\/13\/2025\/04\/d92655b4699a0bdc7e77da3fecf1bdeb@large.jpg\",\"width\":1200,\"height\":800},{\"@type\":\"BreadcrumbList\",\"@id\":\"https:\/\/koningdrone.be\/product\/dji-o3-air-unit\/#breadcrumb\",\"itemListElement\":[{\"@type\":\"ListItem\",\"position\":1,\"name\":\"Home\",\"item\":\"https:\/\/koningdrone.be\/\"},{\"@type\":\"ListItem\",\"position\":2,\"name\":\"AVSS Parachute Recovery System for DJI Matrice 300\/350\",\"item\":\"https:\/\/koningdrone.be\/product\/avss-parachute-recovery-system-for-dji-matrice-300-350\/\"},{\"@type\":\"ListItem\",\"position\":3,\"name\":\"Alle gimbals en cameras\",\"item\":\"https:\/\/koningdrone.be\/categorie\/alle-gimbals-en-cameras\/\"},{\"@type\":\"ListItem\",\"position\":4,\"name\":\"DJI O3 Air Unit\"}]},{\"@type\":\"WebSite\",\"@id\":\"https:\/\/koningdrone.be\/#website\",\"url\":\"https:\/\/koningdrone.be\/\",\"name\":\"Koningdrone.be - Uw online specialist in drones, gimbals, camera's en power stations.\",\"description\":\"De webshop in drones en gimbals\",\"publisher\":{\"@id\":\"https:\/\/koningdrone.be\/#organization\"},\"potentialAction\":[{\"@type\":\"SearchAction\",\"target\":{\"@type\":\"EntryPoint\",\"urlTemplate\":\"https:\/\/koningdrone.be\/?s={search_term_string}\"},\"query-input\":{\"@type\":\"PropertyValueSpecification\",\"valueRequired\":true,\"valueName\":\"search_term_string\"}}],\"inLanguage\":\"de\"},{\"@type\":\"Organization\",\"@id\":\"https:\/\/koningdrone.be\/#organization\",\"name\":\"Koningdrone.be\",\"url\":\"https:\/\/koningdrone.be\/\",\"logo\":{\"@type\":\"ImageObject\",\"inLanguage\":\"de\",\"@id\":\"https:\/\/koningdrone.be\/#\/schema\/logo\/image\/\",\"url\":\"https:\/\/koningdrone.be\/wp-content\/uploads\/sites\/13\/2025\/04\/koningdrone-copyright-logo.svg\",\"contentUrl\":\"https:\/\/koningdrone.be\/wp-content\/uploads\/sites\/13\/2025\/04\/koningdrone-copyright-logo.svg\",\"width\":227,\"height\":38,\"caption\":\"Koningdrone.be\"},\"image\":{\"@id\":\"https:\/\/koningdrone.be\/#\/schema\/logo\/image\/\"}}]}<\/script>\n<!-- \/ Yoast SEO Premium plugin. -->","yoast_head_json":{"title":"DJI O3 Air Unit - koningdrone.be","robots":{"index":"index","follow":"follow","max-snippet":"max-snippet:-1","max-image-preview":"max-image-preview:large","max-video-preview":"max-video-preview:-1"},"canonical":"https:\/\/koningdrone.be\/de\/produkt\/dji-o3-air-unit\/","og_locale":"de_DE","og_type":"article","og_title":"DJI O3 Air Unit","og_description":"Beschikt over de allernieuwste videotransmissietechnologie van DJI. Lichtgewicht en compact lichaamsontwerp. High-definition videotransmissie met lage latentie over lange afstanden. 1\/1,7-inch sensor voor superieure beeldkwaliteit. 155\u00b0 superbreed gezichtsveld (FOV). Ondersteunt 1080p\/100fps video-overdracht tot 10 km. Kan 4K\/60fps-video opnemen met rijke beelddetails. Uitgerust met 20 GB ingebouwde opslag. D-Cinelike kleurmodus voor gedetailleerde kleuraanpassingen. Compatibel met DJI Avata ND-filters voor verbeterde beeldvorming. Aanpasbare OSD-informatie via Canvas-modus. Rijke compatibiliteit met DJI Goggles 2 en DJI FPV Remote Controller 2.","og_url":"https:\/\/koningdrone.be\/de\/produkt\/dji-o3-air-unit\/","og_site_name":"koningdrone.be","article_modified_time":"2026-04-29T11:40:04+00:00","og_image":[{"width":1200,"height":800,"url":"https:\/\/koningdrone.be\/wp-content\/uploads\/sites\/13\/2025\/04\/d92655b4699a0bdc7e77da3fecf1bdeb@large.jpg","type":"image\/jpeg"}],"twitter_card":"summary_large_image","twitter_misc":{"Gesch\u00e4tzte Lesezeit":"2\u00a0Minuten"},"schema":{"@context":"https:\/\/schema.org","@graph":[{"@type":"WebPage","@id":"https:\/\/koningdrone.be\/product\/dji-o3-air-unit\/","url":"https:\/\/koningdrone.be\/product\/dji-o3-air-unit\/","name":"DJI O3 Air Unit - koningdrone.be","isPartOf":{"@id":"https:\/\/koningdrone.be\/#website"},"primaryImageOfPage":{"@id":"https:\/\/koningdrone.be\/product\/dji-o3-air-unit\/#primaryimage"},"image":{"@id":"https:\/\/koningdrone.be\/product\/dji-o3-air-unit\/#primaryimage"},"thumbnailUrl":"https:\/\/koningdrone.be\/wp-content\/uploads\/sites\/13\/2025\/04\/d92655b4699a0bdc7e77da3fecf1bdeb@large.jpg","datePublished":"2023-01-24T12:06:52+00:00","dateModified":"2026-04-29T11:40:04+00:00","breadcrumb":{"@id":"https:\/\/koningdrone.be\/product\/dji-o3-air-unit\/#breadcrumb"},"inLanguage":"de","potentialAction":[{"@type":"ReadAction","target":["https:\/\/koningdrone.be\/product\/dji-o3-air-unit\/"]}]},{"@type":"ImageObject","inLanguage":"de","@id":"https:\/\/koningdrone.be\/product\/dji-o3-air-unit\/#primaryimage","url":"https:\/\/koningdrone.be\/wp-content\/uploads\/sites\/13\/2025\/04\/d92655b4699a0bdc7e77da3fecf1bdeb@large.jpg","contentUrl":"https:\/\/koningdrone.be\/wp-content\/uploads\/sites\/13\/2025\/04\/d92655b4699a0bdc7e77da3fecf1bdeb@large.jpg","width":1200,"height":800},{"@type":"BreadcrumbList","@id":"https:\/\/koningdrone.be\/product\/dji-o3-air-unit\/#breadcrumb","itemListElement":[{"@type":"ListItem","position":1,"name":"Home","item":"https:\/\/koningdrone.be\/"},{"@type":"ListItem","position":2,"name":"AVSS Parachute Recovery System for DJI Matrice 300\/350","item":"https:\/\/koningdrone.be\/product\/avss-parachute-recovery-system-for-dji-matrice-300-350\/"},{"@type":"ListItem","position":3,"name":"Alle gimbals en cameras","item":"https:\/\/koningdrone.be\/categorie\/alle-gimbals-en-cameras\/"},{"@type":"ListItem","position":4,"name":"DJI O3 Air Unit"}]},{"@type":"WebSite","@id":"https:\/\/koningdrone.be\/#website","url":"https:\/\/koningdrone.be\/","name":"Koningdrone.be - Ihr Online-Spezialist f\u00fcr Drohnen, Gimbals, Kameras und Kraftwerke.","description":"Der Webshop f\u00fcr Drohnen und Gimbals","publisher":{"@id":"https:\/\/koningdrone.be\/#organization"},"potentialAction":[{"@type":"SearchAction","target":{"@type":"EntryPoint","urlTemplate":"https:\/\/koningdrone.be\/?s={search_term_string}"},"query-input":{"@type":"PropertyValueSpecification","valueRequired":true,"valueName":"search_term_string"}}],"inLanguage":"de"},{"@type":"Organization","@id":"https:\/\/koningdrone.be\/#organization","name":"Kingdrone.de","url":"https:\/\/koningdrone.be\/","logo":{"@type":"ImageObject","inLanguage":"de","@id":"https:\/\/koningdrone.be\/#\/schema\/logo\/image\/","url":"https:\/\/koningdrone.be\/wp-content\/uploads\/sites\/13\/2025\/04\/koningdrone-copyright-logo.svg","contentUrl":"https:\/\/koningdrone.be\/wp-content\/uploads\/sites\/13\/2025\/04\/koningdrone-copyright-logo.svg","width":227,"height":38,"caption":"Koningdrone.be"},"image":{"@id":"https:\/\/koningdrone.be\/#\/schema\/logo\/image\/"}}]}},"df_price":"","df_sale_price":"","df_regular_price":"","df_image_link":"https:\/\/koningdrone.be\/wp-content\/uploads\/sites\/13\/2025\/04\/d92655b4699a0bdc7e77da3fecf1bdeb@large-300x200.jpg","_links":{"self":[{"href":"https:\/\/koningdrone.be\/de\/wp-json\/wp\/v2\/product\/5150","targetHints":{"allow":["GET"]}}],"collection":[{"href":"https:\/\/koningdrone.be\/de\/wp-json\/wp\/v2\/product"}],"about":[{"href":"https:\/\/koningdrone.be\/de\/wp-json\/wp\/v2\/types\/product"}],"wp:featuredmedia":[{"embeddable":true,"href":"https:\/\/koningdrone.be\/de\/wp-json\/wp\/v2\/media\/5148"}],"wp:attachment":[{"href":"https:\/\/koningdrone.be\/de\/wp-json\/wp\/v2\/media?parent=5150"}],"wp:term":[{"taxonomy":"product_brand","embeddable":true,"href":"https:\/\/koningdrone.be\/de\/wp-json\/wp\/v2\/product_brand?post=5150"},{"taxonomy":"product_cat","embeddable":true,"href":"https:\/\/koningdrone.be\/de\/wp-json\/wp\/v2\/product_cat?post=5150"},{"taxonomy":"product_tag","embeddable":true,"href":"https:\/\/koningdrone.be\/de\/wp-json\/wp\/v2\/product_tag?post=5150"}],"curies":[{"name":"wp","href":"https:\/\/api.w.org\/{rel}","templated":true}]}}