{"id":5142,"date":"2023-02-14T14:19:38","date_gmt":"2023-02-14T13:19:38","guid":{"rendered":"https:\/\/koningdrone.nl\/kon\/product\/bluetti-ep500-pro-power-station\/"},"modified":"2026-04-29T06:10:43","modified_gmt":"2026-04-29T04:10:43","slug":"bluetti-ep500-pro-power-station","status":"publish","type":"product","link":"https:\/\/koningdrone.be\/de\/produkt\/bluetti-ep500-pro-power-station\/","title":{"rendered":"Bluetti EP500 Pro Kraftwerk"},"content":{"rendered":"<p>Der BLUETTI EP500Pro ist ein beeindruckendes Kraftpaket mit einer 5100-Wh-LiFePO4-Batterie und einem 3000-W-Wechselrichter mit reiner Sinuswelle (2000 W f\u00fcr den EP500). Mit bis zu 15 Steckdosen k\u00f6nnen Sie alles von Laptops \u00fcber Klimaanlagen bis hin zu Elektrofahrzeugen m\u00fchelos mit Strom versorgen.<\/p>\n<p><strong>Sicherheit und Nachhaltigkeit<\/strong><\/p>\n<p>Dieses Kraftpaket ist mit einem fortschrittlichen Batteriemanagementsystem und einer LiFePO4-Chemie f\u00fcr unglaubliche Sicherheit und Langlebigkeit ausgestattet. Au\u00dferdem kann die Firmware \u00fcber das Internet aktualisiert werden, sodass der EP500Pro immer auf dem neuesten Stand ist.<\/p>\n<p><strong>Notstromversorgung<\/strong><\/p>\n<p>Im Falle eines Stromausfalls wird der EP500Pro automatisch zur Stromquelle f\u00fcr Ihr Zuhause, ohne dass Wartung, Treibstoff oder st\u00f6rende Ger\u00e4usche erforderlich sind. Mit einem optionalen MPPT-Solareingang von bis zu 2400 W k\u00f6nnen Sie das Kraftwerk schnell wieder aufladen und Ihre Ger\u00e4te in Betrieb halten.<\/p>\n<p><strong>Vielseitigkeit und Anwendungen<\/strong><\/p>\n<p>Die vielseitige EP500Pro wurde f\u00fcr unterschiedliche Szenarien entwickelt und bietet zahlreiche Anwendungsm\u00f6glichkeiten. Sie bietet nahtlose USV-Unterst\u00fctzung, wenn Sie sie am meisten brauchen.<\/p>\n<p><\/p>","protected":false},"excerpt":{"rendered":"<ul>\n<li>5100 Wh LiFePo4\/3000 W PSW-Wechselrichter, 3500+ Zyklen bis 80% Kapazit\u00e4t<\/li>\n<li>Tragbares Kraftwerk<\/li>\n<li>Netzunabh\u00e4ngiger USV-Modus und flexibler USV-Modus (24\/7)<\/li>\n<li>Netzunabh\u00e4ngige Energiespeicherung<\/li>\n<li>Mehrere Ger\u00e4te k\u00f6nnen gleichzeitig geladen werden<\/li>\n<li>Flexible Ladem\u00f6glichkeit, damit Ihre EP500Pro immer eingeschaltet bleibt<\/li>\n<li>App zur Fernsteuerung<\/li>\n<li>Intelligenter Touchscreen<\/li>\n<\/ul>","protected":false},"featured_media":5137,"template":"","meta":{"_acf_changed":false},"product_brand":[],"product_cat":[454,97,829,415,628],"product_tag":[],"class_list":{"0":"post-5142","1":"product","2":"type-product","3":"status-publish","4":"has-post-thumbnail","6":"product_cat-alle-powerstations","7":"product_cat-alle-producten","8":"product_cat-bluetti","9":"product_cat-energy","10":"product_cat-powerstations","11":"product_shipping_class-outofstock","12":"pa_afmetingen-580-x-300-x-760-mm","13":"pa_brand-bluetti","14":"pa_capaciteit-5120-wh_x000d_-en-kan-gekoppeld-worden-met-bluetti-b230-of-bluetti-b300-max-2-units","15":"pa_gewicht-83-kg","16":"pa_input-dc-max-2400-w-_x000d_-input-voltage-zonnepanelen-12v-150v-max-2-x-12a_x000d_-3000w-max-via-ac-input_x000d_-max-4000-w-solar-ac-input-samen","17":"pa_materiaal-kunststof","18":"pa_oplaadtijd-via-ac-2-5-uur","19":"pa_output-230-v-3-x-ac-230-v-eu-schuko_x000d_-totaal-max-3000-w-continuvermogen_x000d_-totaal-max-6000-w-piek-vermogen","20":"pa_output-dc-1x-12v-30a_x000d_-2-x-12v-10a-5521_x000d_-1x-12v-10a","21":"pa_output-usb-2-x-usb-5v-up-to-3a_x000d_-2-x-usb-3-6-12v-36w_x000d_-2-x-usb-c-20v-up-to-5a-5-15v-up-to-3a_x000d_-wireless-charging-5-w-7-5-w-10-w-15-w","22":"pa_productfamily-power-station","23":"pa_producttype-power-station","24":"pa_type-batterij-lifepo4","25":"pa_wifi-functie-ja","27":"first","28":"outofstock","29":"taxable","30":"shipping-taxable","31":"product-type-simple"},"acf":[],"yoast_head":"<!-- This site is optimized with the Yoast SEO Premium plugin v27.2 (Yoast SEO v27.2) - https:\/\/yoast.com\/product\/yoast-seo-premium-wordpress\/ -->\n<title>Bluetti EP500 Pro Power Station - koningdrone.be<\/title>\n<meta name=\"robots\" content=\"index, follow, max-snippet:-1, max-image-preview:large, max-video-preview:-1\" \/>\n<link rel=\"canonical\" href=\"https:\/\/koningdrone.be\/de\/produkt\/bluetti-ep500-pro-power-station\/\" \/>\n<meta property=\"og:locale\" content=\"de_DE\" \/>\n<meta property=\"og:type\" content=\"article\" \/>\n<meta property=\"og:title\" content=\"Bluetti EP500 Pro Power Station\" \/>\n<meta property=\"og:description\" content=\"5100 Wh LiFePo4\/3000 W PSW-omvormer, 3500+ cycli tot 80% capaciteit  Draagbare krachtcentrale  In-grid UPS-modus en flexibele UPS-modus (24\/7)  Off-grid energieopslag  Meerdere apparaten kunnen gelijktijdig worden geladen  Flexibele oplaadmanier om uw EP500Pro altijd aan te laten staan  Afstandsbediening-app  Slim touchscreen\" \/>\n<meta property=\"og:url\" content=\"https:\/\/koningdrone.be\/de\/produkt\/bluetti-ep500-pro-power-station\/\" \/>\n<meta property=\"og:site_name\" content=\"koningdrone.be\" \/>\n<meta property=\"article:modified_time\" content=\"2026-04-29T04:10:43+00:00\" \/>\n<meta property=\"og:image\" content=\"https:\/\/koningdrone.be\/wp-content\/uploads\/sites\/13\/2025\/04\/Bluetti-EP500-Pro-Power-Station-14.webp\" \/>\n\t<meta property=\"og:image:width\" content=\"750\" \/>\n\t<meta property=\"og:image:height\" content=\"750\" \/>\n\t<meta property=\"og:image:type\" content=\"image\/webp\" \/>\n<meta name=\"twitter:card\" content=\"summary_large_image\" \/>\n<meta name=\"twitter:label1\" content=\"Gesch\u00e4tzte Lesezeit\" \/>\n\t<meta name=\"twitter:data1\" content=\"1\u00a0Minute\" \/>\n<script type=\"application\/ld+json\" class=\"yoast-schema-graph\">{\"@context\":\"https:\/\/schema.org\",\"@graph\":[{\"@type\":\"WebPage\",\"@id\":\"https:\/\/koningdrone.be\/product\/bluetti-ep500-pro-power-station\/\",\"url\":\"https:\/\/koningdrone.be\/product\/bluetti-ep500-pro-power-station\/\",\"name\":\"Bluetti EP500 Pro Power Station - koningdrone.be\",\"isPartOf\":{\"@id\":\"https:\/\/koningdrone.be\/#website\"},\"primaryImageOfPage\":{\"@id\":\"https:\/\/koningdrone.be\/product\/bluetti-ep500-pro-power-station\/#primaryimage\"},\"image\":{\"@id\":\"https:\/\/koningdrone.be\/product\/bluetti-ep500-pro-power-station\/#primaryimage\"},\"thumbnailUrl\":\"https:\/\/koningdrone.be\/wp-content\/uploads\/sites\/13\/2025\/04\/Bluetti-EP500-Pro-Power-Station-14.webp\",\"datePublished\":\"2023-02-14T13:19:38+00:00\",\"dateModified\":\"2026-04-29T04:10:43+00:00\",\"breadcrumb\":{\"@id\":\"https:\/\/koningdrone.be\/product\/bluetti-ep500-pro-power-station\/#breadcrumb\"},\"inLanguage\":\"de\",\"potentialAction\":[{\"@type\":\"ReadAction\",\"target\":[\"https:\/\/koningdrone.be\/product\/bluetti-ep500-pro-power-station\/\"]}]},{\"@type\":\"ImageObject\",\"inLanguage\":\"de\",\"@id\":\"https:\/\/koningdrone.be\/product\/bluetti-ep500-pro-power-station\/#primaryimage\",\"url\":\"https:\/\/koningdrone.be\/wp-content\/uploads\/sites\/13\/2025\/04\/Bluetti-EP500-Pro-Power-Station-14.webp\",\"contentUrl\":\"https:\/\/koningdrone.be\/wp-content\/uploads\/sites\/13\/2025\/04\/Bluetti-EP500-Pro-Power-Station-14.webp\",\"width\":750,\"height\":750},{\"@type\":\"BreadcrumbList\",\"@id\":\"https:\/\/koningdrone.be\/product\/bluetti-ep500-pro-power-station\/#breadcrumb\",\"itemListElement\":[{\"@type\":\"ListItem\",\"position\":1,\"name\":\"Home\",\"item\":\"https:\/\/koningdrone.be\/\"},{\"@type\":\"ListItem\",\"position\":2,\"name\":\"AVSS Parachute Recovery System for DJI Matrice 300\/350\",\"item\":\"https:\/\/koningdrone.be\/product\/avss-parachute-recovery-system-for-dji-matrice-300-350\/\"},{\"@type\":\"ListItem\",\"position\":3,\"name\":\"Alle powerstations\",\"item\":\"https:\/\/koningdrone.be\/categorie\/alle-powerstations\/\"},{\"@type\":\"ListItem\",\"position\":4,\"name\":\"Bluetti EP500 Pro Power Station\"}]},{\"@type\":\"WebSite\",\"@id\":\"https:\/\/koningdrone.be\/#website\",\"url\":\"https:\/\/koningdrone.be\/\",\"name\":\"Koningdrone.be - Uw online specialist in drones, gimbals, camera's en power stations.\",\"description\":\"De webshop in drones en gimbals\",\"publisher\":{\"@id\":\"https:\/\/koningdrone.be\/#organization\"},\"potentialAction\":[{\"@type\":\"SearchAction\",\"target\":{\"@type\":\"EntryPoint\",\"urlTemplate\":\"https:\/\/koningdrone.be\/?s={search_term_string}\"},\"query-input\":{\"@type\":\"PropertyValueSpecification\",\"valueRequired\":true,\"valueName\":\"search_term_string\"}}],\"inLanguage\":\"de\"},{\"@type\":\"Organization\",\"@id\":\"https:\/\/koningdrone.be\/#organization\",\"name\":\"Koningdrone.be\",\"url\":\"https:\/\/koningdrone.be\/\",\"logo\":{\"@type\":\"ImageObject\",\"inLanguage\":\"de\",\"@id\":\"https:\/\/koningdrone.be\/#\/schema\/logo\/image\/\",\"url\":\"https:\/\/koningdrone.be\/wp-content\/uploads\/sites\/13\/2025\/04\/koningdrone-copyright-logo.svg\",\"contentUrl\":\"https:\/\/koningdrone.be\/wp-content\/uploads\/sites\/13\/2025\/04\/koningdrone-copyright-logo.svg\",\"width\":227,\"height\":38,\"caption\":\"Koningdrone.be\"},\"image\":{\"@id\":\"https:\/\/koningdrone.be\/#\/schema\/logo\/image\/\"}}]}<\/script>\n<!-- \/ Yoast SEO Premium plugin. -->","yoast_head_json":{"title":"Bluetti EP500 Pro Power Station - koningdrone.be","robots":{"index":"index","follow":"follow","max-snippet":"max-snippet:-1","max-image-preview":"max-image-preview:large","max-video-preview":"max-video-preview:-1"},"canonical":"https:\/\/koningdrone.be\/de\/produkt\/bluetti-ep500-pro-power-station\/","og_locale":"de_DE","og_type":"article","og_title":"Bluetti EP500 Pro Power Station","og_description":"5100 Wh LiFePo4\/3000 W PSW-omvormer, 3500+ cycli tot 80% capaciteit  Draagbare krachtcentrale  In-grid UPS-modus en flexibele UPS-modus (24\/7)  Off-grid energieopslag  Meerdere apparaten kunnen gelijktijdig worden geladen  Flexibele oplaadmanier om uw EP500Pro altijd aan te laten staan  Afstandsbediening-app  Slim touchscreen","og_url":"https:\/\/koningdrone.be\/de\/produkt\/bluetti-ep500-pro-power-station\/","og_site_name":"koningdrone.be","article_modified_time":"2026-04-29T04:10:43+00:00","og_image":[{"width":750,"height":750,"url":"https:\/\/koningdrone.be\/wp-content\/uploads\/sites\/13\/2025\/04\/Bluetti-EP500-Pro-Power-Station-14.webp","type":"image\/webp"}],"twitter_card":"summary_large_image","twitter_misc":{"Gesch\u00e4tzte Lesezeit":"1\u00a0Minute"},"schema":{"@context":"https:\/\/schema.org","@graph":[{"@type":"WebPage","@id":"https:\/\/koningdrone.be\/product\/bluetti-ep500-pro-power-station\/","url":"https:\/\/koningdrone.be\/product\/bluetti-ep500-pro-power-station\/","name":"Bluetti EP500 Pro Power Station - koningdrone.be","isPartOf":{"@id":"https:\/\/koningdrone.be\/#website"},"primaryImageOfPage":{"@id":"https:\/\/koningdrone.be\/product\/bluetti-ep500-pro-power-station\/#primaryimage"},"image":{"@id":"https:\/\/koningdrone.be\/product\/bluetti-ep500-pro-power-station\/#primaryimage"},"thumbnailUrl":"https:\/\/koningdrone.be\/wp-content\/uploads\/sites\/13\/2025\/04\/Bluetti-EP500-Pro-Power-Station-14.webp","datePublished":"2023-02-14T13:19:38+00:00","dateModified":"2026-04-29T04:10:43+00:00","breadcrumb":{"@id":"https:\/\/koningdrone.be\/product\/bluetti-ep500-pro-power-station\/#breadcrumb"},"inLanguage":"de","potentialAction":[{"@type":"ReadAction","target":["https:\/\/koningdrone.be\/product\/bluetti-ep500-pro-power-station\/"]}]},{"@type":"ImageObject","inLanguage":"de","@id":"https:\/\/koningdrone.be\/product\/bluetti-ep500-pro-power-station\/#primaryimage","url":"https:\/\/koningdrone.be\/wp-content\/uploads\/sites\/13\/2025\/04\/Bluetti-EP500-Pro-Power-Station-14.webp","contentUrl":"https:\/\/koningdrone.be\/wp-content\/uploads\/sites\/13\/2025\/04\/Bluetti-EP500-Pro-Power-Station-14.webp","width":750,"height":750},{"@type":"BreadcrumbList","@id":"https:\/\/koningdrone.be\/product\/bluetti-ep500-pro-power-station\/#breadcrumb","itemListElement":[{"@type":"ListItem","position":1,"name":"Home","item":"https:\/\/koningdrone.be\/"},{"@type":"ListItem","position":2,"name":"AVSS Parachute Recovery System for DJI Matrice 300\/350","item":"https:\/\/koningdrone.be\/product\/avss-parachute-recovery-system-for-dji-matrice-300-350\/"},{"@type":"ListItem","position":3,"name":"Alle powerstations","item":"https:\/\/koningdrone.be\/categorie\/alle-powerstations\/"},{"@type":"ListItem","position":4,"name":"Bluetti EP500 Pro Power Station"}]},{"@type":"WebSite","@id":"https:\/\/koningdrone.be\/#website","url":"https:\/\/koningdrone.be\/","name":"Koningdrone.be - Ihr Online-Spezialist f\u00fcr Drohnen, Gimbals, Kameras und Kraftwerke.","description":"Der Webshop f\u00fcr Drohnen und Gimbals","publisher":{"@id":"https:\/\/koningdrone.be\/#organization"},"potentialAction":[{"@type":"SearchAction","target":{"@type":"EntryPoint","urlTemplate":"https:\/\/koningdrone.be\/?s={search_term_string}"},"query-input":{"@type":"PropertyValueSpecification","valueRequired":true,"valueName":"search_term_string"}}],"inLanguage":"de"},{"@type":"Organization","@id":"https:\/\/koningdrone.be\/#organization","name":"Kingdrone.de","url":"https:\/\/koningdrone.be\/","logo":{"@type":"ImageObject","inLanguage":"de","@id":"https:\/\/koningdrone.be\/#\/schema\/logo\/image\/","url":"https:\/\/koningdrone.be\/wp-content\/uploads\/sites\/13\/2025\/04\/koningdrone-copyright-logo.svg","contentUrl":"https:\/\/koningdrone.be\/wp-content\/uploads\/sites\/13\/2025\/04\/koningdrone-copyright-logo.svg","width":227,"height":38,"caption":"Koningdrone.be"},"image":{"@id":"https:\/\/koningdrone.be\/#\/schema\/logo\/image\/"}}]}},"df_price":"","df_sale_price":"","df_regular_price":"","df_image_link":"https:\/\/koningdrone.be\/wp-content\/uploads\/sites\/13\/2025\/04\/Bluetti-EP500-Pro-Power-Station-14-300x300.webp","_links":{"self":[{"href":"https:\/\/koningdrone.be\/de\/wp-json\/wp\/v2\/product\/5142","targetHints":{"allow":["GET"]}}],"collection":[{"href":"https:\/\/koningdrone.be\/de\/wp-json\/wp\/v2\/product"}],"about":[{"href":"https:\/\/koningdrone.be\/de\/wp-json\/wp\/v2\/types\/product"}],"wp:featuredmedia":[{"embeddable":true,"href":"https:\/\/koningdrone.be\/de\/wp-json\/wp\/v2\/media\/5137"}],"wp:attachment":[{"href":"https:\/\/koningdrone.be\/de\/wp-json\/wp\/v2\/media?parent=5142"}],"wp:term":[{"taxonomy":"product_brand","embeddable":true,"href":"https:\/\/koningdrone.be\/de\/wp-json\/wp\/v2\/product_brand?post=5142"},{"taxonomy":"product_cat","embeddable":true,"href":"https:\/\/koningdrone.be\/de\/wp-json\/wp\/v2\/product_cat?post=5142"},{"taxonomy":"product_tag","embeddable":true,"href":"https:\/\/koningdrone.be\/de\/wp-json\/wp\/v2\/product_tag?post=5142"}],"curies":[{"name":"wp","href":"https:\/\/api.w.org\/{rel}","templated":true}]}}