{"id":5136,"date":"2023-02-27T16:24:57","date_gmt":"2023-02-27T15:24:57","guid":{"rendered":"https:\/\/koningdrone.nl\/kon\/product\/ecoflow-dual-fuel-smart-generator-power-generator-230-v-1800-w\/"},"modified":"2026-04-29T13:40:45","modified_gmt":"2026-04-29T11:40:45","slug":"ecoflow-dual-fuel-smart-generator-power-generator-230-v-1800-w","status":"publish","type":"product","link":"https:\/\/koningdrone.be\/de\/produkt\/ecoflow-dual-fuel-smart-generator-power-generator-230-v-1800-w\/","title":{"rendered":"EcoFlow Dual Fuel Smart Generator EU"},"content":{"rendered":"<h1>EcoFlow Dual Fuel Smart Generator EU<\/h1>\n<p>Der Dual Fuel EcoFlow Smart Generator ist ein echter Segen f\u00fcr alle, die sich ein H\u00f6chstma\u00df an Unabh\u00e4ngigkeit, Sicherheit und die M\u00f6glichkeit einer Notstromversorgung sichern wollen. Der Generator kann mit DELTA Pro, DELTA Max Ladestationen und Power Kit Systemen f\u00fcr Energieunabh\u00e4ngigkeit verwendet werden. Das Design des Generators erm\u00f6glicht die Verwendung von zwei Arten von Kraftstoff: Fl\u00fcssiggas und Benzin (AI-92).<\/p>\n<p><strong> Fl\u00fcssiggas: bessere Umwelt, mehr Effizienz und Flexibilit\u00e4t <\/strong><\/p>\n<p>Fl\u00fcssiggas ist f\u00fcr viele Besitzer von Privath\u00e4usern in Russland nichts Ungew\u00f6hnliches. Aber in diesem Fall kann diese Art von Kraftstoff auch f\u00fcr den Betrieb eines Dual-Fuel-Generators verwendet werden. Gleichzeitig eignet sich diese Option f\u00fcr verschiedene Situationen: im Falle eines Unfalls im st\u00e4dtischen Stromnetz als Reservestromquelle sowie auf Reisen mit einem Wohnmobil. Die Verwendung von Fl\u00fcssiggas tr\u00e4gt dazu bei, den Aussto\u00df von Kohlenmonoxid und anderen Schadstoffen auf bis zu 10% zu reduzieren und erh\u00f6ht die Gesamtflexibilit\u00e4t Ihres Stromsystems.<\/p>\n<p><strong> Lange Abschaltungen sind nicht be\u00e4ngstigend <\/strong><\/p>\n<p>Mit dem Generator k\u00f6nnen Sie 12,5 Betriebsstunden und 20 kWh Strom allein mit Fl\u00fcssiggas erzeugen (abh\u00e4ngig vom Volumen des Fl\u00fcssiggastanks). Mit einem 4-Liter-Benzintank und einer Leistung von 1600W-1800W k\u00f6nnen Sie 5,4 kWh mit Benzin erzeugen. Das hei\u00dft, Sie haben zwei Energiequellen zur Verf\u00fcgung und k\u00f6nnen gleichzeitig Kraftstoff sparen und gen\u00fcgend Energie gewinnen.<\/p>\n<p><strong> Kraftstoffverbrauch <\/strong><\/p>\n<p>Wenn Sie Delta Pro- und Delta Max-Ladestationen an den Generator anschlie\u00dfen, k\u00f6nnen Sie bis zu 40% Kraftstoff sparen. Der Generator ist mit einer automatischen Start- und Stoppfunktion ausgestattet, um Kraftstoffverbrauch, Emissionen und L\u00e4rm zu reduzieren. F\u00f6rdert den nachhaltigen Kraftstoffverbrauch und die mobile Anwendung f\u00fcr Delta Pro- und Delta Max-Stationen. Er bestimmt, wann die Stationen auf das vom Benutzer eingestellte Niveau entladen werden m\u00fcssen. Danach schaltet sich der Generator automatisch ein. Nach Erreichen eines vorgegebenen Ladezustands wird der Generatormotor abgeschaltet.<\/p>\n<p><strong> 4 M\u00f6glichkeiten zum Starten des Generators <\/strong><\/p>\n<p>Sie k\u00f6nnen den Dual Fuel Smart Generator auf eine von 4 Arten starten, die Ihnen am besten passen. Wenn Sie sich in der N\u00e4he des Ger\u00e4ts befinden, k\u00f6nnen Sie es mit der elektrischen Starttaste oder der traditionellen manuellen Methode starten. Mit der Smartphone-App k\u00f6nnen Sie den Generator auch auf automatischen Start* oder Fernstart einstellen. Der manuelle Start kann auch f\u00fcr Situationen verwendet werden, in denen eine St\u00f6rung aufgetreten ist.<br \/>\n*Bitte beachten Sie, dass f\u00fcr den automatischen Start Delta Pro, Delta Max oder Power Kits an den Generator angeschlossen werden m\u00fcssen.<\/p>\n<p><strong> Einfache Wartung des Generators || Einfacher Zugang zu den internen Komponenten <\/strong><\/p>\n<p>Das Geh\u00e4use des Dual-Fuel-Generators ist mit einer gro\u00dfen Seitent\u00fcr ausgestattet. Wenn Sie diese \u00f6ffnen, k\u00f6nnen Sie die Wartung, eventuelle Reparaturen oder Instandhaltungsarbeiten ohne gro\u00dfen Aufwand durchf\u00fchren.<\/p>\n<p><strong> Minimaler L\u00e4rm <\/strong><\/p>\n<p>Der Dual Fuel Generator hat einen eingebauten Schalld\u00e4mpfer. Ein solcher Schalld\u00e4mpfer reduziert den Ger\u00e4uschpegel auf 56-63 dB in einer Entfernung von 7 Metern.<\/p>\n<p><strong> Mobile Anwendung f\u00fcr Echtzeit-\u00dcberwachung <\/strong><\/p>\n<p>Laden Sie die EcoFlow-Anwendung der Marke herunter und installieren Sie sie. Verbinden Sie sie \u00fcber Bluetooth oder Wi-Fi und entdecken Sie die ganze Welt der M\u00f6glichkeiten. Mit der praktischen und intuitiven Anwendung k\u00f6nnen Sie den Batteriestand f\u00fcr den automatischen Start einstellen, den Gleichstromausgang steuern, den Generator und andere EcoFlow-Ger\u00e4te aus der Ferne starten oder stoppen, den Eco-Modus aktivieren, \u00fcberwachen und Benachrichtigungen erhalten.<\/p>","protected":false},"excerpt":{"rendered":"<ul>\n<li>Gr\u00f6\u00dfe: 59,7 x 30,0 x 47,5 Zentimeter<\/li>\n<li>Gewicht - 30,5 kg<\/li>\n<li>Typ Wechselrichter-Generator<\/li>\n<li>Frequenz - 50 Hz<\/li>\n<li>Nennleistung - Benzin: 1800 W (Spitzenwert 1900 W) Fl\u00fcssiggas: 1600 W (Spitzenwert 1700 W)<\/li>\n<li>Nennspannung - 230 V<\/li>\n<li>Typ (Motor) - Viertakt, Zwangsluftk\u00fchlung<\/li>\n<li>Hubraum (Motor) - 80 cc<\/li>\n<li>Kraftstoffart (Motor) - Fl\u00fcssiggas (Propan), bleifreies Benzin<\/li>\n<li>Fassungsverm\u00f6gen des Kraftstofftanks (Motor) - 4 l<\/li>\n<li>Ger\u00e4uschpegel (Motor) - 56-67 Db<\/li>\n<li>Kontinuierliche Betriebszeit (Motor) - Benzin: 3,5 Stunden (Volllast)<\/li>\n<li>Leistung - 1800 W<\/li>\n<\/ul>","protected":false},"featured_media":5131,"template":"","meta":{"_acf_changed":false},"product_brand":[],"product_cat":[454,97,245,276,415,628],"product_tag":[],"class_list":{"0":"post-5136","1":"product","2":"type-product","3":"status-publish","4":"has-post-thumbnail","6":"product_cat-alle-powerstations","7":"product_cat-alle-producten","8":"product_cat-ecoflow","9":"product_cat-ecoflow-powerstations","10":"product_cat-energy","11":"product_cat-powerstations","12":"product_shipping_class-outofstock","13":"pa_afmetingen-59-7-x-30-x-47-5-cm","14":"pa_brand-ecoflow","15":"pa_capaciteit-1036","16":"pa_gewicht-30-5-kg","17":"pa_output-230-v-benzine-1-800-w-piekbelasting-1-900-w_x000d_-lpg-1-600-w-piekbelasting-1-700-w","18":"pa_output-dc-42-58-8-v","19":"pa_productfamily-generator","20":"pa_producttype-generator","21":"pa_type-batterij-1035","22":"pa_wifi-functie-ja","24":"first","25":"outofstock","26":"taxable","27":"shipping-taxable","28":"product-type-simple"},"acf":[],"yoast_head":"<!-- This site is optimized with the Yoast SEO Premium plugin v27.2 (Yoast SEO v27.2) - https:\/\/yoast.com\/product\/yoast-seo-premium-wordpress\/ -->\n<title>EcoFlow Dual Fuel Smart Generator EU - koningdrone.be<\/title>\n<meta name=\"robots\" content=\"index, follow, max-snippet:-1, max-image-preview:large, max-video-preview:-1\" \/>\n<link rel=\"canonical\" href=\"https:\/\/koningdrone.be\/de\/produkt\/ecoflow-dual-fuel-smart-generator-power-generator-230-v-1800-w\/\" \/>\n<meta property=\"og:locale\" content=\"de_DE\" \/>\n<meta property=\"og:type\" content=\"article\" \/>\n<meta property=\"og:title\" content=\"EcoFlow Dual Fuel Smart Generator EU\" \/>\n<meta property=\"og:description\" content=\"Afmeting: 59,7 x 30,0 x 47,5 centimeterGewicht - 30,5 KgType-invertergeneratorFrequentie - 50 HzNominale capaciteit - Benzine: 1800 W (piekwaarde 1900 W) Vloeibaar gas: 1600 W (piekwaarde 1700 W)Nominale spanning - 230 VType (motor) - Viertakt, geforceerde luchtkoelingCilinderinhoud (motor) - 80 ccBrandstoftype (motor) - vloeibaar petroleumgas (propaan), loodvrije benzineInhoud brandstoftank (motor) - 4 lGeluidsniveau (motor) - 56-67 DbContinue bedrijfstijd (motor) - benzine: 3,5 uur (vollast)Vermogen - 1800 W\" \/>\n<meta property=\"og:url\" content=\"https:\/\/koningdrone.be\/de\/produkt\/ecoflow-dual-fuel-smart-generator-power-generator-230-v-1800-w\/\" \/>\n<meta property=\"og:site_name\" content=\"koningdrone.be\" \/>\n<meta property=\"article:modified_time\" content=\"2026-04-29T11:40:45+00:00\" \/>\n<meta property=\"og:image\" content=\"https:\/\/koningdrone.be\/wp-content\/uploads\/sites\/13\/2025\/04\/4897082668657-1.jpg\" \/>\n\t<meta property=\"og:image:width\" content=\"540\" \/>\n\t<meta property=\"og:image:height\" content=\"540\" \/>\n\t<meta property=\"og:image:type\" content=\"image\/jpeg\" \/>\n<meta name=\"twitter:card\" content=\"summary_large_image\" \/>\n<meta name=\"twitter:label1\" content=\"Gesch\u00e4tzte Lesezeit\" \/>\n\t<meta name=\"twitter:data1\" content=\"3\u00a0Minuten\" \/>\n<script type=\"application\/ld+json\" class=\"yoast-schema-graph\">{\"@context\":\"https:\/\/schema.org\",\"@graph\":[{\"@type\":\"WebPage\",\"@id\":\"https:\/\/koningdrone.be\/product\/ecoflow-dual-fuel-smart-generator-power-generator-230-v-1800-w\/\",\"url\":\"https:\/\/koningdrone.be\/product\/ecoflow-dual-fuel-smart-generator-power-generator-230-v-1800-w\/\",\"name\":\"EcoFlow Dual Fuel Smart Generator EU - koningdrone.be\",\"isPartOf\":{\"@id\":\"https:\/\/koningdrone.be\/#website\"},\"primaryImageOfPage\":{\"@id\":\"https:\/\/koningdrone.be\/product\/ecoflow-dual-fuel-smart-generator-power-generator-230-v-1800-w\/#primaryimage\"},\"image\":{\"@id\":\"https:\/\/koningdrone.be\/product\/ecoflow-dual-fuel-smart-generator-power-generator-230-v-1800-w\/#primaryimage\"},\"thumbnailUrl\":\"https:\/\/koningdrone.be\/wp-content\/uploads\/sites\/13\/2025\/04\/4897082668657-1.jpg\",\"datePublished\":\"2023-02-27T15:24:57+00:00\",\"dateModified\":\"2026-04-29T11:40:45+00:00\",\"breadcrumb\":{\"@id\":\"https:\/\/koningdrone.be\/product\/ecoflow-dual-fuel-smart-generator-power-generator-230-v-1800-w\/#breadcrumb\"},\"inLanguage\":\"de\",\"potentialAction\":[{\"@type\":\"ReadAction\",\"target\":[\"https:\/\/koningdrone.be\/product\/ecoflow-dual-fuel-smart-generator-power-generator-230-v-1800-w\/\"]}]},{\"@type\":\"ImageObject\",\"inLanguage\":\"de\",\"@id\":\"https:\/\/koningdrone.be\/product\/ecoflow-dual-fuel-smart-generator-power-generator-230-v-1800-w\/#primaryimage\",\"url\":\"https:\/\/koningdrone.be\/wp-content\/uploads\/sites\/13\/2025\/04\/4897082668657-1.jpg\",\"contentUrl\":\"https:\/\/koningdrone.be\/wp-content\/uploads\/sites\/13\/2025\/04\/4897082668657-1.jpg\",\"width\":540,\"height\":540},{\"@type\":\"BreadcrumbList\",\"@id\":\"https:\/\/koningdrone.be\/product\/ecoflow-dual-fuel-smart-generator-power-generator-230-v-1800-w\/#breadcrumb\",\"itemListElement\":[{\"@type\":\"ListItem\",\"position\":1,\"name\":\"Home\",\"item\":\"https:\/\/koningdrone.be\/\"},{\"@type\":\"ListItem\",\"position\":2,\"name\":\"AVSS Parachute Recovery System for DJI Matrice 300\/350\",\"item\":\"https:\/\/koningdrone.be\/product\/avss-parachute-recovery-system-for-dji-matrice-300-350\/\"},{\"@type\":\"ListItem\",\"position\":3,\"name\":\"Alle powerstations\",\"item\":\"https:\/\/koningdrone.be\/categorie\/alle-powerstations\/\"},{\"@type\":\"ListItem\",\"position\":4,\"name\":\"EcoFlow Dual Fuel Smart Generator EU\"}]},{\"@type\":\"WebSite\",\"@id\":\"https:\/\/koningdrone.be\/#website\",\"url\":\"https:\/\/koningdrone.be\/\",\"name\":\"Koningdrone.be - Uw online specialist in drones, gimbals, camera's en power stations.\",\"description\":\"De webshop in drones en gimbals\",\"publisher\":{\"@id\":\"https:\/\/koningdrone.be\/#organization\"},\"potentialAction\":[{\"@type\":\"SearchAction\",\"target\":{\"@type\":\"EntryPoint\",\"urlTemplate\":\"https:\/\/koningdrone.be\/?s={search_term_string}\"},\"query-input\":{\"@type\":\"PropertyValueSpecification\",\"valueRequired\":true,\"valueName\":\"search_term_string\"}}],\"inLanguage\":\"de\"},{\"@type\":\"Organization\",\"@id\":\"https:\/\/koningdrone.be\/#organization\",\"name\":\"Koningdrone.be\",\"url\":\"https:\/\/koningdrone.be\/\",\"logo\":{\"@type\":\"ImageObject\",\"inLanguage\":\"de\",\"@id\":\"https:\/\/koningdrone.be\/#\/schema\/logo\/image\/\",\"url\":\"https:\/\/koningdrone.be\/wp-content\/uploads\/sites\/13\/2025\/04\/koningdrone-copyright-logo.svg\",\"contentUrl\":\"https:\/\/koningdrone.be\/wp-content\/uploads\/sites\/13\/2025\/04\/koningdrone-copyright-logo.svg\",\"width\":227,\"height\":38,\"caption\":\"Koningdrone.be\"},\"image\":{\"@id\":\"https:\/\/koningdrone.be\/#\/schema\/logo\/image\/\"}}]}<\/script>\n<!-- \/ Yoast SEO Premium plugin. -->","yoast_head_json":{"title":"EcoFlow Dual Fuel Smart Generator EU - koningdrone.be","robots":{"index":"index","follow":"follow","max-snippet":"max-snippet:-1","max-image-preview":"max-image-preview:large","max-video-preview":"max-video-preview:-1"},"canonical":"https:\/\/koningdrone.be\/de\/produkt\/ecoflow-dual-fuel-smart-generator-power-generator-230-v-1800-w\/","og_locale":"de_DE","og_type":"article","og_title":"EcoFlow Dual Fuel Smart Generator EU","og_description":"Afmeting: 59,7 x 30,0 x 47,5 centimeterGewicht - 30,5 KgType-invertergeneratorFrequentie - 50 HzNominale capaciteit - Benzine: 1800 W (piekwaarde 1900 W) Vloeibaar gas: 1600 W (piekwaarde 1700 W)Nominale spanning - 230 VType (motor) - Viertakt, geforceerde luchtkoelingCilinderinhoud (motor) - 80 ccBrandstoftype (motor) - vloeibaar petroleumgas (propaan), loodvrije benzineInhoud brandstoftank (motor) - 4 lGeluidsniveau (motor) - 56-67 DbContinue bedrijfstijd (motor) - benzine: 3,5 uur (vollast)Vermogen - 1800 W","og_url":"https:\/\/koningdrone.be\/de\/produkt\/ecoflow-dual-fuel-smart-generator-power-generator-230-v-1800-w\/","og_site_name":"koningdrone.be","article_modified_time":"2026-04-29T11:40:45+00:00","og_image":[{"width":540,"height":540,"url":"https:\/\/koningdrone.be\/wp-content\/uploads\/sites\/13\/2025\/04\/4897082668657-1.jpg","type":"image\/jpeg"}],"twitter_card":"summary_large_image","twitter_misc":{"Gesch\u00e4tzte Lesezeit":"3\u00a0Minuten"},"schema":{"@context":"https:\/\/schema.org","@graph":[{"@type":"WebPage","@id":"https:\/\/koningdrone.be\/product\/ecoflow-dual-fuel-smart-generator-power-generator-230-v-1800-w\/","url":"https:\/\/koningdrone.be\/product\/ecoflow-dual-fuel-smart-generator-power-generator-230-v-1800-w\/","name":"EcoFlow Dual Fuel Smart Generator EU - koningdrone.be","isPartOf":{"@id":"https:\/\/koningdrone.be\/#website"},"primaryImageOfPage":{"@id":"https:\/\/koningdrone.be\/product\/ecoflow-dual-fuel-smart-generator-power-generator-230-v-1800-w\/#primaryimage"},"image":{"@id":"https:\/\/koningdrone.be\/product\/ecoflow-dual-fuel-smart-generator-power-generator-230-v-1800-w\/#primaryimage"},"thumbnailUrl":"https:\/\/koningdrone.be\/wp-content\/uploads\/sites\/13\/2025\/04\/4897082668657-1.jpg","datePublished":"2023-02-27T15:24:57+00:00","dateModified":"2026-04-29T11:40:45+00:00","breadcrumb":{"@id":"https:\/\/koningdrone.be\/product\/ecoflow-dual-fuel-smart-generator-power-generator-230-v-1800-w\/#breadcrumb"},"inLanguage":"de","potentialAction":[{"@type":"ReadAction","target":["https:\/\/koningdrone.be\/product\/ecoflow-dual-fuel-smart-generator-power-generator-230-v-1800-w\/"]}]},{"@type":"ImageObject","inLanguage":"de","@id":"https:\/\/koningdrone.be\/product\/ecoflow-dual-fuel-smart-generator-power-generator-230-v-1800-w\/#primaryimage","url":"https:\/\/koningdrone.be\/wp-content\/uploads\/sites\/13\/2025\/04\/4897082668657-1.jpg","contentUrl":"https:\/\/koningdrone.be\/wp-content\/uploads\/sites\/13\/2025\/04\/4897082668657-1.jpg","width":540,"height":540},{"@type":"BreadcrumbList","@id":"https:\/\/koningdrone.be\/product\/ecoflow-dual-fuel-smart-generator-power-generator-230-v-1800-w\/#breadcrumb","itemListElement":[{"@type":"ListItem","position":1,"name":"Home","item":"https:\/\/koningdrone.be\/"},{"@type":"ListItem","position":2,"name":"AVSS Parachute Recovery System for DJI Matrice 300\/350","item":"https:\/\/koningdrone.be\/product\/avss-parachute-recovery-system-for-dji-matrice-300-350\/"},{"@type":"ListItem","position":3,"name":"Alle powerstations","item":"https:\/\/koningdrone.be\/categorie\/alle-powerstations\/"},{"@type":"ListItem","position":4,"name":"EcoFlow Dual Fuel Smart Generator EU"}]},{"@type":"WebSite","@id":"https:\/\/koningdrone.be\/#website","url":"https:\/\/koningdrone.be\/","name":"Koningdrone.be - Ihr Online-Spezialist f\u00fcr Drohnen, Gimbals, Kameras und Kraftwerke.","description":"Der Webshop f\u00fcr Drohnen und Gimbals","publisher":{"@id":"https:\/\/koningdrone.be\/#organization"},"potentialAction":[{"@type":"SearchAction","target":{"@type":"EntryPoint","urlTemplate":"https:\/\/koningdrone.be\/?s={search_term_string}"},"query-input":{"@type":"PropertyValueSpecification","valueRequired":true,"valueName":"search_term_string"}}],"inLanguage":"de"},{"@type":"Organization","@id":"https:\/\/koningdrone.be\/#organization","name":"Kingdrone.de","url":"https:\/\/koningdrone.be\/","logo":{"@type":"ImageObject","inLanguage":"de","@id":"https:\/\/koningdrone.be\/#\/schema\/logo\/image\/","url":"https:\/\/koningdrone.be\/wp-content\/uploads\/sites\/13\/2025\/04\/koningdrone-copyright-logo.svg","contentUrl":"https:\/\/koningdrone.be\/wp-content\/uploads\/sites\/13\/2025\/04\/koningdrone-copyright-logo.svg","width":227,"height":38,"caption":"Koningdrone.be"},"image":{"@id":"https:\/\/koningdrone.be\/#\/schema\/logo\/image\/"}}]}},"df_price":"","df_sale_price":"","df_regular_price":"","df_image_link":"https:\/\/koningdrone.be\/wp-content\/uploads\/sites\/13\/2025\/04\/4897082668657-1-300x300.jpg","_links":{"self":[{"href":"https:\/\/koningdrone.be\/de\/wp-json\/wp\/v2\/product\/5136","targetHints":{"allow":["GET"]}}],"collection":[{"href":"https:\/\/koningdrone.be\/de\/wp-json\/wp\/v2\/product"}],"about":[{"href":"https:\/\/koningdrone.be\/de\/wp-json\/wp\/v2\/types\/product"}],"wp:featuredmedia":[{"embeddable":true,"href":"https:\/\/koningdrone.be\/de\/wp-json\/wp\/v2\/media\/5131"}],"wp:attachment":[{"href":"https:\/\/koningdrone.be\/de\/wp-json\/wp\/v2\/media?parent=5136"}],"wp:term":[{"taxonomy":"product_brand","embeddable":true,"href":"https:\/\/koningdrone.be\/de\/wp-json\/wp\/v2\/product_brand?post=5136"},{"taxonomy":"product_cat","embeddable":true,"href":"https:\/\/koningdrone.be\/de\/wp-json\/wp\/v2\/product_cat?post=5136"},{"taxonomy":"product_tag","embeddable":true,"href":"https:\/\/koningdrone.be\/de\/wp-json\/wp\/v2\/product_tag?post=5136"}],"curies":[{"name":"wp","href":"https:\/\/api.w.org\/{rel}","templated":true}]}}