{"id":5130,"date":"2023-03-08T09:20:34","date_gmt":"2023-03-08T08:20:34","guid":{"rendered":"https:\/\/koningdrone.nl\/kon\/product\/bluetti-ac200p-solar-power-station\/"},"modified":"2025-05-20T14:34:01","modified_gmt":"2025-05-20T12:34:01","slug":"bluetti-ac200p-solar-power-station","status":"publish","type":"product","link":"https:\/\/koningdrone.be\/de\/produkt\/bluetti-ac200p-solar-power-station\/","title":{"rendered":"Bluetti AC200P Solarstromanlage"},"content":{"rendered":"<p><strong>Bluetti AC200P Solarstromanlage<\/strong><\/p>\n<p>Die Bluetti AC200P Solar Power Station ist die ultimative L\u00f6sung f\u00fcr eine zuverl\u00e4ssige Stromversorgung, wo immer Sie sind. Mit einer leistungsstarken AC-Wechselrichterlast von 2000 W (kontinuierlich) und einer Spitzenlast von 4800 W bietet die Bluetti AC200P eine enorme Kapazit\u00e4t von 2000 Wh, um alle Ihre elektronischen Ger\u00e4te mit Strom zu versorgen.<\/p>\n<p><strong>Vielseitige Ladeoptionen<\/strong><\/p>\n<p>Mit mehreren AC\/DC-Ausg\u00e4ngen k\u00f6nnen Sie bis zu 13 Ger\u00e4te gleichzeitig aufladen, ohne ein anderes Ger\u00e4t f\u00fcr das andere verwenden zu m\u00fcssen. Das Bluetti AC200P ist sowohl f\u00fcr den Innen- als auch f\u00fcr den Au\u00dfenbereich geeignet und eignet sich daher perfekt als Backup-System bei Stromausf\u00e4llen zu Hause oder zum Aufladen wichtiger Ger\u00e4te im Freien, wie z. B. Mixer, Eisk\u00fchlger\u00e4te, Radios und Projektoren.<\/p>\n<p><strong>Langfristige Energieversorgung<\/strong><\/p>\n<p>Mit einer Kapazit\u00e4t von 2000 Wh liefert der Bluetti AC200P stundenlang Strom f\u00fcr alle Ihre Ger\u00e4te und ist damit ideal f\u00fcr Camping, das Leben im Van und vieles mehr. Kurz gesagt, der Bluetti AC200P bietet eine unvergleichliche Vielseitigkeit und ist f\u00fcr eine Vielzahl von Gelegenheiten geeignet, damit Ihnen nie der Strom ausgeht.<\/p>\n<p><\/p>","protected":false},"excerpt":{"rendered":"<ul>\n<li>2.000 W AC reiner Sinus-Wechselrichter (4.800 W Spitze)<\/li>\n<li>2000 Wh\/2000 W h\u00f6here Leistung\/gr\u00f6\u00dfere Kapazit\u00e4t<\/li>\n<li>13 Ausgangsanschl\u00fcsse f\u00fcr mehrere Ger\u00e4te<\/li>\n<li>Flexible 7 M\u00f6glichkeiten zum Aufladen (AC\/Solar\/Auto\/Generator\/Batterie\/Doppel-AC\/AC+Solar)<\/li>\n<li>Intelligenter ber\u00fchrbarer LCD-Interaktionsbildschirm<\/li>\n<li>700W Solar + 500W AC Aufladung in 2-2,5 Stunden<\/li>\n<li>Doppelter AC-Adapter (500 W) Schnellladung in 2-2,5 Stunden<\/li>\n<li>Umweltfreundlich\/Gasfrei\/Stiller\/Kostensparend<\/li>\n<\/ul>","protected":false},"featured_media":5128,"template":"","meta":{"_acf_changed":false},"product_brand":[],"product_cat":[454,97,829,415,628],"product_tag":[],"class_list":{"0":"post-5130","1":"product","2":"type-product","3":"status-publish","4":"has-post-thumbnail","6":"product_cat-alle-powerstations","7":"product_cat-alle-producten","8":"product_cat-bluetti","9":"product_cat-energy","10":"product_cat-powerstations","11":"pa_afmetingen-420-x-280-x-386mm","12":"pa_brand-bluetti","13":"pa_capaciteit-2000-wh-_x000d_-40-ah-42-v-588-v","14":"pa_gewicht-29-kg","15":"pa_input-dc-invoer-ac-adapter-500-w-max-zonnepannel-700-w-max-voc-35-150-v-12-a-auto-ingang-12-24v-vanaf-sigarettenaanstekerpoort-maximaal-ingangsvermogen-1200-w-met-gelijktijdige-ac-en-zonne-energie","16":"pa_materiaal-kunststof","17":"pa_oplaadtijd-via-ac-wisselstroomadapter-500-w-455-uur-zonne-energie-700w-354-uur-bij-optimaal-zonlicht-ideale-orientatie-en-lage-temperatuur-12v-24v-auto-stopcontact-100w-200w-1","18":"pa_output-230-v-ac-uitgangen-2x120v-5a-600w-in-totaal-omvormertype-zuivere-sinusgolf-schommelingsvermogen-1-200-w-usb-c-poort-1-x-100wmax-ingebouwde-emark-chip-usb-a-poort-2-x-5v-3a-12v-dc-uitgang","19":"pa_output-dc-2-x-12v-3a-5521_x000d_-1x-12v-10a-_x000d_-1x-12v-25a","20":"pa_output-usb-4-x-usb-a-5v-3a_x000d_-1-x-60w-usb-c-pd-port_x000d_-2-x-wireless-charging-15w-max","21":"pa_productfamily-power-station","22":"pa_producttype-power-station","23":"pa_type-batterij-lifepo4","24":"pa_wifi-functie-1033","26":"first","27":"outofstock","28":"taxable","29":"shipping-taxable","30":"product-type-simple"},"acf":[],"yoast_head":"<!-- This site is optimized with the Yoast SEO Premium plugin v27.2 (Yoast SEO v27.2) - https:\/\/yoast.com\/product\/yoast-seo-premium-wordpress\/ -->\n<title>Bluetti AC200P Solar Power Station - koningdrone.be<\/title>\n<meta name=\"robots\" content=\"index, follow, max-snippet:-1, max-image-preview:large, max-video-preview:-1\" \/>\n<link rel=\"canonical\" href=\"https:\/\/koningdrone.be\/de\/produkt\/bluetti-ac200p-solar-power-station\/\" \/>\n<meta property=\"og:locale\" content=\"de_DE\" \/>\n<meta property=\"og:type\" content=\"article\" \/>\n<meta property=\"og:title\" content=\"Bluetti AC200P Solar Power Station\" \/>\n<meta property=\"og:description\" content=\"2000 W AC zuivere sinusomvormer (4.800 W piek)2000 Wh\/2000 W hoger vermogen\/grotere capaciteit13 uitvoerpoorten voor meerdere apparatenFlexibele 7 manieren om op te laden (AC\/Solar\/Auto\/Generator\/Loodaccu\/Dual AC\/AC+Solar)Slim aanraakbaar LCD-interactiescherm700W zonne-energie + 500W wisselstroom opladen in 2-2,5 uurDubbele AC-adapter (500 W) Snel opladen in 2-2,5 uurMilieuvriendelijk\/gasvrij\/stiller\/kostenbesparend\" \/>\n<meta property=\"og:url\" content=\"https:\/\/koningdrone.be\/de\/produkt\/bluetti-ac200p-solar-power-station\/\" \/>\n<meta property=\"og:site_name\" content=\"koningdrone.be\" \/>\n<meta property=\"article:modified_time\" content=\"2025-05-20T12:34:01+00:00\" \/>\n<meta property=\"og:image\" content=\"https:\/\/koningdrone.be\/wp-content\/uploads\/sites\/13\/2025\/04\/6970991291012-1.jpg\" \/>\n\t<meta property=\"og:image:width\" content=\"600\" \/>\n\t<meta property=\"og:image:height\" content=\"600\" \/>\n\t<meta property=\"og:image:type\" content=\"image\/jpeg\" \/>\n<meta name=\"twitter:card\" content=\"summary_large_image\" \/>\n<meta name=\"twitter:label1\" content=\"Gesch\u00e4tzte Lesezeit\" \/>\n\t<meta name=\"twitter:data1\" content=\"1\u00a0Minute\" \/>\n<script type=\"application\/ld+json\" class=\"yoast-schema-graph\">{\"@context\":\"https:\/\/schema.org\",\"@graph\":[{\"@type\":\"WebPage\",\"@id\":\"https:\/\/koningdrone.be\/product\/bluetti-ac200p-solar-power-station\/\",\"url\":\"https:\/\/koningdrone.be\/product\/bluetti-ac200p-solar-power-station\/\",\"name\":\"Bluetti AC200P Solar Power Station - koningdrone.be\",\"isPartOf\":{\"@id\":\"https:\/\/koningdrone.be\/#website\"},\"primaryImageOfPage\":{\"@id\":\"https:\/\/koningdrone.be\/product\/bluetti-ac200p-solar-power-station\/#primaryimage\"},\"image\":{\"@id\":\"https:\/\/koningdrone.be\/product\/bluetti-ac200p-solar-power-station\/#primaryimage\"},\"thumbnailUrl\":\"https:\/\/koningdrone.be\/wp-content\/uploads\/sites\/13\/2025\/04\/6970991291012-1.jpg\",\"datePublished\":\"2023-03-08T08:20:34+00:00\",\"dateModified\":\"2025-05-20T12:34:01+00:00\",\"breadcrumb\":{\"@id\":\"https:\/\/koningdrone.be\/product\/bluetti-ac200p-solar-power-station\/#breadcrumb\"},\"inLanguage\":\"de\",\"potentialAction\":[{\"@type\":\"ReadAction\",\"target\":[\"https:\/\/koningdrone.be\/product\/bluetti-ac200p-solar-power-station\/\"]}]},{\"@type\":\"ImageObject\",\"inLanguage\":\"de\",\"@id\":\"https:\/\/koningdrone.be\/product\/bluetti-ac200p-solar-power-station\/#primaryimage\",\"url\":\"https:\/\/koningdrone.be\/wp-content\/uploads\/sites\/13\/2025\/04\/6970991291012-1.jpg\",\"contentUrl\":\"https:\/\/koningdrone.be\/wp-content\/uploads\/sites\/13\/2025\/04\/6970991291012-1.jpg\",\"width\":600,\"height\":600},{\"@type\":\"BreadcrumbList\",\"@id\":\"https:\/\/koningdrone.be\/product\/bluetti-ac200p-solar-power-station\/#breadcrumb\",\"itemListElement\":[{\"@type\":\"ListItem\",\"position\":1,\"name\":\"Home\",\"item\":\"https:\/\/koningdrone.be\/\"},{\"@type\":\"ListItem\",\"position\":2,\"name\":\"AVSS Parachute Recovery System for DJI Matrice 300\/350\",\"item\":\"https:\/\/koningdrone.be\/product\/avss-parachute-recovery-system-for-dji-matrice-300-350\/\"},{\"@type\":\"ListItem\",\"position\":3,\"name\":\"Alle powerstations\",\"item\":\"https:\/\/koningdrone.be\/categorie\/alle-powerstations\/\"},{\"@type\":\"ListItem\",\"position\":4,\"name\":\"Bluetti AC200P Solar Power Station\"}]},{\"@type\":\"WebSite\",\"@id\":\"https:\/\/koningdrone.be\/#website\",\"url\":\"https:\/\/koningdrone.be\/\",\"name\":\"Koningdrone.be - Uw online specialist in drones, gimbals, camera's en power stations.\",\"description\":\"De webshop in drones en gimbals\",\"publisher\":{\"@id\":\"https:\/\/koningdrone.be\/#organization\"},\"potentialAction\":[{\"@type\":\"SearchAction\",\"target\":{\"@type\":\"EntryPoint\",\"urlTemplate\":\"https:\/\/koningdrone.be\/?s={search_term_string}\"},\"query-input\":{\"@type\":\"PropertyValueSpecification\",\"valueRequired\":true,\"valueName\":\"search_term_string\"}}],\"inLanguage\":\"de\"},{\"@type\":\"Organization\",\"@id\":\"https:\/\/koningdrone.be\/#organization\",\"name\":\"Koningdrone.be\",\"url\":\"https:\/\/koningdrone.be\/\",\"logo\":{\"@type\":\"ImageObject\",\"inLanguage\":\"de\",\"@id\":\"https:\/\/koningdrone.be\/#\/schema\/logo\/image\/\",\"url\":\"https:\/\/koningdrone.be\/wp-content\/uploads\/sites\/13\/2025\/04\/koningdrone-copyright-logo.svg\",\"contentUrl\":\"https:\/\/koningdrone.be\/wp-content\/uploads\/sites\/13\/2025\/04\/koningdrone-copyright-logo.svg\",\"width\":227,\"height\":38,\"caption\":\"Koningdrone.be\"},\"image\":{\"@id\":\"https:\/\/koningdrone.be\/#\/schema\/logo\/image\/\"}}]}<\/script>\n<!-- \/ Yoast SEO Premium plugin. -->","yoast_head_json":{"title":"Bluetti AC200P Solar Power Station - koningdrone.be","robots":{"index":"index","follow":"follow","max-snippet":"max-snippet:-1","max-image-preview":"max-image-preview:large","max-video-preview":"max-video-preview:-1"},"canonical":"https:\/\/koningdrone.be\/de\/produkt\/bluetti-ac200p-solar-power-station\/","og_locale":"de_DE","og_type":"article","og_title":"Bluetti AC200P Solar Power Station","og_description":"2000 W AC zuivere sinusomvormer (4.800 W piek)2000 Wh\/2000 W hoger vermogen\/grotere capaciteit13 uitvoerpoorten voor meerdere apparatenFlexibele 7 manieren om op te laden (AC\/Solar\/Auto\/Generator\/Loodaccu\/Dual AC\/AC+Solar)Slim aanraakbaar LCD-interactiescherm700W zonne-energie + 500W wisselstroom opladen in 2-2,5 uurDubbele AC-adapter (500 W) Snel opladen in 2-2,5 uurMilieuvriendelijk\/gasvrij\/stiller\/kostenbesparend","og_url":"https:\/\/koningdrone.be\/de\/produkt\/bluetti-ac200p-solar-power-station\/","og_site_name":"koningdrone.be","article_modified_time":"2025-05-20T12:34:01+00:00","og_image":[{"width":600,"height":600,"url":"https:\/\/koningdrone.be\/wp-content\/uploads\/sites\/13\/2025\/04\/6970991291012-1.jpg","type":"image\/jpeg"}],"twitter_card":"summary_large_image","twitter_misc":{"Gesch\u00e4tzte Lesezeit":"1\u00a0Minute"},"schema":{"@context":"https:\/\/schema.org","@graph":[{"@type":"WebPage","@id":"https:\/\/koningdrone.be\/product\/bluetti-ac200p-solar-power-station\/","url":"https:\/\/koningdrone.be\/product\/bluetti-ac200p-solar-power-station\/","name":"Bluetti AC200P Solar Power Station - koningdrone.be","isPartOf":{"@id":"https:\/\/koningdrone.be\/#website"},"primaryImageOfPage":{"@id":"https:\/\/koningdrone.be\/product\/bluetti-ac200p-solar-power-station\/#primaryimage"},"image":{"@id":"https:\/\/koningdrone.be\/product\/bluetti-ac200p-solar-power-station\/#primaryimage"},"thumbnailUrl":"https:\/\/koningdrone.be\/wp-content\/uploads\/sites\/13\/2025\/04\/6970991291012-1.jpg","datePublished":"2023-03-08T08:20:34+00:00","dateModified":"2025-05-20T12:34:01+00:00","breadcrumb":{"@id":"https:\/\/koningdrone.be\/product\/bluetti-ac200p-solar-power-station\/#breadcrumb"},"inLanguage":"de","potentialAction":[{"@type":"ReadAction","target":["https:\/\/koningdrone.be\/product\/bluetti-ac200p-solar-power-station\/"]}]},{"@type":"ImageObject","inLanguage":"de","@id":"https:\/\/koningdrone.be\/product\/bluetti-ac200p-solar-power-station\/#primaryimage","url":"https:\/\/koningdrone.be\/wp-content\/uploads\/sites\/13\/2025\/04\/6970991291012-1.jpg","contentUrl":"https:\/\/koningdrone.be\/wp-content\/uploads\/sites\/13\/2025\/04\/6970991291012-1.jpg","width":600,"height":600},{"@type":"BreadcrumbList","@id":"https:\/\/koningdrone.be\/product\/bluetti-ac200p-solar-power-station\/#breadcrumb","itemListElement":[{"@type":"ListItem","position":1,"name":"Home","item":"https:\/\/koningdrone.be\/"},{"@type":"ListItem","position":2,"name":"AVSS Parachute Recovery System for DJI Matrice 300\/350","item":"https:\/\/koningdrone.be\/product\/avss-parachute-recovery-system-for-dji-matrice-300-350\/"},{"@type":"ListItem","position":3,"name":"Alle powerstations","item":"https:\/\/koningdrone.be\/categorie\/alle-powerstations\/"},{"@type":"ListItem","position":4,"name":"Bluetti AC200P Solar Power Station"}]},{"@type":"WebSite","@id":"https:\/\/koningdrone.be\/#website","url":"https:\/\/koningdrone.be\/","name":"Koningdrone.be - Ihr Online-Spezialist f\u00fcr Drohnen, Gimbals, Kameras und Kraftwerke.","description":"Der Webshop f\u00fcr Drohnen und Gimbals","publisher":{"@id":"https:\/\/koningdrone.be\/#organization"},"potentialAction":[{"@type":"SearchAction","target":{"@type":"EntryPoint","urlTemplate":"https:\/\/koningdrone.be\/?s={search_term_string}"},"query-input":{"@type":"PropertyValueSpecification","valueRequired":true,"valueName":"search_term_string"}}],"inLanguage":"de"},{"@type":"Organization","@id":"https:\/\/koningdrone.be\/#organization","name":"Kingdrone.de","url":"https:\/\/koningdrone.be\/","logo":{"@type":"ImageObject","inLanguage":"de","@id":"https:\/\/koningdrone.be\/#\/schema\/logo\/image\/","url":"https:\/\/koningdrone.be\/wp-content\/uploads\/sites\/13\/2025\/04\/koningdrone-copyright-logo.svg","contentUrl":"https:\/\/koningdrone.be\/wp-content\/uploads\/sites\/13\/2025\/04\/koningdrone-copyright-logo.svg","width":227,"height":38,"caption":"Koningdrone.be"},"image":{"@id":"https:\/\/koningdrone.be\/#\/schema\/logo\/image\/"}}]}},"df_price":"","df_sale_price":"","df_regular_price":"","df_image_link":"https:\/\/koningdrone.be\/wp-content\/uploads\/sites\/13\/2025\/04\/6970991291012-1-300x300.jpg","_links":{"self":[{"href":"https:\/\/koningdrone.be\/de\/wp-json\/wp\/v2\/product\/5130","targetHints":{"allow":["GET"]}}],"collection":[{"href":"https:\/\/koningdrone.be\/de\/wp-json\/wp\/v2\/product"}],"about":[{"href":"https:\/\/koningdrone.be\/de\/wp-json\/wp\/v2\/types\/product"}],"wp:featuredmedia":[{"embeddable":true,"href":"https:\/\/koningdrone.be\/de\/wp-json\/wp\/v2\/media\/5128"}],"wp:attachment":[{"href":"https:\/\/koningdrone.be\/de\/wp-json\/wp\/v2\/media?parent=5130"}],"wp:term":[{"taxonomy":"product_brand","embeddable":true,"href":"https:\/\/koningdrone.be\/de\/wp-json\/wp\/v2\/product_brand?post=5130"},{"taxonomy":"product_cat","embeddable":true,"href":"https:\/\/koningdrone.be\/de\/wp-json\/wp\/v2\/product_cat?post=5130"},{"taxonomy":"product_tag","embeddable":true,"href":"https:\/\/koningdrone.be\/de\/wp-json\/wp\/v2\/product_tag?post=5130"}],"curies":[{"name":"wp","href":"https:\/\/api.w.org\/{rel}","templated":true}]}}