{"id":5127,"date":"2023-03-08T09:20:34","date_gmt":"2023-03-08T08:20:34","guid":{"rendered":"https:\/\/koningdrone.nl\/kon\/product\/bluetti-ac200-max-solar-power-station\/"},"modified":"2026-04-29T06:10:28","modified_gmt":"2026-04-29T04:10:28","slug":"bluetti-ac200-max-solar-power-station","status":"publish","type":"product","link":"https:\/\/koningdrone.be\/de\/produkt\/bluetti-ac200-max-solar-power-station\/","title":{"rendered":"Bluetti AC200 Max Solarstromanlage"},"content":{"rendered":"<p>Die Bluetti AC200 Max Solar Power Station ist ein leistungsstarkes und vielseitiges Kraftwerk, das als tragbare Ladestation im Freien oder unterwegs dienen kann. Mit einer beeindruckenden 2048 Wh ultrastarken LFP-Batterie und einem 2.200 W reinen Sinus-Wechselrichter bietet die AC200MAX sowohl Leistung als auch Flexibilit\u00e4t.<\/p>\n<p><strong>Erweiterungsf\u00e4hige Kapazit\u00e4t<\/strong><\/p>\n<p>Das Kraftwerk ist mit zwei Erweiterungsanschl\u00fcssen ausbauf\u00e4hig, so dass bis zu zwei BLUETTI B230s (je 2048 Wh) oder B300 (je 3072 Wh) Akkumodule angeschlossen werden k\u00f6nnen, was die Gesamtkapazit\u00e4t auf satte 8192 Wh erh\u00f6ht.<\/p>\n<p><strong>Nutzlast<\/strong><\/p>\n<p>Der AC200MAX kann bis zu 900 W Solarstrom und 500 W \u00fcber den Adapter umwandeln und kann sogar gleichzeitig \u00fcber eine Steckdose und Solarpaneele geladen werden, was eine Gesamtladeleistung von 1400 W ergibt. Jedes BLUETTI-Batteriemodul verf\u00fcgt \u00fcber einen eigenen Eingang f\u00fcr AC-Adapter, so dass mit jedem weiteren Modul eine zus\u00e4tzliche Eingangsleistung von 500 W zur Verf\u00fcgung steht.<\/p>\n<p><strong>Vielseitigkeit<\/strong><\/p>\n<p>Dank seiner 15 Steckdosen bietet der AC200MAX eine noch nie dagewesene Vielseitigkeit, mit der Sie alle Ihre Bed\u00fcrfnisse gleichzeitig erf\u00fcllen k\u00f6nnen. Kurzum, dieses Kraftwerk eignet sich f\u00fcr verschiedene Anl\u00e4sse und sorgt daf\u00fcr, dass Sie nie wieder ohne Strom dastehen werden.<\/p>","protected":false},"excerpt":{"rendered":"<ul>\n<li>Kapazit\u00e4t: 2048Wh f\u00fcr AC200MAX. LFP-Akku mit Lebensdauer 3500+ f\u00fcr 80%.<\/li>\n<li>Erweiterbar mit bis zu 2 Batteriemodulen.<\/li>\n<li>Bis zu 6.144 Wh mit 2\u00d7B230s oder 8.192 Wh mit 2\u00d7B300s<\/li>\n<li>2.200 W reiner Sinus-AC-Wechselrichter, Surge 4800 W.<\/li>\n<li>Bis zu 900 W Solareingangsleistung und 500 W Adaptereingang, insgesamt 1400 W.<\/li>\n<li>Steuerung und \u00dcberwachung per App.<\/li>\n<\/ul>","protected":false},"featured_media":5123,"template":"","meta":{"_acf_changed":false},"product_brand":[],"product_cat":[454,97,829,415,628],"product_tag":[],"class_list":{"0":"post-5127","1":"product","2":"type-product","3":"status-publish","4":"has-post-thumbnail","6":"product_cat-alle-powerstations","7":"product_cat-alle-producten","8":"product_cat-bluetti","9":"product_cat-energy","10":"product_cat-powerstations","11":"product_shipping_class-outofstock","12":"pa_afmetingen-420-x-280-x-386mm","13":"pa_brand-bluetti","14":"pa_capaciteit-2048-wh-40ah","15":"pa_gewicht-281-kg","16":"pa_input-dc-ingangsvermogen-900w-500w-via-adapter_x000d_-ingangsspanning-zonnepanelen-10v-145v-max-15a","17":"pa_materiaal-kunststof","18":"pa_oplaadtijd-via-ac-5-uur","19":"pa_output-230-v-4-x-ac-230-v-eu-schuko_x000d_-totaal-max-2200-w-continuvermogen_x000d_-totaal-max-4800-w-piek-vermogen","20":"pa_output-dc-2-x-12v-10a-5521_x000d_-1x-12v-10a-_x000d_-1x-12v-30a","21":"pa_output-usb-2-x-usb-a-5v-3a_x000d_-2-x-usb-a-18w_x000d_-1-x-100w-usb-c-pd-port_x000d_-2-x-wireless-charging-15w","22":"pa_productfamily-power-station","23":"pa_producttype-power-station","24":"pa_type-batterij-lifepo4","26":"first","27":"outofstock","28":"taxable","29":"shipping-taxable","30":"product-type-simple"},"acf":[],"yoast_head":"<!-- This site is optimized with the Yoast SEO Premium plugin v27.2 (Yoast SEO v27.2) - https:\/\/yoast.com\/product\/yoast-seo-premium-wordpress\/ -->\n<title>Bluetti AC200 Max Solar Power Station - koningdrone.be<\/title>\n<meta name=\"robots\" content=\"index, follow, max-snippet:-1, max-image-preview:large, max-video-preview:-1\" \/>\n<link rel=\"canonical\" href=\"https:\/\/koningdrone.be\/de\/produkt\/bluetti-ac200-max-solar-power-station\/\" \/>\n<meta property=\"og:locale\" content=\"de_DE\" \/>\n<meta property=\"og:type\" content=\"article\" \/>\n<meta property=\"og:title\" content=\"Bluetti AC200 Max Solar Power Station\" \/>\n<meta property=\"og:description\" content=\"Capaciteit: 2048Wh voor AC200MAX. LFP Batterij met levenscyclus 3500+ tot 80%.Uitbreidbaar met maximaal 2 batterijmodules.Tot 6.144 Wh met 2\u00d7B230&#039;s, of 8.192 Wh met 2\u00d7B300&#039;s2.200 W zuivere sinus AC-omvormer, Surge 4800 W.Tot 900W zonne-invoersnelheid en 500W adapterinvoer, 1400W in totaal.Slimme app-bediening en -monitor.\" \/>\n<meta property=\"og:url\" content=\"https:\/\/koningdrone.be\/de\/produkt\/bluetti-ac200-max-solar-power-station\/\" \/>\n<meta property=\"og:site_name\" content=\"koningdrone.be\" \/>\n<meta property=\"article:modified_time\" content=\"2026-04-29T04:10:28+00:00\" \/>\n<meta property=\"og:image\" content=\"https:\/\/koningdrone.be\/wp-content\/uploads\/sites\/13\/2025\/04\/6970991290312-1.webp\" \/>\n\t<meta property=\"og:image:width\" content=\"750\" \/>\n\t<meta property=\"og:image:height\" content=\"750\" \/>\n\t<meta property=\"og:image:type\" content=\"image\/webp\" \/>\n<meta name=\"twitter:card\" content=\"summary_large_image\" \/>\n<meta name=\"twitter:label1\" content=\"Gesch\u00e4tzte Lesezeit\" \/>\n\t<meta name=\"twitter:data1\" content=\"1\u00a0Minute\" \/>\n<script type=\"application\/ld+json\" class=\"yoast-schema-graph\">{\"@context\":\"https:\/\/schema.org\",\"@graph\":[{\"@type\":\"WebPage\",\"@id\":\"https:\/\/koningdrone.be\/product\/bluetti-ac200-max-solar-power-station\/\",\"url\":\"https:\/\/koningdrone.be\/product\/bluetti-ac200-max-solar-power-station\/\",\"name\":\"Bluetti AC200 Max Solar Power Station - koningdrone.be\",\"isPartOf\":{\"@id\":\"https:\/\/koningdrone.be\/#website\"},\"primaryImageOfPage\":{\"@id\":\"https:\/\/koningdrone.be\/product\/bluetti-ac200-max-solar-power-station\/#primaryimage\"},\"image\":{\"@id\":\"https:\/\/koningdrone.be\/product\/bluetti-ac200-max-solar-power-station\/#primaryimage\"},\"thumbnailUrl\":\"https:\/\/koningdrone.be\/wp-content\/uploads\/sites\/13\/2025\/04\/6970991290312-1.webp\",\"datePublished\":\"2023-03-08T08:20:34+00:00\",\"dateModified\":\"2026-04-29T04:10:28+00:00\",\"breadcrumb\":{\"@id\":\"https:\/\/koningdrone.be\/product\/bluetti-ac200-max-solar-power-station\/#breadcrumb\"},\"inLanguage\":\"de\",\"potentialAction\":[{\"@type\":\"ReadAction\",\"target\":[\"https:\/\/koningdrone.be\/product\/bluetti-ac200-max-solar-power-station\/\"]}]},{\"@type\":\"ImageObject\",\"inLanguage\":\"de\",\"@id\":\"https:\/\/koningdrone.be\/product\/bluetti-ac200-max-solar-power-station\/#primaryimage\",\"url\":\"https:\/\/koningdrone.be\/wp-content\/uploads\/sites\/13\/2025\/04\/6970991290312-1.webp\",\"contentUrl\":\"https:\/\/koningdrone.be\/wp-content\/uploads\/sites\/13\/2025\/04\/6970991290312-1.webp\",\"width\":750,\"height\":750},{\"@type\":\"BreadcrumbList\",\"@id\":\"https:\/\/koningdrone.be\/product\/bluetti-ac200-max-solar-power-station\/#breadcrumb\",\"itemListElement\":[{\"@type\":\"ListItem\",\"position\":1,\"name\":\"Home\",\"item\":\"https:\/\/koningdrone.be\/\"},{\"@type\":\"ListItem\",\"position\":2,\"name\":\"AVSS Parachute Recovery System for DJI Matrice 300\/350\",\"item\":\"https:\/\/koningdrone.be\/product\/avss-parachute-recovery-system-for-dji-matrice-300-350\/\"},{\"@type\":\"ListItem\",\"position\":3,\"name\":\"Alle powerstations\",\"item\":\"https:\/\/koningdrone.be\/categorie\/alle-powerstations\/\"},{\"@type\":\"ListItem\",\"position\":4,\"name\":\"Bluetti AC200 Max Solar Power Station\"}]},{\"@type\":\"WebSite\",\"@id\":\"https:\/\/koningdrone.be\/#website\",\"url\":\"https:\/\/koningdrone.be\/\",\"name\":\"Koningdrone.be - Uw online specialist in drones, gimbals, camera's en power stations.\",\"description\":\"De webshop in drones en gimbals\",\"publisher\":{\"@id\":\"https:\/\/koningdrone.be\/#organization\"},\"potentialAction\":[{\"@type\":\"SearchAction\",\"target\":{\"@type\":\"EntryPoint\",\"urlTemplate\":\"https:\/\/koningdrone.be\/?s={search_term_string}\"},\"query-input\":{\"@type\":\"PropertyValueSpecification\",\"valueRequired\":true,\"valueName\":\"search_term_string\"}}],\"inLanguage\":\"de\"},{\"@type\":\"Organization\",\"@id\":\"https:\/\/koningdrone.be\/#organization\",\"name\":\"Koningdrone.be\",\"url\":\"https:\/\/koningdrone.be\/\",\"logo\":{\"@type\":\"ImageObject\",\"inLanguage\":\"de\",\"@id\":\"https:\/\/koningdrone.be\/#\/schema\/logo\/image\/\",\"url\":\"https:\/\/koningdrone.be\/wp-content\/uploads\/sites\/13\/2025\/04\/koningdrone-copyright-logo.svg\",\"contentUrl\":\"https:\/\/koningdrone.be\/wp-content\/uploads\/sites\/13\/2025\/04\/koningdrone-copyright-logo.svg\",\"width\":227,\"height\":38,\"caption\":\"Koningdrone.be\"},\"image\":{\"@id\":\"https:\/\/koningdrone.be\/#\/schema\/logo\/image\/\"}}]}<\/script>\n<!-- \/ Yoast SEO Premium plugin. -->","yoast_head_json":{"title":"Bluetti AC200 Max Solar Power Station - koningdrone.be","robots":{"index":"index","follow":"follow","max-snippet":"max-snippet:-1","max-image-preview":"max-image-preview:large","max-video-preview":"max-video-preview:-1"},"canonical":"https:\/\/koningdrone.be\/de\/produkt\/bluetti-ac200-max-solar-power-station\/","og_locale":"de_DE","og_type":"article","og_title":"Bluetti AC200 Max Solar Power Station","og_description":"Capaciteit: 2048Wh voor AC200MAX. LFP Batterij met levenscyclus 3500+ tot 80%.Uitbreidbaar met maximaal 2 batterijmodules.Tot 6.144 Wh met 2\u00d7B230's, of 8.192 Wh met 2\u00d7B300's2.200 W zuivere sinus AC-omvormer, Surge 4800 W.Tot 900W zonne-invoersnelheid en 500W adapterinvoer, 1400W in totaal.Slimme app-bediening en -monitor.","og_url":"https:\/\/koningdrone.be\/de\/produkt\/bluetti-ac200-max-solar-power-station\/","og_site_name":"koningdrone.be","article_modified_time":"2026-04-29T04:10:28+00:00","og_image":[{"width":750,"height":750,"url":"https:\/\/koningdrone.be\/wp-content\/uploads\/sites\/13\/2025\/04\/6970991290312-1.webp","type":"image\/webp"}],"twitter_card":"summary_large_image","twitter_misc":{"Gesch\u00e4tzte Lesezeit":"1\u00a0Minute"},"schema":{"@context":"https:\/\/schema.org","@graph":[{"@type":"WebPage","@id":"https:\/\/koningdrone.be\/product\/bluetti-ac200-max-solar-power-station\/","url":"https:\/\/koningdrone.be\/product\/bluetti-ac200-max-solar-power-station\/","name":"Bluetti AC200 Max Solar Power Station - koningdrone.be","isPartOf":{"@id":"https:\/\/koningdrone.be\/#website"},"primaryImageOfPage":{"@id":"https:\/\/koningdrone.be\/product\/bluetti-ac200-max-solar-power-station\/#primaryimage"},"image":{"@id":"https:\/\/koningdrone.be\/product\/bluetti-ac200-max-solar-power-station\/#primaryimage"},"thumbnailUrl":"https:\/\/koningdrone.be\/wp-content\/uploads\/sites\/13\/2025\/04\/6970991290312-1.webp","datePublished":"2023-03-08T08:20:34+00:00","dateModified":"2026-04-29T04:10:28+00:00","breadcrumb":{"@id":"https:\/\/koningdrone.be\/product\/bluetti-ac200-max-solar-power-station\/#breadcrumb"},"inLanguage":"de","potentialAction":[{"@type":"ReadAction","target":["https:\/\/koningdrone.be\/product\/bluetti-ac200-max-solar-power-station\/"]}]},{"@type":"ImageObject","inLanguage":"de","@id":"https:\/\/koningdrone.be\/product\/bluetti-ac200-max-solar-power-station\/#primaryimage","url":"https:\/\/koningdrone.be\/wp-content\/uploads\/sites\/13\/2025\/04\/6970991290312-1.webp","contentUrl":"https:\/\/koningdrone.be\/wp-content\/uploads\/sites\/13\/2025\/04\/6970991290312-1.webp","width":750,"height":750},{"@type":"BreadcrumbList","@id":"https:\/\/koningdrone.be\/product\/bluetti-ac200-max-solar-power-station\/#breadcrumb","itemListElement":[{"@type":"ListItem","position":1,"name":"Home","item":"https:\/\/koningdrone.be\/"},{"@type":"ListItem","position":2,"name":"AVSS Parachute Recovery System for DJI Matrice 300\/350","item":"https:\/\/koningdrone.be\/product\/avss-parachute-recovery-system-for-dji-matrice-300-350\/"},{"@type":"ListItem","position":3,"name":"Alle powerstations","item":"https:\/\/koningdrone.be\/categorie\/alle-powerstations\/"},{"@type":"ListItem","position":4,"name":"Bluetti AC200 Max Solar Power Station"}]},{"@type":"WebSite","@id":"https:\/\/koningdrone.be\/#website","url":"https:\/\/koningdrone.be\/","name":"Koningdrone.be - Ihr Online-Spezialist f\u00fcr Drohnen, Gimbals, Kameras und Kraftwerke.","description":"Der Webshop f\u00fcr Drohnen und Gimbals","publisher":{"@id":"https:\/\/koningdrone.be\/#organization"},"potentialAction":[{"@type":"SearchAction","target":{"@type":"EntryPoint","urlTemplate":"https:\/\/koningdrone.be\/?s={search_term_string}"},"query-input":{"@type":"PropertyValueSpecification","valueRequired":true,"valueName":"search_term_string"}}],"inLanguage":"de"},{"@type":"Organization","@id":"https:\/\/koningdrone.be\/#organization","name":"Kingdrone.de","url":"https:\/\/koningdrone.be\/","logo":{"@type":"ImageObject","inLanguage":"de","@id":"https:\/\/koningdrone.be\/#\/schema\/logo\/image\/","url":"https:\/\/koningdrone.be\/wp-content\/uploads\/sites\/13\/2025\/04\/koningdrone-copyright-logo.svg","contentUrl":"https:\/\/koningdrone.be\/wp-content\/uploads\/sites\/13\/2025\/04\/koningdrone-copyright-logo.svg","width":227,"height":38,"caption":"Koningdrone.be"},"image":{"@id":"https:\/\/koningdrone.be\/#\/schema\/logo\/image\/"}}]}},"df_price":"","df_sale_price":"","df_regular_price":"","df_image_link":"https:\/\/koningdrone.be\/wp-content\/uploads\/sites\/13\/2025\/04\/6970991290312-1-300x300.webp","_links":{"self":[{"href":"https:\/\/koningdrone.be\/de\/wp-json\/wp\/v2\/product\/5127","targetHints":{"allow":["GET"]}}],"collection":[{"href":"https:\/\/koningdrone.be\/de\/wp-json\/wp\/v2\/product"}],"about":[{"href":"https:\/\/koningdrone.be\/de\/wp-json\/wp\/v2\/types\/product"}],"wp:featuredmedia":[{"embeddable":true,"href":"https:\/\/koningdrone.be\/de\/wp-json\/wp\/v2\/media\/5123"}],"wp:attachment":[{"href":"https:\/\/koningdrone.be\/de\/wp-json\/wp\/v2\/media?parent=5127"}],"wp:term":[{"taxonomy":"product_brand","embeddable":true,"href":"https:\/\/koningdrone.be\/de\/wp-json\/wp\/v2\/product_brand?post=5127"},{"taxonomy":"product_cat","embeddable":true,"href":"https:\/\/koningdrone.be\/de\/wp-json\/wp\/v2\/product_cat?post=5127"},{"taxonomy":"product_tag","embeddable":true,"href":"https:\/\/koningdrone.be\/de\/wp-json\/wp\/v2\/product_tag?post=5127"}],"curies":[{"name":"wp","href":"https:\/\/api.w.org\/{rel}","templated":true}]}}