{"id":5122,"date":"2023-03-08T09:20:34","date_gmt":"2023-03-08T08:20:34","guid":{"rendered":"https:\/\/koningdrone.nl\/kon\/product\/bluetti-b300-expansion-battery\/"},"modified":"2025-05-20T14:36:11","modified_gmt":"2025-05-20T12:36:11","slug":"bluetti-b300-expansion-battery","status":"publish","type":"product","link":"https:\/\/koningdrone.be\/de\/produkt\/bluetti-b300-expansion-battery\/","title":{"rendered":"Bluetti B300 Erweiterungsakku"},"content":{"rendered":"<p>Die Bluetti B300 Erweiterungsbatterie bietet dank des eingebauten MPPT einen flexiblen Ladevorgang, der ein schnelles Laden mit einer maximalen Solarleistung von 200 W erm\u00f6glicht. Sie unterst\u00fctzt auch das Laden von AC-, Auto- und Bleibatterien, wobei f\u00fcr das Laden von Auto- und Bleibatterien ein D050S erforderlich ist.<\/p>\n<p><strong>Vielseitige Stromquelle<\/strong><\/p>\n<p>Dar\u00fcber hinaus ist es eine vielseitige Stromquelle, die verschiedene Ger\u00e4te wie Smartphones, Laptops, Ventilatoren, Lampen, K\u00fchlschr\u00e4nke, Mikrowellen und mehr \u00fcber spezielle Ausgangsanschl\u00fcsse wie den 100-W-USB-C-, den 12-V\/10-A-Zigarettenanz\u00fcnder- und den 18-W-USB-A-Ausgang mit Strom versorgen kann.<\/p>\n<p><strong>Gro\u00dfe Kapazit\u00e4t und lange Lebensdauer<\/strong><\/p>\n<p>Mit einer Kapazit\u00e4t von 3.072 Wh und mehr als 3.500 Lebenszyklen mit den LifePO4-Akkuzellen bietet die B300 bis zu 80% Originalkapazit\u00e4t. Dar\u00fcber hinaus kann die Gesamtkapazit\u00e4t mit der BLUETTI AC200MAX, AC200P oder AC300 Serie verdoppelt, verdreifacht oder sogar vervierfacht werden.<\/p>\n<p><strong>Home Backup und Reise-Powerbank<\/strong><\/p>\n<p>Der B300 dient auch als Backup f\u00fcr zu Hause und als Powerbank f\u00fcr unterwegs, ideal f\u00fcr Familienfeiern oder Campingausfl\u00fcge. Sie versorgt Ihr Zuhause und Ihre Campingutensilien mit Strom, sodass Sie die sch\u00f6ne Zeit genie\u00dfen k\u00f6nnen, ohne sich Gedanken \u00fcber Stromausf\u00e4lle machen zu m\u00fcssen. Kurz gesagt, die B300 ist f\u00fcr verschiedene Anl\u00e4sse geeignet und sorgt daf\u00fcr, dass Sie nie wieder ohne Strom sind.<\/p>\n<p><\/p>","protected":false},"excerpt":{"rendered":"<ul>\n<li>Mit einem 100-W-USB-C-, einem 12V\/10A-Autoausgang und einem USB-A-Anschluss k\u00f6nnen Sie den B300 als tragbares Kraftwerk nutzen.<\/li>\n<li>Dank des intelligenten MPPT-Systems des B300 kann er schnell mit Solarstrom aufgeladen werden, und zwar mit einer maximalen Ladeleistung von 200 W.<\/li>\n<li>Sie k\u00f6nnen es auch an der Steckdose, im Auto oder an einer Bleibatterie aufladen.<\/li>\n<li>Das Aufladen von Autos und Blei-S\u00e4ure-Batterien sollte \u00fcber D050S erfolgen.<\/li>\n<\/ul>","protected":false},"featured_media":5118,"template":"","meta":{"_acf_changed":false},"product_brand":[],"product_cat":[113,97,829,415,628],"product_tag":[],"class_list":{"0":"post-5122","1":"product","2":"type-product","3":"status-publish","4":"has-post-thumbnail","6":"product_cat-alle-batterijen","7":"product_cat-alle-producten","8":"product_cat-bluetti","9":"product_cat-energy","10":"product_cat-powerstations","11":"pa_brand-bluetti","12":"pa_productfamily-extra-batterij","13":"pa_producttype-extra-batterij","15":"first","16":"outofstock","17":"taxable","18":"shipping-taxable","19":"product-type-simple"},"acf":[],"yoast_head":"<!-- This site is optimized with the Yoast SEO Premium plugin v27.2 (Yoast SEO v27.2) - https:\/\/yoast.com\/product\/yoast-seo-premium-wordpress\/ -->\n<title>Bluetti B300 Expansion Battery - koningdrone.be<\/title>\n<meta name=\"robots\" content=\"index, follow, max-snippet:-1, max-image-preview:large, max-video-preview:-1\" \/>\n<link rel=\"canonical\" href=\"https:\/\/koningdrone.be\/de\/produkt\/bluetti-b300-expansion-battery\/\" \/>\n<meta property=\"og:locale\" content=\"de_DE\" \/>\n<meta property=\"og:type\" content=\"article\" \/>\n<meta property=\"og:title\" content=\"Bluetti B300 Expansion Battery\" \/>\n<meta property=\"og:description\" content=\"Functies met een 100W USB-C, een 12V\/10A auto-uitgang en een USB-A-poorten, kunt u de B300 gebruiken als een draagbare krachtcentrale.Dankzij de slimme MPPT in de B300 kan hij snel worden opgeladen door middel van zonne-energie bij een maximale laadschaal van 200 W.U kunt hem ook opladen via het stopcontact, via de auto of via een loodzuuraccu.Het opladen van auto&#039;s en loodzuuraccu&#039;s moet worden gerealiseerd via D050S.\" \/>\n<meta property=\"og:url\" content=\"https:\/\/koningdrone.be\/de\/produkt\/bluetti-b300-expansion-battery\/\" \/>\n<meta property=\"og:site_name\" content=\"koningdrone.be\" \/>\n<meta property=\"article:modified_time\" content=\"2025-05-20T12:36:11+00:00\" \/>\n<meta property=\"og:image\" content=\"https:\/\/koningdrone.be\/wp-content\/uploads\/sites\/13\/2025\/04\/6970991290497-1.webp\" \/>\n\t<meta property=\"og:image:width\" content=\"750\" \/>\n\t<meta property=\"og:image:height\" content=\"750\" \/>\n\t<meta property=\"og:image:type\" content=\"image\/webp\" \/>\n<meta name=\"twitter:card\" content=\"summary_large_image\" \/>\n<meta name=\"twitter:label1\" content=\"Gesch\u00e4tzte Lesezeit\" \/>\n\t<meta name=\"twitter:data1\" content=\"1\u00a0Minute\" \/>\n<script type=\"application\/ld+json\" class=\"yoast-schema-graph\">{\"@context\":\"https:\/\/schema.org\",\"@graph\":[{\"@type\":\"WebPage\",\"@id\":\"https:\/\/koningdrone.be\/product\/bluetti-b300-expansion-battery\/\",\"url\":\"https:\/\/koningdrone.be\/product\/bluetti-b300-expansion-battery\/\",\"name\":\"Bluetti B300 Expansion Battery - koningdrone.be\",\"isPartOf\":{\"@id\":\"https:\/\/koningdrone.be\/#website\"},\"primaryImageOfPage\":{\"@id\":\"https:\/\/koningdrone.be\/product\/bluetti-b300-expansion-battery\/#primaryimage\"},\"image\":{\"@id\":\"https:\/\/koningdrone.be\/product\/bluetti-b300-expansion-battery\/#primaryimage\"},\"thumbnailUrl\":\"https:\/\/koningdrone.be\/wp-content\/uploads\/sites\/13\/2025\/04\/6970991290497-1.webp\",\"datePublished\":\"2023-03-08T08:20:34+00:00\",\"dateModified\":\"2025-05-20T12:36:11+00:00\",\"breadcrumb\":{\"@id\":\"https:\/\/koningdrone.be\/product\/bluetti-b300-expansion-battery\/#breadcrumb\"},\"inLanguage\":\"de\",\"potentialAction\":[{\"@type\":\"ReadAction\",\"target\":[\"https:\/\/koningdrone.be\/product\/bluetti-b300-expansion-battery\/\"]}]},{\"@type\":\"ImageObject\",\"inLanguage\":\"de\",\"@id\":\"https:\/\/koningdrone.be\/product\/bluetti-b300-expansion-battery\/#primaryimage\",\"url\":\"https:\/\/koningdrone.be\/wp-content\/uploads\/sites\/13\/2025\/04\/6970991290497-1.webp\",\"contentUrl\":\"https:\/\/koningdrone.be\/wp-content\/uploads\/sites\/13\/2025\/04\/6970991290497-1.webp\",\"width\":750,\"height\":750},{\"@type\":\"BreadcrumbList\",\"@id\":\"https:\/\/koningdrone.be\/product\/bluetti-b300-expansion-battery\/#breadcrumb\",\"itemListElement\":[{\"@type\":\"ListItem\",\"position\":1,\"name\":\"Home\",\"item\":\"https:\/\/koningdrone.be\/\"},{\"@type\":\"ListItem\",\"position\":2,\"name\":\"AVSS Parachute Recovery System for DJI Matrice 300\/350\",\"item\":\"https:\/\/koningdrone.be\/product\/avss-parachute-recovery-system-for-dji-matrice-300-350\/\"},{\"@type\":\"ListItem\",\"position\":3,\"name\":\"Alle batterijen\",\"item\":\"https:\/\/koningdrone.be\/categorie\/alle-batterijen\/\"},{\"@type\":\"ListItem\",\"position\":4,\"name\":\"Bluetti B300 Expansion Battery\"}]},{\"@type\":\"WebSite\",\"@id\":\"https:\/\/koningdrone.be\/#website\",\"url\":\"https:\/\/koningdrone.be\/\",\"name\":\"Koningdrone.be - Uw online specialist in drones, gimbals, camera's en power stations.\",\"description\":\"De webshop in drones en gimbals\",\"publisher\":{\"@id\":\"https:\/\/koningdrone.be\/#organization\"},\"potentialAction\":[{\"@type\":\"SearchAction\",\"target\":{\"@type\":\"EntryPoint\",\"urlTemplate\":\"https:\/\/koningdrone.be\/?s={search_term_string}\"},\"query-input\":{\"@type\":\"PropertyValueSpecification\",\"valueRequired\":true,\"valueName\":\"search_term_string\"}}],\"inLanguage\":\"de\"},{\"@type\":\"Organization\",\"@id\":\"https:\/\/koningdrone.be\/#organization\",\"name\":\"Koningdrone.be\",\"url\":\"https:\/\/koningdrone.be\/\",\"logo\":{\"@type\":\"ImageObject\",\"inLanguage\":\"de\",\"@id\":\"https:\/\/koningdrone.be\/#\/schema\/logo\/image\/\",\"url\":\"https:\/\/koningdrone.be\/wp-content\/uploads\/sites\/13\/2025\/04\/koningdrone-copyright-logo.svg\",\"contentUrl\":\"https:\/\/koningdrone.be\/wp-content\/uploads\/sites\/13\/2025\/04\/koningdrone-copyright-logo.svg\",\"width\":227,\"height\":38,\"caption\":\"Koningdrone.be\"},\"image\":{\"@id\":\"https:\/\/koningdrone.be\/#\/schema\/logo\/image\/\"}}]}<\/script>\n<!-- \/ Yoast SEO Premium plugin. -->","yoast_head_json":{"title":"Bluetti B300 Expansion Battery - koningdrone.be","robots":{"index":"index","follow":"follow","max-snippet":"max-snippet:-1","max-image-preview":"max-image-preview:large","max-video-preview":"max-video-preview:-1"},"canonical":"https:\/\/koningdrone.be\/de\/produkt\/bluetti-b300-expansion-battery\/","og_locale":"de_DE","og_type":"article","og_title":"Bluetti B300 Expansion Battery","og_description":"Functies met een 100W USB-C, een 12V\/10A auto-uitgang en een USB-A-poorten, kunt u de B300 gebruiken als een draagbare krachtcentrale.Dankzij de slimme MPPT in de B300 kan hij snel worden opgeladen door middel van zonne-energie bij een maximale laadschaal van 200 W.U kunt hem ook opladen via het stopcontact, via de auto of via een loodzuuraccu.Het opladen van auto's en loodzuuraccu's moet worden gerealiseerd via D050S.","og_url":"https:\/\/koningdrone.be\/de\/produkt\/bluetti-b300-expansion-battery\/","og_site_name":"koningdrone.be","article_modified_time":"2025-05-20T12:36:11+00:00","og_image":[{"width":750,"height":750,"url":"https:\/\/koningdrone.be\/wp-content\/uploads\/sites\/13\/2025\/04\/6970991290497-1.webp","type":"image\/webp"}],"twitter_card":"summary_large_image","twitter_misc":{"Gesch\u00e4tzte Lesezeit":"1\u00a0Minute"},"schema":{"@context":"https:\/\/schema.org","@graph":[{"@type":"WebPage","@id":"https:\/\/koningdrone.be\/product\/bluetti-b300-expansion-battery\/","url":"https:\/\/koningdrone.be\/product\/bluetti-b300-expansion-battery\/","name":"Bluetti B300 Expansion Battery - koningdrone.be","isPartOf":{"@id":"https:\/\/koningdrone.be\/#website"},"primaryImageOfPage":{"@id":"https:\/\/koningdrone.be\/product\/bluetti-b300-expansion-battery\/#primaryimage"},"image":{"@id":"https:\/\/koningdrone.be\/product\/bluetti-b300-expansion-battery\/#primaryimage"},"thumbnailUrl":"https:\/\/koningdrone.be\/wp-content\/uploads\/sites\/13\/2025\/04\/6970991290497-1.webp","datePublished":"2023-03-08T08:20:34+00:00","dateModified":"2025-05-20T12:36:11+00:00","breadcrumb":{"@id":"https:\/\/koningdrone.be\/product\/bluetti-b300-expansion-battery\/#breadcrumb"},"inLanguage":"de","potentialAction":[{"@type":"ReadAction","target":["https:\/\/koningdrone.be\/product\/bluetti-b300-expansion-battery\/"]}]},{"@type":"ImageObject","inLanguage":"de","@id":"https:\/\/koningdrone.be\/product\/bluetti-b300-expansion-battery\/#primaryimage","url":"https:\/\/koningdrone.be\/wp-content\/uploads\/sites\/13\/2025\/04\/6970991290497-1.webp","contentUrl":"https:\/\/koningdrone.be\/wp-content\/uploads\/sites\/13\/2025\/04\/6970991290497-1.webp","width":750,"height":750},{"@type":"BreadcrumbList","@id":"https:\/\/koningdrone.be\/product\/bluetti-b300-expansion-battery\/#breadcrumb","itemListElement":[{"@type":"ListItem","position":1,"name":"Home","item":"https:\/\/koningdrone.be\/"},{"@type":"ListItem","position":2,"name":"AVSS Parachute Recovery System for DJI Matrice 300\/350","item":"https:\/\/koningdrone.be\/product\/avss-parachute-recovery-system-for-dji-matrice-300-350\/"},{"@type":"ListItem","position":3,"name":"Alle batterijen","item":"https:\/\/koningdrone.be\/categorie\/alle-batterijen\/"},{"@type":"ListItem","position":4,"name":"Bluetti B300 Expansion Battery"}]},{"@type":"WebSite","@id":"https:\/\/koningdrone.be\/#website","url":"https:\/\/koningdrone.be\/","name":"Koningdrone.be - Ihr Online-Spezialist f\u00fcr Drohnen, Gimbals, Kameras und Kraftwerke.","description":"Der Webshop f\u00fcr Drohnen und Gimbals","publisher":{"@id":"https:\/\/koningdrone.be\/#organization"},"potentialAction":[{"@type":"SearchAction","target":{"@type":"EntryPoint","urlTemplate":"https:\/\/koningdrone.be\/?s={search_term_string}"},"query-input":{"@type":"PropertyValueSpecification","valueRequired":true,"valueName":"search_term_string"}}],"inLanguage":"de"},{"@type":"Organization","@id":"https:\/\/koningdrone.be\/#organization","name":"Kingdrone.de","url":"https:\/\/koningdrone.be\/","logo":{"@type":"ImageObject","inLanguage":"de","@id":"https:\/\/koningdrone.be\/#\/schema\/logo\/image\/","url":"https:\/\/koningdrone.be\/wp-content\/uploads\/sites\/13\/2025\/04\/koningdrone-copyright-logo.svg","contentUrl":"https:\/\/koningdrone.be\/wp-content\/uploads\/sites\/13\/2025\/04\/koningdrone-copyright-logo.svg","width":227,"height":38,"caption":"Koningdrone.be"},"image":{"@id":"https:\/\/koningdrone.be\/#\/schema\/logo\/image\/"}}]}},"df_price":"","df_sale_price":"","df_regular_price":"","df_image_link":"https:\/\/koningdrone.be\/wp-content\/uploads\/sites\/13\/2025\/04\/6970991290497-1-300x300.webp","_links":{"self":[{"href":"https:\/\/koningdrone.be\/de\/wp-json\/wp\/v2\/product\/5122","targetHints":{"allow":["GET"]}}],"collection":[{"href":"https:\/\/koningdrone.be\/de\/wp-json\/wp\/v2\/product"}],"about":[{"href":"https:\/\/koningdrone.be\/de\/wp-json\/wp\/v2\/types\/product"}],"wp:featuredmedia":[{"embeddable":true,"href":"https:\/\/koningdrone.be\/de\/wp-json\/wp\/v2\/media\/5118"}],"wp:attachment":[{"href":"https:\/\/koningdrone.be\/de\/wp-json\/wp\/v2\/media?parent=5122"}],"wp:term":[{"taxonomy":"product_brand","embeddable":true,"href":"https:\/\/koningdrone.be\/de\/wp-json\/wp\/v2\/product_brand?post=5122"},{"taxonomy":"product_cat","embeddable":true,"href":"https:\/\/koningdrone.be\/de\/wp-json\/wp\/v2\/product_cat?post=5122"},{"taxonomy":"product_tag","embeddable":true,"href":"https:\/\/koningdrone.be\/de\/wp-json\/wp\/v2\/product_tag?post=5122"}],"curies":[{"name":"wp","href":"https:\/\/api.w.org\/{rel}","templated":true}]}}