{"id":5117,"date":"2023-03-08T09:20:34","date_gmt":"2023-03-08T08:20:34","guid":{"rendered":"https:\/\/koningdrone.nl\/kon\/product\/bluetti-ac300-inverter\/"},"modified":"2025-05-20T14:36:04","modified_gmt":"2025-05-20T12:36:04","slug":"bluetti-ac300-inverter","status":"publish","type":"product","link":"https:\/\/koningdrone.be\/de\/produkt\/bluetti-ac300-inverter\/","title":{"rendered":"Bluetti AC300 Wechselrichter"},"content":{"rendered":"<p>Der Bluetti AC300 Wechselrichter ist eine leistungsstarke und zuverl\u00e4ssige Stromquelle f\u00fcr alle Ihre elektrischen Bed\u00fcrfnisse. Mit einem hochwertigen Wechselrichter kann der AC300 leistungsstarke Ger\u00e4te wie Klimaanlagen, K\u00fchlschr\u00e4nke, Rasenm\u00e4her und Laserschneider sicher und effektiv versorgen.<\/p>\n<p><strong>Leistung und Kapazit\u00e4t<\/strong><\/p>\n<p>Das Besondere am AC300 ist die M\u00f6glichkeit, externe Akkus anzuschlie\u00dfen und so die Kapazit\u00e4t auf maximal 12.288 Wh zu erh\u00f6hen. Ob als Notstromaggregat oder als netzunabh\u00e4ngige Stromquelle - dieser Heimgenerator wird all Ihren Strombedarf decken. Mit einem erweiterbaren 3.000-Watt-Generator sind Sie immer f\u00fcr jede Situation ger\u00fcstet.<\/p>\n<p><strong>Optionen zum Aufladen<\/strong><\/p>\n<p>Das Aufladen des Bluetti AC300 ist mit einer erstaunlichen Eingangsleistung von 5400 W ein Kinderspiel. Schlie\u00dfen Sie den Adapter und die Solarmodule an, und schon sind Sie startklar. Sie k\u00f6nnen den AC300 \u00fcber eine Steckdose, Solarmodule, ein Auto, einen Generator oder eine Blei-S\u00e4ure-Batterie aufladen und bleiben so immer und \u00fcberall verbunden.<\/p>\n<p><strong>BLUETTI Smart Home-Panel<\/strong><\/p>\n<p>Mit dem BLUETTI Smart Home Panel k\u00f6nnen Sie das AC300 Stromversorgungssystem mit Ihrem Heimnetzwerk verbinden und sind so immer auf Stromausf\u00e4lle vorbereitet. Au\u00dferdem k\u00f6nnen Sie \u00fcber den 240-Volt-Anschluss 2 \u00d7 AC300-Ger\u00e4te miteinander verbinden und 8 \u00d7 B300-Batterien anschlie\u00dfen, um ein unvergleichliches Energiezentrum f\u00fcr den Heimkomfort zu schaffen.<\/p>\n<p><strong>Steckdosen und kabellose Ladeger\u00e4te<\/strong><\/p>\n<p>Der Bluetti AC300 verf\u00fcgt \u00fcber mehrere Steckdosen, die alle Ihre Anforderungen erf\u00fcllen, einschlie\u00dflich des NEMA TT-30- und des 12V\/30A-Gleichstromanschlusses, der perfekt f\u00fcr Wohnmobile geeignet ist. Dar\u00fcber hinaus k\u00f6nnen Sie mit den kabellosen Ladeger\u00e4ten kompatible Smartphones, Kopfh\u00f6rer und andere Ger\u00e4te aufladen.<\/p>\n<p><strong>Schlussfolgerung<\/strong><\/p>\n<p>Kurzum, der Bluetti AC300 Wechselrichter eignet sich f\u00fcr verschiedene Gelegenheiten und sorgt daf\u00fcr, dass Sie nie wieder ohne Strom dastehen.<\/p>\n<p><\/p>","protected":false},"excerpt":{"rendered":"<ul>\n<li>3.000 W AC reiner Sinus-Wechselrichter (6.000 W \u00dcberspannung);<\/li>\n<li>Ausbauf\u00e4hig auf 12.288 Wh mit 4\u00d7B300s;<\/li>\n<li>7 Ladem\u00f6glichkeiten (AC\/Solar\/Auto\/Generator\/Batterie\/Dual AC\/AC+Solar);<\/li>\n<li>2400W Max. Solar-Eingang<\/li>\n<li>5400W Max. Schnelle Doppelladung (gleichzeitige Solar- und AC-Adapter);<\/li>\n<li>Intelligente App-Steuerung und \u00dcberwachung\uff1b<\/li>\n<li>240V-Anschluss verf\u00fcgbar;<\/li>\n<li>24\/7 UPS Heim-Backup\uff1b<\/li>\n<\/ul>","protected":false},"featured_media":5113,"template":"","meta":{"_acf_changed":false},"product_brand":[],"product_cat":[97,829,415,628],"product_tag":[],"class_list":{"0":"post-5117","1":"product","2":"type-product","3":"status-publish","4":"has-post-thumbnail","6":"product_cat-alle-producten","7":"product_cat-bluetti","8":"product_cat-energy","9":"product_cat-powerstations","10":"pa_brand-bluetti","11":"pa_productfamily-inverter","12":"pa_producttype-inverter","14":"first","15":"outofstock","16":"taxable","17":"shipping-taxable","18":"product-type-simple"},"acf":[],"yoast_head":"<!-- This site is optimized with the Yoast SEO Premium plugin v27.2 (Yoast SEO v27.2) - https:\/\/yoast.com\/product\/yoast-seo-premium-wordpress\/ -->\n<title>Bluetti AC300 Inverter - koningdrone.be<\/title>\n<meta name=\"robots\" content=\"index, follow, max-snippet:-1, max-image-preview:large, max-video-preview:-1\" \/>\n<link rel=\"canonical\" href=\"https:\/\/koningdrone.be\/de\/produkt\/bluetti-ac300-inverter\/\" \/>\n<meta property=\"og:locale\" content=\"de_DE\" \/>\n<meta property=\"og:type\" content=\"article\" \/>\n<meta property=\"og:title\" content=\"Bluetti AC300 Inverter\" \/>\n<meta property=\"og:description\" content=\"3.000 W AC zuivere sinusomvormer (6.000 W overspanning);Uitbreidbaar tot 12.288 Wh met 4\u00d7B300&#039;s;7 manieren om op te laden (AC\/Zonne-energie\/Auto\/Generator\/Loodaccu\/Dual AC\/AC+Zonne-energie);2400W Max. Zonne-invoer5400W Max. Snel dubbel opladen (gelijktijdig zonne-energie + AC-adapter);Slimme app-bediening en -monitor\uff1b240V-aansluiting beschikbaar;24\/7 UPS-thuisback-up\uff1b\" \/>\n<meta property=\"og:url\" content=\"https:\/\/koningdrone.be\/de\/produkt\/bluetti-ac300-inverter\/\" \/>\n<meta property=\"og:site_name\" content=\"koningdrone.be\" \/>\n<meta property=\"article:modified_time\" content=\"2025-05-20T12:36:04+00:00\" \/>\n<meta property=\"og:image\" content=\"https:\/\/koningdrone.be\/wp-content\/uploads\/sites\/13\/2025\/04\/6970991290480-1.webp\" \/>\n\t<meta property=\"og:image:width\" content=\"1400\" \/>\n\t<meta property=\"og:image:height\" content=\"1400\" \/>\n\t<meta property=\"og:image:type\" content=\"image\/webp\" \/>\n<meta name=\"twitter:card\" content=\"summary_large_image\" \/>\n<meta name=\"twitter:label1\" content=\"Gesch\u00e4tzte Lesezeit\" \/>\n\t<meta name=\"twitter:data1\" content=\"1\u00a0Minute\" \/>\n<script type=\"application\/ld+json\" class=\"yoast-schema-graph\">{\"@context\":\"https:\/\/schema.org\",\"@graph\":[{\"@type\":\"WebPage\",\"@id\":\"https:\/\/koningdrone.be\/product\/bluetti-ac300-inverter\/\",\"url\":\"https:\/\/koningdrone.be\/product\/bluetti-ac300-inverter\/\",\"name\":\"Bluetti AC300 Inverter - koningdrone.be\",\"isPartOf\":{\"@id\":\"https:\/\/koningdrone.be\/#website\"},\"primaryImageOfPage\":{\"@id\":\"https:\/\/koningdrone.be\/product\/bluetti-ac300-inverter\/#primaryimage\"},\"image\":{\"@id\":\"https:\/\/koningdrone.be\/product\/bluetti-ac300-inverter\/#primaryimage\"},\"thumbnailUrl\":\"https:\/\/koningdrone.be\/wp-content\/uploads\/sites\/13\/2025\/04\/6970991290480-1.webp\",\"datePublished\":\"2023-03-08T08:20:34+00:00\",\"dateModified\":\"2025-05-20T12:36:04+00:00\",\"breadcrumb\":{\"@id\":\"https:\/\/koningdrone.be\/product\/bluetti-ac300-inverter\/#breadcrumb\"},\"inLanguage\":\"de\",\"potentialAction\":[{\"@type\":\"ReadAction\",\"target\":[\"https:\/\/koningdrone.be\/product\/bluetti-ac300-inverter\/\"]}]},{\"@type\":\"ImageObject\",\"inLanguage\":\"de\",\"@id\":\"https:\/\/koningdrone.be\/product\/bluetti-ac300-inverter\/#primaryimage\",\"url\":\"https:\/\/koningdrone.be\/wp-content\/uploads\/sites\/13\/2025\/04\/6970991290480-1.webp\",\"contentUrl\":\"https:\/\/koningdrone.be\/wp-content\/uploads\/sites\/13\/2025\/04\/6970991290480-1.webp\",\"width\":1400,\"height\":1400},{\"@type\":\"BreadcrumbList\",\"@id\":\"https:\/\/koningdrone.be\/product\/bluetti-ac300-inverter\/#breadcrumb\",\"itemListElement\":[{\"@type\":\"ListItem\",\"position\":1,\"name\":\"Home\",\"item\":\"https:\/\/koningdrone.be\/\"},{\"@type\":\"ListItem\",\"position\":2,\"name\":\"AVSS Parachute Recovery System for DJI Matrice 300\/350\",\"item\":\"https:\/\/koningdrone.be\/product\/avss-parachute-recovery-system-for-dji-matrice-300-350\/\"},{\"@type\":\"ListItem\",\"position\":3,\"name\":\"Alle producten\",\"item\":\"https:\/\/koningdrone.be\/categorie\/alle-producten\/\"},{\"@type\":\"ListItem\",\"position\":4,\"name\":\"Bluetti AC300 Inverter\"}]},{\"@type\":\"WebSite\",\"@id\":\"https:\/\/koningdrone.be\/#website\",\"url\":\"https:\/\/koningdrone.be\/\",\"name\":\"Koningdrone.be - Uw online specialist in drones, gimbals, camera's en power stations.\",\"description\":\"De webshop in drones en gimbals\",\"publisher\":{\"@id\":\"https:\/\/koningdrone.be\/#organization\"},\"potentialAction\":[{\"@type\":\"SearchAction\",\"target\":{\"@type\":\"EntryPoint\",\"urlTemplate\":\"https:\/\/koningdrone.be\/?s={search_term_string}\"},\"query-input\":{\"@type\":\"PropertyValueSpecification\",\"valueRequired\":true,\"valueName\":\"search_term_string\"}}],\"inLanguage\":\"de\"},{\"@type\":\"Organization\",\"@id\":\"https:\/\/koningdrone.be\/#organization\",\"name\":\"Koningdrone.be\",\"url\":\"https:\/\/koningdrone.be\/\",\"logo\":{\"@type\":\"ImageObject\",\"inLanguage\":\"de\",\"@id\":\"https:\/\/koningdrone.be\/#\/schema\/logo\/image\/\",\"url\":\"https:\/\/koningdrone.be\/wp-content\/uploads\/sites\/13\/2025\/04\/koningdrone-copyright-logo.svg\",\"contentUrl\":\"https:\/\/koningdrone.be\/wp-content\/uploads\/sites\/13\/2025\/04\/koningdrone-copyright-logo.svg\",\"width\":227,\"height\":38,\"caption\":\"Koningdrone.be\"},\"image\":{\"@id\":\"https:\/\/koningdrone.be\/#\/schema\/logo\/image\/\"}}]}<\/script>\n<!-- \/ Yoast SEO Premium plugin. -->","yoast_head_json":{"title":"Bluetti AC300 Inverter - koningdrone.be","robots":{"index":"index","follow":"follow","max-snippet":"max-snippet:-1","max-image-preview":"max-image-preview:large","max-video-preview":"max-video-preview:-1"},"canonical":"https:\/\/koningdrone.be\/de\/produkt\/bluetti-ac300-inverter\/","og_locale":"de_DE","og_type":"article","og_title":"Bluetti AC300 Inverter","og_description":"3.000 W AC zuivere sinusomvormer (6.000 W overspanning);Uitbreidbaar tot 12.288 Wh met 4\u00d7B300's;7 manieren om op te laden (AC\/Zonne-energie\/Auto\/Generator\/Loodaccu\/Dual AC\/AC+Zonne-energie);2400W Max. Zonne-invoer5400W Max. Snel dubbel opladen (gelijktijdig zonne-energie + AC-adapter);Slimme app-bediening en -monitor\uff1b240V-aansluiting beschikbaar;24\/7 UPS-thuisback-up\uff1b","og_url":"https:\/\/koningdrone.be\/de\/produkt\/bluetti-ac300-inverter\/","og_site_name":"koningdrone.be","article_modified_time":"2025-05-20T12:36:04+00:00","og_image":[{"width":1400,"height":1400,"url":"https:\/\/koningdrone.be\/wp-content\/uploads\/sites\/13\/2025\/04\/6970991290480-1.webp","type":"image\/webp"}],"twitter_card":"summary_large_image","twitter_misc":{"Gesch\u00e4tzte Lesezeit":"1\u00a0Minute"},"schema":{"@context":"https:\/\/schema.org","@graph":[{"@type":"WebPage","@id":"https:\/\/koningdrone.be\/product\/bluetti-ac300-inverter\/","url":"https:\/\/koningdrone.be\/product\/bluetti-ac300-inverter\/","name":"Bluetti AC300 Inverter - koningdrone.be","isPartOf":{"@id":"https:\/\/koningdrone.be\/#website"},"primaryImageOfPage":{"@id":"https:\/\/koningdrone.be\/product\/bluetti-ac300-inverter\/#primaryimage"},"image":{"@id":"https:\/\/koningdrone.be\/product\/bluetti-ac300-inverter\/#primaryimage"},"thumbnailUrl":"https:\/\/koningdrone.be\/wp-content\/uploads\/sites\/13\/2025\/04\/6970991290480-1.webp","datePublished":"2023-03-08T08:20:34+00:00","dateModified":"2025-05-20T12:36:04+00:00","breadcrumb":{"@id":"https:\/\/koningdrone.be\/product\/bluetti-ac300-inverter\/#breadcrumb"},"inLanguage":"de","potentialAction":[{"@type":"ReadAction","target":["https:\/\/koningdrone.be\/product\/bluetti-ac300-inverter\/"]}]},{"@type":"ImageObject","inLanguage":"de","@id":"https:\/\/koningdrone.be\/product\/bluetti-ac300-inverter\/#primaryimage","url":"https:\/\/koningdrone.be\/wp-content\/uploads\/sites\/13\/2025\/04\/6970991290480-1.webp","contentUrl":"https:\/\/koningdrone.be\/wp-content\/uploads\/sites\/13\/2025\/04\/6970991290480-1.webp","width":1400,"height":1400},{"@type":"BreadcrumbList","@id":"https:\/\/koningdrone.be\/product\/bluetti-ac300-inverter\/#breadcrumb","itemListElement":[{"@type":"ListItem","position":1,"name":"Home","item":"https:\/\/koningdrone.be\/"},{"@type":"ListItem","position":2,"name":"AVSS Parachute Recovery System for DJI Matrice 300\/350","item":"https:\/\/koningdrone.be\/product\/avss-parachute-recovery-system-for-dji-matrice-300-350\/"},{"@type":"ListItem","position":3,"name":"Alle producten","item":"https:\/\/koningdrone.be\/categorie\/alle-producten\/"},{"@type":"ListItem","position":4,"name":"Bluetti AC300 Inverter"}]},{"@type":"WebSite","@id":"https:\/\/koningdrone.be\/#website","url":"https:\/\/koningdrone.be\/","name":"Koningdrone.be - Ihr Online-Spezialist f\u00fcr Drohnen, Gimbals, Kameras und Kraftwerke.","description":"Der Webshop f\u00fcr Drohnen und Gimbals","publisher":{"@id":"https:\/\/koningdrone.be\/#organization"},"potentialAction":[{"@type":"SearchAction","target":{"@type":"EntryPoint","urlTemplate":"https:\/\/koningdrone.be\/?s={search_term_string}"},"query-input":{"@type":"PropertyValueSpecification","valueRequired":true,"valueName":"search_term_string"}}],"inLanguage":"de"},{"@type":"Organization","@id":"https:\/\/koningdrone.be\/#organization","name":"Kingdrone.de","url":"https:\/\/koningdrone.be\/","logo":{"@type":"ImageObject","inLanguage":"de","@id":"https:\/\/koningdrone.be\/#\/schema\/logo\/image\/","url":"https:\/\/koningdrone.be\/wp-content\/uploads\/sites\/13\/2025\/04\/koningdrone-copyright-logo.svg","contentUrl":"https:\/\/koningdrone.be\/wp-content\/uploads\/sites\/13\/2025\/04\/koningdrone-copyright-logo.svg","width":227,"height":38,"caption":"Koningdrone.be"},"image":{"@id":"https:\/\/koningdrone.be\/#\/schema\/logo\/image\/"}}]}},"df_price":"","df_sale_price":"","df_regular_price":"","df_image_link":"https:\/\/koningdrone.be\/wp-content\/uploads\/sites\/13\/2025\/04\/6970991290480-1-300x300.webp","_links":{"self":[{"href":"https:\/\/koningdrone.be\/de\/wp-json\/wp\/v2\/product\/5117","targetHints":{"allow":["GET"]}}],"collection":[{"href":"https:\/\/koningdrone.be\/de\/wp-json\/wp\/v2\/product"}],"about":[{"href":"https:\/\/koningdrone.be\/de\/wp-json\/wp\/v2\/types\/product"}],"wp:featuredmedia":[{"embeddable":true,"href":"https:\/\/koningdrone.be\/de\/wp-json\/wp\/v2\/media\/5113"}],"wp:attachment":[{"href":"https:\/\/koningdrone.be\/de\/wp-json\/wp\/v2\/media?parent=5117"}],"wp:term":[{"taxonomy":"product_brand","embeddable":true,"href":"https:\/\/koningdrone.be\/de\/wp-json\/wp\/v2\/product_brand?post=5117"},{"taxonomy":"product_cat","embeddable":true,"href":"https:\/\/koningdrone.be\/de\/wp-json\/wp\/v2\/product_cat?post=5117"},{"taxonomy":"product_tag","embeddable":true,"href":"https:\/\/koningdrone.be\/de\/wp-json\/wp\/v2\/product_tag?post=5117"}],"curies":[{"name":"wp","href":"https:\/\/api.w.org\/{rel}","templated":true}]}}