{"id":5112,"date":"2023-03-08T09:20:34","date_gmt":"2023-03-08T08:20:34","guid":{"rendered":"https:\/\/koningdrone.nl\/kon\/product\/bluetti-ac500-inverter\/"},"modified":"2026-04-29T06:40:52","modified_gmt":"2026-04-29T04:40:52","slug":"bluetti-ac500-inverter","status":"publish","type":"product","link":"https:\/\/koningdrone.be\/de\/produkt\/bluetti-ac500-inverter\/","title":{"rendered":"Bluetti AC500 Wechselrichter"},"content":{"rendered":"<p><strong>Eigenschaften der Bluetti AC500 Power Station<\/strong><\/p>\n<p>Die Bluetti AC500 Power Station ist ein leistungsstarkes Ger\u00e4t mit mehreren Ausg\u00e4ngen, darunter USB-A, USB-C PD (100 W), drahtloses Laden (15 W), 12V - 30A und 5x 230V Ausg\u00e4nge. Mit seinen vielseitigen F\u00e4higkeiten ist dieses Ger\u00e4t f\u00fcr die Kombination mit mindestens einem B300S Batteriemodul (nicht im Lieferumfang enthalten) ausgelegt. Dies macht es ideal f\u00fcr den Einsatz im Innen- und Au\u00dfenbereich.<\/p>\n<p><strong>Leistungsmerkmale der f\u00fcnf 230V-Ausg\u00e4nge<\/strong><\/p>\n<p>Die f\u00fcnf 230V-Ausg\u00e4nge k\u00f6nnen elektronische Ger\u00e4te mit bis zu 4.500 W laden (in Kombination mit 1x B300S) und haben eine Spitzenlast von 10.000 W. Damit eignet sich die AC500 Power Station zum Laden\/Stromversorgen einer breiten Palette von Ger\u00e4ten, von Smartphones, Tablets, Laptops, Drohnen, Beleuchtungen, CPAP-Ger\u00e4ten, Fernsehern und K\u00fchlschr\u00e4nken bis hin zu Ger\u00e4ten mit h\u00f6herer Leistung wie Kaffeemaschinen, Waschmaschinen, Klimaanlagen und Wasserpumpen.<\/p>\n<p><strong>Integrierte USV-Anlage<\/strong><\/p>\n<p>Die Bluetti AC500 Power Station verf\u00fcgt \u00fcber ein integriertes USV-System, das Ihre Ger\u00e4te im Falle eines Stromausfalls mit Strom versorgt. Das BMS-System erkennt eine instabile Stromversorgung und stellt sicher, dass alle angeschlossenen Ger\u00e4te mit der richtigen Menge an Strom versorgt werden. Dies sorgt f\u00fcr zus\u00e4tzliche Sicherheit, insbesondere in Notsituationen.<\/p>\n<p><\/p>","protected":false},"excerpt":{"rendered":"<ul>\n<li>Batterietyp: LiFePO4<\/li>\n<li>Wi-Fi-Funktion: Ja<\/li>\n<li>Abmessungen: 52 x 32,5 x 35,8 cm<\/li>\n<li>Gewicht: 30kg<\/li>\n<\/ul>","protected":false},"featured_media":5108,"template":"","meta":{"_acf_changed":false},"product_brand":[],"product_cat":[97,829,415,628],"product_tag":[],"class_list":{"0":"post-5112","1":"product","2":"type-product","3":"status-publish","4":"has-post-thumbnail","6":"product_cat-alle-producten","7":"product_cat-bluetti","8":"product_cat-energy","9":"product_cat-powerstations","10":"product_shipping_class-outofstock","11":"pa_afmetingen-52-x-325-x-358-cm","12":"pa_brand-bluetti","13":"pa_capaciteit-capaciteit-0-wh-met-b300s-3072-18432wh","14":"pa_gewicht-30-kg","15":"pa_input-dc-netstroom-poort-5000-w_x000d_-solar-port-mc4-3000-w-max-150-v-15a_x000d_-car-charger-12v-24v-dc-82a-max","16":"pa_output-230-v-5-x-ac-230-v-eu-schuko_x000d_-totaal-max-4500-w-continuvermogen_x000d_-totaal-max-10-000-w-piek-vermogen_x000d_-1-x-32a-ac-output","17":"pa_output-dc-1x-24v-10a_x000d_-1x-12v-30a","18":"pa_output-usb-2-x-usb-a-5v-3a_x000d_-2-x-usb-a-18w_x000d_-2-x-100w-usb-c-pd-port_x000d_-2-x-wireless-charging-15w","19":"pa_productfamily-inverter","20":"pa_producttype-inverter","21":"pa_type-batterij-lifepo4","22":"pa_wifi-functie-ja","24":"first","25":"outofstock","26":"taxable","27":"shipping-taxable","28":"product-type-simple"},"acf":[],"yoast_head":"<!-- This site is optimized with the Yoast SEO Premium plugin v27.2 (Yoast SEO v27.2) - https:\/\/yoast.com\/product\/yoast-seo-premium-wordpress\/ -->\n<title>Bluetti AC500 Inverter - koningdrone.be<\/title>\n<meta name=\"robots\" content=\"index, follow, max-snippet:-1, max-image-preview:large, max-video-preview:-1\" \/>\n<link rel=\"canonical\" href=\"https:\/\/koningdrone.be\/de\/produkt\/bluetti-ac500-inverter\/\" \/>\n<meta property=\"og:locale\" content=\"de_DE\" \/>\n<meta property=\"og:type\" content=\"article\" \/>\n<meta property=\"og:title\" content=\"Bluetti AC500 Inverter\" \/>\n<meta property=\"og:description\" content=\"Batterijtype: LiFePO4Wifi-functie: JaAfmetingen: 52 x 32,5 x 35,8 cmGewicht: 30kg\" \/>\n<meta property=\"og:url\" content=\"https:\/\/koningdrone.be\/de\/produkt\/bluetti-ac500-inverter\/\" \/>\n<meta property=\"og:site_name\" content=\"koningdrone.be\" \/>\n<meta property=\"article:modified_time\" content=\"2026-04-29T04:40:52+00:00\" \/>\n<meta property=\"og:image\" content=\"https:\/\/koningdrone.be\/wp-content\/uploads\/sites\/13\/2025\/04\/6970991290626-1.webp\" \/>\n\t<meta property=\"og:image:width\" content=\"800\" \/>\n\t<meta property=\"og:image:height\" content=\"531\" \/>\n\t<meta property=\"og:image:type\" content=\"image\/webp\" \/>\n<meta name=\"twitter:card\" content=\"summary_large_image\" \/>\n<meta name=\"twitter:label1\" content=\"Gesch\u00e4tzte Lesezeit\" \/>\n\t<meta name=\"twitter:data1\" content=\"1\u00a0Minute\" \/>\n<script type=\"application\/ld+json\" class=\"yoast-schema-graph\">{\"@context\":\"https:\/\/schema.org\",\"@graph\":[{\"@type\":\"WebPage\",\"@id\":\"https:\/\/koningdrone.be\/product\/bluetti-ac500-inverter\/\",\"url\":\"https:\/\/koningdrone.be\/product\/bluetti-ac500-inverter\/\",\"name\":\"Bluetti AC500 Inverter - koningdrone.be\",\"isPartOf\":{\"@id\":\"https:\/\/koningdrone.be\/#website\"},\"primaryImageOfPage\":{\"@id\":\"https:\/\/koningdrone.be\/product\/bluetti-ac500-inverter\/#primaryimage\"},\"image\":{\"@id\":\"https:\/\/koningdrone.be\/product\/bluetti-ac500-inverter\/#primaryimage\"},\"thumbnailUrl\":\"https:\/\/koningdrone.be\/wp-content\/uploads\/sites\/13\/2025\/04\/6970991290626-1.webp\",\"datePublished\":\"2023-03-08T08:20:34+00:00\",\"dateModified\":\"2026-04-29T04:40:52+00:00\",\"breadcrumb\":{\"@id\":\"https:\/\/koningdrone.be\/product\/bluetti-ac500-inverter\/#breadcrumb\"},\"inLanguage\":\"de\",\"potentialAction\":[{\"@type\":\"ReadAction\",\"target\":[\"https:\/\/koningdrone.be\/product\/bluetti-ac500-inverter\/\"]}]},{\"@type\":\"ImageObject\",\"inLanguage\":\"de\",\"@id\":\"https:\/\/koningdrone.be\/product\/bluetti-ac500-inverter\/#primaryimage\",\"url\":\"https:\/\/koningdrone.be\/wp-content\/uploads\/sites\/13\/2025\/04\/6970991290626-1.webp\",\"contentUrl\":\"https:\/\/koningdrone.be\/wp-content\/uploads\/sites\/13\/2025\/04\/6970991290626-1.webp\",\"width\":800,\"height\":531},{\"@type\":\"BreadcrumbList\",\"@id\":\"https:\/\/koningdrone.be\/product\/bluetti-ac500-inverter\/#breadcrumb\",\"itemListElement\":[{\"@type\":\"ListItem\",\"position\":1,\"name\":\"Home\",\"item\":\"https:\/\/koningdrone.be\/\"},{\"@type\":\"ListItem\",\"position\":2,\"name\":\"AVSS Parachute Recovery System for DJI Matrice 300\/350\",\"item\":\"https:\/\/koningdrone.be\/product\/avss-parachute-recovery-system-for-dji-matrice-300-350\/\"},{\"@type\":\"ListItem\",\"position\":3,\"name\":\"Alle producten\",\"item\":\"https:\/\/koningdrone.be\/categorie\/alle-producten\/\"},{\"@type\":\"ListItem\",\"position\":4,\"name\":\"Bluetti AC500 Inverter\"}]},{\"@type\":\"WebSite\",\"@id\":\"https:\/\/koningdrone.be\/#website\",\"url\":\"https:\/\/koningdrone.be\/\",\"name\":\"Koningdrone.be - Uw online specialist in drones, gimbals, camera's en power stations.\",\"description\":\"De webshop in drones en gimbals\",\"publisher\":{\"@id\":\"https:\/\/koningdrone.be\/#organization\"},\"potentialAction\":[{\"@type\":\"SearchAction\",\"target\":{\"@type\":\"EntryPoint\",\"urlTemplate\":\"https:\/\/koningdrone.be\/?s={search_term_string}\"},\"query-input\":{\"@type\":\"PropertyValueSpecification\",\"valueRequired\":true,\"valueName\":\"search_term_string\"}}],\"inLanguage\":\"de\"},{\"@type\":\"Organization\",\"@id\":\"https:\/\/koningdrone.be\/#organization\",\"name\":\"Koningdrone.be\",\"url\":\"https:\/\/koningdrone.be\/\",\"logo\":{\"@type\":\"ImageObject\",\"inLanguage\":\"de\",\"@id\":\"https:\/\/koningdrone.be\/#\/schema\/logo\/image\/\",\"url\":\"https:\/\/koningdrone.be\/wp-content\/uploads\/sites\/13\/2025\/04\/koningdrone-copyright-logo.svg\",\"contentUrl\":\"https:\/\/koningdrone.be\/wp-content\/uploads\/sites\/13\/2025\/04\/koningdrone-copyright-logo.svg\",\"width\":227,\"height\":38,\"caption\":\"Koningdrone.be\"},\"image\":{\"@id\":\"https:\/\/koningdrone.be\/#\/schema\/logo\/image\/\"}}]}<\/script>\n<!-- \/ Yoast SEO Premium plugin. -->","yoast_head_json":{"title":"Bluetti AC500 Inverter - koningdrone.be","robots":{"index":"index","follow":"follow","max-snippet":"max-snippet:-1","max-image-preview":"max-image-preview:large","max-video-preview":"max-video-preview:-1"},"canonical":"https:\/\/koningdrone.be\/de\/produkt\/bluetti-ac500-inverter\/","og_locale":"de_DE","og_type":"article","og_title":"Bluetti AC500 Inverter","og_description":"Batterijtype: LiFePO4Wifi-functie: JaAfmetingen: 52 x 32,5 x 35,8 cmGewicht: 30kg","og_url":"https:\/\/koningdrone.be\/de\/produkt\/bluetti-ac500-inverter\/","og_site_name":"koningdrone.be","article_modified_time":"2026-04-29T04:40:52+00:00","og_image":[{"width":800,"height":531,"url":"https:\/\/koningdrone.be\/wp-content\/uploads\/sites\/13\/2025\/04\/6970991290626-1.webp","type":"image\/webp"}],"twitter_card":"summary_large_image","twitter_misc":{"Gesch\u00e4tzte Lesezeit":"1\u00a0Minute"},"schema":{"@context":"https:\/\/schema.org","@graph":[{"@type":"WebPage","@id":"https:\/\/koningdrone.be\/product\/bluetti-ac500-inverter\/","url":"https:\/\/koningdrone.be\/product\/bluetti-ac500-inverter\/","name":"Bluetti AC500 Inverter - koningdrone.be","isPartOf":{"@id":"https:\/\/koningdrone.be\/#website"},"primaryImageOfPage":{"@id":"https:\/\/koningdrone.be\/product\/bluetti-ac500-inverter\/#primaryimage"},"image":{"@id":"https:\/\/koningdrone.be\/product\/bluetti-ac500-inverter\/#primaryimage"},"thumbnailUrl":"https:\/\/koningdrone.be\/wp-content\/uploads\/sites\/13\/2025\/04\/6970991290626-1.webp","datePublished":"2023-03-08T08:20:34+00:00","dateModified":"2026-04-29T04:40:52+00:00","breadcrumb":{"@id":"https:\/\/koningdrone.be\/product\/bluetti-ac500-inverter\/#breadcrumb"},"inLanguage":"de","potentialAction":[{"@type":"ReadAction","target":["https:\/\/koningdrone.be\/product\/bluetti-ac500-inverter\/"]}]},{"@type":"ImageObject","inLanguage":"de","@id":"https:\/\/koningdrone.be\/product\/bluetti-ac500-inverter\/#primaryimage","url":"https:\/\/koningdrone.be\/wp-content\/uploads\/sites\/13\/2025\/04\/6970991290626-1.webp","contentUrl":"https:\/\/koningdrone.be\/wp-content\/uploads\/sites\/13\/2025\/04\/6970991290626-1.webp","width":800,"height":531},{"@type":"BreadcrumbList","@id":"https:\/\/koningdrone.be\/product\/bluetti-ac500-inverter\/#breadcrumb","itemListElement":[{"@type":"ListItem","position":1,"name":"Home","item":"https:\/\/koningdrone.be\/"},{"@type":"ListItem","position":2,"name":"AVSS Parachute Recovery System for DJI Matrice 300\/350","item":"https:\/\/koningdrone.be\/product\/avss-parachute-recovery-system-for-dji-matrice-300-350\/"},{"@type":"ListItem","position":3,"name":"Alle producten","item":"https:\/\/koningdrone.be\/categorie\/alle-producten\/"},{"@type":"ListItem","position":4,"name":"Bluetti AC500 Inverter"}]},{"@type":"WebSite","@id":"https:\/\/koningdrone.be\/#website","url":"https:\/\/koningdrone.be\/","name":"Koningdrone.be - Ihr Online-Spezialist f\u00fcr Drohnen, Gimbals, Kameras und Kraftwerke.","description":"Der Webshop f\u00fcr Drohnen und Gimbals","publisher":{"@id":"https:\/\/koningdrone.be\/#organization"},"potentialAction":[{"@type":"SearchAction","target":{"@type":"EntryPoint","urlTemplate":"https:\/\/koningdrone.be\/?s={search_term_string}"},"query-input":{"@type":"PropertyValueSpecification","valueRequired":true,"valueName":"search_term_string"}}],"inLanguage":"de"},{"@type":"Organization","@id":"https:\/\/koningdrone.be\/#organization","name":"Kingdrone.de","url":"https:\/\/koningdrone.be\/","logo":{"@type":"ImageObject","inLanguage":"de","@id":"https:\/\/koningdrone.be\/#\/schema\/logo\/image\/","url":"https:\/\/koningdrone.be\/wp-content\/uploads\/sites\/13\/2025\/04\/koningdrone-copyright-logo.svg","contentUrl":"https:\/\/koningdrone.be\/wp-content\/uploads\/sites\/13\/2025\/04\/koningdrone-copyright-logo.svg","width":227,"height":38,"caption":"Koningdrone.be"},"image":{"@id":"https:\/\/koningdrone.be\/#\/schema\/logo\/image\/"}}]}},"df_price":"","df_sale_price":"","df_regular_price":"","df_image_link":"https:\/\/koningdrone.be\/wp-content\/uploads\/sites\/13\/2025\/04\/6970991290626-1-300x199.webp","_links":{"self":[{"href":"https:\/\/koningdrone.be\/de\/wp-json\/wp\/v2\/product\/5112","targetHints":{"allow":["GET"]}}],"collection":[{"href":"https:\/\/koningdrone.be\/de\/wp-json\/wp\/v2\/product"}],"about":[{"href":"https:\/\/koningdrone.be\/de\/wp-json\/wp\/v2\/types\/product"}],"wp:featuredmedia":[{"embeddable":true,"href":"https:\/\/koningdrone.be\/de\/wp-json\/wp\/v2\/media\/5108"}],"wp:attachment":[{"href":"https:\/\/koningdrone.be\/de\/wp-json\/wp\/v2\/media?parent=5112"}],"wp:term":[{"taxonomy":"product_brand","embeddable":true,"href":"https:\/\/koningdrone.be\/de\/wp-json\/wp\/v2\/product_brand?post=5112"},{"taxonomy":"product_cat","embeddable":true,"href":"https:\/\/koningdrone.be\/de\/wp-json\/wp\/v2\/product_cat?post=5112"},{"taxonomy":"product_tag","embeddable":true,"href":"https:\/\/koningdrone.be\/de\/wp-json\/wp\/v2\/product_tag?post=5112"}],"curies":[{"name":"wp","href":"https:\/\/api.w.org\/{rel}","templated":true}]}}