{"id":5102,"date":"2023-03-08T09:20:34","date_gmt":"2023-03-08T08:20:34","guid":{"rendered":"https:\/\/koningdrone.nl\/kon\/product\/bluetti-ep600-energy-storage-system\/"},"modified":"2025-05-20T14:35:41","modified_gmt":"2025-05-20T12:35:41","slug":"bluetti-ep600-energy-storage-system","status":"publish","type":"product","link":"https:\/\/koningdrone.be\/de\/produkt\/bluetti-ep600-energy-storage-system\/","title":{"rendered":"Bluetti EP600 Energiespeichersystem"},"content":{"rendered":"<p>Das Bluetti EP600 ist ein leistungsstarkes Energiespeichersystem f\u00fcr den Hausgebrauch, das sowohl einphasige 230 V als auch dreiphasige 380 V mit einer Kapazit\u00e4t von 6 kW liefern kann. Mit einer Speicherkapazit\u00e4t von bis zu 79 kWh bietet dieses modulare System flexible Optionen durch verkn\u00fcpfte Batterien und kann \u00fcber das Stromnetz oder Solaranlagen mit einer Kapazit\u00e4t von 6 kW (einschlie\u00dflich vorhandener Solarpaneele) aufgeladen werden.<\/p>\n<p><strong>Modulares System<\/strong><\/p>\n<p>Das modulare System besteht aus einem EP600 kombiniert mit mindestens 2 x B500 und maximal 4x B500. Jedes B500-Batteriemodul hat eine Kapazit\u00e4t von 4960 Wh. Die Parallelschaltung von bis zu 16 x B500 mit 4 x EP600 erleichtert das netzferne Leben. Das System ist f\u00fcr Privathaushalte und kleine Unternehmen konzipiert.<\/p>\n<p><strong>Flexible Modi<\/strong><\/p>\n<p>Mit der M\u00f6glichkeit, verschiedene Modi auszuw\u00e4hlen, kann das System den Lade- und Entladestrom automatisch nach den individuellen Bed\u00fcrfnissen regulieren. Das integrierte USV-System sorgt daf\u00fcr, dass die Ger\u00e4te bei Stromausf\u00e4llen oder instabiler Stromversorgung dank des BMS-Systems weiter funktionieren.<\/p>\n<p><strong>Langlebiges Geh\u00e4use<\/strong><\/p>\n<p>Das Geh\u00e4use dieses Energiespeichersystems besteht aus einer haltbaren und korrosionsbest\u00e4ndigen Aluminiumlegierung (IP65), so dass es sowohl in Innenr\u00e4umen als auch im Freien aufgestellt werden kann. Dar\u00fcber hinaus enth\u00e4lt das Geh\u00e4use ein eingebautes Heizsystem, das sich bei niedrigen Temperaturen automatisch einschaltet. F\u00fcr die Installation im Freien muss das System unter einem Vordach aufgestellt werden, um direkte Sonneneinstrahlung zu vermeiden.<\/p>\n<p><strong>Zuverl\u00e4ssige L\u00f6sung f\u00fcr erneuerbare Energie<\/strong><\/p>\n<p>Kurz gesagt, das Bluetti EP600 bietet eine zuverl\u00e4ssige und flexible L\u00f6sung f\u00fcr den Zugang zu erneuerbaren Energien, die Senkung der Energiekosten, die Vorbereitung auf Stromausf\u00e4lle und die Reduzierung der CO2-Emissionen. Bitte beachten Sie, dass dieses System von einem lizenzierten Elektriker installiert werden muss.<\/p>\n<p><\/p>","protected":false},"excerpt":{"rendered":"<ul>\n<li>Soviel Leistung f\u00fcr bis zu 6.000 W 3-phasige Ger\u00e4te<\/li>\n<li>Beeindruckende Kapazit\u00e4t von 9.920 Wh bis 79.360 Wh<\/li>\n<li>Branchenf\u00fchrende 10-Jahres-Garantie<\/li>\n<li>Unerreichte Sicherheit mit LiFePO\u2084-Akku.<\/li>\n<li>Perfekte Kompatibilit\u00e4t mit der bestehenden\/neuen Solaranlage.<\/li>\n<li>Ultimativer Komfort f\u00fcr die Innen- und Au\u00dfeninstallation.<\/li>\n<\/ul>","protected":false},"featured_media":5098,"template":"","meta":{"_acf_changed":false},"product_brand":[],"product_cat":[454,97,829,415,628],"product_tag":[],"class_list":{"0":"post-5102","1":"product","2":"type-product","3":"status-publish","4":"has-post-thumbnail","6":"product_cat-alle-powerstations","7":"product_cat-alle-producten","8":"product_cat-bluetti","9":"product_cat-energy","10":"product_cat-powerstations","11":"pa_brand-bluetti","12":"pa_capaciteit-9-920-79-360-wh","13":"pa_materiaal-kunststof","14":"pa_productfamily-power-station","15":"pa_producttype-power-station","16":"pa_type-batterij-lifepo4","18":"first","19":"outofstock","20":"taxable","21":"shipping-taxable","22":"product-type-simple"},"acf":[],"yoast_head":"<!-- This site is optimized with the Yoast SEO Premium plugin v27.2 (Yoast SEO v27.2) - https:\/\/yoast.com\/product\/yoast-seo-premium-wordpress\/ -->\n<title>Bluetti EP600 Energy Storage System - koningdrone.be<\/title>\n<meta name=\"robots\" content=\"index, follow, max-snippet:-1, max-image-preview:large, max-video-preview:-1\" \/>\n<link rel=\"canonical\" href=\"https:\/\/koningdrone.be\/de\/produkt\/bluetti-ep600-energy-storage-system\/\" \/>\n<meta property=\"og:locale\" content=\"de_DE\" \/>\n<meta property=\"og:type\" content=\"article\" \/>\n<meta property=\"og:title\" content=\"Bluetti EP600 Energy Storage System\" \/>\n<meta property=\"og:description\" content=\"Maar liefst vermogen voor maximaal 6.000 W 3-fase apparatenIndrukwekkende capaciteit van 9.920 Wh tot 79.360 WhToonaangevende garantie van 10 jaarOnge\u00ebvenaarde veiligheid met LiFePO\u2084 batterij.Perfecte compatibiliteit met bestaand\/nieuw zonnestelsel.Ultiem gemak voor installatie binnen en buiten.\" \/>\n<meta property=\"og:url\" content=\"https:\/\/koningdrone.be\/de\/produkt\/bluetti-ep600-energy-storage-system\/\" \/>\n<meta property=\"og:site_name\" content=\"koningdrone.be\" \/>\n<meta property=\"article:modified_time\" content=\"2025-05-20T12:35:41+00:00\" \/>\n<meta property=\"og:image\" content=\"https:\/\/koningdrone.be\/wp-content\/uploads\/sites\/13\/2025\/04\/6970991291340-1.webp\" \/>\n\t<meta property=\"og:image:width\" content=\"800\" \/>\n\t<meta property=\"og:image:height\" content=\"800\" \/>\n\t<meta property=\"og:image:type\" content=\"image\/webp\" \/>\n<meta name=\"twitter:card\" content=\"summary_large_image\" \/>\n<meta name=\"twitter:label1\" content=\"Gesch\u00e4tzte Lesezeit\" \/>\n\t<meta name=\"twitter:data1\" content=\"1\u00a0Minute\" \/>\n<script type=\"application\/ld+json\" class=\"yoast-schema-graph\">{\"@context\":\"https:\/\/schema.org\",\"@graph\":[{\"@type\":\"WebPage\",\"@id\":\"https:\/\/koningdrone.be\/product\/bluetti-ep600-energy-storage-system\/\",\"url\":\"https:\/\/koningdrone.be\/product\/bluetti-ep600-energy-storage-system\/\",\"name\":\"Bluetti EP600 Energy Storage System - koningdrone.be\",\"isPartOf\":{\"@id\":\"https:\/\/koningdrone.be\/#website\"},\"primaryImageOfPage\":{\"@id\":\"https:\/\/koningdrone.be\/product\/bluetti-ep600-energy-storage-system\/#primaryimage\"},\"image\":{\"@id\":\"https:\/\/koningdrone.be\/product\/bluetti-ep600-energy-storage-system\/#primaryimage\"},\"thumbnailUrl\":\"https:\/\/koningdrone.be\/wp-content\/uploads\/sites\/13\/2025\/04\/6970991291340-1.webp\",\"datePublished\":\"2023-03-08T08:20:34+00:00\",\"dateModified\":\"2025-05-20T12:35:41+00:00\",\"breadcrumb\":{\"@id\":\"https:\/\/koningdrone.be\/product\/bluetti-ep600-energy-storage-system\/#breadcrumb\"},\"inLanguage\":\"de\",\"potentialAction\":[{\"@type\":\"ReadAction\",\"target\":[\"https:\/\/koningdrone.be\/product\/bluetti-ep600-energy-storage-system\/\"]}]},{\"@type\":\"ImageObject\",\"inLanguage\":\"de\",\"@id\":\"https:\/\/koningdrone.be\/product\/bluetti-ep600-energy-storage-system\/#primaryimage\",\"url\":\"https:\/\/koningdrone.be\/wp-content\/uploads\/sites\/13\/2025\/04\/6970991291340-1.webp\",\"contentUrl\":\"https:\/\/koningdrone.be\/wp-content\/uploads\/sites\/13\/2025\/04\/6970991291340-1.webp\",\"width\":800,\"height\":800},{\"@type\":\"BreadcrumbList\",\"@id\":\"https:\/\/koningdrone.be\/product\/bluetti-ep600-energy-storage-system\/#breadcrumb\",\"itemListElement\":[{\"@type\":\"ListItem\",\"position\":1,\"name\":\"Home\",\"item\":\"https:\/\/koningdrone.be\/\"},{\"@type\":\"ListItem\",\"position\":2,\"name\":\"AVSS Parachute Recovery System for DJI Matrice 300\/350\",\"item\":\"https:\/\/koningdrone.be\/product\/avss-parachute-recovery-system-for-dji-matrice-300-350\/\"},{\"@type\":\"ListItem\",\"position\":3,\"name\":\"Alle powerstations\",\"item\":\"https:\/\/koningdrone.be\/categorie\/alle-powerstations\/\"},{\"@type\":\"ListItem\",\"position\":4,\"name\":\"Bluetti EP600 Energy Storage System\"}]},{\"@type\":\"WebSite\",\"@id\":\"https:\/\/koningdrone.be\/#website\",\"url\":\"https:\/\/koningdrone.be\/\",\"name\":\"Koningdrone.be - Uw online specialist in drones, gimbals, camera's en power stations.\",\"description\":\"De webshop in drones en gimbals\",\"publisher\":{\"@id\":\"https:\/\/koningdrone.be\/#organization\"},\"potentialAction\":[{\"@type\":\"SearchAction\",\"target\":{\"@type\":\"EntryPoint\",\"urlTemplate\":\"https:\/\/koningdrone.be\/?s={search_term_string}\"},\"query-input\":{\"@type\":\"PropertyValueSpecification\",\"valueRequired\":true,\"valueName\":\"search_term_string\"}}],\"inLanguage\":\"de\"},{\"@type\":\"Organization\",\"@id\":\"https:\/\/koningdrone.be\/#organization\",\"name\":\"Koningdrone.be\",\"url\":\"https:\/\/koningdrone.be\/\",\"logo\":{\"@type\":\"ImageObject\",\"inLanguage\":\"de\",\"@id\":\"https:\/\/koningdrone.be\/#\/schema\/logo\/image\/\",\"url\":\"https:\/\/koningdrone.be\/wp-content\/uploads\/sites\/13\/2025\/04\/koningdrone-copyright-logo.svg\",\"contentUrl\":\"https:\/\/koningdrone.be\/wp-content\/uploads\/sites\/13\/2025\/04\/koningdrone-copyright-logo.svg\",\"width\":227,\"height\":38,\"caption\":\"Koningdrone.be\"},\"image\":{\"@id\":\"https:\/\/koningdrone.be\/#\/schema\/logo\/image\/\"}}]}<\/script>\n<!-- \/ Yoast SEO Premium plugin. -->","yoast_head_json":{"title":"Bluetti EP600 Energy Storage System - koningdrone.be","robots":{"index":"index","follow":"follow","max-snippet":"max-snippet:-1","max-image-preview":"max-image-preview:large","max-video-preview":"max-video-preview:-1"},"canonical":"https:\/\/koningdrone.be\/de\/produkt\/bluetti-ep600-energy-storage-system\/","og_locale":"de_DE","og_type":"article","og_title":"Bluetti EP600 Energy Storage System","og_description":"Maar liefst vermogen voor maximaal 6.000 W 3-fase apparatenIndrukwekkende capaciteit van 9.920 Wh tot 79.360 WhToonaangevende garantie van 10 jaarOnge\u00ebvenaarde veiligheid met LiFePO\u2084 batterij.Perfecte compatibiliteit met bestaand\/nieuw zonnestelsel.Ultiem gemak voor installatie binnen en buiten.","og_url":"https:\/\/koningdrone.be\/de\/produkt\/bluetti-ep600-energy-storage-system\/","og_site_name":"koningdrone.be","article_modified_time":"2025-05-20T12:35:41+00:00","og_image":[{"width":800,"height":800,"url":"https:\/\/koningdrone.be\/wp-content\/uploads\/sites\/13\/2025\/04\/6970991291340-1.webp","type":"image\/webp"}],"twitter_card":"summary_large_image","twitter_misc":{"Gesch\u00e4tzte Lesezeit":"1\u00a0Minute"},"schema":{"@context":"https:\/\/schema.org","@graph":[{"@type":"WebPage","@id":"https:\/\/koningdrone.be\/product\/bluetti-ep600-energy-storage-system\/","url":"https:\/\/koningdrone.be\/product\/bluetti-ep600-energy-storage-system\/","name":"Bluetti EP600 Energy Storage System - koningdrone.be","isPartOf":{"@id":"https:\/\/koningdrone.be\/#website"},"primaryImageOfPage":{"@id":"https:\/\/koningdrone.be\/product\/bluetti-ep600-energy-storage-system\/#primaryimage"},"image":{"@id":"https:\/\/koningdrone.be\/product\/bluetti-ep600-energy-storage-system\/#primaryimage"},"thumbnailUrl":"https:\/\/koningdrone.be\/wp-content\/uploads\/sites\/13\/2025\/04\/6970991291340-1.webp","datePublished":"2023-03-08T08:20:34+00:00","dateModified":"2025-05-20T12:35:41+00:00","breadcrumb":{"@id":"https:\/\/koningdrone.be\/product\/bluetti-ep600-energy-storage-system\/#breadcrumb"},"inLanguage":"de","potentialAction":[{"@type":"ReadAction","target":["https:\/\/koningdrone.be\/product\/bluetti-ep600-energy-storage-system\/"]}]},{"@type":"ImageObject","inLanguage":"de","@id":"https:\/\/koningdrone.be\/product\/bluetti-ep600-energy-storage-system\/#primaryimage","url":"https:\/\/koningdrone.be\/wp-content\/uploads\/sites\/13\/2025\/04\/6970991291340-1.webp","contentUrl":"https:\/\/koningdrone.be\/wp-content\/uploads\/sites\/13\/2025\/04\/6970991291340-1.webp","width":800,"height":800},{"@type":"BreadcrumbList","@id":"https:\/\/koningdrone.be\/product\/bluetti-ep600-energy-storage-system\/#breadcrumb","itemListElement":[{"@type":"ListItem","position":1,"name":"Home","item":"https:\/\/koningdrone.be\/"},{"@type":"ListItem","position":2,"name":"AVSS Parachute Recovery System for DJI Matrice 300\/350","item":"https:\/\/koningdrone.be\/product\/avss-parachute-recovery-system-for-dji-matrice-300-350\/"},{"@type":"ListItem","position":3,"name":"Alle powerstations","item":"https:\/\/koningdrone.be\/categorie\/alle-powerstations\/"},{"@type":"ListItem","position":4,"name":"Bluetti EP600 Energy Storage System"}]},{"@type":"WebSite","@id":"https:\/\/koningdrone.be\/#website","url":"https:\/\/koningdrone.be\/","name":"Koningdrone.be - Ihr Online-Spezialist f\u00fcr Drohnen, Gimbals, Kameras und Kraftwerke.","description":"Der Webshop f\u00fcr Drohnen und Gimbals","publisher":{"@id":"https:\/\/koningdrone.be\/#organization"},"potentialAction":[{"@type":"SearchAction","target":{"@type":"EntryPoint","urlTemplate":"https:\/\/koningdrone.be\/?s={search_term_string}"},"query-input":{"@type":"PropertyValueSpecification","valueRequired":true,"valueName":"search_term_string"}}],"inLanguage":"de"},{"@type":"Organization","@id":"https:\/\/koningdrone.be\/#organization","name":"Kingdrone.de","url":"https:\/\/koningdrone.be\/","logo":{"@type":"ImageObject","inLanguage":"de","@id":"https:\/\/koningdrone.be\/#\/schema\/logo\/image\/","url":"https:\/\/koningdrone.be\/wp-content\/uploads\/sites\/13\/2025\/04\/koningdrone-copyright-logo.svg","contentUrl":"https:\/\/koningdrone.be\/wp-content\/uploads\/sites\/13\/2025\/04\/koningdrone-copyright-logo.svg","width":227,"height":38,"caption":"Koningdrone.be"},"image":{"@id":"https:\/\/koningdrone.be\/#\/schema\/logo\/image\/"}}]}},"df_price":"","df_sale_price":"","df_regular_price":"","df_image_link":"https:\/\/koningdrone.be\/wp-content\/uploads\/sites\/13\/2025\/04\/6970991291340-1-300x300.webp","_links":{"self":[{"href":"https:\/\/koningdrone.be\/de\/wp-json\/wp\/v2\/product\/5102","targetHints":{"allow":["GET"]}}],"collection":[{"href":"https:\/\/koningdrone.be\/de\/wp-json\/wp\/v2\/product"}],"about":[{"href":"https:\/\/koningdrone.be\/de\/wp-json\/wp\/v2\/types\/product"}],"wp:featuredmedia":[{"embeddable":true,"href":"https:\/\/koningdrone.be\/de\/wp-json\/wp\/v2\/media\/5098"}],"wp:attachment":[{"href":"https:\/\/koningdrone.be\/de\/wp-json\/wp\/v2\/media?parent=5102"}],"wp:term":[{"taxonomy":"product_brand","embeddable":true,"href":"https:\/\/koningdrone.be\/de\/wp-json\/wp\/v2\/product_brand?post=5102"},{"taxonomy":"product_cat","embeddable":true,"href":"https:\/\/koningdrone.be\/de\/wp-json\/wp\/v2\/product_cat?post=5102"},{"taxonomy":"product_tag","embeddable":true,"href":"https:\/\/koningdrone.be\/de\/wp-json\/wp\/v2\/product_tag?post=5102"}],"curies":[{"name":"wp","href":"https:\/\/api.w.org\/{rel}","templated":true}]}}