{"id":5092,"date":"2023-03-08T09:20:34","date_gmt":"2023-03-08T08:20:34","guid":{"rendered":"https:\/\/koningdrone.nl\/kon\/product\/bluetti-pv200-solar-panel\/"},"modified":"2026-04-29T06:10:47","modified_gmt":"2026-04-29T04:10:47","slug":"bluetti-pv200-solar-panel","status":"publish","type":"product","link":"https:\/\/koningdrone.be\/de\/produkt\/bluetti-pv200-solar-panel\/","title":{"rendered":"Bluetti PV200 Solarmodul"},"content":{"rendered":"<p><strong>Bluetti PV200 Sonnenkollektor<\/strong><\/p>\n<p>Mit dem Bluetti PV200 Solarmodul k\u00f6nnen Sie \u00fcberall solar aufladen. Dieses 200-W-Solarpanel wurde speziell entwickelt, um Ihre Solargeneratoren mit Strom zu versorgen, solange das Sonnenlicht verf\u00fcgbar ist. Mit einem beeindruckenden Wirkungsgrad von 23,4% kann das PV200 dank seiner monokristallinen Solarzellen auch bei schlechtem Wetter Solarstrom erzeugen.<\/p>\n<p><strong>Einfache Installation<\/strong><\/p>\n<p>Die Installation ist dank des St\u00e4nders einfach. Sie klappen den PV200 aus, befestigen den St\u00e4nder, stellen den Winkel ein, um die Sonneneinstrahlung zu maximieren, und schon k\u00f6nnen Sie die Solarenergie f\u00fcr Ihre Generatoren nutzen. Auch die Ladezeit ist beeindruckend: Ein BLUETTI EB55 (537Wh) + PV200 kann beispielsweise in nur 3 Stunden aufgeladen werden.<\/p>\n<p><strong>Langlebig und witterungsbest\u00e4ndig<\/strong><\/p>\n<p>Dar\u00fcber hinaus ist das PV200-Solarmodul mit einer haltbaren ETFE-Beschichtung und einer IP65-Anschlussdose, die Kratzern und Spritzwasser standh\u00e4lt, f\u00fcr eine lange Lebensdauer ausgelegt. Dies macht das Solarmodul perfekt f\u00fcr Aktivit\u00e4ten wie Camping, Angeln, Wandern und mehr. Kurz gesagt, mit dem Bluetti PV200 Solarmodul werden Sie nie wieder ohne Strom sein, geeignet f\u00fcr verschiedene Gelegenheiten. <\/p>\n<p><\/p>","protected":false},"excerpt":{"rendered":"<ul>\n<li>Monokristalline Solarzellen mit einem Wirkungsgrad von bis zu 23,4%<\/li>\n<li>Langlebige ETFE-Beschichtung<\/li>\n<li>Zusammenklappbar und tragbar<\/li>\n<li>Kompatibel mit den meisten Solargeneratoren mit MC4-Steckern<\/li>\n<li>12-monatige Garantie<\/li>\n<\/ul>","protected":false},"featured_media":5088,"template":"","meta":{"_acf_changed":false},"product_brand":[],"product_cat":[97,829,415,198],"product_tag":[],"class_list":{"0":"post-5092","1":"product","2":"type-product","3":"status-publish","4":"has-post-thumbnail","6":"product_cat-alle-producten","7":"product_cat-bluetti","8":"product_cat-energy","9":"product_cat-zonnepanelen","10":"product_shipping_class-outofstock","11":"pa_afmetingen-opgevouwen-590-x-630-x-47-mm_x000d_-uitgevouwen-590-x-2265-x-23-mm","12":"pa_brand-bluetti","13":"pa_capaciteit-200w","14":"pa_gewicht-73-kg","15":"pa_materiaal-kunststof-canvas","16":"pa_productfamily-zonnepaneel","17":"pa_producttype-zonnepaneel","18":"pa_series-bluetti","20":"first","21":"outofstock","22":"taxable","23":"shipping-taxable","24":"product-type-simple"},"acf":[],"yoast_head":"<!-- This site is optimized with the Yoast SEO Premium plugin v27.2 (Yoast SEO v27.2) - https:\/\/yoast.com\/product\/yoast-seo-premium-wordpress\/ -->\n<title>Bluetti PV200 Solar Panel - koningdrone.be<\/title>\n<meta name=\"robots\" content=\"index, follow, max-snippet:-1, max-image-preview:large, max-video-preview:-1\" \/>\n<link rel=\"canonical\" href=\"https:\/\/koningdrone.be\/de\/produkt\/bluetti-pv200-solar-panel\/\" \/>\n<meta property=\"og:locale\" content=\"de_DE\" \/>\n<meta property=\"og:type\" content=\"article\" \/>\n<meta property=\"og:title\" content=\"Bluetti PV200 Solar Panel\" \/>\n<meta property=\"og:description\" content=\"Monokristallijne zonnecellen met een rendement tot 23,4%Langdurige ETFE-coatingOpvouwbaar en draagbaarCompatibel met de meeste zonnegeneratoren met MC4-connectoren12 maanden garantie\" \/>\n<meta property=\"og:url\" content=\"https:\/\/koningdrone.be\/de\/produkt\/bluetti-pv200-solar-panel\/\" \/>\n<meta property=\"og:site_name\" content=\"koningdrone.be\" \/>\n<meta property=\"article:modified_time\" content=\"2026-04-29T04:10:47+00:00\" \/>\n<meta property=\"og:image\" content=\"https:\/\/koningdrone.be\/wp-content\/uploads\/sites\/13\/2025\/04\/6970991290947-1.webp\" \/>\n\t<meta property=\"og:image:width\" content=\"1400\" \/>\n\t<meta property=\"og:image:height\" content=\"1400\" \/>\n\t<meta property=\"og:image:type\" content=\"image\/webp\" \/>\n<meta name=\"twitter:card\" content=\"summary_large_image\" \/>\n<meta name=\"twitter:label1\" content=\"Gesch\u00e4tzte Lesezeit\" \/>\n\t<meta name=\"twitter:data1\" content=\"1\u00a0Minute\" \/>\n<script type=\"application\/ld+json\" class=\"yoast-schema-graph\">{\"@context\":\"https:\/\/schema.org\",\"@graph\":[{\"@type\":\"WebPage\",\"@id\":\"https:\/\/koningdrone.be\/product\/bluetti-pv200-solar-panel\/\",\"url\":\"https:\/\/koningdrone.be\/product\/bluetti-pv200-solar-panel\/\",\"name\":\"Bluetti PV200 Solar Panel - koningdrone.be\",\"isPartOf\":{\"@id\":\"https:\/\/koningdrone.be\/#website\"},\"primaryImageOfPage\":{\"@id\":\"https:\/\/koningdrone.be\/product\/bluetti-pv200-solar-panel\/#primaryimage\"},\"image\":{\"@id\":\"https:\/\/koningdrone.be\/product\/bluetti-pv200-solar-panel\/#primaryimage\"},\"thumbnailUrl\":\"https:\/\/koningdrone.be\/wp-content\/uploads\/sites\/13\/2025\/04\/6970991290947-1.webp\",\"datePublished\":\"2023-03-08T08:20:34+00:00\",\"dateModified\":\"2026-04-29T04:10:47+00:00\",\"breadcrumb\":{\"@id\":\"https:\/\/koningdrone.be\/product\/bluetti-pv200-solar-panel\/#breadcrumb\"},\"inLanguage\":\"de\",\"potentialAction\":[{\"@type\":\"ReadAction\",\"target\":[\"https:\/\/koningdrone.be\/product\/bluetti-pv200-solar-panel\/\"]}]},{\"@type\":\"ImageObject\",\"inLanguage\":\"de\",\"@id\":\"https:\/\/koningdrone.be\/product\/bluetti-pv200-solar-panel\/#primaryimage\",\"url\":\"https:\/\/koningdrone.be\/wp-content\/uploads\/sites\/13\/2025\/04\/6970991290947-1.webp\",\"contentUrl\":\"https:\/\/koningdrone.be\/wp-content\/uploads\/sites\/13\/2025\/04\/6970991290947-1.webp\",\"width\":1400,\"height\":1400},{\"@type\":\"BreadcrumbList\",\"@id\":\"https:\/\/koningdrone.be\/product\/bluetti-pv200-solar-panel\/#breadcrumb\",\"itemListElement\":[{\"@type\":\"ListItem\",\"position\":1,\"name\":\"Home\",\"item\":\"https:\/\/koningdrone.be\/\"},{\"@type\":\"ListItem\",\"position\":2,\"name\":\"AVSS Parachute Recovery System for DJI Matrice 300\/350\",\"item\":\"https:\/\/koningdrone.be\/product\/avss-parachute-recovery-system-for-dji-matrice-300-350\/\"},{\"@type\":\"ListItem\",\"position\":3,\"name\":\"Alle producten\",\"item\":\"https:\/\/koningdrone.be\/categorie\/alle-producten\/\"},{\"@type\":\"ListItem\",\"position\":4,\"name\":\"Bluetti PV200 Solar Panel\"}]},{\"@type\":\"WebSite\",\"@id\":\"https:\/\/koningdrone.be\/#website\",\"url\":\"https:\/\/koningdrone.be\/\",\"name\":\"Koningdrone.be - Uw online specialist in drones, gimbals, camera's en power stations.\",\"description\":\"De webshop in drones en gimbals\",\"publisher\":{\"@id\":\"https:\/\/koningdrone.be\/#organization\"},\"potentialAction\":[{\"@type\":\"SearchAction\",\"target\":{\"@type\":\"EntryPoint\",\"urlTemplate\":\"https:\/\/koningdrone.be\/?s={search_term_string}\"},\"query-input\":{\"@type\":\"PropertyValueSpecification\",\"valueRequired\":true,\"valueName\":\"search_term_string\"}}],\"inLanguage\":\"de\"},{\"@type\":\"Organization\",\"@id\":\"https:\/\/koningdrone.be\/#organization\",\"name\":\"Koningdrone.be\",\"url\":\"https:\/\/koningdrone.be\/\",\"logo\":{\"@type\":\"ImageObject\",\"inLanguage\":\"de\",\"@id\":\"https:\/\/koningdrone.be\/#\/schema\/logo\/image\/\",\"url\":\"https:\/\/koningdrone.be\/wp-content\/uploads\/sites\/13\/2025\/04\/koningdrone-copyright-logo.svg\",\"contentUrl\":\"https:\/\/koningdrone.be\/wp-content\/uploads\/sites\/13\/2025\/04\/koningdrone-copyright-logo.svg\",\"width\":227,\"height\":38,\"caption\":\"Koningdrone.be\"},\"image\":{\"@id\":\"https:\/\/koningdrone.be\/#\/schema\/logo\/image\/\"}}]}<\/script>\n<!-- \/ Yoast SEO Premium plugin. -->","yoast_head_json":{"title":"Bluetti PV200 Solar Panel - koningdrone.be","robots":{"index":"index","follow":"follow","max-snippet":"max-snippet:-1","max-image-preview":"max-image-preview:large","max-video-preview":"max-video-preview:-1"},"canonical":"https:\/\/koningdrone.be\/de\/produkt\/bluetti-pv200-solar-panel\/","og_locale":"de_DE","og_type":"article","og_title":"Bluetti PV200 Solar Panel","og_description":"Monokristallijne zonnecellen met een rendement tot 23,4%Langdurige ETFE-coatingOpvouwbaar en draagbaarCompatibel met de meeste zonnegeneratoren met MC4-connectoren12 maanden garantie","og_url":"https:\/\/koningdrone.be\/de\/produkt\/bluetti-pv200-solar-panel\/","og_site_name":"koningdrone.be","article_modified_time":"2026-04-29T04:10:47+00:00","og_image":[{"width":1400,"height":1400,"url":"https:\/\/koningdrone.be\/wp-content\/uploads\/sites\/13\/2025\/04\/6970991290947-1.webp","type":"image\/webp"}],"twitter_card":"summary_large_image","twitter_misc":{"Gesch\u00e4tzte Lesezeit":"1\u00a0Minute"},"schema":{"@context":"https:\/\/schema.org","@graph":[{"@type":"WebPage","@id":"https:\/\/koningdrone.be\/product\/bluetti-pv200-solar-panel\/","url":"https:\/\/koningdrone.be\/product\/bluetti-pv200-solar-panel\/","name":"Bluetti PV200 Solar Panel - koningdrone.be","isPartOf":{"@id":"https:\/\/koningdrone.be\/#website"},"primaryImageOfPage":{"@id":"https:\/\/koningdrone.be\/product\/bluetti-pv200-solar-panel\/#primaryimage"},"image":{"@id":"https:\/\/koningdrone.be\/product\/bluetti-pv200-solar-panel\/#primaryimage"},"thumbnailUrl":"https:\/\/koningdrone.be\/wp-content\/uploads\/sites\/13\/2025\/04\/6970991290947-1.webp","datePublished":"2023-03-08T08:20:34+00:00","dateModified":"2026-04-29T04:10:47+00:00","breadcrumb":{"@id":"https:\/\/koningdrone.be\/product\/bluetti-pv200-solar-panel\/#breadcrumb"},"inLanguage":"de","potentialAction":[{"@type":"ReadAction","target":["https:\/\/koningdrone.be\/product\/bluetti-pv200-solar-panel\/"]}]},{"@type":"ImageObject","inLanguage":"de","@id":"https:\/\/koningdrone.be\/product\/bluetti-pv200-solar-panel\/#primaryimage","url":"https:\/\/koningdrone.be\/wp-content\/uploads\/sites\/13\/2025\/04\/6970991290947-1.webp","contentUrl":"https:\/\/koningdrone.be\/wp-content\/uploads\/sites\/13\/2025\/04\/6970991290947-1.webp","width":1400,"height":1400},{"@type":"BreadcrumbList","@id":"https:\/\/koningdrone.be\/product\/bluetti-pv200-solar-panel\/#breadcrumb","itemListElement":[{"@type":"ListItem","position":1,"name":"Home","item":"https:\/\/koningdrone.be\/"},{"@type":"ListItem","position":2,"name":"AVSS Parachute Recovery System for DJI Matrice 300\/350","item":"https:\/\/koningdrone.be\/product\/avss-parachute-recovery-system-for-dji-matrice-300-350\/"},{"@type":"ListItem","position":3,"name":"Alle producten","item":"https:\/\/koningdrone.be\/categorie\/alle-producten\/"},{"@type":"ListItem","position":4,"name":"Bluetti PV200 Solar Panel"}]},{"@type":"WebSite","@id":"https:\/\/koningdrone.be\/#website","url":"https:\/\/koningdrone.be\/","name":"Koningdrone.be - Ihr Online-Spezialist f\u00fcr Drohnen, Gimbals, Kameras und Kraftwerke.","description":"Der Webshop f\u00fcr Drohnen und Gimbals","publisher":{"@id":"https:\/\/koningdrone.be\/#organization"},"potentialAction":[{"@type":"SearchAction","target":{"@type":"EntryPoint","urlTemplate":"https:\/\/koningdrone.be\/?s={search_term_string}"},"query-input":{"@type":"PropertyValueSpecification","valueRequired":true,"valueName":"search_term_string"}}],"inLanguage":"de"},{"@type":"Organization","@id":"https:\/\/koningdrone.be\/#organization","name":"Kingdrone.de","url":"https:\/\/koningdrone.be\/","logo":{"@type":"ImageObject","inLanguage":"de","@id":"https:\/\/koningdrone.be\/#\/schema\/logo\/image\/","url":"https:\/\/koningdrone.be\/wp-content\/uploads\/sites\/13\/2025\/04\/koningdrone-copyright-logo.svg","contentUrl":"https:\/\/koningdrone.be\/wp-content\/uploads\/sites\/13\/2025\/04\/koningdrone-copyright-logo.svg","width":227,"height":38,"caption":"Koningdrone.be"},"image":{"@id":"https:\/\/koningdrone.be\/#\/schema\/logo\/image\/"}}]}},"df_price":"","df_sale_price":"","df_regular_price":"","df_image_link":"https:\/\/koningdrone.be\/wp-content\/uploads\/sites\/13\/2025\/04\/6970991290947-1-300x300.webp","_links":{"self":[{"href":"https:\/\/koningdrone.be\/de\/wp-json\/wp\/v2\/product\/5092","targetHints":{"allow":["GET"]}}],"collection":[{"href":"https:\/\/koningdrone.be\/de\/wp-json\/wp\/v2\/product"}],"about":[{"href":"https:\/\/koningdrone.be\/de\/wp-json\/wp\/v2\/types\/product"}],"wp:featuredmedia":[{"embeddable":true,"href":"https:\/\/koningdrone.be\/de\/wp-json\/wp\/v2\/media\/5088"}],"wp:attachment":[{"href":"https:\/\/koningdrone.be\/de\/wp-json\/wp\/v2\/media?parent=5092"}],"wp:term":[{"taxonomy":"product_brand","embeddable":true,"href":"https:\/\/koningdrone.be\/de\/wp-json\/wp\/v2\/product_brand?post=5092"},{"taxonomy":"product_cat","embeddable":true,"href":"https:\/\/koningdrone.be\/de\/wp-json\/wp\/v2\/product_cat?post=5092"},{"taxonomy":"product_tag","embeddable":true,"href":"https:\/\/koningdrone.be\/de\/wp-json\/wp\/v2\/product_tag?post=5092"}],"curies":[{"name":"wp","href":"https:\/\/api.w.org\/{rel}","templated":true}]}}