{"id":5077,"date":"2023-03-08T09:20:34","date_gmt":"2023-03-08T08:20:34","guid":{"rendered":"https:\/\/koningdrone.nl\/kon\/product\/bluetti-eb55-solar-power-station\/"},"modified":"2026-04-29T06:10:38","modified_gmt":"2026-04-29T04:10:38","slug":"bluetti-eb55-solar-power-station","status":"publish","type":"product","link":"https:\/\/koningdrone.be\/de\/produkt\/bluetti-eb55-solar-power-station\/","title":{"rendered":"Bluetti EB55 Solarkraftwerk"},"content":{"rendered":"<p><strong>BLUETTI EB55 Solarkraftwerk<\/strong><\/p>\n<p>Die BLUETTI EB55 Solar Power Station ist der perfekte Begleiter f\u00fcr alle Ihre Outdoor-Abenteuer. Mit ihrem kompakten und leichten Design ist diese tragbare Stromstation ideal f\u00fcr den Einsatz in Wohnmobilen oder auf Campingreisen. Mit einer Kapazit\u00e4t von 537Wh und einem eingebauten 700W (Spitzenleistung 1400W) Wechselrichter kann die EB55 all Ihre wichtigen Outdoor-Ger\u00e4te und Elektronik, einschlie\u00dflich Mobiltelefone, Mini-Gefrierschr\u00e4nke, Radios, Projektoren und mehr, mit Strom versorgen.<\/p>\n<p><strong>Vielseitige Leistungsoptionen<\/strong><\/p>\n<p>Das EB55 verf\u00fcgt \u00fcber mehrere Gleich- und Wechselstromausg\u00e4nge, so dass es 11 Ger\u00e4te gleichzeitig mit Strom versorgen kann, vom Smartphone bis zum Mini-K\u00fchlschrank, und hat sogar eine drahtlose Ladestation. Dank des kompakten Designs und des praktischen Griffs l\u00e4sst sich dieses Kraftpaket leicht transportieren und ist somit die ideale L\u00f6sung f\u00fcr Reisen im Freien. Dar\u00fcber hinaus unterst\u00fctzt das EB55 4 Ladem\u00f6glichkeiten, einschlie\u00dflich Steckdose, Generator, Steckdose im Auto und Solarzellen.<\/p>\n<p><strong>Immer Strom, wo immer Sie sind<\/strong><\/p>\n<p>Mit dem BLUETTI EB55 m\u00fcssen Sie sich bei Ihren Outdoor-Abenteuern nie wieder Sorgen um eine leere Batterie machen. Dieses Kraftpaket ist vielseitig, tragbar und bietet un\u00fcbertroffene Leistung f\u00fcr alle Ihre elektronischen Ger\u00e4te, egal ob Sie campen, in die Natur gehen oder einfach nur zus\u00e4tzliche Energie f\u00fcr verschiedene Gelegenheiten ben\u00f6tigen.<\/p>\n<p><\/p>","protected":false},"excerpt":{"rendered":"<ul>\n<li>700 W AC reiner Sinus-Wechselrichter (1.400 W \u00dcberspannung)<\/li>\n<li>537 Wh PREMIUM LiFePO4 BATTERIE<\/li>\n<li>LiFePO4-Akku mit mehr als 2.500 Lebenszyklen zu 80%<\/li>\n<li>11 Ausg\u00e4nge f\u00fcr mehrere Ger\u00e4te<\/li>\n<li>6 Ladem\u00f6glichkeiten (AC\/Solar\/Auto\/Generator\/AC+Solar\/Dual AC)<\/li>\n<li>Max. 200 W. Solareinspeisung<\/li>\n<li>400W Max. Schnelles duales Laden (gleichzeitig Solar + AC-Adapter)<\/li>\n<li>Umweltfreundlich\/Gasfrei\/Leise\/Kostensparend<\/li>\n<\/ul>","protected":false},"featured_media":5073,"template":"","meta":{"_acf_changed":false},"product_brand":[],"product_cat":[454,97,829,415,628],"product_tag":[],"class_list":{"0":"post-5077","1":"product","2":"type-product","3":"status-publish","4":"has-post-thumbnail","6":"product_cat-alle-powerstations","7":"product_cat-alle-producten","8":"product_cat-bluetti","9":"product_cat-energy","10":"product_cat-powerstations","11":"product_shipping_class-outofstock","12":"pa_afmetingen-27-8-x-20-x-19-8cm","13":"pa_brand-bluetti","14":"pa_capaciteit-537wh","15":"pa_gewicht-7-5-kg","16":"pa_input-dc-ac-adapter-maximaal-200-w-zonne-input-maximaal-200-w-voc-12-28-v-8-a-auto-invoer-12-24v-vanaf-sigarettenaanstekerpoort-maximale-invoer400-w-met-aczonne-ingang","17":"pa_materiaal-kunststof","18":"pa_oplaadtijd-via-ac-3-4-uur","19":"pa_output-230-v-4-x-120v-20a-ac-outputs-700w-totaal","20":"pa_output-dc-2-x-12v-10a-dc5521-1-x-12v-10a-car-outlet","21":"pa_output-usb-usb-c-port-1-x-100w-max-usb-a-port-4-x-5v-3a-wireless-charging-pad-1-x-15w-max","22":"pa_productfamily-power-station","23":"pa_producttype-power-station","24":"pa_type-batterij-lifepo4","26":"first","27":"outofstock","28":"taxable","29":"shipping-taxable","30":"product-type-simple"},"acf":[],"yoast_head":"<!-- This site is optimized with the Yoast SEO Premium plugin v27.2 (Yoast SEO v27.2) - https:\/\/yoast.com\/product\/yoast-seo-premium-wordpress\/ -->\n<title>Bluetti EB55 Solar Power Station - koningdrone.be<\/title>\n<meta name=\"robots\" content=\"index, follow, max-snippet:-1, max-image-preview:large, max-video-preview:-1\" \/>\n<link rel=\"canonical\" href=\"https:\/\/koningdrone.be\/de\/produkt\/bluetti-eb55-solar-power-station\/\" \/>\n<meta property=\"og:locale\" content=\"de_DE\" \/>\n<meta property=\"og:type\" content=\"article\" \/>\n<meta property=\"og:title\" content=\"Bluetti EB55 Solar Power Station\" \/>\n<meta property=\"og:description\" content=\"700 W AC zuivere sinusomvormer (1.400 W overspanning)537 Wh PREMIUM LiFePO4 BATTERIJLiFePO4-batterij met meer dan 2.500 levenscycli tot 80%11 uitgangen voor meerdere apparaten6 manieren om op te laden (AC\/Zonne-energie\/Auto\/Generator\/AC+Zonne-energie\/Dual AC)Max. 200 W. Zonne-invoer400W Max. Snel dubbel opladen (gelijktijdig op zonne-energie + AC-adapter)Milieuvriendelijk\/gasvrij\/stil\/kostenbesparend\" \/>\n<meta property=\"og:url\" content=\"https:\/\/koningdrone.be\/de\/produkt\/bluetti-eb55-solar-power-station\/\" \/>\n<meta property=\"og:site_name\" content=\"koningdrone.be\" \/>\n<meta property=\"article:modified_time\" content=\"2026-04-29T04:10:38+00:00\" \/>\n<meta property=\"og:image\" content=\"https:\/\/koningdrone.be\/wp-content\/uploads\/sites\/13\/2025\/04\/6970991290275-1.webp\" \/>\n\t<meta property=\"og:image:width\" content=\"750\" \/>\n\t<meta property=\"og:image:height\" content=\"750\" \/>\n\t<meta property=\"og:image:type\" content=\"image\/webp\" \/>\n<meta name=\"twitter:card\" content=\"summary_large_image\" \/>\n<meta name=\"twitter:label1\" content=\"Gesch\u00e4tzte Lesezeit\" \/>\n\t<meta name=\"twitter:data1\" content=\"1\u00a0Minute\" \/>\n<script type=\"application\/ld+json\" class=\"yoast-schema-graph\">{\"@context\":\"https:\/\/schema.org\",\"@graph\":[{\"@type\":\"WebPage\",\"@id\":\"https:\/\/koningdrone.be\/product\/bluetti-eb55-solar-power-station\/\",\"url\":\"https:\/\/koningdrone.be\/product\/bluetti-eb55-solar-power-station\/\",\"name\":\"Bluetti EB55 Solar Power Station - koningdrone.be\",\"isPartOf\":{\"@id\":\"https:\/\/koningdrone.be\/#website\"},\"primaryImageOfPage\":{\"@id\":\"https:\/\/koningdrone.be\/product\/bluetti-eb55-solar-power-station\/#primaryimage\"},\"image\":{\"@id\":\"https:\/\/koningdrone.be\/product\/bluetti-eb55-solar-power-station\/#primaryimage\"},\"thumbnailUrl\":\"https:\/\/koningdrone.be\/wp-content\/uploads\/sites\/13\/2025\/04\/6970991290275-1.webp\",\"datePublished\":\"2023-03-08T08:20:34+00:00\",\"dateModified\":\"2026-04-29T04:10:38+00:00\",\"breadcrumb\":{\"@id\":\"https:\/\/koningdrone.be\/product\/bluetti-eb55-solar-power-station\/#breadcrumb\"},\"inLanguage\":\"de\",\"potentialAction\":[{\"@type\":\"ReadAction\",\"target\":[\"https:\/\/koningdrone.be\/product\/bluetti-eb55-solar-power-station\/\"]}]},{\"@type\":\"ImageObject\",\"inLanguage\":\"de\",\"@id\":\"https:\/\/koningdrone.be\/product\/bluetti-eb55-solar-power-station\/#primaryimage\",\"url\":\"https:\/\/koningdrone.be\/wp-content\/uploads\/sites\/13\/2025\/04\/6970991290275-1.webp\",\"contentUrl\":\"https:\/\/koningdrone.be\/wp-content\/uploads\/sites\/13\/2025\/04\/6970991290275-1.webp\",\"width\":750,\"height\":750},{\"@type\":\"BreadcrumbList\",\"@id\":\"https:\/\/koningdrone.be\/product\/bluetti-eb55-solar-power-station\/#breadcrumb\",\"itemListElement\":[{\"@type\":\"ListItem\",\"position\":1,\"name\":\"Home\",\"item\":\"https:\/\/koningdrone.be\/\"},{\"@type\":\"ListItem\",\"position\":2,\"name\":\"AVSS Parachute Recovery System for DJI Matrice 300\/350\",\"item\":\"https:\/\/koningdrone.be\/product\/avss-parachute-recovery-system-for-dji-matrice-300-350\/\"},{\"@type\":\"ListItem\",\"position\":3,\"name\":\"Alle powerstations\",\"item\":\"https:\/\/koningdrone.be\/categorie\/alle-powerstations\/\"},{\"@type\":\"ListItem\",\"position\":4,\"name\":\"Bluetti EB55 Solar Power Station\"}]},{\"@type\":\"WebSite\",\"@id\":\"https:\/\/koningdrone.be\/#website\",\"url\":\"https:\/\/koningdrone.be\/\",\"name\":\"Koningdrone.be - Uw online specialist in drones, gimbals, camera's en power stations.\",\"description\":\"De webshop in drones en gimbals\",\"publisher\":{\"@id\":\"https:\/\/koningdrone.be\/#organization\"},\"potentialAction\":[{\"@type\":\"SearchAction\",\"target\":{\"@type\":\"EntryPoint\",\"urlTemplate\":\"https:\/\/koningdrone.be\/?s={search_term_string}\"},\"query-input\":{\"@type\":\"PropertyValueSpecification\",\"valueRequired\":true,\"valueName\":\"search_term_string\"}}],\"inLanguage\":\"de\"},{\"@type\":\"Organization\",\"@id\":\"https:\/\/koningdrone.be\/#organization\",\"name\":\"Koningdrone.be\",\"url\":\"https:\/\/koningdrone.be\/\",\"logo\":{\"@type\":\"ImageObject\",\"inLanguage\":\"de\",\"@id\":\"https:\/\/koningdrone.be\/#\/schema\/logo\/image\/\",\"url\":\"https:\/\/koningdrone.be\/wp-content\/uploads\/sites\/13\/2025\/04\/koningdrone-copyright-logo.svg\",\"contentUrl\":\"https:\/\/koningdrone.be\/wp-content\/uploads\/sites\/13\/2025\/04\/koningdrone-copyright-logo.svg\",\"width\":227,\"height\":38,\"caption\":\"Koningdrone.be\"},\"image\":{\"@id\":\"https:\/\/koningdrone.be\/#\/schema\/logo\/image\/\"}}]}<\/script>\n<!-- \/ Yoast SEO Premium plugin. -->","yoast_head_json":{"title":"Bluetti EB55 Solar Power Station - koningdrone.be","robots":{"index":"index","follow":"follow","max-snippet":"max-snippet:-1","max-image-preview":"max-image-preview:large","max-video-preview":"max-video-preview:-1"},"canonical":"https:\/\/koningdrone.be\/de\/produkt\/bluetti-eb55-solar-power-station\/","og_locale":"de_DE","og_type":"article","og_title":"Bluetti EB55 Solar Power Station","og_description":"700 W AC zuivere sinusomvormer (1.400 W overspanning)537 Wh PREMIUM LiFePO4 BATTERIJLiFePO4-batterij met meer dan 2.500 levenscycli tot 80%11 uitgangen voor meerdere apparaten6 manieren om op te laden (AC\/Zonne-energie\/Auto\/Generator\/AC+Zonne-energie\/Dual AC)Max. 200 W. Zonne-invoer400W Max. Snel dubbel opladen (gelijktijdig op zonne-energie + AC-adapter)Milieuvriendelijk\/gasvrij\/stil\/kostenbesparend","og_url":"https:\/\/koningdrone.be\/de\/produkt\/bluetti-eb55-solar-power-station\/","og_site_name":"koningdrone.be","article_modified_time":"2026-04-29T04:10:38+00:00","og_image":[{"width":750,"height":750,"url":"https:\/\/koningdrone.be\/wp-content\/uploads\/sites\/13\/2025\/04\/6970991290275-1.webp","type":"image\/webp"}],"twitter_card":"summary_large_image","twitter_misc":{"Gesch\u00e4tzte Lesezeit":"1\u00a0Minute"},"schema":{"@context":"https:\/\/schema.org","@graph":[{"@type":"WebPage","@id":"https:\/\/koningdrone.be\/product\/bluetti-eb55-solar-power-station\/","url":"https:\/\/koningdrone.be\/product\/bluetti-eb55-solar-power-station\/","name":"Bluetti EB55 Solar Power Station - koningdrone.be","isPartOf":{"@id":"https:\/\/koningdrone.be\/#website"},"primaryImageOfPage":{"@id":"https:\/\/koningdrone.be\/product\/bluetti-eb55-solar-power-station\/#primaryimage"},"image":{"@id":"https:\/\/koningdrone.be\/product\/bluetti-eb55-solar-power-station\/#primaryimage"},"thumbnailUrl":"https:\/\/koningdrone.be\/wp-content\/uploads\/sites\/13\/2025\/04\/6970991290275-1.webp","datePublished":"2023-03-08T08:20:34+00:00","dateModified":"2026-04-29T04:10:38+00:00","breadcrumb":{"@id":"https:\/\/koningdrone.be\/product\/bluetti-eb55-solar-power-station\/#breadcrumb"},"inLanguage":"de","potentialAction":[{"@type":"ReadAction","target":["https:\/\/koningdrone.be\/product\/bluetti-eb55-solar-power-station\/"]}]},{"@type":"ImageObject","inLanguage":"de","@id":"https:\/\/koningdrone.be\/product\/bluetti-eb55-solar-power-station\/#primaryimage","url":"https:\/\/koningdrone.be\/wp-content\/uploads\/sites\/13\/2025\/04\/6970991290275-1.webp","contentUrl":"https:\/\/koningdrone.be\/wp-content\/uploads\/sites\/13\/2025\/04\/6970991290275-1.webp","width":750,"height":750},{"@type":"BreadcrumbList","@id":"https:\/\/koningdrone.be\/product\/bluetti-eb55-solar-power-station\/#breadcrumb","itemListElement":[{"@type":"ListItem","position":1,"name":"Home","item":"https:\/\/koningdrone.be\/"},{"@type":"ListItem","position":2,"name":"AVSS Parachute Recovery System for DJI Matrice 300\/350","item":"https:\/\/koningdrone.be\/product\/avss-parachute-recovery-system-for-dji-matrice-300-350\/"},{"@type":"ListItem","position":3,"name":"Alle powerstations","item":"https:\/\/koningdrone.be\/categorie\/alle-powerstations\/"},{"@type":"ListItem","position":4,"name":"Bluetti EB55 Solar Power Station"}]},{"@type":"WebSite","@id":"https:\/\/koningdrone.be\/#website","url":"https:\/\/koningdrone.be\/","name":"Koningdrone.be - Ihr Online-Spezialist f\u00fcr Drohnen, Gimbals, Kameras und Kraftwerke.","description":"Der Webshop f\u00fcr Drohnen und Gimbals","publisher":{"@id":"https:\/\/koningdrone.be\/#organization"},"potentialAction":[{"@type":"SearchAction","target":{"@type":"EntryPoint","urlTemplate":"https:\/\/koningdrone.be\/?s={search_term_string}"},"query-input":{"@type":"PropertyValueSpecification","valueRequired":true,"valueName":"search_term_string"}}],"inLanguage":"de"},{"@type":"Organization","@id":"https:\/\/koningdrone.be\/#organization","name":"Kingdrone.de","url":"https:\/\/koningdrone.be\/","logo":{"@type":"ImageObject","inLanguage":"de","@id":"https:\/\/koningdrone.be\/#\/schema\/logo\/image\/","url":"https:\/\/koningdrone.be\/wp-content\/uploads\/sites\/13\/2025\/04\/koningdrone-copyright-logo.svg","contentUrl":"https:\/\/koningdrone.be\/wp-content\/uploads\/sites\/13\/2025\/04\/koningdrone-copyright-logo.svg","width":227,"height":38,"caption":"Koningdrone.be"},"image":{"@id":"https:\/\/koningdrone.be\/#\/schema\/logo\/image\/"}}]}},"df_price":"","df_sale_price":"","df_regular_price":"","df_image_link":"https:\/\/koningdrone.be\/wp-content\/uploads\/sites\/13\/2025\/04\/6970991290275-1-300x300.webp","_links":{"self":[{"href":"https:\/\/koningdrone.be\/de\/wp-json\/wp\/v2\/product\/5077","targetHints":{"allow":["GET"]}}],"collection":[{"href":"https:\/\/koningdrone.be\/de\/wp-json\/wp\/v2\/product"}],"about":[{"href":"https:\/\/koningdrone.be\/de\/wp-json\/wp\/v2\/types\/product"}],"wp:featuredmedia":[{"embeddable":true,"href":"https:\/\/koningdrone.be\/de\/wp-json\/wp\/v2\/media\/5073"}],"wp:attachment":[{"href":"https:\/\/koningdrone.be\/de\/wp-json\/wp\/v2\/media?parent=5077"}],"wp:term":[{"taxonomy":"product_brand","embeddable":true,"href":"https:\/\/koningdrone.be\/de\/wp-json\/wp\/v2\/product_brand?post=5077"},{"taxonomy":"product_cat","embeddable":true,"href":"https:\/\/koningdrone.be\/de\/wp-json\/wp\/v2\/product_cat?post=5077"},{"taxonomy":"product_tag","embeddable":true,"href":"https:\/\/koningdrone.be\/de\/wp-json\/wp\/v2\/product_tag?post=5077"}],"curies":[{"name":"wp","href":"https:\/\/api.w.org\/{rel}","templated":true}]}}