{"id":5068,"date":"2023-03-08T09:20:34","date_gmt":"2023-03-08T08:20:34","guid":{"rendered":"https:\/\/koningdrone.nl\/kon\/product\/bluetti-b230-expansion-battery\/"},"modified":"2025-05-20T14:34:15","modified_gmt":"2025-05-20T12:34:15","slug":"bluetti-b230-expansion-battery","status":"publish","type":"product","link":"https:\/\/koningdrone.be\/de\/produkt\/bluetti-b230-expansion-battery\/","title":{"rendered":"Bluetti B230 Erweiterungsakku"},"content":{"rendered":"<p><strong>Produktbeschreibung BLUETTI B230 Erweiterungsakku<\/strong><\/p>\n<p>Die BLUETTI B230 Erweiterungsbatterie ist die L\u00f6sung f\u00fcr alle Ihre Strombed\u00fcrfnisse. Mit einer Kapazit\u00e4t von 2048 Wh stellt dieser Akku sicher, dass Sie jederzeit und \u00fcberall Strom haben, dank der Unterst\u00fctzung von Solar-, AC-, Auto- und Bleibatterieladung (*D050S erforderlich f\u00fcr Auto- und Bleibatterieladung). Dar\u00fcber hinaus verf\u00fcgt die B230 \u00fcber mehrere praktische Anschl\u00fcsse, darunter einen 100-W-USB-C-, einen 12V\/10A-Zigarettenanz\u00fcnder- und einen 18-W-USB-A-Ausgang, \u00fcber die Sie alle Ihre Ger\u00e4te wie Smartphones, Laptops, Kameras, Ventilatoren und Lampen aufladen k\u00f6nnen.<\/p>\n<p><strong>Langlebigkeit und Kompatibilit\u00e4t<\/strong><\/p>\n<p>Mit mehr als 3.500 Lebenszyklen und hochwertigen LFP-Zellen bietet das B230 eine Originalkapazit\u00e4t von bis zu 80%, was zu einer l\u00e4ngeren Lebensdauer Ihrer Ger\u00e4te f\u00fchrt. Dar\u00fcber hinaus ist die B230 kompatibel mit der BLUETTI AC200MAX f\u00fcr noch mehr Kapazit\u00e4t. Egal, ob Sie ein Backup f\u00fcr zu Hause oder eine Powerbank f\u00fcr unterwegs suchen, die tragbare und sichere Einheit AC200MAX + B230 bietet die L\u00f6sung. Mit einer Vielzahl von Funktionen k\u00f6nnen diese Ger\u00e4te als Backup oder Stromversorgung zu Hause oder auf dem Campingplatz dienen.<\/p>\n<p><strong>Vielseitigkeit und Komfort<\/strong><\/p>\n<p>Kurz gesagt, mit der BLUETTI B230 Erweiterungsbatterie sind Sie nie wieder ohne Strom und k\u00f6nnen Ihren Strombedarf \u00fcberall und jederzeit decken. Eine passende L\u00f6sung f\u00fcr viele Gelegenheiten!<\/p>\n<p><\/p>","protected":false},"excerpt":{"rendered":"<ul>\n<li>B230 mit einer Kapazit\u00e4t von 2048Wh.<\/li>\n<li>Ein 100W USB-C, ein 12V\/10A Autoausgang und ein USB-A Anschluss.<\/li>\n<li>Vielseitige Stromeing\u00e4nge sorgen daf\u00fcr, dass Sie \u00fcberall aufladen k\u00f6nnen, wo Sie gerade sind.<\/li>\n<li>Solarladung, Autoladung und Blei-S\u00e4ure-Batterien m\u00fcssen \u00fcber D050S realisiert werden<\/li>\n<\/ul>","protected":false},"featured_media":5064,"template":"","meta":{"_acf_changed":false},"product_brand":[],"product_cat":[113,97,829,415,628],"product_tag":[],"class_list":{"0":"post-5068","1":"product","2":"type-product","3":"status-publish","4":"has-post-thumbnail","6":"product_cat-alle-batterijen","7":"product_cat-alle-producten","8":"product_cat-bluetti","9":"product_cat-energy","10":"product_cat-powerstations","11":"pa_afmetingen-420-x-280-x-227-5-mm","12":"pa_brand-bluetti","13":"pa_capaciteit-2048-wh","14":"pa_gewicht-21-8kg","15":"pa_materiaal-kunststof","16":"pa_productfamily-extra-batterij","17":"pa_producttype-extra-batterij","19":"first","20":"outofstock","21":"taxable","22":"shipping-taxable","23":"product-type-simple"},"acf":[],"yoast_head":"<!-- This site is optimized with the Yoast SEO Premium plugin v27.2 (Yoast SEO v27.2) - https:\/\/yoast.com\/product\/yoast-seo-premium-wordpress\/ -->\n<title>Bluetti B230 Expansion Battery - koningdrone.be<\/title>\n<meta name=\"robots\" content=\"index, follow, max-snippet:-1, max-image-preview:large, max-video-preview:-1\" \/>\n<link rel=\"canonical\" href=\"https:\/\/koningdrone.be\/de\/produkt\/bluetti-b230-expansion-battery\/\" \/>\n<meta property=\"og:locale\" content=\"de_DE\" \/>\n<meta property=\"og:type\" content=\"article\" \/>\n<meta property=\"og:title\" content=\"Bluetti B230 Expansion Battery\" \/>\n<meta property=\"og:description\" content=\"B230 uitgerust met 2048Wh capaciteit.E\u00e9n 100W USB-C, een 12V\/10A auto-uitgang en een USB-A-poort.Veelzijdige voedingsingangen zorgen ervoor dat u kunt opladen, waar u ook bent.Opladen via zonne-energie, autoladen en loodzuuraccu&#039;s moeten via D050S gerealiseerd worden\" \/>\n<meta property=\"og:url\" content=\"https:\/\/koningdrone.be\/de\/produkt\/bluetti-b230-expansion-battery\/\" \/>\n<meta property=\"og:site_name\" content=\"koningdrone.be\" \/>\n<meta property=\"article:modified_time\" content=\"2025-05-20T12:34:15+00:00\" \/>\n<meta property=\"og:image\" content=\"https:\/\/koningdrone.be\/wp-content\/uploads\/sites\/13\/2025\/04\/6970991290473-1.webp\" \/>\n\t<meta property=\"og:image:width\" content=\"750\" \/>\n\t<meta property=\"og:image:height\" content=\"750\" \/>\n\t<meta property=\"og:image:type\" content=\"image\/webp\" \/>\n<meta name=\"twitter:card\" content=\"summary_large_image\" \/>\n<meta name=\"twitter:label1\" content=\"Gesch\u00e4tzte Lesezeit\" \/>\n\t<meta name=\"twitter:data1\" content=\"1\u00a0Minute\" \/>\n<script type=\"application\/ld+json\" class=\"yoast-schema-graph\">{\"@context\":\"https:\/\/schema.org\",\"@graph\":[{\"@type\":\"WebPage\",\"@id\":\"https:\/\/koningdrone.be\/product\/bluetti-b230-expansion-battery\/\",\"url\":\"https:\/\/koningdrone.be\/product\/bluetti-b230-expansion-battery\/\",\"name\":\"Bluetti B230 Expansion Battery - koningdrone.be\",\"isPartOf\":{\"@id\":\"https:\/\/koningdrone.be\/#website\"},\"primaryImageOfPage\":{\"@id\":\"https:\/\/koningdrone.be\/product\/bluetti-b230-expansion-battery\/#primaryimage\"},\"image\":{\"@id\":\"https:\/\/koningdrone.be\/product\/bluetti-b230-expansion-battery\/#primaryimage\"},\"thumbnailUrl\":\"https:\/\/koningdrone.be\/wp-content\/uploads\/sites\/13\/2025\/04\/6970991290473-1.webp\",\"datePublished\":\"2023-03-08T08:20:34+00:00\",\"dateModified\":\"2025-05-20T12:34:15+00:00\",\"breadcrumb\":{\"@id\":\"https:\/\/koningdrone.be\/product\/bluetti-b230-expansion-battery\/#breadcrumb\"},\"inLanguage\":\"de\",\"potentialAction\":[{\"@type\":\"ReadAction\",\"target\":[\"https:\/\/koningdrone.be\/product\/bluetti-b230-expansion-battery\/\"]}]},{\"@type\":\"ImageObject\",\"inLanguage\":\"de\",\"@id\":\"https:\/\/koningdrone.be\/product\/bluetti-b230-expansion-battery\/#primaryimage\",\"url\":\"https:\/\/koningdrone.be\/wp-content\/uploads\/sites\/13\/2025\/04\/6970991290473-1.webp\",\"contentUrl\":\"https:\/\/koningdrone.be\/wp-content\/uploads\/sites\/13\/2025\/04\/6970991290473-1.webp\",\"width\":750,\"height\":750},{\"@type\":\"BreadcrumbList\",\"@id\":\"https:\/\/koningdrone.be\/product\/bluetti-b230-expansion-battery\/#breadcrumb\",\"itemListElement\":[{\"@type\":\"ListItem\",\"position\":1,\"name\":\"Home\",\"item\":\"https:\/\/koningdrone.be\/\"},{\"@type\":\"ListItem\",\"position\":2,\"name\":\"AVSS Parachute Recovery System for DJI Matrice 300\/350\",\"item\":\"https:\/\/koningdrone.be\/product\/avss-parachute-recovery-system-for-dji-matrice-300-350\/\"},{\"@type\":\"ListItem\",\"position\":3,\"name\":\"Alle batterijen\",\"item\":\"https:\/\/koningdrone.be\/categorie\/alle-batterijen\/\"},{\"@type\":\"ListItem\",\"position\":4,\"name\":\"Bluetti B230 Expansion Battery\"}]},{\"@type\":\"WebSite\",\"@id\":\"https:\/\/koningdrone.be\/#website\",\"url\":\"https:\/\/koningdrone.be\/\",\"name\":\"Koningdrone.be - Uw online specialist in drones, gimbals, camera's en power stations.\",\"description\":\"De webshop in drones en gimbals\",\"publisher\":{\"@id\":\"https:\/\/koningdrone.be\/#organization\"},\"potentialAction\":[{\"@type\":\"SearchAction\",\"target\":{\"@type\":\"EntryPoint\",\"urlTemplate\":\"https:\/\/koningdrone.be\/?s={search_term_string}\"},\"query-input\":{\"@type\":\"PropertyValueSpecification\",\"valueRequired\":true,\"valueName\":\"search_term_string\"}}],\"inLanguage\":\"de\"},{\"@type\":\"Organization\",\"@id\":\"https:\/\/koningdrone.be\/#organization\",\"name\":\"Koningdrone.be\",\"url\":\"https:\/\/koningdrone.be\/\",\"logo\":{\"@type\":\"ImageObject\",\"inLanguage\":\"de\",\"@id\":\"https:\/\/koningdrone.be\/#\/schema\/logo\/image\/\",\"url\":\"https:\/\/koningdrone.be\/wp-content\/uploads\/sites\/13\/2025\/04\/koningdrone-copyright-logo.svg\",\"contentUrl\":\"https:\/\/koningdrone.be\/wp-content\/uploads\/sites\/13\/2025\/04\/koningdrone-copyright-logo.svg\",\"width\":227,\"height\":38,\"caption\":\"Koningdrone.be\"},\"image\":{\"@id\":\"https:\/\/koningdrone.be\/#\/schema\/logo\/image\/\"}}]}<\/script>\n<!-- \/ Yoast SEO Premium plugin. -->","yoast_head_json":{"title":"Bluetti B230 Expansion Battery - koningdrone.be","robots":{"index":"index","follow":"follow","max-snippet":"max-snippet:-1","max-image-preview":"max-image-preview:large","max-video-preview":"max-video-preview:-1"},"canonical":"https:\/\/koningdrone.be\/de\/produkt\/bluetti-b230-expansion-battery\/","og_locale":"de_DE","og_type":"article","og_title":"Bluetti B230 Expansion Battery","og_description":"B230 uitgerust met 2048Wh capaciteit.E\u00e9n 100W USB-C, een 12V\/10A auto-uitgang en een USB-A-poort.Veelzijdige voedingsingangen zorgen ervoor dat u kunt opladen, waar u ook bent.Opladen via zonne-energie, autoladen en loodzuuraccu's moeten via D050S gerealiseerd worden","og_url":"https:\/\/koningdrone.be\/de\/produkt\/bluetti-b230-expansion-battery\/","og_site_name":"koningdrone.be","article_modified_time":"2025-05-20T12:34:15+00:00","og_image":[{"width":750,"height":750,"url":"https:\/\/koningdrone.be\/wp-content\/uploads\/sites\/13\/2025\/04\/6970991290473-1.webp","type":"image\/webp"}],"twitter_card":"summary_large_image","twitter_misc":{"Gesch\u00e4tzte Lesezeit":"1\u00a0Minute"},"schema":{"@context":"https:\/\/schema.org","@graph":[{"@type":"WebPage","@id":"https:\/\/koningdrone.be\/product\/bluetti-b230-expansion-battery\/","url":"https:\/\/koningdrone.be\/product\/bluetti-b230-expansion-battery\/","name":"Bluetti B230 Expansion Battery - koningdrone.be","isPartOf":{"@id":"https:\/\/koningdrone.be\/#website"},"primaryImageOfPage":{"@id":"https:\/\/koningdrone.be\/product\/bluetti-b230-expansion-battery\/#primaryimage"},"image":{"@id":"https:\/\/koningdrone.be\/product\/bluetti-b230-expansion-battery\/#primaryimage"},"thumbnailUrl":"https:\/\/koningdrone.be\/wp-content\/uploads\/sites\/13\/2025\/04\/6970991290473-1.webp","datePublished":"2023-03-08T08:20:34+00:00","dateModified":"2025-05-20T12:34:15+00:00","breadcrumb":{"@id":"https:\/\/koningdrone.be\/product\/bluetti-b230-expansion-battery\/#breadcrumb"},"inLanguage":"de","potentialAction":[{"@type":"ReadAction","target":["https:\/\/koningdrone.be\/product\/bluetti-b230-expansion-battery\/"]}]},{"@type":"ImageObject","inLanguage":"de","@id":"https:\/\/koningdrone.be\/product\/bluetti-b230-expansion-battery\/#primaryimage","url":"https:\/\/koningdrone.be\/wp-content\/uploads\/sites\/13\/2025\/04\/6970991290473-1.webp","contentUrl":"https:\/\/koningdrone.be\/wp-content\/uploads\/sites\/13\/2025\/04\/6970991290473-1.webp","width":750,"height":750},{"@type":"BreadcrumbList","@id":"https:\/\/koningdrone.be\/product\/bluetti-b230-expansion-battery\/#breadcrumb","itemListElement":[{"@type":"ListItem","position":1,"name":"Home","item":"https:\/\/koningdrone.be\/"},{"@type":"ListItem","position":2,"name":"AVSS Parachute Recovery System for DJI Matrice 300\/350","item":"https:\/\/koningdrone.be\/product\/avss-parachute-recovery-system-for-dji-matrice-300-350\/"},{"@type":"ListItem","position":3,"name":"Alle batterijen","item":"https:\/\/koningdrone.be\/categorie\/alle-batterijen\/"},{"@type":"ListItem","position":4,"name":"Bluetti B230 Expansion Battery"}]},{"@type":"WebSite","@id":"https:\/\/koningdrone.be\/#website","url":"https:\/\/koningdrone.be\/","name":"Koningdrone.be - Ihr Online-Spezialist f\u00fcr Drohnen, Gimbals, Kameras und Kraftwerke.","description":"Der Webshop f\u00fcr Drohnen und Gimbals","publisher":{"@id":"https:\/\/koningdrone.be\/#organization"},"potentialAction":[{"@type":"SearchAction","target":{"@type":"EntryPoint","urlTemplate":"https:\/\/koningdrone.be\/?s={search_term_string}"},"query-input":{"@type":"PropertyValueSpecification","valueRequired":true,"valueName":"search_term_string"}}],"inLanguage":"de"},{"@type":"Organization","@id":"https:\/\/koningdrone.be\/#organization","name":"Kingdrone.de","url":"https:\/\/koningdrone.be\/","logo":{"@type":"ImageObject","inLanguage":"de","@id":"https:\/\/koningdrone.be\/#\/schema\/logo\/image\/","url":"https:\/\/koningdrone.be\/wp-content\/uploads\/sites\/13\/2025\/04\/koningdrone-copyright-logo.svg","contentUrl":"https:\/\/koningdrone.be\/wp-content\/uploads\/sites\/13\/2025\/04\/koningdrone-copyright-logo.svg","width":227,"height":38,"caption":"Koningdrone.be"},"image":{"@id":"https:\/\/koningdrone.be\/#\/schema\/logo\/image\/"}}]}},"df_price":"","df_sale_price":"","df_regular_price":"","df_image_link":"https:\/\/koningdrone.be\/wp-content\/uploads\/sites\/13\/2025\/04\/6970991290473-1-300x300.webp","_links":{"self":[{"href":"https:\/\/koningdrone.be\/de\/wp-json\/wp\/v2\/product\/5068","targetHints":{"allow":["GET"]}}],"collection":[{"href":"https:\/\/koningdrone.be\/de\/wp-json\/wp\/v2\/product"}],"about":[{"href":"https:\/\/koningdrone.be\/de\/wp-json\/wp\/v2\/types\/product"}],"wp:featuredmedia":[{"embeddable":true,"href":"https:\/\/koningdrone.be\/de\/wp-json\/wp\/v2\/media\/5064"}],"wp:attachment":[{"href":"https:\/\/koningdrone.be\/de\/wp-json\/wp\/v2\/media?parent=5068"}],"wp:term":[{"taxonomy":"product_brand","embeddable":true,"href":"https:\/\/koningdrone.be\/de\/wp-json\/wp\/v2\/product_brand?post=5068"},{"taxonomy":"product_cat","embeddable":true,"href":"https:\/\/koningdrone.be\/de\/wp-json\/wp\/v2\/product_cat?post=5068"},{"taxonomy":"product_tag","embeddable":true,"href":"https:\/\/koningdrone.be\/de\/wp-json\/wp\/v2\/product_tag?post=5068"}],"curies":[{"name":"wp","href":"https:\/\/api.w.org\/{rel}","templated":true}]}}