{"id":5063,"date":"2023-03-08T09:21:08","date_gmt":"2023-03-08T08:21:08","guid":{"rendered":"https:\/\/koningdrone.nl\/kon\/product\/bluetti-cable-connexion-parallel\/"},"modified":"2025-05-20T14:33:30","modified_gmt":"2025-05-20T12:33:30","slug":"bluetti-cable-connexion-parallel","status":"publish","type":"product","link":"https:\/\/koningdrone.be\/de\/produkt\/bluetti-cable-connexion-parallel\/","title":{"rendered":"Bluetti Kabelanschluss parallel"},"content":{"rendered":"<p>Das Bluetti Cable Connexion Parallel ist die perfekte L\u00f6sung f\u00fcr den Anschluss verschiedener externer Akkupacks an Ihre Bluetti Kraftstationen. Mit verschiedenen Steckern wie P090D zu DC7909, P090D zu XT90, P090D zu MC4 und P090D zu P150D k\u00f6nnen Sie m\u00fchelos EB120\/EB150\/EB180\/EB240, AC200\/AC200P, EP500 Pro und AC500 Modelle verbinden. Diese Kabel wurden speziell entwickelt, um Kompatibilit\u00e4t und nahtlose Konnektivit\u00e4t zu gew\u00e4hrleisten, so dass Sie das Beste aus Ihrem Bluetti-Kraftwerk herausholen k\u00f6nnen. Nutzen Sie die Vorteile dieser Kabel, um Ihre Kraftwerke zu erweitern und mit noch mehr Leistung zu versorgen. Mit dem Bluetti Cable Connexion Parallel k\u00f6nnen Sie sicher sein, dass Sie eine zuverl\u00e4ssige und effiziente Stromversorgung f\u00fcr all Ihre Bed\u00fcrfnisse haben.<\/p>\n<p><strong>Erh\u00f6hen Sie die Kapazit\u00e4t Ihrer Kraftwerke<\/strong> <\/p>\n<p>Mit dem Bluetti Cable Connexion Parallel k\u00f6nnen Sie die Kapazit\u00e4t Ihrer Bluetti Stromstationen durch den Anschluss mehrerer externer Akkupacks ganz einfach erh\u00f6hen. Ganz gleich, ob Sie zus\u00e4tzliche Energie f\u00fcr eine l\u00e4ngere Outdoor-Aktivit\u00e4t oder f\u00fcr Notfallsituationen ben\u00f6tigen, mit diesen Kabeln k\u00f6nnen Sie Akkus einfach und effizient anschlie\u00dfen und sicherstellen, dass Sie immer \u00fcber ausreichend Energie verf\u00fcgen.<\/p>\n<p><strong>F\u00fcr Kompatibilit\u00e4t ausgelegt<\/strong> <\/p>\n<p>Diese Kabel wurden sorgf\u00e4ltig entwickelt, um eine nahtlose Verbindung und maximale Kompatibilit\u00e4t mit Bluetti-Netzteilen zu gew\u00e4hrleisten. So k\u00f6nnen Sie verschiedene Modelle nahtlos miteinander verbinden, um das Beste aus Ihrer Stromversorgung herauszuholen. Egal, ob Sie Ihre Kraftwerke f\u00fcr den Heimgebrauch oder f\u00fcr professionelle Anwendungen erweitern m\u00f6chten, das Bluetti Cable Connexion Parallel bietet Ihnen die Zuverl\u00e4ssigkeit, die Sie brauchen.<\/p>\n<p><strong>Effiziente Energieversorgung<\/strong> <\/p>\n<p>Dank der zuverl\u00e4ssigen Anschl\u00fcsse und der hochwertigen Kabel ist eine effiziente Stromversorgung f\u00fcr alle Ihre Bed\u00fcrfnisse gew\u00e4hrleistet. Egal, ob Sie elektronische Ger\u00e4te, Beleuchtung, K\u00fchlanlagen oder andere Elektroger\u00e4te mit Strom versorgen m\u00fcssen, das Bluetti Cable Connexion Parallel sorgt daf\u00fcr, dass Sie sich immer und \u00fcberall auf eine stabile und zuverl\u00e4ssige Stromversorgung verlassen k\u00f6nnen.<\/p>\n<p><strong>Schlussfolgerung<\/strong> <\/p>\n<p>Das Bluetti Cable Connexion Parallel ist eine hervorragende L\u00f6sung f\u00fcr den Anschluss externer Akkupacks an Ihre Bluetti-Anlagen. Mit dem Schwerpunkt auf Kompatibilit\u00e4t, Zuverl\u00e4ssigkeit und Effizienz sind diese Kabel eine unverzichtbare Erg\u00e4nzung f\u00fcr jeden, der nach einer umfassenden und zuverl\u00e4ssigen Stromversorgung sucht. Erg\u00e4nzen Sie Ihre Stromversorgung mit diesen Kabeln und sch\u00f6pfen Sie das volle Potenzial Ihrer Bluetti Kraftwerke aus.<\/p>\n<p><\/p>","protected":false},"excerpt":{"rendered":"<p>De Bluetti Cable Connexion Parallel is de perfecte oplossing voor het aansluiten van verschillende externe accupacks op uw Bluetti-energiecentrales. Met verschillende connectoren zoals P090D naar DC7909, P090D tot XT90, P090D naar MC4 en P090D tot P150D, kunt u moeiteloos de EB120\/EB150\/EB180\/EB240, AC200\/AC200P, EP500 Pro en AC500 modellen verbinden. Deze kabels zijn speciaal ontworpen om compatibiliteit [&hellip;]<\/p>\n","protected":false},"featured_media":5062,"template":"","meta":{"_acf_changed":false},"product_brand":[],"product_cat":[244,97,829,415,628],"product_tag":[],"class_list":{"0":"post-5063","1":"product","2":"type-product","3":"status-publish","4":"has-post-thumbnail","6":"product_cat-alle-kabels","7":"product_cat-alle-producten","8":"product_cat-bluetti","9":"product_cat-energy","10":"product_cat-powerstations","11":"pa_brand-bluetti","12":"pa_productfamily-kabel","13":"pa_producttype-kabel","15":"first","16":"outofstock","17":"taxable","18":"shipping-taxable","19":"product-type-simple"},"acf":[],"yoast_head":"<!-- This site is optimized with the Yoast SEO Premium plugin v27.2 (Yoast SEO v27.2) - https:\/\/yoast.com\/product\/yoast-seo-premium-wordpress\/ -->\n<title>Bluetti Cable Connexion Parallel - koningdrone.be<\/title>\n<meta name=\"robots\" content=\"index, follow, max-snippet:-1, max-image-preview:large, max-video-preview:-1\" \/>\n<link rel=\"canonical\" href=\"https:\/\/koningdrone.be\/de\/produkt\/bluetti-cable-connexion-parallel\/\" \/>\n<meta property=\"og:locale\" content=\"de_DE\" \/>\n<meta property=\"og:type\" content=\"article\" \/>\n<meta property=\"og:title\" content=\"Bluetti Cable Connexion Parallel\" \/>\n<meta property=\"og:description\" content=\"De Bluetti Cable Connexion Parallel is de perfecte oplossing voor het aansluiten van verschillende externe accupacks op uw Bluetti-energiecentrales. Met verschillende connectoren zoals P090D naar DC7909, P090D tot XT90, P090D naar MC4 en P090D tot P150D, kunt u moeiteloos de EB120\/EB150\/EB180\/EB240, AC200\/AC200P, EP500 Pro en AC500 modellen verbinden. Deze kabels zijn speciaal ontworpen om compatibiliteit [&hellip;]\" \/>\n<meta property=\"og:url\" content=\"https:\/\/koningdrone.be\/de\/produkt\/bluetti-cable-connexion-parallel\/\" \/>\n<meta property=\"og:site_name\" content=\"koningdrone.be\" \/>\n<meta property=\"article:modified_time\" content=\"2025-05-20T12:33:30+00:00\" \/>\n<meta property=\"og:image\" content=\"https:\/\/koningdrone.be\/wp-content\/uploads\/sites\/13\/2025\/04\/43573508309259-1.webp\" \/>\n\t<meta property=\"og:image:width\" content=\"750\" \/>\n\t<meta property=\"og:image:height\" content=\"750\" \/>\n\t<meta property=\"og:image:type\" content=\"image\/webp\" \/>\n<meta name=\"twitter:card\" content=\"summary_large_image\" \/>\n<meta name=\"twitter:label1\" content=\"Gesch\u00e4tzte Lesezeit\" \/>\n\t<meta name=\"twitter:data1\" content=\"2\u00a0Minuten\" \/>\n<script type=\"application\/ld+json\" class=\"yoast-schema-graph\">{\"@context\":\"https:\/\/schema.org\",\"@graph\":[{\"@type\":\"WebPage\",\"@id\":\"https:\/\/koningdrone.be\/product\/bluetti-cable-connexion-parallel\/\",\"url\":\"https:\/\/koningdrone.be\/product\/bluetti-cable-connexion-parallel\/\",\"name\":\"Bluetti Cable Connexion Parallel - koningdrone.be\",\"isPartOf\":{\"@id\":\"https:\/\/koningdrone.be\/#website\"},\"primaryImageOfPage\":{\"@id\":\"https:\/\/koningdrone.be\/product\/bluetti-cable-connexion-parallel\/#primaryimage\"},\"image\":{\"@id\":\"https:\/\/koningdrone.be\/product\/bluetti-cable-connexion-parallel\/#primaryimage\"},\"thumbnailUrl\":\"https:\/\/koningdrone.be\/wp-content\/uploads\/sites\/13\/2025\/04\/43573508309259-1.webp\",\"datePublished\":\"2023-03-08T08:21:08+00:00\",\"dateModified\":\"2025-05-20T12:33:30+00:00\",\"breadcrumb\":{\"@id\":\"https:\/\/koningdrone.be\/product\/bluetti-cable-connexion-parallel\/#breadcrumb\"},\"inLanguage\":\"de\",\"potentialAction\":[{\"@type\":\"ReadAction\",\"target\":[\"https:\/\/koningdrone.be\/product\/bluetti-cable-connexion-parallel\/\"]}]},{\"@type\":\"ImageObject\",\"inLanguage\":\"de\",\"@id\":\"https:\/\/koningdrone.be\/product\/bluetti-cable-connexion-parallel\/#primaryimage\",\"url\":\"https:\/\/koningdrone.be\/wp-content\/uploads\/sites\/13\/2025\/04\/43573508309259-1.webp\",\"contentUrl\":\"https:\/\/koningdrone.be\/wp-content\/uploads\/sites\/13\/2025\/04\/43573508309259-1.webp\",\"width\":750,\"height\":750},{\"@type\":\"BreadcrumbList\",\"@id\":\"https:\/\/koningdrone.be\/product\/bluetti-cable-connexion-parallel\/#breadcrumb\",\"itemListElement\":[{\"@type\":\"ListItem\",\"position\":1,\"name\":\"Home\",\"item\":\"https:\/\/koningdrone.be\/\"},{\"@type\":\"ListItem\",\"position\":2,\"name\":\"AVSS Parachute Recovery System for DJI Matrice 300\/350\",\"item\":\"https:\/\/koningdrone.be\/product\/avss-parachute-recovery-system-for-dji-matrice-300-350\/\"},{\"@type\":\"ListItem\",\"position\":3,\"name\":\"Alle kabels\",\"item\":\"https:\/\/koningdrone.be\/categorie\/alle-kabels\/\"},{\"@type\":\"ListItem\",\"position\":4,\"name\":\"Bluetti Cable Connexion Parallel\"}]},{\"@type\":\"WebSite\",\"@id\":\"https:\/\/koningdrone.be\/#website\",\"url\":\"https:\/\/koningdrone.be\/\",\"name\":\"Koningdrone.be - Uw online specialist in drones, gimbals, camera's en power stations.\",\"description\":\"De webshop in drones en gimbals\",\"publisher\":{\"@id\":\"https:\/\/koningdrone.be\/#organization\"},\"potentialAction\":[{\"@type\":\"SearchAction\",\"target\":{\"@type\":\"EntryPoint\",\"urlTemplate\":\"https:\/\/koningdrone.be\/?s={search_term_string}\"},\"query-input\":{\"@type\":\"PropertyValueSpecification\",\"valueRequired\":true,\"valueName\":\"search_term_string\"}}],\"inLanguage\":\"de\"},{\"@type\":\"Organization\",\"@id\":\"https:\/\/koningdrone.be\/#organization\",\"name\":\"Koningdrone.be\",\"url\":\"https:\/\/koningdrone.be\/\",\"logo\":{\"@type\":\"ImageObject\",\"inLanguage\":\"de\",\"@id\":\"https:\/\/koningdrone.be\/#\/schema\/logo\/image\/\",\"url\":\"https:\/\/koningdrone.be\/wp-content\/uploads\/sites\/13\/2025\/04\/koningdrone-copyright-logo.svg\",\"contentUrl\":\"https:\/\/koningdrone.be\/wp-content\/uploads\/sites\/13\/2025\/04\/koningdrone-copyright-logo.svg\",\"width\":227,\"height\":38,\"caption\":\"Koningdrone.be\"},\"image\":{\"@id\":\"https:\/\/koningdrone.be\/#\/schema\/logo\/image\/\"}}]}<\/script>\n<!-- \/ Yoast SEO Premium plugin. -->","yoast_head_json":{"title":"Bluetti Cable Connexion Parallel - koningdrone.be","robots":{"index":"index","follow":"follow","max-snippet":"max-snippet:-1","max-image-preview":"max-image-preview:large","max-video-preview":"max-video-preview:-1"},"canonical":"https:\/\/koningdrone.be\/de\/produkt\/bluetti-cable-connexion-parallel\/","og_locale":"de_DE","og_type":"article","og_title":"Bluetti Cable Connexion Parallel","og_description":"De Bluetti Cable Connexion Parallel is de perfecte oplossing voor het aansluiten van verschillende externe accupacks op uw Bluetti-energiecentrales. Met verschillende connectoren zoals P090D naar DC7909, P090D tot XT90, P090D naar MC4 en P090D tot P150D, kunt u moeiteloos de EB120\/EB150\/EB180\/EB240, AC200\/AC200P, EP500 Pro en AC500 modellen verbinden. Deze kabels zijn speciaal ontworpen om compatibiliteit [&hellip;]","og_url":"https:\/\/koningdrone.be\/de\/produkt\/bluetti-cable-connexion-parallel\/","og_site_name":"koningdrone.be","article_modified_time":"2025-05-20T12:33:30+00:00","og_image":[{"width":750,"height":750,"url":"https:\/\/koningdrone.be\/wp-content\/uploads\/sites\/13\/2025\/04\/43573508309259-1.webp","type":"image\/webp"}],"twitter_card":"summary_large_image","twitter_misc":{"Gesch\u00e4tzte Lesezeit":"2\u00a0Minuten"},"schema":{"@context":"https:\/\/schema.org","@graph":[{"@type":"WebPage","@id":"https:\/\/koningdrone.be\/product\/bluetti-cable-connexion-parallel\/","url":"https:\/\/koningdrone.be\/product\/bluetti-cable-connexion-parallel\/","name":"Bluetti Cable Connexion Parallel - koningdrone.be","isPartOf":{"@id":"https:\/\/koningdrone.be\/#website"},"primaryImageOfPage":{"@id":"https:\/\/koningdrone.be\/product\/bluetti-cable-connexion-parallel\/#primaryimage"},"image":{"@id":"https:\/\/koningdrone.be\/product\/bluetti-cable-connexion-parallel\/#primaryimage"},"thumbnailUrl":"https:\/\/koningdrone.be\/wp-content\/uploads\/sites\/13\/2025\/04\/43573508309259-1.webp","datePublished":"2023-03-08T08:21:08+00:00","dateModified":"2025-05-20T12:33:30+00:00","breadcrumb":{"@id":"https:\/\/koningdrone.be\/product\/bluetti-cable-connexion-parallel\/#breadcrumb"},"inLanguage":"de","potentialAction":[{"@type":"ReadAction","target":["https:\/\/koningdrone.be\/product\/bluetti-cable-connexion-parallel\/"]}]},{"@type":"ImageObject","inLanguage":"de","@id":"https:\/\/koningdrone.be\/product\/bluetti-cable-connexion-parallel\/#primaryimage","url":"https:\/\/koningdrone.be\/wp-content\/uploads\/sites\/13\/2025\/04\/43573508309259-1.webp","contentUrl":"https:\/\/koningdrone.be\/wp-content\/uploads\/sites\/13\/2025\/04\/43573508309259-1.webp","width":750,"height":750},{"@type":"BreadcrumbList","@id":"https:\/\/koningdrone.be\/product\/bluetti-cable-connexion-parallel\/#breadcrumb","itemListElement":[{"@type":"ListItem","position":1,"name":"Home","item":"https:\/\/koningdrone.be\/"},{"@type":"ListItem","position":2,"name":"AVSS Parachute Recovery System for DJI Matrice 300\/350","item":"https:\/\/koningdrone.be\/product\/avss-parachute-recovery-system-for-dji-matrice-300-350\/"},{"@type":"ListItem","position":3,"name":"Alle kabels","item":"https:\/\/koningdrone.be\/categorie\/alle-kabels\/"},{"@type":"ListItem","position":4,"name":"Bluetti Cable Connexion Parallel"}]},{"@type":"WebSite","@id":"https:\/\/koningdrone.be\/#website","url":"https:\/\/koningdrone.be\/","name":"Koningdrone.be - Ihr Online-Spezialist f\u00fcr Drohnen, Gimbals, Kameras und Kraftwerke.","description":"Der Webshop f\u00fcr Drohnen und Gimbals","publisher":{"@id":"https:\/\/koningdrone.be\/#organization"},"potentialAction":[{"@type":"SearchAction","target":{"@type":"EntryPoint","urlTemplate":"https:\/\/koningdrone.be\/?s={search_term_string}"},"query-input":{"@type":"PropertyValueSpecification","valueRequired":true,"valueName":"search_term_string"}}],"inLanguage":"de"},{"@type":"Organization","@id":"https:\/\/koningdrone.be\/#organization","name":"Kingdrone.de","url":"https:\/\/koningdrone.be\/","logo":{"@type":"ImageObject","inLanguage":"de","@id":"https:\/\/koningdrone.be\/#\/schema\/logo\/image\/","url":"https:\/\/koningdrone.be\/wp-content\/uploads\/sites\/13\/2025\/04\/koningdrone-copyright-logo.svg","contentUrl":"https:\/\/koningdrone.be\/wp-content\/uploads\/sites\/13\/2025\/04\/koningdrone-copyright-logo.svg","width":227,"height":38,"caption":"Koningdrone.be"},"image":{"@id":"https:\/\/koningdrone.be\/#\/schema\/logo\/image\/"}}]}},"df_price":"","df_sale_price":"","df_regular_price":"","df_image_link":"https:\/\/koningdrone.be\/wp-content\/uploads\/sites\/13\/2025\/04\/43573508309259-1-300x300.webp","_links":{"self":[{"href":"https:\/\/koningdrone.be\/de\/wp-json\/wp\/v2\/product\/5063","targetHints":{"allow":["GET"]}}],"collection":[{"href":"https:\/\/koningdrone.be\/de\/wp-json\/wp\/v2\/product"}],"about":[{"href":"https:\/\/koningdrone.be\/de\/wp-json\/wp\/v2\/types\/product"}],"wp:featuredmedia":[{"embeddable":true,"href":"https:\/\/koningdrone.be\/de\/wp-json\/wp\/v2\/media\/5062"}],"wp:attachment":[{"href":"https:\/\/koningdrone.be\/de\/wp-json\/wp\/v2\/media?parent=5063"}],"wp:term":[{"taxonomy":"product_brand","embeddable":true,"href":"https:\/\/koningdrone.be\/de\/wp-json\/wp\/v2\/product_brand?post=5063"},{"taxonomy":"product_cat","embeddable":true,"href":"https:\/\/koningdrone.be\/de\/wp-json\/wp\/v2\/product_cat?post=5063"},{"taxonomy":"product_tag","embeddable":true,"href":"https:\/\/koningdrone.be\/de\/wp-json\/wp\/v2\/product_tag?post=5063"}],"curies":[{"name":"wp","href":"https:\/\/api.w.org\/{rel}","templated":true}]}}