{"id":5042,"date":"2023-03-31T14:23:47","date_gmt":"2023-03-31T12:23:47","guid":{"rendered":"https:\/\/koningdrone.nl\/kon\/product\/ecoflow-river-2-bag\/"},"modified":"2026-04-29T04:11:04","modified_gmt":"2026-04-29T02:11:04","slug":"ecoflow-river-2-bag","status":"publish","type":"product","link":"https:\/\/koningdrone.be\/de\/produkt\/ecoflow-river-2-bag\/","title":{"rendered":"EcoFlow RIVER 2 Beutel"},"content":{"rendered":"<p><strong>Beschreibung des Produkts<\/strong><\/p>\n<p>Die EcoFlow RIVER 2 Tasche wurde speziell f\u00fcr den sicheren und bequemen Transport Ihrer tragbaren Stationen RIVER 2, RIVER 2 Max oder RIVER 2 Pro entwickelt. Die Tasche besteht aus strapazierf\u00e4higen Materialien, darunter wasserdichtes Gewebe, verst\u00e4rkte Rei\u00dfverschl\u00fcsse und eine robuste Schnalle f\u00fcr zus\u00e4tzliche Sicherheit. Dar\u00fcber hinaus verf\u00fcgt die Tasche \u00fcber atmungsaktive S-Kurven-Gurte aus Mesh und eine bequeme R\u00fcckwand.<\/p>\n<p><\/p>\n<p>Die Tasche l\u00e4sst sich dank der stabilen Schnalle leicht verstellen und zusammenfalten und bietet durch die verschiedenen Rei\u00dfverschluss\u00f6ffnungen oben und auf der R\u00fcckseite schnellen Zugriff auf Ihre Habseligkeiten. Mit einem Fassungsverm\u00f6gen von 30 Litern passt in diese Rucksacktasche m\u00fchelos ein 15,6-Zoll-Laptop, Kleidung, B\u00fccher, Wasserflaschen und ein Regenschirm. Au\u00dferdem kann die Tasche je nach Bedarf erweitert oder gefaltet werden. Ideal, wenn Sie Ihr Kraftpaket nicht brauchen, aber dennoch Ihre wichtigsten Dinge sicher und bequem transportieren m\u00f6chten.<\/p>\n<p><\/p>","protected":false},"excerpt":{"rendered":"<p>Product Description De EcoFlow RIVER 2 tas is speciaal ontworpen om uw RIVER 2, RIVER 2 Max of RIVER 2 Pro draagbare stations veilig en gemakkelijk te vervoeren. De tas is gemaakt van duurzaam materiaal, waaronder waterdichte stof, versterkte ritsen en een stevige gesp voor extra beveiliging. Daarnaast is de tas voorzien van ademende mesh [&hellip;]<\/p>\n","protected":false},"featured_media":5041,"template":"","meta":{"_acf_changed":false},"product_brand":[],"product_cat":[97,201,245,415],"product_tag":[],"class_list":{"0":"post-5042","1":"product","2":"type-product","3":"status-publish","4":"has-post-thumbnail","6":"product_cat-alle-producten","7":"product_cat-alle-tassen-en-koffers","8":"product_cat-ecoflow","9":"product_cat-energy","10":"product_shipping_class-ingramall","11":"pa_afmetingen-31x27x60-cm","12":"pa_brand-ecoflow","13":"pa_gewicht-580-g","14":"pa_productfamily-tas","15":"pa_producttype-tas","16":"pa_series-ecoflow","18":"first","19":"instock","20":"taxable","21":"shipping-taxable","22":"purchasable","23":"product-type-simple"},"acf":[],"yoast_head":"<!-- This site is optimized with the Yoast SEO Premium plugin v27.2 (Yoast SEO v27.2) - https:\/\/yoast.com\/product\/yoast-seo-premium-wordpress\/ -->\n<title>EcoFlow RIVER 2 Bag - koningdrone.be<\/title>\n<meta name=\"robots\" content=\"index, follow, max-snippet:-1, max-image-preview:large, max-video-preview:-1\" \/>\n<link rel=\"canonical\" href=\"https:\/\/koningdrone.be\/de\/produkt\/ecoflow-river-2-bag\/\" \/>\n<meta property=\"og:locale\" content=\"de_DE\" \/>\n<meta property=\"og:type\" content=\"article\" \/>\n<meta property=\"og:title\" content=\"EcoFlow RIVER 2 Bag\" \/>\n<meta property=\"og:description\" content=\"Product Description De EcoFlow RIVER 2 tas is speciaal ontworpen om uw RIVER 2, RIVER 2 Max of RIVER 2 Pro draagbare stations veilig en gemakkelijk te vervoeren. De tas is gemaakt van duurzaam materiaal, waaronder waterdichte stof, versterkte ritsen en een stevige gesp voor extra beveiliging. Daarnaast is de tas voorzien van ademende mesh [&hellip;]\" \/>\n<meta property=\"og:url\" content=\"https:\/\/koningdrone.be\/de\/produkt\/ecoflow-river-2-bag\/\" \/>\n<meta property=\"og:site_name\" content=\"koningdrone.be\" \/>\n<meta property=\"article:modified_time\" content=\"2026-04-29T02:11:04+00:00\" \/>\n<meta property=\"og:image\" content=\"https:\/\/koningdrone.be\/wp-content\/uploads\/sites\/13\/2025\/04\/4895251604314.jpg\" \/>\n\t<meta property=\"og:image:width\" content=\"540\" \/>\n\t<meta property=\"og:image:height\" content=\"540\" \/>\n\t<meta property=\"og:image:type\" content=\"image\/jpeg\" \/>\n<meta name=\"twitter:card\" content=\"summary_large_image\" \/>\n<meta name=\"twitter:label1\" content=\"Gesch\u00e4tzte Lesezeit\" \/>\n\t<meta name=\"twitter:data1\" content=\"1\u00a0Minute\" \/>\n<script type=\"application\/ld+json\" class=\"yoast-schema-graph\">{\"@context\":\"https:\/\/schema.org\",\"@graph\":[{\"@type\":\"WebPage\",\"@id\":\"https:\/\/koningdrone.be\/product\/ecoflow-river-2-bag\/\",\"url\":\"https:\/\/koningdrone.be\/product\/ecoflow-river-2-bag\/\",\"name\":\"EcoFlow RIVER 2 Bag - koningdrone.be\",\"isPartOf\":{\"@id\":\"https:\/\/koningdrone.be\/#website\"},\"primaryImageOfPage\":{\"@id\":\"https:\/\/koningdrone.be\/product\/ecoflow-river-2-bag\/#primaryimage\"},\"image\":{\"@id\":\"https:\/\/koningdrone.be\/product\/ecoflow-river-2-bag\/#primaryimage\"},\"thumbnailUrl\":\"https:\/\/koningdrone.be\/wp-content\/uploads\/sites\/13\/2025\/04\/4895251604314.jpg\",\"datePublished\":\"2023-03-31T12:23:47+00:00\",\"dateModified\":\"2026-04-29T02:11:04+00:00\",\"breadcrumb\":{\"@id\":\"https:\/\/koningdrone.be\/product\/ecoflow-river-2-bag\/#breadcrumb\"},\"inLanguage\":\"de\",\"potentialAction\":[{\"@type\":\"ReadAction\",\"target\":[\"https:\/\/koningdrone.be\/product\/ecoflow-river-2-bag\/\"]}]},{\"@type\":\"ImageObject\",\"inLanguage\":\"de\",\"@id\":\"https:\/\/koningdrone.be\/product\/ecoflow-river-2-bag\/#primaryimage\",\"url\":\"https:\/\/koningdrone.be\/wp-content\/uploads\/sites\/13\/2025\/04\/4895251604314.jpg\",\"contentUrl\":\"https:\/\/koningdrone.be\/wp-content\/uploads\/sites\/13\/2025\/04\/4895251604314.jpg\",\"width\":540,\"height\":540},{\"@type\":\"BreadcrumbList\",\"@id\":\"https:\/\/koningdrone.be\/product\/ecoflow-river-2-bag\/#breadcrumb\",\"itemListElement\":[{\"@type\":\"ListItem\",\"position\":1,\"name\":\"Home\",\"item\":\"https:\/\/koningdrone.be\/\"},{\"@type\":\"ListItem\",\"position\":2,\"name\":\"AVSS Parachute Recovery System for DJI Matrice 300\/350\",\"item\":\"https:\/\/koningdrone.be\/product\/avss-parachute-recovery-system-for-dji-matrice-300-350\/\"},{\"@type\":\"ListItem\",\"position\":3,\"name\":\"Alle producten\",\"item\":\"https:\/\/koningdrone.be\/categorie\/alle-producten\/\"},{\"@type\":\"ListItem\",\"position\":4,\"name\":\"EcoFlow RIVER 2 Bag\"}]},{\"@type\":\"WebSite\",\"@id\":\"https:\/\/koningdrone.be\/#website\",\"url\":\"https:\/\/koningdrone.be\/\",\"name\":\"Koningdrone.be - Uw online specialist in drones, gimbals, camera's en power stations.\",\"description\":\"De webshop in drones en gimbals\",\"publisher\":{\"@id\":\"https:\/\/koningdrone.be\/#organization\"},\"potentialAction\":[{\"@type\":\"SearchAction\",\"target\":{\"@type\":\"EntryPoint\",\"urlTemplate\":\"https:\/\/koningdrone.be\/?s={search_term_string}\"},\"query-input\":{\"@type\":\"PropertyValueSpecification\",\"valueRequired\":true,\"valueName\":\"search_term_string\"}}],\"inLanguage\":\"de\"},{\"@type\":\"Organization\",\"@id\":\"https:\/\/koningdrone.be\/#organization\",\"name\":\"Koningdrone.be\",\"url\":\"https:\/\/koningdrone.be\/\",\"logo\":{\"@type\":\"ImageObject\",\"inLanguage\":\"de\",\"@id\":\"https:\/\/koningdrone.be\/#\/schema\/logo\/image\/\",\"url\":\"https:\/\/koningdrone.be\/wp-content\/uploads\/sites\/13\/2025\/04\/koningdrone-copyright-logo.svg\",\"contentUrl\":\"https:\/\/koningdrone.be\/wp-content\/uploads\/sites\/13\/2025\/04\/koningdrone-copyright-logo.svg\",\"width\":227,\"height\":38,\"caption\":\"Koningdrone.be\"},\"image\":{\"@id\":\"https:\/\/koningdrone.be\/#\/schema\/logo\/image\/\"}}]}<\/script>\n<!-- \/ Yoast SEO Premium plugin. -->","yoast_head_json":{"title":"EcoFlow RIVER 2 Bag - koningdrone.be","robots":{"index":"index","follow":"follow","max-snippet":"max-snippet:-1","max-image-preview":"max-image-preview:large","max-video-preview":"max-video-preview:-1"},"canonical":"https:\/\/koningdrone.be\/de\/produkt\/ecoflow-river-2-bag\/","og_locale":"de_DE","og_type":"article","og_title":"EcoFlow RIVER 2 Bag","og_description":"Product Description De EcoFlow RIVER 2 tas is speciaal ontworpen om uw RIVER 2, RIVER 2 Max of RIVER 2 Pro draagbare stations veilig en gemakkelijk te vervoeren. De tas is gemaakt van duurzaam materiaal, waaronder waterdichte stof, versterkte ritsen en een stevige gesp voor extra beveiliging. Daarnaast is de tas voorzien van ademende mesh [&hellip;]","og_url":"https:\/\/koningdrone.be\/de\/produkt\/ecoflow-river-2-bag\/","og_site_name":"koningdrone.be","article_modified_time":"2026-04-29T02:11:04+00:00","og_image":[{"width":540,"height":540,"url":"https:\/\/koningdrone.be\/wp-content\/uploads\/sites\/13\/2025\/04\/4895251604314.jpg","type":"image\/jpeg"}],"twitter_card":"summary_large_image","twitter_misc":{"Gesch\u00e4tzte Lesezeit":"1\u00a0Minute"},"schema":{"@context":"https:\/\/schema.org","@graph":[{"@type":"WebPage","@id":"https:\/\/koningdrone.be\/product\/ecoflow-river-2-bag\/","url":"https:\/\/koningdrone.be\/product\/ecoflow-river-2-bag\/","name":"EcoFlow RIVER 2 Bag - koningdrone.be","isPartOf":{"@id":"https:\/\/koningdrone.be\/#website"},"primaryImageOfPage":{"@id":"https:\/\/koningdrone.be\/product\/ecoflow-river-2-bag\/#primaryimage"},"image":{"@id":"https:\/\/koningdrone.be\/product\/ecoflow-river-2-bag\/#primaryimage"},"thumbnailUrl":"https:\/\/koningdrone.be\/wp-content\/uploads\/sites\/13\/2025\/04\/4895251604314.jpg","datePublished":"2023-03-31T12:23:47+00:00","dateModified":"2026-04-29T02:11:04+00:00","breadcrumb":{"@id":"https:\/\/koningdrone.be\/product\/ecoflow-river-2-bag\/#breadcrumb"},"inLanguage":"de","potentialAction":[{"@type":"ReadAction","target":["https:\/\/koningdrone.be\/product\/ecoflow-river-2-bag\/"]}]},{"@type":"ImageObject","inLanguage":"de","@id":"https:\/\/koningdrone.be\/product\/ecoflow-river-2-bag\/#primaryimage","url":"https:\/\/koningdrone.be\/wp-content\/uploads\/sites\/13\/2025\/04\/4895251604314.jpg","contentUrl":"https:\/\/koningdrone.be\/wp-content\/uploads\/sites\/13\/2025\/04\/4895251604314.jpg","width":540,"height":540},{"@type":"BreadcrumbList","@id":"https:\/\/koningdrone.be\/product\/ecoflow-river-2-bag\/#breadcrumb","itemListElement":[{"@type":"ListItem","position":1,"name":"Home","item":"https:\/\/koningdrone.be\/"},{"@type":"ListItem","position":2,"name":"AVSS Parachute Recovery System for DJI Matrice 300\/350","item":"https:\/\/koningdrone.be\/product\/avss-parachute-recovery-system-for-dji-matrice-300-350\/"},{"@type":"ListItem","position":3,"name":"Alle producten","item":"https:\/\/koningdrone.be\/categorie\/alle-producten\/"},{"@type":"ListItem","position":4,"name":"EcoFlow RIVER 2 Bag"}]},{"@type":"WebSite","@id":"https:\/\/koningdrone.be\/#website","url":"https:\/\/koningdrone.be\/","name":"Koningdrone.be - Ihr Online-Spezialist f\u00fcr Drohnen, Gimbals, Kameras und Kraftwerke.","description":"Der Webshop f\u00fcr Drohnen und Gimbals","publisher":{"@id":"https:\/\/koningdrone.be\/#organization"},"potentialAction":[{"@type":"SearchAction","target":{"@type":"EntryPoint","urlTemplate":"https:\/\/koningdrone.be\/?s={search_term_string}"},"query-input":{"@type":"PropertyValueSpecification","valueRequired":true,"valueName":"search_term_string"}}],"inLanguage":"de"},{"@type":"Organization","@id":"https:\/\/koningdrone.be\/#organization","name":"Kingdrone.de","url":"https:\/\/koningdrone.be\/","logo":{"@type":"ImageObject","inLanguage":"de","@id":"https:\/\/koningdrone.be\/#\/schema\/logo\/image\/","url":"https:\/\/koningdrone.be\/wp-content\/uploads\/sites\/13\/2025\/04\/koningdrone-copyright-logo.svg","contentUrl":"https:\/\/koningdrone.be\/wp-content\/uploads\/sites\/13\/2025\/04\/koningdrone-copyright-logo.svg","width":227,"height":38,"caption":"Koningdrone.be"},"image":{"@id":"https:\/\/koningdrone.be\/#\/schema\/logo\/image\/"}}]}},"df_price":83,"df_sale_price":"","df_regular_price":83,"df_image_link":"https:\/\/koningdrone.be\/wp-content\/uploads\/sites\/13\/2025\/04\/4895251604314-300x300.jpg","_links":{"self":[{"href":"https:\/\/koningdrone.be\/de\/wp-json\/wp\/v2\/product\/5042","targetHints":{"allow":["GET"]}}],"collection":[{"href":"https:\/\/koningdrone.be\/de\/wp-json\/wp\/v2\/product"}],"about":[{"href":"https:\/\/koningdrone.be\/de\/wp-json\/wp\/v2\/types\/product"}],"wp:featuredmedia":[{"embeddable":true,"href":"https:\/\/koningdrone.be\/de\/wp-json\/wp\/v2\/media\/5041"}],"wp:attachment":[{"href":"https:\/\/koningdrone.be\/de\/wp-json\/wp\/v2\/media?parent=5042"}],"wp:term":[{"taxonomy":"product_brand","embeddable":true,"href":"https:\/\/koningdrone.be\/de\/wp-json\/wp\/v2\/product_brand?post=5042"},{"taxonomy":"product_cat","embeddable":true,"href":"https:\/\/koningdrone.be\/de\/wp-json\/wp\/v2\/product_cat?post=5042"},{"taxonomy":"product_tag","embeddable":true,"href":"https:\/\/koningdrone.be\/de\/wp-json\/wp\/v2\/product_tag?post=5042"}],"curies":[{"name":"wp","href":"https:\/\/api.w.org\/{rel}","templated":true}]}}