{"id":5022,"date":"2023-04-17T13:45:25","date_gmt":"2023-04-17T11:45:25","guid":{"rendered":"https:\/\/koningdrone.nl\/kon\/product\/dji-mini-2-se-single-unit-incl-dji-rc-n1-controller\/"},"modified":"2026-04-29T13:40:12","modified_gmt":"2026-04-29T11:40:12","slug":"dji-mini-2-se-single-unit-incl-dji-rc-n1-controller","status":"publish","type":"product","link":"https:\/\/koningdrone.be\/de\/produkt\/dji-mini-2-se-single-unit-incl-dji-rc-n1-controller\/","title":{"rendered":"DJI Mini 2 SE - Einzelger\u00e4t inkl. DJI RC-N1 Controller"},"content":{"rendered":"<h1>DJI Mini 2 SE - Einzelger\u00e4t inkl. DJI RC-N1 Controller<\/h1>\n<p>\n<strong>Lass deiner Fantasie freien Lauf<\/strong><br \/>\nDer DJI Mini 2 SE eignet sich perfekt f\u00fcr Luftaufnahmen und wiegt weniger als 249 g, wodurch er in vielen Regionen zulassungsfrei ist. Sie hat eine Flugzeit von 31 Minuten, eine \u00dcbertragungsreichweite von 10 km und ist \u00e4u\u00dferst benutzerfreundlich. Diese Drohne gibt es in zwei Varianten: die Standardversion mit dem notwendigen Zubeh\u00f6r und die Fly More Combo mit Zusatzakkus, Ersatzpropellern, einer Umh\u00e4ngetasche, einer Ladestation und einem Propellerhalter. <strong>Pr\u00fcfen Sie vor der Verwendung immer die \u00f6rtlichen Gesetze.<\/strong><br \/>\n<strong>Merkmale:<\/strong><\/p>\n<ul>\n<li>Einfache Bedienung mit automatischem Start\/Landung, R\u00fcckkehrfunktion und stabilem Schwebeflug.<\/li>\n<li>Leichtes Design, das in die Hosentasche passt und in vielen Bereichen ohne Registrierung fliegen kann.<\/li>\n<li>HD-Video\u00fcbertragung bis zu 10 km mit DJI O2 Technologie.<\/li>\n<li>Erweiterte Kamerafunktionen mit 2,7K-Video, QuickShots und Panoramabildern.<\/li>\n<li>Lange Flugzeit von 31 Minuten und kann Windst\u00e4rke 5 standhalten.<\/li>\n<\/ul>\n<p><strong>Anmerkungen:<\/strong><br \/>\nGewicht und Flugzeit k\u00f6nnen je nach Konfiguration und Flugbedingungen variieren. Die Tests wurden unter kontrollierten Bedingungen durchgef\u00fchrt.<\/p>","protected":false},"excerpt":{"rendered":"<p>DJI Mini 2 SE &#8211; Single unit incl. DJI RC-N1 controller Laat je fantasie de vrije loop DJI Mini 2 SE is perfect voor luchtfotografie, met een gewicht van minder dan 249 g, waardoor het in veel regio&#8217;s vrijgesteld is van registratie. Het toestel heeft een vliegtijd van 31 minuten, een zendbereik van 10 km, [&hellip;]<\/p>\n","protected":false},"featured_media":5017,"template":"","meta":{"_acf_changed":false},"product_brand":[],"product_cat":[97,136,611,177],"product_tag":[],"class_list":{"0":"post-5022","1":"product","2":"type-product","3":"status-publish","4":"has-post-thumbnail","6":"product_cat-alle-producten","7":"product_cat-consumer-drones","8":"product_cat-dji-mini-2","9":"product_cat-drones-zonder-certificaat","10":"product_shipping_class-outofstock","11":"pa_brand-dji","12":"pa_dronegrade-consumer","13":"pa_productfamily-drone","14":"pa_producttype-drone","15":"pa_series-mini-2","17":"first","18":"outofstock","19":"taxable","20":"shipping-taxable","21":"product-type-simple"},"acf":[],"yoast_head":"<!-- This site is optimized with the Yoast SEO Premium plugin v27.2 (Yoast SEO v27.2) - https:\/\/yoast.com\/product\/yoast-seo-premium-wordpress\/ -->\n<title>DJI Mini 2 SE - Single unit incl. DJI RC-N1 controller - koningdrone.be<\/title>\n<meta name=\"robots\" content=\"index, follow, max-snippet:-1, max-image-preview:large, max-video-preview:-1\" \/>\n<link rel=\"canonical\" href=\"https:\/\/koningdrone.be\/de\/produkt\/dji-mini-2-se-single-unit-incl-dji-rc-n1-controller\/\" \/>\n<meta property=\"og:locale\" content=\"de_DE\" \/>\n<meta property=\"og:type\" content=\"article\" \/>\n<meta property=\"og:title\" content=\"DJI Mini 2 SE - Single unit incl. DJI RC-N1 controller\" \/>\n<meta property=\"og:description\" content=\"DJI Mini 2 SE &#8211; Single unit incl. DJI RC-N1 controller Laat je fantasie de vrije loop DJI Mini 2 SE is perfect voor luchtfotografie, met een gewicht van minder dan 249 g, waardoor het in veel regio&#8217;s vrijgesteld is van registratie. Het toestel heeft een vliegtijd van 31 minuten, een zendbereik van 10 km, [&hellip;]\" \/>\n<meta property=\"og:url\" content=\"https:\/\/koningdrone.be\/de\/produkt\/dji-mini-2-se-single-unit-incl-dji-rc-n1-controller\/\" \/>\n<meta property=\"og:site_name\" content=\"koningdrone.be\" \/>\n<meta property=\"article:modified_time\" content=\"2026-04-29T11:40:12+00:00\" \/>\n<meta property=\"og:image\" content=\"https:\/\/koningdrone.be\/wp-content\/uploads\/sites\/13\/2025\/04\/6941565947888-1.jpg\" \/>\n\t<meta property=\"og:image:width\" content=\"1280\" \/>\n\t<meta property=\"og:image:height\" content=\"800\" \/>\n\t<meta property=\"og:image:type\" content=\"image\/jpeg\" \/>\n<meta name=\"twitter:card\" content=\"summary_large_image\" \/>\n<meta name=\"twitter:label1\" content=\"Gesch\u00e4tzte Lesezeit\" \/>\n\t<meta name=\"twitter:data1\" content=\"1\u00a0Minute\" \/>\n<script type=\"application\/ld+json\" class=\"yoast-schema-graph\">{\"@context\":\"https:\/\/schema.org\",\"@graph\":[{\"@type\":\"WebPage\",\"@id\":\"https:\/\/koningdrone.be\/product\/dji-mini-2-se-single-unit-incl-dji-rc-n1-controller\/\",\"url\":\"https:\/\/koningdrone.be\/product\/dji-mini-2-se-single-unit-incl-dji-rc-n1-controller\/\",\"name\":\"DJI Mini 2 SE - Single unit incl. DJI RC-N1 controller - koningdrone.be\",\"isPartOf\":{\"@id\":\"https:\/\/koningdrone.be\/#website\"},\"primaryImageOfPage\":{\"@id\":\"https:\/\/koningdrone.be\/product\/dji-mini-2-se-single-unit-incl-dji-rc-n1-controller\/#primaryimage\"},\"image\":{\"@id\":\"https:\/\/koningdrone.be\/product\/dji-mini-2-se-single-unit-incl-dji-rc-n1-controller\/#primaryimage\"},\"thumbnailUrl\":\"https:\/\/koningdrone.be\/wp-content\/uploads\/sites\/13\/2025\/04\/6941565947888-1.jpg\",\"datePublished\":\"2023-04-17T11:45:25+00:00\",\"dateModified\":\"2026-04-29T11:40:12+00:00\",\"breadcrumb\":{\"@id\":\"https:\/\/koningdrone.be\/product\/dji-mini-2-se-single-unit-incl-dji-rc-n1-controller\/#breadcrumb\"},\"inLanguage\":\"de\",\"potentialAction\":[{\"@type\":\"ReadAction\",\"target\":[\"https:\/\/koningdrone.be\/product\/dji-mini-2-se-single-unit-incl-dji-rc-n1-controller\/\"]}]},{\"@type\":\"ImageObject\",\"inLanguage\":\"de\",\"@id\":\"https:\/\/koningdrone.be\/product\/dji-mini-2-se-single-unit-incl-dji-rc-n1-controller\/#primaryimage\",\"url\":\"https:\/\/koningdrone.be\/wp-content\/uploads\/sites\/13\/2025\/04\/6941565947888-1.jpg\",\"contentUrl\":\"https:\/\/koningdrone.be\/wp-content\/uploads\/sites\/13\/2025\/04\/6941565947888-1.jpg\",\"width\":1280,\"height\":800},{\"@type\":\"BreadcrumbList\",\"@id\":\"https:\/\/koningdrone.be\/product\/dji-mini-2-se-single-unit-incl-dji-rc-n1-controller\/#breadcrumb\",\"itemListElement\":[{\"@type\":\"ListItem\",\"position\":1,\"name\":\"Home\",\"item\":\"https:\/\/koningdrone.be\/\"},{\"@type\":\"ListItem\",\"position\":2,\"name\":\"AVSS Parachute Recovery System for DJI Matrice 300\/350\",\"item\":\"https:\/\/koningdrone.be\/product\/avss-parachute-recovery-system-for-dji-matrice-300-350\/\"},{\"@type\":\"ListItem\",\"position\":3,\"name\":\"Alle producten\",\"item\":\"https:\/\/koningdrone.be\/categorie\/alle-producten\/\"},{\"@type\":\"ListItem\",\"position\":4,\"name\":\"DJI Mini 2 SE &#8211; Single unit incl. DJI RC-N1 controller\"}]},{\"@type\":\"WebSite\",\"@id\":\"https:\/\/koningdrone.be\/#website\",\"url\":\"https:\/\/koningdrone.be\/\",\"name\":\"Koningdrone.be - Uw online specialist in drones, gimbals, camera's en power stations.\",\"description\":\"De webshop in drones en gimbals\",\"publisher\":{\"@id\":\"https:\/\/koningdrone.be\/#organization\"},\"potentialAction\":[{\"@type\":\"SearchAction\",\"target\":{\"@type\":\"EntryPoint\",\"urlTemplate\":\"https:\/\/koningdrone.be\/?s={search_term_string}\"},\"query-input\":{\"@type\":\"PropertyValueSpecification\",\"valueRequired\":true,\"valueName\":\"search_term_string\"}}],\"inLanguage\":\"de\"},{\"@type\":\"Organization\",\"@id\":\"https:\/\/koningdrone.be\/#organization\",\"name\":\"Koningdrone.be\",\"url\":\"https:\/\/koningdrone.be\/\",\"logo\":{\"@type\":\"ImageObject\",\"inLanguage\":\"de\",\"@id\":\"https:\/\/koningdrone.be\/#\/schema\/logo\/image\/\",\"url\":\"https:\/\/koningdrone.be\/wp-content\/uploads\/sites\/13\/2025\/04\/koningdrone-copyright-logo.svg\",\"contentUrl\":\"https:\/\/koningdrone.be\/wp-content\/uploads\/sites\/13\/2025\/04\/koningdrone-copyright-logo.svg\",\"width\":227,\"height\":38,\"caption\":\"Koningdrone.be\"},\"image\":{\"@id\":\"https:\/\/koningdrone.be\/#\/schema\/logo\/image\/\"}}]}<\/script>\n<!-- \/ Yoast SEO Premium plugin. -->","yoast_head_json":{"title":"DJI Mini 2 SE - Single unit incl. DJI RC-N1 controller - koningdrone.be","robots":{"index":"index","follow":"follow","max-snippet":"max-snippet:-1","max-image-preview":"max-image-preview:large","max-video-preview":"max-video-preview:-1"},"canonical":"https:\/\/koningdrone.be\/de\/produkt\/dji-mini-2-se-single-unit-incl-dji-rc-n1-controller\/","og_locale":"de_DE","og_type":"article","og_title":"DJI Mini 2 SE - Single unit incl. DJI RC-N1 controller","og_description":"DJI Mini 2 SE &#8211; Single unit incl. DJI RC-N1 controller Laat je fantasie de vrije loop DJI Mini 2 SE is perfect voor luchtfotografie, met een gewicht van minder dan 249 g, waardoor het in veel regio&#8217;s vrijgesteld is van registratie. Het toestel heeft een vliegtijd van 31 minuten, een zendbereik van 10 km, [&hellip;]","og_url":"https:\/\/koningdrone.be\/de\/produkt\/dji-mini-2-se-single-unit-incl-dji-rc-n1-controller\/","og_site_name":"koningdrone.be","article_modified_time":"2026-04-29T11:40:12+00:00","og_image":[{"width":1280,"height":800,"url":"https:\/\/koningdrone.be\/wp-content\/uploads\/sites\/13\/2025\/04\/6941565947888-1.jpg","type":"image\/jpeg"}],"twitter_card":"summary_large_image","twitter_misc":{"Gesch\u00e4tzte Lesezeit":"1\u00a0Minute"},"schema":{"@context":"https:\/\/schema.org","@graph":[{"@type":"WebPage","@id":"https:\/\/koningdrone.be\/product\/dji-mini-2-se-single-unit-incl-dji-rc-n1-controller\/","url":"https:\/\/koningdrone.be\/product\/dji-mini-2-se-single-unit-incl-dji-rc-n1-controller\/","name":"DJI Mini 2 SE - Single unit incl. DJI RC-N1 controller - koningdrone.be","isPartOf":{"@id":"https:\/\/koningdrone.be\/#website"},"primaryImageOfPage":{"@id":"https:\/\/koningdrone.be\/product\/dji-mini-2-se-single-unit-incl-dji-rc-n1-controller\/#primaryimage"},"image":{"@id":"https:\/\/koningdrone.be\/product\/dji-mini-2-se-single-unit-incl-dji-rc-n1-controller\/#primaryimage"},"thumbnailUrl":"https:\/\/koningdrone.be\/wp-content\/uploads\/sites\/13\/2025\/04\/6941565947888-1.jpg","datePublished":"2023-04-17T11:45:25+00:00","dateModified":"2026-04-29T11:40:12+00:00","breadcrumb":{"@id":"https:\/\/koningdrone.be\/product\/dji-mini-2-se-single-unit-incl-dji-rc-n1-controller\/#breadcrumb"},"inLanguage":"de","potentialAction":[{"@type":"ReadAction","target":["https:\/\/koningdrone.be\/product\/dji-mini-2-se-single-unit-incl-dji-rc-n1-controller\/"]}]},{"@type":"ImageObject","inLanguage":"de","@id":"https:\/\/koningdrone.be\/product\/dji-mini-2-se-single-unit-incl-dji-rc-n1-controller\/#primaryimage","url":"https:\/\/koningdrone.be\/wp-content\/uploads\/sites\/13\/2025\/04\/6941565947888-1.jpg","contentUrl":"https:\/\/koningdrone.be\/wp-content\/uploads\/sites\/13\/2025\/04\/6941565947888-1.jpg","width":1280,"height":800},{"@type":"BreadcrumbList","@id":"https:\/\/koningdrone.be\/product\/dji-mini-2-se-single-unit-incl-dji-rc-n1-controller\/#breadcrumb","itemListElement":[{"@type":"ListItem","position":1,"name":"Home","item":"https:\/\/koningdrone.be\/"},{"@type":"ListItem","position":2,"name":"AVSS Parachute Recovery System for DJI Matrice 300\/350","item":"https:\/\/koningdrone.be\/product\/avss-parachute-recovery-system-for-dji-matrice-300-350\/"},{"@type":"ListItem","position":3,"name":"Alle producten","item":"https:\/\/koningdrone.be\/categorie\/alle-producten\/"},{"@type":"ListItem","position":4,"name":"DJI Mini 2 SE &#8211; Single unit incl. DJI RC-N1 controller"}]},{"@type":"WebSite","@id":"https:\/\/koningdrone.be\/#website","url":"https:\/\/koningdrone.be\/","name":"Koningdrone.be - Ihr Online-Spezialist f\u00fcr Drohnen, Gimbals, Kameras und Kraftwerke.","description":"Der Webshop f\u00fcr Drohnen und Gimbals","publisher":{"@id":"https:\/\/koningdrone.be\/#organization"},"potentialAction":[{"@type":"SearchAction","target":{"@type":"EntryPoint","urlTemplate":"https:\/\/koningdrone.be\/?s={search_term_string}"},"query-input":{"@type":"PropertyValueSpecification","valueRequired":true,"valueName":"search_term_string"}}],"inLanguage":"de"},{"@type":"Organization","@id":"https:\/\/koningdrone.be\/#organization","name":"Kingdrone.de","url":"https:\/\/koningdrone.be\/","logo":{"@type":"ImageObject","inLanguage":"de","@id":"https:\/\/koningdrone.be\/#\/schema\/logo\/image\/","url":"https:\/\/koningdrone.be\/wp-content\/uploads\/sites\/13\/2025\/04\/koningdrone-copyright-logo.svg","contentUrl":"https:\/\/koningdrone.be\/wp-content\/uploads\/sites\/13\/2025\/04\/koningdrone-copyright-logo.svg","width":227,"height":38,"caption":"Koningdrone.be"},"image":{"@id":"https:\/\/koningdrone.be\/#\/schema\/logo\/image\/"}}]}},"df_price":"","df_sale_price":"","df_regular_price":"","df_image_link":"https:\/\/koningdrone.be\/wp-content\/uploads\/sites\/13\/2025\/04\/6941565947888-1-300x188.jpg","_links":{"self":[{"href":"https:\/\/koningdrone.be\/de\/wp-json\/wp\/v2\/product\/5022","targetHints":{"allow":["GET"]}}],"collection":[{"href":"https:\/\/koningdrone.be\/de\/wp-json\/wp\/v2\/product"}],"about":[{"href":"https:\/\/koningdrone.be\/de\/wp-json\/wp\/v2\/types\/product"}],"wp:featuredmedia":[{"embeddable":true,"href":"https:\/\/koningdrone.be\/de\/wp-json\/wp\/v2\/media\/5017"}],"wp:attachment":[{"href":"https:\/\/koningdrone.be\/de\/wp-json\/wp\/v2\/media?parent=5022"}],"wp:term":[{"taxonomy":"product_brand","embeddable":true,"href":"https:\/\/koningdrone.be\/de\/wp-json\/wp\/v2\/product_brand?post=5022"},{"taxonomy":"product_cat","embeddable":true,"href":"https:\/\/koningdrone.be\/de\/wp-json\/wp\/v2\/product_cat?post=5022"},{"taxonomy":"product_tag","embeddable":true,"href":"https:\/\/koningdrone.be\/de\/wp-json\/wp\/v2\/product_tag?post=5022"}],"curies":[{"name":"wp","href":"https:\/\/api.w.org\/{rel}","templated":true}]}}