{"id":5004,"date":"2023-04-17T13:45:25","date_gmt":"2023-04-17T11:45:25","guid":{"rendered":"https:\/\/koningdrone.nl\/kon\/product\/dji-mavic-3-classic-storage-cover\/"},"modified":"2026-04-29T10:00:39","modified_gmt":"2026-04-29T08:00:39","slug":"dji-mavic-3-classic-storage-cover","status":"publish","type":"product","link":"https:\/\/koningdrone.be\/de\/produkt\/dji-mavic-3-classic-storage-cover\/","title":{"rendered":"DJI Mavic 3 Classic Aufbewahrungsh\u00fclle"},"content":{"rendered":"<p><strong>F\u00fcr den Schutz konzipiert<\/strong><\/p>\n<p> Dieses Produkt wurde sorgf\u00e4ltig entwickelt, um Ihren Gimbal und Ihre Kamera zu sch\u00fctzen und sicherzustellen, dass sie in einem tadellosen Zustand bleiben. Der Schwerpunkt des Designs liegt auf dem Schutz dieser empfindlichen Komponenten vor Besch\u00e4digungen w\u00e4hrend des Transports oder bei Nichtgebrauch, so dass der Benutzer beruhigt sein kann.<\/p>\n<p><strong>Bequeme Aufbewahrungsl\u00f6sung<\/strong><\/p>\n<p> Neben dem Schutz von Kamera und Gimbal vereinfacht dieses Produkt die Aufbewahrung von Propellerbl\u00e4ttern und ist damit eine praktische L\u00f6sung f\u00fcr Anf\u00e4nger und erfahrene Benutzer gleicherma\u00dfen. Das durchdachte Design erm\u00f6glicht eine schnelle und einfache Aufbewahrung, sodass alle Teile sicher und leicht zug\u00e4nglich f\u00fcr den n\u00e4chsten Einsatz sind.<\/p>\n<p><\/p>","protected":false},"excerpt":{"rendered":"<ul>\n<li>Optimaler Schutz f\u00fcr Gimbal und Kamera<\/li>\n<li> Erleichtert die Lagerung der Propellerbl\u00e4tter<\/li>\n<\/ul>","protected":false},"featured_media":5002,"template":"","meta":{"_acf_changed":false},"product_brand":[],"product_cat":[97,137,624],"product_tag":[],"class_list":{"0":"post-5004","1":"product","2":"type-product","3":"status-publish","4":"has-post-thumbnail","6":"product_cat-alle-producten","7":"product_cat-dji-mavic-3","8":"product_cat-enterprise-accessoires","9":"product_shipping_class-outofstock","10":"pa_brand-dji","11":"pa_productfamily-gimbal-bescherming","12":"pa_producttype-gimbal-bescherming","13":"pa_series-mavic-3","15":"first","16":"outofstock","17":"taxable","18":"shipping-taxable","19":"product-type-simple"},"acf":[],"yoast_head":"<!-- This site is optimized with the Yoast SEO Premium plugin v27.2 (Yoast SEO v27.2) - https:\/\/yoast.com\/product\/yoast-seo-premium-wordpress\/ -->\n<title>DJI Mavic 3 Classic Storage Cover - koningdrone.be<\/title>\n<meta name=\"robots\" content=\"index, follow, max-snippet:-1, max-image-preview:large, max-video-preview:-1\" \/>\n<link rel=\"canonical\" href=\"https:\/\/koningdrone.be\/de\/produkt\/dji-mavic-3-classic-storage-cover\/\" \/>\n<meta property=\"og:locale\" content=\"de_DE\" \/>\n<meta property=\"og:type\" content=\"article\" \/>\n<meta property=\"og:title\" content=\"DJI Mavic 3 Classic Storage Cover\" \/>\n<meta property=\"og:description\" content=\"Optimaal ontworpen voor gimbal- en camerabescherming Verbetert het gemak bij het opbergen van propellerbladen\" \/>\n<meta property=\"og:url\" content=\"https:\/\/koningdrone.be\/de\/produkt\/dji-mavic-3-classic-storage-cover\/\" \/>\n<meta property=\"og:site_name\" content=\"koningdrone.be\" \/>\n<meta property=\"article:modified_time\" content=\"2026-04-29T08:00:39+00:00\" \/>\n<meta property=\"og:image\" content=\"https:\/\/koningdrone.be\/wp-content\/uploads\/sites\/13\/2025\/04\/c8aa4b80e7b572aca4de477f2ec92fd7@large.jpg\" \/>\n\t<meta property=\"og:image:width\" content=\"1200\" \/>\n\t<meta property=\"og:image:height\" content=\"800\" \/>\n\t<meta property=\"og:image:type\" content=\"image\/jpeg\" \/>\n<meta name=\"twitter:card\" content=\"summary_large_image\" \/>\n<script type=\"application\/ld+json\" class=\"yoast-schema-graph\">{\"@context\":\"https:\/\/schema.org\",\"@graph\":[{\"@type\":\"WebPage\",\"@id\":\"https:\/\/koningdrone.be\/product\/dji-mavic-3-classic-storage-cover\/\",\"url\":\"https:\/\/koningdrone.be\/product\/dji-mavic-3-classic-storage-cover\/\",\"name\":\"DJI Mavic 3 Classic Storage Cover - koningdrone.be\",\"isPartOf\":{\"@id\":\"https:\/\/koningdrone.be\/#website\"},\"primaryImageOfPage\":{\"@id\":\"https:\/\/koningdrone.be\/product\/dji-mavic-3-classic-storage-cover\/#primaryimage\"},\"image\":{\"@id\":\"https:\/\/koningdrone.be\/product\/dji-mavic-3-classic-storage-cover\/#primaryimage\"},\"thumbnailUrl\":\"https:\/\/koningdrone.be\/wp-content\/uploads\/sites\/13\/2025\/04\/c8aa4b80e7b572aca4de477f2ec92fd7@large.jpg\",\"datePublished\":\"2023-04-17T11:45:25+00:00\",\"dateModified\":\"2026-04-29T08:00:39+00:00\",\"breadcrumb\":{\"@id\":\"https:\/\/koningdrone.be\/product\/dji-mavic-3-classic-storage-cover\/#breadcrumb\"},\"inLanguage\":\"de\",\"potentialAction\":[{\"@type\":\"ReadAction\",\"target\":[\"https:\/\/koningdrone.be\/product\/dji-mavic-3-classic-storage-cover\/\"]}]},{\"@type\":\"ImageObject\",\"inLanguage\":\"de\",\"@id\":\"https:\/\/koningdrone.be\/product\/dji-mavic-3-classic-storage-cover\/#primaryimage\",\"url\":\"https:\/\/koningdrone.be\/wp-content\/uploads\/sites\/13\/2025\/04\/c8aa4b80e7b572aca4de477f2ec92fd7@large.jpg\",\"contentUrl\":\"https:\/\/koningdrone.be\/wp-content\/uploads\/sites\/13\/2025\/04\/c8aa4b80e7b572aca4de477f2ec92fd7@large.jpg\",\"width\":1200,\"height\":800},{\"@type\":\"BreadcrumbList\",\"@id\":\"https:\/\/koningdrone.be\/product\/dji-mavic-3-classic-storage-cover\/#breadcrumb\",\"itemListElement\":[{\"@type\":\"ListItem\",\"position\":1,\"name\":\"Home\",\"item\":\"https:\/\/koningdrone.be\/\"},{\"@type\":\"ListItem\",\"position\":2,\"name\":\"AVSS Parachute Recovery System for DJI Matrice 300\/350\",\"item\":\"https:\/\/koningdrone.be\/product\/avss-parachute-recovery-system-for-dji-matrice-300-350\/\"},{\"@type\":\"ListItem\",\"position\":3,\"name\":\"Alle producten\",\"item\":\"https:\/\/koningdrone.be\/categorie\/alle-producten\/\"},{\"@type\":\"ListItem\",\"position\":4,\"name\":\"DJI Mavic 3 Classic Storage Cover\"}]},{\"@type\":\"WebSite\",\"@id\":\"https:\/\/koningdrone.be\/#website\",\"url\":\"https:\/\/koningdrone.be\/\",\"name\":\"Koningdrone.be - Uw online specialist in drones, gimbals, camera's en power stations.\",\"description\":\"De webshop in drones en gimbals\",\"publisher\":{\"@id\":\"https:\/\/koningdrone.be\/#organization\"},\"potentialAction\":[{\"@type\":\"SearchAction\",\"target\":{\"@type\":\"EntryPoint\",\"urlTemplate\":\"https:\/\/koningdrone.be\/?s={search_term_string}\"},\"query-input\":{\"@type\":\"PropertyValueSpecification\",\"valueRequired\":true,\"valueName\":\"search_term_string\"}}],\"inLanguage\":\"de\"},{\"@type\":\"Organization\",\"@id\":\"https:\/\/koningdrone.be\/#organization\",\"name\":\"Koningdrone.be\",\"url\":\"https:\/\/koningdrone.be\/\",\"logo\":{\"@type\":\"ImageObject\",\"inLanguage\":\"de\",\"@id\":\"https:\/\/koningdrone.be\/#\/schema\/logo\/image\/\",\"url\":\"https:\/\/koningdrone.be\/wp-content\/uploads\/sites\/13\/2025\/04\/koningdrone-copyright-logo.svg\",\"contentUrl\":\"https:\/\/koningdrone.be\/wp-content\/uploads\/sites\/13\/2025\/04\/koningdrone-copyright-logo.svg\",\"width\":227,\"height\":38,\"caption\":\"Koningdrone.be\"},\"image\":{\"@id\":\"https:\/\/koningdrone.be\/#\/schema\/logo\/image\/\"}}]}<\/script>\n<!-- \/ Yoast SEO Premium plugin. -->","yoast_head_json":{"title":"DJI Mavic 3 Classic Storage Cover - koningdrone.be","robots":{"index":"index","follow":"follow","max-snippet":"max-snippet:-1","max-image-preview":"max-image-preview:large","max-video-preview":"max-video-preview:-1"},"canonical":"https:\/\/koningdrone.be\/de\/produkt\/dji-mavic-3-classic-storage-cover\/","og_locale":"de_DE","og_type":"article","og_title":"DJI Mavic 3 Classic Storage Cover","og_description":"Optimaal ontworpen voor gimbal- en camerabescherming Verbetert het gemak bij het opbergen van propellerbladen","og_url":"https:\/\/koningdrone.be\/de\/produkt\/dji-mavic-3-classic-storage-cover\/","og_site_name":"koningdrone.be","article_modified_time":"2026-04-29T08:00:39+00:00","og_image":[{"width":1200,"height":800,"url":"https:\/\/koningdrone.be\/wp-content\/uploads\/sites\/13\/2025\/04\/c8aa4b80e7b572aca4de477f2ec92fd7@large.jpg","type":"image\/jpeg"}],"twitter_card":"summary_large_image","schema":{"@context":"https:\/\/schema.org","@graph":[{"@type":"WebPage","@id":"https:\/\/koningdrone.be\/product\/dji-mavic-3-classic-storage-cover\/","url":"https:\/\/koningdrone.be\/product\/dji-mavic-3-classic-storage-cover\/","name":"DJI Mavic 3 Classic Storage Cover - koningdrone.be","isPartOf":{"@id":"https:\/\/koningdrone.be\/#website"},"primaryImageOfPage":{"@id":"https:\/\/koningdrone.be\/product\/dji-mavic-3-classic-storage-cover\/#primaryimage"},"image":{"@id":"https:\/\/koningdrone.be\/product\/dji-mavic-3-classic-storage-cover\/#primaryimage"},"thumbnailUrl":"https:\/\/koningdrone.be\/wp-content\/uploads\/sites\/13\/2025\/04\/c8aa4b80e7b572aca4de477f2ec92fd7@large.jpg","datePublished":"2023-04-17T11:45:25+00:00","dateModified":"2026-04-29T08:00:39+00:00","breadcrumb":{"@id":"https:\/\/koningdrone.be\/product\/dji-mavic-3-classic-storage-cover\/#breadcrumb"},"inLanguage":"de","potentialAction":[{"@type":"ReadAction","target":["https:\/\/koningdrone.be\/product\/dji-mavic-3-classic-storage-cover\/"]}]},{"@type":"ImageObject","inLanguage":"de","@id":"https:\/\/koningdrone.be\/product\/dji-mavic-3-classic-storage-cover\/#primaryimage","url":"https:\/\/koningdrone.be\/wp-content\/uploads\/sites\/13\/2025\/04\/c8aa4b80e7b572aca4de477f2ec92fd7@large.jpg","contentUrl":"https:\/\/koningdrone.be\/wp-content\/uploads\/sites\/13\/2025\/04\/c8aa4b80e7b572aca4de477f2ec92fd7@large.jpg","width":1200,"height":800},{"@type":"BreadcrumbList","@id":"https:\/\/koningdrone.be\/product\/dji-mavic-3-classic-storage-cover\/#breadcrumb","itemListElement":[{"@type":"ListItem","position":1,"name":"Home","item":"https:\/\/koningdrone.be\/"},{"@type":"ListItem","position":2,"name":"AVSS Parachute Recovery System for DJI Matrice 300\/350","item":"https:\/\/koningdrone.be\/product\/avss-parachute-recovery-system-for-dji-matrice-300-350\/"},{"@type":"ListItem","position":3,"name":"Alle producten","item":"https:\/\/koningdrone.be\/categorie\/alle-producten\/"},{"@type":"ListItem","position":4,"name":"DJI Mavic 3 Classic Storage Cover"}]},{"@type":"WebSite","@id":"https:\/\/koningdrone.be\/#website","url":"https:\/\/koningdrone.be\/","name":"Koningdrone.be - Ihr Online-Spezialist f\u00fcr Drohnen, Gimbals, Kameras und Kraftwerke.","description":"Der Webshop f\u00fcr Drohnen und Gimbals","publisher":{"@id":"https:\/\/koningdrone.be\/#organization"},"potentialAction":[{"@type":"SearchAction","target":{"@type":"EntryPoint","urlTemplate":"https:\/\/koningdrone.be\/?s={search_term_string}"},"query-input":{"@type":"PropertyValueSpecification","valueRequired":true,"valueName":"search_term_string"}}],"inLanguage":"de"},{"@type":"Organization","@id":"https:\/\/koningdrone.be\/#organization","name":"Kingdrone.de","url":"https:\/\/koningdrone.be\/","logo":{"@type":"ImageObject","inLanguage":"de","@id":"https:\/\/koningdrone.be\/#\/schema\/logo\/image\/","url":"https:\/\/koningdrone.be\/wp-content\/uploads\/sites\/13\/2025\/04\/koningdrone-copyright-logo.svg","contentUrl":"https:\/\/koningdrone.be\/wp-content\/uploads\/sites\/13\/2025\/04\/koningdrone-copyright-logo.svg","width":227,"height":38,"caption":"Koningdrone.be"},"image":{"@id":"https:\/\/koningdrone.be\/#\/schema\/logo\/image\/"}}]}},"df_price":"","df_sale_price":"","df_regular_price":"","df_image_link":"https:\/\/koningdrone.be\/wp-content\/uploads\/sites\/13\/2025\/04\/c8aa4b80e7b572aca4de477f2ec92fd7@large-300x200.jpg","_links":{"self":[{"href":"https:\/\/koningdrone.be\/de\/wp-json\/wp\/v2\/product\/5004","targetHints":{"allow":["GET"]}}],"collection":[{"href":"https:\/\/koningdrone.be\/de\/wp-json\/wp\/v2\/product"}],"about":[{"href":"https:\/\/koningdrone.be\/de\/wp-json\/wp\/v2\/types\/product"}],"wp:featuredmedia":[{"embeddable":true,"href":"https:\/\/koningdrone.be\/de\/wp-json\/wp\/v2\/media\/5002"}],"wp:attachment":[{"href":"https:\/\/koningdrone.be\/de\/wp-json\/wp\/v2\/media?parent=5004"}],"wp:term":[{"taxonomy":"product_brand","embeddable":true,"href":"https:\/\/koningdrone.be\/de\/wp-json\/wp\/v2\/product_brand?post=5004"},{"taxonomy":"product_cat","embeddable":true,"href":"https:\/\/koningdrone.be\/de\/wp-json\/wp\/v2\/product_cat?post=5004"},{"taxonomy":"product_tag","embeddable":true,"href":"https:\/\/koningdrone.be\/de\/wp-json\/wp\/v2\/product_tag?post=5004"}],"curies":[{"name":"wp","href":"https:\/\/api.w.org\/{rel}","templated":true}]}}