{"id":4974,"date":"2023-04-17T13:45:25","date_gmt":"2023-04-17T11:45:25","guid":{"rendered":"https:\/\/koningdrone.nl\/kon\/product\/dji-avata-pro-view-combo-incl-rc-motion-2-goggles-2\/"},"modified":"2026-04-29T13:40:22","modified_gmt":"2026-04-29T11:40:22","slug":"dji-avata-pro-view-combo-incl-rc-motion-2-goggles-2","status":"publish","type":"product","link":"https:\/\/koningdrone.be\/de\/produkt\/dji-avata-pro-view-combo-incl-rc-motion-2-goggles-2\/","title":{"rendered":"DJI Avata - Pro-View Combo - inkl. RC Motion 2 &amp; Goggles 2"},"content":{"rendered":"<p><strong>DJI Avata - Pro-View Combo - inkl. RC Motion 2 &amp; Goggles 2<\/strong><br \/>\nEntdecken Sie das ultimative Flugerlebnis mit der DJI Avata Pro-View Combo. Dieses Kit enth\u00e4lt die wendige und kompakte DJI Avata Drohne, die mit eingebauten Propellerschutzvorrichtungen f\u00fcr erh\u00f6hte Sicherheit und Haltbarkeit ausgestattet ist, was sie ideal f\u00fcr das Fliegen in engen R\u00e4umen macht. Die Combo wird mit der DJI Goggles 2 geliefert, die dank Mikro-OLED-Bildschirmen eine \u00fcberragende Bildqualit\u00e4t bietet, sowie dem intuitiven RC Motion 2-Controller, der die Bewegungserkennungstechnologie f\u00fcr ein immersives Steuerungserlebnis nutzt.<\/p>\n<p><strong>Wesentliche Merkmale:<\/strong><\/p>\n<ul>\n<li>1\/1,7-Zoll-CMOS-Sensor f\u00fcr 4K-Ultraweitwinkelaufnahmen mit Blende f\/2.8<\/li>\n<li>155\u00b0 superweites Sichtfeld f\u00fcr hyper-immersive Bilder<\/li>\n<li>RockSteady 2.0 und HorizonSteady f\u00fcr stabile Aufnahmen<\/li>\n<li>D-Cinel-\u00e4hnlicher Farbmodus f\u00fcr erweiterte Farbkorrekturen in der Nachbearbeitung<\/li>\n<li>Eingebauter ToF-Infrarotsensor und abw\u00e4rtsgerichtete Hindernissensorik f\u00fcr sicheres Fliegen im Tiefflug<\/li>\n<li>Langlebiger Rahmen und aerodynamisches Design f\u00fcr eine maximale Flugzeit von 18 Minuten<\/li>\n<\/ul>","protected":false},"excerpt":{"rendered":"<ul>\n<li>IMMERSIVES FLUGERLEBNIS<\/li>\n<li>UNTERST\u00dcTZUNG F\u00dcR MOTION CONTROLLER<\/li>\n<li>4K STABILISIERTES VIDEO<\/li>\n<li>DJI Avata Pro-View Combo FPV-Drohne<\/li>\n<li>HANDLICH UND \u00dcBERSCHAUBAR<\/li>\n<li>EINGEBAUTER PROPELLERSCHUTZ<\/li>\n<li>HD-\u00dcBERTRAGUNG MIT NIEDRIGER LATENZ<\/li>\n<\/ul>","protected":false},"featured_media":4972,"template":"","meta":{"_acf_changed":false},"product_brand":[],"product_cat":[135,97,136,261,99],"product_tag":[],"class_list":{"0":"post-4974","1":"product","2":"type-product","3":"status-publish","4":"has-post-thumbnail","6":"product_cat-alle-drones","7":"product_cat-alle-producten","8":"product_cat-consumer-drones","9":"product_cat-dji-avata","10":"product_cat-drones-met-certificaat","11":"product_shipping_class-outofstock","12":"pa_brand-dji","13":"pa_dronegrade-consumer","14":"pa_productfamily-drone","15":"pa_producttype-drone","16":"pa_series-avata","18":"first","19":"outofstock","20":"taxable","21":"shipping-taxable","22":"product-type-simple"},"acf":[],"yoast_head":"<!-- This site is optimized with the Yoast SEO Premium plugin v27.2 (Yoast SEO v27.2) - https:\/\/yoast.com\/product\/yoast-seo-premium-wordpress\/ -->\n<title>DJI Avata - Pro-View Combo - incl. RC Motion 2 &amp; Goggles 2 - koningdrone.be<\/title>\n<meta name=\"robots\" content=\"index, follow, max-snippet:-1, max-image-preview:large, max-video-preview:-1\" \/>\n<link rel=\"canonical\" href=\"https:\/\/koningdrone.be\/de\/produkt\/dji-avata-pro-view-combo-incl-rc-motion-2-goggles-2\/\" \/>\n<meta property=\"og:locale\" content=\"de_DE\" \/>\n<meta property=\"og:type\" content=\"article\" \/>\n<meta property=\"og:title\" content=\"DJI Avata - Pro-View Combo - incl. RC Motion 2 &amp; Goggles 2\" \/>\n<meta property=\"og:description\" content=\"MEESLEPENDE VLUCHTERVARINGONDERSTEUNING VOOR BEWEGINGSCONTROLLER4K GESTABILISEERDE VIDEODJI Avata Pro-View Combo FPV-droneHANDPALM EN BEHEERLIJKINGEBOUWDE PROPELLERBESCHERMINGHD LOW-LATENCY TRANSMISSIE\" \/>\n<meta property=\"og:url\" content=\"https:\/\/koningdrone.be\/de\/produkt\/dji-avata-pro-view-combo-incl-rc-motion-2-goggles-2\/\" \/>\n<meta property=\"og:site_name\" content=\"koningdrone.be\" \/>\n<meta property=\"article:modified_time\" content=\"2026-04-29T11:40:22+00:00\" \/>\n<meta property=\"og:image\" content=\"https:\/\/koningdrone.be\/wp-content\/uploads\/sites\/13\/2025\/04\/6941565952219-1.jpg\" \/>\n\t<meta property=\"og:image:width\" content=\"1500\" \/>\n\t<meta property=\"og:image:height\" content=\"1500\" \/>\n\t<meta property=\"og:image:type\" content=\"image\/jpeg\" \/>\n<meta name=\"twitter:card\" content=\"summary_large_image\" \/>\n<meta name=\"twitter:label1\" content=\"Gesch\u00e4tzte Lesezeit\" \/>\n\t<meta name=\"twitter:data1\" content=\"1\u00a0Minute\" \/>\n<script type=\"application\/ld+json\" class=\"yoast-schema-graph\">{\"@context\":\"https:\/\/schema.org\",\"@graph\":[{\"@type\":\"WebPage\",\"@id\":\"https:\/\/koningdrone.be\/product\/dji-avata-pro-view-combo-incl-rc-motion-2-goggles-2\/\",\"url\":\"https:\/\/koningdrone.be\/product\/dji-avata-pro-view-combo-incl-rc-motion-2-goggles-2\/\",\"name\":\"DJI Avata - Pro-View Combo - incl. RC Motion 2 &amp; Goggles 2 - koningdrone.be\",\"isPartOf\":{\"@id\":\"https:\/\/koningdrone.be\/#website\"},\"primaryImageOfPage\":{\"@id\":\"https:\/\/koningdrone.be\/product\/dji-avata-pro-view-combo-incl-rc-motion-2-goggles-2\/#primaryimage\"},\"image\":{\"@id\":\"https:\/\/koningdrone.be\/product\/dji-avata-pro-view-combo-incl-rc-motion-2-goggles-2\/#primaryimage\"},\"thumbnailUrl\":\"https:\/\/koningdrone.be\/wp-content\/uploads\/sites\/13\/2025\/04\/6941565952219-1.jpg\",\"datePublished\":\"2023-04-17T11:45:25+00:00\",\"dateModified\":\"2026-04-29T11:40:22+00:00\",\"breadcrumb\":{\"@id\":\"https:\/\/koningdrone.be\/product\/dji-avata-pro-view-combo-incl-rc-motion-2-goggles-2\/#breadcrumb\"},\"inLanguage\":\"de\",\"potentialAction\":[{\"@type\":\"ReadAction\",\"target\":[\"https:\/\/koningdrone.be\/product\/dji-avata-pro-view-combo-incl-rc-motion-2-goggles-2\/\"]}]},{\"@type\":\"ImageObject\",\"inLanguage\":\"de\",\"@id\":\"https:\/\/koningdrone.be\/product\/dji-avata-pro-view-combo-incl-rc-motion-2-goggles-2\/#primaryimage\",\"url\":\"https:\/\/koningdrone.be\/wp-content\/uploads\/sites\/13\/2025\/04\/6941565952219-1.jpg\",\"contentUrl\":\"https:\/\/koningdrone.be\/wp-content\/uploads\/sites\/13\/2025\/04\/6941565952219-1.jpg\",\"width\":1500,\"height\":1500},{\"@type\":\"BreadcrumbList\",\"@id\":\"https:\/\/koningdrone.be\/product\/dji-avata-pro-view-combo-incl-rc-motion-2-goggles-2\/#breadcrumb\",\"itemListElement\":[{\"@type\":\"ListItem\",\"position\":1,\"name\":\"Home\",\"item\":\"https:\/\/koningdrone.be\/\"},{\"@type\":\"ListItem\",\"position\":2,\"name\":\"AVSS Parachute Recovery System for DJI Matrice 300\/350\",\"item\":\"https:\/\/koningdrone.be\/product\/avss-parachute-recovery-system-for-dji-matrice-300-350\/\"},{\"@type\":\"ListItem\",\"position\":3,\"name\":\"Alle drones\",\"item\":\"https:\/\/koningdrone.be\/categorie\/alle-drones\/\"},{\"@type\":\"ListItem\",\"position\":4,\"name\":\"DJI Avata &#8211; Pro-View Combo &#8211; incl. RC Motion 2 &amp; Goggles 2\"}]},{\"@type\":\"WebSite\",\"@id\":\"https:\/\/koningdrone.be\/#website\",\"url\":\"https:\/\/koningdrone.be\/\",\"name\":\"Koningdrone.be - Uw online specialist in drones, gimbals, camera's en power stations.\",\"description\":\"De webshop in drones en gimbals\",\"publisher\":{\"@id\":\"https:\/\/koningdrone.be\/#organization\"},\"potentialAction\":[{\"@type\":\"SearchAction\",\"target\":{\"@type\":\"EntryPoint\",\"urlTemplate\":\"https:\/\/koningdrone.be\/?s={search_term_string}\"},\"query-input\":{\"@type\":\"PropertyValueSpecification\",\"valueRequired\":true,\"valueName\":\"search_term_string\"}}],\"inLanguage\":\"de\"},{\"@type\":\"Organization\",\"@id\":\"https:\/\/koningdrone.be\/#organization\",\"name\":\"Koningdrone.be\",\"url\":\"https:\/\/koningdrone.be\/\",\"logo\":{\"@type\":\"ImageObject\",\"inLanguage\":\"de\",\"@id\":\"https:\/\/koningdrone.be\/#\/schema\/logo\/image\/\",\"url\":\"https:\/\/koningdrone.be\/wp-content\/uploads\/sites\/13\/2025\/04\/koningdrone-copyright-logo.svg\",\"contentUrl\":\"https:\/\/koningdrone.be\/wp-content\/uploads\/sites\/13\/2025\/04\/koningdrone-copyright-logo.svg\",\"width\":227,\"height\":38,\"caption\":\"Koningdrone.be\"},\"image\":{\"@id\":\"https:\/\/koningdrone.be\/#\/schema\/logo\/image\/\"}}]}<\/script>\n<!-- \/ Yoast SEO Premium plugin. -->","yoast_head_json":{"title":"DJI Avata - Pro-View Combo - incl. RC Motion 2 &amp; Goggles 2 - koningdrone.be","robots":{"index":"index","follow":"follow","max-snippet":"max-snippet:-1","max-image-preview":"max-image-preview:large","max-video-preview":"max-video-preview:-1"},"canonical":"https:\/\/koningdrone.be\/de\/produkt\/dji-avata-pro-view-combo-incl-rc-motion-2-goggles-2\/","og_locale":"de_DE","og_type":"article","og_title":"DJI Avata - Pro-View Combo - incl. RC Motion 2 &amp; Goggles 2","og_description":"MEESLEPENDE VLUCHTERVARINGONDERSTEUNING VOOR BEWEGINGSCONTROLLER4K GESTABILISEERDE VIDEODJI Avata Pro-View Combo FPV-droneHANDPALM EN BEHEERLIJKINGEBOUWDE PROPELLERBESCHERMINGHD LOW-LATENCY TRANSMISSIE","og_url":"https:\/\/koningdrone.be\/de\/produkt\/dji-avata-pro-view-combo-incl-rc-motion-2-goggles-2\/","og_site_name":"koningdrone.be","article_modified_time":"2026-04-29T11:40:22+00:00","og_image":[{"width":1500,"height":1500,"url":"https:\/\/koningdrone.be\/wp-content\/uploads\/sites\/13\/2025\/04\/6941565952219-1.jpg","type":"image\/jpeg"}],"twitter_card":"summary_large_image","twitter_misc":{"Gesch\u00e4tzte Lesezeit":"1\u00a0Minute"},"schema":{"@context":"https:\/\/schema.org","@graph":[{"@type":"WebPage","@id":"https:\/\/koningdrone.be\/product\/dji-avata-pro-view-combo-incl-rc-motion-2-goggles-2\/","url":"https:\/\/koningdrone.be\/product\/dji-avata-pro-view-combo-incl-rc-motion-2-goggles-2\/","name":"DJI Avata - Pro-View Combo - incl. RC Motion 2 &amp; Goggles 2 - koningdrone.be","isPartOf":{"@id":"https:\/\/koningdrone.be\/#website"},"primaryImageOfPage":{"@id":"https:\/\/koningdrone.be\/product\/dji-avata-pro-view-combo-incl-rc-motion-2-goggles-2\/#primaryimage"},"image":{"@id":"https:\/\/koningdrone.be\/product\/dji-avata-pro-view-combo-incl-rc-motion-2-goggles-2\/#primaryimage"},"thumbnailUrl":"https:\/\/koningdrone.be\/wp-content\/uploads\/sites\/13\/2025\/04\/6941565952219-1.jpg","datePublished":"2023-04-17T11:45:25+00:00","dateModified":"2026-04-29T11:40:22+00:00","breadcrumb":{"@id":"https:\/\/koningdrone.be\/product\/dji-avata-pro-view-combo-incl-rc-motion-2-goggles-2\/#breadcrumb"},"inLanguage":"de","potentialAction":[{"@type":"ReadAction","target":["https:\/\/koningdrone.be\/product\/dji-avata-pro-view-combo-incl-rc-motion-2-goggles-2\/"]}]},{"@type":"ImageObject","inLanguage":"de","@id":"https:\/\/koningdrone.be\/product\/dji-avata-pro-view-combo-incl-rc-motion-2-goggles-2\/#primaryimage","url":"https:\/\/koningdrone.be\/wp-content\/uploads\/sites\/13\/2025\/04\/6941565952219-1.jpg","contentUrl":"https:\/\/koningdrone.be\/wp-content\/uploads\/sites\/13\/2025\/04\/6941565952219-1.jpg","width":1500,"height":1500},{"@type":"BreadcrumbList","@id":"https:\/\/koningdrone.be\/product\/dji-avata-pro-view-combo-incl-rc-motion-2-goggles-2\/#breadcrumb","itemListElement":[{"@type":"ListItem","position":1,"name":"Home","item":"https:\/\/koningdrone.be\/"},{"@type":"ListItem","position":2,"name":"AVSS Parachute Recovery System for DJI Matrice 300\/350","item":"https:\/\/koningdrone.be\/product\/avss-parachute-recovery-system-for-dji-matrice-300-350\/"},{"@type":"ListItem","position":3,"name":"Alle drones","item":"https:\/\/koningdrone.be\/categorie\/alle-drones\/"},{"@type":"ListItem","position":4,"name":"DJI Avata &#8211; Pro-View Combo &#8211; incl. RC Motion 2 &amp; Goggles 2"}]},{"@type":"WebSite","@id":"https:\/\/koningdrone.be\/#website","url":"https:\/\/koningdrone.be\/","name":"Koningdrone.be - Ihr Online-Spezialist f\u00fcr Drohnen, Gimbals, Kameras und Kraftwerke.","description":"Der Webshop f\u00fcr Drohnen und Gimbals","publisher":{"@id":"https:\/\/koningdrone.be\/#organization"},"potentialAction":[{"@type":"SearchAction","target":{"@type":"EntryPoint","urlTemplate":"https:\/\/koningdrone.be\/?s={search_term_string}"},"query-input":{"@type":"PropertyValueSpecification","valueRequired":true,"valueName":"search_term_string"}}],"inLanguage":"de"},{"@type":"Organization","@id":"https:\/\/koningdrone.be\/#organization","name":"Kingdrone.de","url":"https:\/\/koningdrone.be\/","logo":{"@type":"ImageObject","inLanguage":"de","@id":"https:\/\/koningdrone.be\/#\/schema\/logo\/image\/","url":"https:\/\/koningdrone.be\/wp-content\/uploads\/sites\/13\/2025\/04\/koningdrone-copyright-logo.svg","contentUrl":"https:\/\/koningdrone.be\/wp-content\/uploads\/sites\/13\/2025\/04\/koningdrone-copyright-logo.svg","width":227,"height":38,"caption":"Koningdrone.be"},"image":{"@id":"https:\/\/koningdrone.be\/#\/schema\/logo\/image\/"}}]}},"df_price":"","df_sale_price":"","df_regular_price":"","df_image_link":"https:\/\/koningdrone.be\/wp-content\/uploads\/sites\/13\/2025\/04\/6941565952219-1-300x300.jpg","_links":{"self":[{"href":"https:\/\/koningdrone.be\/de\/wp-json\/wp\/v2\/product\/4974","targetHints":{"allow":["GET"]}}],"collection":[{"href":"https:\/\/koningdrone.be\/de\/wp-json\/wp\/v2\/product"}],"about":[{"href":"https:\/\/koningdrone.be\/de\/wp-json\/wp\/v2\/types\/product"}],"wp:featuredmedia":[{"embeddable":true,"href":"https:\/\/koningdrone.be\/de\/wp-json\/wp\/v2\/media\/4972"}],"wp:attachment":[{"href":"https:\/\/koningdrone.be\/de\/wp-json\/wp\/v2\/media?parent=4974"}],"wp:term":[{"taxonomy":"product_brand","embeddable":true,"href":"https:\/\/koningdrone.be\/de\/wp-json\/wp\/v2\/product_brand?post=4974"},{"taxonomy":"product_cat","embeddable":true,"href":"https:\/\/koningdrone.be\/de\/wp-json\/wp\/v2\/product_cat?post=4974"},{"taxonomy":"product_tag","embeddable":true,"href":"https:\/\/koningdrone.be\/de\/wp-json\/wp\/v2\/product_tag?post=4974"}],"curies":[{"name":"wp","href":"https:\/\/api.w.org\/{rel}","templated":true}]}}