{"id":4967,"date":"2023-04-17T13:45:53","date_gmt":"2023-04-17T11:45:53","guid":{"rendered":"https:\/\/koningdrone.nl\/kon\/product\/ecoflow-battery-5kwh\/"},"modified":"2026-04-29T15:50:25","modified_gmt":"2026-04-29T13:50:25","slug":"ecoflow-battery-5kwh","status":"publish","type":"product","link":"https:\/\/koningdrone.be\/de\/produkt\/ecoflow-battery-5kwh\/","title":{"rendered":"EcoFlow Batterie 5kWh"},"content":{"rendered":"<p><strong>Kapazit\u00e4t der EcoFlow-Batterie 5kWh<\/strong><\/p>\n<p>Die EcoFlow Battery 5kWh ist eine leistungsstarke LFP-Batterie mit 5 kWh Kapazit\u00e4t, die speziell f\u00fcr die Verwendung mit dem EcoFlow Power Kit entwickelt wurde. Mit der M\u00f6glichkeit, bis zu drei dieser 5 kWh-Batterien anzuschlie\u00dfen, k\u00f6nnen Sie eine Gesamtkapazit\u00e4t von 5 kWh, 10 kWh oder 15 kWh erreichen.<\/p>\n<p><strong>M\u00f6glichkeit der Erweiterung<\/strong><\/p>\n<p>Die eingebaute automatische Heizung sorgt daf\u00fcr, dass die Batterien auch bei Temperaturen bis zu -4 \u00b0C sicher verwendet werden k\u00f6nnen. Dar\u00fcber hinaus k\u00f6nnen bis zu drei 5 kWh EcoFlow-Batterien an das Power Kit angeschlossen werden, so dass die Basiskapazit\u00e4t von 5 kWh durch den Anschluss von zwei zus\u00e4tzlichen LFP-Batterien problemlos auf 10 kWh oder 15 kWh erweitert werden kann. Es ist wichtig zu beachten, dass auch LFP-Batterien mit einer Kapazit\u00e4t von 2 kWh erh\u00e4ltlich sind, aber bei Kapazit\u00e4tserweiterungen sollten immer Batterien mit der gleichen Kapazit\u00e4t kombiniert werden.<\/p>\n<p><strong>Sicherheit und Verl\u00e4sslichkeit<\/strong><\/p>\n<p>Die Sicherheit steht bei der EcoFlow Battery 5kWh an erster Stelle. Selbst wenn das gesamte System in Betrieb ist, ist es kein Problem, das Modul bei Bedarf zu ersetzen. Das fortschrittliche Batteriemanagementsystem (BMS) des Power Kit sch\u00fctzt die Batterien vor \u00dcberspannung, Unterspannung, \u00dcberstrom, \u00dcberhitzung und niedrigen Temperaturen. Mit dieser Batterie haben Sie die Gewissheit einer zuverl\u00e4ssigen, sicheren und erweiterbaren Energiespeicherung.<\/p>\n<p><\/p>","protected":false},"excerpt":{"rendered":"<ul>\n<li>Gewicht: 40,6 kg<\/li>\n<li>Abmessungen: 500 \u00d7 260 \u00d7 300 mm<\/li>\n<li>Kapazit\u00e4t: 5120 Wh (100 Ah)<\/li>\n<li>Nennspannung: 51,2 V<\/li>\n<li>Konfiguration: 16S1P<\/li>\n<li>Max. Dauerladestrom: 80 A Max. Dauerentladestrom: 100 A<\/li>\n<li>Zellentyp: LiFePO4 Lebensdauer: 3500 Zyklen bis zur garantierten Degradation auf 80% der urspr\u00fcnglich angegebenen Kapazit\u00e4t<\/li>\n<li>Schutzart: IP54<\/li>\n<\/ul>","protected":false},"featured_media":4966,"template":"","meta":{"_acf_changed":false},"product_brand":[],"product_cat":[113,97,245,415],"product_tag":[],"class_list":{"0":"post-4967","1":"product","2":"type-product","3":"status-publish","4":"has-post-thumbnail","6":"product_cat-alle-batterijen","7":"product_cat-alle-producten","8":"product_cat-ecoflow","9":"product_cat-energy","10":"product_shipping_class-outofstock","11":"pa_brand-ecoflow","12":"pa_productfamily-batterij","13":"pa_producttype-batterij","15":"first","16":"outofstock","17":"taxable","18":"shipping-taxable","19":"purchasable","20":"product-type-simple"},"acf":[],"yoast_head":"<!-- This site is optimized with the Yoast SEO Premium plugin v27.2 (Yoast SEO v27.2) - https:\/\/yoast.com\/product\/yoast-seo-premium-wordpress\/ -->\n<title>EcoFlow Battery 5kWh - koningdrone.be<\/title>\n<meta name=\"robots\" content=\"index, follow, max-snippet:-1, max-image-preview:large, max-video-preview:-1\" \/>\n<link rel=\"canonical\" href=\"https:\/\/koningdrone.be\/de\/produkt\/ecoflow-battery-5kwh\/\" \/>\n<meta property=\"og:locale\" content=\"de_DE\" \/>\n<meta property=\"og:type\" content=\"article\" \/>\n<meta property=\"og:title\" content=\"EcoFlow Battery 5kWh\" \/>\n<meta property=\"og:description\" content=\"Gewicht: 40,6 kgAfmetingen: 500 \u00d7 260 \u00d7 300 mmCapaciteit: 5120 Wh (100 Ah)Nominale spanning: 51,2 VConfiguratie: 16S1PMax. continue laadstroom: 80 A Max. continue ontlaadstroom: 100 ACeltype: LiFePO4 Levensduur: 3500 cycli tot gegarandeerde degradatie tot 80% van de oorspronkelijk opgegeven capaciteitBeschermingsgraad: IP54\" \/>\n<meta property=\"og:url\" content=\"https:\/\/koningdrone.be\/de\/produkt\/ecoflow-battery-5kwh\/\" \/>\n<meta property=\"og:site_name\" content=\"koningdrone.be\" \/>\n<meta property=\"article:modified_time\" content=\"2026-04-29T13:50:25+00:00\" \/>\n<meta property=\"og:image\" content=\"https:\/\/koningdrone.be\/wp-content\/uploads\/sites\/13\/2025\/04\/4897082668831.jpg\" \/>\n\t<meta property=\"og:image:width\" content=\"1200\" \/>\n\t<meta property=\"og:image:height\" content=\"800\" \/>\n\t<meta property=\"og:image:type\" content=\"image\/jpeg\" \/>\n<meta name=\"twitter:card\" content=\"summary_large_image\" \/>\n<meta name=\"twitter:label1\" content=\"Gesch\u00e4tzte Lesezeit\" \/>\n\t<meta name=\"twitter:data1\" content=\"1\u00a0Minute\" \/>\n<script type=\"application\/ld+json\" class=\"yoast-schema-graph\">{\"@context\":\"https:\/\/schema.org\",\"@graph\":[{\"@type\":\"WebPage\",\"@id\":\"https:\/\/koningdrone.be\/product\/ecoflow-battery-5kwh\/\",\"url\":\"https:\/\/koningdrone.be\/product\/ecoflow-battery-5kwh\/\",\"name\":\"EcoFlow Battery 5kWh - koningdrone.be\",\"isPartOf\":{\"@id\":\"https:\/\/koningdrone.be\/#website\"},\"primaryImageOfPage\":{\"@id\":\"https:\/\/koningdrone.be\/product\/ecoflow-battery-5kwh\/#primaryimage\"},\"image\":{\"@id\":\"https:\/\/koningdrone.be\/product\/ecoflow-battery-5kwh\/#primaryimage\"},\"thumbnailUrl\":\"https:\/\/koningdrone.be\/wp-content\/uploads\/sites\/13\/2025\/04\/4897082668831.jpg\",\"datePublished\":\"2023-04-17T11:45:53+00:00\",\"dateModified\":\"2026-04-29T13:50:25+00:00\",\"breadcrumb\":{\"@id\":\"https:\/\/koningdrone.be\/product\/ecoflow-battery-5kwh\/#breadcrumb\"},\"inLanguage\":\"de\",\"potentialAction\":[{\"@type\":\"ReadAction\",\"target\":[\"https:\/\/koningdrone.be\/product\/ecoflow-battery-5kwh\/\"]}]},{\"@type\":\"ImageObject\",\"inLanguage\":\"de\",\"@id\":\"https:\/\/koningdrone.be\/product\/ecoflow-battery-5kwh\/#primaryimage\",\"url\":\"https:\/\/koningdrone.be\/wp-content\/uploads\/sites\/13\/2025\/04\/4897082668831.jpg\",\"contentUrl\":\"https:\/\/koningdrone.be\/wp-content\/uploads\/sites\/13\/2025\/04\/4897082668831.jpg\",\"width\":1200,\"height\":800},{\"@type\":\"BreadcrumbList\",\"@id\":\"https:\/\/koningdrone.be\/product\/ecoflow-battery-5kwh\/#breadcrumb\",\"itemListElement\":[{\"@type\":\"ListItem\",\"position\":1,\"name\":\"Home\",\"item\":\"https:\/\/koningdrone.be\/\"},{\"@type\":\"ListItem\",\"position\":2,\"name\":\"AVSS Parachute Recovery System for DJI Matrice 300\/350\",\"item\":\"https:\/\/koningdrone.be\/product\/avss-parachute-recovery-system-for-dji-matrice-300-350\/\"},{\"@type\":\"ListItem\",\"position\":3,\"name\":\"Alle batterijen\",\"item\":\"https:\/\/koningdrone.be\/categorie\/alle-batterijen\/\"},{\"@type\":\"ListItem\",\"position\":4,\"name\":\"EcoFlow Battery 5kWh\"}]},{\"@type\":\"WebSite\",\"@id\":\"https:\/\/koningdrone.be\/#website\",\"url\":\"https:\/\/koningdrone.be\/\",\"name\":\"Koningdrone.be - Uw online specialist in drones, gimbals, camera's en power stations.\",\"description\":\"De webshop in drones en gimbals\",\"publisher\":{\"@id\":\"https:\/\/koningdrone.be\/#organization\"},\"potentialAction\":[{\"@type\":\"SearchAction\",\"target\":{\"@type\":\"EntryPoint\",\"urlTemplate\":\"https:\/\/koningdrone.be\/?s={search_term_string}\"},\"query-input\":{\"@type\":\"PropertyValueSpecification\",\"valueRequired\":true,\"valueName\":\"search_term_string\"}}],\"inLanguage\":\"de\"},{\"@type\":\"Organization\",\"@id\":\"https:\/\/koningdrone.be\/#organization\",\"name\":\"Koningdrone.be\",\"url\":\"https:\/\/koningdrone.be\/\",\"logo\":{\"@type\":\"ImageObject\",\"inLanguage\":\"de\",\"@id\":\"https:\/\/koningdrone.be\/#\/schema\/logo\/image\/\",\"url\":\"https:\/\/koningdrone.be\/wp-content\/uploads\/sites\/13\/2025\/04\/koningdrone-copyright-logo.svg\",\"contentUrl\":\"https:\/\/koningdrone.be\/wp-content\/uploads\/sites\/13\/2025\/04\/koningdrone-copyright-logo.svg\",\"width\":227,\"height\":38,\"caption\":\"Koningdrone.be\"},\"image\":{\"@id\":\"https:\/\/koningdrone.be\/#\/schema\/logo\/image\/\"}}]}<\/script>\n<!-- \/ Yoast SEO Premium plugin. -->","yoast_head_json":{"title":"EcoFlow Battery 5kWh - koningdrone.be","robots":{"index":"index","follow":"follow","max-snippet":"max-snippet:-1","max-image-preview":"max-image-preview:large","max-video-preview":"max-video-preview:-1"},"canonical":"https:\/\/koningdrone.be\/de\/produkt\/ecoflow-battery-5kwh\/","og_locale":"de_DE","og_type":"article","og_title":"EcoFlow Battery 5kWh","og_description":"Gewicht: 40,6 kgAfmetingen: 500 \u00d7 260 \u00d7 300 mmCapaciteit: 5120 Wh (100 Ah)Nominale spanning: 51,2 VConfiguratie: 16S1PMax. continue laadstroom: 80 A Max. continue ontlaadstroom: 100 ACeltype: LiFePO4 Levensduur: 3500 cycli tot gegarandeerde degradatie tot 80% van de oorspronkelijk opgegeven capaciteitBeschermingsgraad: IP54","og_url":"https:\/\/koningdrone.be\/de\/produkt\/ecoflow-battery-5kwh\/","og_site_name":"koningdrone.be","article_modified_time":"2026-04-29T13:50:25+00:00","og_image":[{"width":1200,"height":800,"url":"https:\/\/koningdrone.be\/wp-content\/uploads\/sites\/13\/2025\/04\/4897082668831.jpg","type":"image\/jpeg"}],"twitter_card":"summary_large_image","twitter_misc":{"Gesch\u00e4tzte Lesezeit":"1\u00a0Minute"},"schema":{"@context":"https:\/\/schema.org","@graph":[{"@type":"WebPage","@id":"https:\/\/koningdrone.be\/product\/ecoflow-battery-5kwh\/","url":"https:\/\/koningdrone.be\/product\/ecoflow-battery-5kwh\/","name":"EcoFlow Battery 5kWh - koningdrone.be","isPartOf":{"@id":"https:\/\/koningdrone.be\/#website"},"primaryImageOfPage":{"@id":"https:\/\/koningdrone.be\/product\/ecoflow-battery-5kwh\/#primaryimage"},"image":{"@id":"https:\/\/koningdrone.be\/product\/ecoflow-battery-5kwh\/#primaryimage"},"thumbnailUrl":"https:\/\/koningdrone.be\/wp-content\/uploads\/sites\/13\/2025\/04\/4897082668831.jpg","datePublished":"2023-04-17T11:45:53+00:00","dateModified":"2026-04-29T13:50:25+00:00","breadcrumb":{"@id":"https:\/\/koningdrone.be\/product\/ecoflow-battery-5kwh\/#breadcrumb"},"inLanguage":"de","potentialAction":[{"@type":"ReadAction","target":["https:\/\/koningdrone.be\/product\/ecoflow-battery-5kwh\/"]}]},{"@type":"ImageObject","inLanguage":"de","@id":"https:\/\/koningdrone.be\/product\/ecoflow-battery-5kwh\/#primaryimage","url":"https:\/\/koningdrone.be\/wp-content\/uploads\/sites\/13\/2025\/04\/4897082668831.jpg","contentUrl":"https:\/\/koningdrone.be\/wp-content\/uploads\/sites\/13\/2025\/04\/4897082668831.jpg","width":1200,"height":800},{"@type":"BreadcrumbList","@id":"https:\/\/koningdrone.be\/product\/ecoflow-battery-5kwh\/#breadcrumb","itemListElement":[{"@type":"ListItem","position":1,"name":"Home","item":"https:\/\/koningdrone.be\/"},{"@type":"ListItem","position":2,"name":"AVSS Parachute Recovery System for DJI Matrice 300\/350","item":"https:\/\/koningdrone.be\/product\/avss-parachute-recovery-system-for-dji-matrice-300-350\/"},{"@type":"ListItem","position":3,"name":"Alle batterijen","item":"https:\/\/koningdrone.be\/categorie\/alle-batterijen\/"},{"@type":"ListItem","position":4,"name":"EcoFlow Battery 5kWh"}]},{"@type":"WebSite","@id":"https:\/\/koningdrone.be\/#website","url":"https:\/\/koningdrone.be\/","name":"Koningdrone.be - Ihr Online-Spezialist f\u00fcr Drohnen, Gimbals, Kameras und Kraftwerke.","description":"Der Webshop f\u00fcr Drohnen und Gimbals","publisher":{"@id":"https:\/\/koningdrone.be\/#organization"},"potentialAction":[{"@type":"SearchAction","target":{"@type":"EntryPoint","urlTemplate":"https:\/\/koningdrone.be\/?s={search_term_string}"},"query-input":{"@type":"PropertyValueSpecification","valueRequired":true,"valueName":"search_term_string"}}],"inLanguage":"de"},{"@type":"Organization","@id":"https:\/\/koningdrone.be\/#organization","name":"Kingdrone.de","url":"https:\/\/koningdrone.be\/","logo":{"@type":"ImageObject","inLanguage":"de","@id":"https:\/\/koningdrone.be\/#\/schema\/logo\/image\/","url":"https:\/\/koningdrone.be\/wp-content\/uploads\/sites\/13\/2025\/04\/koningdrone-copyright-logo.svg","contentUrl":"https:\/\/koningdrone.be\/wp-content\/uploads\/sites\/13\/2025\/04\/koningdrone-copyright-logo.svg","width":227,"height":38,"caption":"Koningdrone.be"},"image":{"@id":"https:\/\/koningdrone.be\/#\/schema\/logo\/image\/"}}]}},"df_price":3799,"df_sale_price":"","df_regular_price":3799,"df_image_link":"https:\/\/koningdrone.be\/wp-content\/uploads\/sites\/13\/2025\/04\/4897082668831-300x200.jpg","_links":{"self":[{"href":"https:\/\/koningdrone.be\/de\/wp-json\/wp\/v2\/product\/4967","targetHints":{"allow":["GET"]}}],"collection":[{"href":"https:\/\/koningdrone.be\/de\/wp-json\/wp\/v2\/product"}],"about":[{"href":"https:\/\/koningdrone.be\/de\/wp-json\/wp\/v2\/types\/product"}],"wp:featuredmedia":[{"embeddable":true,"href":"https:\/\/koningdrone.be\/de\/wp-json\/wp\/v2\/media\/4966"}],"wp:attachment":[{"href":"https:\/\/koningdrone.be\/de\/wp-json\/wp\/v2\/media?parent=4967"}],"wp:term":[{"taxonomy":"product_brand","embeddable":true,"href":"https:\/\/koningdrone.be\/de\/wp-json\/wp\/v2\/product_brand?post=4967"},{"taxonomy":"product_cat","embeddable":true,"href":"https:\/\/koningdrone.be\/de\/wp-json\/wp\/v2\/product_cat?post=4967"},{"taxonomy":"product_tag","embeddable":true,"href":"https:\/\/koningdrone.be\/de\/wp-json\/wp\/v2\/product_tag?post=4967"}],"curies":[{"name":"wp","href":"https:\/\/api.w.org\/{rel}","templated":true}]}}