{"id":4962,"date":"2023-04-17T13:45:53","date_gmt":"2023-04-17T11:45:53","guid":{"rendered":"https:\/\/koningdrone.nl\/kon\/product\/ecoflow-battery-2kwh\/"},"modified":"2026-04-29T15:50:23","modified_gmt":"2026-04-29T13:50:23","slug":"ecoflow-battery-2kwh","status":"publish","type":"product","link":"https:\/\/koningdrone.be\/de\/produkt\/ecoflow-battery-2kwh\/","title":{"rendered":"EcoFlow Batterie 2kWh"},"content":{"rendered":"<p><strong>Eigenschaften der EcoFlow Battery 2kWh<\/strong><\/p>\n<p>Die EcoFlow Battery 2kWh ist mit praktischen Funktionen ausgestattet, die f\u00fcr Benutzerfreundlichkeit und Sicherheit sorgen. Durch die eingebaute automatische Heizung k\u00f6nnen die Batterien auch bei extrem niedrigen Temperaturen von bis zu -20 \u00b0C sicher verwendet werden.<\/p>\n<p><strong>Erweiterungsf\u00e4hige Kapazit\u00e4t<\/strong><\/p>\n<p>Es ist m\u00f6glich, die Batteriekapazit\u00e4t zu erweitern, indem man bis zu drei 2 kWh EcoFlow-Batterien an das Power Kit anschlie\u00dft. Dadurch kann die Basiskapazit\u00e4t von 2 kWh durch einfaches Hinzuf\u00fcgen eines weiteren Batteriemoduls auf 4 kWh oder sogar 6 kWh erh\u00f6ht werden. Beachten Sie, dass es wichtig ist, bei der Kapazit\u00e4tserweiterung Batterien mit der gleichen Kapazit\u00e4t zu kombinieren, z. B. 2 kWh-Module oder 5 kWh-Module.<\/p>\n<p><strong>Sicherheit und Zuverl\u00e4ssigkeit<\/strong><\/p>\n<p>Sicherheit steht bei der EcoFlow Battery an erster Stelle. Falls erforderlich, kann das Modul sogar w\u00e4hrend des Betriebs des gesamten Systems ausgetauscht werden. Das fortschrittliche BMS-Batteriemanagementsystem bietet au\u00dferdem Schutz vor \u00dcberspannung, Unterspannung, \u00dcberstrom, \u00dcberhitzung und niedrigen Temperaturen. Mit der EcoFlow Battery 2kWh k\u00f6nnen Sie sich also auf einen sicheren und zuverl\u00e4ssigen Einsatz verlassen.<\/p>\n<p><\/p>","protected":false},"excerpt":{"rendered":"<ul>\n<li>Gewicht: 17,1 kg<\/li>\n<li>Abmessungen: 348 \u00d7 198 \u00d7 285 mm<\/li>\n<li>Kapazit\u00e4t: 2048 Wh (40 Ah)<\/li>\n<li>Nennspannung: 51,2 V<\/li>\n<li>Konfiguration: 16S2P<\/li>\n<li>Max. Kontinuierlicher Ladestrom: 32A<\/li>\n<li>Max. Dauerentladestrom: 80 A<\/li>\n<li>Zellentyp: LiFePO4 Lebensdauer: 3000 Zyklen bis zur garantierten Degradation auf 80% der urspr\u00fcnglich angegebenen Kapazit\u00e4t<\/li>\n<li>Schutzart: IP54<\/li>\n<\/ul>","protected":false},"featured_media":4961,"template":"","meta":{"_acf_changed":false},"product_brand":[],"product_cat":[113,97,245,415],"product_tag":[],"class_list":{"0":"post-4962","1":"product","2":"type-product","3":"status-publish","4":"has-post-thumbnail","6":"product_cat-alle-batterijen","7":"product_cat-alle-producten","8":"product_cat-ecoflow","9":"product_cat-energy","10":"product_shipping_class-outofstock","11":"pa_brand-ecoflow","12":"pa_productfamily-batterij","13":"pa_producttype-batterij","15":"first","16":"outofstock","17":"taxable","18":"shipping-taxable","19":"purchasable","20":"product-type-simple"},"acf":[],"yoast_head":"<!-- This site is optimized with the Yoast SEO Premium plugin v27.2 (Yoast SEO v27.2) - https:\/\/yoast.com\/product\/yoast-seo-premium-wordpress\/ -->\n<title>EcoFlow Battery 2kWh - koningdrone.be<\/title>\n<meta name=\"robots\" content=\"index, follow, max-snippet:-1, max-image-preview:large, max-video-preview:-1\" \/>\n<link rel=\"canonical\" href=\"https:\/\/koningdrone.be\/de\/produkt\/ecoflow-battery-2kwh\/\" \/>\n<meta property=\"og:locale\" content=\"de_DE\" \/>\n<meta property=\"og:type\" content=\"article\" \/>\n<meta property=\"og:title\" content=\"EcoFlow Battery 2kWh\" \/>\n<meta property=\"og:description\" content=\"Gewicht: 17,1 kgAfmetingen: 348 \u00d7 198 \u00d7 285 mmCapaciteit: 2048 Wh (40 Ah)Nominale spanning: 51,2 VConfiguratie: 16S2PMax. Continue laadstroom: 32AMax. continue ontlaadstroom: 80 ACeltype: LiFePO4 Levensduur: 3000 cycli tot gegarandeerde degradatie tot 80% van de oorspronkelijk opgegeven capaciteitBeschermingsgraad: IP54\" \/>\n<meta property=\"og:url\" content=\"https:\/\/koningdrone.be\/de\/produkt\/ecoflow-battery-2kwh\/\" \/>\n<meta property=\"og:site_name\" content=\"koningdrone.be\" \/>\n<meta property=\"article:modified_time\" content=\"2026-04-29T13:50:23+00:00\" \/>\n<meta property=\"og:image\" content=\"https:\/\/koningdrone.be\/wp-content\/uploads\/sites\/13\/2025\/04\/4897082668718.jpg\" \/>\n\t<meta property=\"og:image:width\" content=\"1200\" \/>\n\t<meta property=\"og:image:height\" content=\"800\" \/>\n\t<meta property=\"og:image:type\" content=\"image\/jpeg\" \/>\n<meta name=\"twitter:card\" content=\"summary_large_image\" \/>\n<meta name=\"twitter:label1\" content=\"Gesch\u00e4tzte Lesezeit\" \/>\n\t<meta name=\"twitter:data1\" content=\"1\u00a0Minute\" \/>\n<script type=\"application\/ld+json\" class=\"yoast-schema-graph\">{\"@context\":\"https:\/\/schema.org\",\"@graph\":[{\"@type\":\"WebPage\",\"@id\":\"https:\/\/koningdrone.be\/product\/ecoflow-battery-2kwh\/\",\"url\":\"https:\/\/koningdrone.be\/product\/ecoflow-battery-2kwh\/\",\"name\":\"EcoFlow Battery 2kWh - koningdrone.be\",\"isPartOf\":{\"@id\":\"https:\/\/koningdrone.be\/#website\"},\"primaryImageOfPage\":{\"@id\":\"https:\/\/koningdrone.be\/product\/ecoflow-battery-2kwh\/#primaryimage\"},\"image\":{\"@id\":\"https:\/\/koningdrone.be\/product\/ecoflow-battery-2kwh\/#primaryimage\"},\"thumbnailUrl\":\"https:\/\/koningdrone.be\/wp-content\/uploads\/sites\/13\/2025\/04\/4897082668718.jpg\",\"datePublished\":\"2023-04-17T11:45:53+00:00\",\"dateModified\":\"2026-04-29T13:50:23+00:00\",\"breadcrumb\":{\"@id\":\"https:\/\/koningdrone.be\/product\/ecoflow-battery-2kwh\/#breadcrumb\"},\"inLanguage\":\"de\",\"potentialAction\":[{\"@type\":\"ReadAction\",\"target\":[\"https:\/\/koningdrone.be\/product\/ecoflow-battery-2kwh\/\"]}]},{\"@type\":\"ImageObject\",\"inLanguage\":\"de\",\"@id\":\"https:\/\/koningdrone.be\/product\/ecoflow-battery-2kwh\/#primaryimage\",\"url\":\"https:\/\/koningdrone.be\/wp-content\/uploads\/sites\/13\/2025\/04\/4897082668718.jpg\",\"contentUrl\":\"https:\/\/koningdrone.be\/wp-content\/uploads\/sites\/13\/2025\/04\/4897082668718.jpg\",\"width\":1200,\"height\":800},{\"@type\":\"BreadcrumbList\",\"@id\":\"https:\/\/koningdrone.be\/product\/ecoflow-battery-2kwh\/#breadcrumb\",\"itemListElement\":[{\"@type\":\"ListItem\",\"position\":1,\"name\":\"Home\",\"item\":\"https:\/\/koningdrone.be\/\"},{\"@type\":\"ListItem\",\"position\":2,\"name\":\"AVSS Parachute Recovery System for DJI Matrice 300\/350\",\"item\":\"https:\/\/koningdrone.be\/product\/avss-parachute-recovery-system-for-dji-matrice-300-350\/\"},{\"@type\":\"ListItem\",\"position\":3,\"name\":\"Alle batterijen\",\"item\":\"https:\/\/koningdrone.be\/categorie\/alle-batterijen\/\"},{\"@type\":\"ListItem\",\"position\":4,\"name\":\"EcoFlow Battery 2kWh\"}]},{\"@type\":\"WebSite\",\"@id\":\"https:\/\/koningdrone.be\/#website\",\"url\":\"https:\/\/koningdrone.be\/\",\"name\":\"Koningdrone.be - Uw online specialist in drones, gimbals, camera's en power stations.\",\"description\":\"De webshop in drones en gimbals\",\"publisher\":{\"@id\":\"https:\/\/koningdrone.be\/#organization\"},\"potentialAction\":[{\"@type\":\"SearchAction\",\"target\":{\"@type\":\"EntryPoint\",\"urlTemplate\":\"https:\/\/koningdrone.be\/?s={search_term_string}\"},\"query-input\":{\"@type\":\"PropertyValueSpecification\",\"valueRequired\":true,\"valueName\":\"search_term_string\"}}],\"inLanguage\":\"de\"},{\"@type\":\"Organization\",\"@id\":\"https:\/\/koningdrone.be\/#organization\",\"name\":\"Koningdrone.be\",\"url\":\"https:\/\/koningdrone.be\/\",\"logo\":{\"@type\":\"ImageObject\",\"inLanguage\":\"de\",\"@id\":\"https:\/\/koningdrone.be\/#\/schema\/logo\/image\/\",\"url\":\"https:\/\/koningdrone.be\/wp-content\/uploads\/sites\/13\/2025\/04\/koningdrone-copyright-logo.svg\",\"contentUrl\":\"https:\/\/koningdrone.be\/wp-content\/uploads\/sites\/13\/2025\/04\/koningdrone-copyright-logo.svg\",\"width\":227,\"height\":38,\"caption\":\"Koningdrone.be\"},\"image\":{\"@id\":\"https:\/\/koningdrone.be\/#\/schema\/logo\/image\/\"}}]}<\/script>\n<!-- \/ Yoast SEO Premium plugin. -->","yoast_head_json":{"title":"EcoFlow Battery 2kWh - koningdrone.be","robots":{"index":"index","follow":"follow","max-snippet":"max-snippet:-1","max-image-preview":"max-image-preview:large","max-video-preview":"max-video-preview:-1"},"canonical":"https:\/\/koningdrone.be\/de\/produkt\/ecoflow-battery-2kwh\/","og_locale":"de_DE","og_type":"article","og_title":"EcoFlow Battery 2kWh","og_description":"Gewicht: 17,1 kgAfmetingen: 348 \u00d7 198 \u00d7 285 mmCapaciteit: 2048 Wh (40 Ah)Nominale spanning: 51,2 VConfiguratie: 16S2PMax. Continue laadstroom: 32AMax. continue ontlaadstroom: 80 ACeltype: LiFePO4 Levensduur: 3000 cycli tot gegarandeerde degradatie tot 80% van de oorspronkelijk opgegeven capaciteitBeschermingsgraad: IP54","og_url":"https:\/\/koningdrone.be\/de\/produkt\/ecoflow-battery-2kwh\/","og_site_name":"koningdrone.be","article_modified_time":"2026-04-29T13:50:23+00:00","og_image":[{"width":1200,"height":800,"url":"https:\/\/koningdrone.be\/wp-content\/uploads\/sites\/13\/2025\/04\/4897082668718.jpg","type":"image\/jpeg"}],"twitter_card":"summary_large_image","twitter_misc":{"Gesch\u00e4tzte Lesezeit":"1\u00a0Minute"},"schema":{"@context":"https:\/\/schema.org","@graph":[{"@type":"WebPage","@id":"https:\/\/koningdrone.be\/product\/ecoflow-battery-2kwh\/","url":"https:\/\/koningdrone.be\/product\/ecoflow-battery-2kwh\/","name":"EcoFlow Battery 2kWh - koningdrone.be","isPartOf":{"@id":"https:\/\/koningdrone.be\/#website"},"primaryImageOfPage":{"@id":"https:\/\/koningdrone.be\/product\/ecoflow-battery-2kwh\/#primaryimage"},"image":{"@id":"https:\/\/koningdrone.be\/product\/ecoflow-battery-2kwh\/#primaryimage"},"thumbnailUrl":"https:\/\/koningdrone.be\/wp-content\/uploads\/sites\/13\/2025\/04\/4897082668718.jpg","datePublished":"2023-04-17T11:45:53+00:00","dateModified":"2026-04-29T13:50:23+00:00","breadcrumb":{"@id":"https:\/\/koningdrone.be\/product\/ecoflow-battery-2kwh\/#breadcrumb"},"inLanguage":"de","potentialAction":[{"@type":"ReadAction","target":["https:\/\/koningdrone.be\/product\/ecoflow-battery-2kwh\/"]}]},{"@type":"ImageObject","inLanguage":"de","@id":"https:\/\/koningdrone.be\/product\/ecoflow-battery-2kwh\/#primaryimage","url":"https:\/\/koningdrone.be\/wp-content\/uploads\/sites\/13\/2025\/04\/4897082668718.jpg","contentUrl":"https:\/\/koningdrone.be\/wp-content\/uploads\/sites\/13\/2025\/04\/4897082668718.jpg","width":1200,"height":800},{"@type":"BreadcrumbList","@id":"https:\/\/koningdrone.be\/product\/ecoflow-battery-2kwh\/#breadcrumb","itemListElement":[{"@type":"ListItem","position":1,"name":"Home","item":"https:\/\/koningdrone.be\/"},{"@type":"ListItem","position":2,"name":"AVSS Parachute Recovery System for DJI Matrice 300\/350","item":"https:\/\/koningdrone.be\/product\/avss-parachute-recovery-system-for-dji-matrice-300-350\/"},{"@type":"ListItem","position":3,"name":"Alle batterijen","item":"https:\/\/koningdrone.be\/categorie\/alle-batterijen\/"},{"@type":"ListItem","position":4,"name":"EcoFlow Battery 2kWh"}]},{"@type":"WebSite","@id":"https:\/\/koningdrone.be\/#website","url":"https:\/\/koningdrone.be\/","name":"Koningdrone.be - Ihr Online-Spezialist f\u00fcr Drohnen, Gimbals, Kameras und Kraftwerke.","description":"Der Webshop f\u00fcr Drohnen und Gimbals","publisher":{"@id":"https:\/\/koningdrone.be\/#organization"},"potentialAction":[{"@type":"SearchAction","target":{"@type":"EntryPoint","urlTemplate":"https:\/\/koningdrone.be\/?s={search_term_string}"},"query-input":{"@type":"PropertyValueSpecification","valueRequired":true,"valueName":"search_term_string"}}],"inLanguage":"de"},{"@type":"Organization","@id":"https:\/\/koningdrone.be\/#organization","name":"Kingdrone.de","url":"https:\/\/koningdrone.be\/","logo":{"@type":"ImageObject","inLanguage":"de","@id":"https:\/\/koningdrone.be\/#\/schema\/logo\/image\/","url":"https:\/\/koningdrone.be\/wp-content\/uploads\/sites\/13\/2025\/04\/koningdrone-copyright-logo.svg","contentUrl":"https:\/\/koningdrone.be\/wp-content\/uploads\/sites\/13\/2025\/04\/koningdrone-copyright-logo.svg","width":227,"height":38,"caption":"Koningdrone.be"},"image":{"@id":"https:\/\/koningdrone.be\/#\/schema\/logo\/image\/"}}]}},"df_price":1699,"df_sale_price":"","df_regular_price":1699,"df_image_link":"https:\/\/koningdrone.be\/wp-content\/uploads\/sites\/13\/2025\/04\/4897082668718-300x200.jpg","_links":{"self":[{"href":"https:\/\/koningdrone.be\/de\/wp-json\/wp\/v2\/product\/4962","targetHints":{"allow":["GET"]}}],"collection":[{"href":"https:\/\/koningdrone.be\/de\/wp-json\/wp\/v2\/product"}],"about":[{"href":"https:\/\/koningdrone.be\/de\/wp-json\/wp\/v2\/types\/product"}],"wp:featuredmedia":[{"embeddable":true,"href":"https:\/\/koningdrone.be\/de\/wp-json\/wp\/v2\/media\/4961"}],"wp:attachment":[{"href":"https:\/\/koningdrone.be\/de\/wp-json\/wp\/v2\/media?parent=4962"}],"wp:term":[{"taxonomy":"product_brand","embeddable":true,"href":"https:\/\/koningdrone.be\/de\/wp-json\/wp\/v2\/product_brand?post=4962"},{"taxonomy":"product_cat","embeddable":true,"href":"https:\/\/koningdrone.be\/de\/wp-json\/wp\/v2\/product_cat?post=4962"},{"taxonomy":"product_tag","embeddable":true,"href":"https:\/\/koningdrone.be\/de\/wp-json\/wp\/v2\/product_tag?post=4962"}],"curies":[{"name":"wp","href":"https:\/\/api.w.org\/{rel}","templated":true}]}}