{"id":4946,"date":"2023-04-17T13:45:53","date_gmt":"2023-04-17T11:45:53","guid":{"rendered":"https:\/\/koningdrone.nl\/kon\/product\/ecoflow-2kwh-lfp-battery-mounting-strap\/"},"modified":"2026-04-29T16:30:57","modified_gmt":"2026-04-29T14:30:57","slug":"ecoflow-2kwh-lfp-battery-mounting-strap","status":"publish","type":"product","link":"https:\/\/koningdrone.be\/de\/produkt\/ecoflow-2kwh-lfp-battery-mounting-strap\/","title":{"rendered":"EcoFlow 2kWh LFP-Batterie Befestigungsgurt"},"content":{"rendered":"<p>Der EcoFlow 2 kWh LFP-Batteriehalter ist speziell f\u00fcr den Einbau in das Power Kits-System konzipiert. Mit diesem Batteriehalter k\u00f6nnen Sie Ihre 2 kWh-Batterie einfach und sicher anbringen und in das System integrieren. Der robuste Befestigungsgurt sorgt f\u00fcr eine stabile und sichere Befestigung, so dass Sie sich keine Sorgen um die Sicherheit Ihrer Batterie machen m\u00fcssen. Dank dieses Batteriehalters k\u00f6nnen Sie die Leistung Ihrer 2 kWh LFP-Batterie innerhalb des Power Kits-Systems optimal nutzen. Mit diesem Batteriehalter k\u00f6nnen Sie sich einer zuverl\u00e4ssigen und effizienten Energiespeicherl\u00f6sung sicher sein.<\/p>\n<p><strong>Sichere Befestigung des Akkus<\/strong> <\/p>\n<p>Der EcoFlow 2 kWh LFP-Akkuhalter sorgt mit seinem stabilen Befestigungsband f\u00fcr eine sichere Befestigung Ihres Akkus. Das gibt Ihnen die Gewissheit, dass Ihr Akku sicher befestigt und gut gesch\u00fctzt ist. Egal, ob Sie ihn in einem Fahrzeug oder an einem anderen Ort verwenden, dieser Batteriehalter sorgt f\u00fcr eine zuverl\u00e4ssige und stabile Befestigung, egal unter welchen Bedingungen.<\/p>\n<p><strong>Einfache Integration<\/strong> <\/p>\n<p>Das Design des EcoFlow 2 kWh LFP-Batteriehalters erm\u00f6glicht es Ihnen, Ihre Batterie einfach in das Power Kits-System zu integrieren. Das bedeutet, dass Sie die Vorteile des Systems schnell und einfach nutzen k\u00f6nnen, ohne dass es zu Problemen oder komplizierten Installationsverfahren kommt. Durch die Verwendung des Batteriehalters k\u00f6nnen Sie Ihre leistungsstarke 2 kWh LFP-Batterie im Handumdrehen nutzen.<\/p>\n<p><strong>Optimale Energiespeicherung<\/strong> <\/p>\n<p>Mit dem EcoFlow 2 kWh LFP-Batteriehalter k\u00f6nnen Sie die starke Leistung Ihrer 2 kWh LFP-Batterie optimal nutzen. Das bedeutet, dass Sie eine zuverl\u00e4ssige und effiziente Energiespeicherl\u00f6sung haben, die perfekt auf Ihren Energiebedarf abgestimmt ist. Ob f\u00fcr den Heimgebrauch oder professionelle Anwendungen, dieser Batteriehalter sorgt f\u00fcr eine optimale Energiespeicherung.<\/p>\n<p><\/p>","protected":false},"excerpt":{"rendered":"<p>De EcoFlow 2 kWh LFP-accuhouder is speciaal ontworpen voor installatie in het Power Kits-systeem. Met deze accuhouder kunt u eenvoudig en veilig uw accu van 2 kWh bevestigen en integreren in het systeem. De stevige montageband zorgt voor een stabiele en veilige bevestiging, waardoor u zich geen zorgen hoeft te maken over de veiligheid van [&hellip;]<\/p>\n","protected":false},"featured_media":4945,"template":"","meta":{"_acf_changed":false},"product_brand":[],"product_cat":[113,97,245,415],"product_tag":[],"class_list":{"0":"post-4946","1":"product","2":"type-product","3":"status-publish","4":"has-post-thumbnail","6":"product_cat-alle-batterijen","7":"product_cat-alle-producten","8":"product_cat-ecoflow","9":"product_cat-energy","10":"product_shipping_class-outofstock","11":"pa_brand-ecoflow","12":"pa_productfamily-batterij","13":"pa_producttype-batterij","15":"first","16":"outofstock","17":"taxable","18":"shipping-taxable","19":"purchasable","20":"product-type-simple"},"acf":[],"yoast_head":"<!-- This site is optimized with the Yoast SEO Premium plugin v27.2 (Yoast SEO v27.2) - https:\/\/yoast.com\/product\/yoast-seo-premium-wordpress\/ -->\n<title>EcoFlow 2kWh LFP Battery Mounting Strap - koningdrone.be<\/title>\n<meta name=\"robots\" content=\"index, follow, max-snippet:-1, max-image-preview:large, max-video-preview:-1\" \/>\n<link rel=\"canonical\" href=\"https:\/\/koningdrone.be\/de\/produkt\/ecoflow-2kwh-lfp-battery-mounting-strap\/\" \/>\n<meta property=\"og:locale\" content=\"de_DE\" \/>\n<meta property=\"og:type\" content=\"article\" \/>\n<meta property=\"og:title\" content=\"EcoFlow 2kWh LFP Battery Mounting Strap\" \/>\n<meta property=\"og:description\" content=\"De EcoFlow 2 kWh LFP-accuhouder is speciaal ontworpen voor installatie in het Power Kits-systeem. Met deze accuhouder kunt u eenvoudig en veilig uw accu van 2 kWh bevestigen en integreren in het systeem. De stevige montageband zorgt voor een stabiele en veilige bevestiging, waardoor u zich geen zorgen hoeft te maken over de veiligheid van [&hellip;]\" \/>\n<meta property=\"og:url\" content=\"https:\/\/koningdrone.be\/de\/produkt\/ecoflow-2kwh-lfp-battery-mounting-strap\/\" \/>\n<meta property=\"og:site_name\" content=\"koningdrone.be\" \/>\n<meta property=\"article:modified_time\" content=\"2026-04-29T14:30:57+00:00\" \/>\n<meta property=\"og:image\" content=\"https:\/\/koningdrone.be\/wp-content\/uploads\/sites\/13\/2025\/04\/4897082669357.jpg\" \/>\n\t<meta property=\"og:image:width\" content=\"540\" \/>\n\t<meta property=\"og:image:height\" content=\"540\" \/>\n\t<meta property=\"og:image:type\" content=\"image\/jpeg\" \/>\n<meta name=\"twitter:card\" content=\"summary_large_image\" \/>\n<meta name=\"twitter:label1\" content=\"Gesch\u00e4tzte Lesezeit\" \/>\n\t<meta name=\"twitter:data1\" content=\"1\u00a0Minute\" \/>\n<script type=\"application\/ld+json\" class=\"yoast-schema-graph\">{\"@context\":\"https:\/\/schema.org\",\"@graph\":[{\"@type\":\"WebPage\",\"@id\":\"https:\/\/koningdrone.be\/product\/ecoflow-2kwh-lfp-battery-mounting-strap\/\",\"url\":\"https:\/\/koningdrone.be\/product\/ecoflow-2kwh-lfp-battery-mounting-strap\/\",\"name\":\"EcoFlow 2kWh LFP Battery Mounting Strap - koningdrone.be\",\"isPartOf\":{\"@id\":\"https:\/\/koningdrone.be\/#website\"},\"primaryImageOfPage\":{\"@id\":\"https:\/\/koningdrone.be\/product\/ecoflow-2kwh-lfp-battery-mounting-strap\/#primaryimage\"},\"image\":{\"@id\":\"https:\/\/koningdrone.be\/product\/ecoflow-2kwh-lfp-battery-mounting-strap\/#primaryimage\"},\"thumbnailUrl\":\"https:\/\/koningdrone.be\/wp-content\/uploads\/sites\/13\/2025\/04\/4897082669357.jpg\",\"datePublished\":\"2023-04-17T11:45:53+00:00\",\"dateModified\":\"2026-04-29T14:30:57+00:00\",\"breadcrumb\":{\"@id\":\"https:\/\/koningdrone.be\/product\/ecoflow-2kwh-lfp-battery-mounting-strap\/#breadcrumb\"},\"inLanguage\":\"de\",\"potentialAction\":[{\"@type\":\"ReadAction\",\"target\":[\"https:\/\/koningdrone.be\/product\/ecoflow-2kwh-lfp-battery-mounting-strap\/\"]}]},{\"@type\":\"ImageObject\",\"inLanguage\":\"de\",\"@id\":\"https:\/\/koningdrone.be\/product\/ecoflow-2kwh-lfp-battery-mounting-strap\/#primaryimage\",\"url\":\"https:\/\/koningdrone.be\/wp-content\/uploads\/sites\/13\/2025\/04\/4897082669357.jpg\",\"contentUrl\":\"https:\/\/koningdrone.be\/wp-content\/uploads\/sites\/13\/2025\/04\/4897082669357.jpg\",\"width\":540,\"height\":540},{\"@type\":\"BreadcrumbList\",\"@id\":\"https:\/\/koningdrone.be\/product\/ecoflow-2kwh-lfp-battery-mounting-strap\/#breadcrumb\",\"itemListElement\":[{\"@type\":\"ListItem\",\"position\":1,\"name\":\"Home\",\"item\":\"https:\/\/koningdrone.be\/\"},{\"@type\":\"ListItem\",\"position\":2,\"name\":\"AVSS Parachute Recovery System for DJI Matrice 300\/350\",\"item\":\"https:\/\/koningdrone.be\/product\/avss-parachute-recovery-system-for-dji-matrice-300-350\/\"},{\"@type\":\"ListItem\",\"position\":3,\"name\":\"Alle batterijen\",\"item\":\"https:\/\/koningdrone.be\/categorie\/alle-batterijen\/\"},{\"@type\":\"ListItem\",\"position\":4,\"name\":\"EcoFlow 2kWh LFP Battery Mounting Strap\"}]},{\"@type\":\"WebSite\",\"@id\":\"https:\/\/koningdrone.be\/#website\",\"url\":\"https:\/\/koningdrone.be\/\",\"name\":\"Koningdrone.be - Uw online specialist in drones, gimbals, camera's en power stations.\",\"description\":\"De webshop in drones en gimbals\",\"publisher\":{\"@id\":\"https:\/\/koningdrone.be\/#organization\"},\"potentialAction\":[{\"@type\":\"SearchAction\",\"target\":{\"@type\":\"EntryPoint\",\"urlTemplate\":\"https:\/\/koningdrone.be\/?s={search_term_string}\"},\"query-input\":{\"@type\":\"PropertyValueSpecification\",\"valueRequired\":true,\"valueName\":\"search_term_string\"}}],\"inLanguage\":\"de\"},{\"@type\":\"Organization\",\"@id\":\"https:\/\/koningdrone.be\/#organization\",\"name\":\"Koningdrone.be\",\"url\":\"https:\/\/koningdrone.be\/\",\"logo\":{\"@type\":\"ImageObject\",\"inLanguage\":\"de\",\"@id\":\"https:\/\/koningdrone.be\/#\/schema\/logo\/image\/\",\"url\":\"https:\/\/koningdrone.be\/wp-content\/uploads\/sites\/13\/2025\/04\/koningdrone-copyright-logo.svg\",\"contentUrl\":\"https:\/\/koningdrone.be\/wp-content\/uploads\/sites\/13\/2025\/04\/koningdrone-copyright-logo.svg\",\"width\":227,\"height\":38,\"caption\":\"Koningdrone.be\"},\"image\":{\"@id\":\"https:\/\/koningdrone.be\/#\/schema\/logo\/image\/\"}}]}<\/script>\n<!-- \/ Yoast SEO Premium plugin. -->","yoast_head_json":{"title":"EcoFlow 2kWh LFP Battery Mounting Strap - koningdrone.be","robots":{"index":"index","follow":"follow","max-snippet":"max-snippet:-1","max-image-preview":"max-image-preview:large","max-video-preview":"max-video-preview:-1"},"canonical":"https:\/\/koningdrone.be\/de\/produkt\/ecoflow-2kwh-lfp-battery-mounting-strap\/","og_locale":"de_DE","og_type":"article","og_title":"EcoFlow 2kWh LFP Battery Mounting Strap","og_description":"De EcoFlow 2 kWh LFP-accuhouder is speciaal ontworpen voor installatie in het Power Kits-systeem. Met deze accuhouder kunt u eenvoudig en veilig uw accu van 2 kWh bevestigen en integreren in het systeem. De stevige montageband zorgt voor een stabiele en veilige bevestiging, waardoor u zich geen zorgen hoeft te maken over de veiligheid van [&hellip;]","og_url":"https:\/\/koningdrone.be\/de\/produkt\/ecoflow-2kwh-lfp-battery-mounting-strap\/","og_site_name":"koningdrone.be","article_modified_time":"2026-04-29T14:30:57+00:00","og_image":[{"width":540,"height":540,"url":"https:\/\/koningdrone.be\/wp-content\/uploads\/sites\/13\/2025\/04\/4897082669357.jpg","type":"image\/jpeg"}],"twitter_card":"summary_large_image","twitter_misc":{"Gesch\u00e4tzte Lesezeit":"1\u00a0Minute"},"schema":{"@context":"https:\/\/schema.org","@graph":[{"@type":"WebPage","@id":"https:\/\/koningdrone.be\/product\/ecoflow-2kwh-lfp-battery-mounting-strap\/","url":"https:\/\/koningdrone.be\/product\/ecoflow-2kwh-lfp-battery-mounting-strap\/","name":"EcoFlow 2kWh LFP Battery Mounting Strap - koningdrone.be","isPartOf":{"@id":"https:\/\/koningdrone.be\/#website"},"primaryImageOfPage":{"@id":"https:\/\/koningdrone.be\/product\/ecoflow-2kwh-lfp-battery-mounting-strap\/#primaryimage"},"image":{"@id":"https:\/\/koningdrone.be\/product\/ecoflow-2kwh-lfp-battery-mounting-strap\/#primaryimage"},"thumbnailUrl":"https:\/\/koningdrone.be\/wp-content\/uploads\/sites\/13\/2025\/04\/4897082669357.jpg","datePublished":"2023-04-17T11:45:53+00:00","dateModified":"2026-04-29T14:30:57+00:00","breadcrumb":{"@id":"https:\/\/koningdrone.be\/product\/ecoflow-2kwh-lfp-battery-mounting-strap\/#breadcrumb"},"inLanguage":"de","potentialAction":[{"@type":"ReadAction","target":["https:\/\/koningdrone.be\/product\/ecoflow-2kwh-lfp-battery-mounting-strap\/"]}]},{"@type":"ImageObject","inLanguage":"de","@id":"https:\/\/koningdrone.be\/product\/ecoflow-2kwh-lfp-battery-mounting-strap\/#primaryimage","url":"https:\/\/koningdrone.be\/wp-content\/uploads\/sites\/13\/2025\/04\/4897082669357.jpg","contentUrl":"https:\/\/koningdrone.be\/wp-content\/uploads\/sites\/13\/2025\/04\/4897082669357.jpg","width":540,"height":540},{"@type":"BreadcrumbList","@id":"https:\/\/koningdrone.be\/product\/ecoflow-2kwh-lfp-battery-mounting-strap\/#breadcrumb","itemListElement":[{"@type":"ListItem","position":1,"name":"Home","item":"https:\/\/koningdrone.be\/"},{"@type":"ListItem","position":2,"name":"AVSS Parachute Recovery System for DJI Matrice 300\/350","item":"https:\/\/koningdrone.be\/product\/avss-parachute-recovery-system-for-dji-matrice-300-350\/"},{"@type":"ListItem","position":3,"name":"Alle batterijen","item":"https:\/\/koningdrone.be\/categorie\/alle-batterijen\/"},{"@type":"ListItem","position":4,"name":"EcoFlow 2kWh LFP Battery Mounting Strap"}]},{"@type":"WebSite","@id":"https:\/\/koningdrone.be\/#website","url":"https:\/\/koningdrone.be\/","name":"Koningdrone.be - Ihr Online-Spezialist f\u00fcr Drohnen, Gimbals, Kameras und Kraftwerke.","description":"Der Webshop f\u00fcr Drohnen und Gimbals","publisher":{"@id":"https:\/\/koningdrone.be\/#organization"},"potentialAction":[{"@type":"SearchAction","target":{"@type":"EntryPoint","urlTemplate":"https:\/\/koningdrone.be\/?s={search_term_string}"},"query-input":{"@type":"PropertyValueSpecification","valueRequired":true,"valueName":"search_term_string"}}],"inLanguage":"de"},{"@type":"Organization","@id":"https:\/\/koningdrone.be\/#organization","name":"Kingdrone.de","url":"https:\/\/koningdrone.be\/","logo":{"@type":"ImageObject","inLanguage":"de","@id":"https:\/\/koningdrone.be\/#\/schema\/logo\/image\/","url":"https:\/\/koningdrone.be\/wp-content\/uploads\/sites\/13\/2025\/04\/koningdrone-copyright-logo.svg","contentUrl":"https:\/\/koningdrone.be\/wp-content\/uploads\/sites\/13\/2025\/04\/koningdrone-copyright-logo.svg","width":227,"height":38,"caption":"Koningdrone.be"},"image":{"@id":"https:\/\/koningdrone.be\/#\/schema\/logo\/image\/"}}]}},"df_price":49,"df_sale_price":"","df_regular_price":49,"df_image_link":"https:\/\/koningdrone.be\/wp-content\/uploads\/sites\/13\/2025\/04\/4897082669357-300x300.jpg","_links":{"self":[{"href":"https:\/\/koningdrone.be\/de\/wp-json\/wp\/v2\/product\/4946","targetHints":{"allow":["GET"]}}],"collection":[{"href":"https:\/\/koningdrone.be\/de\/wp-json\/wp\/v2\/product"}],"about":[{"href":"https:\/\/koningdrone.be\/de\/wp-json\/wp\/v2\/types\/product"}],"wp:featuredmedia":[{"embeddable":true,"href":"https:\/\/koningdrone.be\/de\/wp-json\/wp\/v2\/media\/4945"}],"wp:attachment":[{"href":"https:\/\/koningdrone.be\/de\/wp-json\/wp\/v2\/media?parent=4946"}],"wp:term":[{"taxonomy":"product_brand","embeddable":true,"href":"https:\/\/koningdrone.be\/de\/wp-json\/wp\/v2\/product_brand?post=4946"},{"taxonomy":"product_cat","embeddable":true,"href":"https:\/\/koningdrone.be\/de\/wp-json\/wp\/v2\/product_cat?post=4946"},{"taxonomy":"product_tag","embeddable":true,"href":"https:\/\/koningdrone.be\/de\/wp-json\/wp\/v2\/product_tag?post=4946"}],"curies":[{"name":"wp","href":"https:\/\/api.w.org\/{rel}","templated":true}]}}